{"id":1084,"date":"2024-06-15T08:45:07","date_gmt":"2024-06-15T06:45:07","guid":{"rendered":"https:\/\/bestoptika.eu\/?page_id=1084"},"modified":"2024-06-15T09:55:01","modified_gmt":"2024-06-15T07:55:01","slug":"rolunk","status":"publish","type":"page","link":"https:\/\/bestoptika.eu\/sk\/rolunk\/","title":{"rendered":"O n\u00e1s"},"content":{"rendered":"<div class=\"wp-block-group alignfull is-layout-constrained wp-block-group-is-layout-constrained\">\n<div class=\"wp-block-stackable-columns alignfull stk-block-columns stk-block stk-dc595a3 stk-block-background stk--has-background-overlay\" data-block-id=\"dc595a3\"><style>.stk-dc595a3{background-color:var(--theme-palette-color-5,#EEEEEE) !important;background-image:url(https:\/\/bestoptika.eu\/wp-content\/uploads\/2024\/06\/bestoptika_wide_backg.webp) !important;padding-top:120px !important;padding-bottom:120px !important;margin-bottom:0px !important}.stk-dc595a3:before{background-color:var(--theme-palette-color-5,#EEEEEE) !important;opacity:0.5 !important}@media screen and (max-width:999px){.stk-dc595a3{padding-top:80px !important;padding-bottom:80px !important}}<\/style><div class=\"stk-row stk-inner-blocks stk-block-content stk-content-align stk-dc595a3-column\">\n<div class=\"wp-block-stackable-column stk-block-column stk-column stk-block stk-29e92bc\" data-v=\"4\" data-block-id=\"29e92bc\"><style>.stk-29e92bc-container{margin-top:0px !important;margin-right:0px !important;margin-bottom:0px !important;margin-left:0px !important}<\/style><div class=\"stk-column-wrapper stk-block-column__content stk-container stk-29e92bc-container stk--no-background stk--no-padding\"><div class=\"stk-block-content stk-inner-blocks stk-29e92bc-inner-blocks\">\n<div class=\"wp-block-stackable-heading stk-block-heading stk-block-heading--v2 stk-block stk-2d08bbf\" id=\"rolunk\" data-block-id=\"2d08bbf\"><style>.stk-2d08bbf .stk-block-heading__text{font-size:50px !important}@media screen and (max-width:999px){.stk-2d08bbf .stk-block-heading__text{font-size:45px !important}}@media screen and (max-width:689px){.stk-2d08bbf .stk-block-heading__text{font-size:35px !important}}<\/style><h2 class=\"stk-block-heading__text has-text-align-center\">O n\u00e1s<\/h2><\/div>\n<\/div><\/div><\/div>\n<\/div><\/div>\n<\/div>\n\n\n\n<div class=\"wp-block-stackable-heading stk-block-heading stk-block-heading--v2 stk-block stk-1e8e910\" id=\"a-bestoptika-hu-szuletese-a-zbrane-budai-kialakulasa\" data-block-id=\"1e8e910\"><h2 class=\"stk-block-heading__text\">Zrod str\u00e1nky bestoptika.eu, vznik spolo\u010dnosti Zbrane Budai<\/h2><\/div>\n\n\n\n<p>Ve\u013ek\u00e9 sny sa v\u017edy rodia z jednej my\u0161lienky. Niekedy pr\u00e1ve jednoduch\u00e1 ot\u00e1zka alebo uvedomenie si potreby podnieti \u010dloveka, aby podnikol kroky a uskuto\u010dnil svoje predstavy. Pre m\u0148a bolo t\u00fdmto uvedomen\u00edm to, \u017ee v na\u0161om okol\u00ed neexistuje dobre vybaven\u00fd obchod pre po\u013eovn\u00edkov, hoci ka\u017ed\u00fd tret\u00ed mu\u017e tu nos\u00ed zelen\u00e9 oble\u010denie. Tak sa za\u010dal m\u00f4j pr\u00edbeh a tak vznikla spolo\u010dnos\u0165 Zbrane Budai.<\/p>\n\n\n\n<p>Ako podnikate\u013e z ju\u017en\u00e9ho Slovenska som c\u00edtil, \u017ee je potrebn\u00fd dobre vybaven\u00fd po\u013eovn\u00edcky obchod, kde z\u00e1kazn\u00edci n\u00e1jdu nielen zbrane a strelivo, ale aj odborn\u00e9 poradenstvo, pomoc a technick\u00e9 slu\u017eby. Preto som na jese\u0148 v roku 2022 s minim\u00e1lnou invest\u00edciou a zna\u010dn\u00fdmi po\u010diato\u010dn\u00fdmi n\u00e1kladmi zalo\u017eil obchod so zbra\u0148ami a strelivom vo Vinici, v malej miestnosti s rozlohou 15 metrov \u0161tvorcov\u00fdch. Za\u010dali sme bez reklamy, len so \u0161\u00edren\u00edm dobr\u00e9ho mena z \u00fast do \u00fast a na z\u00e1klade odpor\u00fa\u010dan\u00ed spokojn\u00fdch z\u00e1kazn\u00edkov, popri inej pr\u00e1ci, buduj\u00fac postupne po mal\u00fdch krokoch.<\/p>\n\n\n\n<p>Na za\u010diatku som prij\u00edmal z\u00e1kazn\u00edkov len na z\u00e1klade vopred dohodnut\u00fdch stretnut\u00ed, ale s n\u00e1rastom dopytu sme \u010doskoro pre\u0161li na celodenn\u00fa otv\u00e1raciu dobu. Vo v\u0161etkom mi ve\u013emi pomohol m\u00f4j dobr\u00fd priate\u013e, Ferencz G\u00e1bor, ktor\u00fd je nielen majite\u013eom obchodu s n\u00e1bytkom <a href=\"https:\/\/florensbutor.hu\/\" data-type=\"link\" data-id=\"https:\/\/florensbutor.hu\/\" target=\"_blank\" rel=\"noreferrer noopener\">Obchod s n\u00e1bytkom Florens<\/a> , ale aj sk\u00fasen\u00fd po\u013eovn\u00edk a \u0161portov\u00fd strelec. Touto cestou mu patr\u00ed ve\u013ek\u00e1 v\u010faka!<\/p>\n\n\n\n<div class=\"wp-block-stackable-image stk-block-image stk-block stk-f27125a\" data-block-id=\"f27125a\"><style>.stk-f27125a .stk-img-wrapper{width:100% !important}<\/style><figure><span class=\"stk-img-wrapper stk-image--shape-stretch\"><img loading=\"lazy\" decoding=\"async\" class=\"stk-img wp-image-1108\" src=\"https:\/\/bestoptika.eu\/wp-content\/uploads\/2024\/06\/zbrane_budai_uzlet.jpg\" width=\"2048\" height=\"899\" srcset=\"https:\/\/bestoptika.eu\/wp-content\/uploads\/2024\/06\/zbrane_budai_uzlet.jpg 2048w, https:\/\/bestoptika.eu\/wp-content\/uploads\/2024\/06\/zbrane_budai_uzlet-300x132.jpg 300w, https:\/\/bestoptika.eu\/wp-content\/uploads\/2024\/06\/zbrane_budai_uzlet-1024x450.jpg 1024w, https:\/\/bestoptika.eu\/wp-content\/uploads\/2024\/06\/zbrane_budai_uzlet-768x337.jpg 768w, https:\/\/bestoptika.eu\/wp-content\/uploads\/2024\/06\/zbrane_budai_uzlet-1536x674.jpg 1536w, https:\/\/bestoptika.eu\/wp-content\/uploads\/2024\/06\/zbrane_budai_uzlet-600x263.jpg 600w\" sizes=\"auto, (max-width: 2048px) 100vw, 2048px\" \/><\/span><\/figure><\/div>\n\n\n\n<p>V\u010faka neust\u00e1lemu rozvoju spolo\u010dnosti Zbrane Budai dnes pon\u00fakame nielen zbrane a strelivo, ale aj optick\u00e9 zariadenia, digit\u00e1lnu po\u013eovn\u00edcku techniku a kompletn\u00e9 vybavenie. Na\u0161a prioritou je spokojnos\u0165 z\u00e1kazn\u00edkov, a preto poskytujeme komplexn\u00e9 slu\u017eby vr\u00e1tane sk\u00fa\u0161ky zbran\u00ed, servisu, \u010distenia a nastrelenia.<\/p>\n\n\n\n<div class=\"wp-block-stackable-columns stk-block-columns stk-block stk-6cb719c\" data-block-id=\"6cb719c\"><div class=\"stk-row stk-inner-blocks stk-block-content stk-content-align stk-6cb719c-column\">\n<div class=\"wp-block-stackable-column stk-block-column stk-column stk-block stk-7fb5a1c\" data-v=\"4\" data-block-id=\"7fb5a1c\"><style>@media screen and (min-width:690px){.stk-7fb5a1c{flex:var(--stk-flex-grow,1) 1 calc(45.599999999999994% - var(--stk-column-gap,0px) * 1 \/ 2 ) !important}}<\/style><div class=\"stk-column-wrapper stk-block-column__content stk-container stk-7fb5a1c-container stk--no-background stk--no-padding\"><div class=\"stk-block-content stk-inner-blocks stk-7fb5a1c-inner-blocks\">\n<figure class=\"wp-block-image aligncenter size-large\"><img loading=\"lazy\" decoding=\"async\" width=\"1024\" height=\"478\" src=\"https:\/\/bestoptika.eu\/wp-content\/uploads\/2024\/06\/hikmicro_fegyveren-1024x478.jpg\" alt=\"\" class=\"wp-image-1106\" style=\"object-fit:cover\" srcset=\"https:\/\/bestoptika.eu\/wp-content\/uploads\/2024\/06\/hikmicro_fegyveren-1024x478.jpg 1024w, https:\/\/bestoptika.eu\/wp-content\/uploads\/2024\/06\/hikmicro_fegyveren-300x140.jpg 300w, https:\/\/bestoptika.eu\/wp-content\/uploads\/2024\/06\/hikmicro_fegyveren-768x359.jpg 768w, https:\/\/bestoptika.eu\/wp-content\/uploads\/2024\/06\/hikmicro_fegyveren-1536x717.jpg 1536w, https:\/\/bestoptika.eu\/wp-content\/uploads\/2024\/06\/hikmicro_fegyveren-600x280.jpg 600w, https:\/\/bestoptika.eu\/wp-content\/uploads\/2024\/06\/hikmicro_fegyveren.jpg 2048w\" sizes=\"auto, (max-width: 1024px) 100vw, 1024px\" \/><\/figure>\n<\/div><\/div><\/div>\n\n\n\n<div class=\"wp-block-stackable-column stk-block-column stk-column stk-block stk-02560e0\" data-v=\"4\" data-block-id=\"02560e0\"><style>@media screen and (min-width:690px){.stk-02560e0{flex:var(--stk-flex-grow,1) 1 calc(54.4% - var(--stk-column-gap,0px) * 1 \/ 2 ) !important}}<\/style><div class=\"stk-column-wrapper stk-block-column__content stk-container stk-02560e0-container stk--no-background stk--no-padding\"><div class=\"stk-block-content stk-inner-blocks stk-02560e0-inner-blocks\">\n<figure class=\"wp-block-image\"><img loading=\"lazy\" decoding=\"async\" width=\"2009\" height=\"782\" src=\"https:\/\/bestoptika.eu\/wp-content\/uploads\/2024\/06\/ApplicationFrameHost_1oJVKXsM0i.jpg\" alt=\"\" class=\"wp-image-1067\" style=\"object-fit:cover\" srcset=\"https:\/\/bestoptika.eu\/wp-content\/uploads\/2024\/06\/ApplicationFrameHost_1oJVKXsM0i.jpg 2009w, https:\/\/bestoptika.eu\/wp-content\/uploads\/2024\/06\/ApplicationFrameHost_1oJVKXsM0i-300x117.jpg 300w, https:\/\/bestoptika.eu\/wp-content\/uploads\/2024\/06\/ApplicationFrameHost_1oJVKXsM0i-1024x399.jpg 1024w, https:\/\/bestoptika.eu\/wp-content\/uploads\/2024\/06\/ApplicationFrameHost_1oJVKXsM0i-768x299.jpg 768w, https:\/\/bestoptika.eu\/wp-content\/uploads\/2024\/06\/ApplicationFrameHost_1oJVKXsM0i-1536x598.jpg 1536w, https:\/\/bestoptika.eu\/wp-content\/uploads\/2024\/06\/ApplicationFrameHost_1oJVKXsM0i-600x234.jpg 600w\" sizes=\"auto, (max-width: 2009px) 100vw, 2009px\" \/><\/figure>\n<\/div><\/div><\/div>\n<\/div><\/div>\n\n\n\n<p>Str\u00e1nka bestoptika.eu je e-shopom spolo\u010dnosti Zbrane Budai, zameran\u00fdm na predaj optick\u00fdch produktov, ktor\u00fd m\u00e1 za cie\u013e uspokoji\u0165 potreby z\u00e1kazn\u00edkov predov\u0161etk\u00fdm v Ma\u010farsku. N\u00e1v\u0161tevn\u00edkov bestoptika.eu, ktor\u00ed sa zauj\u00edmaj\u00fa o optick\u00e9 technol\u00f3gie, po\u013eovn\u00edctvo a \u0161portov\u00fa stre\u013ebu, radi priv\u00edtame bu\u010f v internetovom obchode bestoptika.eu, alebo v \u0161pecializovanej predajni Zbrane Budai vo Vinici.<\/p>\n\n\n\n<p>Toto je len za\u010diatok. Zbrane Budai a bestoptika.eu sa neust\u00e1le rozv\u00edjaj\u00fa a sme odhodlan\u00ed poskytova\u0165 v\u0161etk\u00fdm na\u0161im z\u00e1kazn\u00edkom vysokokvalitn\u00e9 slu\u017eby a \u0161irok\u00fd v\u00fdber produktov, ako aj v\u0161etku potrebn\u00fa pomoc pri pou\u017e\u00edvan\u00ed a \u00fadr\u017ebe produktov. Pre na\u0161ich klientov nie sme len obchod, ale spo\u013eahliv\u00fd partner a pomocn\u00e1 ruka vo svete po\u013eovn\u00edctva a \u0161portovej stre\u013eby.<\/p>\n\n\n\n<figure class=\"wp-block-embed is-type-video is-provider-youtube wp-block-embed-youtube wp-embed-aspect-16-9 wp-has-aspect-ratio\"><div class=\"wp-block-embed__wrapper\">\n<iframe loading=\"lazy\" title=\"bestoptika.eu - Zbrane Budai\" width=\"1290\" height=\"726\" src=\"https:\/\/www.youtube.com\/embed\/HUej8llP7-A?feature=oembed\" frameborder=\"0\" allow=\"accelerometer; autoplay; clipboard-write; encrypted-media; gyroscope; picture-in-picture; web-share\" referrerpolicy=\"strict-origin-when-cross-origin\" allowfullscreen><\/iframe>\n<\/div><\/figure>\n\n\n\n<div class=\"wp-block-stackable-spacer stk-block-spacer stk--no-padding stk-block stk-2d9fb83\" data-block-id=\"2d9fb83\"><style>.stk-2d9fb83{height:40px !important}<\/style><\/div>\n\n\n\n<div class=\"wp-block-stackable-image stk-block-image has-text-align-center stk-block stk-5d22754\" data-block-id=\"5d22754\"><style>.stk-5d22754 .stk-img-wrapper{width:30% !important}.stk-5d22754 .stk-img-figcaption{text-align:left !important}<\/style><figure><span class=\"stk-img-wrapper stk-image--shape-stretch\"><img loading=\"lazy\" decoding=\"async\" class=\"stk-img wp-image-1105\" src=\"https:\/\/bestoptika.eu\/wp-content\/uploads\/2024\/06\/budai_janos_fegyverrel.jpg\" width=\"605\" height=\"632\" alt=\"Budai J\u00e1nos bestoptika\" srcset=\"https:\/\/bestoptika.eu\/wp-content\/uploads\/2024\/06\/budai_janos_fegyverrel.jpg 605w, https:\/\/bestoptika.eu\/wp-content\/uploads\/2024\/06\/budai_janos_fegyverrel-287x300.jpg 287w, https:\/\/bestoptika.eu\/wp-content\/uploads\/2024\/06\/budai_janos_fegyverrel-600x627.jpg 600w\" sizes=\"auto, (max-width: 605px) 100vw, 605px\" \/><\/span><\/figure><\/div>\n\n\n\n<p class=\"has-text-align-center\"><em>J\u00e1n Budai<\/em><br>zakladate\u013e, majite\u013e<\/p>\n\n\n\n<p><\/p>","protected":false},"excerpt":{"rendered":"<p>R\u00f3lunk A bestoptika.eu sz\u00fclet\u00e9se, a Zbrane Budai kialakul\u00e1sa A nagy \u00e1lmok mindig egy gondolatb\u00f3l sz\u00fcletnek. N\u00e9ha egy egyszer\u0171 k\u00e9rd\u00e9s vagy felismer\u00e9s k\u00e9szteti az embert, hogy l\u00e9p\u00e9seket tegyen, \u00e9s megval\u00f3s\u00edtsa elk\u00e9pzel\u00e9seit. Sz\u00e1momra ez a felismer\u00e9s az volt, hogy nincs egy j\u00f3l felszerelt vad\u00e1szbolt a k\u00f6rny\u00e9k\u00fcnk\u00f6n, ahol minden harmadik f\u00e9rfi z\u00f6ldben j\u00e1r. \u00cdgy kezd\u0151d\u00f6tt a t\u00f6rt\u00e9netem, \u00e9s [&hellip;]<\/p>\n","protected":false},"author":1,"featured_media":0,"parent":0,"menu_order":0,"comment_status":"closed","ping_status":"closed","template":"","meta":{"footnotes":""},"class_list":["post-1084","page","type-page","status-publish","hentry"],"blocksy_meta":[],"jetpack_sharing_enabled":true,"_links":{"self":[{"href":"https:\/\/bestoptika.eu\/sk\/wp-json\/wp\/v2\/pages\/1084","targetHints":{"allow":["GET"]}}],"collection":[{"href":"https:\/\/bestoptika.eu\/sk\/wp-json\/wp\/v2\/pages"}],"about":[{"href":"https:\/\/bestoptika.eu\/sk\/wp-json\/wp\/v2\/types\/page"}],"author":[{"embeddable":true,"href":"https:\/\/bestoptika.eu\/sk\/wp-json\/wp\/v2\/users\/1"}],"replies":[{"embeddable":true,"href":"https:\/\/bestoptika.eu\/sk\/wp-json\/wp\/v2\/comments?post=1084"}],"version-history":[{"count":8,"href":"https:\/\/bestoptika.eu\/sk\/wp-json\/wp\/v2\/pages\/1084\/revisions"}],"predecessor-version":[{"id":1119,"href":"https:\/\/bestoptika.eu\/sk\/wp-json\/wp\/v2\/pages\/1084\/revisions\/1119"}],"wp:attachment":[{"href":"https:\/\/bestoptika.eu\/sk\/wp-json\/wp\/v2\/media?parent=1084"}],"curies":[{"name":"wp","href":"https:\/\/api.w.org\/{rel}","templated":true}]}}