{"id":1506,"date":"2024-06-23T15:49:01","date_gmt":"2024-06-23T13:49:01","guid":{"rendered":"https:\/\/bestoptika.eu\/?page_id=1506"},"modified":"2024-08-24T09:28:47","modified_gmt":"2024-08-24T07:28:47","slug":"blog","status":"publish","type":"page","link":"https:\/\/bestoptika.eu\/sk\/blog\/","title":{"rendered":"Blog"},"content":{"rendered":"<div class=\"wp-block-group alignfull is-layout-constrained wp-block-group-is-layout-constrained\">\n<div class=\"wp-block-stackable-columns alignfull stk-block-columns stk-block stk-dc595a3 stk-block-background stk--has-background-overlay\" data-block-id=\"dc595a3\"><style>.stk-dc595a3{background-color:var(--theme-palette-color-5,#EEEEEE) !important;background-image:url(https:\/\/bestoptika.eu\/wp-content\/uploads\/2024\/06\/bestoptika_wide_backg.webp) !important;padding-top:120px !important;padding-bottom:120px !important;margin-bottom:0px !important}.stk-dc595a3:before{background-color:var(--theme-palette-color-5,#EEEEEE) !important;opacity:0.5 !important}@media screen and (max-width:999px){.stk-dc595a3{padding-top:80px !important;padding-bottom:80px !important}}<\/style><div class=\"stk-row stk-inner-blocks stk-block-content stk-content-align stk-dc595a3-column\">\n<div class=\"wp-block-stackable-column stk-block-column stk-column stk-block stk-29e92bc\" data-v=\"4\" data-block-id=\"29e92bc\"><style>.stk-29e92bc-container{margin-top:0px !important;margin-right:0px !important;margin-bottom:0px !important;margin-left:0px !important}<\/style><div class=\"stk-column-wrapper stk-block-column__content stk-container stk-29e92bc-container stk--no-background stk--no-padding\"><div class=\"stk-block-content stk-inner-blocks stk-29e92bc-inner-blocks\">\n<div class=\"wp-block-stackable-heading stk-block-heading stk-block-heading--v2 stk-block stk-2d08bbf\" id=\"blog\" data-block-id=\"2d08bbf\"><style>.stk-2d08bbf .stk-block-heading__text{font-size:50px !important}@media screen and (max-width:999px){.stk-2d08bbf .stk-block-heading__text{font-size:45px !important}}@media screen and (max-width:689px){.stk-2d08bbf .stk-block-heading__text{font-size:35px !important}}<\/style><h2 class=\"stk-block-heading__text has-text-align-center\">Blog<\/h2><\/div>\n<\/div><\/div><\/div>\n<\/div><\/div>\n<\/div>\n\n\n<div class=\"wp-block-blocksy-query\" data-id=\"9ed99010\"><div class=\"ct-posts-block\" data-prefix=\"blog\"><div class=\"entries\" data-archive=\"default\" data-layout=\"enhanced-grid\" data-cards=\"boxed\" data-hover=\"zoom-in\"><article class=\"entry-card card-content post-4385 post type-post status-publish format-standard has-post-thumbnail hentry category-blog category-esemenyek tag-esemeny tag-nyilt-nap\" ><a class=\"ct-media-container has-hover-effect\" href=\"https:\/\/bestoptika.eu\/sk\/zbranebudai-nyilt-nap\/\" aria-label=\"De\u0148 otvoren\u00fdch dver\u00ed v Zbranebude\"><img decoding=\"async\" width=\"768\" height=\"1090\" src=\"https:\/\/bestoptika.eu\/wp-content\/uploads\/2025\/07\/nyilt_nap_2025-768x1090.webp\" class=\"attachment-medium_large size-medium_large wp-post-image\" alt=\"\" loading=\"lazy\" srcset=\"https:\/\/bestoptika.eu\/wp-content\/uploads\/2025\/07\/nyilt_nap_2025-768x1090.webp 768w, https:\/\/bestoptika.eu\/wp-content\/uploads\/2025\/07\/nyilt_nap_2025-211x300.webp 211w, https:\/\/bestoptika.eu\/wp-content\/uploads\/2025\/07\/nyilt_nap_2025-721x1024.webp 721w, https:\/\/bestoptika.eu\/wp-content\/uploads\/2025\/07\/nyilt_nap_2025-8x12.webp 8w, https:\/\/bestoptika.eu\/wp-content\/uploads\/2025\/07\/nyilt_nap_2025-600x852.webp 600w, https:\/\/bestoptika.eu\/wp-content\/uploads\/2025\/07\/nyilt_nap_2025-64x91.webp 64w, https:\/\/bestoptika.eu\/wp-content\/uploads\/2025\/07\/nyilt_nap_2025.webp 937w\" sizes=\"auto, (max-width: 768px) 100vw, 768px\" itemprop=\"image\" style=\"aspect-ratio: 16\/9;\" \/><\/a><ul class=\"entry-meta\" data-type=\"simple:slash\" data-id=\"sLPbcj\" ><li class=\"meta-categories\" data-type=\"simple\"><a href=\"https:\/\/bestoptika.eu\/sk\/category\/blog\/\" rel=\"tag\" class=\"ct-term-1\">Blog<\/a>, <a href=\"https:\/\/bestoptika.eu\/sk\/category\/esemenyek\/\" rel=\"tag\" class=\"ct-term-247\">Podujatia<\/a><\/li><\/ul><h2 class=\"entry-title\"><a href=\"https:\/\/bestoptika.eu\/sk\/zbranebudai-nyilt-nap\/\" rel=\"bookmark\">De\u0148 otvoren\u00fdch dver\u00ed v Zbranebude<\/a><\/h2><div class=\"entry-excerpt\"><p>Nieko\u013eko fotografi\u00ed z tohtoro\u010dn\u00e9ho (2025) D\u0148a otvoren\u00fdch dver\u00ed.<\/p>\n<\/div><\/article><article class=\"entry-card card-content post-2845 post type-post status-publish format-standard has-post-thumbnail hentry category-alapok-szeria category-blog category-hokameras-tavcso category-megfigyeles category-vadaszat tag-alapok-szeria tag-hikmicro tag-hogyan tag-hokamera tag-infiray tag-pard tag-pulsar tag-vadaszat\" ><a class=\"ct-media-container has-hover-effect\" href=\"https:\/\/bestoptika.eu\/sk\/az-optikai-eszkozok-alapjai-hogyan-segitik-a-vadaszatot\/\" aria-label=\"Z\u00e1klady optiky: ako pom\u00e1haj\u00fa pri love?\"><img decoding=\"async\" width=\"768\" height=\"506\" src=\"https:\/\/bestoptika.eu\/wp-content\/uploads\/2024\/09\/optikai_eszkozok_vadaszathoz-768x506.webp\" class=\"attachment-medium_large size-medium_large wp-post-image\" alt=\"optikai eszk\u00f6z\u00f6k vad\u00e1szathoz\" loading=\"lazy\" srcset=\"https:\/\/bestoptika.eu\/wp-content\/uploads\/2024\/09\/optikai_eszkozok_vadaszathoz-768x506.webp 768w, https:\/\/bestoptika.eu\/wp-content\/uploads\/2024\/09\/optikai_eszkozok_vadaszathoz-300x198.webp 300w, https:\/\/bestoptika.eu\/wp-content\/uploads\/2024\/09\/optikai_eszkozok_vadaszathoz-1024x675.webp 1024w, https:\/\/bestoptika.eu\/wp-content\/uploads\/2024\/09\/optikai_eszkozok_vadaszathoz-1536x1013.webp 1536w, https:\/\/bestoptika.eu\/wp-content\/uploads\/2024\/09\/optikai_eszkozok_vadaszathoz-600x396.webp 600w, https:\/\/bestoptika.eu\/wp-content\/uploads\/2024\/09\/optikai_eszkozok_vadaszathoz-64x42.webp 64w, https:\/\/bestoptika.eu\/wp-content\/uploads\/2024\/09\/optikai_eszkozok_vadaszathoz.webp 1844w\" sizes=\"auto, (max-width: 768px) 100vw, 768px\" itemprop=\"image\" style=\"aspect-ratio: 16\/9;\" \/><\/a><ul class=\"entry-meta\" data-type=\"simple:slash\" data-id=\"sLPbcj\" ><li class=\"meta-categories\" data-type=\"simple\"><a href=\"https:\/\/bestoptika.eu\/sk\/category\/alapok-szeria\/\" rel=\"tag\" class=\"ct-term-173\">S\u00e9ria Z\u00e1klady<\/a>, <a href=\"https:\/\/bestoptika.eu\/sk\/category\/blog\/\" rel=\"tag\" class=\"ct-term-1\">Blog<\/a>, <a href=\"https:\/\/bestoptika.eu\/sk\/category\/hokameras-tavcso\/\" rel=\"tag\" class=\"ct-term-85\">\u010ealekoh\u013ead s termokamerou<\/a>, <a href=\"https:\/\/bestoptika.eu\/sk\/category\/megfigyeles\/\" rel=\"tag\" class=\"ct-term-84\">Pozorovanie<\/a>, <a href=\"https:\/\/bestoptika.eu\/sk\/category\/vadaszat\/\" rel=\"tag\" class=\"ct-term-72\">Lov<\/a><\/li><\/ul><h2 class=\"entry-title\"><a href=\"https:\/\/bestoptika.eu\/sk\/az-optikai-eszkozok-alapjai-hogyan-segitik-a-vadaszatot\/\" rel=\"bookmark\">Z\u00e1klady optiky: ako pom\u00e1haj\u00fa pri love?<\/a><\/h2><div class=\"entry-excerpt\"><p>Optick\u00e9 pr\u00edstroje s\u00fa v modernom po\u013eovn\u00edctve nevyhnutn\u00e9, preto\u017ee pom\u00e1haj\u00fa po\u013eovn\u00edkom z\u00edska\u0165 ostrej\u0161\u00ed poh\u013ead na...<\/p>\n<\/div><\/article><article class=\"entry-card card-content post-2597 post type-post status-publish format-standard has-post-thumbnail hentry category-blog category-vadaszat\" ><a class=\"ct-media-container has-hover-effect\" href=\"https:\/\/bestoptika.eu\/sk\/ijaszat-a-napjainkban-a-technologia-es-tradicio-osszhangja\/\" aria-label=\"Lukostre\u013eba dnes: s\u00falad technol\u00f3gie a trad\u00edcie\"><img decoding=\"async\" width=\"768\" height=\"520\" src=\"https:\/\/bestoptika.eu\/wp-content\/uploads\/2024\/08\/2-a-bow-hunter-takes-aim-bob-allen-768x520.jpg\" class=\"attachment-medium_large size-medium_large wp-post-image\" alt=\"\" loading=\"lazy\" srcset=\"https:\/\/bestoptika.eu\/wp-content\/uploads\/2024\/08\/2-a-bow-hunter-takes-aim-bob-allen-768x520.jpg 768w, https:\/\/bestoptika.eu\/wp-content\/uploads\/2024\/08\/2-a-bow-hunter-takes-aim-bob-allen-300x203.jpg 300w, https:\/\/bestoptika.eu\/wp-content\/uploads\/2024\/08\/2-a-bow-hunter-takes-aim-bob-allen-600x406.jpg 600w, https:\/\/bestoptika.eu\/wp-content\/uploads\/2024\/08\/2-a-bow-hunter-takes-aim-bob-allen-64x43.jpg 64w, https:\/\/bestoptika.eu\/wp-content\/uploads\/2024\/08\/2-a-bow-hunter-takes-aim-bob-allen.jpg 900w\" sizes=\"auto, (max-width: 768px) 100vw, 768px\" itemprop=\"image\" style=\"aspect-ratio: 16\/9;\" \/><\/a><ul class=\"entry-meta\" data-type=\"simple:slash\" data-id=\"sLPbcj\" ><li class=\"meta-categories\" data-type=\"simple\"><a href=\"https:\/\/bestoptika.eu\/sk\/category\/blog\/\" rel=\"tag\" class=\"ct-term-1\">Blog<\/a>, <a href=\"https:\/\/bestoptika.eu\/sk\/category\/vadaszat\/\" rel=\"tag\" class=\"ct-term-72\">Lov<\/a><\/li><\/ul><h2 class=\"entry-title\"><a href=\"https:\/\/bestoptika.eu\/sk\/ijaszat-a-napjainkban-a-technologia-es-tradicio-osszhangja\/\" rel=\"bookmark\">Lukostre\u013eba dnes: s\u00falad technol\u00f3gie a trad\u00edcie<\/a><\/h2><div class=\"entry-excerpt\"><p>Lov so \u0161\u00edpmi je jednou z najstar\u0161\u00edch a najstar\u0161\u00edch \u010dinnost\u00ed \u013eudstva, ktor\u00e1 m\u00e1 hlbok\u00e9 korene v...<\/p>\n<\/div><\/article><article class=\"entry-card card-content post-2528 post type-post status-publish format-standard has-post-thumbnail hentry category-blog category-hokameras-tavcso\" ><a class=\"ct-media-container has-hover-effect\" href=\"https:\/\/bestoptika.eu\/sk\/pulsar-telos-lrf-xl50-es-telos-xl50\/\" aria-label=\"Pulsar Telos LRF XL50 a Telos XL50\"><img decoding=\"async\" width=\"600\" height=\"576\" src=\"https:\/\/bestoptika.eu\/wp-content\/uploads\/2024\/07\/resize_600x600_helion2_xp50.png\" class=\"attachment-medium_large size-medium_large wp-post-image\" alt=\"\" loading=\"lazy\" srcset=\"https:\/\/bestoptika.eu\/wp-content\/uploads\/2024\/07\/resize_600x600_helion2_xp50.png 600w, https:\/\/bestoptika.eu\/wp-content\/uploads\/2024\/07\/resize_600x600_helion2_xp50-300x288.png 300w, https:\/\/bestoptika.eu\/wp-content\/uploads\/2024\/07\/resize_600x600_helion2_xp50-64x61.png 64w\" sizes=\"auto, (max-width: 600px) 100vw, 600px\" itemprop=\"image\" style=\"aspect-ratio: 16\/9;\" \/><\/a><ul class=\"entry-meta\" data-type=\"simple:slash\" data-id=\"sLPbcj\" ><li class=\"meta-categories\" data-type=\"simple\"><a href=\"https:\/\/bestoptika.eu\/sk\/category\/blog\/\" rel=\"tag\" class=\"ct-term-1\">Blog<\/a>, <a href=\"https:\/\/bestoptika.eu\/sk\/category\/hokameras-tavcso\/\" rel=\"tag\" class=\"ct-term-85\">\u010ealekoh\u013ead s termokamerou<\/a><\/li><\/ul><h2 class=\"entry-title\"><a href=\"https:\/\/bestoptika.eu\/sk\/pulsar-telos-lrf-xl50-es-telos-xl50\/\" rel=\"bookmark\">Pulsar Telos LRF XL50 a Telos XL50<\/a><\/h2><div class=\"entry-excerpt\"><p>Tieto zariadenia s\u00fa prv\u00fdmi termov\u00edznymi monokul\u00e1rmi s HD rozl\u00ed\u0161en\u00edm na trhu, ktor\u00e9 pon\u00fakaj\u00fa pln\u00e9 HD rozl\u00ed\u0161enie...<\/p>\n<\/div><\/article><article class=\"entry-card card-content post-2270 post type-post status-publish format-standard has-post-thumbnail hentry category-blog\" ><a class=\"ct-media-container has-hover-effect\" href=\"https:\/\/bestoptika.eu\/sk\/a-pard-uj-szintre-emeli-a-vadaszatot-fejlett-multi-spektralis-technologiajaval\/\" aria-label=\"PARD pos\u00fava lov na nov\u00fa \u00farove\u0148 v\u010faka pokro\u010dilej multispektr\u00e1lnej technol\u00f3gii\"><img decoding=\"async\" width=\"768\" height=\"384\" src=\"https:\/\/bestoptika.eu\/wp-content\/uploads\/2024\/07\/LOGO-PARD-black-768x384.png\" class=\"attachment-medium_large size-medium_large wp-post-image\" alt=\"\" loading=\"lazy\" srcset=\"https:\/\/bestoptika.eu\/wp-content\/uploads\/2024\/07\/LOGO-PARD-black-768x384.png 768w, https:\/\/bestoptika.eu\/wp-content\/uploads\/2024\/07\/LOGO-PARD-black-300x150.png 300w, https:\/\/bestoptika.eu\/wp-content\/uploads\/2024\/07\/LOGO-PARD-black-600x300.png 600w, https:\/\/bestoptika.eu\/wp-content\/uploads\/2024\/07\/LOGO-PARD-black-64x32.png 64w, https:\/\/bestoptika.eu\/wp-content\/uploads\/2024\/07\/LOGO-PARD-black.png 800w\" sizes=\"auto, (max-width: 768px) 100vw, 768px\" itemprop=\"image\" style=\"aspect-ratio: 16\/9;\" \/><\/a><ul class=\"entry-meta\" data-type=\"simple:slash\" data-id=\"sLPbcj\" ><li class=\"meta-categories\" data-type=\"simple\"><a href=\"https:\/\/bestoptika.eu\/sk\/category\/blog\/\" rel=\"tag\" class=\"ct-term-1\">Blog<\/a><\/li><\/ul><h2 class=\"entry-title\"><a href=\"https:\/\/bestoptika.eu\/sk\/a-pard-uj-szintre-emeli-a-vadaszatot-fejlett-multi-spektralis-technologiajaval\/\" rel=\"bookmark\">PARD pos\u00fava lov na nov\u00fa \u00farove\u0148 v\u010faka pokro\u010dilej multispektr\u00e1lnej technol\u00f3gii<\/a><\/h2><div class=\"entry-excerpt\"><p>PARD prin\u00e1\u0161a revol\u00faciu v love v\u010faka inovat\u00edvnej multispektr\u00e1lnej technol\u00f3gii, ktor\u00e1 poskytuje jedine\u010dn\u00fd a v\u0161estrann\u00fd z\u00e1\u017eitok z lovu...<\/p>\n<\/div><\/article><article class=\"entry-card card-content post-2033 post type-post status-publish format-standard has-post-thumbnail hentry category-blog category-nyomkovetes category-vadaszat\" ><a class=\"ct-media-container has-hover-effect\" href=\"https:\/\/bestoptika.eu\/sk\/a-hullajtott-agancsok-felhasznalasa-a-kovetkezo-vadaszidenyhez\/\" aria-label=\"Vyu\u017eitie zhoden\u00fdch vajec po\u010das nasleduj\u00facej loveckej sez\u00f3ny\"><img decoding=\"async\" width=\"768\" height=\"512\" src=\"https:\/\/bestoptika.eu\/wp-content\/uploads\/2024\/07\/il_fullxfull.4733449301_1z8q-768x512.webp\" class=\"attachment-medium_large size-medium_large wp-post-image\" alt=\"\" loading=\"lazy\" srcset=\"https:\/\/bestoptika.eu\/wp-content\/uploads\/2024\/07\/il_fullxfull.4733449301_1z8q-768x512.webp 768w, https:\/\/bestoptika.eu\/wp-content\/uploads\/2024\/07\/il_fullxfull.4733449301_1z8q-300x200.webp 300w, https:\/\/bestoptika.eu\/wp-content\/uploads\/2024\/07\/il_fullxfull.4733449301_1z8q-1024x683.webp 1024w, https:\/\/bestoptika.eu\/wp-content\/uploads\/2024\/07\/il_fullxfull.4733449301_1z8q-1536x1024.webp 1536w, https:\/\/bestoptika.eu\/wp-content\/uploads\/2024\/07\/il_fullxfull.4733449301_1z8q-2048x1365.webp 2048w, https:\/\/bestoptika.eu\/wp-content\/uploads\/2024\/07\/il_fullxfull.4733449301_1z8q-600x400.webp 600w\" sizes=\"auto, (max-width: 768px) 100vw, 768px\" itemprop=\"image\" style=\"aspect-ratio: 16\/9;\" \/><\/a><ul class=\"entry-meta\" data-type=\"simple:slash\" data-id=\"sLPbcj\" ><li class=\"meta-categories\" data-type=\"simple\"><a href=\"https:\/\/bestoptika.eu\/sk\/category\/blog\/\" rel=\"tag\" class=\"ct-term-1\">Blog<\/a>, <a href=\"https:\/\/bestoptika.eu\/sk\/category\/nyomkovetes\/\" rel=\"tag\" class=\"ct-term-83\">Sledovanie<\/a>, <a href=\"https:\/\/bestoptika.eu\/sk\/category\/vadaszat\/\" rel=\"tag\" class=\"ct-term-72\">Lov<\/a><\/li><\/ul><h2 class=\"entry-title\"><a href=\"https:\/\/bestoptika.eu\/sk\/a-hullajtott-agancsok-felhasznalasa-a-kovetkezo-vadaszidenyhez\/\" rel=\"bookmark\">Vyu\u017eitie zhoden\u00fdch vajec po\u010das nasleduj\u00facej loveckej sez\u00f3ny<\/a><\/h2><div class=\"entry-excerpt\"><p>\u010co v\u00e1m paro\u017eie prezrad\u00ed o tom, kde sa m\u00e1te pripravi\u0165 a lovi\u0165 v nasleduj\u00facej sez\u00f3ne? A...<\/p>\n<\/div><\/article><article class=\"entry-card card-content post-2002 post type-post status-publish format-standard has-post-thumbnail hentry category-blog\" ><a class=\"ct-media-container has-hover-effect\" href=\"https:\/\/bestoptika.eu\/sk\/pulsar-lasd-a-lathatatlant\/\" aria-label=\"Pulsar: Vidie\u0165 nevidite\u013en\u00e9\"><img decoding=\"async\" width=\"768\" height=\"427\" src=\"https:\/\/bestoptika.eu\/wp-content\/uploads\/2024\/07\/pulsar-logo-vector-768x427.png\" class=\"attachment-medium_large size-medium_large wp-post-image\" alt=\"\" loading=\"lazy\" srcset=\"https:\/\/bestoptika.eu\/wp-content\/uploads\/2024\/07\/pulsar-logo-vector-768x427.png 768w, https:\/\/bestoptika.eu\/wp-content\/uploads\/2024\/07\/pulsar-logo-vector-300x167.png 300w, https:\/\/bestoptika.eu\/wp-content\/uploads\/2024\/07\/pulsar-logo-vector-600x333.png 600w, https:\/\/bestoptika.eu\/wp-content\/uploads\/2024\/07\/pulsar-logo-vector.png 900w\" sizes=\"auto, (max-width: 768px) 100vw, 768px\" itemprop=\"image\" style=\"aspect-ratio: 16\/9;\" \/><\/a><ul class=\"entry-meta\" data-type=\"simple:slash\" data-id=\"sLPbcj\" ><li class=\"meta-categories\" data-type=\"simple\"><a href=\"https:\/\/bestoptika.eu\/sk\/category\/blog\/\" rel=\"tag\" class=\"ct-term-1\">Blog<\/a><\/li><\/ul><h2 class=\"entry-title\"><a href=\"https:\/\/bestoptika.eu\/sk\/pulsar-lasd-a-lathatatlant\/\" rel=\"bookmark\">Pulsar: Vidie\u0165 nevidite\u013en\u00e9<\/a><\/h2><div class=\"entry-excerpt\"><p>Pulsar je s\u00fa\u010das\u0165ou Yukon Advanced Optics Worldwide, eur\u00f3pskej skupiny high-tech spolo\u010dnost\u00ed so s\u00eddlom v Litve,...<\/p>\n<\/div><\/article><article class=\"entry-card card-content post-1885 post type-post status-publish format-standard has-post-thumbnail hentry category-blog\" ><a class=\"ct-media-container has-hover-effect\" href=\"https:\/\/bestoptika.eu\/sk\/5-erv-amiert-a-vadaszat-jo\/\" aria-label=\"5 d\u00f4vodov, pre\u010do je po\u013eovn\u00edctvo dobr\u00e9\"><img decoding=\"async\" width=\"525\" height=\"350\" src=\"https:\/\/bestoptika.eu\/wp-content\/uploads\/2024\/07\/Jackson-Reservoir-11-16-2018-JA-JPL_7102a2.webp\" class=\"attachment-medium_large size-medium_large wp-post-image\" alt=\"\" loading=\"lazy\" srcset=\"https:\/\/bestoptika.eu\/wp-content\/uploads\/2024\/07\/Jackson-Reservoir-11-16-2018-JA-JPL_7102a2.webp 525w, https:\/\/bestoptika.eu\/wp-content\/uploads\/2024\/07\/Jackson-Reservoir-11-16-2018-JA-JPL_7102a2-300x200.webp 300w\" sizes=\"auto, (max-width: 525px) 100vw, 525px\" itemprop=\"image\" style=\"aspect-ratio: 16\/9;\" \/><\/a><ul class=\"entry-meta\" data-type=\"simple:slash\" data-id=\"sLPbcj\" ><li class=\"meta-categories\" data-type=\"simple\"><a href=\"https:\/\/bestoptika.eu\/sk\/category\/blog\/\" rel=\"tag\" class=\"ct-term-1\">Blog<\/a><\/li><\/ul><h2 class=\"entry-title\"><a href=\"https:\/\/bestoptika.eu\/sk\/5-erv-amiert-a-vadaszat-jo\/\" rel=\"bookmark\">5 d\u00f4vodov, pre\u010do je po\u013eovn\u00edctvo dobr\u00e9<\/a><\/h2><div class=\"entry-excerpt\"><p>Po\u013eovn\u00edctvo je \u0161peci\u00e1lna \u010dinnos\u0165, ktor\u00e1 pon\u00faka nielen vzru\u0161enie a v\u00fdzvu, ale aj mno\u017estvo...<\/p>\n<\/div><\/article><article class=\"entry-card card-content post-1658 post type-post status-publish format-standard has-post-thumbnail hentry category-hokameras-tavcso category-megfigyeles category-nyomkovetes category-vadaszat tag-hokamera tag-megfigyeles tag-nyomkovetes tag-tavcso tag-vadaszat\" ><a class=\"ct-media-container has-hover-effect\" href=\"https:\/\/bestoptika.eu\/sk\/7-ok-amiert-erdemes-kezi-hokameras-tavcsovet-vasarolni\/\" aria-label=\"7 d\u00f4vodov, pre\u010do by ste si mali k\u00fapi\u0165 ru\u010dn\u00fd termov\u00edzny teleskop\"><img decoding=\"async\" width=\"768\" height=\"512\" src=\"https:\/\/bestoptika.eu\/wp-content\/uploads\/2024\/06\/blog_003-768x512.jpg\" class=\"attachment-medium_large size-medium_large wp-post-image\" alt=\"\" loading=\"lazy\" srcset=\"https:\/\/bestoptika.eu\/wp-content\/uploads\/2024\/06\/blog_003-768x512.jpg 768w, https:\/\/bestoptika.eu\/wp-content\/uploads\/2024\/06\/blog_003-300x200.jpg 300w, https:\/\/bestoptika.eu\/wp-content\/uploads\/2024\/06\/blog_003-1024x683.jpg 1024w, https:\/\/bestoptika.eu\/wp-content\/uploads\/2024\/06\/blog_003-1536x1025.jpg 1536w, https:\/\/bestoptika.eu\/wp-content\/uploads\/2024\/06\/blog_003-600x400.jpg 600w, https:\/\/bestoptika.eu\/wp-content\/uploads\/2024\/06\/blog_003.jpg 1913w\" sizes=\"auto, (max-width: 768px) 100vw, 768px\" itemprop=\"image\" style=\"aspect-ratio: 16\/9;\" \/><\/a><ul class=\"entry-meta\" data-type=\"simple:slash\" data-id=\"sLPbcj\" ><li class=\"meta-categories\" data-type=\"simple\"><a href=\"https:\/\/bestoptika.eu\/sk\/category\/hokameras-tavcso\/\" rel=\"tag\" class=\"ct-term-85\">\u010ealekoh\u013ead s termokamerou<\/a>, <a href=\"https:\/\/bestoptika.eu\/sk\/category\/megfigyeles\/\" rel=\"tag\" class=\"ct-term-84\">Pozorovanie<\/a>, <a href=\"https:\/\/bestoptika.eu\/sk\/category\/nyomkovetes\/\" rel=\"tag\" class=\"ct-term-83\">Sledovanie<\/a>, <a href=\"https:\/\/bestoptika.eu\/sk\/category\/vadaszat\/\" rel=\"tag\" class=\"ct-term-72\">Lov<\/a><\/li><\/ul><h2 class=\"entry-title\"><a href=\"https:\/\/bestoptika.eu\/sk\/7-ok-amiert-erdemes-kezi-hokameras-tavcsovet-vasarolni\/\" rel=\"bookmark\">7 d\u00f4vodov, pre\u010do by ste si mali k\u00fapi\u0165 ru\u010dn\u00fd termov\u00edzny teleskop<\/a><\/h2><div class=\"entry-excerpt\"><p>7 d\u00f4vodov, pre\u010do by ste si mali k\u00fapi\u0165 ru\u010dn\u00fd termov\u00edzny teleskop Termov\u00edzne teleskopy pon\u00fakaj\u00fa mno\u017estvo v\u00fdhod, ktor\u00e9...<\/p>\n<\/div><\/article><article class=\"entry-card card-content post-1620 post type-post status-publish format-standard has-post-thumbnail hentry category-vadaszat tag-hikmicro tag-markabemutato\" ><a class=\"ct-media-container has-hover-effect\" href=\"https:\/\/bestoptika.eu\/sk\/hikmicro-az-ejszaka-is-vilagos\/\" aria-label=\"Hikmicro: Noc je svetl\u00e1\"><img decoding=\"async\" width=\"768\" height=\"512\" src=\"https:\/\/bestoptika.eu\/wp-content\/uploads\/2024\/06\/blog_02_02-768x512.jpg\" class=\"attachment-medium_large size-medium_large wp-post-image\" alt=\"\" loading=\"lazy\" srcset=\"https:\/\/bestoptika.eu\/wp-content\/uploads\/2024\/06\/blog_02_02-768x512.jpg 768w, https:\/\/bestoptika.eu\/wp-content\/uploads\/2024\/06\/blog_02_02-300x200.jpg 300w, https:\/\/bestoptika.eu\/wp-content\/uploads\/2024\/06\/blog_02_02-1024x683.jpg 1024w, https:\/\/bestoptika.eu\/wp-content\/uploads\/2024\/06\/blog_02_02-600x400.jpg 600w, https:\/\/bestoptika.eu\/wp-content\/uploads\/2024\/06\/blog_02_02.jpg 1386w\" sizes=\"auto, (max-width: 768px) 100vw, 768px\" itemprop=\"image\" style=\"aspect-ratio: 16\/9;\" \/><\/a><ul class=\"entry-meta\" data-type=\"simple:slash\" data-id=\"sLPbcj\" ><li class=\"meta-categories\" data-type=\"simple\"><a href=\"https:\/\/bestoptika.eu\/sk\/category\/vadaszat\/\" rel=\"tag\" class=\"ct-term-72\">Lov<\/a><\/li><\/ul><h2 class=\"entry-title\"><a href=\"https:\/\/bestoptika.eu\/sk\/hikmicro-az-ejszaka-is-vilagos\/\" rel=\"bookmark\">Hikmicro: Noc je svetl\u00e1<\/a><\/h2><div class=\"entry-excerpt\"><p>Hikmicro nie je len zna\u010dka v oblasti po\u013eovn\u00edckej a bezpe\u010dnostnej techniky, ale kompletn\u00fd z\u00e1\u017eitok,...<\/p>\n<\/div><\/article><\/div>\n\t\t<nav class=\"ct-pagination\" data-pagination=\"simple\"  >\n\t\t\t<div class=\"ct-hidden-sm\"><span aria-current=\"page\" class=\"page-numbers current\">1<\/span>\n<a class=\"page-numbers\" href=\"https:\/\/bestoptika.eu\/sk\/wp-json\/wp\/v2\/pages\/1506\/?query-9ed99010=2\">2<\/a><\/div><a class=\"next page-numbers\" rel=\"next\" href=\"https:\/\/bestoptika.eu\/sk\/wp-json\/wp\/v2\/pages\/1506\/?query-9ed99010=2\">Next <svg width=\"9px\" height=\"9px\" viewbox=\"0 0 15 15\" fill=\"currentColor\"><path d=\"M4.1,15c0.2,0,0.4-0.1,0.6-0.2L11.4,8c0.3-0.3,0.3-0.8,0-1.1L4.8,0.2C4.5-0.1,4-0.1,3.7,0.2C3.4,0.5,3.4,1,3.7,1.3l6.1,6.1l-6.2,6.2c-0.3,0.3-0.3,0.8,0,1.1C3.7,14.9,3.9,15,4.1,15z\"\/><\/svg><\/a>\n\t\t\t\n\t\t<\/nav><\/div><\/div>","protected":false},"excerpt":{"rendered":"<p>Blog<\/p>","protected":false},"author":1,"featured_media":0,"parent":0,"menu_order":0,"comment_status":"closed","ping_status":"closed","template":"","meta":{"footnotes":""},"class_list":["post-1506","page","type-page","status-publish","hentry"],"blocksy_meta":[],"jetpack_sharing_enabled":true,"_links":{"self":[{"href":"https:\/\/bestoptika.eu\/sk\/wp-json\/wp\/v2\/pages\/1506","targetHints":{"allow":["GET"]}}],"collection":[{"href":"https:\/\/bestoptika.eu\/sk\/wp-json\/wp\/v2\/pages"}],"about":[{"href":"https:\/\/bestoptika.eu\/sk\/wp-json\/wp\/v2\/types\/page"}],"author":[{"embeddable":true,"href":"https:\/\/bestoptika.eu\/sk\/wp-json\/wp\/v2\/users\/1"}],"replies":[{"embeddable":true,"href":"https:\/\/bestoptika.eu\/sk\/wp-json\/wp\/v2\/comments?post=1506"}],"version-history":[{"count":7,"href":"https:\/\/bestoptika.eu\/sk\/wp-json\/wp\/v2\/pages\/1506\/revisions"}],"predecessor-version":[{"id":2651,"href":"https:\/\/bestoptika.eu\/sk\/wp-json\/wp\/v2\/pages\/1506\/revisions\/2651"}],"wp:attachment":[{"href":"https:\/\/bestoptika.eu\/sk\/wp-json\/wp\/v2\/media?parent=1506"}],"curies":[{"name":"wp","href":"https:\/\/api.w.org\/{rel}","templated":true}]}}