{"id":1148,"date":"2024-06-17T13:11:31","date_gmt":"2024-06-17T11:11:31","guid":{"rendered":"https:\/\/bestoptika.eu\/?post_type=product&#038;p=1148"},"modified":"2026-02-26T15:37:05","modified_gmt":"2026-02-26T14:37:05","slug":"hikmicro-alpex-a50t-s-ejjellato-celtavcso-tenosight-l-940nm-es-vetovel","status":"publish","type":"product","link":"https:\/\/bestoptika.eu\/sk\/product\/hikmicro-alpex-a50t-s-ejjellato-celtavcso-tenosight-l-940nm-es-vetovel\/","title":{"rendered":"Hikmicro ALPEX A50T-S pu\u0161koh\u013ead, no\u010dn\u00fd zameriava\u010d s pr\u00edsvitom TenoSight L-940nm"},"content":{"rendered":"<p><strong>Hikmicro ALPEX A50T-S pu\u0161koh\u013ead, no\u010dn\u00fd zameriava\u010d s pr\u00edsvitom TenoSight L-940nm<\/strong><\/p>\n<p><span style=\"font-weight: 400\">A <\/span><b>Hikmicro Alpex<\/b><span style=\"font-weight: 400\"> vyzer\u00e1 ako be\u017en\u00fd pu\u0161koh\u013ead, je to prv\u00fd digit\u00e1lny pu\u0161koh\u013ead s no\u010dn\u00fdm viden\u00edm zo s\u00e9rie Hikmicro. Je d\u00f4le\u017eit\u00e9 poznamena\u0165, \u017ee technol\u00f3giu no\u010dn\u00e9ho\/no\u010dn\u00e9ho sn\u00edmacieho prvku, ktor\u00e1 je hlavn\u00fdm prvkom kamery, vyvinula matersk\u00e1 spolo\u010dnos\u0165 Hikmicro Hikvision, ktor\u00e1 <\/span><b>najv\u00e4\u010d\u0161\u00ed svetov\u00fd v\u00fdrobca fotoapar\u00e1tov roz\u0161iruje svoje<\/b><span style=\"font-weight: 400\">pre va\u0161e bezpe\u010dnostn\u00e9 syst\u00e9my. Tieto dlhoro\u010dne budovan\u00e9 znalosti n\u00e1m d\u00e1vaj\u00fa obrovsk\u00fa v\u00fdhodu oproti na\u0161im konkurentom, ktor\u00ed \"lovia\" \u0161tandardne. <\/span><\/p>\n<table>\n<tbody>\n<tr>\n<td colspan=\"2\"><b>Hlavn\u00e9 funkcie<\/b><\/td>\n<\/tr>\n<tr>\n<td><span style=\"font-weight: 400\">Maxim\u00e1lne rozl\u00ed\u0161enie<\/span><\/td>\n<td><span style=\"font-weight: 400\">1920 \u00d7 1080<\/span><\/td>\n<\/tr>\n<tr>\n<td><span style=\"font-weight: 400\">Aktualiz\u00e1cia obr\u00e1zkov<\/span><\/td>\n<td><span style=\"font-weight: 400\">50 Hz<\/span><\/td>\n<\/tr>\n<tr>\n<td><span style=\"font-weight: 400\">\u0160o\u0161ovka<\/span><\/td>\n<td><span style=\"font-weight: 400\">50 mm, F1,2<\/span><\/td>\n<\/tr>\n<tr>\n<td><span style=\"font-weight: 400\">Min. ohniskov\u00e1 vzdialenos\u0165<\/span><\/td>\n<td><span style=\"font-weight: 400\">3m<\/span><\/td>\n<\/tr>\n<tr>\n<td><span style=\"font-weight: 400\">Zorn\u00fd uhol<\/span><\/td>\n<td><span style=\"font-weight: 400\">7,7\u00b0 \u00d7 5,8\u00b0\/13,5 m x 10,1 m @100 m<\/span><\/td>\n<\/tr>\n<tr>\n<td><span style=\"font-weight: 400\">Zv\u00e4\u010d\u0161i\u0165<\/span><\/td>\n<td><span style=\"font-weight: 400\">3,5\u00d7-14\u00d7 (4x)<\/span><\/td>\n<\/tr>\n<tr>\n<td><span style=\"font-weight: 400\">Detek\u010dn\u00e1 vzdialenos\u0165<\/span><\/td>\n<td><span style=\"font-weight: 400\">Denn\u00fd \u010das: 600 m<\/span><\/td>\n<\/tr>\n<tr>\n<td colspan=\"2\"><b>Zobrazenie<\/b><\/td>\n<\/tr>\n<tr>\n<td><span style=\"font-weight: 400\">Rozl\u00ed\u0161enie<\/span><\/td>\n<td><span style=\"font-weight: 400\">1024 \u00d7 768, 0,39 palca, OLED<\/span><\/td>\n<\/tr>\n<tr>\n<td><span style=\"font-weight: 400\">Obr\u00e1zky<\/span><\/td>\n<td><span style=\"font-weight: 400\">De\u0148, noc<\/span><\/td>\n<\/tr>\n<tr>\n<td><span style=\"font-weight: 400\">Odch\u00e1dzaj\u00faci \u017eiak<\/span><\/td>\n<td><span style=\"font-weight: 400\">5 mm<\/span><\/td>\n<\/tr>\n<tr>\n<td><span style=\"font-weight: 400\">Eyelines<\/span><\/td>\n<td><span style=\"font-weight: 400\">60 mm<\/span><\/td>\n<\/tr>\n<tr>\n<td><span style=\"font-weight: 400\">Nastavenie dioptri\u00ed<\/span><\/td>\n<td><span style=\"font-weight: 400\">-5D a\u017e 5D<\/span><\/td>\n<\/tr>\n<tr>\n<td colspan=\"2\"><b>V\u0161eobecn\u00e9<\/b><\/td>\n<\/tr>\n<tr>\n<td><span style=\"font-weight: 400\">Mechanick\u00e1 ochrana<\/span><\/td>\n<td><span style=\"font-weight: 400\">IP67<\/span><\/td>\n<\/tr>\n<tr>\n<td><span style=\"font-weight: 400\">Hmotnos\u0165<\/span><\/td>\n<td><span style=\"font-weight: 400\">1062 g bez bat\u00e9rie<\/span><\/td>\n<\/tr>\n<tr>\n<td><span style=\"font-weight: 400\">Rozmery<\/span><\/td>\n<td><span style=\"font-weight: 400\">442 mm \u00d7 78,1 mm \u00d7 83,5 mm<\/span><\/td>\n<\/tr>\n<tr>\n<td><span style=\"font-weight: 400\">Prev\u00e1dzkov\u00e1 teplota<\/span><\/td>\n<td><span style=\"font-weight: 400\">-30\u00b0C a\u017e +55\u00b0C<\/span><\/td>\n<\/tr>\n<tr>\n<td colspan=\"2\"><b>Syst\u00e9m<\/b><\/td>\n<\/tr>\n<tr>\n<td><span style=\"font-weight: 400\">Sn\u00edmanie sn\u00edmok<\/span><\/td>\n<td><span style=\"font-weight: 400\">\u00c1no<\/span><\/td>\n<\/tr>\n<tr>\n<td><span style=\"font-weight: 400\">Pohotovostn\u00fd re\u017eim<\/span><\/td>\n<td><span style=\"font-weight: 400\">\u00c1no<\/span><\/td>\n<\/tr>\n<tr>\n<td><span style=\"font-weight: 400\">Ukladanie<\/span><\/td>\n<td><span style=\"font-weight: 400\">Zabudovan\u00e1 pam\u00e4\u0165 EMMC (64 GB)<\/span><\/td>\n<\/tr>\n<tr>\n<td><span style=\"font-weight: 400\">Zvukov\u00fd z\u00e1znam<\/span><\/td>\n<td><span style=\"font-weight: 400\">\u00c1no<\/span><\/td>\n<\/tr>\n<tr>\n<td><span style=\"font-weight: 400\">Nahr\u00e1vanie aktivovan\u00e9 z\u00e1berom<\/span><\/td>\n<td><span style=\"font-weight: 400\">\u00c1no<\/span><\/td>\n<\/tr>\n<tr>\n<td><span style=\"font-weight: 400\">Nulovanie zmrazen\u00edm<\/span><\/td>\n<td><span style=\"font-weight: 400\">\u00c1no<\/span><\/td>\n<\/tr>\n<tr>\n<td><span style=\"font-weight: 400\">Rozl\u00ed\u0161enie nahr\u00e1vania videa<\/span><\/td>\n<td><span style=\"font-weight: 400\">1440 \u00d7 1080<\/span><\/td>\n<\/tr>\n<tr>\n<td><span style=\"font-weight: 400\">Odolnos\u0165 vo\u010di oh\u0148u<\/span><\/td>\n<td><span style=\"font-weight: 400\">1000g\/0,4 ms<\/span><\/td>\n<\/tr>\n<tr>\n<td colspan=\"2\"><b>Dod\u00e1vka elektrickej energie<\/b><\/td>\n<\/tr>\n<tr>\n<td><span style=\"font-weight: 400\">Bat\u00e9ria<\/span><\/td>\n<td><span style=\"font-weight: 400\">Dve dob\u00edjate\u013en\u00e9 l\u00edtiov\u00e9 bat\u00e9rie (zabudovan\u00e9) a jedna vymenite\u013en\u00e1 <\/span><span style=\"font-weight: 400\">CR123A <\/span><span style=\"font-weight: 400\">bat\u00e9ria (extern\u00e1)<\/span><\/td>\n<\/tr>\n<tr>\n<td><span style=\"font-weight: 400\">Prev\u00e1dzkov\u00e9 hodiny<\/span><\/td>\n<td><span style=\"font-weight: 400\">12 hod\u00edn nepretr\u017eite (25 \u00b0C, Wi-Fi vypnut\u00e9)<\/span><\/td>\n<\/tr>\n<tr>\n<td><span style=\"font-weight: 400\">Z\u00e1suvka nab\u00edja\u010dky<\/span><\/td>\n<td><span style=\"font-weight: 400\">5 V DC\/2 A, USB typu C\u00a0<\/span><\/td>\n<\/tr>\n<tr>\n<td colspan=\"2\"><b>Laserov\u00fd dia\u013ekomer<\/b><\/td>\n<\/tr>\n<tr>\n<td><span style=\"font-weight: 400\">Vlnov\u00e1 d\u013a\u017eka<\/span><\/td>\n<td><span style=\"font-weight: 400\">940 nm<\/span><\/td>\n<\/tr>\n<\/tbody>\n<\/table>\n<p><a href=\"https:\/\/www.hikmicrotech.com\/en\/outdoor-products\/alpex-series-night-vision-telescope\/\">https:\/\/www.hikmicrotech.com\/en\/outdoor-products\/alpex-series-night-vision-telescope\/<\/a><\/p>","protected":false},"excerpt":{"rendered":"<ul>\n<li style=\"font-weight: 400\"><span style=\"font-weight: 400\">Sn\u00edma\u010d m\u00e1 rozl\u00ed\u0161enie Full HD 1920 \u00d7 1080 pixelov a extr\u00e9mne vysok\u00fa citlivos\u0165\u00a0<\/span><\/li>\n<li style=\"font-weight: 400\"><span style=\"font-weight: 400\">Displej je zalo\u017een\u00fd na pokro\u010dilej technol\u00f3gii OLED a m\u00e1 1024 \u00d7 768 pixelov.<\/span><\/li>\n<li style=\"font-weight: 400\"><span style=\"font-weight: 400\">50 mm predn\u00fd objekt\u00edv a okul\u00e1r poskytuj\u00fa 3,5-n\u00e1sobn\u00e9 optick\u00e9 zv\u00e4\u010d\u0161enie<\/span><\/li>\n<li style=\"font-weight: 400\"><span style=\"font-weight: 400\">\u010ealekoh\u013ead m\u00e1 zorn\u00e9 pole 7,7\u00b0, \u010do poskytuje horizont\u00e1lne zorn\u00e9 pole 13,4 m na 100 m<\/span><\/li>\n<li>Zariadenie je vybaven\u00e9 seederom TenoSight L-940nm<\/li>\n<\/ul>","protected":false},"featured_media":1147,"comment_status":"open","ping_status":"closed","template":"","meta":[],"product_brand":[],"product_cat":[30],"product_tag":[32,40,31],"class_list":{"0":"post-1148","1":"product","2":"type-product","3":"status-publish","4":"has-post-thumbnail","6":"product_cat-celtavcso","7":"product_tag-celtavcso","8":"product_tag-ejjellato","9":"product_tag-hikmicro","11":"first","12":"instock","13":"taxable","14":"shipping-taxable","15":"purchasable","16":"product-type-simple"},"jetpack_sharing_enabled":true,"_links":{"self":[{"href":"https:\/\/bestoptika.eu\/sk\/wp-json\/wp\/v2\/product\/1148","targetHints":{"allow":["GET"]}}],"collection":[{"href":"https:\/\/bestoptika.eu\/sk\/wp-json\/wp\/v2\/product"}],"about":[{"href":"https:\/\/bestoptika.eu\/sk\/wp-json\/wp\/v2\/types\/product"}],"replies":[{"embeddable":true,"href":"https:\/\/bestoptika.eu\/sk\/wp-json\/wp\/v2\/comments?post=1148"}],"wp:featuredmedia":[{"embeddable":true,"href":"https:\/\/bestoptika.eu\/sk\/wp-json\/wp\/v2\/media\/1147"}],"wp:attachment":[{"href":"https:\/\/bestoptika.eu\/sk\/wp-json\/wp\/v2\/media?parent=1148"}],"wp:term":[{"taxonomy":"product_brand","embeddable":true,"href":"https:\/\/bestoptika.eu\/sk\/wp-json\/wp\/v2\/product_brand?post=1148"},{"taxonomy":"product_cat","embeddable":true,"href":"https:\/\/bestoptika.eu\/sk\/wp-json\/wp\/v2\/product_cat?post=1148"},{"taxonomy":"product_tag","embeddable":true,"href":"https:\/\/bestoptika.eu\/sk\/wp-json\/wp\/v2\/product_tag?post=1148"}],"curies":[{"name":"wp","href":"https:\/\/api.w.org\/{rel}","templated":true}]}}