{"id":1167,"date":"2024-06-17T13:47:24","date_gmt":"2024-06-17T11:47:24","guid":{"rendered":"https:\/\/bestoptika.eu\/?post_type=product&#038;p=1167"},"modified":"2026-03-21T08:25:26","modified_gmt":"2026-03-21T07:25:26","slug":"hikmicro-condor-cq50l-kezi-hokamera-beepitett-tavolsagmerovel","status":"publish","type":"product","link":"https:\/\/bestoptika.eu\/sk\/product\/hikmicro-condor-cq50l-kezi-hokamera-beepitett-tavolsagmerovel\/","title":{"rendered":"Hikmicro CONDOR CQ50L termov\u00edzny monokul\u00e1r s laserov\u00fdm dia\u013ekomerom"},"content":{"rendered":"<p><strong>Hikmicro CONDOR CQ50L termov\u00edzny monokul\u00e1r s laserov\u00fdm dia\u013ekomerom<\/strong><\/p>\n<p><span style=\"font-weight: 400\">Najnov\u0161ia ru\u010dn\u00e1 termov\u00edzna kamera spolo\u010dnosti Hikmicro je <\/span><b>CONDOR CQ50L<\/b><span style=\"font-weight: 400\"> zabudovan\u00e9, <\/span><b>Laserov\u00fd dia\u013ekomer s dosahom 1000 m<\/b><span style=\"font-weight: 400\">a vymenite\u013en\u00fa bat\u00e9riu. Nov\u00fd fotoapar\u00e1t m\u00e1 12-mikr\u00f3nov\u00fd sn\u00edma\u010d, <\/span><b>vysok\u00e1 citlivos\u0165 20mK<\/b><span style=\"font-weight: 400\"> tepeln\u00fd sn\u00edma\u010d s vysok\u00fdm rozl\u00ed\u0161en\u00edm 640\u00d7512 pixelov, <\/span><b>50 mm<\/b><span style=\"font-weight: 400\">-vybaven\u00e9 optikou. Detek\u010dn\u00e1 vzdialenos\u0165 je pribli\u017ene.<\/span><b>2600 metrov<\/b><span style=\"font-weight: 400\">a m\u00e1 zorn\u00fd uhol 8,7 stup\u0148a. Pre dokonal\u00fd vizu\u00e1lny z\u00e1\u017eitok je <\/span><b>Image Pro<\/b><span style=\"font-weight: 400\"> a <\/span><b>Zoom Pro<\/b><span style=\"font-weight: 400\"> mo\u017eno vylep\u0161i\u0165 pomocou techn\u00edk vylep\u0161enia obrazu. Z\u00e1kladn\u00e9 optick\u00e9 zv\u00e4\u010d\u0161enie zariadenia je 3x - pri pou\u017eit\u00ed digit\u00e1lneho zoomu je k dispoz\u00edcii 24-n\u00e1sobn\u00e9 zv\u00e4\u010d\u0161enie.<\/span><\/p>\n<table>\n<tbody>\n<tr>\n<td colspan=\"2\"><b>Hlavn\u00e9 funkcie<\/b><\/td>\n<\/tr>\n<tr>\n<td><span style=\"font-weight: 400\">Maxim\u00e1lne rozl\u00ed\u0161enie<\/span><\/td>\n<td><span style=\"font-weight: 400\">640\u00d7512<\/span><\/td>\n<\/tr>\n<tr>\n<td><span style=\"font-weight: 400\">Aktualiz\u00e1cia obr\u00e1zkov<\/span><\/td>\n<td><span style=\"font-weight: 400\">50 Hz<\/span><\/td>\n<\/tr>\n<tr>\n<td><span style=\"font-weight: 400\">\u0160o\u0161ovka<\/span><\/td>\n<td><span style=\"font-weight: 400\">50 mm, F1,0<\/span><\/td>\n<\/tr>\n<tr>\n<td><span style=\"font-weight: 400\">Detek\u010dn\u00e1 vzdialenos\u0165<\/span><\/td>\n<td><span style=\"font-weight: 400\">2600m<\/span><\/td>\n<\/tr>\n<tr>\n<td><span style=\"font-weight: 400\">Zorn\u00fd uhol<\/span><\/td>\n<td><span style=\"font-weight: 400\">8,7\u00b0 x 7,0\u00b0\/15,2 m x 12,2 m@100 m<\/span><\/td>\n<\/tr>\n<tr>\n<td><span style=\"font-weight: 400\">Bl\u00edzkos\u0165<\/span><\/td>\n<td><span style=\"font-weight: 400\">5m<\/span><\/td>\n<\/tr>\n<tr>\n<td><span style=\"font-weight: 400\">Zv\u00e4\u010d\u0161i\u0165<\/span><\/td>\n<td><span style=\"font-weight: 400\">3,0x-24,0x (8x)<\/span><\/td>\n<\/tr>\n<tr>\n<td colspan=\"2\"><b>Zobrazenie<\/b><\/td>\n<\/tr>\n<tr>\n<td><span style=\"font-weight: 400\">Rozl\u00ed\u0161enie<\/span><\/td>\n<td><span style=\"font-weight: 400\">1024 \u00d7 768, 0,39 palca, OLED<\/span><\/td>\n<\/tr>\n<tr>\n<td><span style=\"font-weight: 400\">Farebn\u00e9 re\u017eimy Stenderd<\/span><\/td>\n<td><span style=\"font-weight: 400\">Biele zv\u00fdraznenie, \u010dierne zv\u00fdraznenie, \u010derven\u00e9 zv\u00fdraznenie, f\u00fazia<\/span><\/td>\n<\/tr>\n<tr>\n<td><span style=\"font-weight: 400\">Odch\u00e1dzaj\u00faci \u017eiak<\/span><\/td>\n<td><span style=\"font-weight: 400\">4 mm<\/span><\/td>\n<\/tr>\n<tr>\n<td><span style=\"font-weight: 400\">Eyelines<\/span><\/td>\n<td><span style=\"font-weight: 400\">15 mm<\/span><\/td>\n<\/tr>\n<tr>\n<td><span style=\"font-weight: 400\">Nastavenie dioptri\u00ed<\/span><\/td>\n<td><span style=\"font-weight: 400\">medzi -5D a +3D<\/span><\/td>\n<\/tr>\n<tr>\n<td><span style=\"font-weight: 400\">Image Pro<\/span><\/td>\n<td><span style=\"font-weight: 400\">\u00c1no<\/span><\/td>\n<\/tr>\n<tr>\n<td><span style=\"font-weight: 400\">Zoom Pro<\/span><\/td>\n<td><span style=\"font-weight: 400\">\u00c1no<\/span><\/td>\n<\/tr>\n<tr>\n<td colspan=\"2\"><b>V\u0161eobecn\u00e9<\/b><\/td>\n<\/tr>\n<tr>\n<td><span style=\"font-weight: 400\">Mechanick\u00e1 ochrana<\/span><\/td>\n<td><span style=\"font-weight: 400\">IP67<\/span><\/td>\n<\/tr>\n<tr>\n<td><span style=\"font-weight: 400\">Hmotnos\u0165<\/span><\/td>\n<td><span style=\"font-weight: 400\">450 g bez bat\u00e9rie<\/span><\/td>\n<\/tr>\n<tr>\n<td><span style=\"font-weight: 400\">Rozmery<\/span><\/td>\n<td><span style=\"font-weight: 400\">197,1 mm \u00d7 60 mm \u00d7 94,9 mm<\/span><\/td>\n<\/tr>\n<tr>\n<td><span style=\"font-weight: 400\">Prev\u00e1dzkov\u00e1 teplota<\/span><\/td>\n<td><span style=\"font-weight: 400\">-30\u00b0C a\u017e +55\u00b0C<\/span><\/td>\n<\/tr>\n<tr>\n<td><span style=\"font-weight: 400\">Ukladanie<\/span><\/td>\n<td><span style=\"font-weight: 400\">Zabudovan\u00e1 pam\u00e4\u0165 EMMC (64 GB)<\/span><\/td>\n<\/tr>\n<tr>\n<td colspan=\"2\"><b>Syst\u00e9m<\/b><\/td>\n<\/tr>\n<tr>\n<td><span style=\"font-weight: 400\">Nahr\u00e1vanie videa<\/span><\/td>\n<td><span style=\"font-weight: 400\">\u00c1no<\/span><\/td>\n<\/tr>\n<tr>\n<td><span style=\"font-weight: 400\">Sn\u00edmanie sn\u00edmok<\/span><\/td>\n<td><span style=\"font-weight: 400\">\u00c1no<\/span><\/td>\n<\/tr>\n<tr>\n<td><span style=\"font-weight: 400\">Hotspot<\/span><\/td>\n<td><span style=\"font-weight: 400\">\u00c1no<\/span><\/td>\n<\/tr>\n<tr>\n<td><span style=\"font-weight: 400\">Pohotovostn\u00fd re\u017eim<\/span><\/td>\n<td><span style=\"font-weight: 400\">\u00c1no<\/span><\/td>\n<\/tr>\n<tr>\n<td><span style=\"font-weight: 400\">Meranie vzdialenosti<\/span><\/td>\n<td><span style=\"font-weight: 400\">\u00c1no<\/span><\/td>\n<\/tr>\n<tr>\n<td><span style=\"font-weight: 400\">Zvukov\u00fd z\u00e1znam<\/span><\/td>\n<td><span style=\"font-weight: 400\">\u00c1no<\/span><\/td>\n<\/tr>\n<tr>\n<td colspan=\"2\"><b>Dod\u00e1vka elektrickej energie<\/b><\/td>\n<\/tr>\n<tr>\n<td><span style=\"font-weight: 400\">Bat\u00e9ria<\/span><\/td>\n<td><span style=\"font-weight: 400\">Vymenite\u013en\u00e1 a dob\u00edjate\u013en\u00e1 l\u00edtiov\u00e1 bat\u00e9ria<\/span><\/td>\n<\/tr>\n<tr>\n<td><span style=\"font-weight: 400\">Prev\u00e1dzkov\u00e9 hodiny<\/span><\/td>\n<td><span style=\"font-weight: 400\">4 hodiny nepretr\u017eite (25 \u00b0C, Wi-Fi vypnut\u00e9)<\/span><\/td>\n<\/tr>\n<tr>\n<td><span style=\"font-weight: 400\">Z\u00e1suvka nab\u00edja\u010dky<\/span><\/td>\n<td><span style=\"font-weight: 400\">5 V DC\/2 A, typ C<\/span><\/td>\n<\/tr>\n<tr>\n<td colspan=\"2\"><b>Laserov\u00fd dia\u013ekomer<\/b><\/td>\n<\/tr>\n<tr>\n<td><span style=\"font-weight: 400\">Oddelenie laserovej bezpe\u010dnosti<\/span><\/td>\n<td><span style=\"font-weight: 400\">Trieda 1<\/span><\/td>\n<\/tr>\n<tr>\n<td><span style=\"font-weight: 400\">Vlnov\u00e1 d\u013a\u017eka<\/span><\/td>\n<td><span style=\"font-weight: 400\">905 nm<\/span><\/td>\n<\/tr>\n<tr>\n<td><span style=\"font-weight: 400\">Meranie maxim\u00e1lnej vzdialenosti<\/span><\/td>\n<td><span style=\"font-weight: 400\">1000 m<\/span><\/td>\n<\/tr>\n<tr>\n<td><span style=\"font-weight: 400\">Vzdialenos\u0165 merania<\/span><\/td>\n<td><span style=\"font-weight: 400\">\u00b11m<\/span><\/td>\n<\/tr>\n<tr>\n<td><span style=\"font-weight: 400\">Meranie min. vzdialenosti<\/span><\/td>\n<td><span style=\"font-weight: 400\">10 m<\/span><\/td>\n<\/tr>\n<\/tbody>\n<\/table>\n<p><a href=\"https:\/\/www.hikmicrotech.com\/en\/outdoor-products\/condor-thermal-lrf-monocular\/\">https:\/\/www.hikmicrotech.com\/en\/outdoor-products\/condor-thermal-lrf-monocular\/<\/a><\/p>","protected":false},"excerpt":{"rendered":"<ul>\n<li style=\"font-weight: 400\"><span style=\"font-weight: 400\">Vybaven\u00fd tepeln\u00fdm sn\u00edma\u010dom s rozl\u00ed\u0161en\u00edm 640 \u00d7 512 pixelov<\/span><\/li>\n<li style=\"font-weight: 400\"><span style=\"font-weight: 400\">Vylep\u0161ite dokonal\u00fd z\u00e1\u017eitok z obrazu pomocou funkci\u00ed Image Pro a Zoom Pro<\/span><\/li>\n<li style=\"font-weight: 400\"><span style=\"font-weight: 400\">Z\u00e1kladn\u00e9 optick\u00e9 zv\u00e4\u010d\u0161enie zariadenia je 3x, s digit\u00e1lnym pribl\u00ed\u017een\u00edm a\u017e do 24x zv\u00e4\u010d\u0161enia<\/span><\/li>\n<li style=\"font-weight: 400\"><span style=\"font-weight: 400\">Podporuje nahr\u00e1vanie videa a sn\u00edmanie, zabudovan\u00e1 pam\u00e4\u0165 EMMC (64 GB)\u00a0\u00a0<\/span><\/li>\n<li style=\"font-weight: 400\"><span style=\"font-weight: 400\">Displej OLED s rozl\u00ed\u0161en\u00edm 1024\u00d7768<\/span><\/li>\n<li style=\"font-weight: 400\"><span style=\"font-weight: 400\">M\u00e1 detek\u010dn\u00fd dosah a\u017e 2600 m a zorn\u00e9 pole 8,7 stup\u0148a.<\/span><\/li>\n<li style=\"font-weight: 400\"><span style=\"font-weight: 400\">M\u00e1 zabudovan\u00fd laserov\u00fd dia\u013ekomer na 1000 m<\/span><\/li>\n<\/ul>","protected":false},"featured_media":1168,"comment_status":"open","ping_status":"closed","template":"","meta":[],"product_brand":[],"product_cat":[17],"product_tag":[31,18],"class_list":{"0":"post-1167","1":"product","2":"type-product","3":"status-publish","4":"has-post-thumbnail","6":"product_cat-hokamera-kereso","7":"product_tag-hikmicro","8":"product_tag-hokamera","10":"first","11":"instock","12":"sale","13":"taxable","14":"shipping-taxable","15":"purchasable","16":"product-type-simple"},"jetpack_sharing_enabled":true,"_links":{"self":[{"href":"https:\/\/bestoptika.eu\/sk\/wp-json\/wp\/v2\/product\/1167","targetHints":{"allow":["GET"]}}],"collection":[{"href":"https:\/\/bestoptika.eu\/sk\/wp-json\/wp\/v2\/product"}],"about":[{"href":"https:\/\/bestoptika.eu\/sk\/wp-json\/wp\/v2\/types\/product"}],"replies":[{"embeddable":true,"href":"https:\/\/bestoptika.eu\/sk\/wp-json\/wp\/v2\/comments?post=1167"}],"wp:featuredmedia":[{"embeddable":true,"href":"https:\/\/bestoptika.eu\/sk\/wp-json\/wp\/v2\/media\/1168"}],"wp:attachment":[{"href":"https:\/\/bestoptika.eu\/sk\/wp-json\/wp\/v2\/media?parent=1167"}],"wp:term":[{"taxonomy":"product_brand","embeddable":true,"href":"https:\/\/bestoptika.eu\/sk\/wp-json\/wp\/v2\/product_brand?post=1167"},{"taxonomy":"product_cat","embeddable":true,"href":"https:\/\/bestoptika.eu\/sk\/wp-json\/wp\/v2\/product_cat?post=1167"},{"taxonomy":"product_tag","embeddable":true,"href":"https:\/\/bestoptika.eu\/sk\/wp-json\/wp\/v2\/product_tag?post=1167"}],"curies":[{"name":"wp","href":"https:\/\/api.w.org\/{rel}","templated":true}]}}