{"id":1185,"date":"2024-06-17T16:07:48","date_gmt":"2024-06-17T14:07:48","guid":{"rendered":"https:\/\/bestoptika.eu\/?post_type=product&#038;p=1185"},"modified":"2026-03-23T19:16:51","modified_gmt":"2026-03-23T18:16:51","slug":"hikmicro-falcon-fq25-kezi-hokamera-kereso","status":"publish","type":"product","link":"https:\/\/bestoptika.eu\/sk\/product\/hikmicro-falcon-fq25-kezi-hokamera-kereso\/","title":{"rendered":"Hikmicro FALCON FQ25 termov\u00edzny monokul\u00e1r"},"content":{"rendered":"<p><strong>Hikmicro FALCON FQ25 termov\u00edzny monokul\u00e1r<\/strong><\/p>\n<p>Falcon FQ25 je prv\u00fdm zariaden\u00edm zo s\u00e9rie Hikmicro Falcon, novej gener\u00e1cie zariaden\u00ed. Model FQ25 je jeho s\u00farodencom s vysok\u00fdm rozl\u00ed\u0161en\u00edm a sn\u00edma\u010dom s rozl\u00ed\u0161en\u00edm 640 \u00d7 512 pixelov. S touto s\u00e9riou sme vst\u00fapili do rozsahu tepelnej citlivosti &lt;20 mK NETD, \u010do umo\u017e\u0148uje detekciu aj t\u00fdch najmen\u0161\u00edch teplotn\u00fdch rozdielov aj v nepriazniv\u00fdch poveternostn\u00fdch podmienkach. Sn\u00edma\u010d VOx 12mikr\u00f3novej verzie. V kombin\u00e1cii s \u00faplne nov\u00fdm softv\u00e9rom na optimaliz\u00e1ciu obrazu Image Pro od spolo\u010dnosti Hikmicro vyu\u017e\u00edva nov\u00fd revolu\u010dn\u00fd sn\u00edma\u010d s\u00e9rie Falcon v\u0161etky svoje prednosti a poskytuje div\u00e1kovi vysoko kontrastn\u00fd, ostr\u00fd obraz, ktor\u00fd pon\u00faka nev\u00eddan\u00e9 detaily a h\u013abku.<\/p>\n<table>\n<tbody>\n<tr>\n<td colspan=\"2\"><b>Hlavn\u00e9 funkcie<\/b><\/td>\n<\/tr>\n<tr>\n<td>Maxim\u00e1lne rozl\u00ed\u0161enie<\/td>\n<td>640\u00d7512<\/td>\n<\/tr>\n<tr>\n<td>Aktualiz\u00e1cia obr\u00e1zkov<\/td>\n<td>50 Hz<\/td>\n<\/tr>\n<tr>\n<td>\u0160o\u0161ovka<\/td>\n<td>25 mm, F1,0<\/td>\n<\/tr>\n<tr>\n<td>Min. ohniskov\u00e1 vzdialenos\u0165<\/td>\n<td>2.5m<\/td>\n<\/tr>\n<tr>\n<td>Zorn\u00fd uhol<\/td>\n<td>17,5\u00b0 \u00d7 14,0\u00b0 \/ 30,8 m \u00d7 24,6 m<\/td>\n<\/tr>\n<tr>\n<td>Zv\u00e4\u010d\u0161i\u0165<\/td>\n<td>1,4\u00d7-11,2\u00d7 (8\u00d7)<\/td>\n<\/tr>\n<tr>\n<td>Detek\u010dn\u00e1 vzdialenos\u0165<\/td>\n<td>1200m<\/td>\n<\/tr>\n<tr>\n<td colspan=\"2\"><b>Zobrazenie<\/b><\/td>\n<\/tr>\n<tr>\n<td>Rozl\u00ed\u0161enie<\/td>\n<td>1024 \u00d7 768, 0,39 palca, OLED<\/td>\n<\/tr>\n<tr>\n<td>Odch\u00e1dzaj\u00faci \u017eiak<\/td>\n<td>4 mm<\/td>\n<\/tr>\n<tr>\n<td>Eyelines<\/td>\n<td>15 mm<\/td>\n<\/tr>\n<tr>\n<td>Nastavenie dioptri\u00ed<\/td>\n<td>medzi -5D a +3D<\/td>\n<\/tr>\n<tr>\n<td>Image Pro<\/td>\n<td>\u00c1no<\/td>\n<\/tr>\n<tr>\n<td colspan=\"2\"><b>V\u0161eobecn\u00e9<\/b><\/td>\n<\/tr>\n<tr>\n<td>Mechanick\u00e1 ochrana<\/td>\n<td>IP67<\/td>\n<\/tr>\n<tr>\n<td>Hmotnos\u0165<\/td>\n<td>450 g bez bat\u00e9rie<\/td>\n<\/tr>\n<tr>\n<td>Rozmery<\/td>\n<td>193,8 mm x 66,9 mm x 58,3 mm<\/td>\n<\/tr>\n<tr>\n<td>Prev\u00e1dzkov\u00e1 teplota<\/td>\n<td>-30\u00b0C a\u017e +55\u00b0C<\/td>\n<\/tr>\n<tr>\n<td colspan=\"2\"><b>Syst\u00e9m<\/b><\/td>\n<\/tr>\n<tr>\n<td>Sn\u00edmanie sn\u00edmok<\/td>\n<td>\u00c1no<\/td>\n<\/tr>\n<tr>\n<td>Pohotovostn\u00fd re\u017eim<\/td>\n<td>\u00c1no<\/td>\n<\/tr>\n<tr>\n<td>Ukladanie<\/td>\n<td>64 GB<\/td>\n<\/tr>\n<tr>\n<td>Zvukov\u00fd z\u00e1znam<\/td>\n<td>\u00c1no<\/td>\n<\/tr>\n<tr>\n<td>Hotspot<\/td>\n<td>\u00c1no<\/td>\n<\/tr>\n<tr>\n<td>Meranie vzdialenosti<\/td>\n<td>\u00c1no<\/td>\n<\/tr>\n<tr>\n<td colspan=\"2\"><b>Dod\u00e1vka elektrickej energie<\/b><\/td>\n<\/tr>\n<tr>\n<td>Bat\u00e9ria<\/td>\n<td>Vymenite\u013en\u00e1 a dob\u00edjate\u013en\u00e1 bat\u00e9ria, l\u00edtiov\u00e1 bat\u00e9ria<\/td>\n<\/tr>\n<tr>\n<td>Prev\u00e1dzkov\u00e9 hodiny<\/td>\n<td>\u22655 h (25 \u00b0C, Wi-Fi vypnut\u00e9)<\/td>\n<\/tr>\n<tr>\n<td>Z\u00e1suvka nab\u00edja\u010dky<\/td>\n<td>5 V DC, 2 A, typ C<\/td>\n<\/tr>\n<\/tbody>\n<\/table>\n<p><a href=\"https:\/\/www.hikmicrotech.com\/en\/outdoor-products\/falcon-series-monocular\/\">https:\/\/www.hikmicrotech.com\/en\/outdoor-products\/falcon-series-monocular\/<\/a><\/p>","protected":false},"excerpt":{"rendered":"<ul>\n<li style=\"font-weight: 400\"><span style=\"font-weight: 400\">Vybaven\u00fd sn\u00edma\u010dom s rozl\u00ed\u0161en\u00edm 640 \u00d7 512 pixelov a 25 mm optikou<\/span><\/li>\n<li style=\"font-weight: 400\"><span style=\"font-weight: 400\">Zariadenie m\u00e1 z\u00e1kladn\u00e9 optick\u00e9 zv\u00e4\u010d\u0161enie 1,4x, pri\u010dom je k dispoz\u00edcii 11,2-n\u00e1sobn\u00e9 zv\u00e4\u010d\u0161enie.<\/span><\/li>\n<li style=\"font-weight: 400\"><span style=\"font-weight: 400\">Displej OLED s rozl\u00ed\u0161en\u00edm 1024\u00d7768<\/span><\/li>\n<li style=\"font-weight: 400\"><span style=\"font-weight: 400\">Detek\u010dn\u00e1 vzdialenos\u0165 a\u017e 1200 m a uhol z\u00e1beru a\u017e 17,5 stup\u0148a<\/span><\/li>\n<\/ul>","protected":false},"featured_media":1186,"comment_status":"open","ping_status":"closed","template":"","meta":[],"product_brand":[],"product_cat":[17],"product_tag":[31,18],"class_list":{"0":"post-1185","1":"product","2":"type-product","3":"status-publish","4":"has-post-thumbnail","6":"product_cat-hokamera-kereso","7":"product_tag-hikmicro","8":"product_tag-hokamera","10":"first","11":"instock","12":"sale","13":"taxable","14":"shipping-taxable","15":"purchasable","16":"product-type-simple"},"jetpack_sharing_enabled":true,"_links":{"self":[{"href":"https:\/\/bestoptika.eu\/sk\/wp-json\/wp\/v2\/product\/1185","targetHints":{"allow":["GET"]}}],"collection":[{"href":"https:\/\/bestoptika.eu\/sk\/wp-json\/wp\/v2\/product"}],"about":[{"href":"https:\/\/bestoptika.eu\/sk\/wp-json\/wp\/v2\/types\/product"}],"replies":[{"embeddable":true,"href":"https:\/\/bestoptika.eu\/sk\/wp-json\/wp\/v2\/comments?post=1185"}],"wp:featuredmedia":[{"embeddable":true,"href":"https:\/\/bestoptika.eu\/sk\/wp-json\/wp\/v2\/media\/1186"}],"wp:attachment":[{"href":"https:\/\/bestoptika.eu\/sk\/wp-json\/wp\/v2\/media?parent=1185"}],"wp:term":[{"taxonomy":"product_brand","embeddable":true,"href":"https:\/\/bestoptika.eu\/sk\/wp-json\/wp\/v2\/product_brand?post=1185"},{"taxonomy":"product_cat","embeddable":true,"href":"https:\/\/bestoptika.eu\/sk\/wp-json\/wp\/v2\/product_cat?post=1185"},{"taxonomy":"product_tag","embeddable":true,"href":"https:\/\/bestoptika.eu\/sk\/wp-json\/wp\/v2\/product_tag?post=1185"}],"curies":[{"name":"wp","href":"https:\/\/api.w.org\/{rel}","templated":true}]}}