{"id":1272,"date":"2024-06-18T07:30:46","date_gmt":"2024-06-18T05:30:46","guid":{"rendered":"https:\/\/bestoptika.eu\/?post_type=product&#038;p=1272"},"modified":"2026-02-14T15:34:20","modified_gmt":"2026-02-14T14:34:20","slug":"hikmicro-thunder-te19-2-0-hokamera-celtavcso","status":"publish","type":"product","link":"https:\/\/bestoptika.eu\/sk\/product\/hikmicro-thunder-te19-2-0-hokamera-celtavcso\/","title":{"rendered":"Hikmicro THUNDER TE19 2.0 termov\u00edzny pu\u0161koh\u013ead"},"content":{"rendered":"<p><span style=\"font-weight: 400\">A <\/span><b>Hikmicro Thunder TE19 verzia 2.0. <\/b><span style=\"font-weight: 400\">Nov\u00fd <\/span><b>2.0<\/b><span style=\"font-weight: 400\"> verzia - vylep\u0161en\u00e1 verzia predch\u00e1dzaj\u00facej verzie. Nov\u00fd troj\u00farov\u0148ov\u00fd syst\u00e9m menu a r\u00fdchle menu, \u0161peci\u00e1lny vysokokapacitn\u00fd akumul\u00e1tor, ktor\u00fd mo\u017eno nab\u00edja\u0165 v pr\u00edstroji aj v priehradke na bat\u00e9rie. Zv\u00fd\u0161en\u00e1 kapacita bat\u00e9rie umo\u017e\u0148uje pribli\u017ene 10 hod\u00edn prev\u00e1dzky.\u00a0<\/span><\/p>\n<p><span style=\"font-weight: 400\">Termokamery vyu\u017e\u00edvaj\u00fa patentovan\u00fd syst\u00e9m spolo\u010dnosti Hikmicro <\/span><b>256\u00d7192<\/b><span style=\"font-weight: 400\"> pixelov, vysoko citliv\u00fd ( NETD &lt; 35 mk) sn\u00edmac\u00ed \u010dip zaru\u010duje jasn\u00fd a ostr\u00fd obraz aj v \u00faplnej tme a n\u00e1ro\u010dn\u00fdch podmienkach. Ve\u013ek\u00e1 ve\u013ekos\u0165,<\/span><b> 1024\u00d7768 <\/b><span style=\"font-weight: 400\">rozl\u00ed\u0161enie pixelov <\/span><b>Displej OLED<\/b><span style=\"font-weight: 400\"> premietaj\u00fa ostr\u00fd, kontrastn\u00fd obraz a zost\u00e1vaj\u00fa funk\u010dn\u00e9 pri teplot\u00e1ch a\u017e do -30 \u00b0C.<\/span><\/p>\n<table>\n<tbody>\n<tr>\n<td colspan=\"2\"><b>Hlavn\u00e9 funkcie<\/b><\/td>\n<\/tr>\n<tr>\n<td><span style=\"font-weight: 400\">Maxim\u00e1lne rozl\u00ed\u0161enie<\/span><\/td>\n<td><span style=\"font-weight: 400\">256\u00d7192<\/span><\/td>\n<\/tr>\n<tr>\n<td><span style=\"font-weight: 400\">Aktualiz\u00e1cia obr\u00e1zkov<\/span><\/td>\n<td><span style=\"font-weight: 400\">50 Hz<\/span><\/td>\n<\/tr>\n<tr>\n<td><span style=\"font-weight: 400\">\u0160o\u0161ovka<\/span><\/td>\n<td><span style=\"font-weight: 400\">19<\/span><span style=\"font-weight: 400\">mm, F1,0<\/span><\/td>\n<\/tr>\n<tr>\n<td><span style=\"font-weight: 400\">NETD<\/span><\/td>\n<td><span style=\"font-weight: 400\">Menej ako 35mK<\/span><\/td>\n<\/tr>\n<tr>\n<td><span style=\"font-weight: 400\">Detek\u010dn\u00e1 vzdialenos\u0165<\/span><\/td>\n<td><span style=\"font-weight: 400\">1000m<\/span><\/td>\n<\/tr>\n<tr>\n<td><span style=\"font-weight: 400\">Zorn\u00fd uhol<\/span><\/td>\n<td><span style=\"font-weight: 400\">9,2\u00b0 \u00d7 6,9\u00b0\/16,2 m \u00d7 12,1 m<\/span><\/td>\n<\/tr>\n<tr>\n<td><span style=\"font-weight: 400\">Bl\u00edzkos\u0165<\/span><\/td>\n<td><span style=\"font-weight: 400\">0,5m<\/span><\/td>\n<\/tr>\n<tr>\n<td><span style=\"font-weight: 400\">Zv\u00e4\u010d\u0161i\u0165<\/span><\/td>\n<td><span style=\"font-weight: 400\">2,5x -19,8x (8x)<\/span><\/td>\n<\/tr>\n<tr>\n<td colspan=\"2\"><b>Zobrazenie<\/b><\/td>\n<\/tr>\n<tr>\n<td><span style=\"font-weight: 400\">Rozl\u00ed\u0161enie<\/span><\/td>\n<td><span style=\"font-weight: 400\">1024 \u00d7 768, 0,39 palca, OLED<\/span><\/td>\n<\/tr>\n<tr>\n<td><span style=\"font-weight: 400\">Farebn\u00e9 re\u017eimy Stenderd<\/span><\/td>\n<td><span style=\"font-weight: 400\">Biele zv\u00fdraznenie, \u010dierne zv\u00fdraznenie, \u010derven\u00e9 zv\u00fdraznenie, f\u00fazia<\/span><\/td>\n<\/tr>\n<tr>\n<td><span style=\"font-weight: 400\">Odch\u00e1dzaj\u00faci \u017eiak<\/span><\/td>\n<td><span style=\"font-weight: 400\">6 mm<\/span><\/td>\n<\/tr>\n<tr>\n<td><span style=\"font-weight: 400\">Eyelines<\/span><\/td>\n<td><span style=\"font-weight: 400\">45 mm<\/span><\/td>\n<\/tr>\n<tr>\n<td><span style=\"font-weight: 400\">Nastavenie dioptri\u00ed<\/span><\/td>\n<td><span style=\"font-weight: 400\">-5D a\u017e 5D<\/span><\/td>\n<\/tr>\n<tr>\n<td colspan=\"2\"><b>V\u0161eobecn\u00e9<\/b><\/td>\n<\/tr>\n<tr>\n<td><span style=\"font-weight: 400\">Mechanick\u00e1 ochrana<\/span><\/td>\n<td><span style=\"font-weight: 400\">IP67<\/span><\/td>\n<\/tr>\n<tr>\n<td><span style=\"font-weight: 400\">Hmotnos\u0165<\/span><\/td>\n<td><span style=\"font-weight: 400\">476 g bez bat\u00e9rie<\/span><\/td>\n<\/tr>\n<tr>\n<td><span style=\"font-weight: 400\">Rozmery<\/span><\/td>\n<td><span style=\"font-weight: 400\">218,7 mm \u00d7 67,1 mm \u00d7 68,0 mm<\/span><\/td>\n<\/tr>\n<tr>\n<td><span style=\"font-weight: 400\">Prev\u00e1dzkov\u00e1 teplota<\/span><\/td>\n<td><span style=\"font-weight: 400\">-30\u00b0C a\u017e +55\u00b0C<\/span><\/td>\n<\/tr>\n<tr>\n<td colspan=\"2\"><b>Syst\u00e9m<\/b><\/td>\n<\/tr>\n<tr>\n<td><span style=\"font-weight: 400\">Sn\u00edmanie sn\u00edmok<\/span><\/td>\n<td><span style=\"font-weight: 400\">\u00c1no<\/span><\/td>\n<\/tr>\n<tr>\n<td><span style=\"font-weight: 400\">Hotspot<\/span><\/td>\n<td><span style=\"font-weight: 400\">\u00c1no<\/span><\/td>\n<\/tr>\n<tr>\n<td><span style=\"font-weight: 400\">PIP<\/span><\/td>\n<td><span style=\"font-weight: 400\">\u00c1no<\/span><\/td>\n<\/tr>\n<tr>\n<td><span style=\"font-weight: 400\">Pohotovostn\u00fd re\u017eim<\/span><\/td>\n<td><span style=\"font-weight: 400\">\u00c1no<\/span><\/td>\n<\/tr>\n<tr>\n<td><span style=\"font-weight: 400\">Ukladanie<\/span><\/td>\n<td><span style=\"font-weight: 400\">Zabudovan\u00e1 pam\u00e4\u0165 EMMC (16 GB)<\/span><\/td>\n<\/tr>\n<tr>\n<td><span style=\"font-weight: 400\">Zvukov\u00fd z\u00e1znam<\/span><\/td>\n<td><span style=\"font-weight: 400\">\u00c1no<\/span><\/td>\n<\/tr>\n<tr>\n<td colspan=\"2\"><b>Dod\u00e1vka elektrickej energie<\/b><\/td>\n<\/tr>\n<tr>\n<td><span style=\"font-weight: 400\">Bat\u00e9ria<\/span><\/td>\n<td><span style=\"font-weight: 400\">Vymenite\u013en\u00e1 a dob\u00edjate\u013en\u00e1 l\u00edtium-i\u00f3nov\u00e1 bat\u00e9ria<\/span><\/td>\n<\/tr>\n<tr>\n<td><span style=\"font-weight: 400\">Prev\u00e1dzkov\u00e9 hodiny<\/span><\/td>\n<td><span style=\"font-weight: 400\">\u226510.5 <\/span><span style=\"font-weight: 400\">hod\u00edn nepretr\u017eite (25 \u00b0C, Wi-Fi vypnut\u00e9)<\/span><\/td>\n<\/tr>\n<tr>\n<td><span style=\"font-weight: 400\">Z\u00e1suvka nab\u00edja\u010dky<\/span><\/td>\n<td><span style=\"font-weight: 400\">5 V DC\/2 A, USB typu C<\/span><\/td>\n<\/tr>\n<\/tbody>\n<\/table>\n<p><a href=\"https:\/\/www.hikmicrotech.com\/en\/outdoor-products\/thunder2-0-series-thermal-scope\/\">https:\/\/www.hikmicrotech.com\/en\/outdoor-products\/thunder2-0-series-thermal-scope\/<\/a><\/p>","protected":false},"excerpt":{"rendered":"<ul>\n<li style=\"font-weight: 400\"><span style=\"font-weight: 400\">Maxim\u00e1lne rozl\u00ed\u0161enie zariadenia 256 \u00d7 192 pixelov<\/span><\/li>\n<li style=\"font-weight: 400\"><span style=\"font-weight: 400\">Dosah detekcie zariadenia a\u017e 1000 m<\/span><\/li>\n<li style=\"font-weight: 400\"><span style=\"font-weight: 400\">Displej s rozl\u00ed\u0161en\u00edm 1024 \u00d7 768, OLED<\/span><\/li>\n<li style=\"font-weight: 400\"><span style=\"font-weight: 400\">Pribli\u017ene 10 hod\u00edn prev\u00e1dzky<\/span><\/li>\n<li style=\"font-weight: 400\">Vysok\u00e1 citlivos\u0165 (NETD &lt; 35mK)<\/li>\n<\/ul>","protected":false},"featured_media":1273,"comment_status":"open","ping_status":"closed","template":"","meta":[],"product_brand":[],"product_cat":[30,17],"product_tag":[32,31,18],"class_list":{"0":"post-1272","1":"product","2":"type-product","3":"status-publish","4":"has-post-thumbnail","6":"product_cat-celtavcso","7":"product_cat-hokamera-kereso","8":"product_tag-celtavcso","9":"product_tag-hikmicro","10":"product_tag-hokamera","12":"first","13":"instock","14":"sale","15":"taxable","16":"shipping-taxable","17":"purchasable","18":"product-type-simple"},"jetpack_sharing_enabled":true,"_links":{"self":[{"href":"https:\/\/bestoptika.eu\/sk\/wp-json\/wp\/v2\/product\/1272","targetHints":{"allow":["GET"]}}],"collection":[{"href":"https:\/\/bestoptika.eu\/sk\/wp-json\/wp\/v2\/product"}],"about":[{"href":"https:\/\/bestoptika.eu\/sk\/wp-json\/wp\/v2\/types\/product"}],"replies":[{"embeddable":true,"href":"https:\/\/bestoptika.eu\/sk\/wp-json\/wp\/v2\/comments?post=1272"}],"wp:featuredmedia":[{"embeddable":true,"href":"https:\/\/bestoptika.eu\/sk\/wp-json\/wp\/v2\/media\/1273"}],"wp:attachment":[{"href":"https:\/\/bestoptika.eu\/sk\/wp-json\/wp\/v2\/media?parent=1272"}],"wp:term":[{"taxonomy":"product_brand","embeddable":true,"href":"https:\/\/bestoptika.eu\/sk\/wp-json\/wp\/v2\/product_brand?post=1272"},{"taxonomy":"product_cat","embeddable":true,"href":"https:\/\/bestoptika.eu\/sk\/wp-json\/wp\/v2\/product_cat?post=1272"},{"taxonomy":"product_tag","embeddable":true,"href":"https:\/\/bestoptika.eu\/sk\/wp-json\/wp\/v2\/product_tag?post=1272"}],"curies":[{"name":"wp","href":"https:\/\/api.w.org\/{rel}","templated":true}]}}