{"id":1375,"date":"2024-06-19T22:55:51","date_gmt":"2024-06-19T20:55:51","guid":{"rendered":"https:\/\/bestoptika.eu\/?post_type=product&#038;p=1375"},"modified":"2026-05-07T15:16:29","modified_gmt":"2026-05-07T13:16:29","slug":"pulsar-axion-2-xg35-lrf-hokamera-keresotavcso","status":"publish","type":"product","link":"https:\/\/bestoptika.eu\/sk\/product\/pulsar-axion-2-xg35-lrf-hokamera-keresotavcso\/","title":{"rendered":"Pulsar AXION 2 XG35 LRF termov\u00edzny monokul\u00e1r"},"content":{"rendered":"<p>Ve\u013ek\u00fd v\u00fdkon, mal\u00e9 rozmery!<\/p>\n<p><span style=\"font-weight: 400\">Najv\u00fdkonnej\u0161\u00ed model radu Axion sa nepodob\u00e1 na ni\u010d, \u010do sme doteraz od zna\u010dky Pulsar videli. Kvalitou obrazu sa vyrovn\u00e1 s\u00e9rii Krypton XG, ale je o polovicu men\u0161\u00ed, tak\u017ee so sebou nos\u00edte mimoriadne v\u00fdkonn\u00fa, ale kompaktn\u00fa termokameru. Jeho zabudovan\u00fd laserov\u00fd dia\u013ekomer meria a\u017e do vzdialenosti 1000 metrov s presnos\u0165ou +\/- 1 meter!<\/span><\/p>\n<p><span style=\"font-weight: 400\">Termov\u00edzny sn\u00edma\u010d Pulsar Axion 2 XG35 LRF je a\u017e do <\/span><strong>od 1750 metrov<\/strong> dok\u00e1\u017ee odhali\u0165 zdroj tepla aj na vzdialenos\u0165 nieko\u013ek\u00fdch stoviek metrov. Dokonalos\u0165 obrazu mo\u017eno nastavi\u0165 pri zv\u00e4\u010d\u0161en\u00ed od 2,5 do 20 (zv\u00e4\u010d\u0161enie x8). V malom hor\u010d\u00edkovom r\u00e1me sa nach\u00e1dza aj vymenite\u013en\u00e1 bat\u00e9ria APS5 s kapacitou 4900 mAh, ktor\u00e1 umo\u017e\u0148uje <strong>a\u017e 7 hod\u00edn<\/strong> Prakticky to znamen\u00e1, \u017ee ho m\u00f4\u017eete pou\u017e\u00edva\u0165 cel\u00fa noc bez probl\u00e9mov s nab\u00edjan\u00edm a k\u00e1blov\u00fdmi powerbankami bez n\u00e1hradnej bat\u00e9rie.<\/p>\n<p><b>\u00a0<\/b><span style=\"font-weight: 400\">T\u00e1to termov\u00edzna kamera Buffalo m\u00e1 okrem mnoh\u00fdch v\u00fdhod aj rozmery len 152x50x74 mm a hmotnos\u0165 300 g, \u010do je jedna z najmen\u0161\u00edch kamier na s\u00fa\u010dasnom trhu. M\u00f4\u017eeme teda poveda\u0165, \u017ee Pulsar Axion 2 XG35 je jednou z najlep\u0161\u00edch volieb, ak chcete \u013eahk\u00fd termov\u00edzny pr\u00edstroj bez kompromisov na \u00fakor v\u00fdkonu.<\/span><\/p>\n<p><b>Viac inform\u00e1ci\u00ed<\/b><\/p>\n<table>\n<tbody>\n<tr>\n<td>Rozl\u00ed\u0161enie sn\u00edma\u010da (px)<\/td>\n<td><span style=\"font-weight: 400\">640\u00d7480<\/span><\/td>\n<\/tr>\n<tr>\n<td>Ve\u013ekos\u0165 pixelu sn\u00edma\u010da (\u00b5m)<\/td>\n<td><span style=\"font-weight: 400\">12<\/span><\/td>\n<\/tr>\n<tr>\n<td>Sn\u00edma\u010d teploty sn\u00edma\u010da NETD (mK)<\/td>\n<td><span style=\"font-weight: 400\">&lt;40<\/span><\/td>\n<\/tr>\n<tr>\n<td>Obnovovacia frekvencia obrazu (Hz)<\/td>\n<td><span style=\"font-weight: 400\">50<\/span><\/td>\n<\/tr>\n<tr>\n<td>Objekt\u00edv<\/td>\n<td><span style=\"font-weight: 400\">F35\/ 1.0<\/span><\/td>\n<\/tr>\n<tr>\n<td>Rozsah zv\u00e4\u010d\u0161enia (x)<\/td>\n<td><span style=\"font-weight: 400\">2.5-20<\/span><\/td>\n<\/tr>\n<tr>\n<td>Zorn\u00e9 pole (m\/100 m)<\/td>\n<td><span style=\"font-weight: 400\">12.5\u00d79.4 \/ 21.9\u00d716.4<\/span><\/td>\n<\/tr>\n<tr>\n<td>Vzdialenos\u0165 detekcie (m)<\/td>\n<td><span style=\"font-weight: 400\">1750<\/span><\/td>\n<\/tr>\n<tr>\n<td>Typ displeja<\/td>\n<td><span style=\"font-weight: 400\">AMOLED HD<\/span><\/td>\n<\/tr>\n<tr>\n<td>Rozl\u00ed\u0161enie displeja (px)<\/td>\n<td><span style=\"font-weight: 400\">1024\u00d7768<\/span><\/td>\n<\/tr>\n<tr>\n<td>Rozl\u00ed\u0161enie videa\/fotografi\u00ed (px)<\/td>\n<td><span style=\"font-weight: 400\">1024\u00d7768<\/span><\/td>\n<\/tr>\n<tr>\n<td>Zabudovan\u00e1 pam\u00e4\u0165ov\u00e1 karta (GB)<\/td>\n<td><span style=\"font-weight: 400\">16<\/span><\/td>\n<\/tr>\n<tr>\n<td>Wifi<\/td>\n<td><span style=\"font-weight: 400\">Majte<\/span><\/td>\n<\/tr>\n<tr>\n<td>Ochrana s\u00fakromia IP<\/td>\n<td><span style=\"font-weight: 400\">IPX7<\/span><\/td>\n<\/tr>\n<tr>\n<td>Prev\u00e1dzkov\u00e1 teplota (\u00b0C)<\/td>\n<td><span style=\"font-weight: 400\">-25-+40<\/span><\/td>\n<\/tr>\n<tr>\n<td>Typ bat\u00e9rie<\/td>\n<td><span style=\"font-weight: 400\">AP 5 Li-ion bat\u00e9ria<\/span><\/td>\n<\/tr>\n<tr>\n<td>Nap\u00e1janie (mAh)<\/td>\n<td><span style=\"font-weight: 400\">4900<\/span><\/td>\n<\/tr>\n<tr>\n<td>Prev\u00e1dzkov\u00fd \u010das (hodiny)<\/td>\n<td><span style=\"font-weight: 400\">7+<\/span><\/td>\n<\/tr>\n<tr>\n<td>Rozmery (mm)<\/td>\n<td><span style=\"font-weight: 400\">152x74x75<\/span><\/td>\n<\/tr>\n<tr>\n<td>Hmotnos\u0165 (kg)<\/td>\n<td><span style=\"font-weight: 400\">0.47<\/span><\/td>\n<\/tr>\n<tr>\n<td>Z\u00e1ruka v\u00fdrobcu<\/td>\n<td><span style=\"font-weight: 400\">3 roky + 1 rok pre bat\u00e9riu<\/span><\/td>\n<\/tr>\n<tr>\n<td>Kateg\u00f3ria termokamier<\/td>\n<td><span style=\"font-weight: 400\">Termokamera \u010ealekoh\u013ead<\/span><\/td>\n<\/tr>\n<\/tbody>\n<\/table>\n<p>\u010eal\u0161ie inform\u00e1cie n\u00e1jdete na webovej str\u00e1nke v\u00fdrobcu:<br \/>\n<a href=\"https:\/\/www.pulsar-nv.com\/glo\/products\/33\/thermal-imaging-monoculars\/axion-2-lrf\/\">https:\/\/www.pulsar-nv.com\/glo\/products\/33\/thermal-imaging-monoculars\/axion-2-lrf\/<\/a><\/p>","protected":false},"excerpt":{"rendered":"<p>Citliv\u00fd sn\u00edma\u010d, vysok\u00fd v\u00fdkon, mal\u00e9 rozmery, zabudovan\u00fd dia\u013ekomer! Perfektny termov\u00edzny monokul\u00e1r!<\/p>\n<ul>\n<li style=\"font-weight: 400\">Sn\u00edma\u010d: 640 \u00d7 480 pix. @ 12 \u00b5m (NETD &lt;40 mK)<\/li>\n<li style=\"font-weight: 400\">Laserov\u00fd dia\u013ekomer do 1000 metrov<\/li>\n<li style=\"font-weight: 400\">Nov\u00fd algoritmus<\/li>\n<li style=\"font-weight: 400\">Bat\u00e9ria APS5<\/li>\n<li style=\"font-weight: 400\">Senzor Lynred<\/li>\n<li style=\"font-weight: 400\">Zv\u00e4\u010d\u0161enie: 2,5 - 20 (x8 zoom)<\/li>\n<li style=\"font-weight: 400\">Displej: AMOLED (1024\u00d7768)<\/li>\n<\/ul>","protected":false},"featured_media":1376,"comment_status":"open","ping_status":"closed","template":"","meta":[],"product_brand":[],"product_cat":[45,48],"product_tag":[18,44],"class_list":{"0":"post-1375","1":"product","2":"type-product","3":"status-publish","4":"has-post-thumbnail","6":"product_cat-hokamera","7":"product_cat-hokamera-keresotavcso","8":"product_tag-hokamera","9":"product_tag-pulsar","11":"first","12":"instock","13":"sale","14":"taxable","15":"shipping-taxable","16":"purchasable","17":"product-type-simple"},"jetpack_sharing_enabled":true,"_links":{"self":[{"href":"https:\/\/bestoptika.eu\/sk\/wp-json\/wp\/v2\/product\/1375","targetHints":{"allow":["GET"]}}],"collection":[{"href":"https:\/\/bestoptika.eu\/sk\/wp-json\/wp\/v2\/product"}],"about":[{"href":"https:\/\/bestoptika.eu\/sk\/wp-json\/wp\/v2\/types\/product"}],"replies":[{"embeddable":true,"href":"https:\/\/bestoptika.eu\/sk\/wp-json\/wp\/v2\/comments?post=1375"}],"wp:featuredmedia":[{"embeddable":true,"href":"https:\/\/bestoptika.eu\/sk\/wp-json\/wp\/v2\/media\/1376"}],"wp:attachment":[{"href":"https:\/\/bestoptika.eu\/sk\/wp-json\/wp\/v2\/media?parent=1375"}],"wp:term":[{"taxonomy":"product_brand","embeddable":true,"href":"https:\/\/bestoptika.eu\/sk\/wp-json\/wp\/v2\/product_brand?post=1375"},{"taxonomy":"product_cat","embeddable":true,"href":"https:\/\/bestoptika.eu\/sk\/wp-json\/wp\/v2\/product_cat?post=1375"},{"taxonomy":"product_tag","embeddable":true,"href":"https:\/\/bestoptika.eu\/sk\/wp-json\/wp\/v2\/product_tag?post=1375"}],"curies":[{"name":"wp","href":"https:\/\/api.w.org\/{rel}","templated":true}]}}