{"id":1447,"date":"2024-06-20T23:53:52","date_gmt":"2024-06-20T21:53:52","guid":{"rendered":"https:\/\/bestoptika.eu\/?post_type=product&#038;p=1447"},"modified":"2026-01-17T12:47:49","modified_gmt":"2026-01-17T11:47:49","slug":"pulsar-3x20b-monokular","status":"publish","type":"product","link":"https:\/\/bestoptika.eu\/sk\/product\/pulsar-3x20b-monokular\/","title":{"rendered":"Pulsar 3x20B monokul\u00e1r"},"content":{"rendered":"<p><span style=\"font-weight: 400\">Monokul\u00e1r Pulsar 3\u00d720 B bezprobl\u00e9movo a bez n\u00e1mahy premie\u0148a predradn\u00edky termokamier Krypton a Proton na ru\u010dn\u00fd monokul\u00e1r termokamery s optim\u00e1lnym 3-n\u00e1sobn\u00fdm zv\u00e4\u010d\u0161en\u00edm, ktor\u00fd mo\u017eno \u013eahko pripoji\u0165 pomocou bajonetov\u00e9ho dr\u017eiaka. Bajonetov\u00e1 spojka je mimoriadne spo\u013eahliv\u00e1 a umo\u017e\u0148uje pou\u017e\u00edvate\u013eovi r\u00fdchlo prep\u00edna\u0165 medzi zariadeniami bez potreby \u0161peci\u00e1lneho n\u00e1radia.<\/span><\/p>\n<p><span style=\"font-weight: 400\">Tento monokul\u00e1r je vybaven\u00fd jednobodov\u00fdm popruhom na krk Pulsar, ktor\u00fd chr\u00e1ni zariadenie pred n\u00e1hodn\u00fdm p\u00e1dom a poskytuje pohodln\u00e9 rie\u0161enie na pren\u00e1\u0161anie, ke\u010f sa nepou\u017e\u00edva.<\/span><\/p>\n<p>\u010eal\u0161ie inform\u00e1cie n\u00e1jdete na webovej str\u00e1nke v\u00fdrobcu:<br \/>\n<a href=\"https:\/\/www.pulsar-nv.com\/glo\/products\/33\/accessories\/monocular-pulsar-3x20-b\/\">https:\/\/www.pulsar-nv.com\/glo\/products\/33\/accessories\/monocular-pulsar-3&#215;20-b\/<\/a><\/p>","protected":false},"excerpt":{"rendered":"<p><span style=\"font-weight: 400\">Monokul\u00e1r Pulsar 3\u00d720 B je<\/span><b> Krypton 2 FXG50<\/b><b> a <\/b><b>Proton FXQ30<\/b><span style=\"font-weight: 400\"> kompatibiln\u00e9 s predradn\u00edkmi termokamier. Pr\u00edstroj mo\u017eno pou\u017ei\u0165 aj ako h\u013ead\u00e1\u010dik termokamery s 3-n\u00e1sobn\u00fdm zv\u00e4\u010d\u0161en\u00edm pomocou okul\u00e1ru. Bajonetov\u00fd z\u00e1mok umo\u017e\u0148uje mont\u00e1\u017e a demont\u00e1\u017e zariadenia jedn\u00fdm jednoduch\u00fdm pohybom<\/span><\/p>","protected":false},"featured_media":1451,"comment_status":"open","ping_status":"closed","template":"","meta":[],"product_brand":[],"product_cat":[48],"product_tag":[44],"class_list":{"0":"post-1447","1":"product","2":"type-product","3":"status-publish","4":"has-post-thumbnail","6":"product_cat-hokamera-keresotavcso","7":"product_tag-pulsar","9":"first","10":"instock","11":"taxable","12":"shipping-taxable","13":"purchasable","14":"product-type-simple"},"jetpack_sharing_enabled":true,"_links":{"self":[{"href":"https:\/\/bestoptika.eu\/sk\/wp-json\/wp\/v2\/product\/1447","targetHints":{"allow":["GET"]}}],"collection":[{"href":"https:\/\/bestoptika.eu\/sk\/wp-json\/wp\/v2\/product"}],"about":[{"href":"https:\/\/bestoptika.eu\/sk\/wp-json\/wp\/v2\/types\/product"}],"replies":[{"embeddable":true,"href":"https:\/\/bestoptika.eu\/sk\/wp-json\/wp\/v2\/comments?post=1447"}],"wp:featuredmedia":[{"embeddable":true,"href":"https:\/\/bestoptika.eu\/sk\/wp-json\/wp\/v2\/media\/1451"}],"wp:attachment":[{"href":"https:\/\/bestoptika.eu\/sk\/wp-json\/wp\/v2\/media?parent=1447"}],"wp:term":[{"taxonomy":"product_brand","embeddable":true,"href":"https:\/\/bestoptika.eu\/sk\/wp-json\/wp\/v2\/product_brand?post=1447"},{"taxonomy":"product_cat","embeddable":true,"href":"https:\/\/bestoptika.eu\/sk\/wp-json\/wp\/v2\/product_cat?post=1447"},{"taxonomy":"product_tag","embeddable":true,"href":"https:\/\/bestoptika.eu\/sk\/wp-json\/wp\/v2\/product_tag?post=1447"}],"curies":[{"name":"wp","href":"https:\/\/api.w.org\/{rel}","templated":true}]}}