{"id":1519,"date":"2024-06-23T18:49:11","date_gmt":"2024-06-23T16:49:11","guid":{"rendered":"https:\/\/bestoptika.eu\/?post_type=product&#038;p=1519"},"modified":"2025-04-14T19:19:02","modified_gmt":"2025-04-14T17:19:02","slug":"infiray-affo-al19-hokamera","status":"publish","type":"product","link":"https:\/\/bestoptika.eu\/sk\/product\/infiray-affo-al19-hokamera\/","title":{"rendered":"InfiRay AFFO AL19 termov\u00edzny monokul\u00e1r"},"content":{"rendered":"<p><span style=\"font-weight: 400\">S\u00e9ria Affo je n\u00e1stupcom s\u00e9rie X-Eye. S termokamerou Infiray Affo AL19 z\u00edskate e\u0161te jasnej\u0161\u00ed a detailnej\u0161\u00ed obraz, jasnej\u0161ie a detailnej\u0161ie zorn\u00e9 pole a vylep\u0161en\u00e9 sledovanie hor\u00facich bodov. Model AL19 m\u00e1 amb\u00edciu sta\u0165 sa kr\u00e1\u013eom rozpty\u013eova\u010dov. V\u010faka malej ohniskovej vzdialenosti a sn\u00edma\u010du s rozl\u00ed\u0161en\u00edm 384 \u00d7 288 pixelov pon\u00faka vynikaj\u00face zorn\u00e9 pole pri malom zv\u00e4\u010d\u0161en\u00ed. V\u010faka detailom je v\u0161ak informat\u00edvny na 400 metrov pre ve\u013ek\u00fa zver. Vstavan\u00e1 32GB intern\u00e1 pam\u00e4\u0165 umo\u017e\u0148uje zachyti\u0165 po\u017eadovan\u00e9 momenty, zatia\u013e \u010do modul Wifi umo\u017e\u0148uje pripojenie k smartf\u00f3nu alebo tabletu, streamovanie videa alebo prenos s\u00faborov priamo zo zariadenia a aktualiz\u00e1ciu opera\u010dn\u00e9ho syst\u00e9mu termokamery. Aplik\u00e1cia na stiahnutie sa naz\u00fdva InfiRay Outdoor.<\/span><\/p>\n<p><span style=\"font-weight: 400\">M\u00e1 tie\u017e rozhranie HDMI, tak\u017ee ho m\u00f4\u017eete pripoji\u0165 priamo k obrazovke HD, notebooku at\u010f. a sledova\u0165 ho vo vysokej kvalite.<\/span><\/p>\n<p><span style=\"font-weight: 400\">Termokamera je vybaven\u00e1 5 farebn\u00fdmi paletami, okrem \u0161tandardnej \"bielej\", \"\u010diernej\", \"\u010dervenej\" a \"farebnej\" sme vyvinuli aj paletu \"tepl\u00e9 zv\u00fdraznenie tela\". Jej v\u00fdberom m\u00f4\u017eu pou\u017e\u00edvatelia \u013eahko lokalizova\u0165 cie\u013e v\u010faka vysok\u00e9mu kontrastu medzi pozad\u00edm a cie\u013eom. M\u00f4\u017eete automaticky sledova\u0165 najteplej\u0161\u00ed bod v zornom poli, \u010d\u00edm sa detekcia cie\u013ea e\u0161te ur\u00fdchli.<\/span><\/p>","protected":false},"excerpt":{"rendered":"<p><span style=\"font-weight: 400\">S\u00e9ria AFFO pon\u00faka praktick\u00e9 funkcie vr\u00e1tane stadiometrick\u00e9ho dia\u013ekomeru a funkcie obraz v obraze. <\/span><\/p>","protected":false},"featured_media":1520,"comment_status":"open","ping_status":"closed","template":"","meta":[],"product_brand":[],"product_cat":[45],"product_tag":[18,43],"class_list":{"0":"post-1519","1":"product","2":"type-product","3":"status-publish","4":"has-post-thumbnail","6":"product_cat-hokamera","7":"product_tag-hokamera","8":"product_tag-infiray","10":"first","11":"outofstock","12":"taxable","13":"shipping-taxable","14":"purchasable","15":"product-type-simple"},"jetpack_sharing_enabled":true,"_links":{"self":[{"href":"https:\/\/bestoptika.eu\/sk\/wp-json\/wp\/v2\/product\/1519","targetHints":{"allow":["GET"]}}],"collection":[{"href":"https:\/\/bestoptika.eu\/sk\/wp-json\/wp\/v2\/product"}],"about":[{"href":"https:\/\/bestoptika.eu\/sk\/wp-json\/wp\/v2\/types\/product"}],"replies":[{"embeddable":true,"href":"https:\/\/bestoptika.eu\/sk\/wp-json\/wp\/v2\/comments?post=1519"}],"wp:featuredmedia":[{"embeddable":true,"href":"https:\/\/bestoptika.eu\/sk\/wp-json\/wp\/v2\/media\/1520"}],"wp:attachment":[{"href":"https:\/\/bestoptika.eu\/sk\/wp-json\/wp\/v2\/media?parent=1519"}],"wp:term":[{"taxonomy":"product_brand","embeddable":true,"href":"https:\/\/bestoptika.eu\/sk\/wp-json\/wp\/v2\/product_brand?post=1519"},{"taxonomy":"product_cat","embeddable":true,"href":"https:\/\/bestoptika.eu\/sk\/wp-json\/wp\/v2\/product_cat?post=1519"},{"taxonomy":"product_tag","embeddable":true,"href":"https:\/\/bestoptika.eu\/sk\/wp-json\/wp\/v2\/product_tag?post=1519"}],"curies":[{"name":"wp","href":"https:\/\/api.w.org\/{rel}","templated":true}]}}