{"id":1553,"date":"2024-06-23T22:20:24","date_gmt":"2024-06-23T20:20:24","guid":{"rendered":"https:\/\/bestoptika.eu\/?post_type=product&#038;p=1553"},"modified":"2026-03-14T13:31:12","modified_gmt":"2026-03-14T12:31:12","slug":"pulsar-telos-lrf-xp50-hokamera-keresotavcso","status":"publish","type":"product","link":"https:\/\/bestoptika.eu\/sk\/product\/pulsar-telos-lrf-xp50-hokamera-keresotavcso\/","title":{"rendered":"Pulsar TELOS LRF XP50 termov\u00edzny monokul\u00e1r"},"content":{"rendered":"<p><b>Viac inform\u00e1ci\u00ed<\/b><\/p>\n<table>\n<tbody>\n<tr>\n<td>Rozl\u00ed\u0161enie sn\u00edma\u010da (px)<\/td>\n<td><span style=\"font-weight: 400\">640\u00d7480<\/span><\/td>\n<\/tr>\n<tr>\n<td>Sn\u00edma\u010d teploty sn\u00edma\u010da NETD (mK)<\/td>\n<td><span style=\"font-weight: 400\">&lt;18<\/span><\/td>\n<\/tr>\n<tr>\n<td>Ve\u013ekos\u0165 pixelu sn\u00edma\u010da (\u00b5m)<\/td>\n<td><span style=\"font-weight: 400\">17<\/span><\/td>\n<\/tr>\n<tr>\n<td>Rozsah zv\u00e4\u010d\u0161enia (x)<\/td>\n<td><span style=\"font-weight: 400\">2.5-10<\/span><\/td>\n<\/tr>\n<tr>\n<td>Typ bat\u00e9rie<\/td>\n<td><span style=\"font-weight: 400\">LPS 7i<\/span><\/td>\n<\/tr>\n<tr>\n<td>Vzdialenos\u0165 detekcie (m)<\/td>\n<td><span style=\"font-weight: 400\">1800<\/span><\/td>\n<\/tr>\n<tr>\n<td>Nap\u00e1janie (mAh)<\/td>\n<td><span style=\"font-weight: 400\">6400<\/span><\/td>\n<\/tr>\n<tr>\n<td>Kateg\u00f3ria termokamier<\/td>\n<td><span style=\"font-weight: 400\">Termokamera \u010ealekoh\u013ead<\/span><\/td>\n<\/tr>\n<tr>\n<td>Rozl\u00ed\u0161enie displeja (px)<\/td>\n<td><span style=\"font-weight: 400\">1024\u00d7768<\/span><\/td>\n<\/tr>\n<tr>\n<td>Typ displeja<\/td>\n<td><span style=\"font-weight: 400\">AMOLED HD<\/span><\/td>\n<\/tr>\n<tr>\n<td>Zabudovan\u00e1 pam\u00e4\u0165ov\u00e1 karta (GB)<\/td>\n<td><span style=\"font-weight: 400\">64<\/span><\/td>\n<\/tr>\n<tr>\n<td>\u010c\u00edslo \u010dl\u00e1nku (SKU)<\/td>\n<td><span style=\"font-weight: 400\">77492<\/span><\/td>\n<\/tr>\n<tr>\n<td>Z\u00e1ruka v\u00fdrobcu<\/td>\n<td><span style=\"font-weight: 400\">3 roky + 1 rok pre bat\u00e9riu<\/span><\/td>\n<\/tr>\n<tr>\n<td>Rozmery (mm)<\/td>\n<td><span style=\"font-weight: 400\">238x72x90<\/span><\/td>\n<\/tr>\n<tr>\n<td>Hmotnos\u0165 (kg)<\/td>\n<td><span style=\"font-weight: 400\">0,58 (bez bat\u00e9rie) \/ 0,72 (s bat\u00e9riou LPS7i)<\/span><\/td>\n<\/tr>\n<tr>\n<td>Prev\u00e1dzkov\u00fd \u010das (hodiny)<\/td>\n<td><span style=\"font-weight: 400\">8.5<\/span><\/td>\n<\/tr>\n<\/tbody>\n<\/table>\n<p>\u010eal\u0161ie inform\u00e1cie n\u00e1jdete na webovej str\u00e1nke v\u00fdrobcu:<br \/>\n<a href=\"https:\/\/www.pulsar-nv.com\/glo\/products\/33\/thermal-imaging-monoculars\/telos-xp\/\">https:\/\/www.pulsar-nv.com\/glo\/products\/33\/thermal-imaging-monoculars\/telos-xp\/<\/a><\/p>","protected":false},"excerpt":{"rendered":"<ul>\n<li style=\"font-weight: 400\">Sn\u00edma\u010d: 640 \u00d7 480 pix. @ 17 \u00b5m (NETD &lt;18 mK)<\/li>\n<li style=\"font-weight: 400\">Nov\u00fd algoritmus<\/li>\n<li style=\"font-weight: 400\">Bat\u00e9ria LPS-7i<\/li>\n<li style=\"font-weight: 400\">Zv\u00e4\u010d\u0161enie: 2,5 - 10 (zv\u00e4\u010d\u0161enie x4)<\/li>\n<li style=\"font-weight: 400\">Displej: AMOLED HD (1024\u00d7768)<\/li>\n<li style=\"font-weight: 400\">Ve\u013ekos\u0165: 238x72x90m<\/li>\n<\/ul>","protected":false},"featured_media":1552,"comment_status":"open","ping_status":"closed","template":"","meta":[],"product_brand":[],"product_cat":[48],"product_tag":[50,44],"class_list":{"0":"post-1553","1":"product","2":"type-product","3":"status-publish","4":"has-post-thumbnail","6":"product_cat-hokamera-keresotavcso","7":"product_tag-hokamera-keresotavcso","8":"product_tag-pulsar","10":"first","11":"instock","12":"sale","13":"taxable","14":"shipping-taxable","15":"purchasable","16":"product-type-simple"},"jetpack_sharing_enabled":true,"_links":{"self":[{"href":"https:\/\/bestoptika.eu\/sk\/wp-json\/wp\/v2\/product\/1553","targetHints":{"allow":["GET"]}}],"collection":[{"href":"https:\/\/bestoptika.eu\/sk\/wp-json\/wp\/v2\/product"}],"about":[{"href":"https:\/\/bestoptika.eu\/sk\/wp-json\/wp\/v2\/types\/product"}],"replies":[{"embeddable":true,"href":"https:\/\/bestoptika.eu\/sk\/wp-json\/wp\/v2\/comments?post=1553"}],"wp:featuredmedia":[{"embeddable":true,"href":"https:\/\/bestoptika.eu\/sk\/wp-json\/wp\/v2\/media\/1552"}],"wp:attachment":[{"href":"https:\/\/bestoptika.eu\/sk\/wp-json\/wp\/v2\/media?parent=1553"}],"wp:term":[{"taxonomy":"product_brand","embeddable":true,"href":"https:\/\/bestoptika.eu\/sk\/wp-json\/wp\/v2\/product_brand?post=1553"},{"taxonomy":"product_cat","embeddable":true,"href":"https:\/\/bestoptika.eu\/sk\/wp-json\/wp\/v2\/product_cat?post=1553"},{"taxonomy":"product_tag","embeddable":true,"href":"https:\/\/bestoptika.eu\/sk\/wp-json\/wp\/v2\/product_tag?post=1553"}],"curies":[{"name":"wp","href":"https:\/\/api.w.org\/{rel}","templated":true}]}}