{"id":1564,"date":"2024-06-23T22:52:00","date_gmt":"2024-06-23T20:52:00","guid":{"rendered":"https:\/\/bestoptika.eu\/?post_type=product&#038;p=1564"},"modified":"2026-03-14T13:39:00","modified_gmt":"2026-03-14T12:39:00","slug":"pulsar-telos-xp50-hokamera-keresotavcso","status":"publish","type":"product","link":"https:\/\/bestoptika.eu\/sk\/product\/pulsar-telos-xp50-hokamera-keresotavcso\/","title":{"rendered":"Pulsar TELOS XP50 termov\u00edzny monokul\u00e1r"},"content":{"rendered":"<p><span style=\"font-weight: 400\">Komponenty a softv\u00e9rov\u00e9 rie\u0161enia pre high-tech odvetvia sa vyv\u00edjaj\u00fa z roka na rok. Termov\u00edzia nie je v\u00fdnimkou. \u010casom sa menia potreby a preferencie pou\u017e\u00edvate\u013eov. Okrem toho si pou\u017e\u00edvatelia s prib\u00fadaj\u00facimi sk\u00fasenos\u0165ami vytvorili vlastn\u00e9 po\u017eiadavky na schopnosti a v\u00fdkon zariadenia. Termov\u00edzne monokul\u00e1re Telos s\u00fa navrhnut\u00e9 s oh\u013eadom na najnov\u0161ie technol\u00f3gie a potreby pou\u017e\u00edvate\u013eov. Telos je prv\u00fd rad termov\u00edznych kamier na trhu, ktor\u00fd pon\u00faka mo\u017enos\u0165 technick\u00e9ho vylep\u0161enia na \u017eelanie z\u00e1kazn\u00edka. Vybavte ho v\u00fdkonnou optikou, sn\u00edma\u010dom a displejom s vy\u0161\u0161\u00edm rozl\u00ed\u0161en\u00edm, efekt\u00edvnej\u0161ou a funk\u010dnej\u0161ou elektronikou alebo ho vybavte laserov\u00fdm dia\u013ekomerom, aby ste mali v\u017edy najmodernej\u0161ie zariadenie, a to v\u0161etko v\u010faka jednoduchej aktualiz\u00e1cii softv\u00e9ru.<\/span><\/p>\n<p><strong>Technick\u00e9 parametre:<\/strong><\/p>\n<table dir=\"ltr\" border=\"1\" cellspacing=\"0\" cellpadding=\"0\" data-sheets-root=\"1\">\n<colgroup>\n<col width=\"258\" \/>\n<col width=\"407\" \/><\/colgroup>\n<tbody>\n<tr>\n<td data-sheets-value=\"{&quot;1&quot;:2,&quot;2&quot;:&quot;Nagy\u00edt\u00e1s&quot;}\">Zv\u00e4\u010d\u0161i\u0165<\/td>\n<td data-sheets-value=\"{&quot;1&quot;:2,&quot;2&quot;:&quot;2.5-10x&quot;}\">2.5-10x<\/td>\n<\/tr>\n<tr>\n<td data-sheets-value=\"{&quot;1&quot;:2,&quot;2&quot;:&quot;Digit\u00e1lis nagy\u00edt\u00e1s&quot;}\">Digit\u00e1lny zoom<\/td>\n<td data-sheets-value=\"{&quot;1&quot;:3,&quot;3&quot;:4}\">4<\/td>\n<\/tr>\n<tr>\n<td data-sheets-value=\"{&quot;1&quot;:2,&quot;2&quot;:&quot;Mikrobolom\u00e9ter&quot;}\">Mikrobolometer<\/td>\n<td data-sheets-value=\"{&quot;1&quot;:2,&quot;2&quot;:&quot;640x480 px&quot;}\">640\u00d7480 px<\/td>\n<\/tr>\n<tr>\n<td data-sheets-value=\"{&quot;1&quot;:2,&quot;2&quot;:&quot;NETD&quot;}\">NETD<\/td>\n<td data-sheets-value=\"{&quot;1&quot;:2,&quot;2&quot;:&quot;&lt; 18mK&quot;}\">&lt; 18mK<\/td>\n<\/tr>\n<tr>\n<td data-sheets-value=\"{&quot;1&quot;:2,&quot;2&quot;:&quot;Pixelm\u00e9ret&quot;}\">Ve\u013ekos\u0165 pixelov<\/td>\n<td data-sheets-value=\"{&quot;1&quot;:2,&quot;2&quot;:&quot;17 \u00b5m&quot;}\">17 \u00b5m<\/td>\n<\/tr>\n<tr>\n<td data-sheets-value=\"{&quot;1&quot;:2,&quot;2&quot;:&quot;Kijelz\u0151 felbont\u00e1s&quot;}\">Rozl\u00ed\u0161enie displeja<\/td>\n<td data-sheets-value=\"{&quot;1&quot;:2,&quot;2&quot;:&quot;1024x768 px&quot;}\">1024\u00d7768 px<\/td>\n<\/tr>\n<tr>\n<td data-sheets-value=\"{&quot;1&quot;:2,&quot;2&quot;:&quot;K\u00e9pfriss\u00edt\u00e9s&quot;}\">Aktualiz\u00e1cia obr\u00e1zkov<\/td>\n<td data-sheets-value=\"{&quot;1&quot;:2,&quot;2&quot;:&quot;50 Hz&quot;}\">50 Hz<\/td>\n<\/tr>\n<tr>\n<td data-sheets-value=\"{&quot;1&quot;:2,&quot;2&quot;:&quot;Kijelz\u0151 t\u00edpusa&quot;}\">Typ displeja<\/td>\n<td data-sheets-value=\"{&quot;1&quot;:2,&quot;2&quot;:&quot;AMOLED HD&quot;}\">AMOLED HD<\/td>\n<\/tr>\n<tr>\n<td data-sheets-value=\"{&quot;1&quot;:2,&quot;2&quot;:&quot;\u00c9szlel\u00e9si t\u00e1vols\u00e1g&quot;}\">Detek\u010dn\u00e1 vzdialenos\u0165<\/td>\n<td data-sheets-value=\"{&quot;1&quot;:2,&quot;2&quot;:&quot;1800m&quot;}\">1800m<\/td>\n<\/tr>\n<tr>\n<td data-sheets-value=\"{&quot;1&quot;:2,&quot;2&quot;:&quot;F\u00f3kuszt\u00e1vols\u00e1g&quot;}\">Ohniskov\u00e1 vzdialenos\u0165<\/td>\n<td data-sheets-value=\"{&quot;1&quot;:2,&quot;2&quot;:&quot;50 mm&quot;}\">50 mm<\/td>\n<\/tr>\n<tr>\n<td data-sheets-value=\"{&quot;1&quot;:2,&quot;2&quot;:&quot;Objekt\u00edv param\u00e9terei&quot;}\">Parametre objekt\u00edvu<\/td>\n<td data-sheets-value=\"{&quot;1&quot;:2,&quot;2&quot;:&quot;F50\/1.0&quot;}\">F50\/1.0<\/td>\n<\/tr>\n<tr>\n<td data-sheets-value=\"{&quot;1&quot;:2,&quot;2&quot;:&quot;L\u00e1t\u00f3sz\u00f6g&quot;}\">Zorn\u00fd uhol<\/td>\n<td data-sheets-value=\"{&quot;1&quot;:2,&quot;2&quot;:&quot;21.8x16.3\u00b0&quot;}\">21.8\u00d716.3\u00b0<\/td>\n<\/tr>\n<tr>\n<td data-sheets-value=\"{&quot;1&quot;:2,&quot;2&quot;:&quot;L\u00e1t\u00f3mez\u0151 100m-en&quot;}\">Zorn\u00e9 pole na 100 m<\/td>\n<td data-sheets-value=\"{&quot;1&quot;:2,&quot;2&quot;:&quot;12.4x9.3 m&quot;}\">12.4\u00d79.3 m<\/td>\n<\/tr>\n<tr>\n<td data-sheets-value=\"{&quot;1&quot;:2,&quot;2&quot;:&quot;Szemlencse t\u00e1vols\u00e1g&quot;}\">Vzdialenos\u0165 objekt\u00edvu<\/td>\n<td data-sheets-value=\"{&quot;1&quot;:2,&quot;2&quot;:&quot;14mm&quot;}\">14 mm<\/td>\n<\/tr>\n<tr>\n<td data-sheets-value=\"{&quot;1&quot;:2,&quot;2&quot;:&quot;T\u00e1pegys\u00e9g&quot;}\">Nap\u00e1janie<\/td>\n<td data-sheets-value=\"{&quot;1&quot;:2,&quot;2&quot;:&quot;3.0 \u2013 4.2 V, Li-ion akkumul\u00e1tor LPS 7i 6.4Ah V&quot;}\">3,0 - 4,2 V, Li-ion bat\u00e9ria LPS 7i 6,4 Ah V<\/td>\n<\/tr>\n<tr>\n<td data-sheets-value=\"{&quot;1&quot;:2,&quot;2&quot;:&quot;K\u00fcls\u0151 t\u00e1pegys\u00e9g&quot;}\">Extern\u00e9 nap\u00e1janie<\/td>\n<td data-sheets-value=\"{&quot;1&quot;:2,&quot;2&quot;:&quot;5V, 9V (USB-C)&quot;}\">5 V, 9 V (USB-C)<\/td>\n<\/tr>\n<tr>\n<td data-sheets-value=\"{&quot;1&quot;:2,&quot;2&quot;:&quot;Vide\u00f3felvev\u0151&quot;}\">Videorekord\u00e9r<\/td>\n<td data-sheets-value=\"{&quot;1&quot;:2,&quot;2&quot;:&quot;Igen&quot;}\">\u00c1no<\/td>\n<\/tr>\n<tr>\n<td data-sheets-value=\"{&quot;1&quot;:2,&quot;2&quot;:&quot;Mem\u00f3riakapacit\u00e1s&quot;}\">Kapacita pam\u00e4te<\/td>\n<td data-sheets-value=\"{&quot;1&quot;:2,&quot;2&quot;:&quot;64 Gb&quot;}\">64 Gb<\/td>\n<\/tr>\n<tr>\n<td data-sheets-value=\"{&quot;1&quot;:2,&quot;2&quot;:&quot;Video\/Fot\u00f3 form\u00e1tum&quot;}\">Form\u00e1t videa\/fotografi\u00ed<\/td>\n<td data-sheets-value=\"{&quot;1&quot;:2,&quot;2&quot;:&quot;.mp4 \/.jpg&quot;}\">.mp4 \/ .jpg<\/td>\n<\/tr>\n<tr>\n<td data-sheets-value=\"{&quot;1&quot;:2,&quot;2&quot;:&quot;Video\/Fot\u00f3 felbont\u00e1s&quot;}\">Rozl\u00ed\u0161enie videa\/fotografi\u00ed<\/td>\n<td data-sheets-value=\"{&quot;1&quot;:2,&quot;2&quot;:&quot;1024x768&quot;}\">1024\u00d7768<\/td>\n<\/tr>\n<tr>\n<td data-sheets-value=\"{&quot;1&quot;:2,&quot;2&quot;:&quot;V\u00edz\u00e1ll\u00f3s\u00e1g&quot;}\">Odolnos\u0165 vo\u010di vode<\/td>\n<td data-sheets-value=\"{&quot;1&quot;:2,&quot;2&quot;:&quot;IPX7&quot;}\">IPX7<\/td>\n<\/tr>\n<tr>\n<td data-sheets-value=\"{&quot;1&quot;:2,&quot;2&quot;:&quot;Menet&quot;}\">Prejs\u0165 na<\/td>\n<td data-sheets-value=\"{&quot;1&quot;:2,&quot;2&quot;:&quot;1\/4\\&quot;&quot;}\">1\/4\u2033<\/td>\n<\/tr>\n<tr>\n<td data-sheets-value=\"{&quot;1&quot;:2,&quot;2&quot;:&quot;M\u0171k\u00f6d\u00e9si h\u0151m\u00e9rs\u00e9klet&quot;}\">Prev\u00e1dzkov\u00e1 teplota<\/td>\n<td data-sheets-value=\"{&quot;1&quot;:2,&quot;2&quot;:&quot;-25 ... +50 \u00b0C&quot;}\">-25 ... +50 \u00b0C<\/td>\n<\/tr>\n<tr>\n<td data-sheets-value=\"{&quot;1&quot;:2,&quot;2&quot;:&quot;Wi-Fi&quot;}\">Wi-Fi<\/td>\n<td data-sheets-value=\"{&quot;1&quot;:2,&quot;2&quot;:&quot;2.4 \/ 5 GHz&quot;}\">2,4 \/ 5 GHz<\/td>\n<\/tr>\n<tr>\n<td data-sheets-value=\"{&quot;1&quot;:2,&quot;2&quot;:&quot;USB, t\u00edpus&quot;}\">USB, typ<\/td>\n<td data-sheets-value=\"{&quot;1&quot;:2,&quot;2&quot;:&quot;USB-C&quot;}\">USB-C<\/td>\n<\/tr>\n<tr>\n<td data-sheets-value=\"{&quot;1&quot;:2,&quot;2&quot;:&quot;\u00dczemid\u0151 (22\u00b0C-on)&quot;}\">Prev\u00e1dzkov\u00fd \u010das (pri 22 \u00b0C)<\/td>\n<td data-sheets-value=\"{&quot;1&quot;:2,&quot;2&quot;:&quot;8,5 \u00f3ra&quot;}\">8,5 hodiny<\/td>\n<\/tr>\n<tr>\n<td data-sheets-value=\"{&quot;1&quot;:2,&quot;2&quot;:&quot;M\u00e9retek&quot;}\">Rozmery<\/td>\n<td data-sheets-value=\"{&quot;1&quot;:2,&quot;2&quot;:&quot;238x72x90mm&quot;}\">238x72x90mm<\/td>\n<\/tr>\n<tr>\n<td data-sheets-value=\"{&quot;1&quot;:2,&quot;2&quot;:&quot;T\u00f6meg&quot;}\">Hmotnos\u0165<\/td>\n<td data-sheets-value=\"{&quot;1&quot;:2,&quot;2&quot;:&quot;0,58 (elemek n\u00e9lk\u00fcl), 0,72 (elemekkel)kg&quot;}\">0,58 (bez bat\u00e9ri\u00ed), 0,72 (s bat\u00e9riami) kg<\/td>\n<\/tr>\n<\/tbody>\n<\/table>\n<p>\u010eal\u0161ie inform\u00e1cie n\u00e1jdete na webovej str\u00e1nke v\u00fdrobcu:<br \/>\n<a href=\"https:\/\/www.pulsar-nv.com\/glo\/products\/33\/thermal-imaging-monoculars\/telos-xp\/\">https:\/\/www.pulsar-nv.com\/glo\/products\/33\/thermal-imaging-monoculars\/telos-xp\/<\/a><\/p>","protected":false},"excerpt":{"rendered":"<p><span style=\"font-weight: 400\">Telos je prv\u00fdm radom termokamier na trhu, ktor\u00fd pon\u00faka mo\u017enos\u0165 technick\u00e9ho vylep\u0161enia na \u017eelanie z\u00e1kazn\u00edka.<\/span><\/p>\n<ul>\n<li style=\"font-weight: 400\">Sn\u00edma\u010d: 640 \u00d7 480 pix. @ 17 \u00b5m (NETD &lt;18 mK)<\/li>\n<li style=\"font-weight: 400\">Nov\u00fd algoritmus<\/li>\n<li style=\"font-weight: 400\">Bat\u00e9ria LPS-7i<\/li>\n<li style=\"font-weight: 400\">Zv\u00e4\u010d\u0161enie: 2,5 - 10 (zv\u00e4\u010d\u0161enie x4)<\/li>\n<li style=\"font-weight: 400\">Displej: AMOLED HD (1024\u00d7768)<\/li>\n<li style=\"font-weight: 400\">Ve\u013ekos\u0165: 238x72x90 mm<\/li>\n<\/ul>","protected":false},"featured_media":1563,"comment_status":"open","ping_status":"closed","template":"","meta":[],"product_brand":[],"product_cat":[48],"product_tag":[50,44],"class_list":{"0":"post-1564","1":"product","2":"type-product","3":"status-publish","4":"has-post-thumbnail","6":"product_cat-hokamera-keresotavcso","7":"product_tag-hokamera-keresotavcso","8":"product_tag-pulsar","10":"first","11":"instock","12":"sale","13":"taxable","14":"shipping-taxable","15":"purchasable","16":"product-type-simple"},"jetpack_sharing_enabled":true,"_links":{"self":[{"href":"https:\/\/bestoptika.eu\/sk\/wp-json\/wp\/v2\/product\/1564","targetHints":{"allow":["GET"]}}],"collection":[{"href":"https:\/\/bestoptika.eu\/sk\/wp-json\/wp\/v2\/product"}],"about":[{"href":"https:\/\/bestoptika.eu\/sk\/wp-json\/wp\/v2\/types\/product"}],"replies":[{"embeddable":true,"href":"https:\/\/bestoptika.eu\/sk\/wp-json\/wp\/v2\/comments?post=1564"}],"wp:featuredmedia":[{"embeddable":true,"href":"https:\/\/bestoptika.eu\/sk\/wp-json\/wp\/v2\/media\/1563"}],"wp:attachment":[{"href":"https:\/\/bestoptika.eu\/sk\/wp-json\/wp\/v2\/media?parent=1564"}],"wp:term":[{"taxonomy":"product_brand","embeddable":true,"href":"https:\/\/bestoptika.eu\/sk\/wp-json\/wp\/v2\/product_brand?post=1564"},{"taxonomy":"product_cat","embeddable":true,"href":"https:\/\/bestoptika.eu\/sk\/wp-json\/wp\/v2\/product_cat?post=1564"},{"taxonomy":"product_tag","embeddable":true,"href":"https:\/\/bestoptika.eu\/sk\/wp-json\/wp\/v2\/product_tag?post=1564"}],"curies":[{"name":"wp","href":"https:\/\/api.w.org\/{rel}","templated":true}]}}