{"id":1575,"date":"2024-06-23T23:21:57","date_gmt":"2024-06-23T21:21:57","guid":{"rendered":"https:\/\/bestoptika.eu\/?post_type=product&#038;p=1575"},"modified":"2026-01-17T13:08:46","modified_gmt":"2026-01-17T12:08:46","slug":"pulsar-telos-xl50-hokamera-keresotavcso","status":"publish","type":"product","link":"https:\/\/bestoptika.eu\/sk\/product\/pulsar-telos-xl50-hokamera-keresotavcso\/","title":{"rendered":"Pulsar TELOS XL50 termov\u00edzny monokul\u00e1r"},"content":{"rendered":"<p><strong>Technick\u00e9 parametre:<\/strong><\/p>\n<table dir=\"ltr\" border=\"1\" cellspacing=\"0\" cellpadding=\"0\" data-sheets-root=\"1\">\n<colgroup>\n<col width=\"197\" \/>\n<col width=\"376\" \/><\/colgroup>\n<tbody>\n<tr>\n<td data-sheets-value=\"{&quot;1&quot;:2,&quot;2&quot;:&quot;Nagy\u00edt\u00e1s:&quot;}\">Pribl\u00ed\u017eenie:<\/td>\n<td data-sheets-value=\"{&quot;1&quot;:2,&quot;2&quot;:&quot;2.5 - 20x&quot;}\">2.5 - 20x<\/td>\n<\/tr>\n<tr>\n<td data-sheets-value=\"{&quot;1&quot;:2,&quot;2&quot;:&quot;Digit\u00e1lis nagy\u00edt\u00e1s:&quot;}\">Digit\u00e1lny zoom:<\/td>\n<td data-sheets-value=\"{&quot;1&quot;:3,&quot;3&quot;:4}\">4<\/td>\n<\/tr>\n<tr>\n<td data-sheets-value=\"{&quot;1&quot;:2,&quot;2&quot;:&quot;Mikrobolom\u00e9ter:&quot;}\">Mikrobolometer:<\/td>\n<td data-sheets-value=\"{&quot;1&quot;:2,&quot;2&quot;:&quot;1024x768 px&quot;}\">1024\u00d7768 px<\/td>\n<\/tr>\n<tr>\n<td data-sheets-value=\"{&quot;1&quot;:2,&quot;2&quot;:&quot;NETD:&quot;}\">NETD:<\/td>\n<td data-sheets-value=\"{&quot;1&quot;:2,&quot;2&quot;:&quot;&lt; 40mK&quot;}\">&lt; 40mK<\/td>\n<\/tr>\n<tr>\n<td data-sheets-value=\"{&quot;1&quot;:2,&quot;2&quot;:&quot;Pixelk\u00f6z:&quot;}\">Pixelov\u00e9 m\u00e9dium:<\/td>\n<td data-sheets-value=\"{&quot;1&quot;:2,&quot;2&quot;:&quot;12 \u00b5m&quot;}\">12 \u00b5m<\/td>\n<\/tr>\n<tr>\n<td data-sheets-value=\"{&quot;1&quot;:2,&quot;2&quot;:&quot;Kijelz\u0151 felbont\u00e1s:&quot;}\">Rozl\u00ed\u0161enie displeja:<\/td>\n<td data-sheets-value=\"{&quot;1&quot;:2,&quot;2&quot;:&quot;1024x768 px&quot;}\">1024\u00d7768 px<\/td>\n<\/tr>\n<tr>\n<td data-sheets-value=\"{&quot;1&quot;:2,&quot;2&quot;:&quot;K\u00e9pkocka gyakoris\u00e1g:&quot;}\">Sn\u00edmkov\u00e1 frekvencia:<\/td>\n<td data-sheets-value=\"{&quot;1&quot;:2,&quot;2&quot;:&quot;50 Hz&quot;}\">50 Hz<\/td>\n<\/tr>\n<tr>\n<td data-sheets-value=\"{&quot;1&quot;:2,&quot;2&quot;:&quot;Kijelz\u0151 t\u00edpusa:&quot;}\">Typ displeja:<\/td>\n<td data-sheets-value=\"{&quot;1&quot;:2,&quot;2&quot;:&quot;AMOLED HD&quot;}\">AMOLED HD<\/td>\n<\/tr>\n<tr>\n<td data-sheets-value=\"{&quot;1&quot;:2,&quot;2&quot;:&quot;\u00c9szlel\u00e9si t\u00e1vols\u00e1g:&quot;}\">Detek\u010dn\u00e1 vzdialenos\u0165:<\/td>\n<td data-sheets-value=\"{&quot;1&quot;:2,&quot;2&quot;:&quot;2300m&quot;}\">2300m<\/td>\n<\/tr>\n<tr>\n<td data-sheets-value=\"{&quot;1&quot;:2,&quot;2&quot;:&quot;F\u00f3kuszt\u00e1vols\u00e1g:&quot;}\">Ohniskov\u00e1 vzdialenos\u0165:<\/td>\n<td data-sheets-value=\"{&quot;1&quot;:2,&quot;2&quot;:&quot;50 mm&quot;}\">50 mm<\/td>\n<\/tr>\n<tr>\n<td data-sheets-value=\"{&quot;1&quot;:2,&quot;2&quot;:&quot;Objekt\u00edv param\u00e9terei:&quot;}\">Objekt\u00edvne parametre:<\/td>\n<td data-sheets-value=\"{&quot;1&quot;:2,&quot;2&quot;:&quot;F50\/1.0&quot;}\">F50\/1.0<\/td>\n<\/tr>\n<tr>\n<td data-sheets-value=\"{&quot;1&quot;:2,&quot;2&quot;:&quot;L\u00e1t\u00f3sz\u00f6g:&quot;}\">Zorn\u00fd uhol:<\/td>\n<td data-sheets-value=\"{&quot;1&quot;:2,&quot;2&quot;:&quot;14x10.5\u00b0&quot;}\">14\u00d710.5\u00b0<\/td>\n<\/tr>\n<tr>\n<td data-sheets-value=\"{&quot;1&quot;:2,&quot;2&quot;:&quot;L\u00e1t\u00f3mez\u0151 100m-n\u00e9l:&quot;}\">Zorn\u00e9 pole na 100 m:<\/td>\n<td data-sheets-value=\"{&quot;1&quot;:2,&quot;2&quot;:&quot;24.6\u044518.5 m&quot;}\">24,6x18,5 m<\/td>\n<\/tr>\n<tr>\n<td data-sheets-value=\"{&quot;1&quot;:2,&quot;2&quot;:&quot;Szemk\u00edm\u00e9l\u00e9s:&quot;}\">\u0160etrenie o\u010d\u00ed:<\/td>\n<td data-sheets-value=\"{&quot;1&quot;:2,&quot;2&quot;:&quot;14mm&quot;}\">14 mm<\/td>\n<\/tr>\n<tr>\n<td data-sheets-value=\"{&quot;1&quot;:2,&quot;2&quot;:&quot;T\u00e1pell\u00e1t\u00e1s:&quot;}\">Z\u00e1sobovanie potravinami:<\/td>\n<td data-sheets-value=\"{&quot;1&quot;:2,&quot;2&quot;:&quot;3.0 \u2013 4.2 V, Li-ion akkumul\u00e1tor LPS 7i 6.4Ah V&quot;}\">3,0 - 4,2 V, Li-ion bat\u00e9ria LPS 7i 6,4 Ah V<\/td>\n<\/tr>\n<tr>\n<td data-sheets-value=\"{&quot;1&quot;:2,&quot;2&quot;:&quot;K\u00fcls\u0151 t\u00e1pell\u00e1t\u00e1s:&quot;}\">Extern\u00e9 nap\u00e1janie:<\/td>\n<td data-sheets-value=\"{&quot;1&quot;:2,&quot;2&quot;:&quot;5V, 9V (USB-C)&quot;}\">5 V, 9 V (USB-C)<\/td>\n<\/tr>\n<tr>\n<td data-sheets-value=\"{&quot;1&quot;:2,&quot;2&quot;:&quot;Videor\u00f6gz\u00edt\u0151:&quot;}\">Videorekord\u00e9r:<\/td>\n<td data-sheets-value=\"{&quot;1&quot;:2,&quot;2&quot;:&quot;Igen&quot;}\">\u00c1no<\/td>\n<\/tr>\n<tr>\n<td data-sheets-value=\"{&quot;1&quot;:2,&quot;2&quot;:&quot;Mem\u00f3ria m\u00e9rete:&quot;}\">Ve\u013ekos\u0165 pam\u00e4te:<\/td>\n<td data-sheets-value=\"{&quot;1&quot;:2,&quot;2&quot;:&quot;64 Gb&quot;}\">64 Gb<\/td>\n<\/tr>\n<tr>\n<td data-sheets-value=\"{&quot;1&quot;:2,&quot;2&quot;:&quot;Vide\u00f3\/Fot\u00f3 form\u00e1tum:&quot;}\">Form\u00e1t videa\/fotografi\u00ed:<\/td>\n<td data-sheets-value=\"{&quot;1&quot;:2,&quot;2&quot;:&quot;.mp4 \/.jpg&quot;}\">.mp4 \/ .jpg<\/td>\n<\/tr>\n<tr>\n<td data-sheets-value=\"{&quot;1&quot;:2,&quot;2&quot;:&quot;Vide\u00f3\/Fot\u00f3 felbont\u00e1s:&quot;}\">Rozl\u00ed\u0161enie videa\/fotografi\u00ed:<\/td>\n<td data-sheets-value=\"{&quot;1&quot;:2,&quot;2&quot;:&quot;1024x768&quot;}\">1024\u00d7768<\/td>\n<\/tr>\n<tr>\n<td data-sheets-value=\"{&quot;1&quot;:2,&quot;2&quot;:&quot;V\u00edz\u00e1ll\u00f3s\u00e1g:&quot;}\">Odolnos\u0165 vo\u010di vode:<\/td>\n<td data-sheets-value=\"{&quot;1&quot;:2,&quot;2&quot;:&quot;IPX7&quot;}\">IPX7<\/td>\n<\/tr>\n<tr>\n<td data-sheets-value=\"{&quot;1&quot;:2,&quot;2&quot;:&quot;\u00dczemi h\u0151m\u00e9rs\u00e9klet:&quot;}\">Prev\u00e1dzkov\u00e1 teplota:<\/td>\n<td data-sheets-value=\"{&quot;1&quot;:2,&quot;2&quot;:&quot;-25 ... +50 \u00b0C&quot;}\">-25 ... +50 \u00b0C<\/td>\n<\/tr>\n<tr>\n<td data-sheets-value=\"{&quot;1&quot;:2,&quot;2&quot;:&quot;Wi-Fi:&quot;}\">Wi-Fi:<\/td>\n<td data-sheets-value=\"{&quot;1&quot;:2,&quot;2&quot;:&quot;2.4 \/ 5 GHz&quot;}\">2,4 \/ 5 GHz<\/td>\n<\/tr>\n<tr>\n<td data-sheets-value=\"{&quot;1&quot;:2,&quot;2&quot;:&quot;USB t\u00edpus:&quot;}\">Typ USB:<\/td>\n<td data-sheets-value=\"{&quot;1&quot;:2,&quot;2&quot;:&quot;USB-C&quot;}\">USB-C<\/td>\n<\/tr>\n<tr>\n<td data-sheets-value=\"{&quot;1&quot;:2,&quot;2&quot;:&quot;\u00dczemid\u0151 (22\u00b0C-on):&quot;}\">Prev\u00e1dzkov\u00fd \u010das (pri 22 \u00b0C):<\/td>\n<td data-sheets-value=\"{&quot;1&quot;:2,&quot;2&quot;:&quot;7 \u00f3ra&quot;}\">7 hod\u00edn<\/td>\n<\/tr>\n<tr>\n<td data-sheets-value=\"{&quot;1&quot;:2,&quot;2&quot;:&quot;M\u00e9retek:&quot;}\">Rozmery:<\/td>\n<td data-sheets-value=\"{&quot;1&quot;:2,&quot;2&quot;:&quot;243x72x62mm&quot;}\">243x72x62mm<\/td>\n<\/tr>\n<tr>\n<td data-sheets-value=\"{&quot;1&quot;:2,&quot;2&quot;:&quot;S\u00faly:&quot;}\">Hmotnos\u0165:<\/td>\n<td data-sheets-value=\"{&quot;1&quot;:2,&quot;2&quot;:&quot;0,68 kg (akkumul\u00e1torral egy\u00fctt)&quot;}\">0,68 kg (vr\u00e1tane bat\u00e9rie)<\/td>\n<\/tr>\n<\/tbody>\n<\/table>\n<p>\u010eal\u0161ie inform\u00e1cie n\u00e1jdete na webovej str\u00e1nke v\u00fdrobcu:<br \/>\n<a href=\"https:\/\/www.pulsar-nv.com\/glo\/products\/33\/thermal-imaging-monoculars\/telos-xp\/\">https:\/\/www.pulsar-nv.com\/glo\/products\/33\/thermal-imaging-monoculars\/telos-xp\/<\/a><\/p>","protected":false},"excerpt":{"rendered":"<ul>\n<li>Sn\u00edma\u010d: 1024x768pix. @ 12 \u00b5m (NETD &lt;40 mK)<\/li>\n<li>Nov\u00fd algoritmus<\/li>\n<li>Bat\u00e9ria LPS-7i<\/li>\n<li>Zv\u00e4\u010d\u0161enie: 2,5 - 20 (x8 zoom)<\/li>\n<li>Displej: AMOLED HD (1024\u00d7768)<\/li>\n<li>Ve\u013ekos\u0165: 243x72x62mm<\/li>\n<\/ul>","protected":false},"featured_media":1576,"comment_status":"open","ping_status":"closed","template":"","meta":[],"product_brand":[],"product_cat":[48],"product_tag":[50,44],"class_list":{"0":"post-1575","1":"product","2":"type-product","3":"status-publish","4":"has-post-thumbnail","6":"product_cat-hokamera-keresotavcso","7":"product_tag-hokamera-keresotavcso","8":"product_tag-pulsar","10":"first","11":"instock","12":"taxable","13":"shipping-taxable","14":"purchasable","15":"product-type-simple"},"jetpack_sharing_enabled":true,"_links":{"self":[{"href":"https:\/\/bestoptika.eu\/sk\/wp-json\/wp\/v2\/product\/1575","targetHints":{"allow":["GET"]}}],"collection":[{"href":"https:\/\/bestoptika.eu\/sk\/wp-json\/wp\/v2\/product"}],"about":[{"href":"https:\/\/bestoptika.eu\/sk\/wp-json\/wp\/v2\/types\/product"}],"replies":[{"embeddable":true,"href":"https:\/\/bestoptika.eu\/sk\/wp-json\/wp\/v2\/comments?post=1575"}],"wp:featuredmedia":[{"embeddable":true,"href":"https:\/\/bestoptika.eu\/sk\/wp-json\/wp\/v2\/media\/1576"}],"wp:attachment":[{"href":"https:\/\/bestoptika.eu\/sk\/wp-json\/wp\/v2\/media?parent=1575"}],"wp:term":[{"taxonomy":"product_brand","embeddable":true,"href":"https:\/\/bestoptika.eu\/sk\/wp-json\/wp\/v2\/product_brand?post=1575"},{"taxonomy":"product_cat","embeddable":true,"href":"https:\/\/bestoptika.eu\/sk\/wp-json\/wp\/v2\/product_cat?post=1575"},{"taxonomy":"product_tag","embeddable":true,"href":"https:\/\/bestoptika.eu\/sk\/wp-json\/wp\/v2\/product_tag?post=1575"}],"curies":[{"name":"wp","href":"https:\/\/api.w.org\/{rel}","templated":true}]}}