{"id":1599,"date":"2024-06-24T22:13:14","date_gmt":"2024-06-24T20:13:14","guid":{"rendered":"https:\/\/bestoptika.eu\/?post_type=product&#038;p=1599"},"modified":"2026-03-16T19:38:50","modified_gmt":"2026-03-16T18:38:50","slug":"pulsar-thermion-2-lrf-xp50-pro-hokamera-celtavcso","status":"publish","type":"product","link":"https:\/\/bestoptika.eu\/sk\/product\/pulsar-thermion-2-lrf-xp50-pro-hokamera-celtavcso\/","title":{"rendered":"Pulsar THERMION 2 LRF XP50 PRO Termov\u00edzny pu\u0161koh\u013ead"},"content":{"rendered":"<p><span style=\"font-weight: 400\">A <\/span><b>Pulsar Thermion 2 LRF XP50 PRO <\/b><span style=\"font-weight: 400\">je ur\u010den\u00fd na lov s pu\u0161kou so zabudovan\u00fdm dia\u013ekomerom! Vynikaj\u00faca optika na denn\u00fd aj no\u010dn\u00fd lov. \u010ealekoh\u013ead dok\u00e1\u017ee eliminova\u0165 mnoh\u00e9 prek\u00e1\u017eky prostredia, ako je vysok\u00e1 tr\u00e1va, \u00fakryt at\u010f. Na rozdiel od pr\u00edstrojov no\u010dn\u00e9ho videnia termov\u00edzia nevy\u017eaduje \u017eiadny \u010fal\u0161\u00ed zdroj svetla.<\/span><\/p>\n<p><b>Viac inform\u00e1ci\u00ed:<\/b><\/p>\n<table>\n<tbody>\n<tr>\n<td>Rozl\u00ed\u0161enie sn\u00edma\u010da (px)<\/td>\n<td><span style=\"font-weight: 400\">640\u00d7480<\/span><\/td>\n<\/tr>\n<tr>\n<td>Ve\u013ekos\u0165 pixelu sn\u00edma\u010da (\u00b5m)<\/td>\n<td><span style=\"font-weight: 400\">17<\/span><\/td>\n<\/tr>\n<tr>\n<td>Sn\u00edma\u010d teploty sn\u00edma\u010da NETD (mK)<\/td>\n<td><span style=\"font-weight: 400\">&lt;25<\/span><\/td>\n<\/tr>\n<tr>\n<td>Obnovovacia frekvencia obrazu (Hz)<\/td>\n<td><span style=\"font-weight: 400\">50<\/span><\/td>\n<\/tr>\n<tr>\n<td>Objekt\u00edv<\/td>\n<td><span style=\"font-weight: 400\">F50 \/1.0<\/span><\/td>\n<\/tr>\n<tr>\n<td>Rozsah zv\u00e4\u010d\u0161enia (x)<\/td>\n<td><span style=\"font-weight: 400\">2-16x<\/span><\/td>\n<\/tr>\n<tr>\n<td>Zorn\u00e9 pole (m\/100 m)<\/td>\n<td><span style=\"font-weight: 400\">12.4\u00d79.3\/21.8\u00d716.3<\/span><\/td>\n<\/tr>\n<tr>\n<td>Vzdialenos\u0165 detekcie (m)<\/td>\n<td><span style=\"font-weight: 400\">1800<\/span><\/td>\n<\/tr>\n<tr>\n<td>Zobrazovacia vzdialenos\u0165 (mm)<\/td>\n<td><span style=\"font-weight: 400\">50<\/span><\/td>\n<\/tr>\n<tr>\n<td>Typ displeja<\/td>\n<td><span style=\"font-weight: 400\">AMOLED<\/span><\/td>\n<\/tr>\n<tr>\n<td>Rozl\u00ed\u0161enie displeja (px)<\/td>\n<td><span style=\"font-weight: 400\">1024\u00d7768<\/span><\/td>\n<\/tr>\n<tr>\n<td>Rozl\u00ed\u0161enie videa\/fotografi\u00ed (px)<\/td>\n<td><span style=\"font-weight: 400\">1024\u00d7768<\/span><\/td>\n<\/tr>\n<tr>\n<td>Zabudovan\u00e1 pam\u00e4\u0165ov\u00e1 karta (GB)<\/td>\n<td><span style=\"font-weight: 400\">16<\/span><\/td>\n<\/tr>\n<tr>\n<td>Wifi<\/td>\n<td><span style=\"font-weight: 400\">Majte<\/span><\/td>\n<\/tr>\n<tr>\n<td>Ochrana s\u00fakromia IP<\/td>\n<td><span style=\"font-weight: 400\">IPX7<\/span><\/td>\n<\/tr>\n<tr>\n<td>Prev\u00e1dzkov\u00e1 teplota (\u00b0C)<\/td>\n<td><span style=\"font-weight: 400\">-25-+50<\/span><\/td>\n<\/tr>\n<tr>\n<td>Odolnos\u0165 proti v\u00fdstrelu (Joule)<\/td>\n<td><span style=\"font-weight: 400\">6000<\/span><\/td>\n<\/tr>\n<tr>\n<td>Mont\u00e1\u017e<\/td>\n<td><span style=\"font-weight: 400\">30 mm kr\u00fa\u017eok<\/span><\/td>\n<\/tr>\n<tr>\n<td>Typ bat\u00e9rie<\/td>\n<td><span style=\"font-weight: 400\">APS5 vstavan\u00e1 intern\u00e1), Li-ion bat\u00e9rie (APS2 alebo APS3 extern\u00e1<\/span><\/td>\n<\/tr>\n<tr>\n<td>Nap\u00e1janie (mAh)<\/td>\n<td><span style=\"font-weight: 400\">2000 (extern\u00e9) + 4900 (intern\u00e9)<\/span><\/td>\n<\/tr>\n<tr>\n<td>Prev\u00e1dzkov\u00fd \u010das (hodiny)<\/td>\n<td><span style=\"font-weight: 400\">8.5<\/span><\/td>\n<\/tr>\n<tr>\n<td>Rozmery (mm)<\/td>\n<td><span style=\"font-weight: 400\">420\u00d778, 5, 5\u00d794<\/span><\/td>\n<\/tr>\n<tr>\n<td>Hmotnos\u0165 (kg)<\/td>\n<td><span style=\"font-weight: 400\">0.97<\/span><\/td>\n<\/tr>\n<tr>\n<td>Z\u00e1ruka v\u00fdrobcu<\/td>\n<td><span style=\"font-weight: 400\">3 roky + 1 rok pre bat\u00e9riu<\/span><\/td>\n<\/tr>\n<tr>\n<td>Kateg\u00f3ria termokamier<\/td>\n<td><span style=\"font-weight: 400\">Termokamera Teleskopick\u00fd zameriava\u010d<\/span><\/td>\n<\/tr>\n<\/tbody>\n<\/table>\n<p>\u010eal\u0161ie inform\u00e1cie n\u00e1jdete na webovej str\u00e1nke v\u00fdrobcu:<br \/>\n<a href=\"https:\/\/www.pulsar-nv.com\/glo\/products\/33\/thermal-imaging-riflescopes\/thermion-2-lrf\/\">https:\/\/www.pulsar-nv.com\/glo\/products\/33\/thermal-imaging-riflescopes\/thermion-2-lrf\/<\/a><\/p>","protected":false},"excerpt":{"rendered":"<ul>\n<li style=\"font-weight: 400\"><span style=\"font-weight: 400\">Vysok\u00e1 detek\u010dn\u00e1 vzdialenos\u0165 (1800 m)<\/span><\/li>\n<li style=\"font-weight: 400\"><span style=\"font-weight: 400\">Tepelne citliv\u00fd sn\u00edma\u010d NETD 25mK<\/span><\/li>\n<li style=\"font-weight: 400\"><span style=\"font-weight: 400\">Variabiln\u00fd digit\u00e1lny ZOOM<\/span><\/li>\n<li style=\"font-weight: 400\"><span style=\"font-weight: 400\">17 \u00b5m sn\u00edma\u010d (640 \u00d7 480)<\/span><\/li>\n<li style=\"font-weight: 400\"><span style=\"font-weight: 400\">Kalibre na maxim\u00e1lne vyu\u017eitie: 375 H&amp;H, 12-rann\u00fd a 9,3\u00d764<\/span><\/li>\n<li style=\"font-weight: 400\"><span style=\"font-weight: 400\">Mo\u017eno namontova\u0165 pomocou 30 mm kr\u00fa\u017ekov\u00e9ho kovania<\/span><\/li>\n<li style=\"font-weight: 400\"><span style=\"font-weight: 400\">Okam\u017eit\u00e9 nastavenie syst\u00e9mu<\/span><\/li>\n<li style=\"font-weight: 400\"><span style=\"font-weight: 400\">Pogumovan\u00fd kovov\u00fd r\u00e1m<\/span><\/li>\n<li style=\"font-weight: 400\"><span style=\"font-weight: 400\">Odolnos\u0165 vo\u010di vode IPX7<\/span><\/li>\n<li style=\"font-weight: 400\"><span style=\"font-weight: 400\">Displej s rozl\u00ed\u0161en\u00edm HD AMOLED 1024 \u00d7 768 pixelov<\/span><\/li>\n<li style=\"font-weight: 400\"><span style=\"font-weight: 400\">Mobiln\u00e1 aplik\u00e1cia (Stream Vision 2)<\/span><\/li>\n<li style=\"font-weight: 400\"><span style=\"font-weight: 400\">Nahr\u00e1vanie obr\u00e1zkov a vide\u00ed<\/span><\/li>\n<\/ul>","protected":false},"featured_media":1600,"comment_status":"open","ping_status":"closed","template":"","meta":[],"product_brand":[],"product_cat":[30,45],"product_tag":[32,18,44],"class_list":{"0":"post-1599","1":"product","2":"type-product","3":"status-publish","4":"has-post-thumbnail","6":"product_cat-celtavcso","7":"product_cat-hokamera","8":"product_tag-celtavcso","9":"product_tag-hokamera","10":"product_tag-pulsar","12":"first","13":"instock","14":"taxable","15":"shipping-taxable","16":"purchasable","17":"product-type-simple"},"jetpack_sharing_enabled":true,"_links":{"self":[{"href":"https:\/\/bestoptika.eu\/sk\/wp-json\/wp\/v2\/product\/1599","targetHints":{"allow":["GET"]}}],"collection":[{"href":"https:\/\/bestoptika.eu\/sk\/wp-json\/wp\/v2\/product"}],"about":[{"href":"https:\/\/bestoptika.eu\/sk\/wp-json\/wp\/v2\/types\/product"}],"replies":[{"embeddable":true,"href":"https:\/\/bestoptika.eu\/sk\/wp-json\/wp\/v2\/comments?post=1599"}],"wp:featuredmedia":[{"embeddable":true,"href":"https:\/\/bestoptika.eu\/sk\/wp-json\/wp\/v2\/media\/1600"}],"wp:attachment":[{"href":"https:\/\/bestoptika.eu\/sk\/wp-json\/wp\/v2\/media?parent=1599"}],"wp:term":[{"taxonomy":"product_brand","embeddable":true,"href":"https:\/\/bestoptika.eu\/sk\/wp-json\/wp\/v2\/product_brand?post=1599"},{"taxonomy":"product_cat","embeddable":true,"href":"https:\/\/bestoptika.eu\/sk\/wp-json\/wp\/v2\/product_cat?post=1599"},{"taxonomy":"product_tag","embeddable":true,"href":"https:\/\/bestoptika.eu\/sk\/wp-json\/wp\/v2\/product_tag?post=1599"}],"curies":[{"name":"wp","href":"https:\/\/api.w.org\/{rel}","templated":true}]}}