{"id":1650,"date":"2024-07-01T23:11:56","date_gmt":"2024-07-01T21:11:56","guid":{"rendered":"https:\/\/bestoptika.eu\/?post_type=product&#038;p=1650"},"modified":"2026-01-31T15:30:42","modified_gmt":"2026-01-31T14:30:42","slug":"infiray-cabin-cbl25-hokameras-monokular","status":"publish","type":"product","link":"https:\/\/bestoptika.eu\/sk\/product\/infiray-cabin-cbl25-hokameras-monokular\/","title":{"rendered":"InfiRay CABIN CBL25 termov\u00edzny monokul\u00e1r"},"content":{"rendered":"<table dir=\"ltr\" border=\"1\" cellspacing=\"0\" cellpadding=\"0\" data-sheets-root=\"1\">\n<colgroup>\n<col width=\"311\" \/>\n<col width=\"313\" \/><\/colgroup>\n<tbody>\n<tr>\n<td data-sheets-value=\"{&quot;1&quot;:2,&quot;2&quot;:&quot;Technikai param\u00e9terek&quot;}\"><strong>Technick\u00e9 parametre:<\/strong><\/td>\n<td><\/td>\n<\/tr>\n<tr>\n<td data-sheets-value=\"{&quot;1&quot;:2,&quot;2&quot;:&quot;Szenzor felbont\u00e1sa&quot;}\">Rozl\u00ed\u0161enie senzora<\/td>\n<td data-sheets-value=\"{&quot;1&quot;:2,&quot;2&quot;:&quot;384x288px&quot;}\">384x288px<\/td>\n<\/tr>\n<tr>\n<td data-sheets-value=\"{&quot;1&quot;:2,&quot;2&quot;:&quot;Pixelm\u00e9ret&quot;}\">Ve\u013ekos\u0165 pixelov<\/td>\n<td data-sheets-value=\"{&quot;1&quot;:2,&quot;2&quot;:&quot;12\u00b5m&quot;}\">12\u00b5m<\/td>\n<\/tr>\n<tr>\n<td data-sheets-value=\"{&quot;1&quot;:2,&quot;2&quot;:&quot;NETD - H\u0151k\u00fcl\u00f6nbs\u00e9gek \u00e9rz\u00e9kenys\u00e9ge&quot;}\">NETD - citlivos\u0165 na teplotn\u00e9 rozdiely<\/td>\n<td data-sheets-value=\"{&quot;1&quot;:2,&quot;2&quot;:&quot;&lt;40mK&quot;}\">&lt;40mK<\/td>\n<\/tr>\n<tr>\n<td data-sheets-value=\"{&quot;1&quot;:2,&quot;2&quot;:&quot;K\u00e9pfriss\u00edt\u00e9si sebess\u00e9g (Hz)&quot;}\">Obnovovacia frekvencia obrazu (Hz)<\/td>\n<td data-sheets-value=\"{&quot;1&quot;:2,&quot;2&quot;:&quot;50Hz&quot;}\">50 Hz<\/td>\n<\/tr>\n<tr>\n<td data-sheets-value=\"{&quot;1&quot;:2,&quot;2&quot;:&quot;Objekt\u00edv lencse (mm)&quot;}\">Objekt\u00edv (mm)<\/td>\n<td data-sheets-value=\"{&quot;1&quot;:2,&quot;2&quot;:&quot;25mm&quot;}\">25 mm<\/td>\n<\/tr>\n<tr>\n<td data-sheets-value=\"{&quot;1&quot;:2,&quot;2&quot;:&quot;L\u00e1t\u00f3mez\u0151&quot;}\">Zorn\u00e9 pole<\/td>\n<td data-sheets-value=\"{&quot;1&quot;:2,&quot;2&quot;:&quot;10,5\u00b0 x 7,9\u00b0&quot;}\">10,5\u00b0 x 7,9\u00b0<\/td>\n<\/tr>\n<tr>\n<td data-sheets-value=\"{&quot;1&quot;:2,&quot;2&quot;:&quot;Digit\u00e1lis nagy\u00edt\u00e1s&quot;}\">Digit\u00e1lny zoom<\/td>\n<td data-sheets-value=\"{&quot;1&quot;:2,&quot;2&quot;:&quot;1x-4x&quot;}\">1x-4x<\/td>\n<\/tr>\n<tr>\n<td data-sheets-value=\"{&quot;1&quot;:2,&quot;2&quot;:&quot;Optikai nagy\u00edt\u00e1s&quot;}\">Optick\u00e9 zv\u00e4\u010d\u0161enie<\/td>\n<td data-sheets-value=\"{&quot;1&quot;:2,&quot;2&quot;:&quot;2,5x&quot;}\">2,5x<\/td>\n<\/tr>\n<tr>\n<td data-sheets-value=\"{&quot;1&quot;:2,&quot;2&quot;:&quot;Szemk\u00f6nny\u00edt\u00e9s&quot;}\">\u00da\u013eava od o\u010d\u00ed<\/td>\n<td data-sheets-value=\"{&quot;1&quot;:2,&quot;2&quot;:&quot;20mm&quot;}\">20 mm<\/td>\n<\/tr>\n<tr>\n<td data-sheets-value=\"{&quot;1&quot;:2,&quot;2&quot;:&quot;Dioptria korrekci\u00f3&quot;}\">Dioptrick\u00e1 korekcia<\/td>\n<td data-sheets-value=\"{&quot;1&quot;:2,&quot;2&quot;:&quot;-5 - +5&quot;}\">-5 - +5<\/td>\n<\/tr>\n<tr>\n<td data-sheets-value=\"{&quot;1&quot;:2,&quot;2&quot;:&quot;\u00c9szlel\u00e9si t\u00e1vols\u00e1g&quot;}\">Detek\u010dn\u00e1 vzdialenos\u0165<\/td>\n<td data-sheets-value=\"{&quot;1&quot;:2,&quot;2&quot;:&quot;1300m&quot;}\">1300m<\/td>\n<\/tr>\n<tr>\n<td data-sheets-value=\"{&quot;1&quot;:2,&quot;2&quot;:&quot;Kijelz\u0151 t\u00edpusa&quot;}\">Typ displeja<\/td>\n<td data-sheets-value=\"{&quot;1&quot;:2,&quot;2&quot;:&quot;LCOS&quot;}\">LCOS<\/td>\n<\/tr>\n<tr>\n<td data-sheets-value=\"{&quot;1&quot;:2,&quot;2&quot;:&quot;Kijelz\u0151 felbont\u00e1sa&quot;}\">Rozl\u00ed\u0161enie displeja<\/td>\n<td data-sheets-value=\"{&quot;1&quot;:2,&quot;2&quot;:&quot;1280x960px&quot;}\">1280x960px<\/td>\n<\/tr>\n<tr>\n<td data-sheets-value=\"{&quot;1&quot;:2,&quot;2&quot;:&quot;Akkumul\u00e1tor t\u00edpusa&quot;}\">Typ bat\u00e9rie<\/td>\n<td data-sheets-value=\"{&quot;1&quot;:2,&quot;2&quot;:&quot;2x cser\u00e9lhet\u0151 Li-ion akkumul\u00e1tor \/ 3,1Ah \/ 3,6V&quot;}\">2x vymenite\u013en\u00e1 Li-ion bat\u00e9ria \/ 3,1Ah \/ 3,6V<\/td>\n<\/tr>\n<tr>\n<td data-sheets-value=\"{&quot;1&quot;:2,&quot;2&quot;:&quot;Akkumul\u00e1tor \u00e9lettartam&quot;}\">\u017divotnos\u0165 bat\u00e9rie<\/td>\n<td data-sheets-value=\"{&quot;1&quot;:2,&quot;2&quot;:&quot;ak\u00e1r 7,5 \u00f3ra&quot;}\">a\u017e 7,5 hodiny<\/td>\n<\/tr>\n<tr>\n<td data-sheets-value=\"{&quot;1&quot;:2,&quot;2&quot;:&quot;Wi-Fi&quot;}\">Wi-Fi<\/td>\n<td data-sheets-value=\"{&quot;1&quot;:2,&quot;2&quot;:&quot;Igen&quot;}\">\u00c1no<\/td>\n<\/tr>\n<tr>\n<td data-sheets-value=\"{&quot;1&quot;:2,&quot;2&quot;:&quot;Fot\u00f3\/Vide\u00f3&quot;}\">Foto\/video<\/td>\n<td data-sheets-value=\"{&quot;1&quot;:2,&quot;2&quot;:&quot;Igen&quot;}\">\u00c1no<\/td>\n<\/tr>\n<tr>\n<td data-sheets-value=\"{&quot;1&quot;:2,&quot;2&quot;:&quot;Hangr\u00f6gz\u00edt\u00e9s&quot;}\">Nahr\u00e1vanie zvuku<\/td>\n<td data-sheets-value=\"{&quot;1&quot;:2,&quot;2&quot;:&quot;Nem&quot;}\">Nie<\/td>\n<\/tr>\n<tr>\n<td data-sheets-value=\"{&quot;1&quot;:2,&quot;2&quot;:&quot;Mobilalkalmaz\u00e1s&quot;}\">Mobiln\u00e1 aplik\u00e1cia<\/td>\n<td data-sheets-value=\"{&quot;1&quot;:2,&quot;2&quot;:&quot;Igen&quot;}\">\u00c1no<\/td>\n<\/tr>\n<tr>\n<td data-sheets-value=\"{&quot;1&quot;:2,&quot;2&quot;:&quot;L\u00e9zeres t\u00e1vols\u00e1gm\u00e9r\u0151&quot;}\">Laserov\u00fd dia\u013ekomer<\/td>\n<td data-sheets-value=\"{&quot;1&quot;:2,&quot;2&quot;:&quot;Nem&quot;}\">Nie<\/td>\n<\/tr>\n<tr>\n<td data-sheets-value=\"{&quot;1&quot;:2,&quot;2&quot;:&quot;Csatlakoz\u00e1s t\u00edpusa&quot;}\">Typ pripojenia<\/td>\n<td data-sheets-value=\"{&quot;1&quot;:2,&quot;2&quot;:&quot;USB-C \/ 5V&quot;}\">USB-C \/ 5V<\/td>\n<\/tr>\n<tr>\n<td data-sheets-value=\"{&quot;1&quot;:2,&quot;2&quot;:&quot;T\u00e1rhely&quot;}\">Ukladanie<\/td>\n<td data-sheets-value=\"{&quot;1&quot;:2,&quot;2&quot;:&quot;16GB&quot;}\">16 GB<\/td>\n<\/tr>\n<tr>\n<td data-sheets-value=\"{&quot;1&quot;:2,&quot;2&quot;:&quot;V\u00edz\u00e1ll\u00f3s\u00e1g&quot;}\">Odolnos\u0165 vo\u010di vode<\/td>\n<td data-sheets-value=\"{&quot;1&quot;:2,&quot;2&quot;:&quot;IP67&quot;}\">IP67<\/td>\n<\/tr>\n<tr>\n<td data-sheets-value=\"{&quot;1&quot;:2,&quot;2&quot;:&quot;S\u00faly&quot;}\">Hmotnos\u0165<\/td>\n<td data-sheets-value=\"{&quot;1&quot;:2,&quot;2&quot;:&quot;380g&quot;}\">380g<\/td>\n<\/tr>\n<tr>\n<td data-sheets-value=\"{&quot;1&quot;:2,&quot;2&quot;:&quot;M\u00e9retek&quot;}\">Rozmery<\/td>\n<td data-sheets-value=\"{&quot;1&quot;:2,&quot;2&quot;:&quot;165x50x85mm&quot;}\">165x50x85 mm<\/td>\n<\/tr>\n<\/tbody>\n<\/table>\n<p>\u010eal\u0161ie inform\u00e1cie n\u00e1jdete na webovej str\u00e1nke v\u00fdrobcu:<br \/>\n<a href=\"https:\/\/www.infirayoutdoor.com\/thermal-imaging-scope-cabin-series\">https:\/\/www.infirayoutdoor.com\/thermal-imaging-scope-cabin-series<\/a><\/p>","protected":false},"excerpt":{"rendered":"<p><span style=\"font-weight: 400\">Mal\u00fd, \u013eahk\u00fd, vysoko v\u00fdkonn\u00fd termov\u00edzny monokul\u00e1r. Jasn\u00fd, kontrastn\u00fd obraz, n\u00edzky \u0161um, vysok\u00e9 osvetlenie<strong>odn\u00edmate\u013en\u00fd bajonetov\u00fd z\u00e1mok bat\u00e9rie<\/strong>s r\u00fdchlym zaostrovan\u00edm, ktor\u00e9 umo\u017e\u0148uje r\u00fdchle zaostrenie <strong>posuvn\u00e9 rameno,<\/strong> Zabudovan\u00e1 str\u00e1nka <strong>LED lampa 50 metrov<\/strong> dosah a \u010fal\u0161ie funkcie z neho robia jeden z najob\u013e\u00fabenej\u0161\u00edch monokul\u00e1rov na no\u010dn\u00fd lov. A <strong>25 mm objekt\u00edv<\/strong> dod\u00e1va tomuto modelu e\u0161te v\u00e4\u010d\u0161\u00ed v\u00fdkon.<\/span><\/p>","protected":false},"featured_media":1651,"comment_status":"open","ping_status":"closed","template":"","meta":[],"product_brand":[],"product_cat":[45],"product_tag":[43,82],"class_list":{"0":"post-1650","1":"product","2":"type-product","3":"status-publish","4":"has-post-thumbnail","6":"product_cat-hokamera","7":"product_tag-infiray","8":"product_tag-monokular","10":"first","11":"instock","12":"taxable","13":"shipping-taxable","14":"purchasable","15":"product-type-simple"},"jetpack_sharing_enabled":true,"_links":{"self":[{"href":"https:\/\/bestoptika.eu\/sk\/wp-json\/wp\/v2\/product\/1650","targetHints":{"allow":["GET"]}}],"collection":[{"href":"https:\/\/bestoptika.eu\/sk\/wp-json\/wp\/v2\/product"}],"about":[{"href":"https:\/\/bestoptika.eu\/sk\/wp-json\/wp\/v2\/types\/product"}],"replies":[{"embeddable":true,"href":"https:\/\/bestoptika.eu\/sk\/wp-json\/wp\/v2\/comments?post=1650"}],"wp:featuredmedia":[{"embeddable":true,"href":"https:\/\/bestoptika.eu\/sk\/wp-json\/wp\/v2\/media\/1651"}],"wp:attachment":[{"href":"https:\/\/bestoptika.eu\/sk\/wp-json\/wp\/v2\/media?parent=1650"}],"wp:term":[{"taxonomy":"product_brand","embeddable":true,"href":"https:\/\/bestoptika.eu\/sk\/wp-json\/wp\/v2\/product_brand?post=1650"},{"taxonomy":"product_cat","embeddable":true,"href":"https:\/\/bestoptika.eu\/sk\/wp-json\/wp\/v2\/product_cat?post=1650"},{"taxonomy":"product_tag","embeddable":true,"href":"https:\/\/bestoptika.eu\/sk\/wp-json\/wp\/v2\/product_tag?post=1650"}],"curies":[{"name":"wp","href":"https:\/\/api.w.org\/{rel}","templated":true}]}}