{"id":1684,"date":"2024-07-03T22:51:30","date_gmt":"2024-07-03T20:51:30","guid":{"rendered":"https:\/\/bestoptika.eu\/?post_type=product&#038;p=1684"},"modified":"2025-04-14T19:24:05","modified_gmt":"2025-04-14T17:24:05","slug":"infiray-x-eye-e6-v3-0-hokamera","status":"publish","type":"product","link":"https:\/\/bestoptika.eu\/sk\/product\/infiray-x-eye-e6-v3-0-hokamera\/","title":{"rendered":"InfiRay X-EYE E6+ V3.0 termov\u00edzny monokul\u00e1r"},"content":{"rendered":"<div class=\"data__items row gutters-10 gutters-md-20 gutters-xl-40\">\n<div class=\"data__item col-lg-6 data__item-param\">\n<div class=\"data__item-param-inner h-100\">\n<div class=\"d-flex flex-wrap h-100 align-items-center\">\n<div id=\"page_artdet_product_param_value_851015\" class=\"data__item-value h-100 col-6 col-xxl-7\">\n<div class=\"artdet__param-value\">\n<p><span style=\"font-weight: 400\">Z adresy <strong>InfiRay X-Eye E6+ V3.0<\/strong> . <strong>500 g vreckov\u00fd termov\u00edzny monokul\u00e1r<\/strong> na spozn\u00e1vanie pr\u00edrody. Pom\u00f4\u017ee v\u00e1m presk\u00fama\u0165 okolie a \u013eahko zisti\u0165 ciele a\u017e do vzdialenosti 1818 metrov. E6+ V3 je dokonal\u00fdm spolo\u010dn\u00edkom na lov, \u010di u\u017e zaostrujete zbl\u00edzka alebo z dia\u013eky, cie\u013e m\u00f4\u017eete pozorova\u0165 s dokonalou ostros\u0165ou. V\u010faka sn\u00edma\u010du s ultravysok\u00fdm rozl\u00ed\u0161en\u00edm a mimoriadne detailn\u00e9mu displeju sa v tme neskryjete.<\/span><\/p>\n<p><span style=\"font-weight: 400\">Vysoko v\u00fdkonn\u00e1 termov\u00edzna kamera pre bezpe\u010dnostn\u00e9, vyh\u013ead\u00e1vacie, sledovacie a sledovacie aplik\u00e1cie. S ve\u013ekou \u00fa\u010dinnos\u0165ou ju m\u00f4\u017eu vyu\u017e\u00edva\u0165 z\u00e1chrann\u00e9 slu\u017eby, civiln\u00e1 obrana, dokonca aj pri p\u00e1tran\u00ed po nezvestn\u00fdch osob\u00e1ch. V\u010faka svojmu zorn\u00e9mu uhlu a vynikaj\u00facej tepelnej citlivosti je vhodn\u00e1 aj na \u00fa\u010dely ochrany hran\u00edc, v \u00faplnej tme, dokonca aj v zalesnen\u00fdch, krovinat\u00fdch, kryt\u00fdch oblastiach, \u010do umo\u017e\u0148uje sledovanie ve\u013ek\u00fdch oblast\u00ed, odha\u013eovanie a sledovanie neleg\u00e1lneho pohybu.<\/span><\/p>\n<table dir=\"ltr\" border=\"1\" cellspacing=\"0\" cellpadding=\"0\" data-sheets-root=\"1\">\n<colgroup>\n<col width=\"282\" \/>\n<col width=\"612\" \/><\/colgroup>\n<tbody>\n<tr>\n<td data-sheets-value=\"{&quot;1&quot;:2,&quot;2&quot;:&quot;Technikai param\u00e9ter&quot;}\">Technick\u00fd parameter<\/td>\n<td data-sheets-value=\"{&quot;1&quot;:2,&quot;2&quot;:&quot;\u00c9rt\u00e9k&quot;}\">Hodnota<\/td>\n<\/tr>\n<tr>\n<td data-sheets-value=\"{&quot;1&quot;:2,&quot;2&quot;:&quot;H\u0151szenzor&quot;}\">Sn\u00edma\u010d tepla<\/td>\n<td data-sheets-value=\"{&quot;1&quot;:2,&quot;2&quot;:&quot;640x512 12\u03bcm&quot;}\">640\u00d7512 12\u03bcm<\/td>\n<\/tr>\n<tr>\n<td data-sheets-value=\"{&quot;1&quot;:2,&quot;2&quot;:&quot;H\u0151szenzor NETD&quot;}\">Sn\u00edma\u010d tepla NETD<\/td>\n<td data-sheets-value=\"{&quot;1&quot;:2,&quot;2&quot;:&quot;25 mK&quot;}\">25 mK<\/td>\n<\/tr>\n<tr>\n<td data-sheets-value=\"{&quot;1&quot;:2,&quot;2&quot;:&quot;Kijelz\u0151&quot;}\">Zobrazenie<\/td>\n<td data-sheets-value=\"{&quot;1&quot;:2,&quot;2&quot;:&quot;1024x768 OLED&quot;}\">1024\u00d7768 OLED<\/td>\n<\/tr>\n<tr>\n<td data-sheets-value=\"{&quot;1&quot;:2,&quot;2&quot;:&quot;Nagy\u00edt\u00e1s tartom\u00e1ny (x)&quot;}\">Rozsah zv\u00e4\u010d\u0161enia (x)<\/td>\n<td data-sheets-value=\"{&quot;1&quot;:2,&quot;2&quot;:&quot;2 \u2013 8&quot;}\">2 - 8<\/td>\n<\/tr>\n<tr>\n<td data-sheets-value=\"{&quot;1&quot;:2,&quot;2&quot;:&quot;Objekt\u00edv&quot;}\">\u0160o\u0161ovka<\/td>\n<td data-sheets-value=\"{&quot;1&quot;:2,&quot;2&quot;:&quot;35 mm-es f\u00f3kuszt\u00e1vols\u00e1g, manu\u00e1lis f\u00f3kusz&quot;}\">Ohniskov\u00e1 vzdialenos\u0165 35 mm, manu\u00e1lne zaostrovanie<\/td>\n<\/tr>\n<tr>\n<td data-sheets-value=\"{&quot;1&quot;:2,&quot;2&quot;:&quot;V\u00edzszintes l\u00e1t\u00f3sz\u00f6g (\u00b0)&quot;}\">Horizont\u00e1lny uhol z\u00e1beru (\u00b0)<\/td>\n<td data-sheets-value=\"{&quot;1&quot;:3,&quot;3&quot;:12.5}\">12.5<\/td>\n<\/tr>\n<tr>\n<td data-sheets-value=\"{&quot;1&quot;:2,&quot;2&quot;:&quot;Alap nagy\u00edt\u00e1s (x)&quot;}\">Z\u00e1kladn\u00e9 zv\u00e4\u010d\u0161enie (x)<\/td>\n<td data-sheets-value=\"{&quot;1&quot;:3,&quot;3&quot;:2}\">2<\/td>\n<\/tr>\n<tr>\n<td data-sheets-value=\"{&quot;1&quot;:2,&quot;2&quot;:&quot;\u00c1llv\u00e1ny csatlakoz\u00e1s&quot;}\">Pripojenie stat\u00edvu<\/td>\n<td data-sheets-value=\"{&quot;1&quot;:2,&quot;2&quot;:&quot;1\/4 coll&quot;}\">1\/4 kol\u00f3na<\/td>\n<\/tr>\n<tr>\n<td data-sheets-value=\"{&quot;1&quot;:2,&quot;2&quot;:&quot;Dioptria kompenz\u00e1ci\u00f3&quot;}\">Kompenz\u00e1cia dioptri\u00ed<\/td>\n<td data-sheets-value=\"{&quot;1&quot;:2,&quot;2&quot;:&quot;van&quot;}\">je .<\/td>\n<\/tr>\n<tr>\n<td data-sheets-value=\"{&quot;1&quot;:2,&quot;2&quot;:&quot;EAN k\u00f3d&quot;}\">EAN k\u00f3d<\/td>\n<td data-sheets-value=\"{&quot;1&quot;:3,&quot;3&quot;:6973202300831}\">6973202300831<\/td>\n<\/tr>\n<tr>\n<td data-sheets-value=\"{&quot;1&quot;:2,&quot;2&quot;:&quot;Egy\u00e9b tulajdons\u00e1gok&quot;}\">\u010eal\u0161ie funkcie<\/td>\n<td data-sheets-value=\"{&quot;1&quot;:2,&quot;2&quot;:&quot;forr\u00f3 pont keres\u0151&quot;}\">vyh\u013ead\u00e1va\u010d hor\u00facich miest<\/td>\n<\/tr>\n<tr>\n<td data-sheets-value=\"{&quot;1&quot;:2,&quot;2&quot;:&quot;Energiaell\u00e1t\u00e1s&quot;}\">Dod\u00e1vka energie<\/td>\n<td data-sheets-value=\"{&quot;1&quot;:2,&quot;2&quot;:&quot;be\u00e9p\u00edtett Li-ion, \u00fajrat\u00f6lthet\u0151&quot;}\">zabudovan\u00fd Li-ion, dob\u00edjate\u013en\u00fd<\/td>\n<\/tr>\n<tr>\n<td data-sheets-value=\"{&quot;1&quot;:2,&quot;2&quot;:&quot;\u00c9szlel\u00e9si t\u00e1vols\u00e1g&quot;}\">Detek\u010dn\u00e1 vzdialenos\u0165<\/td>\n<td data-sheets-value=\"{&quot;1&quot;:2,&quot;2&quot;:&quot;\u00c9szlel\u00e9s: emberalak: 1818 m&quot;}\">Vn\u00edmanie: \u013eudsk\u00fd tvar: 1818 m<\/td>\n<\/tr>\n<tr>\n<td data-sheets-value=\"{&quot;1&quot;:2,&quot;2&quot;:&quot;Gy\u00e1rt\u00f3&quot;}\">V\u00fdrobca<\/td>\n<td data-sheets-value=\"{&quot;1&quot;:2,&quot;2&quot;:&quot;InfiRay&quot;}\">InfiRay<\/td>\n<\/tr>\n<tr>\n<td data-sheets-value=\"{&quot;1&quot;:2,&quot;2&quot;:&quot;Gy\u00e1rt\u00f3 \u00e1ltal v\u00e1llalt garancia&quot;}\">Z\u00e1ruka v\u00fdrobcu<\/td>\n<td data-sheets-value=\"{&quot;1&quot;:2,&quot;2&quot;:&quot;3 \u00e9v \u00e1ltal\u00e1nos garancia a k\u00e9sz\u00fcl\u00e9kre, 10 \u00e9v a szenzorra, 2 \u00e9v az akkumul\u00e1torra&quot;}\">3 roky v\u0161eobecnej z\u00e1ruky na zariadenie, 10 rokov na senzor, 2 roky na bat\u00e9riu<\/td>\n<\/tr>\n<tr>\n<td data-sheets-value=\"{&quot;1&quot;:2,&quot;2&quot;:&quot;H\u0151kamera fel\u00e9p\u00edt\u00e9s&quot;}\">Architekt\u00fara termokamery<\/td>\n<td data-sheets-value=\"{&quot;1&quot;:2,&quot;2&quot;:&quot;Egyszemes keres\u0151&quot;}\">Vyh\u013ead\u00e1vanie jedn\u00fdm okom<\/td>\n<\/tr>\n<tr>\n<td data-sheets-value=\"{&quot;1&quot;:2,&quot;2&quot;:&quot;K\u00e9pfriss\u00edt\u00e9s&quot;}\">Aktualiz\u00e1cia obr\u00e1zkov<\/td>\n<td data-sheets-value=\"{&quot;1&quot;:2,&quot;2&quot;:&quot;50 Hz&quot;}\">50 Hz<\/td>\n<\/tr>\n<tr>\n<td data-sheets-value=\"{&quot;1&quot;:2,&quot;2&quot;:&quot;Kijelz\u0151 sz\u00edn \u00fczemm\u00f3dok&quot;}\">Re\u017eimy farieb displeja<\/td>\n<td data-sheets-value=\"{&quot;1&quot;:2,&quot;2&quot;:&quot;feh\u00e9r kiemel\u00e9s, fekete, v\u00f6r\u00f6s, sz\u00ednes (t\u00falszatur\u00e1lt)&quot;}\">biele zv\u00fdraznenie, \u010dierna, \u010derven\u00e1, farba (pres\u00fdten\u00e9)<\/td>\n<\/tr>\n<tr>\n<td data-sheets-value=\"{&quot;1&quot;:2,&quot;2&quot;:&quot;L\u00e1t\u00f3sz\u00f6g (\u00b0)&quot;}\">Uhol z\u00e1beru (\u00b0)<\/td>\n<td data-sheets-value=\"{&quot;1&quot;:2,&quot;2&quot;:&quot;12.5\u00b0x 10\u00b0&quot;}\">12.5\u00b0x 10\u00b0<\/td>\n<\/tr>\n<tr>\n<td data-sheets-value=\"{&quot;1&quot;:2,&quot;2&quot;:&quot;M\u00e9retek&quot;}\">Rozmery<\/td>\n<td data-sheets-value=\"{&quot;1&quot;:2,&quot;2&quot;:&quot;188 x 65 x 64 mm&quot;}\">188 x 65 x 64 mm<\/td>\n<\/tr>\n<tr>\n<td data-sheets-value=\"{&quot;1&quot;:2,&quot;2&quot;:&quot;M\u0171k\u00f6d\u00e9si \/ t\u00e1rol\u00e1si h\u0151m\u00e9rs\u00e9klet&quot;}\">Prev\u00e1dzkov\u00e1 teplota \/ teplota skladovania<\/td>\n<td data-sheets-value=\"{&quot;1&quot;:2,&quot;2&quot;:&quot;-20\u2103- +50\u2103 \/ -30\u2103- +60\u2103&quot;}\">-20\u2103- +50\u2103 \/ -30\u2103- +60\u2103<\/td>\n<\/tr>\n<tr>\n<td data-sheets-value=\"{&quot;1&quot;:2,&quot;2&quot;:&quot;Spektr\u00e1lis m\u00e9r\u00e9startom\u00e1ny&quot;}\">Spektr\u00e1lny rozsah merania<\/td>\n<td data-sheets-value=\"{&quot;1&quot;:2,&quot;2&quot;:&quot;12\u03bcm&quot;}\">12\u03bcm<\/td>\n<\/tr>\n<tr>\n<td data-sheets-value=\"{&quot;1&quot;:2,&quot;2&quot;:&quot;Szenzor&quot;}\">Senzor<\/td>\n<td data-sheets-value=\"{&quot;1&quot;:2,&quot;2&quot;:&quot;640x512 nagy teljes\u00edtm\u00e9ny\u0171 VOX detektor, 12 \u00b5m pixelm\u00e9ret\u0171 \u00e9rz\u00e9kel\u0151, NETD &lt;= 25 mK&quot;}\">Vysoko v\u00fdkonn\u00fd detektor VOX 640 \u00d7 512, ve\u013ekos\u0165 pixelov 12 \u00b5m, NETD &lt;= 25 mK<\/td>\n<\/tr>\n<tr>\n<td data-sheets-value=\"{&quot;1&quot;:2,&quot;2&quot;:&quot;Sz\u00edn&quot;}\">Farba<\/td>\n<td data-sheets-value=\"{&quot;1&quot;:2,&quot;2&quot;:&quot;fekete&quot;}\">\u010cierna<\/td>\n<\/tr>\n<tr>\n<td data-sheets-value=\"{&quot;1&quot;:2,&quot;2&quot;:&quot;Tartoz\u00e9kok&quot;}\">Pr\u00edslu\u0161enstvo<\/td>\n<td data-sheets-value=\"{&quot;1&quot;:2,&quot;2&quot;:&quot;h\u0151kamera, objekt\u00edv v\u00e9d\u0151&quot;}\">termokamera, ochrana objekt\u00edvu<\/td>\n<\/tr>\n<tr>\n<td data-sheets-value=\"{&quot;1&quot;:2,&quot;2&quot;:&quot;T\u00e1vols\u00e1gm\u00e9r\u0151&quot;}\">Dia\u013ekomer<\/td>\n<td data-sheets-value=\"{&quot;1&quot;:2,&quot;2&quot;:&quot;T\u00e1vols\u00e1gbecsl\u0151&quot;}\">Odhad vzdialenosti<\/td>\n<\/tr>\n<tr>\n<td data-sheets-value=\"{&quot;1&quot;:2,&quot;2&quot;:&quot;T\u00f6meg (g)&quot;}\">Hmotnos\u0165 (g)<\/td>\n<td data-sheets-value=\"{&quot;1&quot;:3,&quot;3&quot;:420}\">420<\/td>\n<\/tr>\n<tr>\n<td data-sheets-value=\"{&quot;1&quot;:2,&quot;2&quot;:&quot;\u00dczemid\u0151&quot;}\">Prev\u00e1dzkov\u00e9 hodiny<\/td>\n<td data-sheets-value=\"{&quot;1&quot;:2,&quot;2&quot;:&quot;ak\u00e1r 6 \u00f3ra&quot;}\">a\u017e 6 hod\u00edn<\/td>\n<\/tr>\n<\/tbody>\n<\/table>\n<\/div>\n<\/div>\n<\/div>\n<\/div>\n<\/div>\n<\/div>","protected":false},"excerpt":{"rendered":"<p><b>Lep\u0161\u00ed sn\u00edma\u010d, jasnej\u0161\u00ed obraz!<\/b><\/p>\n<p><span style=\"font-weight: 400\">Inovat\u00edvny n\u00e1stroj na noc s vynikaj\u00facimi funkciami a \u00fa\u017easnou ostros\u0165ou obrazu.<\/span><span style=\"font-weight: 400\"><br \/>\n<\/span><span style=\"font-weight: 400\">Nov\u00fd model V3 zo s\u00e9rie Eye \u2161 je v\u00fdkonn\u00e1, kompaktn\u00e1 a cenovo v\u00fdhodn\u00e1 termov\u00edzna monokul\u00e1rna kamera s rozl\u00ed\u0161en\u00edm 12 \u03bcm 640 x 512, sn\u00edma\u010dom NETD \u226425 mK (pri 25 \u00b0C, F # = 1,0) a vysokokontrastn\u00fdm displejom HD OLED.<\/span><\/p>","protected":false},"featured_media":1685,"comment_status":"open","ping_status":"closed","template":"","meta":[],"product_brand":[],"product_cat":[45],"product_tag":[18,43],"class_list":{"0":"post-1684","1":"product","2":"type-product","3":"status-publish","4":"has-post-thumbnail","6":"product_cat-hokamera","7":"product_tag-hokamera","8":"product_tag-infiray","10":"first","11":"outofstock","12":"taxable","13":"shipping-taxable","14":"purchasable","15":"product-type-simple"},"jetpack_sharing_enabled":true,"_links":{"self":[{"href":"https:\/\/bestoptika.eu\/sk\/wp-json\/wp\/v2\/product\/1684","targetHints":{"allow":["GET"]}}],"collection":[{"href":"https:\/\/bestoptika.eu\/sk\/wp-json\/wp\/v2\/product"}],"about":[{"href":"https:\/\/bestoptika.eu\/sk\/wp-json\/wp\/v2\/types\/product"}],"replies":[{"embeddable":true,"href":"https:\/\/bestoptika.eu\/sk\/wp-json\/wp\/v2\/comments?post=1684"}],"wp:featuredmedia":[{"embeddable":true,"href":"https:\/\/bestoptika.eu\/sk\/wp-json\/wp\/v2\/media\/1685"}],"wp:attachment":[{"href":"https:\/\/bestoptika.eu\/sk\/wp-json\/wp\/v2\/media?parent=1684"}],"wp:term":[{"taxonomy":"product_brand","embeddable":true,"href":"https:\/\/bestoptika.eu\/sk\/wp-json\/wp\/v2\/product_brand?post=1684"},{"taxonomy":"product_cat","embeddable":true,"href":"https:\/\/bestoptika.eu\/sk\/wp-json\/wp\/v2\/product_cat?post=1684"},{"taxonomy":"product_tag","embeddable":true,"href":"https:\/\/bestoptika.eu\/sk\/wp-json\/wp\/v2\/product_tag?post=1684"}],"curies":[{"name":"wp","href":"https:\/\/api.w.org\/{rel}","templated":true}]}}