{"id":1724,"date":"2024-07-04T22:31:38","date_gmt":"2024-07-04T20:31:38","guid":{"rendered":"https:\/\/bestoptika.eu\/?post_type=product&#038;p=1724"},"modified":"2025-04-14T19:24:15","modified_gmt":"2025-04-14T17:24:15","slug":"infiray-eye-eh35-hokamera","status":"publish","type":"product","link":"https:\/\/bestoptika.eu\/sk\/product\/infiray-eye-eh35-hokamera\/","title":{"rendered":"Infiray EYE EH35 termov\u00edzny monokul\u00e1r"},"content":{"rendered":"<p><span style=\"font-weight: 400\">Oko III EH35<\/span><\/p>\n<p><span style=\"font-weight: 400\">Kvalita namiesto pocitu kvality, fotoapar\u00e1t, ktor\u00fd je aktu\u00e1lny namiesto aktu\u00e1lneho: \u00fa\u017easn\u00e1 premyslenos\u0165. Nov\u00fd fotoapar\u00e1t EIII EH35 v\u00e1m umo\u017en\u00ed zisti\u0165 a monitorova\u0165 najmen\u0161ie zdroje tepla v bohat\u00fdch detailoch v akomko\u013evek dennom \u010dase.<\/span><\/p>\n<p><span style=\"font-weight: 400\">V\u010faka s\u00e9rii X-Eye si spolo\u010dnos\u0165 InfiRay vydobyla pr\u00e1vo by\u0165 d\u00f4veryhodn\u00fdm inov\u00e1torom a v\u00fdrobcom, ktor\u00fd ud\u00e1va tempo na trhu a prich\u00e1dza s produktmi, ktor\u00e9 s\u00fa skuto\u010dne hodn\u00e9 udalosti. Samotn\u00fd fotoapar\u00e1t je obrovsk\u00e1 postava - formou aj znalos\u0165ami.<\/span><\/p>\n<p><span style=\"font-weight: 400\">\u00daplne nov\u00fd displej HD AMOLED s fyzicky ohromuj\u00facim rozl\u00ed\u0161en\u00edm 1440 \u00d7 1080 pixelov v\u00e1m umo\u017en\u00ed detailne vidie\u0165 ak\u00fdko\u013evek zdroj tepla vy\u017earovan\u00fd ak\u00fdmko\u013evek strojom, zviera\u0165om alebo \u013eudsk\u00fdm telom. Obnovovacia frekvencia 50 Hz zaru\u010duje nepretr\u017eit\u00fd obraz \u00faplne bez zasek\u00e1vania. \u0160peci\u00e1lny inteligentn\u00fd algoritmus zni\u017euje obrazov\u00fd \u0161um a e\u0161te viac u\u013eah\u010duje detekciu zdrojov tepla.  V\u010faka objekt\u00edvu s ohniskovou vzdialenos\u0165ou 35 mm a 12 \u00b5m sn\u00edma\u010du s rozl\u00ed\u0161en\u00edm 640 \u00d7 512 pixelov je Eye III EH35 doma najm\u00e4 na ve\u013ek\u00e9 vzdialenosti, v n\u00ed\u017ein\u00e1ch alebo v \u0161irokej otvorenej krajine. Detekuje tepeln\u00e9 emisie a\u017e do ve\u013ekosti \u013eudsk\u00e9ho tela zo vzdialenosti a\u017e 1800 m. A v\u010faka manu\u00e1lnemu zaostrovaniu uvid\u00edte ak\u00fdko\u013evek objekt na dia\u013eku s maxim\u00e1lnou ostros\u0165ou. Nov\u00fd sn\u00edma\u010d s citlivos\u0165ou 25 mK s\u013eubuje lep\u0161ie ako kedyko\u013evek predt\u00fdm...\u00a0<\/span><\/p>\n<p><span style=\"font-weight: 400\">Jeho pou\u017e\u00edvanie je ve\u013emi jednoduch\u00e9. V\u010faka ergonomick\u00e9mu dizajnu sa \u013eahko dr\u017e\u00ed jednou rukou, pri\u010dom druh\u00e1 ruka pou\u017e\u00edvate\u013ea zost\u00e1va vo\u013en\u00e1. \u013dahko pou\u017eite\u013en\u00e1 ponuka sa \u013eahko ovl\u00e1da pomocou praktick\u00fdch, m\u00e4kk\u00fdch dotykov\u00fdch tla\u010didiel. Zapne sa okam\u017eite po otvoren\u00ed magnetick\u00e9ho krytu objekt\u00edvu (t\u00fdm sa aktivuje), tak\u017ee je pripraven\u00fd na pou\u017eitie, ke\u010f ho potrebujete. Po sklopen\u00ed krytu sa pr\u00edstroj vypne. Pou\u017e\u00edvate\u013e si m\u00f4\u017ee vybra\u0165 medzi automatickou a manu\u00e1lnou kalibr\u00e1ciou. Je vodotesn\u00fd (IP67), tak\u017ee odol\u00e1 ak\u00fdmko\u013evek poveternostn\u00fdm podmienkam.<\/span><\/p>\n<p>&nbsp;<\/p>\n<table dir=\"ltr\" border=\"1\" cellspacing=\"0\" cellpadding=\"0\" data-sheets-root=\"1\">\n<colgroup>\n<col width=\"258\" \/>\n<col width=\"591\" \/><\/colgroup>\n<tbody>\n<tr>\n<td data-sheets-value=\"{&quot;1&quot;:2,&quot;2&quot;:&quot;Technikai param\u00e9terek&quot;}\">Technick\u00e9 parametre<\/td>\n<td data-sheets-value=\"{&quot;1&quot;:2,&quot;2&quot;:&quot;\u00c9rt\u00e9k&quot;}\">Hodnota<\/td>\n<\/tr>\n<tr>\n<td data-sheets-value=\"{&quot;1&quot;:2,&quot;2&quot;:&quot;ADATOK:&quot;}\">D\u00c1TA:<\/td>\n<td data-sheets-value=\"{&quot;1&quot;:2,&quot;2&quot;:&quot;Be\u00e9rkez\u00e9s alatt&quot;}\">Pri pr\u00edchode<\/td>\n<\/tr>\n<tr>\n<td data-sheets-value=\"{&quot;1&quot;:2,&quot;2&quot;:&quot;H\u0151szenzor:&quot;}\">Sn\u00edma\u010d tepla:<\/td>\n<td data-sheets-value=\"{&quot;1&quot;:2,&quot;2&quot;:&quot;640x512 12\u03bcm&quot;}\">640\u00d7512 12\u03bcm<\/td>\n<\/tr>\n<tr>\n<td data-sheets-value=\"{&quot;1&quot;:2,&quot;2&quot;:&quot;H\u0151szenzor NETD:&quot;}\">Sn\u00edma\u010d tepla NETD:<\/td>\n<td data-sheets-value=\"{&quot;1&quot;:2,&quot;2&quot;:&quot;25 mK&quot;}\">25 mK<\/td>\n<\/tr>\n<tr>\n<td data-sheets-value=\"{&quot;1&quot;:2,&quot;2&quot;:&quot;Kijelz\u0151:&quot;}\">Zobrazenie:<\/td>\n<td data-sheets-value=\"{&quot;1&quot;:2,&quot;2&quot;:&quot;1440x1080 AMOLED&quot;}\">1440\u00d71080 AMOLED<\/td>\n<\/tr>\n<tr>\n<td data-sheets-value=\"{&quot;1&quot;:2,&quot;2&quot;:&quot;Nagy\u00edt\u00e1s tartom\u00e1ny (x):&quot;}\">Rozsah zv\u00e4\u010d\u0161enia (x):<\/td>\n<td data-sheets-value=\"{&quot;1&quot;:2,&quot;2&quot;:&quot;2 \u2013 8&quot;}\">2 - 8<\/td>\n<\/tr>\n<tr>\n<td data-sheets-value=\"{&quot;1&quot;:2,&quot;2&quot;:&quot;Objekt\u00edv:&quot;}\">Cie\u013e:<\/td>\n<td data-sheets-value=\"{&quot;1&quot;:2,&quot;2&quot;:&quot;35 mm&quot;}\">35 mm<\/td>\n<\/tr>\n<tr>\n<td data-sheets-value=\"{&quot;1&quot;:2,&quot;2&quot;:&quot;V\u00edzszintes l\u00e1t\u00f3sz\u00f6g (\u00b0):&quot;}\">Horizont\u00e1lny uhol z\u00e1beru (\u00b0):<\/td>\n<td data-sheets-value=\"{&quot;1&quot;:3,&quot;3&quot;:12.5}\">12.5<\/td>\n<\/tr>\n<tr>\n<td data-sheets-value=\"{&quot;1&quot;:2,&quot;2&quot;:&quot;Haszn\u00e1lati \u00fatmutat\u00f3:&quot;}\">N\u00e1vod na pou\u017eitie:<\/td>\n<td data-sheets-value=\"{&quot;1&quot;:2,&quot;2&quot;:&quot;Kattints&quot;}\">Kliknut\u00edm na tla\u010didlo skop\u00edrujete<\/td>\n<\/tr>\n<tr>\n<td data-sheets-value=\"{&quot;1&quot;:2,&quot;2&quot;:&quot;Adatt\u00e1rol\u00e1s:&quot;}\">Ukladanie \u00fadajov:<\/td>\n<td data-sheets-value=\"{&quot;1&quot;:2,&quot;2&quot;:&quot;32 GB-ig mem\u00f3ria&quot;}\">A\u017e 32 GB pam\u00e4te<\/td>\n<\/tr>\n<tr>\n<td data-sheets-value=\"{&quot;1&quot;:2,&quot;2&quot;:&quot;Alap nagy\u00edt\u00e1s (x):&quot;}\">Z\u00e1kladn\u00e9 zv\u00e4\u010d\u0161enie (x):<\/td>\n<td data-sheets-value=\"{&quot;1&quot;:3,&quot;3&quot;:2}\">2<\/td>\n<\/tr>\n<tr>\n<td data-sheets-value=\"{&quot;1&quot;:2,&quot;2&quot;:&quot;Betekint\u00e9si t\u00e1vols\u00e1g:&quot;}\">Pozorovacia vzdialenos\u0165:<\/td>\n<td data-sheets-value=\"{&quot;1&quot;:2,&quot;2&quot;:&quot;20 mm&quot;}\">20 mm<\/td>\n<\/tr>\n<tr>\n<td data-sheets-value=\"{&quot;1&quot;:2,&quot;2&quot;:&quot;Csatlakoz\u00f3k:&quot;}\">Konektory:<\/td>\n<td data-sheets-value=\"{&quot;1&quot;:2,&quot;2&quot;:&quot;USB-C&quot;}\">USB-C<\/td>\n<\/tr>\n<tr>\n<td data-sheets-value=\"{&quot;1&quot;:2,&quot;2&quot;:&quot;Dioptria kompenz\u00e1ci\u00f3:&quot;}\">Kompenz\u00e1cia dioptri\u00ed:<\/td>\n<td data-sheets-value=\"{&quot;1&quot;:2,&quot;2&quot;:&quot;-3 - +6&quot;}\">-3 - +6<\/td>\n<\/tr>\n<tr>\n<td data-sheets-value=\"{&quot;1&quot;:2,&quot;2&quot;:&quot;Egy\u00e9b tulajdons\u00e1gok:&quot;}\">\u010eal\u0161ie funkcie:<\/td>\n<td data-sheets-value=\"{&quot;1&quot;:2,&quot;2&quot;:&quot;K\u00e9p a k\u00e9pben funkci\u00f3&quot;}\">Funkcia Picture in picture<\/td>\n<\/tr>\n<tr>\n<td><\/td>\n<td data-sheets-value=\"{&quot;1&quot;:2,&quot;2&quot;:&quot;WIFI t\u00e1mogat\u00e1s, InfiRay Outdoor APP&quot;}\">Podpora WIFI, InfiRay Outdoor APP<\/td>\n<\/tr>\n<tr>\n<td><\/td>\n<td data-sheets-value=\"{&quot;1&quot;:2,&quot;2&quot;:&quot;Fot\u00f3\/Vide\u00f3\/Mikrofon\/32GB\/ir\u00e1nyt\u0171&quot;}\">Foto\/Video\/Mikrof\u00f3n\/32GB\/kompas<\/td>\n<\/tr>\n<tr>\n<td data-sheets-value=\"{&quot;1&quot;:2,&quot;2&quot;:&quot;Energiaell\u00e1t\u00e1s:&quot;}\">Dod\u00e1vka energie:<\/td>\n<td data-sheets-value=\"{&quot;1&quot;:2,&quot;2&quot;:&quot;be\u00e9p\u00edtett Li-ion akku, 4200mAh\/3.6V&quot;}\">zabudovan\u00e1 Li-ion bat\u00e9ria, 4200 mAh\/3,6 V<\/td>\n<\/tr>\n<tr>\n<td data-sheets-value=\"{&quot;1&quot;:2,&quot;2&quot;:&quot;\u00c9szlel\u00e9si t\u00e1vols\u00e1g:&quot;}\">Detek\u010dn\u00e1 vzdialenos\u0165:<\/td>\n<td data-sheets-value=\"{&quot;1&quot;:2,&quot;2&quot;:&quot;1800m (emberalak)&quot;}\">1800 m (\u013eudsk\u00fd tvar)<\/td>\n<\/tr>\n<tr>\n<td data-sheets-value=\"{&quot;1&quot;:2,&quot;2&quot;:&quot;Filmfelv\u00e9tel:&quot;}\">Filmov\u00e9 z\u00e1bery:<\/td>\n<td data-sheets-value=\"{&quot;1&quot;:2,&quot;2&quot;:&quot;van&quot;}\">je .<\/td>\n<\/tr>\n<tr>\n<td data-sheets-value=\"{&quot;1&quot;:2,&quot;2&quot;:&quot;Gy\u00e1rt\u00f3:&quot;}\">V\u00fdrobca:<\/td>\n<td data-sheets-value=\"{&quot;1&quot;:2,&quot;2&quot;:&quot;InfiRay&quot;}\">InfiRay<\/td>\n<\/tr>\n<tr>\n<td data-sheets-value=\"{&quot;1&quot;:2,&quot;2&quot;:&quot;Gy\u00e1rt\u00f3 \u00e1ltal v\u00e1llalt garancia:&quot;}\">Z\u00e1ruka v\u00fdrobcu:<\/td>\n<td data-sheets-value=\"{&quot;1&quot;:2,&quot;2&quot;:&quot;3 \u00e9v \u00e1ltal\u00e1nos garancia a k\u00e9sz\u00fcl\u00e9kre, 10 \u00e9v a szenzorra, 2 \u00e9v az akkumul\u00e1torra&quot;}\">3 roky v\u0161eobecnej z\u00e1ruky na zariadenie, 10 rokov na senzor, 2 roky na bat\u00e9riu<\/td>\n<\/tr>\n<tr>\n<td data-sheets-value=\"{&quot;1&quot;:2,&quot;2&quot;:&quot;H\u0151kamera fel\u00e9p\u00edt\u00e9s:&quot;}\">Kon\u0161trukcia termokamery:<\/td>\n<td data-sheets-value=\"{&quot;1&quot;:2,&quot;2&quot;:&quot;Egyszemes keres\u0151&quot;}\">Vyh\u013ead\u00e1vanie jedn\u00fdm okom<\/td>\n<\/tr>\n<tr>\n<td data-sheets-value=\"{&quot;1&quot;:2,&quot;2&quot;:&quot;K\u00e9pfriss\u00edt\u00e9s:&quot;}\">Aktualiz\u00e1cia obr\u00e1zkov:<\/td>\n<td data-sheets-value=\"{&quot;1&quot;:2,&quot;2&quot;:&quot;50 Hz&quot;}\">50 Hz<\/td>\n<\/tr>\n<tr>\n<td data-sheets-value=\"{&quot;1&quot;:2,&quot;2&quot;:&quot;Kil\u00e9p\u0151 pupilla:&quot;}\">Odch\u00e1dzaj\u00faci \u017eiak:<\/td>\n<td data-sheets-value=\"{&quot;1&quot;:2,&quot;2&quot;:&quot;6 mm&quot;}\">6 mm<\/td>\n<\/tr>\n<tr>\n<td data-sheets-value=\"{&quot;1&quot;:2,&quot;2&quot;:&quot;L\u00e1t\u00f3sz\u00f6g (\u00b0):&quot;}\">Uhol z\u00e1beru (\u00b0):<\/td>\n<td data-sheets-value=\"{&quot;1&quot;:2,&quot;2&quot;:&quot;12.5\u00b0 x 10.0\u00b0&quot;}\">12.5\u00b0 x 10.0\u00b0<\/td>\n<\/tr>\n<tr>\n<td data-sheets-value=\"{&quot;1&quot;:2,&quot;2&quot;:&quot;T\u00e1vols\u00e1gm\u00e9r\u0151:&quot;}\">Dia\u013ekomer:<\/td>\n<td data-sheets-value=\"{&quot;1&quot;:2,&quot;2&quot;:&quot;T\u00e1vols\u00e1gbecsl\u0151&quot;}\">Odhad vzdialenosti<\/td>\n<\/tr>\n<tr>\n<td data-sheets-value=\"{&quot;1&quot;:2,&quot;2&quot;:&quot;M\u00e9retek:&quot;}\">Rozmery:<\/td>\n<td data-sheets-value=\"{&quot;1&quot;:2,&quot;2&quot;:&quot;54x54x200 mm&quot;}\">54x54x200 mm<\/td>\n<\/tr>\n<tr>\n<td data-sheets-value=\"{&quot;1&quot;:2,&quot;2&quot;:&quot;Mikrofon:&quot;}\">Mikrof\u00f3n:<\/td>\n<td data-sheets-value=\"{&quot;1&quot;:2,&quot;2&quot;:&quot;van, felv\u00e9telhez ki-, vagy bekapcsolhat\u00f3&quot;}\">je mo\u017en\u00e9 zapn\u00fa\u0165 alebo vypn\u00fa\u0165 nahr\u00e1vanie<\/td>\n<\/tr>\n<tr>\n<td data-sheets-value=\"{&quot;1&quot;:2,&quot;2&quot;:&quot;M\u0171k\u00f6d\u00e9si \/ t\u00e1rol\u00e1si h\u0151m\u00e9rs\u00e9klet:&quot;}\">Prev\u00e1dzkov\u00e1 teplota \/ teplota skladovania:<\/td>\n<td data-sheets-value=\"{&quot;1&quot;:2,&quot;2&quot;:&quot;-20 - +50 \/ -&quot;}\">-20 - +50 \/ -<\/td>\n<\/tr>\n<tr>\n<td data-sheets-value=\"{&quot;1&quot;:2,&quot;2&quot;:&quot;Szenzor:&quot;}\">Senzor:<\/td>\n<td data-sheets-value=\"{&quot;1&quot;:2,&quot;2&quot;:&quot;VOX h\u0171tetlen FPA detektor 640x512, pixel m\u00e9ret 12 \u03bcm, NETD &lt;= 25 mK&quot;}\">VOX nechladen\u00fd FPA detektor 640\u00d7512, ve\u013ekos\u0165 pixelu 12 \u03bcm, NETD &lt;= 25 mK<\/td>\n<\/tr>\n<tr>\n<td data-sheets-value=\"{&quot;1&quot;:2,&quot;2&quot;:&quot;Sz\u00edn:&quot;}\">Farba:<\/td>\n<td data-sheets-value=\"{&quot;1&quot;:2,&quot;2&quot;:&quot;fekete&quot;}\">\u010cierna<\/td>\n<\/tr>\n<tr>\n<td data-sheets-value=\"{&quot;1&quot;:2,&quot;2&quot;:&quot;Tartoz\u00e9kok:&quot;}\">Pr\u00edslu\u0161enstvo:<\/td>\n<td data-sheets-value=\"{&quot;1&quot;:2,&quot;2&quot;:&quot;Adapter, USB k\u00e1bel, Hordt\u00e1ska, Nyak- \u00e9s csukl\u00f3p\u00e1nt, tiszt\u00edt\u00f3 kend\u0151&quot;}\">Adapt\u00e9r, USB k\u00e1bel, prenosn\u00e9 puzdro, remienok na krk a z\u00e1p\u00e4stie, \u010distiaca handri\u010dka<\/td>\n<\/tr>\n<tr>\n<td data-sheets-value=\"{&quot;1&quot;:2,&quot;2&quot;:&quot;T\u00f6meg (g):&quot;}\">Hmotnos\u0165 (g):<\/td>\n<td data-sheets-value=\"{&quot;1&quot;:3,&quot;3&quot;:480}\">480<\/td>\n<\/tr>\n<tr>\n<td data-sheets-value=\"{&quot;1&quot;:2,&quot;2&quot;:&quot;\u00dczemid\u0151:&quot;}\">Prev\u00e1dzkov\u00fd \u010das:<\/td>\n<td data-sheets-value=\"{&quot;1&quot;:2,&quot;2&quot;:&quot;ak\u00e1r 8 \u00f3ra&quot;}\">a\u017e 8 hod\u00edn<\/td>\n<\/tr>\n<tr>\n<td data-sheets-value=\"{&quot;1&quot;:2,&quot;2&quot;:&quot;V\u00edz\u00e1ll\u00f3s\u00e1g:&quot;}\">Odolnos\u0165 vo\u010di vode:<\/td>\n<td data-sheets-value=\"{&quot;1&quot;:2,&quot;2&quot;:&quot;IP67&quot;}\">IP67<\/td>\n<\/tr>\n<\/tbody>\n<\/table>\n<p><span style=\"font-weight: 400\">\u00a0<\/span><\/p>","protected":false},"excerpt":{"rendered":"<p><span style=\"font-weight: 400\">Ve\u013ekoplo\u0161n\u00fd sn\u00edma\u010d EH35 zo s\u00e9rie Eye III poskytuje kri\u0161t\u00e1\u013eovo \u010dist\u00fd obraz s ohromuj\u00facimi detailmi v \u00faplnej tme a - \u010do je zvy\u010dajne \u0165a\u017e\u0161ie - za jasn\u00e9ho denn\u00e9ho svetla, a to aj pri v\u00fdrazne vy\u0161\u0161\u00edch teplot\u00e1ch okolia. Vynikaj\u00faci na sledovanie, stopovanie a pozorovanie zvierat po\u010das po\u013eova\u010diek. Okrem po\u013eovn\u00edckych aplik\u00e1ci\u00ed s\u00fa vysoko \u00fa\u010dinn\u00e9 aj pri bezpe\u010dnostn\u00fdch, z\u00e1chran\u00e1rskych a p\u00e1trac\u00edch aplik\u00e1ci\u00e1ch.<\/span><\/p>","protected":false},"featured_media":1725,"comment_status":"open","ping_status":"closed","template":"","meta":[],"product_brand":[],"product_cat":[45],"product_tag":[90,18,43],"class_list":{"0":"post-1724","1":"product","2":"type-product","3":"status-publish","4":"has-post-thumbnail","6":"product_cat-hokamera","7":"product_tag-eye","8":"product_tag-hokamera","9":"product_tag-infiray","11":"first","12":"outofstock","13":"taxable","14":"shipping-taxable","15":"purchasable","16":"product-type-simple"},"jetpack_sharing_enabled":true,"_links":{"self":[{"href":"https:\/\/bestoptika.eu\/sk\/wp-json\/wp\/v2\/product\/1724","targetHints":{"allow":["GET"]}}],"collection":[{"href":"https:\/\/bestoptika.eu\/sk\/wp-json\/wp\/v2\/product"}],"about":[{"href":"https:\/\/bestoptika.eu\/sk\/wp-json\/wp\/v2\/types\/product"}],"replies":[{"embeddable":true,"href":"https:\/\/bestoptika.eu\/sk\/wp-json\/wp\/v2\/comments?post=1724"}],"wp:featuredmedia":[{"embeddable":true,"href":"https:\/\/bestoptika.eu\/sk\/wp-json\/wp\/v2\/media\/1725"}],"wp:attachment":[{"href":"https:\/\/bestoptika.eu\/sk\/wp-json\/wp\/v2\/media?parent=1724"}],"wp:term":[{"taxonomy":"product_brand","embeddable":true,"href":"https:\/\/bestoptika.eu\/sk\/wp-json\/wp\/v2\/product_brand?post=1724"},{"taxonomy":"product_cat","embeddable":true,"href":"https:\/\/bestoptika.eu\/sk\/wp-json\/wp\/v2\/product_cat?post=1724"},{"taxonomy":"product_tag","embeddable":true,"href":"https:\/\/bestoptika.eu\/sk\/wp-json\/wp\/v2\/product_tag?post=1724"}],"curies":[{"name":"wp","href":"https:\/\/api.w.org\/{rel}","templated":true}]}}