{"id":1737,"date":"2024-07-04T22:46:33","date_gmt":"2024-07-04T20:46:33","guid":{"rendered":"https:\/\/bestoptika.eu\/?post_type=product&#038;p=1737"},"modified":"2025-09-22T14:31:03","modified_gmt":"2025-09-22T12:31:03","slug":"infiray-eye-cl35-m-v1-hokamera","status":"publish","type":"product","link":"https:\/\/bestoptika.eu\/sk\/product\/infiray-eye-cl35-m-v1-hokamera\/","title":{"rendered":"Infiray CL35 M V1 termov\u00edzny monokul\u00e1r"},"content":{"rendered":"<p><span style=\"font-weight: 400\">Na prv\u00fd poh\u013ead zariadenie vych\u00e1dza z \u00faspe\u0161n\u00fdch modelov Saim. Dizajn je identick\u00fd a ovl\u00e1danie je tie\u017e ve\u013emi jednoduch\u00e9 a intuit\u00edvne. V\u00fdhoda modelu CL35M v\u0161ak spo\u010d\u00edva v jednoduchej v\u00fdmene bat\u00e9rie, rovnako ako v pr\u00edpade modelu Saim. Monokul\u00e1r je \u0161peci\u00e1lne navrhnut\u00fd pre t\u00fdch, ktor\u00ed ned\u00f4veruj\u00fa integrovan\u00fdm zdrojom bat\u00e9ri\u00ed. V\u010faka tejto kon\u0161trukcii sa pou\u017e\u00edvate\u013e nemus\u00ed ob\u00e1va\u0165, \u017ee integrovan\u00fd zdroj po uplynut\u00ed z\u00e1ruky strat\u00ed kapacitu.<\/span><\/p>\n<table dir=\"ltr\" border=\"1\" cellspacing=\"0\" cellpadding=\"0\" data-sheets-root=\"1\">\n<colgroup>\n<col width=\"215\" \/>\n<col width=\"166\" \/><\/colgroup>\n<tbody>\n<tr>\n<td data-sheets-value=\"{&quot;1&quot;:2,&quot;2&quot;:&quot;Technikai param\u00e9terek&quot;}\">Technick\u00e9 parametre<\/td>\n<td data-sheets-value=\"{&quot;1&quot;:2,&quot;2&quot;:&quot;\u00c9rt\u00e9k&quot;}\">Hodnota<\/td>\n<\/tr>\n<tr>\n<td data-sheets-value=\"{&quot;1&quot;:2,&quot;2&quot;:&quot;Felbont\u00e1s&quot;}\">Rozl\u00ed\u0161enie<\/td>\n<td data-sheets-value=\"{&quot;1&quot;:2,&quot;2&quot;:&quot;384x288&quot;}\">384\u00d7288<\/td>\n<\/tr>\n<tr>\n<td data-sheets-value=\"{&quot;1&quot;:2,&quot;2&quot;:&quot;Pixelm\u00e9ret, um&quot;}\">Ve\u013ekos\u0165 pixelov, um<\/td>\n<td data-sheets-value=\"{&quot;1&quot;:3,&quot;3&quot;:17}\">17<\/td>\n<\/tr>\n<tr>\n<td data-sheets-value=\"{&quot;1&quot;:2,&quot;2&quot;:&quot;NETD, mk&quot;}\">NETD, mk<\/td>\n<td data-sheets-value=\"{&quot;1&quot;:2,&quot;2&quot;:&quot;\u226440&quot;}\">\u226440<\/td>\n<\/tr>\n<tr>\n<td data-sheets-value=\"{&quot;1&quot;:2,&quot;2&quot;:&quot;K\u00e9pfriss\u00edt\u00e9si sebess\u00e9g, Hz&quot;}\">Obnovovacia frekvencia obrazu, Hz<\/td>\n<td data-sheets-value=\"{&quot;1&quot;:3,&quot;3&quot;:50}\">50<\/td>\n<\/tr>\n<tr>\n<td data-sheets-value=\"{&quot;1&quot;:2,&quot;2&quot;:&quot;Objekt\u00edvlencse, mm&quot;}\">Objekt\u00edv, mm<\/td>\n<td data-sheets-value=\"{&quot;1&quot;:3,&quot;3&quot;:35}\">35<\/td>\n<\/tr>\n<tr>\n<td data-sheets-value=\"{&quot;1&quot;:2,&quot;2&quot;:&quot;L\u00e1t\u00f3mez\u0151&quot;}\">Zorn\u00e9 pole<\/td>\n<td data-sheets-value=\"{&quot;1&quot;:2,&quot;2&quot;:&quot;10.7\u00b0\u00d78\u00b0&quot;}\">10.7\u00b0\u00d78\u00b0<\/td>\n<\/tr>\n<tr>\n<td data-sheets-value=\"{&quot;1&quot;:2,&quot;2&quot;:&quot;Nagy\u00edt\u00e1s, \u00d7&quot;}\">Zv\u00e4\u010d\u0161enie, \u00d7<\/td>\n<td data-sheets-value=\"{&quot;1&quot;:2,&quot;2&quot;:&quot;2.0-8.0&quot;}\">2.0-8.0<\/td>\n<\/tr>\n<tr>\n<td data-sheets-value=\"{&quot;1&quot;:2,&quot;2&quot;:&quot;Dioptria be\u00e1ll\u00edt\u00e1s&quot;}\">Nastavenie dioptri\u00ed<\/td>\n<td><\/td>\n<\/tr>\n<tr>\n<td data-sheets-value=\"{&quot;1&quot;:2,&quot;2&quot;:&quot;Kijelz\u0151 felbont\u00e1sa&quot;}\">Rozl\u00ed\u0161enie displeja<\/td>\n<td data-sheets-value=\"{&quot;1&quot;:2,&quot;2&quot;:&quot;1280\u00d7960 LCOS&quot;}\">1280 \u00d7 960 LCOS<\/td>\n<\/tr>\n<tr>\n<td data-sheets-value=\"{&quot;1&quot;:2,&quot;2&quot;:&quot;WiFi \u00e9s felvev\u0151&quot;}\">WiFi a rekord\u00e9r<\/td>\n<td data-sheets-value=\"{&quot;1&quot;:2,&quot;2&quot;:&quot;\u00d7&quot;}\">\u00d7<\/td>\n<\/tr>\n<tr>\n<td data-sheets-value=\"{&quot;1&quot;:2,&quot;2&quot;:&quot;Ir\u00e1nyt\u0171 \u00e9s Mszenzor&quot;}\">Kompas a senzor<\/td>\n<td data-sheets-value=\"{&quot;1&quot;:2,&quot;2&quot;:&quot;\u00d7&quot;}\">\u00d7<\/td>\n<\/tr>\n<tr>\n<td data-sheets-value=\"{&quot;1&quot;:2,&quot;2&quot;:&quot;Be\u00e9p\u00edtett mem\u00f3ria mennyis\u00e9ge, GB&quot;}\">Mno\u017estvo zabudovanej pam\u00e4te, GB<\/td>\n<td data-sheets-value=\"{&quot;1&quot;:2,&quot;2&quot;:&quot;\u00d7&quot;}\">\u00d7<\/td>\n<\/tr>\n<tr>\n<td data-sheets-value=\"{&quot;1&quot;:2,&quot;2&quot;:&quot;Akkumul\u00e1tor t\u00edpusa&quot;}\">Typ bat\u00e9rie<\/td>\n<td data-sheets-value=\"{&quot;1&quot;:2,&quot;2&quot;:&quot;CR123\u00d72&quot;}\">CR123\u00d72<\/td>\n<\/tr>\n<tr>\n<td data-sheets-value=\"{&quot;1&quot;:2,&quot;2&quot;:&quot;Max. akkumul\u00e1tor \u00e9lettartam, \u00f3ra&quot;}\">Maxim\u00e1lna v\u00fddr\u017e bat\u00e9rie, hodiny<\/td>\n<td data-sheets-value=\"{&quot;1&quot;:3,&quot;3&quot;:8}\">8<\/td>\n<\/tr>\n<tr>\n<td data-sheets-value=\"{&quot;1&quot;:2,&quot;2&quot;:&quot;S\u00faly (akkumul\u00e1tor n\u00e9lk\u00fcl), g&quot;}\">Hmotnos\u0165 (bez bat\u00e9rie), g<\/td>\n<td data-sheets-value=\"{&quot;1&quot;:2,&quot;2&quot;:&quot;&lt;410&quot;}\">&lt;410<\/td>\n<\/tr>\n<tr>\n<td data-sheets-value=\"{&quot;1&quot;:2,&quot;2&quot;:&quot;M\u00e9retek, mm&quot;}\">Rozmery, mm<\/td>\n<td data-sheets-value=\"{&quot;1&quot;:2,&quot;2&quot;:&quot;195\u00d761\u00d761&quot;}\">195\u00d761\u00d761<\/td>\n<\/tr>\n<tr>\n<td data-sheets-value=\"{&quot;1&quot;:2,&quot;2&quot;:&quot;\u00c9szlel\u00e9si t\u00e1vols\u00e1g, m&quot;}\">Detek\u010dn\u00e1 vzdialenos\u0165, m<\/td>\n<td data-sheets-value=\"{&quot;1&quot;:3,&quot;3&quot;:1283}\">1283<\/td>\n<\/tr>\n<tr>\n<td data-sheets-value=\"{&quot;1&quot;:2,&quot;2&quot;:&quot;(C\u00e9lm\u00e9ret: 1.7m\u00d70.5m, P(n)=99%)&quot;}\">Cie\u013eov\u00e1 ve\u013ekos\u0165:<\/td>\n<td>1,7 m \u00d7 0,5 m, P(n)=99%<\/td>\n<\/tr>\n<\/tbody>\n<\/table>","protected":false},"excerpt":{"rendered":"<p><span style=\"font-weight: 400\">Ve\u013emi zauj\u00edmav\u00e9 zariadenie s rovnak\u00fdm v\u00fdkonom ako E3 MAX s jednou v\u00fdnimkou. M\u00e1 vymenite\u013en\u00e9 bat\u00e9rie, \u010do je v\u00fdhoda pre pou\u017e\u00edvate\u013eov, ktor\u00ed nemaj\u00fa mo\u017enos\u0165 dob\u00edjania po\u010das dlh\u00e9ho lovu alebo ktor\u00ed zabudli z\u00e1lo\u017en\u00fd zdroj energie.<\/span><\/p>","protected":false},"featured_media":1738,"comment_status":"open","ping_status":"closed","template":"","meta":[],"product_brand":[],"product_cat":[45],"product_tag":[18,43,92],"class_list":{"0":"post-1737","1":"product","2":"type-product","3":"status-publish","4":"has-post-thumbnail","6":"product_cat-hokamera","7":"product_tag-hokamera","8":"product_tag-infiray","9":"product_tag-saim","11":"first","12":"instock","13":"taxable","14":"shipping-taxable","15":"purchasable","16":"product-type-simple"},"jetpack_sharing_enabled":true,"_links":{"self":[{"href":"https:\/\/bestoptika.eu\/sk\/wp-json\/wp\/v2\/product\/1737","targetHints":{"allow":["GET"]}}],"collection":[{"href":"https:\/\/bestoptika.eu\/sk\/wp-json\/wp\/v2\/product"}],"about":[{"href":"https:\/\/bestoptika.eu\/sk\/wp-json\/wp\/v2\/types\/product"}],"replies":[{"embeddable":true,"href":"https:\/\/bestoptika.eu\/sk\/wp-json\/wp\/v2\/comments?post=1737"}],"wp:featuredmedia":[{"embeddable":true,"href":"https:\/\/bestoptika.eu\/sk\/wp-json\/wp\/v2\/media\/1738"}],"wp:attachment":[{"href":"https:\/\/bestoptika.eu\/sk\/wp-json\/wp\/v2\/media?parent=1737"}],"wp:term":[{"taxonomy":"product_brand","embeddable":true,"href":"https:\/\/bestoptika.eu\/sk\/wp-json\/wp\/v2\/product_brand?post=1737"},{"taxonomy":"product_cat","embeddable":true,"href":"https:\/\/bestoptika.eu\/sk\/wp-json\/wp\/v2\/product_cat?post=1737"},{"taxonomy":"product_tag","embeddable":true,"href":"https:\/\/bestoptika.eu\/sk\/wp-json\/wp\/v2\/product_tag?post=1737"}],"curies":[{"name":"wp","href":"https:\/\/api.w.org\/{rel}","templated":true}]}}