{"id":1759,"date":"2024-07-05T06:08:26","date_gmt":"2024-07-05T04:08:26","guid":{"rendered":"https:\/\/bestoptika.eu\/?post_type=product&#038;p=1759"},"modified":"2025-11-21T22:58:48","modified_gmt":"2025-11-21T21:58:48","slug":"infiray-geni-gl35r-hokamera-celtavcso","status":"publish","type":"product","link":"https:\/\/bestoptika.eu\/sk\/product\/infiray-geni-gl35r-hokamera-celtavcso\/","title":{"rendered":"Infiray GENI GL35R termov\u00edzny pu\u0161koh\u013ead"},"content":{"rendered":"<p><span style=\"font-weight: 400\">Predstavuje sa termov\u00edzny \u010falekoh\u013ead InfiRay Geni GH50R s 12um sn\u00edma\u010dom, rozl\u00ed\u0161en\u00edm 640 \u00d7 512 a objekt\u00edvom s ohniskovou vzdialenos\u0165ou 50 mm. V\u010faka vysokokvalitn\u00e9mu displeju AMOLED s rozl\u00ed\u0161en\u00edm 1024 \u00d7 768 zaru\u010duje v\u00fdnimo\u010dn\u00fd obrazov\u00fd z\u00e1\u017eitok a vysok\u00fa tepeln\u00fa odolnos\u0165. Obraz je skuto\u010dne ohromuj\u00faci, termov\u00edzna sn\u00edmka poskytuje takmer trojrozmern\u00fd pocit v\u010faka presnosti term\u00e1lneho sn\u00edma\u010da. Novo vyvinut\u00fd modul laserov\u00e9ho dia\u013ekomeru, integrovan\u00fd v kryte pr\u00edstroja, m\u00e1 maxim\u00e1lny dosah 1000 m. (1000 m pre ve\u013ek\u00e9 objekty, ktor\u00e9 mo\u017eno stabilne zachyti\u0165) Presnos\u0165 modulu dia\u013ekomeru je do 400 m s maxim\u00e1lnou hodnotou \u00b1 1 m a nad 400 m s maxim\u00e1lnou hodnotou \u00b1 0,4%.<\/span><\/p>\n<p><span style=\"font-weight: 400\">Verzia GH50R s\u00e9rie Geni je tie\u017e vybaven\u00e1 zabudovan\u00fdm modulom WIFI, elektronick\u00fdm kompasom a sn\u00edma\u010dom pohybu. Jeho vysoko presn\u00fd sn\u00edma\u010d s rozl\u00ed\u0161en\u00edm 640 x 512 pixelov pozost\u00e1va z 12 \u03bcm. Optika s priemerom 50 mm sa m\u00f4\u017ee pochv\u00e1li\u0165 svetelnos\u0165ou F1,1, \u010do je na pu\u0161koh\u013ead ve\u013emi dobr\u00e1 hodnota.<\/span><\/p>\n<p><span style=\"font-weight: 400\">Model GH50R je vybaven\u00fd nov\u00fdm algoritmom spracovania term\u00e1lneho obrazu, ktor\u00fd v\u00fdrazne zlep\u0161uje kvalitu, detaily a kontrast obrazu. Nov\u00fd modul dia\u013ekomera bol e\u0161te presnej\u0161\u00ed v\u010faka zlep\u0161eniu frekvencie odozvy. Vzh\u013ead pou\u017e\u00edvate\u013esk\u00e9ho rozhrania bol \u010falej optimalizovan\u00fd s cie\u013eom poskytn\u00fa\u0165 e\u0161te plynulej\u0161\u00ed vizu\u00e1lny svet na zlep\u0161enie pou\u017e\u00edvate\u013esk\u00e9ho z\u00e1\u017eitku.<\/span><\/p>\n<p><span style=\"font-weight: 400\">S vymenite\u013enou bat\u00e9riou 26650 m\u00f4\u017ee v\u00fddr\u017e bat\u00e9rie dosiahnu\u0165 a\u017e 8 hod\u00edn. Bat\u00e9riu je mo\u017en\u00e9 nab\u00edja\u0165 v externej nab\u00edja\u010dke a na prenos d\u00e1t pre fotografie a vide\u00e1 sl\u00fa\u017ei prilo\u017een\u00fd k\u00e1bel USB-C. Okrem toho bola kon\u0161trukcia tela tie\u017e stabilnej\u0161ia, pocit kvality je vynikaj\u00faci a v\u00fdrazne sa zlep\u0161ila presnos\u0165.<\/span><\/p>\n<p><span style=\"font-weight: 400\">Okrem uveden\u00fdch funkci\u00ed m\u00e1 GH50R mno\u017estvo \u010fal\u0161\u00edch funkci\u00ed vr\u00e1tane re\u017eimu UltraClear, prenosu sn\u00edmok v re\u00e1lnom \u010dase cez WIFI, fotografovania a nahr\u00e1vania vide\u00ed. Elektronick\u00fd kompas, akcelerometer, 32 GB internej pam\u00e4te a spom\u00ednan\u00fd laserov\u00fd dia\u013ekomer boli zabalen\u00e9 do jedn\u00e9ho zariadenia pre maxim\u00e1lnu spokojnos\u0165 pou\u017e\u00edvate\u013ea.<\/span><\/p>\n<p><span style=\"font-weight: 400\">Spolo\u010dnos\u0165 InfiRay dod\u00e1va svoj termov\u00edzny \u010falekoh\u013ead s tov\u00e1renskou mont\u00e1\u017eou.<\/span><\/p>\n<table dir=\"ltr\" border=\"1\" cellspacing=\"0\" cellpadding=\"0\" data-sheets-root=\"1\">\n<colgroup>\n<col width=\"230\" \/>\n<col width=\"948\" \/><\/colgroup>\n<tbody>\n<tr>\n<td data-sheets-value=\"{&quot;1&quot;:2,&quot;2&quot;:&quot;Technikai param\u00e9terek&quot;}\">Technick\u00e9 parametre<\/td>\n<td data-sheets-value=\"{&quot;1&quot;:2,&quot;2&quot;:&quot;\u00c9rt\u00e9k&quot;}\">Hodnota<\/td>\n<\/tr>\n<tr>\n<td data-sheets-value=\"{&quot;1&quot;:2,&quot;2&quot;:&quot;H\u0151szenzor&quot;}\">Sn\u00edma\u010d tepla<\/td>\n<td data-sheets-value=\"{&quot;1&quot;:2,&quot;2&quot;:&quot;640x512 12\u03bcm&quot;}\">640\u00d7512 12\u03bcm<\/td>\n<\/tr>\n<tr>\n<td data-sheets-value=\"{&quot;1&quot;:2,&quot;2&quot;:&quot;H\u0151szenzor NETD&quot;}\">Sn\u00edma\u010d tepla NETD<\/td>\n<td data-sheets-value=\"{&quot;1&quot;:2,&quot;2&quot;:&quot;35 mK&quot;}\">35 mK<\/td>\n<\/tr>\n<tr>\n<td data-sheets-value=\"{&quot;1&quot;:2,&quot;2&quot;:&quot;Kijelz\u0151&quot;}\">Zobrazenie<\/td>\n<td data-sheets-value=\"{&quot;1&quot;:2,&quot;2&quot;:&quot;1024x768 AMOLED&quot;}\">1024\u00d7768 AMOLED<\/td>\n<\/tr>\n<tr>\n<td data-sheets-value=\"{&quot;1&quot;:2,&quot;2&quot;:&quot;Nagy\u00edt\u00e1s tartom\u00e1ny (x)&quot;}\">Rozsah zv\u00e4\u010d\u0161enia (x)<\/td>\n<td data-sheets-value=\"{&quot;1&quot;:2,&quot;2&quot;:&quot;3 \u2013 12&quot;}\">3 - 12<\/td>\n<\/tr>\n<tr>\n<td data-sheets-value=\"{&quot;1&quot;:2,&quot;2&quot;:&quot;Objekt\u00edv&quot;}\">\u0160o\u0161ovka<\/td>\n<td data-sheets-value=\"{&quot;1&quot;:2,&quot;2&quot;:&quot;50mm&quot;}\">50 mm<\/td>\n<\/tr>\n<tr>\n<td data-sheets-value=\"{&quot;1&quot;:2,&quot;2&quot;:&quot;Haszn\u00e1lati \u00fatmutat\u00f3&quot;}\">N\u00e1vod na pou\u017eitie<\/td>\n<td data-sheets-value=\"{&quot;1&quot;:2,&quot;2&quot;:&quot;Kattints&quot;}\">Kliknut\u00edm na tla\u010didlo skop\u00edrujete<\/td>\n<\/tr>\n<tr>\n<td data-sheets-value=\"{&quot;1&quot;:2,&quot;2&quot;:&quot;Adatt\u00e1rol\u00e1s&quot;}\">Ukladanie \u00fadajov<\/td>\n<td data-sheets-value=\"{&quot;1&quot;:2,&quot;2&quot;:&quot;32 Gb&quot;}\">32 Gb<\/td>\n<\/tr>\n<tr>\n<td data-sheets-value=\"{&quot;1&quot;:2,&quot;2&quot;:&quot;Digit\u00e1lis zoom&quot;}\">Digit\u00e1lny zoom<\/td>\n<td data-sheets-value=\"{&quot;1&quot;:2,&quot;2&quot;:&quot;1x, 2x, 3x, 4x&quot;}\">1x, 2x, 3x, 4x<\/td>\n<\/tr>\n<tr>\n<td data-sheets-value=\"{&quot;1&quot;:2,&quot;2&quot;:&quot;Egy\u00e9b tulajdons\u00e1gok&quot;}\">\u010eal\u0161ie funkcie<\/td>\n<td data-sheets-value=\"{&quot;1&quot;:2,&quot;2&quot;:&quot;Wifi, Digit\u00e1lis ir\u00e1nyt\u0171&quot;}\">Wifi, Digit\u00e1lny kompas<\/td>\n<\/tr>\n<tr>\n<td data-sheets-value=\"{&quot;1&quot;:2,&quot;2&quot;:&quot;Energiaell\u00e1t\u00e1s&quot;}\">Dod\u00e1vka energie<\/td>\n<td data-sheets-value=\"{&quot;1&quot;:2,&quot;2&quot;:&quot;1x26650 3,7V ipari akkumul\u00e1tor v\u00e9delem n\u00e9lk\u00fcl&quot;}\">1\u00d726650 3,7 V priemyseln\u00e1 bat\u00e9ria bez ochrany<\/td>\n<\/tr>\n<tr>\n<td data-sheets-value=\"{&quot;1&quot;:2,&quot;2&quot;:&quot;\u00c9szlel\u00e9si t\u00e1vols\u00e1g&quot;}\">Detek\u010dn\u00e1 vzdialenos\u0165<\/td>\n<td data-sheets-value=\"{&quot;1&quot;:2,&quot;2&quot;:&quot;2597 m&quot;}\">2597 m<\/td>\n<\/tr>\n<tr>\n<td data-sheets-value=\"{&quot;1&quot;:2,&quot;2&quot;:&quot;Gy\u00e1rt\u00f3&quot;}\">V\u00fdrobca<\/td>\n<td data-sheets-value=\"{&quot;1&quot;:2,&quot;2&quot;:&quot;InfiRay&quot;}\">InfiRay<\/td>\n<\/tr>\n<tr>\n<td data-sheets-value=\"{&quot;1&quot;:2,&quot;2&quot;:&quot;Gy\u00e1rt\u00f3 \u00e1ltal v\u00e1llalt garancia&quot;}\">Z\u00e1ruka v\u00fdrobcu<\/td>\n<td data-sheets-value=\"{&quot;1&quot;:2,&quot;2&quot;:&quot;3 \u00e9v \u00e1ltal\u00e1nos garancia a k\u00e9sz\u00fcl\u00e9kre, 10 \u00e9v a szenzorra, 2 \u00e9v az akkumul\u00e1torra&quot;}\">3 roky v\u0161eobecnej z\u00e1ruky na zariadenie, 10 rokov na senzor, 2 roky na bat\u00e9riu<\/td>\n<\/tr>\n<tr>\n<td data-sheets-value=\"{&quot;1&quot;:2,&quot;2&quot;:&quot;K\u00e9pfriss\u00edt\u00e9s&quot;}\">Aktualiz\u00e1cia obr\u00e1zkov<\/td>\n<td data-sheets-value=\"{&quot;1&quot;:2,&quot;2&quot;:&quot;50 Hz&quot;}\">50 Hz<\/td>\n<\/tr>\n<tr>\n<td data-sheets-value=\"{&quot;1&quot;:2,&quot;2&quot;:&quot;L\u00e1t\u00f3sz\u00f6g&quot;}\">Zorn\u00fd uhol<\/td>\n<td data-sheets-value=\"{&quot;1&quot;:2,&quot;2&quot;:&quot;8.8\u00d76.6\u00b0&quot;}\">8.8\u00d76.6\u00b0<\/td>\n<\/tr>\n<tr>\n<td data-sheets-value=\"{&quot;1&quot;:2,&quot;2&quot;:&quot;Legkisebb f\u00f3kuszt\u00e1vols\u00e1g&quot;}\">Minim\u00e1lna ohniskov\u00e1 vzdialenos\u0165<\/td>\n<td data-sheets-value=\"{&quot;1&quot;:2,&quot;2&quot;:&quot;48mm&quot;}\">48 mm<\/td>\n<\/tr>\n<tr>\n<td data-sheets-value=\"{&quot;1&quot;:2,&quot;2&quot;:&quot;T\u00e1vols\u00e1gm\u00e9r\u0151&quot;}\">Dia\u013ekomer<\/td>\n<td data-sheets-value=\"{&quot;1&quot;:2,&quot;2&quot;:&quot;LRF l\u00e9zeres&quot;}\">Laser LRF<\/td>\n<\/tr>\n<tr>\n<td data-sheets-value=\"{&quot;1&quot;:2,&quot;2&quot;:&quot;Szenzor&quot;}\">Senzor<\/td>\n<td data-sheets-value=\"{&quot;1&quot;:2,&quot;2&quot;:&quot;640\u00d7512 felbont\u00e1s\u00fa ; pixelm\u00e9ret: 12 \u03bcm; k\u00e9pfriss\u00edt\u00e9s: 50Hz; NETD &lt;= 35 mK&quot;}\">Rozl\u00ed\u0161enie 640 \u00d7 512 ; ve\u013ekos\u0165 pixelov: 12 \u03bcm; obnovovacia frekvencia: 50 Hz; NETD &lt;= 35 mK<\/td>\n<\/tr>\n<tr>\n<td data-sheets-value=\"{&quot;1&quot;:2,&quot;2&quot;:&quot;Sz\u00edn&quot;}\">Farba<\/td>\n<td data-sheets-value=\"{&quot;1&quot;:2,&quot;2&quot;:&quot;Fekete&quot;}\">\u010cierna<\/td>\n<\/tr>\n<tr>\n<td data-sheets-value=\"{&quot;1&quot;:2,&quot;2&quot;:&quot;Tartoz\u00e9kok&quot;}\">Pr\u00edslu\u0161enstvo<\/td>\n<td data-sheets-value=\"{&quot;1&quot;:2,&quot;2&quot;:&quot;H\u0151kamera c\u00e9lt\u00e1vcs\u0151, 2x26650 t\u00f6lthet\u0151 akkumul\u00e1tor, 2x egy \u00f6bl\u00f6s t\u00f6lt\u0151, IRM-030-205-Q1 Picatinny szerel\u00e9k, tok, tiszt\u00edt\u00f3 kend\u0151, adat k\u00e1bel, h\u00e1l\u00f3zati adapter&quot;}\">Termov\u00edzny \u010falekoh\u013ead, 2\u00d726650 nab\u00edjate\u013en\u00e1 bat\u00e9ria, 2\u00d7 jednopolohov\u00e1 nab\u00edja\u010dka, mont\u00e1\u017e IRM-030-205-Q1 Picatinny, puzdro, \u010distiaca handri\u010dka, d\u00e1tov\u00fd k\u00e1bel, nap\u00e1jac\u00ed adapt\u00e9r<\/td>\n<\/tr>\n<tr>\n<td data-sheets-value=\"{&quot;1&quot;:2,&quot;2&quot;:&quot;T\u00f6meg&quot;}\">Hmotnos\u0165<\/td>\n<td data-sheets-value=\"{&quot;1&quot;:2,&quot;2&quot;:&quot;700g&quot;}\">700g<\/td>\n<\/tr>\n<tr>\n<td data-sheets-value=\"{&quot;1&quot;:2,&quot;2&quot;:&quot;\u00dczemid\u0151&quot;}\">Prev\u00e1dzkov\u00e9 hodiny<\/td>\n<td data-sheets-value=\"{&quot;1&quot;:2,&quot;2&quot;:&quot;Ak\u00e1r 7 \u00f3ra&quot;}\">A\u017e 7 hod\u00edn<\/td>\n<\/tr>\n<\/tbody>\n<\/table>\n<p>Ofici\u00e1lna str\u00e1nka zna\u010dky v\u00fdrobku: <a href=\"https:\/\/www.infirayoutdoor.com\/thermal-imaging-rifle-scope-geni-non-rangefinding-series\">https:\/\/www.infirayoutdoor.com\/thermal-imaging-rifle-scope-geni-non-rangefinding-series<\/a>.<\/p>","protected":false},"excerpt":{"rendered":"<p><span style=\"font-weight: 400\">Predstavuje sa termov\u00edzny \u010falekoh\u013ead InfiRay Geni GH50R s 12um sn\u00edma\u010dom, rozl\u00ed\u0161en\u00edm 640 \u00d7 512 a objekt\u00edvom s ohniskovou vzdialenos\u0165ou 50 mm. V\u010faka vysokokvalitn\u00e9mu displeju AMOLED s rozl\u00ed\u0161en\u00edm 1024 \u00d7 768 zaru\u010duje v\u00fdnimo\u010dn\u00fd obrazov\u00fd z\u00e1\u017eitok a vysok\u00fa tepeln\u00fa odolnos\u0165. Obraz je skuto\u010dne ohromuj\u00faci, termov\u00edzna sn\u00edmka poskytuje takmer trojrozmern\u00fd pocit v\u010faka presnosti term\u00e1lneho sn\u00edma\u010da. Novo vyvinut\u00fd modul laserov\u00e9ho dia\u013ekomeru, integrovan\u00fd v kryte pr\u00edstroja, m\u00e1 maxim\u00e1lny dosah 1000 m. (1000 m pre ve\u013ek\u00e9 objekty, ktor\u00e9 mo\u017eno stabilne zachyti\u0165) Presnos\u0165 modulu dia\u013ekomeru je do 400 m s maxim\u00e1lnou hodnotou \u00b1 1 m a nad 400 m s maxim\u00e1lnou hodnotou \u00b1 0,4%.<\/span><\/p>","protected":false},"featured_media":1760,"comment_status":"open","ping_status":"closed","template":"","meta":[],"product_brand":[],"product_cat":[30,45],"product_tag":[32,95,18,43],"class_list":{"0":"post-1759","1":"product","2":"type-product","3":"status-publish","4":"has-post-thumbnail","6":"product_cat-celtavcso","7":"product_cat-hokamera","8":"product_tag-celtavcso","9":"product_tag-geni","10":"product_tag-hokamera","11":"product_tag-infiray","13":"first","14":"instock","15":"taxable","16":"shipping-taxable","17":"purchasable","18":"product-type-simple"},"jetpack_sharing_enabled":true,"_links":{"self":[{"href":"https:\/\/bestoptika.eu\/sk\/wp-json\/wp\/v2\/product\/1759","targetHints":{"allow":["GET"]}}],"collection":[{"href":"https:\/\/bestoptika.eu\/sk\/wp-json\/wp\/v2\/product"}],"about":[{"href":"https:\/\/bestoptika.eu\/sk\/wp-json\/wp\/v2\/types\/product"}],"replies":[{"embeddable":true,"href":"https:\/\/bestoptika.eu\/sk\/wp-json\/wp\/v2\/comments?post=1759"}],"wp:featuredmedia":[{"embeddable":true,"href":"https:\/\/bestoptika.eu\/sk\/wp-json\/wp\/v2\/media\/1760"}],"wp:attachment":[{"href":"https:\/\/bestoptika.eu\/sk\/wp-json\/wp\/v2\/media?parent=1759"}],"wp:term":[{"taxonomy":"product_brand","embeddable":true,"href":"https:\/\/bestoptika.eu\/sk\/wp-json\/wp\/v2\/product_brand?post=1759"},{"taxonomy":"product_cat","embeddable":true,"href":"https:\/\/bestoptika.eu\/sk\/wp-json\/wp\/v2\/product_cat?post=1759"},{"taxonomy":"product_tag","embeddable":true,"href":"https:\/\/bestoptika.eu\/sk\/wp-json\/wp\/v2\/product_tag?post=1759"}],"curies":[{"name":"wp","href":"https:\/\/api.w.org\/{rel}","templated":true}]}}