{"id":1846,"date":"2024-07-05T08:51:11","date_gmt":"2024-07-05T06:51:11","guid":{"rendered":"https:\/\/bestoptika.eu\/?post_type=product&#038;p=1846"},"modified":"2025-09-22T14:54:57","modified_gmt":"2025-09-22T12:54:57","slug":"infiray-unique-uh50-hokamera","status":"publish","type":"product","link":"https:\/\/bestoptika.eu\/sk\/product\/infiray-unique-uh50-hokamera\/","title":{"rendered":"Infiray UNIQUE UH50 termov\u00edzny monokul\u00e1r"},"content":{"rendered":"<p><span style=\"font-weight: 400\">Nov\u00fd model Unique je verzia s\u00e9rie Zoom s pevnou ohniskovou vzdialenos\u0165ou. Tieto fotoapar\u00e1ty s\u00fa u\u017eito\u010dn\u00e9 najm\u00e4 na pozorovanie na dlh\u0161ie vzdialenosti. <\/span><span style=\"font-weight: 400\">Termokamery Unique s\u00fa v\u010faka ve\u013ekej ve\u013ekosti sn\u00edma\u010da vlajkovou lo\u010fou s\u00fa\u010dasnosti a s\u013eubuj\u00fa skuto\u010dne \u00fa\u017easn\u00e9 sn\u00edmky. Tieto vlajkov\u00e9 lode pon\u00fakaj\u00fa v\u0161etky potrebn\u00e9 funkcie.<\/span><\/p>\n<p><span style=\"font-weight: 400\">Je vybaven\u00fd legend\u00e1rnym term\u00e1lnym sn\u00edma\u010dom s rozl\u00ed\u0161en\u00edm 640*512 a farebn\u00fdm displejom AMOLED s vysok\u00fdm rozl\u00ed\u0161en\u00edm Full HD, ktor\u00fd sa m\u00f4\u017ee pochv\u00e1li\u0165 bezkonkuren\u010dn\u00fdm obrazov\u00fdm efektom. Ohniskov\u00e1 vzdialenos\u0165 50 mm so sn\u00edma\u010dom s rozl\u00ed\u0161en\u00edm 640, 12 mikr\u00f3nov poskytuje neuverite\u013ene detailn\u00fd obraz. \u0160irok\u00e1 \u0161k\u00e1la funkci\u00ed, ako je pestr\u00fd v\u00fdber farieb, obraz v obraze, digit\u00e1lny zoom, sledovanie najhor\u00facej\u0161ieho bodu a funkcia automatick\u00e9ho analyz\u00e1tora ve\u013ekosti cie\u013ea, ktor\u00e1 vznikla \u010fal\u0161\u00edm v\u00fdvojom funkcie odhadu vzdialenosti, umo\u017e\u0148uje pou\u017e\u00edvate\u013eom vybra\u0165 optim\u00e1lny re\u017eim pozorovania na z\u00e1klade aktu\u00e1lneho scen\u00e1ra. Viden\u00fd obraz je skuto\u010dne bezkonkuren\u010dn\u00fd.<\/span><\/p>\n<p><span style=\"font-weight: 400\">Novinka m\u00e1 kompaktn\u00e9 rozmery a vynikaj\u00facu pri\u013enavos\u0165. Je skon\u0161truovan\u00e1 tak, aby \u00fa\u010dinne odol\u00e1vala vode a prachu, a s\u013eubuje odolnos\u0165 ka\u017edej \u010dasti. V\u010faka vymenite\u013enej bat\u00e9rii s kapacitou 4400 mAh ju mo\u017eno r\u00fdchlo a jednoducho vybra\u0165 a nain\u0161talova\u0165 - nehovoriac o v\u00fdrobcom s\u013eubovanej v\u00fddr\u017ei bat\u00e9rie a\u017e 10 hod\u00edn*. Bat\u00e9riu je mo\u017en\u00e9 nab\u00edja\u0165 cez USB-C alebo v dokovacej stanici.<\/span><span style=\"font-weight: 400\"><br \/>\n<\/span><span style=\"font-weight: 400\">Jeho 0,4\u2033 farebn\u00fd displej AMOLED tie\u017e pos\u00fava hranice s\u00fa\u010dasnej technol\u00f3gie s rozl\u00ed\u0161en\u00edm 1440 x 1080 pixelov. Zobrazen\u00fd obraz umo\u017e\u0148uje pevn\u00e9 4-n\u00e1sobn\u00e9 optick\u00e9 zv\u00e4\u010d\u0161enie, ktor\u00e9 mo\u017eno digit\u00e1lne zv\u00e4\u010d\u0161i\u0165 a\u017e 16-n\u00e1sobne. Funkcia obraz v obraze ho pos\u00fava o stupe\u0148 vy\u0161\u0161ie.<\/span><\/p>\n<p><span style=\"font-weight: 400\">Prv\u00fd senzor na svete s v\u00fdnimo\u010dnou tepelnou citlivos\u0165ou (NETD &lt; 25 mK) poskytuje na displeji jedine\u010dn\u00e9 inform\u00e1cie. In\u017einieri pracovali na tom, aby aj za zl\u00fdch poveternostn\u00fdch podmienok (n\u00edzke teploty, d\u00e1\u017e\u010f, hmla alebo opar) bol kontrast obrazu vynikaj\u00faci na spr\u00e1vne rozpoznanie a identifik\u00e1ciu. Obrazov\u00e9 sc\u00e9ny preddefinovan\u00e9 v\u00fdrobcom pokr\u00fdvaj\u00fa mimoriadne \u0161irok\u00fd rozsah, tak\u017ee zobrazen\u00fd obraz sp\u013a\u0148a naozaj v\u0161etky potreby.<\/span><\/p>\n<p><span style=\"font-weight: 400\">V\u010faka \u0161peci\u00e1lnemu senzoru a nov\u00e9mu kalibra\u010dn\u00e9mu postupu sa v\u00fdrazne zn\u00ed\u017eila spotreba energie a zmizol kalibra\u010dn\u00fd \"\u0161um\". V\u010faka d\u00f4myseln\u00e9mu dizajnu s\u00fa tich\u00e9 aj ovl\u00e1dacie tla\u010didl\u00e1.<\/span><\/p>\n<table dir=\"ltr\" border=\"1\" cellspacing=\"0\" cellpadding=\"0\" data-sheets-root=\"1\">\n<colgroup>\n<col width=\"264\" \/>\n<col width=\"804\" \/><\/colgroup>\n<tbody>\n<tr>\n<td data-sheets-value=\"{&quot;1&quot;:2,&quot;2&quot;:&quot;Technikai param\u00e9terek&quot;}\">Technick\u00e9 parametre<\/td>\n<td data-sheets-value=\"{&quot;1&quot;:2,&quot;2&quot;:&quot;\u00c9rt\u00e9k&quot;}\">Hodnota<\/td>\n<\/tr>\n<tr>\n<td data-sheets-value=\"{&quot;1&quot;:2,&quot;2&quot;:&quot;H\u0151szenzor&quot;}\">Sn\u00edma\u010d tepla<\/td>\n<td data-sheets-value=\"{&quot;1&quot;:2,&quot;2&quot;:&quot;640x512 12\u03bcm&quot;}\">640\u00d7512 12\u03bcm<\/td>\n<\/tr>\n<tr>\n<td data-sheets-value=\"{&quot;1&quot;:2,&quot;2&quot;:&quot;H\u0151szenzor NETD&quot;}\">Sn\u00edma\u010d tepla NETD<\/td>\n<td data-sheets-value=\"{&quot;1&quot;:2,&quot;2&quot;:&quot;25 mK&quot;}\">25 mK<\/td>\n<\/tr>\n<tr>\n<td data-sheets-value=\"{&quot;1&quot;:2,&quot;2&quot;:&quot;Kijelz\u0151&quot;}\">Zobrazenie<\/td>\n<td data-sheets-value=\"{&quot;1&quot;:2,&quot;2&quot;:&quot;FHD AMOLED 1440\u00d71080&quot;}\">FHD AMOLED 1440\u00d71080<\/td>\n<\/tr>\n<tr>\n<td data-sheets-value=\"{&quot;1&quot;:2,&quot;2&quot;:&quot;Nagy\u00edt\u00e1s tartom\u00e1ny (x)&quot;}\">Rozsah zv\u00e4\u010d\u0161enia (x)<\/td>\n<td data-sheets-value=\"{&quot;1&quot;:2,&quot;2&quot;:&quot;4 \u2013 16&quot;}\">4 - 16<\/td>\n<\/tr>\n<tr>\n<td data-sheets-value=\"{&quot;1&quot;:2,&quot;2&quot;:&quot;Objekt\u00edv&quot;}\">\u0160o\u0161ovka<\/td>\n<td data-sheets-value=\"{&quot;1&quot;:2,&quot;2&quot;:&quot;50 mm gy\u00fajt\u00f3t\u00e1vols\u00e1g&quot;}\">50 mm palebn\u00e1 vzdialenos\u0165<\/td>\n<\/tr>\n<tr>\n<td data-sheets-value=\"{&quot;1&quot;:2,&quot;2&quot;:&quot;Haszn\u00e1lati \u00fatmutat\u00f3&quot;}\">N\u00e1vod na pou\u017eitie<\/td>\n<td data-sheets-value=\"{&quot;1&quot;:2,&quot;2&quot;:&quot;Kattints&quot;}\">Kliknut\u00edm na tla\u010didlo skop\u00edrujete<\/td>\n<\/tr>\n<tr>\n<td data-sheets-value=\"{&quot;1&quot;:2,&quot;2&quot;:&quot;Adatt\u00e1rol\u00e1s&quot;}\">Ukladanie \u00fadajov<\/td>\n<td data-sheets-value=\"{&quot;1&quot;:2,&quot;2&quot;:&quot;32GB&quot;}\">32 GB<\/td>\n<\/tr>\n<tr>\n<td data-sheets-value=\"{&quot;1&quot;:2,&quot;2&quot;:&quot;Alap nagy\u00edt\u00e1s (x)&quot;}\">Z\u00e1kladn\u00e9 zv\u00e4\u010d\u0161enie (x)<\/td>\n<td data-sheets-value=\"{&quot;1&quot;:3,&quot;3&quot;:4}\">4<\/td>\n<\/tr>\n<tr>\n<td data-sheets-value=\"{&quot;1&quot;:2,&quot;2&quot;:&quot;Betekint\u00e9si t\u00e1vols\u00e1g&quot;}\">Zobrazovacia vzdialenos\u0165<\/td>\n<td data-sheets-value=\"{&quot;1&quot;:2,&quot;2&quot;:&quot;20 mm&quot;}\">20 mm<\/td>\n<\/tr>\n<tr>\n<td data-sheets-value=\"{&quot;1&quot;:2,&quot;2&quot;:&quot;Csatlakoz\u00f3k&quot;}\">Konektory<\/td>\n<td data-sheets-value=\"{&quot;1&quot;:2,&quot;2&quot;:&quot;USB-C&quot;}\">USB-C<\/td>\n<\/tr>\n<tr>\n<td data-sheets-value=\"{&quot;1&quot;:2,&quot;2&quot;:&quot;Dioptria kompenz\u00e1ci\u00f3&quot;}\">Kompenz\u00e1cia dioptri\u00ed<\/td>\n<td data-sheets-value=\"{&quot;1&quot;:2,&quot;2&quot;:&quot;- 5 \/ + 5 dpt&quot;}\">- 5 \/ + 5 dpt<\/td>\n<\/tr>\n<tr>\n<td data-sheets-value=\"{&quot;1&quot;:2,&quot;2&quot;:&quot;Energiaell\u00e1t\u00e1s&quot;}\">Dod\u00e1vka energie<\/td>\n<td data-sheets-value=\"{&quot;1&quot;:2,&quot;2&quot;:&quot;IBP-1\/4400mAh\/DC3.7V Li-ion&quot;}\">IBP-1\/4400mAh\/DC3,7V Li-ion<\/td>\n<\/tr>\n<tr>\n<td data-sheets-value=\"{&quot;1&quot;:2,&quot;2&quot;:&quot;\u00c9szlel\u00e9si t\u00e1vols\u00e1g&quot;}\">Detek\u010dn\u00e1 vzdialenos\u0165<\/td>\n<td data-sheets-value=\"{&quot;1&quot;:2,&quot;2&quot;:&quot;2600 m&quot;}\">2600 m<\/td>\n<\/tr>\n<tr>\n<td data-sheets-value=\"{&quot;1&quot;:2,&quot;2&quot;:&quot;Gy\u00e1rt\u00f3&quot;}\">V\u00fdrobca<\/td>\n<td data-sheets-value=\"{&quot;1&quot;:2,&quot;2&quot;:&quot;InfiRay&quot;}\">InfiRay<\/td>\n<\/tr>\n<tr>\n<td data-sheets-value=\"{&quot;1&quot;:2,&quot;2&quot;:&quot;Gy\u00e1rt\u00f3 \u00e1ltal v\u00e1llalt garancia&quot;}\">Z\u00e1ruka v\u00fdrobcu<\/td>\n<td data-sheets-value=\"{&quot;1&quot;:2,&quot;2&quot;:&quot;3 \u00e9v \u00e1ltal\u00e1nos garancia a k\u00e9sz\u00fcl\u00e9kre, 10 \u00e9v a szenzorra, 2 \u00e9v az akkumul\u00e1torra&quot;}\">3 roky v\u0161eobecnej z\u00e1ruky na zariadenie, 10 rokov na senzor, 2 roky na bat\u00e9riu<\/td>\n<\/tr>\n<tr>\n<td data-sheets-value=\"{&quot;1&quot;:2,&quot;2&quot;:&quot;K\u00e9pfriss\u00edt\u00e9s&quot;}\">Aktualiz\u00e1cia obr\u00e1zkov<\/td>\n<td data-sheets-value=\"{&quot;1&quot;:2,&quot;2&quot;:&quot;50 Hz&quot;}\">50 Hz<\/td>\n<\/tr>\n<tr>\n<td data-sheets-value=\"{&quot;1&quot;:2,&quot;2&quot;:&quot;L\u00e1t\u00f3sz\u00f6g (\u00b0)&quot;}\">Uhol z\u00e1beru (\u00b0)<\/td>\n<td data-sheets-value=\"{&quot;1&quot;:2,&quot;2&quot;:&quot;8.8\u00b0\u00d76.6\u00b0&quot;}\">8.8\u00b0\u00d76.6\u00b0<\/td>\n<\/tr>\n<tr>\n<td data-sheets-value=\"{&quot;1&quot;:2,&quot;2&quot;:&quot;T\u00e1vols\u00e1gm\u00e9r\u0151&quot;}\">Dia\u013ekomer<\/td>\n<td data-sheets-value=\"{&quot;1&quot;:2,&quot;2&quot;:&quot;T\u00e1vols\u00e1gbecsl\u0151&quot;}\">Odhad vzdialenosti<\/td>\n<\/tr>\n<tr>\n<td data-sheets-value=\"{&quot;1&quot;:2,&quot;2&quot;:&quot;M\u00e9retek&quot;}\">Rozmery<\/td>\n<td data-sheets-value=\"{&quot;1&quot;:2,&quot;2&quot;:&quot;205\u00d765\u00d760 mm&quot;}\">205 \u00d7 65 \u00d7 60 mm<\/td>\n<\/tr>\n<tr>\n<td data-sheets-value=\"{&quot;1&quot;:2,&quot;2&quot;:&quot;Szenzor&quot;}\">Senzor<\/td>\n<td data-sheets-value=\"{&quot;1&quot;:2,&quot;2&quot;:&quot;640x512 felbont\u00e1s\u00fa Vox h\u0171tetlen mikrobolom\u00e9ter; pixelm\u00e9ret: 12 \u03bcm; k\u00e9pfriss\u00edt\u00e9s: 50Hz; NETD &lt;= 25 mK&quot;}\">Nechladen\u00fd mikrobolometer Vox s rozl\u00ed\u0161en\u00edm 640 \u00d7 512; ve\u013ekos\u0165 pixla: 12 \u03bcm; obnovovacia frekvencia obrazu: 50 Hz; NETD &lt;= 25 mK<\/td>\n<\/tr>\n<tr>\n<td data-sheets-value=\"{&quot;1&quot;:2,&quot;2&quot;:&quot;Sz\u00edn&quot;}\">Farba<\/td>\n<td data-sheets-value=\"{&quot;1&quot;:2,&quot;2&quot;:&quot;fekete&quot;}\">\u010cierna<\/td>\n<\/tr>\n<tr>\n<td data-sheets-value=\"{&quot;1&quot;:2,&quot;2&quot;:&quot;Tartoz\u00e9kok&quot;}\">Pr\u00edslu\u0161enstvo<\/td>\n<td data-sheets-value=\"{&quot;1&quot;:2,&quot;2&quot;:&quot;h\u0151kamera, kamera nyakp\u00e1nt, tok v\u00e1llp\u00e1nttal, 2xIBP-1 akku, t\u00f6lt\u0151, h\u00e1l\u00f3zati adapter, USB-C k\u00e1bel, csukl\u00f3p\u00e1nt, tiszt\u00edt\u00f3 kend\u0151&quot;}\">termokamera, popruh na krk kamery, puzdro s ramenn\u00fdm popruhom, bat\u00e9ria 2xIBP-1, nab\u00edja\u010dka, nap\u00e1jac\u00ed adapt\u00e9r, k\u00e1bel USB-C, remienok na z\u00e1p\u00e4stie, \u010distiaca handri\u010dka<\/td>\n<\/tr>\n<tr>\n<td data-sheets-value=\"{&quot;1&quot;:2,&quot;2&quot;:&quot;T\u00f6meg (g)&quot;}\">Hmotnos\u0165 (g)<\/td>\n<td data-sheets-value=\"{&quot;1&quot;:3,&quot;3&quot;:650}\">650<\/td>\n<\/tr>\n<tr>\n<td data-sheets-value=\"{&quot;1&quot;:2,&quot;2&quot;:&quot;\u00dczemid\u0151&quot;}\">V\u00fddr\u017e<\/td>\n<td data-sheets-value=\"{&quot;1&quot;:2,&quot;2&quot;:&quot;ak\u00e1r 10 \u00f3ra&quot;}\">a\u017e 10 hod\u00edn<\/td>\n<\/tr>\n<tr>\n<td data-sheets-value=\"{&quot;1&quot;:2,&quot;2&quot;:&quot;V\u00edz\u00e1ll\u00f3s\u00e1g&quot;}\">Odolnos\u0165 vo\u010di vode<\/td>\n<td data-sheets-value=\"{&quot;1&quot;:2,&quot;2&quot;:&quot;IP67&quot;}\">IP67<\/td>\n<\/tr>\n<\/tbody>\n<\/table>\n<p>Ofici\u00e1lna str\u00e1nka zna\u010dky v\u00fdrobku: <a href=\"https:\/\/www.infirayoutdoor.com\/thermal-imaging-monocular-unique-series\">https:\/\/www.infirayoutdoor.com\/thermal-imaging-monocular-unique-series<\/a>.<\/p>","protected":false},"excerpt":{"rendered":"<p><span style=\"font-weight: 400\">Ako n\u00e1stupca s\u00e9rie X-Eye E6 bola uveden\u00e1 s\u00e9ria InfiRay Unique s vymenite\u013en\u00fdmi bat\u00e9riami a \u00faplne prepracovan\u00fdm dizajnom. Pon\u00faka takmer v\u0161etky inov\u00e1cie, ktor\u00e9 sa v posledn\u00fdch rokoch objavili na trhu s vysokov\u00fdkonn\u00fdmi termov\u00edznymi kamerami, s \u010dist\u00fdm, premyslen\u00fdm dizajnom a vysoko sofistikovan\u00fdm pou\u017eit\u00edm materi\u00e1lov.<\/span><\/p>","protected":false},"featured_media":1847,"comment_status":"open","ping_status":"closed","template":"","meta":[],"product_brand":[],"product_cat":[45],"product_tag":[18,43,114],"class_list":{"0":"post-1846","1":"product","2":"type-product","3":"status-publish","4":"has-post-thumbnail","6":"product_cat-hokamera","7":"product_tag-hokamera","8":"product_tag-infiray","9":"product_tag-unique","11":"first","12":"instock","13":"taxable","14":"shipping-taxable","15":"purchasable","16":"product-type-simple"},"jetpack_sharing_enabled":true,"_links":{"self":[{"href":"https:\/\/bestoptika.eu\/sk\/wp-json\/wp\/v2\/product\/1846","targetHints":{"allow":["GET"]}}],"collection":[{"href":"https:\/\/bestoptika.eu\/sk\/wp-json\/wp\/v2\/product"}],"about":[{"href":"https:\/\/bestoptika.eu\/sk\/wp-json\/wp\/v2\/types\/product"}],"replies":[{"embeddable":true,"href":"https:\/\/bestoptika.eu\/sk\/wp-json\/wp\/v2\/comments?post=1846"}],"wp:featuredmedia":[{"embeddable":true,"href":"https:\/\/bestoptika.eu\/sk\/wp-json\/wp\/v2\/media\/1847"}],"wp:attachment":[{"href":"https:\/\/bestoptika.eu\/sk\/wp-json\/wp\/v2\/media?parent=1846"}],"wp:term":[{"taxonomy":"product_brand","embeddable":true,"href":"https:\/\/bestoptika.eu\/sk\/wp-json\/wp\/v2\/product_brand?post=1846"},{"taxonomy":"product_cat","embeddable":true,"href":"https:\/\/bestoptika.eu\/sk\/wp-json\/wp\/v2\/product_cat?post=1846"},{"taxonomy":"product_tag","embeddable":true,"href":"https:\/\/bestoptika.eu\/sk\/wp-json\/wp\/v2\/product_tag?post=1846"}],"curies":[{"name":"wp","href":"https:\/\/api.w.org\/{rel}","templated":true}]}}