{"id":1857,"date":"2024-07-05T09:48:23","date_gmt":"2024-07-05T07:48:23","guid":{"rendered":"https:\/\/bestoptika.eu\/?post_type=product&#038;p=1857"},"modified":"2025-04-14T19:41:45","modified_gmt":"2025-04-14T17:41:45","slug":"infiray-zoom-zh-50-v2-hokamera","status":"publish","type":"product","link":"https:\/\/bestoptika.eu\/sk\/product\/infiray-zoom-zh-50-v2-hokamera\/","title":{"rendered":"InfiRay ZOOM ZH 50 V2 termov\u00edzny monokul\u00e1r"},"content":{"rendered":"<p><span style=\"font-weight: 400\">Nov\u00fd ZOOM ZH50 V2 je u\u017e na prv\u00fd dojem nie\u010d\u00edm v\u00fdnimo\u010dn\u00fd. Nevyzer\u00e1 \"len\" ako profesion\u00e1lna ru\u010dn\u00e1 termokamera. V\u00fdrobca sa pri navrhovan\u00ed tohto radu rozhodol predv\u00edda\u0165 po\u017eiadavku v\u00e4\u010d\u0161iny kupuj\u00facich termokamier, \u017ee by bolo dobr\u00e9 vyrazi\u0165 do ter\u00e9nu naozaj s dvoma pr\u00edstrojmi. Jednou, ktor\u00e1 pom\u00e1ha pri r\u00fdchlej orient\u00e1cii v\u010faka \u0161irok\u00e9mu uhlu z\u00e1beru a dobr\u00e9mu perif\u00e9rnemu videniu, a druhou, ktor\u00e1 pom\u00e1ha pri identifik\u00e1cii v\u010faka ve\u013ek\u00e9mu zv\u00e4\u010d\u0161eniu.<\/span><\/p>\n<p><span style=\"font-weight: 400\">Jedine\u010dn\u00fd syst\u00e9m dvoch objekt\u00edvov termokamery Zoom ZH50 V2 umo\u017e\u0148uje r\u00fdchle prep\u00ednanie medzi dvoma uhlami poh\u013eadu. Po n\u00e1jden\u00ed cie\u013ea pomocou \u0161irokouhl\u00e9ho nastavenia s ohniskovou vzdialenos\u0165ou 25 mm m\u00f4\u017eete r\u00fdchlo a jedn\u00fdm \u0165ahom prepn\u00fa\u0165 na 50 mm, \u010d\u00edm z\u00edskate istotu pri identifik\u00e1cii a presn\u00e9 detaily. T\u00e1to nov\u00e1 funkcia kone\u010dne uspokojuje potrebu r\u00fdchleho vyh\u013ead\u00e1vania a presnej identifik\u00e1cie v jednom zariaden\u00ed - teraz s dvoma zrete\u013ene oddelen\u00fdmi ovl\u00e1dac\u00edmi voli\u010dmi.<\/span><\/p>\n<p><span style=\"font-weight: 400\">Je vybaven\u00fd tepeln\u00fdm sn\u00edma\u010dom s rozl\u00ed\u0161en\u00edm 640*512 a farebn\u00fdm displejom OLED s vysok\u00fdm rozl\u00ed\u0161en\u00edm HD a m\u00f4\u017ee sa pochv\u00e1li\u0165 bezkonkuren\u010dn\u00fdmi obrazov\u00fdmi efektmi. Ohniskov\u00e1 vzdialenos\u0165 50 mm so sn\u00edma\u010dom s rozl\u00ed\u0161en\u00edm 640, 12 mikr\u00f3nov poskytuje obraz s nev\u00eddan\u00fdmi detailmi. \u0160irok\u00e1 \u0161k\u00e1la funkci\u00ed, ako je pestr\u00fd v\u00fdber farieb, obraz v obraze, digit\u00e1lny zoom, sledovanie najhor\u00facej\u0161ieho bodu a funkcia automatickej anal\u00fdzy ve\u013ekosti cie\u013ea, vytvoren\u00e1 \u010fal\u0161\u00edm v\u00fdvojom funkcie odhadu vzdialenosti, umo\u017e\u0148uje pou\u017e\u00edvate\u013eom vybra\u0165 optim\u00e1lny re\u017eim pozorovania na z\u00e1klade aktu\u00e1lneho scen\u00e1ra. Flexibilita viden\u00e9ho obrazu a termokamery skuto\u010dne nem\u00e1 konkurenciu. Pomocou jedin\u00e9ho voli\u010da zaostrenia m\u00f4\u017ee pou\u017e\u00edvate\u013e intuit\u00edvne prep\u00edna\u0165 medzi dvoma polohami zaostrenia jedin\u00fdm rozhoduj\u00facim krokom pomocou jedin\u00e9ho gesta a potom doladi\u0165 nastavenie zaostrenia ot\u00e1\u010dan\u00edm voli\u010da, ktor\u00fd sa d\u00e1 \u013eahko pou\u017e\u00edva\u0165 v rukaviciach.<\/span><\/p>\n<p><span style=\"font-weight: 400\">Novinka m\u00e1 kompaktn\u00e9 rozmery a vynikaj\u00facu pri\u013enavos\u0165. S\u00e9ria V2 je skon\u0161truovan\u00e1 tak, aby bola efekt\u00edvna, je vysoko odoln\u00e1 vo\u010di vode a prachu a s\u013eubuje trvanlivos\u0165 v ka\u017edom detaile. V\u010faka vymenite\u013enej bat\u00e9rii s kapacitou 4400 mAh ju mo\u017eno r\u00fdchlo a jednoducho vybra\u0165 a nain\u0161talova\u0165 - nehovoriac o v\u00fdrobcom s\u013eubovanej v\u00fddr\u017ei a\u017e 10 hod\u00edn*. Bat\u00e9riu je mo\u017en\u00e9 nab\u00edja\u0165 cez USB-C alebo v dokovacej stanici.<\/span><span style=\"font-weight: 400\"><br \/>\n<\/span><span style=\"font-weight: 400\">Jeho 0,4\u2033 farebn\u00fd displej AMOLED tie\u017e pos\u00fava hranice s\u00fa\u010dasnej technol\u00f3gie s rozl\u00ed\u0161en\u00edm 1440 x 1080 pixelov. Zobrazen\u00fd obraz umo\u017e\u0148uje optick\u00e9 zv\u00e4\u010d\u0161enie 2,2 a\u017e 4,4-n\u00e1sobn\u00e9, ktor\u00e9 mo\u017eno digit\u00e1lne zv\u00e4\u010d\u0161i\u0165 a\u017e 17,6-n\u00e1sobne. To je 8-n\u00e1sobn\u00fd rozsah zv\u00e4\u010d\u0161enia. Funkcia obraz v obraze prid\u00e1va \u010fal\u0161\u00ed faktor. Ikony v obraze v\u00e1s informuj\u00fa o aktu\u00e1lne nastavenej \u00farovni pribl\u00ed\u017eenia. O\u010dn\u00e1 mrie\u017eka radu V2 bola \u010falej vylep\u0161en\u00e1 pre e\u0161te jasnej\u0161\u00ed obraz a presnej\u0161ie nastavenie dioptri\u00ed.<\/span><\/p>\n<p><span style=\"font-weight: 400\">Prv\u00fd senzor na svete s v\u00fdnimo\u010dnou tepelnou citlivos\u0165ou (NETD &lt; 25 mK) poskytuje na displeji jedine\u010dn\u00e9 inform\u00e1cie. In\u017einieri pracovali na tom, aby aj za zl\u00fdch poveternostn\u00fdch podmienok (n\u00edzke teploty, d\u00e1\u017e\u010f, hmla alebo opar) bol kontrast obrazu vynikaj\u00faci na spr\u00e1vne rozpoznanie a identifik\u00e1ciu. Obrazov\u00e9 sc\u00e9ny preddefinovan\u00e9 v\u00fdrobcom pokr\u00fdvaj\u00fa mimoriadne \u0161irok\u00fd rozsah, tak\u017ee viden\u00fd obraz je uspokojiv\u00fd pre v\u0161etky potreby.<\/span><\/p>\n<p><span style=\"font-weight: 400\">V\u010faka premyslen\u00e9mu dizajnu s\u00fa aj ovl\u00e1dacie tla\u010didl\u00e1 tich\u00e9.<\/span><span style=\"font-weight: 400\"><br \/>\n<\/span><span style=\"font-weight: 400\"><br \/>\n<\/span><span style=\"font-weight: 400\">Zoom ZH50 V2 je v\u00f4bec najpou\u017e\u00edvanej\u0161ia termokamera na no\u010dn\u00fd lov, sledovanie a ur\u010dovanie polohy, ale m\u00f4\u017ee by\u0165 aj ve\u013emi \u00fa\u010dinnou a efektnou pom\u00f4ckou pre p\u00e1tracie a z\u00e1chrann\u00e9 t\u00edmy. Od uvedenia civiln\u00fdch termokamier na trh sa v\u00fdrobcovia sna\u017eili vyhovie\u0165 r\u00f4znym aplik\u00e1ci\u00e1m a vzdialenostiam pou\u017eitia t\u00fdm, \u017ee zariadenia konfigurovali r\u00f4znymi sp\u00f4sobmi. Po uveden\u00ed s\u00e9rie Zoom s\u00fa tieto \u010dasy pre\u010d. Nov\u00e1 \u0161pi\u010dkov\u00e1 verzia pon\u00faka optim\u00e1lne rie\u0161enie od najkrat\u0161ej a\u017e po najdlh\u0161iu vzdialenos\u0165 v\u00f4bec.<\/span><\/p>\n<p><span style=\"font-weight: 400\">* Odhadovan\u00fd \u010das prev\u00e1dzky bez \u010fal\u0161\u00edch funkci\u00ed (napr. WiFi)<\/span><\/p>\n<p><span style=\"font-weight: 400\">Vstavan\u00e1 pam\u00e4\u0165 s kapacitou 32 GB pon\u00faka takmer neobmedzen\u00fa pam\u00e4\u0165 na fotografie a ve\u013emi kvalitn\u00fd obraz s ve\u013ek\u00fdm sn\u00edma\u010dom, ktor\u00fd m\u00e1 v\u010faka vstavan\u00e9mu mikrof\u00f3nu aj zvukov\u00fa stopu.<\/span><\/p>\n<table dir=\"ltr\" border=\"1\" cellspacing=\"0\" cellpadding=\"0\" data-sheets-root=\"1\">\n<colgroup>\n<col width=\"302\" \/>\n<col width=\"470\" \/><\/colgroup>\n<tbody>\n<tr>\n<td data-sheets-value=\"{&quot;1&quot;:2,&quot;2&quot;:&quot;Technikai param\u00e9terek&quot;}\">Technick\u00e9 parametre<\/td>\n<td data-sheets-value=\"{&quot;1&quot;:2,&quot;2&quot;:&quot;\u00c9rt\u00e9k&quot;}\">Hodnota<\/td>\n<\/tr>\n<tr>\n<td data-sheets-value=\"{&quot;1&quot;:2,&quot;2&quot;:&quot;Gy\u00e1rt\u00f3&quot;}\">V\u00fdrobca<\/td>\n<td data-sheets-value=\"{&quot;1&quot;:2,&quot;2&quot;:&quot;InfIray&quot;}\">InfIray<\/td>\n<\/tr>\n<tr>\n<td data-sheets-value=\"{&quot;1&quot;:2,&quot;2&quot;:&quot;\u00c9szlel\u00e9si t\u00e1vols\u00e1g&quot;}\">Detek\u010dn\u00e1 vzdialenos\u0165<\/td>\n<td data-sheets-value=\"{&quot;1&quot;:2,&quot;2&quot;:&quot;2 600 m&quot;}\">2 600 m<\/td>\n<\/tr>\n<tr>\n<td data-sheets-value=\"{&quot;1&quot;:2,&quot;2&quot;:&quot;Objekt\u00edv rendszer&quot;}\">Syst\u00e9m objekt\u00edvov<\/td>\n<td data-sheets-value=\"{&quot;1&quot;:2,&quot;2&quot;:&quot;25\/50 mm gy\u00fajt\u00f3t\u00e1vols\u00e1g, manu\u00e1lis f\u00f3kusz\u00e1ll\u00edt\u00e1s&quot;}\">Ohniskov\u00e1 vzdialenos\u0165 25\/50 mm, manu\u00e1lne zaostrovanie<\/td>\n<\/tr>\n<tr>\n<td data-sheets-value=\"{&quot;1&quot;:2,&quot;2&quot;:&quot;Digit\u00e1lis zoom&quot;}\">Digit\u00e1lny zoom<\/td>\n<td data-sheets-value=\"{&quot;1&quot;:2,&quot;2&quot;:&quot;1x, 2x, 3x, 4x&quot;}\">1x, 2x, 3x, 4x<\/td>\n<\/tr>\n<tr>\n<td data-sheets-value=\"{&quot;1&quot;:2,&quot;2&quot;:&quot;Legnagyobb nagy\u00edt\u00e1s (optikai + digit\u00e1lis)&quot;}\">Maxim\u00e1lne zv\u00e4\u010d\u0161enie (optick\u00e9 + digit\u00e1lne)<\/td>\n<td data-sheets-value=\"{&quot;1&quot;:3,&quot;3&quot;:16}\">16<\/td>\n<\/tr>\n<tr>\n<td data-sheets-value=\"{&quot;1&quot;:2,&quot;2&quot;:&quot;Szenzor&quot;}\">Senzor<\/td>\n<td data-sheets-value=\"{&quot;1&quot;:2,&quot;2&quot;:&quot;640x512 nagy teljes\u00edtm\u00e9ny\u0171 VOX detektor, 12 \u00b5m pixelm\u00e9ret&quot;}\">Vysoko v\u00fdkonn\u00fd detektor VOX s rozl\u00ed\u0161en\u00edm 640 \u00d7 512, ve\u013ekos\u0165 pixelov 12 \u00b5m<\/td>\n<\/tr>\n<tr>\n<td data-sheets-value=\"{&quot;1&quot;:2,&quot;2&quot;:&quot;Speci\u00e1lis funkci\u00f3&quot;}\">\u0160peci\u00e1lna funkcia<\/td>\n<td data-sheets-value=\"{&quot;1&quot;:2,&quot;2&quot;:&quot;v\u00e1ltoztathat\u00f3 objekt\u00edv l\u00e1t\u00f3sz\u00f6g&quot;}\">variabiln\u00fd zorn\u00fd uhol objekt\u00edvu<\/td>\n<\/tr>\n<tr>\n<td data-sheets-value=\"{&quot;1&quot;:2,&quot;2&quot;:&quot;Kijelz\u0151&quot;}\">Zobrazenie<\/td>\n<td data-sheets-value=\"{&quot;1&quot;:2,&quot;2&quot;:&quot;0.4\u2033 AMOLED 1440\u00d71080&quot;}\">0,4\u2033 AMOLED 1440 \u00d7 1080<\/td>\n<\/tr>\n<tr>\n<td data-sheets-value=\"{&quot;1&quot;:2,&quot;2&quot;:&quot;Adat t\u00e1rol\u00e1s&quot;}\">Ukladanie \u00fadajov<\/td>\n<td data-sheets-value=\"{&quot;1&quot;:2,&quot;2&quot;:&quot;32 GB be\u00e9p\u00edtett mem\u00f3ria&quot;}\">32 GB vstavanej pam\u00e4te<\/td>\n<\/tr>\n<tr>\n<td data-sheets-value=\"{&quot;1&quot;:2,&quot;2&quot;:&quot;Energiaell\u00e1t\u00e1s&quot;}\">Dod\u00e1vka energie<\/td>\n<td data-sheets-value=\"{&quot;1&quot;:2,&quot;2&quot;:&quot;cser\u00e9lhet\u0151 IBP-1\/4400mAh\/DC3.7V Li-ion&quot;}\">Vymenite\u013en\u00fd IBP-1\/4400mAh\/DC3,7V Li-ion<\/td>\n<\/tr>\n<tr>\n<td data-sheets-value=\"{&quot;1&quot;:2,&quot;2&quot;:&quot;Csatlakoz\u00f3k&quot;}\">Konektory<\/td>\n<td data-sheets-value=\"{&quot;1&quot;:2,&quot;2&quot;:&quot;DC5V\/2A\uff08USB-C)&quot;}\">DC5V\/2A\uff08USB-C)<\/td>\n<\/tr>\n<tr>\n<td data-sheets-value=\"{&quot;1&quot;:2,&quot;2&quot;:&quot;Betekint\u00e9si t\u00e1vols\u00e1g&quot;}\">Zobrazovacia vzdialenos\u0165<\/td>\n<td data-sheets-value=\"{&quot;1&quot;:2,&quot;2&quot;:&quot;20 mm&quot;}\">20 mm<\/td>\n<\/tr>\n<tr>\n<td data-sheets-value=\"{&quot;1&quot;:2,&quot;2&quot;:&quot;Kil\u00e9p\u0151 pupilla&quot;}\">Odch\u00e1dzaj\u00faci \u017eiak<\/td>\n<td data-sheets-value=\"{&quot;1&quot;:2,&quot;2&quot;:&quot;5,5 mm&quot;}\">5,5 mm<\/td>\n<\/tr>\n<tr>\n<td data-sheets-value=\"{&quot;1&quot;:2,&quot;2&quot;:&quot;Frontlencse \u00e1tm\u00e9r\u0151&quot;}\">Priemer prednej \u0161o\u0161ovky<\/td>\n<td data-sheets-value=\"{&quot;1&quot;:2,&quot;2&quot;:&quot;50 mm&quot;}\">50 mm<\/td>\n<\/tr>\n<tr>\n<td data-sheets-value=\"{&quot;1&quot;:2,&quot;2&quot;:&quot;\u00c1llv\u00e1ny csatlakoz\u00e1s&quot;}\">Pripojenie stat\u00edvu<\/td>\n<td data-sheets-value=\"{&quot;1&quot;:2,&quot;2&quot;:&quot;1\/4 coll&quot;}\">1\/4 kol\u00f3na<\/td>\n<\/tr>\n<tr>\n<td data-sheets-value=\"{&quot;1&quot;:2,&quot;2&quot;:&quot;Dioptria kompenz\u00e1ci\u00f3&quot;}\">Kompenz\u00e1cia dioptri\u00ed<\/td>\n<td data-sheets-value=\"{&quot;1&quot;:2,&quot;2&quot;:&quot;-5 - +5 dpt&quot;}\">-5 - +5 dpt<\/td>\n<\/tr>\n<tr>\n<td data-sheets-value=\"{&quot;1&quot;:2,&quot;2&quot;:&quot;Helyettes\u00edt\u0151 \u00e1ramforr\u00e1s&quot;}\">N\u00e1hradn\u00fd zdroj energie<\/td>\n<td data-sheets-value=\"{&quot;1&quot;:2,&quot;2&quot;:&quot;5 V k\u00fcls\u0151 (USB)&quot;}\">5 V extern\u00fd (USB)<\/td>\n<\/tr>\n<tr>\n<td data-sheets-value=\"{&quot;1&quot;:2,&quot;2&quot;:&quot;Fel\u00e9p\u00edt\u00e9s&quot;}\">Stavebn\u00edctvo<\/td>\n<td data-sheets-value=\"{&quot;1&quot;:2,&quot;2&quot;:&quot;Egyszemes keres\u0151&quot;}\">Vyh\u013ead\u00e1vanie jedn\u00fdm okom<\/td>\n<\/tr>\n<tr>\n<td data-sheets-value=\"{&quot;1&quot;:2,&quot;2&quot;:&quot;K\u00e9pfriss\u00edt\u00e9s&quot;}\">Aktualiz\u00e1cia obr\u00e1zkov<\/td>\n<td data-sheets-value=\"{&quot;1&quot;:2,&quot;2&quot;:&quot;50 Hz&quot;}\">50 Hz<\/td>\n<\/tr>\n<tr>\n<td data-sheets-value=\"{&quot;1&quot;:2,&quot;2&quot;:&quot;Kijelz\u0151 sz\u00edn \u00fczemm\u00f3dok&quot;}\">Re\u017eimy farieb displeja<\/td>\n<td data-sheets-value=\"{&quot;1&quot;:2,&quot;2&quot;:&quot;feh\u00e9r kiemel\u00e9s, fekete, v\u00f6r\u00f6s, sz\u00ednes (t\u00falszatur\u00e1lt), madar\u00e1sz&quot;}\">biele zv\u00fdraznenie, \u010dierna, \u010derven\u00e1, farba (pres\u00fdten\u00e9), chyta\u010d vt\u00e1kov<\/td>\n<\/tr>\n<tr>\n<td data-sheets-value=\"{&quot;1&quot;:2,&quot;2&quot;:&quot;L\u00e1t\u00f3sz\u00f6g&quot;}\">Zorn\u00fd uhol<\/td>\n<td data-sheets-value=\"{&quot;1&quot;:2,&quot;2&quot;:&quot;17.5\u00b0\u00d713.1\u00b0 \/ 8.8\u00b0\u00d76.6\u00b0&quot;}\">17.5\u00b0\u00d713.1\u00b0 \/ 8.8\u00b0\u00d76.6\u00b0<\/td>\n<\/tr>\n<tr>\n<td data-sheets-value=\"{&quot;1&quot;:2,&quot;2&quot;:&quot;\u00dct\u00e9s\u00e1ll\u00f3s\u00e1g&quot;}\">Odolnos\u0165 proti n\u00e1razu<\/td>\n<td data-sheets-value=\"{&quot;1&quot;:2,&quot;2&quot;:&quot;1 m magasr\u00f3l t\u00f6rt\u00e9n\u0151 leejt\u00e9sig&quot;}\">do 1 m p\u00e1du z v\u00fd\u0161ky<\/td>\n<\/tr>\n<tr>\n<td data-sheets-value=\"{&quot;1&quot;:2,&quot;2&quot;:&quot;\u00dczemid\u0151&quot;}\">V\u00fddr\u017e<\/td>\n<td data-sheets-value=\"{&quot;1&quot;:2,&quot;2&quot;:&quot;ak\u00e1r 10 \u00f3ra (egyetlen akkuval)&quot;}\">a\u017e 10 hod\u00edn (s jednou bat\u00e9riou)<\/td>\n<\/tr>\n<tr>\n<td data-sheets-value=\"{&quot;1&quot;:2,&quot;2&quot;:&quot;V\u00edz\u00e1ll\u00f3s\u00e1g&quot;}\">Odolnos\u0165 vo\u010di vode<\/td>\n<td data-sheets-value=\"{&quot;1&quot;:2,&quot;2&quot;:&quot;IP67&quot;}\">IP67<\/td>\n<\/tr>\n<tr>\n<td data-sheets-value=\"{&quot;1&quot;:2,&quot;2&quot;:&quot;M\u0171k\u00f6d\u00e9si \/ t\u00e1rol\u00e1si h\u0151m\u00e9rs\u00e9klet&quot;}\">Prev\u00e1dzkov\u00e1 teplota \/ teplota skladovania<\/td>\n<td data-sheets-value=\"{&quot;1&quot;:2,&quot;2&quot;:&quot;-20\u2103- +50\u2103 \/ -20\u2103- +50\u2103&quot;}\">-20\u2103- +50\u2103 \/ -20\u2103- +50\u2103<\/td>\n<\/tr>\n<tr>\n<td data-sheets-value=\"{&quot;1&quot;:2,&quot;2&quot;:&quot;M\u00e9retek&quot;}\">Rozmery<\/td>\n<td data-sheets-value=\"{&quot;1&quot;:2,&quot;2&quot;:&quot;220 x 59 x 75 mm&quot;}\">220 x 59 x 75 mm<\/td>\n<\/tr>\n<tr>\n<td data-sheets-value=\"{&quot;1&quot;:2,&quot;2&quot;:&quot;Tartoz\u00e9kok&quot;}\">Pr\u00edslu\u0161enstvo<\/td>\n<td data-sheets-value=\"{&quot;1&quot;:2,&quot;2&quot;:&quot;h\u0151kamera, tok, 2xIBP-1 akku, t\u00f6lt\u0151, h\u00e1l\u00f3zati adapter, USB-C k\u00e1bel, csukl\u00f3p\u00e1nt, tiszt\u00edt\u00f3 kend\u0151&quot;}\">\n<div>\n<div>termokamera, puzdro, bat\u00e9ria 2xIBP-1, nab\u00edja\u010dka, nap\u00e1jac\u00ed adapt\u00e9r, k\u00e1bel USB-C, remienok na z\u00e1p\u00e4stie, \u010distiaca handri\u010dka<\/div>\n<\/div>\n<\/td>\n<\/tr>\n<tr>\n<td data-sheets-value=\"{&quot;1&quot;:2,&quot;2&quot;:&quot;Sz\u00edn&quot;}\">Farba<\/td>\n<td data-sheets-value=\"{&quot;1&quot;:2,&quot;2&quot;:&quot;fekete&quot;}\">\u010cierna<\/td>\n<\/tr>\n<tr>\n<td data-sheets-value=\"{&quot;1&quot;:2,&quot;2&quot;:&quot;Egy\u00e9b tulajdons\u00e1gok&quot;}\">\u010eal\u0161ie funkcie<\/td>\n<td data-sheets-value=\"{&quot;1&quot;:2,&quot;2&quot;:&quot;zoomolhat\u00f3 optikai nagy\u00edt\u00e1s k\u00e9t diszkr\u00e9t f\u00f3kuszt\u00e1vols\u00e1g k\u00f6z\u00f6tt (25\/50 mm)&quot;}\">mo\u017enos\u0165 optick\u00e9ho zv\u00e4\u010d\u0161enia medzi dvoma diskr\u00e9tnymi ohniskov\u00fdmi vzdialenos\u0165ami (25\/50 mm)<\/td>\n<\/tr>\n<tr>\n<td data-sheets-value=\"{&quot;1&quot;:2,&quot;2&quot;:&quot;K\u00e9sz\u00fcl\u00e9k t\u00f6meg&quot;}\">Hmotnos\u0165 spotrebi\u010da<\/td>\n<td data-sheets-value=\"{&quot;1&quot;:2,&quot;2&quot;:&quot;710g&quot;}\">710g<\/td>\n<\/tr>\n<tr>\n<td data-sheets-value=\"{&quot;1&quot;:2,&quot;2&quot;:&quot;Gy\u00e1rt\u00f3 \u00e1ltal v\u00e1llalt garancia&quot;}\">Z\u00e1ruka v\u00fdrobcu<\/td>\n<td data-sheets-value=\"{&quot;1&quot;:2,&quot;2&quot;:&quot;3 \u00e9v \u00e1ltal\u00e1nos garancia a k\u00e9sz\u00fcl\u00e9kre, 10 \u00e9v a szenzorra, 2 \u00e9v az akkumul\u00e1torra&quot;}\">3 roky v\u0161eobecnej z\u00e1ruky na zariadenie, 10 rokov na senzor, 2 roky na bat\u00e9riu<\/td>\n<\/tr>\n<tr>\n<td data-sheets-value=\"{&quot;1&quot;:2,&quot;2&quot;:&quot;Cikksz\u00e1m&quot;}\">\u010c\u00edslo \u010dl\u00e1nku<\/td>\n<td data-sheets-value=\"{&quot;1&quot;:2,&quot;2&quot;:&quot;IRAZH50V2&quot;}\">IRAZH50V2<\/td>\n<\/tr>\n<tr>\n<td data-sheets-value=\"{&quot;1&quot;:2,&quot;2&quot;:&quot;T\u00f6meg&quot;}\">Hmotnos\u0165<\/td>\n<td data-sheets-value=\"{&quot;1&quot;:2,&quot;2&quot;:&quot;1 kg\/db&quot;}\">1 kg\/db<\/td>\n<\/tr>\n<\/tbody>\n<\/table>\n<p>Ofici\u00e1lna str\u00e1nka zna\u010dky v\u00fdrobku: <a href=\"https:\/\/www.infirayoutdoor.com\/thermal-imaging-monocular-zoom-zh50-v2\">https:\/\/www.infirayoutdoor.com\/thermal-imaging-monocular-zoom-zh50-v2<\/a>.<\/p>","protected":false},"excerpt":{"rendered":"<p><span style=\"font-weight: 400\">Po tom, \u010do sa v\u00fdrobca etabloval v segmente \u0161pi\u010dkov\u00fdch termokamier s\u00e9riou X-Eye E6 a potom pokra\u010doval s\u00e9riou Zoom, pri\u0161iel pre sez\u00f3nu 2023 s jej vylep\u0161enou verziou, ktor\u00e1 sp\u00e1ja v\u0161etky inov\u00e1cie, ktor\u00e9 sa v posledn\u00fdch rokoch objavili na trhu s vysokov\u00fdkonn\u00fdmi termokamerami, s \u010dist\u00fdm a premyslen\u00fdm dizajnom.<\/span><\/p>","protected":false},"featured_media":1867,"comment_status":"open","ping_status":"closed","template":"","meta":[],"product_brand":[],"product_cat":[45],"product_tag":[18,43,116],"class_list":{"0":"post-1857","1":"product","2":"type-product","3":"status-publish","4":"has-post-thumbnail","6":"product_cat-hokamera","7":"product_tag-hokamera","8":"product_tag-infiray","9":"product_tag-zoom","11":"first","12":"outofstock","13":"taxable","14":"shipping-taxable","15":"purchasable","16":"product-type-simple"},"jetpack_sharing_enabled":true,"_links":{"self":[{"href":"https:\/\/bestoptika.eu\/sk\/wp-json\/wp\/v2\/product\/1857","targetHints":{"allow":["GET"]}}],"collection":[{"href":"https:\/\/bestoptika.eu\/sk\/wp-json\/wp\/v2\/product"}],"about":[{"href":"https:\/\/bestoptika.eu\/sk\/wp-json\/wp\/v2\/types\/product"}],"replies":[{"embeddable":true,"href":"https:\/\/bestoptika.eu\/sk\/wp-json\/wp\/v2\/comments?post=1857"}],"wp:featuredmedia":[{"embeddable":true,"href":"https:\/\/bestoptika.eu\/sk\/wp-json\/wp\/v2\/media\/1867"}],"wp:attachment":[{"href":"https:\/\/bestoptika.eu\/sk\/wp-json\/wp\/v2\/media?parent=1857"}],"wp:term":[{"taxonomy":"product_brand","embeddable":true,"href":"https:\/\/bestoptika.eu\/sk\/wp-json\/wp\/v2\/product_brand?post=1857"},{"taxonomy":"product_cat","embeddable":true,"href":"https:\/\/bestoptika.eu\/sk\/wp-json\/wp\/v2\/product_cat?post=1857"},{"taxonomy":"product_tag","embeddable":true,"href":"https:\/\/bestoptika.eu\/sk\/wp-json\/wp\/v2\/product_tag?post=1857"}],"curies":[{"name":"wp","href":"https:\/\/api.w.org\/{rel}","templated":true}]}}