{"id":1929,"date":"2024-07-09T16:22:41","date_gmt":"2024-07-09T14:22:41","guid":{"rendered":"https:\/\/bestoptika.eu\/?post_type=product&#038;p=1929"},"modified":"2026-01-08T18:23:56","modified_gmt":"2026-01-08T17:23:56","slug":"infiray-rico-rl42-hokamera-celtavcso","status":"publish","type":"product","link":"https:\/\/bestoptika.eu\/sk\/product\/infiray-rico-rl42-hokamera-celtavcso\/","title":{"rendered":"InfiRay RICO RL42 Termov\u00edzny pu\u0161koh\u013ead"},"content":{"rendered":"<p><b>Bezkonkuren\u010dn\u00e1 kvalita obrazu<\/b><\/p>\n<p><span style=\"font-weight: 400\">S\u00e9ria Rico je vybaven\u00e1 \u00faplne nez\u00e1visle vyvinut\u00fdm, vysoko v\u00fdkonn\u00fdm infra\u010derven\u00fdm sn\u00edma\u010dom VOx, ktor\u00fd poskytuje v\u00fdnimo\u010dne \u017eiv\u00fd a informat\u00edvny obraz. Kombin\u00e1cia zabudovan\u00e9ho sn\u00edma\u010da s rozl\u00ed\u0161en\u00edm 384 \u00d7 288 pixelov a obrazov\u00e9ho procesora prin\u00e1\u0161a skuto\u010dne ohromuj\u00faci svet pohybliv\u00e9ho obrazu bez chvenia, ktor\u00fd zaru\u010duje profesion\u00e1lne a pohlcuj\u00face sledovanie. Nastavenie kontrastu je automatick\u00e9 a \u010falekoh\u013ead v\u00e1m pom\u00f4\u017ee r\u00fdchlej\u0161ie n\u00e1js\u0165 cie\u013e t\u00fdm, \u017ee zv\u00fdrazn\u00ed hierarchiu obrazu. Displej AMOLED s rozl\u00ed\u0161en\u00edm 1024 \u00d7 768 pixelov zaru\u010duje najlep\u0161iu dostupn\u00fa kvalitu a kontrast - dokonca aj v mimoriadne chladnom po\u010das\u00ed. Perfektn\u00e9 nastavenie ostrosti mo\u017eno spravova\u0165 z r\u00fdchlej ponuky so 4 prednastaven\u00fdmi profilmi.<\/span><\/p>\n<p><span style=\"font-weight: 400\">Zabudovan\u00e1 funkcia PIP (obraz v obraze) zlep\u0161uje zobrazenie detailov aj pri zv\u00fd\u0161enom zv\u00e4\u010d\u0161en\u00ed cie\u013ea, zatia\u013e \u010do zvy\u0161ok obrazovky zost\u00e1va v p\u00f4vodnej oblasti pre lep\u0161iu orient\u00e1ciu. Vstavan\u00e9 4 farebn\u00e9 re\u017eimy poskytuj\u00fa presved\u010div\u00e9 inform\u00e1cie v \u0161irokom rozsahu situ\u00e1ci\u00ed a podmienok pozorovania.<\/span><\/p>\n<p><b>Nov\u00fd 12 \u03bcm senzor<\/b><\/p>\n<p><span style=\"font-weight: 400\">V\u010faka 42 mm objekt\u00edvu s ohniskovou vzdialenos\u0165ou F1,1 a mal\u00e9mu \u0161pi\u010dkov\u00e9mu sn\u00edma\u010du s ve\u013ekos\u0165ou pixelov 12 \u00b5m dok\u00e1\u017ee Rico rozpozna\u0165 \u013eudsk\u00fa postavu zo vzdialenosti a\u017e 2182 m. Optick\u00e9 zv\u00e4\u010d\u0161enie je 4-n\u00e1sobn\u00e9, ktor\u00e9 mo\u017eno zv\u00fd\u0161i\u0165 a\u017e na 16-n\u00e1sobn\u00e9 pomocou 4-n\u00e1sobn\u00e9ho digit\u00e1lneho zv\u00e4\u010d\u0161enia.<\/span><\/p>\n<p><b>Pou\u017e\u00edvate\u013esky pr\u00edvetiv\u00e9 rozhranie<\/b><\/p>\n<p><span style=\"font-weight: 400\">V po\u010diato\u010dn\u00fdch krokoch pri vytv\u00e1ran\u00ed termov\u00edzneho pr\u00edstroja Rico sa in\u017einieri spolo\u010dnosti InfiRay zamerali aj na jednoduch\u00e9 a r\u00fdchle ovl\u00e1danie. Aj tu n\u00e1jdeme syst\u00e9m menu plne zalo\u017een\u00fd na ikon\u00e1ch, \u013eahko zrozumite\u013en\u00e9 piktogramy a rozba\u013eovacie ponuky s prieh\u013eadnos\u0165ou, ktor\u00e9 pom\u00e1haj\u00fa pou\u017e\u00edvate\u013eovi sledova\u0165 oblas\u0165 bez toho, aby mu prek\u00e1\u017eali pri zmene nastaven\u00ed. V\u010faka iba trom ovl\u00e1dac\u00edm tla\u010didl\u00e1m maj\u00fa v\u0161etky polo\u017eky ponuky preh\u013eadn\u00e9 funkcie vstupu\/v\u00fdstupu a spustenia\/nav\u00fd\u0161enia.<\/span><\/p>\n<p><span style=\"font-weight: 400\">Rico m\u00e1 vynikaj\u00faci rozsah zoomu, sn\u00edma\u010d pohybu, digit\u00e1lny kompas, zdie\u013eanie sn\u00edmok cez WiFi a 32 GB internej pam\u00e4te, \u010do v\u00e1m d\u00e1va obrovsk\u00fa kapacitu na fotografovanie alebo nahr\u00e1vanie vide\u00ed.\u00a0<\/span><\/p>\n<p><b>Kompaktn\u00e1 ve\u013ekos\u0165, vysok\u00e1 odolnos\u0165<\/b><\/p>\n<p><span style=\"font-weight: 400\">Rozumn\u00e1 kon\u0161trukcia krytu, kompaktn\u00fd dizajn a prijate\u013en\u00e1 hmotnos\u0165 s\u00fa z\u00e1kladom pohodlnej\u0161ieho pou\u017e\u00edvania. Pri pou\u017e\u00edvan\u00ed mo\u017eno dosiahnu\u0165 a\u017e 6 hod\u00edn v\u00fddr\u017ee bat\u00e9rie. Termov\u00edzne zameriava\u010de radu Rico pon\u00fakaj\u00fa v\u00fdnimo\u010dn\u00fa odolnos\u0165 proti v\u00fdstrelu a\u017e do 1000 G.  Zariadenie je vybaven\u00e9 z\u00e1suvkou USB-C.<\/span><\/p>\n<p><b>Re\u017eim Ultra clean<\/b><\/p>\n<p><span style=\"font-weight: 400\">Pomocou re\u017eimu \"Ultraclear\", ktor\u00fd je k dispoz\u00edcii v ponuke syst\u00e9mu, v\u00e1m \u010falekoh\u013ead pom\u00e1ha pri navig\u00e1cii v podmienkach zhor\u0161enej vidite\u013enosti, ako je hust\u00e1 hmla alebo d\u00e1\u017e\u010f, zv\u00fd\u0161en\u00edm citlivosti a zv\u00fdraznen\u00edm najjemnej\u0161\u00edch detailov.<\/span><\/p>\n<p><b>Volite\u013en\u00fd laserov\u00fd dia\u013ekomer<\/b><\/p>\n<p><span style=\"font-weight: 400\">S\u00e9ria Rico m\u00f4\u017ee by\u0165 vybaven\u00e1 vysoko presn\u00fdm laserov\u00fdm dia\u013ekomerom. Dia\u013ekomer m\u00f4\u017ee pracova\u0165 v dvoch re\u017eimoch s presnos\u0165ou +\/-1 meter na vzdialenos\u0165 a\u017e 1000 metrov. Pou\u017e\u00edvate\u013e si m\u00f4\u017ee vybra\u0165 medzi jednorazov\u00fdm meran\u00edm a kontinu\u00e1lnym skenovan\u00edm. Nepretr\u017eit\u00e9 skenovanie umo\u017e\u0148uje r\u00fdchle ur\u010denie polohy na dosiahnutie \u010do najlep\u0161ieho z\u00e1beru.<\/span><\/p>\n<p><b>Zv\u00fd\u0161en\u00e1 detek\u010dn\u00e1 vzdialenos\u0165<\/b><\/p>\n<p><span style=\"font-weight: 400\">Vynikaj\u00faca optika a profesion\u00e1lny term\u00e1lny sn\u00edma\u010d zaru\u010duj\u00fa tepeln\u00fa citlivos\u0165 (NETD) menej ako 40 mK, \u010do je jedna z najlep\u0161\u00edch dostupn\u00fdch technol\u00f3gi\u00ed a z h\u013eadiska detailov \u010faleko pred termov\u00edziou posledn\u00fdch rokov. Pomocou RL42 mo\u017eno tepeln\u00fd \u017eiari\u010d vysok\u00fd pribli\u017ene 1,8 metra rozpozna\u0165 z viac ako 2 100 metrov.<\/span><\/p>\n<p><b>Vymenite\u013en\u00e1 bat\u00e9ria<\/b><\/p>\n<p><span style=\"font-weight: 400\">Rico m\u00e1 zabudovan\u00fa bat\u00e9riu s nap\u00e4t\u00edm 3,7 V a kapacitou 3820 mAh, ktor\u00e1 za ide\u00e1lnych podmienok poskytuje a\u017e 6 hod\u00edn prev\u00e1dzky. Bat\u00e9riu mo\u017eno vymeni\u0165 v priebehu nieko\u013ek\u00fdch sek\u00fand, v\u010faka \u010domu je \u010falekoh\u013ead e\u0161te pou\u017e\u00edvate\u013esky pr\u00edvetivej\u0161\u00ed.<\/span><\/p>\n<p><b>Zabudovan\u00e9 nahr\u00e1vanie obr\u00e1zkov a vide\u00ed<\/b><\/p>\n<p><span style=\"font-weight: 400\">Po\u010das pozorovania m\u00f4\u017ee Rico fotografova\u0165. Zaznamenan\u00e9 \u00fadaje mo\u017eno jednoducho zdie\u013ea\u0165 prostredn\u00edctvom zabudovan\u00e9ho WiFi. V\u010faka \u013eahko pou\u017eite\u013en\u00fdm funkci\u00e1m a ve\u013ekej zabudovanej pam\u00e4ti mo\u017eno v\u00fdnimo\u010dn\u00e9 okamihy v priebehu chv\u00ed\u013eky zdie\u013ea\u0165 s kolegami, priate\u013emi alebo \u010dlenmi rodiny.<\/span><\/p>\n<p><b>Zabudovan\u00fd akcelerometer a digit\u00e1lny kompas<\/b><\/p>\n<p><span style=\"font-weight: 400\">Kombin\u00e1cia akcelerometra a digit\u00e1lneho kompasu zvy\u0161uje presnos\u0165. Displej presne ukazuje smer stre\u013eby a mo\u017en\u00fd n\u00e1klon zbrane.<\/span><\/p>\n<p>&nbsp;<\/p>\n<table dir=\"ltr\" border=\"1\" cellspacing=\"0\" cellpadding=\"0\" data-sheets-root=\"1\">\n<colgroup>\n<col width=\"274\" \/>\n<col width=\"283\" \/><\/colgroup>\n<tbody>\n<tr>\n<td data-sheets-value=\"{&quot;1&quot;:2,&quot;2&quot;:&quot;Technikai param\u00e9terek&quot;}\">Technick\u00e9 parametre<\/td>\n<td data-sheets-value=\"{&quot;1&quot;:2,&quot;2&quot;:&quot;\u00c9rt\u00e9kek&quot;}\">Hodnoty<\/td>\n<\/tr>\n<tr>\n<td data-sheets-value=\"{&quot;1&quot;:2,&quot;2&quot;:&quot;Gy\u00e1rt\u00f3&quot;}\">V\u00fdrobca<\/td>\n<td data-sheets-value=\"{&quot;1&quot;:2,&quot;2&quot;:&quot;InfIray&quot;}\">InfIray<\/td>\n<\/tr>\n<tr>\n<td data-sheets-value=\"{&quot;1&quot;:2,&quot;2&quot;:&quot;\u00c9szlel\u00e9si t\u00e1vols\u00e1g&quot;}\">Detek\u010dn\u00e1 vzdialenos\u0165<\/td>\n<td data-sheets-value=\"{&quot;1&quot;:2,&quot;2&quot;:&quot;2 182 m&quot;}\">2 182 m<\/td>\n<\/tr>\n<tr>\n<td data-sheets-value=\"{&quot;1&quot;:2,&quot;2&quot;:&quot;Objekt\u00edv rendszer&quot;}\">Syst\u00e9m objekt\u00edvov<\/td>\n<td data-sheets-value=\"{&quot;1&quot;:2,&quot;2&quot;:&quot;42 mm f\u00f3kuszt\u00e1vols\u00e1g F1.1&quot;}\">Ohniskov\u00e1 vzdialenos\u0165 42 mm F1,1<\/td>\n<\/tr>\n<tr>\n<td data-sheets-value=\"{&quot;1&quot;:2,&quot;2&quot;:&quot;Digit\u00e1lis zoom&quot;}\">Digit\u00e1lny zoom<\/td>\n<td data-sheets-value=\"{&quot;1&quot;:2,&quot;2&quot;:&quot;2x, 3x, 4x&quot;}\">2x, 3x, 4x<\/td>\n<\/tr>\n<tr>\n<td data-sheets-value=\"{&quot;1&quot;:2,&quot;2&quot;:&quot;Legnagyobb nagy\u00edt\u00e1s (optikai + digit\u00e1lis)&quot;}\">Maxim\u00e1lne zv\u00e4\u010d\u0161enie (optick\u00e9 + digit\u00e1lne)<\/td>\n<td data-sheets-value=\"{&quot;1&quot;:3,&quot;3&quot;:16}\">16<\/td>\n<\/tr>\n<tr>\n<td data-sheets-value=\"{&quot;1&quot;:2,&quot;2&quot;:&quot;Szenzor&quot;}\">Senzor<\/td>\n<td data-sheets-value=\"{&quot;1&quot;:2,&quot;2&quot;:&quot;384x288 pixel, 12 \u00b5m pixelm\u00e9ret; NETD: &lt;= 40 mK&quot;}\">\n<div>384 \u00d7 288 pixelov, ve\u013ekos\u0165 pixla 12 \u00b5m; NETD: &lt;= 40 mK<\/div>\n<\/td>\n<\/tr>\n<tr>\n<td data-sheets-value=\"{&quot;1&quot;:2,&quot;2&quot;:&quot;Kijelz\u0151&quot;}\">Zobrazenie<\/td>\n<td data-sheets-value=\"{&quot;1&quot;:2,&quot;2&quot;:&quot;1024x768 pixel, 0,39 inch&quot;}\">1024 \u00d7 768 pixelov, 0,39 palca<\/td>\n<\/tr>\n<tr>\n<td data-sheets-value=\"{&quot;1&quot;:2,&quot;2&quot;:&quot;Adat t\u00e1rol\u00e1s&quot;}\">Ukladanie \u00fadajov<\/td>\n<td data-sheets-value=\"{&quot;1&quot;:2,&quot;2&quot;:&quot;32 GB be\u00e9p\u00edtett mem\u00f3ria&quot;}\">32 GB vstavanej pam\u00e4te<\/td>\n<\/tr>\n<tr>\n<td data-sheets-value=\"{&quot;1&quot;:2,&quot;2&quot;:&quot;Energiaell\u00e1t\u00e1s&quot;}\">Dod\u00e1vka energie<\/td>\n<td data-sheets-value=\"{&quot;1&quot;:2,&quot;2&quot;:&quot;cser\u00e9lhet\u0151 akkumul\u00e1tor 3.7 V, 3820 mAh&quot;}\">vymenite\u013en\u00e1 bat\u00e9ria 3,7 V, 3820 mAh<\/td>\n<\/tr>\n<tr>\n<td data-sheets-value=\"{&quot;1&quot;:2,&quot;2&quot;:&quot;Csatlakoz\u00f3k&quot;}\">Konektory<\/td>\n<td data-sheets-value=\"{&quot;1&quot;:2,&quot;2&quot;:&quot;USB-C&quot;}\">USB-C<\/td>\n<\/tr>\n<tr>\n<td data-sheets-value=\"{&quot;1&quot;:2,&quot;2&quot;:&quot;Betekint\u00e9si t\u00e1vols\u00e1g&quot;}\">Zobrazovacia vzdialenos\u0165<\/td>\n<td data-sheets-value=\"{&quot;1&quot;:2,&quot;2&quot;:&quot;55 mm&quot;}\">55 mm<\/td>\n<\/tr>\n<tr>\n<td data-sheets-value=\"{&quot;1&quot;:2,&quot;2&quot;:&quot;Kil\u00e9p\u0151 pupilla&quot;}\">Odch\u00e1dzaj\u00faci \u017eiak<\/td>\n<td data-sheets-value=\"{&quot;1&quot;:2,&quot;2&quot;:&quot;6 mm&quot;}\">6 mm<\/td>\n<\/tr>\n<tr>\n<td data-sheets-value=\"{&quot;1&quot;:2,&quot;2&quot;:&quot;Frontlencse \u00e1tm\u00e9r\u0151&quot;}\">Priemer prednej \u0161o\u0161ovky<\/td>\n<td data-sheets-value=\"{&quot;1&quot;:2,&quot;2&quot;:&quot;38 mm&quot;}\">38 mm<\/td>\n<\/tr>\n<tr>\n<td data-sheets-value=\"{&quot;1&quot;:2,&quot;2&quot;:&quot;Dioptria kompenz\u00e1ci\u00f3&quot;}\">Kompenz\u00e1cia dioptri\u00ed<\/td>\n<td data-sheets-value=\"{&quot;1&quot;:2,&quot;2&quot;:&quot;-5 - +5 dpt&quot;}\">-5 - +5 dpt<\/td>\n<\/tr>\n<tr>\n<td data-sheets-value=\"{&quot;1&quot;:2,&quot;2&quot;:&quot;K\u00e9pfriss\u00edt\u00e9s&quot;}\">Aktualiz\u00e1cia obr\u00e1zkov<\/td>\n<td data-sheets-value=\"{&quot;1&quot;:2,&quot;2&quot;:&quot;50 Hz&quot;}\">50 Hz<\/td>\n<\/tr>\n<tr>\n<td data-sheets-value=\"{&quot;1&quot;:2,&quot;2&quot;:&quot;Kijelz\u0151 sz\u00edn \u00fczemm\u00f3dok&quot;}\">Re\u017eimy farieb displeja<\/td>\n<td data-sheets-value=\"{&quot;1&quot;:2,&quot;2&quot;:&quot;4 f\u00e9le&quot;}\">4 typy<\/td>\n<\/tr>\n<tr>\n<td data-sheets-value=\"{&quot;1&quot;:2,&quot;2&quot;:&quot;Legkisebb f\u00f3kuszt\u00e1vols\u00e1g&quot;}\">Minim\u00e1lna ohniskov\u00e1 vzdialenos\u0165<\/td>\n<td data-sheets-value=\"{&quot;1&quot;:2,&quot;2&quot;:&quot;3 m&quot;}\">3 m<\/td>\n<\/tr>\n<tr>\n<td data-sheets-value=\"{&quot;1&quot;:2,&quot;2&quot;:&quot;L\u00f6v\u00e9s\u00e1ll\u00f3s\u00e1g&quot;}\">Odolnos\u0165 vo\u010di v\u00fdstrelom<\/td>\n<td data-sheets-value=\"{&quot;1&quot;:2,&quot;2&quot;:&quot;1000 J&quot;}\">1000 J<\/td>\n<\/tr>\n<tr>\n<td data-sheets-value=\"{&quot;1&quot;:2,&quot;2&quot;:&quot;\u00dczemid\u0151&quot;}\">Prev\u00e1dzkov\u00e9 hodiny<\/td>\n<td data-sheets-value=\"{&quot;1&quot;:2,&quot;2&quot;:&quot;ak\u00e1r 6 \u00f3ra&quot;}\">a\u017e 6 hod\u00edn<\/td>\n<\/tr>\n<tr>\n<td data-sheets-value=\"{&quot;1&quot;:2,&quot;2&quot;:&quot;V\u00edz\u00e1ll\u00f3s\u00e1g&quot;}\">Odolnos\u0165 vo\u010di vode<\/td>\n<td data-sheets-value=\"{&quot;1&quot;:2,&quot;2&quot;:&quot;IP67&quot;}\">IP67<\/td>\n<\/tr>\n<tr>\n<td data-sheets-value=\"{&quot;1&quot;:2,&quot;2&quot;:&quot;M\u00e9retek&quot;}\">Rozmery<\/td>\n<td data-sheets-value=\"{&quot;1&quot;:2,&quot;2&quot;:&quot;250 x 65 x 58 mm&quot;}\">250 x 65 x 58 mm<\/td>\n<\/tr>\n<tr>\n<td data-sheets-value=\"{&quot;1&quot;:2,&quot;2&quot;:&quot;Tartoz\u00e9kok&quot;}\">Pr\u00edslu\u0161enstvo<\/td>\n<td data-sheets-value=\"{&quot;1&quot;:2,&quot;2&quot;:&quot;h\u0151kamera c\u00e9lt\u00e1vcs\u0151, akkumul\u00e1tor&quot;}\">termov\u00edzna kamera, bat\u00e9ria<\/td>\n<\/tr>\n<tr>\n<td data-sheets-value=\"{&quot;1&quot;:2,&quot;2&quot;:&quot;Sz\u00edn&quot;}\">Farba<\/td>\n<td data-sheets-value=\"{&quot;1&quot;:2,&quot;2&quot;:&quot;fekete&quot;}\">\u010cierna<\/td>\n<\/tr>\n<tr>\n<td data-sheets-value=\"{&quot;1&quot;:2,&quot;2&quot;:&quot;Egy\u00e9b tulajdons\u00e1gok&quot;}\">\u010eal\u0161ie funkcie<\/td>\n<td data-sheets-value=\"{&quot;1&quot;:2,&quot;2&quot;:&quot;Be\u00e9p\u00edtett f\u00e9nyk\u00e9p r\u00f6gz\u00edt\u0151 \u00e9s vide\u00f3 felvev\u0151 - ak\u00e1r 20.000 f\u00e9nyk\u00e9phez; Bluetooth; Video kimenet; WiFi - a l\u00e1tott k\u00e9p mobil eszk\u00f6zre is kivet\u00edthet\u0151; Mozg\u00e1s szenzor; Digit\u00e1lis ir\u00e1nyt\u0171; L\u00e9zeres t\u00e1vm\u00e9r\u0151 opcion\u00e1lis.&quot;}\">\n<div>Zabudovan\u00fd fotorekord\u00e9r a videorekord\u00e9r - a\u017e na 20 000 fotografi\u00ed; Bluetooth; Video v\u00fdstup; WiFi - mo\u017enos\u0165 premietania do mobiln\u00e9ho zariadenia; Sn\u00edma\u010d pohybu; Digit\u00e1lny kompas; Volite\u013en\u00fd laserov\u00fd dia\u013ekomer.<\/div>\n<\/td>\n<\/tr>\n<tr>\n<td data-sheets-value=\"{&quot;1&quot;:2,&quot;2&quot;:&quot;K\u00e9sz\u00fcl\u00e9k t\u00f6meg&quot;}\">Hmotnos\u0165 spotrebi\u010da<\/td>\n<td data-sheets-value=\"{&quot;1&quot;:2,&quot;2&quot;:&quot;830 g&quot;}\">830 g<\/td>\n<\/tr>\n<tr>\n<td data-sheets-value=\"{&quot;1&quot;:2,&quot;2&quot;:&quot;Gy\u00e1rt\u00f3 \u00e1ltal v\u00e1llalt garancia&quot;}\">Z\u00e1ruka v\u00fdrobcu<\/td>\n<td data-sheets-value=\"{&quot;1&quot;:2,&quot;2&quot;:&quot;3 \u00e9v gy\u00e1rt\u00f3i garancia, melyb\u0151l 1 \u00e9v forgalmaz\u00f3i j\u00f3t\u00e1ll\u00e1s&quot;}\">\n<div>3 roky z\u00e1ruka v\u00fdrobcu vr\u00e1tane 1 roka z\u00e1ruky distrib\u00fatora<\/div>\n<\/td>\n<\/tr>\n<tr>\n<td data-sheets-value=\"{&quot;1&quot;:2,&quot;2&quot;:&quot;Cikksz\u00e1m&quot;}\">\u010c\u00edslo \u010dl\u00e1nku<\/td>\n<td data-sheets-value=\"{&quot;1&quot;:2,&quot;2&quot;:&quot;IRARL42&quot;}\">IRARL42<\/td>\n<\/tr>\n<tr>\n<td data-sheets-value=\"{&quot;1&quot;:2,&quot;2&quot;:&quot;T\u00f6meg&quot;}\">Hmotnos\u0165<\/td>\n<td data-sheets-value=\"{&quot;1&quot;:2,&quot;2&quot;:&quot;2 kg\/db&quot;}\">2 kg\/db<\/td>\n<\/tr>\n<\/tbody>\n<\/table>\n<p>&nbsp;<\/p>\n<p>Ofici\u00e1lny popis na str\u00e1nke zna\u010dky v\u00fdrobku n\u00e1jdete tu: <a href=\"https:\/\/www.infirayoutdoor.com\/thermal-imaging-riflescope-rico-series\">https:\/\/www.infirayoutdoor.com\/thermal-imaging-riflescope-rico-series<\/a><\/p>","protected":false},"excerpt":{"rendered":"<p><span style=\"font-weight: 400\">S\u00e9ria termov\u00edznych pu\u0161koh\u013eadov Rico je skuto\u010dne multifunk\u010dn\u00e1, roz\u0161\u00edrite\u013en\u00e1 rodina produktov. Pu\u0161koh\u013ead m\u00e1 zabudovan\u00fa bat\u00e9riu a m\u00f4\u017ee by\u0165 volite\u013ene vybaven\u00fd laserov\u00fdm dia\u013ekomerom. Jeho ergonomick\u00fd dizajn a vynikaj\u00faca kvalita obrazu z neho robia mimoriadne \u00fa\u010dinn\u00e9ho spolo\u010dn\u00edka najm\u00e4 na no\u010dn\u00e9 pozorovania, a to aj v da\u017edivom a hmlistom po\u010das\u00ed. Pokro\u010dil\u00e1 korekcia obrazu a vylep\u0161en\u00fd syst\u00e9m optimaliz\u00e1cie obrazu zaru\u010duj\u00fa nov\u00fd obrazov\u00fd z\u00e1\u017eitok vo svojej triede.<\/span><\/p>","protected":false},"featured_media":1930,"comment_status":"open","ping_status":"closed","template":"","meta":[],"product_brand":[],"product_cat":[30,45],"product_tag":[32,18,43,118],"class_list":{"0":"post-1929","1":"product","2":"type-product","3":"status-publish","4":"has-post-thumbnail","6":"product_cat-celtavcso","7":"product_cat-hokamera","8":"product_tag-celtavcso","9":"product_tag-hokamera","10":"product_tag-infiray","11":"product_tag-rico","13":"first","14":"outofstock","15":"taxable","16":"shipping-taxable","17":"purchasable","18":"product-type-simple"},"jetpack_sharing_enabled":true,"_links":{"self":[{"href":"https:\/\/bestoptika.eu\/sk\/wp-json\/wp\/v2\/product\/1929","targetHints":{"allow":["GET"]}}],"collection":[{"href":"https:\/\/bestoptika.eu\/sk\/wp-json\/wp\/v2\/product"}],"about":[{"href":"https:\/\/bestoptika.eu\/sk\/wp-json\/wp\/v2\/types\/product"}],"replies":[{"embeddable":true,"href":"https:\/\/bestoptika.eu\/sk\/wp-json\/wp\/v2\/comments?post=1929"}],"wp:featuredmedia":[{"embeddable":true,"href":"https:\/\/bestoptika.eu\/sk\/wp-json\/wp\/v2\/media\/1930"}],"wp:attachment":[{"href":"https:\/\/bestoptika.eu\/sk\/wp-json\/wp\/v2\/media?parent=1929"}],"wp:term":[{"taxonomy":"product_brand","embeddable":true,"href":"https:\/\/bestoptika.eu\/sk\/wp-json\/wp\/v2\/product_brand?post=1929"},{"taxonomy":"product_cat","embeddable":true,"href":"https:\/\/bestoptika.eu\/sk\/wp-json\/wp\/v2\/product_cat?post=1929"},{"taxonomy":"product_tag","embeddable":true,"href":"https:\/\/bestoptika.eu\/sk\/wp-json\/wp\/v2\/product_tag?post=1929"}],"curies":[{"name":"wp","href":"https:\/\/api.w.org\/{rel}","templated":true}]}}