{"id":1992,"date":"2024-07-10T13:47:55","date_gmt":"2024-07-10T11:47:55","guid":{"rendered":"https:\/\/bestoptika.eu\/?post_type=product&#038;p=1992"},"modified":"2025-11-21T22:56:50","modified_gmt":"2025-11-21T21:56:50","slug":"infiray-mate-mah50r-hokamera-celtavcso-elotet","status":"publish","type":"product","link":"https:\/\/bestoptika.eu\/sk\/product\/infiray-mate-mah50r-hokamera-celtavcso-elotet\/","title":{"rendered":"Infiray MATE MAH50R termov\u00edzna preds\u00e1dka"},"content":{"rendered":"<p><b>Mimoriadne jasn\u00fd obraz, \u0161pi\u010dkov\u00fd sn\u00edma\u010d<\/b><\/p>\n<p><span style=\"font-weight: 400\">Nov\u00fd model je vybaven\u00fd najnov\u0161\u00edm \u0161pi\u010dkov\u00fdm, patentovan\u00fdm tepeln\u00fdm sn\u00edma\u010dom spolo\u010dnosti InfiRay (rozl\u00ed\u0161enie 640*512, 12 \u00b5m, NETD\u226418mk), ktor\u00fd pou\u017e\u00edvate\u013eom poskytuje v\u00fdnimo\u010dne jasn\u00fd tepeln\u00fd obraz. Je vhodn\u00fd na pou\u017eitie s denn\u00fdmi \u010falekoh\u013eadmi so zv\u00e4\u010d\u0161en\u00edm do 10\u00d7 alebo v\u00e4\u010d\u0161\u00edm, pri\u010dom si zachov\u00e1va vynikaj\u00facu detailnos\u0165 obrazu. Model 18mK je najlep\u0161\u00ed, ktor\u00fd sa bude vyr\u00e1ba\u0165 v roku 2024, a poskytuje takmer 3D zobrazenie s \u00fa\u017easn\u00fdmi detailmi.\u00a0<\/span><\/p>\n<p><span style=\"font-weight: 400\">Kvalita obrazu je pri fotoapar\u00e1te Mate MAH50 p\u00f4sobiv\u00e1. Z\u00e1\u017eitok je detailnej\u0161\u00ed, presnej\u0161\u00ed a ve\u013ekolepej\u0161\u00ed ako kedyko\u013evek predt\u00fdm. Displej OLED op\u00e4\u0165 pos\u00fava kvalitu obrazu na nov\u00fa \u00farove\u0148. Na predradn\u00edkoch InfiRay 50 je dobr\u00e9 to, \u017ee ka\u017ed\u00fd rok m\u00f4\u017eeme o nich a ich v\u00fdvoji hovori\u0165 len v superlat\u00edvoch. Vzh\u013eadom na rozl\u00ed\u0161enie sn\u00edma\u010da tu mo\u017eno zabudn\u00fa\u0165 na pixely. Je vynikaj\u00faci v noci alebo v nepriazniv\u00fdch podmienkach na miestach pokryt\u00fdch tr\u00e1vou, krov\u00edm, kon\u00e1rmi stromov a skuto\u010dn\u00e1 sila 50-ky je v otvorenom ter\u00e9ne, kde sa v mnoh\u00fdch testoch pri pozorovan\u00ed objektov a zvierat osved\u010dil najlep\u0161ie - aj v da\u017ediv\u00fdch, hmlist\u00fdch, smogov\u00fdch podmienkach. Na kompenz\u00e1ciu t\u00fdchto podmienok v\u00fdrobca zahrnul do pr\u00edstroja \u0161peci\u00e1lne menu. \u0160tandardne sa dod\u00e1va so zv\u00e4\u010d\u0161en\u00edm 1x, ale s volite\u013en\u00fdm okul\u00e1rom so zv\u00e4\u010d\u0161en\u00edm 4x, ktor\u00fd je mo\u017en\u00e9 zak\u00fapi\u0165 samostatne, softv\u00e9r umo\u017e\u0148uje digit\u00e1lne zv\u00e4\u010d\u0161enie 2x alebo 4x. Pomer ve\u013ekosti pixelov sn\u00edma\u010da k ohniskovej vzdialenosti je navrhnut\u00fd tak, aby prekonal v\u00e4\u010d\u0161ie vzdialenosti s mierne \u00fazkym zorn\u00fdm po\u013eom.<\/span><\/p>\n<p><b>Integrovan\u00fd modul LRF<\/b><\/p>\n<p><span style=\"font-weight: 400\">Mate MAH50R m\u00e1 integrovan\u00fd laserov\u00fd dia\u013ekomer (LRF) s dosahom 1200 m. Meranie vzdialenosti je ve\u013emi presn\u00e9 a displej je dynamick\u00fd, \u010do pom\u00e1ha po\u013eovn\u00edkom r\u00fdchlo a presne ur\u010di\u0165 vzdialenosti.<\/span><\/p>\n<p><b>Presnos\u0165, balistick\u00e9 v\u00fdpo\u010dty<\/b><\/p>\n<p><span style=\"font-weight: 400\">Integrovan\u00fd dia\u013ekomer MAH50R podporuje strategick\u00e9 a presn\u00e9 balistick\u00e9 v\u00fdpo\u010dty, ktor\u00e9 zabezpe\u010duj\u00fa presn\u00e9 zameranie ka\u017ed\u00e9ho v\u00fdstrelu. Lovec m\u00f4\u017ee presnej\u0161ie napl\u00e1nova\u0165 trajekt\u00f3riu strely, \u010d\u00edm sa zvy\u0161uje pravdepodobnos\u0165 ist\u00e9ho z\u00e1sahu. Pou\u017eit\u00edm tejto met\u00f3dy sa v\u00fdrazne zni\u017euje bezpe\u010dnostn\u00e9 riziko.<\/span><\/p>\n<p><b>Magnetick\u00e1 bat\u00e9ria<\/b><\/p>\n<p><span style=\"font-weight: 400\">Zariadenie sa dod\u00e1va s pr\u00eddavn\u00fdmi magnetick\u00fdmi bat\u00e9riami, ktor\u00e9 sa daj\u00fa jednoducho nain\u0161talova\u0165 na zariadenie, \u010d\u00edm sa pred\u013a\u017ei prev\u00e1dzkov\u00fd \u010das bez ob\u00e1v z vybitia bat\u00e9ri\u00ed. Extern\u00fa bat\u00e9riu mo\u017eno vlo\u017ei\u0165 do odn\u00edmate\u013en\u00e9ho otvoru dia\u013ekov\u00e9ho ovl\u00e1dania. Modularita je \u00faplne v\u00fdnimo\u010dn\u00e1.<\/span><\/p>\n<p><b>Stabilita a presnos\u0165<\/b><\/p>\n<p><span style=\"font-weight: 400\">Robustn\u00e9 puzdro z hor\u010d\u00edkovej zliatiny je mimoriadne odoln\u00e9 vo\u010di n\u00e1razom a pri pou\u017eit\u00ed s kvalitn\u00fdm adapt\u00e9rom sa nem\u00f4\u017eete s\u0165a\u017eova\u0165 na odolnos\u0165 vo\u010di v\u00fdstrelom ani na presnos\u0165. Absol\u00fatne dodr\u017eiavanie normy vysokej presnosti \"POI=1MOA\" zaru\u010duje stabilitu a presnos\u0165 pri ka\u017edom love.<\/span><\/p>\n<p><span style=\"font-weight: 400\">V\u010faka kompaktn\u00fdm rozmerom a hmotnosti je praktick\u00e1 aj ako z\u00e1\u0165a\u017e pre pu\u0161koh\u013ead. N\u00e1\u0161 denn\u00fd pu\u0161koh\u013ead sa d\u00e1 v okamihu premeni\u0165 na termov\u00edzny kamerov\u00fd \u010falekoh\u013ead. Skuto\u010dn\u00fdm vrcholom modelu Mate je magnetick\u00e1 li\u0161ta s tla\u010didlami na hornej strane puzdra, ktor\u00e1 sa dod\u00e1va aj s magnetick\u00fdm adapt\u00e9rom na mont\u00e1\u017e na zbra\u0148, tak\u017ee nastavenia obrazu m\u00f4\u017eete v\u017edy meni\u0165 z najpohodlnej\u0161ej polohy v ter\u00e9ne - bez potreby k\u00e1blov. Dia\u013ekov\u00e9 ovl\u00e1danie na pi\u0161toli, bat\u00e9ria na mieste dia\u013ekov\u00e9ho ovl\u00e1dania. Bezchybn\u00e9 rie\u0161enie!<\/span><\/p>\n<p><span style=\"font-weight: 400\">Samozrejmos\u0165ou tohto zariadenia je 32 GB \u00falo\u017eisko, nahr\u00e1vanie fotografi\u00ed, videa a zvuku.<\/span><\/p>\n<p><b>Pou\u017eitie ako z\u00e1\u0165a\u017e<\/b><\/p>\n<p><span style=\"font-weight: 400\">Pou\u017e\u00edva sa ako predn\u00fd zameriava\u010d na kvalitnom pu\u0161koh\u013eade, mo\u017eno ho pou\u017ei\u0165 pri zv\u00e4\u010d\u0161en\u00ed a\u017e 15x !!! Pou\u017e\u00edvajte zodpovedne! Pred prv\u00fdm pou\u017eit\u00edm nevynechajte kontroln\u00fd v\u00fdstrel (nastrelenie), je to nevyhnutnos\u0165 pre n\u00e1ro\u010dn\u00e9ho po\u013eovn\u00edka! Odpor\u00fa\u010da sa to urobi\u0165 pri v\u0161etk\u00fdch \u010fal\u0161\u00edch zbraniach, aj ke\u010f korekcia je potrebn\u00e1 len zriedka. Po stre\u013ebe v\u0161ak v\u00fdrobca s\u013eubuje v\u00fdnimo\u010dn\u00fa presnos\u0165 1 MOA, \u010do potvrdili mnoh\u00ed na\u0161i z\u00e1kazn\u00edci.<\/span><\/p>\n<p><span style=\"font-weight: 400\">\u00a0Na mont\u00e1\u017e na \u010falekoh\u013ead je potrebn\u00fd adapt\u00e9r, ktor\u00e9ho priemer mus\u00ed by\u0165 prisp\u00f4soben\u00fd vonkaj\u0161iemu priemeru denn\u00e9ho \u010falekoh\u013eadu. V\u00fdrobok sa nedod\u00e1va s univerz\u00e1lnym adapt\u00e9rom.<\/span><\/p>\n<p><span style=\"font-weight: 400\">Ak v\u0161ak pozn\u00e1te vonkaj\u0161\u00ed priemer prednej \u0161o\u0161ovky pu\u0161koh\u013eadu, m\u00f4\u017eete si potrebn\u00fd adapt\u00e9r k\u00fapi\u0165 samostatne.<\/span><\/p>\n<p><span style=\"font-weight: 400\">* mo\u017eno pou\u017ei\u0165 ako z\u00e1\u0165a\u017e pomocou adapt\u00e9ra Smartclip \u0161peci\u00e1lne vybran\u00e9ho pre vonkaj\u0161\u00ed priemer \u010falekoh\u013eadu.<\/span><\/p>\n<p>&nbsp;<\/p>\n<table dir=\"ltr\" style=\"height: 1342px\" border=\"1\" width=\"449\" cellspacing=\"0\" cellpadding=\"0\" data-sheets-root=\"1\">\n<colgroup>\n<col width=\"210\" \/>\n<col width=\"173\" \/><\/colgroup>\n<tbody>\n<tr>\n<td data-sheets-value=\"{&quot;1&quot;:2,&quot;2&quot;:&quot;Technikai param\u00e9terek&quot;}\">Technick\u00e9 parametre<\/td>\n<td data-sheets-value=\"{&quot;1&quot;:2,&quot;2&quot;:&quot;\u00c9rt\u00e9kek&quot;}\">Hodnoty<\/td>\n<\/tr>\n<tr>\n<td data-sheets-value=\"{&quot;1&quot;:2,&quot;2&quot;:&quot;Haszn\u00e1lati \u00fatmutat\u00f3&quot;}\">N\u00e1vod na pou\u017eitie<\/td>\n<td data-sheets-value=\"{&quot;1&quot;:2,&quot;2&quot;:&quot;Kattints&quot;}\">Kliknut\u00edm na tla\u010didlo skop\u00edrujete<\/td>\n<\/tr>\n<tr>\n<td data-sheets-value=\"{&quot;1&quot;:2,&quot;2&quot;:&quot;H\u0151szenzor&quot;}\">Sn\u00edma\u010d tepla<\/td>\n<td data-sheets-value=\"{&quot;1&quot;:2,&quot;2&quot;:&quot;640x512 12\u03bcm&quot;}\">640\u00d7512 12\u03bcm<\/td>\n<\/tr>\n<tr>\n<td data-sheets-value=\"{&quot;1&quot;:2,&quot;2&quot;:&quot;H\u0151szenzor NETD&quot;}\">Sn\u00edma\u010d tepla NETD<\/td>\n<td data-sheets-value=\"{&quot;1&quot;:2,&quot;2&quot;:&quot;18 mK&quot;}\">18 mK<\/td>\n<\/tr>\n<tr>\n<td data-sheets-value=\"{&quot;1&quot;:2,&quot;2&quot;:&quot;Kijelz\u0151&quot;}\">Zobrazenie<\/td>\n<td data-sheets-value=\"{&quot;1&quot;:2,&quot;2&quot;:&quot;1024x768 AMOLED&quot;}\">1024\u00d7768 AMOLED<\/td>\n<\/tr>\n<tr>\n<td data-sheets-value=\"{&quot;1&quot;:2,&quot;2&quot;:&quot;Nagy\u00edt\u00e1s tartom\u00e1ny (x)&quot;}\">Rozsah zv\u00e4\u010d\u0161enia (x)<\/td>\n<td data-sheets-value=\"{&quot;1&quot;:2,&quot;2&quot;:&quot;1 \u2013 4&quot;}\">1 - 4<\/td>\n<\/tr>\n<tr>\n<td data-sheets-value=\"{&quot;1&quot;:2,&quot;2&quot;:&quot;Objekt\u00edv&quot;}\">\u0160o\u0161ovka<\/td>\n<td data-sheets-value=\"{&quot;1&quot;:2,&quot;2&quot;:&quot;50 mm gy\u00fajt\u00f3t\u00e1vols\u00e1g&quot;}\">50 mm palebn\u00e1 vzdialenos\u0165<\/td>\n<\/tr>\n<tr>\n<td data-sheets-value=\"{&quot;1&quot;:2,&quot;2&quot;:&quot;Adatt\u00e1rol\u00e1s&quot;}\">Ukladanie \u00fadajov<\/td>\n<td data-sheets-value=\"{&quot;1&quot;:2,&quot;2&quot;:&quot;be\u00e9p\u00edtett 32 GB&quot;}\">32 GB zabudovanej pam\u00e4te<\/td>\n<\/tr>\n<tr>\n<td data-sheets-value=\"{&quot;1&quot;:2,&quot;2&quot;:&quot;Alap nagy\u00edt\u00e1s (x)&quot;}\">Z\u00e1kladn\u00e9 zv\u00e4\u010d\u0161enie (x)<\/td>\n<td data-sheets-value=\"{&quot;1&quot;:3,&quot;3&quot;:1}\">1<\/td>\n<\/tr>\n<tr>\n<td data-sheets-value=\"{&quot;1&quot;:2,&quot;2&quot;:&quot;Anyaghaszn\u00e1lat&quot;}\">Pou\u017e\u00edvanie materi\u00e1lov<\/td>\n<td data-sheets-value=\"{&quot;1&quot;:2,&quot;2&quot;:&quot;magn\u00e9zium&quot;}\">hor\u010d\u00edk<\/td>\n<\/tr>\n<tr>\n<td data-sheets-value=\"{&quot;1&quot;:2,&quot;2&quot;:&quot;Csatlakoz\u00f3k&quot;}\">Konektory<\/td>\n<td data-sheets-value=\"{&quot;1&quot;:2,&quot;2&quot;:&quot;USB-C&quot;}\">USB-C<\/td>\n<\/tr>\n<tr>\n<td data-sheets-value=\"{&quot;1&quot;:2,&quot;2&quot;:&quot;EAN k\u00f3d&quot;}\">EAN k\u00f3d<\/td>\n<td data-sheets-value=\"{&quot;1&quot;:3,&quot;3&quot;:6973202306659}\">6973202306659<\/td>\n<\/tr>\n<tr>\n<td data-sheets-value=\"{&quot;1&quot;:2,&quot;2&quot;:&quot;Egy\u00e9b tulajdons\u00e1gok&quot;}\">\u010eal\u0161ie funkcie<\/td>\n<td data-sheets-value=\"{&quot;1&quot;:2,&quot;2&quot;:&quot;fot\u00f3 \u00e9s vide\u00f3 r\u00f6gz\u00edt\u00e9s hanggal, WiFi livestream k\u00e9pmegoszt\u00e1s&quot;}\">\n<div>\n<div>nahr\u00e1vanie fotografi\u00ed a vide\u00ed so zvukom, zdie\u013eanie obr\u00e1zkov cez WiFi livestream<\/div>\n<\/div>\n<\/td>\n<\/tr>\n<tr>\n<td data-sheets-value=\"{&quot;1&quot;:2,&quot;2&quot;:&quot;Energiaell\u00e1t\u00e1s&quot;}\">Dod\u00e1vka energie<\/td>\n<td data-sheets-value=\"{&quot;1&quot;:2,&quot;2&quot;:&quot;be\u00e9p\u00edtett 1500 mAh + IBP-6 2x1100 mAh k\u00fcls\u0151 akkumul\u00e1tor&quot;}\">\n<div>\n<div>zabudovan\u00e1 bat\u00e9ria 1500 mAh + extern\u00e1 bat\u00e9ria IBP-6 2\u00d71100 mAh<\/div>\n<\/div>\n<\/td>\n<\/tr>\n<tr>\n<td data-sheets-value=\"{&quot;1&quot;:2,&quot;2&quot;:&quot;\u00c9szlel\u00e9si t\u00e1vols\u00e1g&quot;}\">Detek\u010dn\u00e1 vzdialenos\u0165<\/td>\n<td data-sheets-value=\"{&quot;1&quot;:2,&quot;2&quot;:&quot;2600 m (1.7 x 0.5 m) embernagys\u00e1g\u00fa objektum eset\u00e9n&quot;}\">\n<div>\n<div>2600 m (1,7 x 0,5 m) pre objekt ve\u013ekosti \u010dloveka<\/div>\n<\/div>\n<\/td>\n<\/tr>\n<tr>\n<td data-sheets-value=\"{&quot;1&quot;:2,&quot;2&quot;:&quot;Gy\u00e1rt\u00f3&quot;}\">V\u00fdrobca<\/td>\n<td data-sheets-value=\"{&quot;1&quot;:2,&quot;2&quot;:&quot;InfiRay&quot;}\">InfiRay<\/td>\n<\/tr>\n<tr>\n<td data-sheets-value=\"{&quot;1&quot;:2,&quot;2&quot;:&quot;Gy\u00e1rt\u00f3 \u00e1ltal v\u00e1llalt garancia&quot;}\">Z\u00e1ruka v\u00fdrobcu<\/td>\n<td data-sheets-value=\"{&quot;1&quot;:2,&quot;2&quot;:&quot;3 \u00e9v \u00e1ltal\u00e1nos garancia a k\u00e9sz\u00fcl\u00e9kre, 10 \u00e9v a szenzorra, 2 \u00e9v az akkumul\u00e1torra&quot;}\">\n<div>\n<div>3 roky v\u0161eobecnej z\u00e1ruky na zariadenie, 10 rokov na senzor, 2 roky na bat\u00e9riu<\/div>\n<\/div>\n<\/td>\n<\/tr>\n<tr>\n<td data-sheets-value=\"{&quot;1&quot;:2,&quot;2&quot;:&quot;K\u00e9pfriss\u00edt\u00e9s&quot;}\">Aktualiz\u00e1cia obr\u00e1zkov<\/td>\n<td data-sheets-value=\"{&quot;1&quot;:2,&quot;2&quot;:&quot;50 Hz&quot;}\">50 Hz<\/td>\n<\/tr>\n<tr>\n<td data-sheets-value=\"{&quot;1&quot;:2,&quot;2&quot;:&quot;Kijelz\u0151 sz\u00edn \u00fczemm\u00f3dok&quot;}\">Re\u017eimy farieb displeja<\/td>\n<td data-sheets-value=\"{&quot;1&quot;:2,&quot;2&quot;:&quot;n\u00e9gyf\u00e9le: fekete kiemelt, feh\u00e9r kiemelt, v\u00f6r\u00f6s kiemelt, paletta&quot;}\">\n<div>\n<div>\u0161tyri typy: \u010dierne zv\u00fdraznenie, biele zv\u00fdraznenie, \u010derven\u00e9 zv\u00fdraznenie, paleta<\/div>\n<\/div>\n<\/td>\n<\/tr>\n<tr>\n<td data-sheets-value=\"{&quot;1&quot;:2,&quot;2&quot;:&quot;L\u00e1t\u00f3sz\u00f6g (\u00b0)&quot;}\">Uhol z\u00e1beru (\u00b0)<\/td>\n<td data-sheets-value=\"{&quot;1&quot;:2,&quot;2&quot;:&quot;8.8\u00b0 x 7.0\u00b0&quot;}\">8.8\u00b0 x 7.0\u00b0<\/td>\n<\/tr>\n<tr>\n<td data-sheets-value=\"{&quot;1&quot;:2,&quot;2&quot;:&quot;L\u00f6v\u00e9s\u00e1ll\u00f3s\u00e1g&quot;}\">Odolnos\u0165 vo\u010di v\u00fdstrelom<\/td>\n<td data-sheets-value=\"{&quot;1&quot;:2,&quot;2&quot;:&quot;6000 J&quot;}\">6000 J<\/td>\n<\/tr>\n<tr>\n<td data-sheets-value=\"{&quot;1&quot;:2,&quot;2&quot;:&quot;M\u00e9retek&quot;}\">Rozmery<\/td>\n<td data-sheets-value=\"{&quot;1&quot;:2,&quot;2&quot;:&quot;147x 75 x 73 mm&quot;}\">147 x 75 x 73 mm<\/td>\n<\/tr>\n<tr>\n<td data-sheets-value=\"{&quot;1&quot;:2,&quot;2&quot;:&quot;Szenzor&quot;}\">Senzor<\/td>\n<td data-sheets-value=\"{&quot;1&quot;:2,&quot;2&quot;:&quot;640x512 felbont\u00e1s\u00fa h\u0171tetlen mikrobolom\u00e9ter; pixelm\u00e9ret: 12 \u03bcm; k\u00e9pfriss\u00edt\u00e9s: 50Hz; NETD &lt;= 18 mK&quot;}\">\n<div>\n<div>Nechladen\u00fd mikrobolometer s rozl\u00ed\u0161en\u00edm 640 \u00d7 512; ve\u013ekos\u0165 pixla: 12 \u03bcm; obnovovacia frekvencia obrazu: 50 Hz; NETD &lt;= 18 mK<\/div>\n<\/div>\n<\/td>\n<\/tr>\n<tr>\n<td data-sheets-value=\"{&quot;1&quot;:2,&quot;2&quot;:&quot;Sz\u00edn&quot;}\">Farba<\/td>\n<td data-sheets-value=\"{&quot;1&quot;:2,&quot;2&quot;:&quot;fekete&quot;}\">\u010cierna<\/td>\n<\/tr>\n<tr>\n<td data-sheets-value=\"{&quot;1&quot;:2,&quot;2&quot;:&quot;Tartoz\u00e9kok&quot;}\">Pr\u00edslu\u0161enstvo<\/td>\n<td data-sheets-value=\"{&quot;1&quot;:2,&quot;2&quot;:&quot;h\u0151kamera el\u0151t\u00e9t, levehet\u0151 m\u00e1gneses billenty\u0171zet, kis powerbank a billenty\u0171zet hely\u00e9re, tok, be\u00e9p\u00edtett + IBP-6 k\u00fcls\u0151 akkumul\u00e1tor&quot;}\">\n<div>\n<div>predradn\u00edk termokamery, odn\u00edmate\u013en\u00e1 magnetick\u00e1 kl\u00e1vesnica, mal\u00e1 powerbanka pre kl\u00e1vesnicu, puzdro, vstavan\u00e1 + extern\u00e1 bat\u00e9ria IBP-6<\/div>\n<\/div>\n<\/td>\n<\/tr>\n<tr>\n<td data-sheets-value=\"{&quot;1&quot;:2,&quot;2&quot;:&quot;T\u00e1vols\u00e1gm\u00e9r\u0151&quot;}\">Dia\u013ekomer<\/td>\n<td data-sheets-value=\"{&quot;1&quot;:2,&quot;2&quot;:&quot;LRF l\u00e9zeres&quot;}\">Laser LRF<\/td>\n<\/tr>\n<tr>\n<td data-sheets-value=\"{&quot;1&quot;:2,&quot;2&quot;:&quot;T\u00f6meg (g)&quot;}\">Hmotnos\u0165 (g)<\/td>\n<td data-sheets-value=\"{&quot;1&quot;:3,&quot;3&quot;:500}\">500<\/td>\n<\/tr>\n<tr>\n<td data-sheets-value=\"{&quot;1&quot;:2,&quot;2&quot;:&quot;\u00dczemid\u0151&quot;}\">Prev\u00e1dzkov\u00e9 hodiny<\/td>\n<td data-sheets-value=\"{&quot;1&quot;:2,&quot;2&quot;:&quot;ak\u00e1r 4 \u00f3ra a bels\u0151, plusz 5 \u00f3ra a k\u00fcls\u0151 nagy akkumul\u00e1torral&quot;}\">\n<div>\n<div>a\u017e 4 hodiny s internou bat\u00e9riou a 5 hod\u00edn s ve\u013ekou externou bat\u00e9riou<\/div>\n<\/div>\n<\/td>\n<\/tr>\n<tr>\n<td data-sheets-value=\"{&quot;1&quot;:2,&quot;2&quot;:&quot;V\u00edz\u00e1ll\u00f3s\u00e1g&quot;}\">Odolnos\u0165 vo\u010di vode<\/td>\n<td data-sheets-value=\"{&quot;1&quot;:2,&quot;2&quot;:&quot;IP67&quot;}\">IP67<\/td>\n<\/tr>\n<\/tbody>\n<\/table>\n<p>&nbsp;<\/p>\n<p>Ofici\u00e1lny popis na str\u00e1nke zna\u010dky v\u00fdrobku n\u00e1jdete tu: <a href=\"https:\/\/www.infirayoutdoor.com\/thermal-imaging-attachment-mate-series-mah50r\">https:\/\/www.infirayoutdoor.com\/thermal-imaging-attachment-mate-series-mah50r<\/a><\/p>","protected":false},"excerpt":{"rendered":"<p><span style=\"font-weight: 400\">Nov\u00fd rad Mate prich\u00e1dza s \u010fal\u0161ou inov\u00e1ciou. Teraz je k dispoz\u00edcii verzia 50 so zabudovan\u00fdm laserov\u00fdm dia\u013ekomerom LRF a mo\u017enos\u0165ami balistick\u00fdch v\u00fdpo\u010dtov, ktor\u00e9 v\u00fdrazne zlep\u0161uj\u00fa kvalitu a z\u00e1\u017eitok z lovu. Ak pozn\u00e1te sn\u00edma\u010d termokamery InfiRay, displej a obraz, ktor\u00fd vid\u00edte, to v\u0161etko vytv\u00e1ra jedine\u010dn\u00fd z\u00e1\u017eitok z pou\u017e\u00edvania.<\/span><\/p>","protected":false},"featured_media":1993,"comment_status":"open","ping_status":"closed","template":"","meta":[],"product_brand":[],"product_cat":[30,45,36],"product_tag":[32,18,37,43,122],"class_list":{"0":"post-1992","1":"product","2":"type-product","3":"status-publish","4":"has-post-thumbnail","6":"product_cat-celtavcso","7":"product_cat-hokamera","8":"product_cat-hokamera-elotet","9":"product_tag-celtavcso","10":"product_tag-hokamera","11":"product_tag-hokamera-elotet","12":"product_tag-infiray","13":"product_tag-mate","15":"first","16":"instock","17":"taxable","18":"shipping-taxable","19":"purchasable","20":"product-type-simple"},"jetpack_sharing_enabled":true,"_links":{"self":[{"href":"https:\/\/bestoptika.eu\/sk\/wp-json\/wp\/v2\/product\/1992","targetHints":{"allow":["GET"]}}],"collection":[{"href":"https:\/\/bestoptika.eu\/sk\/wp-json\/wp\/v2\/product"}],"about":[{"href":"https:\/\/bestoptika.eu\/sk\/wp-json\/wp\/v2\/types\/product"}],"replies":[{"embeddable":true,"href":"https:\/\/bestoptika.eu\/sk\/wp-json\/wp\/v2\/comments?post=1992"}],"wp:featuredmedia":[{"embeddable":true,"href":"https:\/\/bestoptika.eu\/sk\/wp-json\/wp\/v2\/media\/1993"}],"wp:attachment":[{"href":"https:\/\/bestoptika.eu\/sk\/wp-json\/wp\/v2\/media?parent=1992"}],"wp:term":[{"taxonomy":"product_brand","embeddable":true,"href":"https:\/\/bestoptika.eu\/sk\/wp-json\/wp\/v2\/product_brand?post=1992"},{"taxonomy":"product_cat","embeddable":true,"href":"https:\/\/bestoptika.eu\/sk\/wp-json\/wp\/v2\/product_cat?post=1992"},{"taxonomy":"product_tag","embeddable":true,"href":"https:\/\/bestoptika.eu\/sk\/wp-json\/wp\/v2\/product_tag?post=1992"}],"curies":[{"name":"wp","href":"https:\/\/api.w.org\/{rel}","templated":true}]}}