{"id":2007,"date":"2024-07-10T15:36:56","date_gmt":"2024-07-10T13:36:56","guid":{"rendered":"https:\/\/bestoptika.eu\/?post_type=product&#038;p=2007"},"modified":"2025-04-14T19:25:55","modified_gmt":"2025-04-14T17:25:55","slug":"infiray-gemini-geh-50r-hokamera-es-ejjellato-kereso-binokular","status":"publish","type":"product","link":"https:\/\/bestoptika.eu\/sk\/product\/infiray-gemini-geh-50r-hokamera-es-ejjellato-kereso-binokular\/","title":{"rendered":"InfiRay GEMINI GEH 50R binokul\u00e1r"},"content":{"rendered":"<p><b>Klasick\u00fd, ergonomick\u00fd dizajn<\/b><\/p>\n<p><span style=\"font-weight: 400\">V\u010faka dizajnu podobn\u00e9mu klasick\u00fdm denn\u00fdm \u010falekoh\u013eadom je Gemini mimoriadne praktick\u00fd a z\u00e1rove\u0148 autentick\u00fd a elegantn\u00fd. Ke\u010f\u017ee poskytuje denn\u00e9 svetlo, termov\u00edziu a no\u010dn\u00e9 videnie v jednom pr\u00edstroji, museli kon\u0161trukt\u00e9ri nanovo definova\u0165 koncepciu pohodln\u00e9ho zaostrovania a nastavenia o\u010dn\u00e9ho reli\u00e9fu. Umiestnenie zaostrovac\u00edch kr\u00fa\u017ekov bl\u00edzko o\u010dnice a tie\u017e bl\u00edzko palca a proti\u0161mykov\u00fd povrch zabezpe\u010duj\u00fa hladk\u00e9 a intuit\u00edvne ovl\u00e1danie. Kon\u0161trukcia s dvoma o\u010dnicami \u00fa\u010dinne zni\u017euje \u00fanavu pri dlhodobom pou\u017e\u00edvan\u00ed.\u00a0<\/span><\/p>\n<p><b>Rozsah detekcie 2600 m a laserov\u00fd dia\u013ekomer 1200 m<\/b><\/p>\n<p><span style=\"font-weight: 400\">Verzia InfiRay Gemini GEH50R m\u00e1 tepeln\u00fd sn\u00edma\u010d s rozl\u00ed\u0161en\u00edm 640 \u00d7 512 pixelov, 12 \u03bcm, NETD\u226425mk, 50 Hz a detek\u010dn\u00fd dosah 2600 metrov v\u010faka svojej optike. Kamera je vybaven\u00e1 aj laserov\u00fdm dia\u013ekomerom s dosahom 1200 metrov, tak\u017ee je mo\u017en\u00e9 okam\u017eite zmera\u0165 presn\u00fa vzdialenos\u0165 k cie\u013eu.<\/span><\/p>\n<p><b>Jasn\u00fd obraz, vo dne aj v noci<\/b><\/p>\n<p><span style=\"font-weight: 400\">Najmodernej\u0161\u00ed termov\u00edzny sn\u00edma\u010d umo\u017e\u0148uje ve\u013emi presn\u00e9 monitorovanie vo dne aj v noci. Jeho inteligentn\u00fd algoritmus spracovania obrazu poskytuje mimoriadne jasn\u00e9 sn\u00edmky aj v t\u00fdch najzlo\u017eitej\u0161\u00edch poveternostn\u00fdch podmienkach. Tak ako pri v\u0161etk\u00fdch v\u00fdrobkoch tohto druhu je jeho v\u0161estrannos\u0165 umo\u017enen\u00e1 jeho parametriz\u00e1ciou. Naj\u00fa\u017easnej\u0161\u00ed sp\u00f4sob, ako si vyladi\u0165 zobrazenie pod\u013ea svojho individu\u00e1lneho pohodlia vo v\u0161etk\u00fdch re\u017eimoch. Jeho funkcie zv\u00fdraznenia a kont\u00farovania s\u00fa na trhu jedine\u010dn\u00e9 a f\u00fazia denn\u00e9ho a tepeln\u00e9ho svetla je presnej\u0161ia ako kedyko\u013evek predt\u00fdm.<\/span><\/p>\n<p><b>Vysokokapacitn\u00e1 vymenite\u013en\u00e1 bat\u00e9ria<\/b><\/p>\n<p><span style=\"font-weight: 400\">Gemini sa dod\u00e1va s dvoma sadami \u0161tandardn\u00fdch, vysokokapacitn\u00fdch, vymenite\u013en\u00fdch a \u013eahko prenosn\u00fdch l\u00edtiov\u00fdch bat\u00e9ri\u00ed 18650. Jedna sada bat\u00e9ri\u00ed umo\u017e\u0148uje po \u00faplnom nabit\u00ed a\u017e 6 hod\u00edn prev\u00e1dzky.<\/span><\/p>\n<p><b>Modern\u00e9 funkcie<\/b><\/p>\n<p><span style=\"font-weight: 400\">\u010ealekoh\u013ead Gemini m\u00e1 cel\u00fd rad pokro\u010dil\u00fdch funkci\u00ed, ako s\u00fa viacer\u00e9 farebn\u00e9 re\u017eimy, re\u017eim PIP (obraz v obraze), nahr\u00e1vanie videa a zvuku, prehr\u00e1vanie videa a pripojenie Wi-Fi (aplik\u00e1cia InfiRay Outdoor). Ide\u00e1lny na lov, pozorovanie pr\u00edrody, presadzovanie pr\u00e1va a p\u00e1tranie a z\u00e1chranu.<\/span><\/p>\n<p>&nbsp;<\/p>\n<table dir=\"ltr\" style=\"height: 984px\" border=\"1\" width=\"416\" cellspacing=\"0\" cellpadding=\"0\" data-sheets-root=\"1\">\n<colgroup>\n<col width=\"202\" \/>\n<col width=\"186\" \/><\/colgroup>\n<tbody>\n<tr>\n<td data-sheets-value=\"{&quot;1&quot;:2,&quot;2&quot;:&quot;Technikai param\u00e9terek&quot;}\">Technick\u00e9 parametre<\/td>\n<td data-sheets-value=\"{&quot;1&quot;:2,&quot;2&quot;:&quot;\u00c9rt\u00e9kek&quot;}\">Hodnoty<\/td>\n<\/tr>\n<tr>\n<td data-sheets-value=\"{&quot;1&quot;:2,&quot;2&quot;:&quot;Haszn\u00e1lati \u00fatmutat\u00f3&quot;}\">N\u00e1vod na pou\u017eitie<\/td>\n<td data-sheets-value=\"{&quot;1&quot;:2,&quot;2&quot;:&quot;Kattints&quot;}\">Kliknut\u00edm na tla\u010didlo skop\u00edrujete<\/td>\n<\/tr>\n<tr>\n<td data-sheets-value=\"{&quot;1&quot;:2,&quot;2&quot;:&quot;Kijelz\u0151&quot;}\">Zobrazenie<\/td>\n<td data-sheets-value=\"{&quot;1&quot;:2,&quot;2&quot;:&quot;OLED 1024\u00d7768; 0.39\\&quot;&quot;}\">OLED 1024\u00d7768; 0,39\u2033<\/td>\n<\/tr>\n<tr>\n<td data-sheets-value=\"{&quot;1&quot;:2,&quot;2&quot;:&quot;Nagy\u00edt\u00e1s tartom\u00e1ny (x)&quot;}\">Rozsah zv\u00e4\u010d\u0161enia (x)<\/td>\n<td data-sheets-value=\"{&quot;1&quot;:2,&quot;2&quot;:&quot;4,1 \u2013 16,4&quot;}\">4,1 - 16,4<\/td>\n<\/tr>\n<tr>\n<td data-sheets-value=\"{&quot;1&quot;:2,&quot;2&quot;:&quot;Adatt\u00e1rol\u00e1s&quot;}\">Ukladanie \u00fadajov<\/td>\n<td data-sheets-value=\"{&quot;1&quot;:2,&quot;2&quot;:&quot;64 GB be\u00e9p\u00edtett mem\u00f3ria&quot;}\">64 GB vstavanej pam\u00e4te<\/td>\n<\/tr>\n<tr>\n<td data-sheets-value=\"{&quot;1&quot;:2,&quot;2&quot;:&quot;Anyaghaszn\u00e1lat&quot;}\">Pou\u017e\u00edvanie materi\u00e1lov<\/td>\n<td data-sheets-value=\"{&quot;1&quot;:2,&quot;2&quot;:&quot;F\u00e9m, m\u0171anyag&quot;}\">Kov, plast<\/td>\n<\/tr>\n<tr>\n<td data-sheets-value=\"{&quot;1&quot;:2,&quot;2&quot;:&quot;Csatlakoz\u00f3k&quot;}\">Konektory<\/td>\n<td data-sheets-value=\"{&quot;1&quot;:2,&quot;2&quot;:&quot;USB-C&quot;}\">USB-C<\/td>\n<\/tr>\n<tr>\n<td data-sheets-value=\"{&quot;1&quot;:2,&quot;2&quot;:&quot;Digit\u00e1lis zoom&quot;}\">Digit\u00e1lny zoom<\/td>\n<td data-sheets-value=\"{&quot;1&quot;:2,&quot;2&quot;:&quot;1- 4x&quot;}\">1- 4x<\/td>\n<\/tr>\n<tr>\n<td data-sheets-value=\"{&quot;1&quot;:2,&quot;2&quot;:&quot;Dioptria kompenz\u00e1ci\u00f3&quot;}\">Kompenz\u00e1cia dioptri\u00ed<\/td>\n<td data-sheets-value=\"{&quot;1&quot;:2,&quot;2&quot;:&quot;-5D - +5D&quot;}\">-5D - +5D<\/td>\n<\/tr>\n<tr>\n<td data-sheets-value=\"{&quot;1&quot;:2,&quot;2&quot;:&quot;Egy\u00e9b tulajdons\u00e1gok&quot;}\">\u010eal\u0161ie funkcie<\/td>\n<td data-sheets-value=\"{&quot;1&quot;:2,&quot;2&quot;:&quot;K\u00e9p-\u00e9s vide\u00f3 r\u00f6gz\u00edt\u00e9s, K\u00e9p a k\u00e9pben funkci\u00f3, vide\u00f3 lej\u00e1tsz\u00e1s&quot;}\">\n<div>\n<div>Nahr\u00e1vanie obr\u00e1zkov a vide\u00ed, Picture in Picture, prehr\u00e1vanie vide\u00ed<\/div>\n<\/div>\n<\/td>\n<\/tr>\n<tr>\n<td data-sheets-value=\"{&quot;1&quot;:2,&quot;2&quot;:&quot;Energiaell\u00e1t\u00e1s&quot;}\">Dod\u00e1vka energie<\/td>\n<td data-sheets-value=\"{&quot;1&quot;:2,&quot;2&quot;:&quot;2X18650 akku&quot;}\">2X18650 bat\u00e9ria<\/td>\n<\/tr>\n<tr>\n<td data-sheets-value=\"{&quot;1&quot;:2,&quot;2&quot;:&quot;\u00c9szlel\u00e9si t\u00e1vols\u00e1g&quot;}\">Detek\u010dn\u00e1 vzdialenos\u0165<\/td>\n<td data-sheets-value=\"{&quot;1&quot;:2,&quot;2&quot;:&quot;\u00c9rz\u00e9kel\u00e9s: 2600m&quot;}\">Detekcia: 2600 m<\/td>\n<\/tr>\n<tr>\n<td data-sheets-value=\"{&quot;1&quot;:2,&quot;2&quot;:&quot;Gy\u00e1rt\u00f3&quot;}\">V\u00fdrobca<\/td>\n<td data-sheets-value=\"{&quot;1&quot;:2,&quot;2&quot;:&quot;InfiRay&quot;}\">InfiRay<\/td>\n<\/tr>\n<tr>\n<td data-sheets-value=\"{&quot;1&quot;:2,&quot;2&quot;:&quot;IR f\u00e9nyvet\u0151&quot;}\">IR maj\u00e1k<\/td>\n<td data-sheets-value=\"{&quot;1&quot;:2,&quot;2&quot;:&quot;940nm&quot;}\">940 nm<\/td>\n<\/tr>\n<tr>\n<td data-sheets-value=\"{&quot;1&quot;:2,&quot;2&quot;:&quot;Kijelz\u0151 sz\u00edn \u00fczemm\u00f3dok&quot;}\">Re\u017eimy farieb displeja<\/td>\n<td data-sheets-value=\"{&quot;1&quot;:2,&quot;2&quot;:&quot;L\u00e1that\u00f3 f\u00e9ny, infrav\u00f6r\u00f6s (feh\u00e9r forr\u00f3, fekete forr\u00f3, v\u00f6r\u00f6s forr\u00f3, vas, sziv\u00e1rv\u00e1ny), f\u00fazi\u00f3&quot;}\">\n<div>\n<div>Vidite\u013en\u00e9 svetlo, infra\u010derven\u00e9 svetlo (biele hor\u00face, \u010dierne hor\u00face, \u010derven\u00e9 hor\u00face, \u017eelezo, d\u00faha), f\u00fazia<\/div>\n<\/div>\n<\/td>\n<\/tr>\n<tr>\n<td data-sheets-value=\"{&quot;1&quot;:2,&quot;2&quot;:&quot;L\u00e1t\u00f3sz\u00f6g (\u00b0)&quot;}\">Uhol z\u00e1beru (\u00b0)<\/td>\n<td data-sheets-value=\"{&quot;1&quot;:2,&quot;2&quot;:&quot;9.4\u00b0\u00d77.0\u00b0&quot;}\">9.4\u00b0\u00d77.0\u00b0<\/td>\n<\/tr>\n<tr>\n<td data-sheets-value=\"{&quot;1&quot;:2,&quot;2&quot;:&quot;M\u00e9retek&quot;}\">Rozmery<\/td>\n<td data-sheets-value=\"{&quot;1&quot;:2,&quot;2&quot;:&quot;198mm\u00d7154mm\u00d778mm&quot;}\">198 mm \u00d7 154 mm \u00d7 78 mm<\/td>\n<\/tr>\n<tr>\n<td data-sheets-value=\"{&quot;1&quot;:2,&quot;2&quot;:&quot;Mikrofon&quot;}\">Mikrof\u00f3n<\/td>\n<td data-sheets-value=\"{&quot;1&quot;:2,&quot;2&quot;:&quot;igen&quot;}\">\u00e1no<\/td>\n<\/tr>\n<tr>\n<td data-sheets-value=\"{&quot;1&quot;:2,&quot;2&quot;:&quot;M\u0171k\u00f6d\u00e9si \/ t\u00e1rol\u00e1si h\u0151m\u00e9rs\u00e9klet&quot;}\">Prev\u00e1dzkov\u00e1 teplota \/ teplota skladovania<\/td>\n<td data-sheets-value=\"{&quot;1&quot;:2,&quot;2&quot;:&quot;-25\u2103-+55\u2103 \/ -&quot;}\">-25\u2103-+55\u2103 \/ -<\/td>\n<\/tr>\n<tr>\n<td data-sheets-value=\"{&quot;1&quot;:2,&quot;2&quot;:&quot;Szemt\u00e1vols\u00e1g&quot;}\">Eyelines<\/td>\n<td data-sheets-value=\"{&quot;1&quot;:2,&quot;2&quot;:&quot;61-72mm&quot;}\">61-72 mm<\/td>\n<\/tr>\n<tr>\n<td data-sheets-value=\"{&quot;1&quot;:2,&quot;2&quot;:&quot;Szem\u00fcveggel haszn\u00e1lhat\u00f3&quot;}\">Na pou\u017eitie s okuliarmi<\/td>\n<td data-sheets-value=\"{&quot;1&quot;:2,&quot;2&quot;:&quot;igen&quot;}\">\u00e1no<\/td>\n<\/tr>\n<tr>\n<td data-sheets-value=\"{&quot;1&quot;:2,&quot;2&quot;:&quot;Szenzor&quot;}\">Senzor<\/td>\n<td data-sheets-value=\"{&quot;1&quot;:2,&quot;2&quot;:&quot;640\u00d7512@12\u03bcm\uff0c50Hz&quot;}\">640\u00d7512@12\u03bcm\uff0c50Hz<\/td>\n<\/tr>\n<tr>\n<td data-sheets-value=\"{&quot;1&quot;:2,&quot;2&quot;:&quot;Sz\u00edn&quot;}\">Farba<\/td>\n<td data-sheets-value=\"{&quot;1&quot;:2,&quot;2&quot;:&quot;fekete&quot;}\">\u010cierna<\/td>\n<\/tr>\n<tr>\n<td data-sheets-value=\"{&quot;1&quot;:2,&quot;2&quot;:&quot;Tartoz\u00e9kok&quot;}\">Pr\u00edslu\u0161enstvo<\/td>\n<td data-sheets-value=\"{&quot;1&quot;:2,&quot;2&quot;:&quot;Gemini k\u00e9sz\u00fcl\u00e9k, f\u00e9nyvet\u0151, f\u00e9nyvet\u0151 szerel\u00e9k, akkumul\u00e1torok, k\u00fcls\u0151 t\u00f6lt\u0151 230V-os aljzattal, k\u00e1belekkel&quot;}\">\n<div>\n<div>Zariadenie Gemini, odpa\u013eova\u010d svetla, s\u00faprava odpa\u013eova\u010da svetla, bat\u00e9rie, extern\u00e1 nab\u00edja\u010dka so z\u00e1suvkou 230 V, k\u00e1ble<\/div>\n<\/div>\n<\/td>\n<\/tr>\n<tr>\n<td data-sheets-value=\"{&quot;1&quot;:2,&quot;2&quot;:&quot;T\u00e1vols\u00e1gm\u00e9r\u0151&quot;}\">Dia\u013ekomer<\/td>\n<td data-sheets-value=\"{&quot;1&quot;:2,&quot;2&quot;:&quot;LRF l\u00e9zeres&quot;}\">Laser LRF<\/td>\n<\/tr>\n<tr>\n<td data-sheets-value=\"{&quot;1&quot;:2,&quot;2&quot;:&quot;T\u00f6meg (g)&quot;}\">Hmotnos\u0165 (g)<\/td>\n<td data-sheets-value=\"{&quot;1&quot;:3,&quot;3&quot;:960}\">960<\/td>\n<\/tr>\n<tr>\n<td data-sheets-value=\"{&quot;1&quot;:2,&quot;2&quot;:&quot;\u00dczemid\u0151&quot;}\">Prev\u00e1dzkov\u00e9 hodiny<\/td>\n<td data-sheets-value=\"{&quot;1&quot;:2,&quot;2&quot;:&quot;ak\u00e1r 6 \u00f3ra&quot;}\">a\u017e 6 hod\u00edn<\/td>\n<\/tr>\n<tr>\n<td data-sheets-value=\"{&quot;1&quot;:2,&quot;2&quot;:&quot;V\u00edz\u00e1ll\u00f3s\u00e1g&quot;}\">Odolnos\u0165 vo\u010di vode<\/td>\n<td data-sheets-value=\"{&quot;1&quot;:2,&quot;2&quot;:&quot;IP66&quot;}\">IP66<\/td>\n<\/tr>\n<tr>\n<td data-sheets-value=\"{&quot;1&quot;:2,&quot;2&quot;:&quot;Wi-Fi&quot;}\">Wi-Fi<\/td>\n<td data-sheets-value=\"{&quot;1&quot;:2,&quot;2&quot;:&quot;igen&quot;}\">\u00e1no<\/td>\n<\/tr>\n<\/tbody>\n<\/table>\n<p>&nbsp;<\/p>\n<p>Ofici\u00e1lny popis na str\u00e1nke zna\u010dky v\u00fdrobku n\u00e1jdete tu: <a href=\"https:\/\/www.infirayoutdoor.com\/thermal-imaging-binocular-gemini-series-geh50r\">https:\/\/www.infirayoutdoor.com\/thermal-imaging-binocular-gemini-series-geh50r<\/a><\/p>","protected":false},"excerpt":{"rendered":"<p><span style=\"font-weight: 400\">Gemini je inovat\u00edvny multispektr\u00e1lny pr\u00edstroj s klasick\u00fdm denn\u00fdm binokul\u00e1rnym dizajnom. Pokro\u010dil\u00e9 funkcie, ergonomick\u00fd dizajn, mimoriadne jasn\u00fd obraz vo dne aj v noci a presn\u00fd dia\u013ekomer. Gemini umo\u017e\u0148uje pohodln\u00e9 pozorovanie bez oh\u013eadu na sveteln\u00e9 podmienky.<\/span><\/p>","protected":false},"featured_media":2008,"comment_status":"open","ping_status":"closed","template":"","meta":[],"product_brand":[],"product_cat":[39,45,17],"product_tag":[125,40,124,18,43],"class_list":{"0":"post-2007","1":"product","2":"type-product","3":"status-publish","4":"has-post-thumbnail","6":"product_cat-digitalis-ejjellato","7":"product_cat-hokamera","8":"product_cat-hokamera-kereso","9":"product_tag-binokular","10":"product_tag-ejjellato","11":"product_tag-gemini","12":"product_tag-hokamera","13":"product_tag-infiray","15":"first","16":"outofstock","17":"taxable","18":"shipping-taxable","19":"purchasable","20":"product-type-simple"},"jetpack_sharing_enabled":true,"_links":{"self":[{"href":"https:\/\/bestoptika.eu\/sk\/wp-json\/wp\/v2\/product\/2007","targetHints":{"allow":["GET"]}}],"collection":[{"href":"https:\/\/bestoptika.eu\/sk\/wp-json\/wp\/v2\/product"}],"about":[{"href":"https:\/\/bestoptika.eu\/sk\/wp-json\/wp\/v2\/types\/product"}],"replies":[{"embeddable":true,"href":"https:\/\/bestoptika.eu\/sk\/wp-json\/wp\/v2\/comments?post=2007"}],"wp:featuredmedia":[{"embeddable":true,"href":"https:\/\/bestoptika.eu\/sk\/wp-json\/wp\/v2\/media\/2008"}],"wp:attachment":[{"href":"https:\/\/bestoptika.eu\/sk\/wp-json\/wp\/v2\/media?parent=2007"}],"wp:term":[{"taxonomy":"product_brand","embeddable":true,"href":"https:\/\/bestoptika.eu\/sk\/wp-json\/wp\/v2\/product_brand?post=2007"},{"taxonomy":"product_cat","embeddable":true,"href":"https:\/\/bestoptika.eu\/sk\/wp-json\/wp\/v2\/product_cat?post=2007"},{"taxonomy":"product_tag","embeddable":true,"href":"https:\/\/bestoptika.eu\/sk\/wp-json\/wp\/v2\/product_tag?post=2007"}],"curies":[{"name":"wp","href":"https:\/\/api.w.org\/{rel}","templated":true}]}}