{"id":2052,"date":"2024-07-11T10:50:20","date_gmt":"2024-07-11T08:50:20","guid":{"rendered":"https:\/\/bestoptika.eu\/?post_type=product&#038;p=2052"},"modified":"2025-12-13T10:31:55","modified_gmt":"2025-12-13T09:31:55","slug":"infiray-tube-lrf-lezeres-tavmero-modul-ilr-1200-1","status":"publish","type":"product","link":"https:\/\/bestoptika.eu\/sk\/product\/infiray-tube-lrf-lezeres-tavmero-modul-ilr-1200-1\/","title":{"rendered":"InfiRay TUBE LRF laserov\u00fd dia\u013ekomer (ILR-1200-1)"},"content":{"rendered":"<p><span style=\"font-weight: 400\">Inov\u00e1cia je v\u00fdsledkom premyslen\u00e9ho in\u017einierstva. Jeho r\u00fdchloup\u00ednacia mont\u00e1\u017e sa d\u00e1 v priebehu nieko\u013ek\u00fdch sek\u00fand namontova\u0165 na 30 mm tubus tubusov\u00e9ho \u010falekoh\u013eadu, kde sa d\u00e1 upevni\u0165 pod \u013eubovo\u013en\u00fdm uhlom tak, aby lovca \u010do najmenej rozpty\u013eovala a zdr\u017eovala.<\/span><br \/>\n<span style=\"font-weight: 400\">Dia\u013ekomer je nap\u00e1jan\u00fd samostatn\u00fdm zdrojom (CR123 alebo RCR123) a po sp\u00e1rovan\u00ed sa jednoducho pripoj\u00ed k \u010falekoh\u013eadu. Akt\u00edvne pripojenie, slabn\u00faci sign\u00e1l alebo dokonca vybit\u00fa bat\u00e9riu indikuj\u00fa LED di\u00f3dy. Ak je pripojen\u00fd laserov\u00fd dia\u013ekomer, v ponuke pu\u0161koh\u013eadu sa namiesto stadiametrick\u00e9ho dia\u013ekomeru aktivuje extern\u00e9 zariadenie.<\/span><br \/>\n<span style=\"font-weight: 400\">Po zapnut\u00ed je pripojenie k cie\u013eu automatick\u00e9 a bezprobl\u00e9mov\u00e9, ak je na cieli aktivovan\u00e1 funkcia Bluetooth.<\/span><br \/>\n<span style=\"font-weight: 400\">V pr\u00edpade potreby je mo\u017en\u00e9 dia\u013ekomer aktualizova\u0165 prostredn\u00edctvom aplik\u00e1cie InfOutdoorBC APP.<\/span><\/p>\n<p><b>Sprievodca kompatibilitou TL35 V1<\/b><br \/>\n<span style=\"font-weight: 400\">V ponuke Inform\u00e1cie o rozsahu skontrolujte nasleduj\u00face polo\u017eky:<\/span><br \/>\n<span style=\"font-weight: 400\">Pod GUI&lt;2.07 nie je Tube TL35 V1 schopn\u00fd pracova\u0165 s LRF.<\/span><br \/>\n<span style=\"font-weight: 400\">Pri prekro\u010den\u00ed tohto \u010d\u00edsla bude softv\u00e9r pre dia\u013ekomer z aplik\u00e1cie InfiRay Outdoor aktualizovan\u00fd na GUI 2.40 a bude schopn\u00fd pracova\u0165 s dia\u013ekomerom.<\/span><\/p>\n<table dir=\"ltr\" border=\"1\" cellspacing=\"0\" cellpadding=\"0\" data-sheets-root=\"1\">\n<colgroup span=\"1\">\n<col span=\"1\" width=\"200\" \/><\/colgroup>\n<colgroup>\n<col span=\"1\" width=\"171\" \/><\/colgroup>\n<tbody>\n<tr>\n<td colspan=\"1\" rowspan=\"1\" data-sheets-value=\"{\">Technick\u00e9 parametre<\/td>\n<td colspan=\"1\" rowspan=\"1\" data-sheets-value=\"{\">Hodnoty<\/td>\n<\/tr>\n<tr>\n<td colspan=\"1\" rowspan=\"1\" data-sheets-value=\"{\">N\u00e1vod na pou\u017eitie<\/td>\n<td colspan=\"1\" rowspan=\"1\" data-sheets-value=\"{\">Kliknut\u00edm nav\u0161t\u00edvte<\/td>\n<\/tr>\n<tr>\n<td colspan=\"1\" rowspan=\"1\" data-sheets-value=\"{\">\u010eal\u0161ie funkcie<\/td>\n<td colspan=\"1\" rowspan=\"1\" data-sheets-value=\"{\">\n<div>\n<div>\n<p>Bluetooth, presnos\u0165: \u00b11m @ 100m, vlnov\u00e1 d\u013a\u017eka: 900-908 nm<\/p>\n<\/div>\n<\/div>\n<\/td>\n<\/tr>\n<tr>\n<td colspan=\"1\" rowspan=\"1\" data-sheets-value=\"{\">Dod\u00e1vka energie<\/td>\n<td colspan=\"1\" rowspan=\"1\" data-sheets-value=\"{\">\n<div>\n<div>\n<p>Bat\u00e9ria RCR123; 3,7 V (PR\u00cdSLU\u0160ENSTVO)<\/p>\n<\/div>\n<\/div>\n<\/td>\n<\/tr>\n<tr>\n<td colspan=\"1\" rowspan=\"1\" data-sheets-value=\"{\">V\u00fdrobca<\/td>\n<td colspan=\"1\" rowspan=\"1\" data-sheets-value=\"{\">InfiRay<\/td>\n<\/tr>\n<tr>\n<td colspan=\"1\" rowspan=\"1\" data-sheets-value=\"{\">Z\u00e1ruka v\u00fdrobcu<\/td>\n<td colspan=\"1\" rowspan=\"1\" data-sheets-value=\"{\">3 roky, 1 rok pre bat\u00e9riu<\/td>\n<\/tr>\n<tr>\n<td colspan=\"1\" rowspan=\"1\" data-sheets-value=\"{\">Rozmery<\/td>\n<td colspan=\"1\" rowspan=\"1\" data-sheets-value=\"{\">95x92x85mm<\/td>\n<\/tr>\n<tr>\n<td colspan=\"1\" rowspan=\"1\" data-sheets-value=\"{\">Farba<\/td>\n<td colspan=\"1\" rowspan=\"1\" data-sheets-value=\"{\">\u010cierna<\/td>\n<\/tr>\n<tr>\n<td colspan=\"1\" rowspan=\"1\" data-sheets-value=\"{\">Mo\u017enosti merania vzdialenosti<\/td>\n<td colspan=\"1\" rowspan=\"1\" data-sheets-value=\"{\">Dosah 1200 m<\/td>\n<\/tr>\n<tr>\n<td colspan=\"1\" rowspan=\"1\" data-sheets-value=\"{\">Dia\u013ekomer<\/td>\n<td colspan=\"1\" rowspan=\"1\" data-sheets-value=\"{\">Laser LRF<\/td>\n<\/tr>\n<tr>\n<td colspan=\"1\" rowspan=\"1\" data-sheets-value=\"{\">Hmotnos\u0165 (g)<\/td>\n<td colspan=\"1\" rowspan=\"1\" data-sheets-value=\"{\">170 (bez bat\u00e9rie)<\/td>\n<\/tr>\n<tr>\n<td colspan=\"1\" rowspan=\"1\" data-sheets-value=\"{\">V\u00fddr\u017e<\/td>\n<td colspan=\"1\" rowspan=\"1\" data-sheets-value=\"{\">Do 4 hod\u00edn<\/td>\n<\/tr>\n<tr>\n<td colspan=\"1\" rowspan=\"1\" data-sheets-value=\"{\">Odolnos\u0165 vo\u010di vode<\/td>\n<td colspan=\"1\" rowspan=\"1\" data-sheets-value=\"{\">IP67<\/td>\n<\/tr>\n<\/tbody>\n<\/table>\n<p>Ofici\u00e1lny popis na str\u00e1nke zna\u010dky v\u00fdrobku n\u00e1jdete tu: <a href=\"https:\/\/www.infirayoutdoor.com\/thermal-imaging-riflescope-tube-tl50tl35v2\">https:\/\/www.infirayoutdoor.com\/thermal-imaging-riflescope-tube-tl50tl35v2<\/a><\/p>","protected":false},"excerpt":{"rendered":"<p><span style=\"font-weight: 400\">Pri\u0161iel ILR-1200-1, laserov\u00fd dia\u013ekomer s rozhran\u00edm Bluetooth, ktor\u00fd men\u00ed rad termov\u00edznych pr\u00edstrojov Tube na presn\u00fd balistick\u00fd pr\u00edstroj.<\/span><\/p>","protected":false},"featured_media":2053,"comment_status":"open","ping_status":"closed","template":"","meta":[],"product_brand":[],"product_cat":[99,96],"product_tag":[43,100,97,112],"class_list":{"0":"post-2052","1":"product","2":"type-product","3":"status-publish","4":"has-post-thumbnail","6":"product_cat-lezeres-tavmero","7":"product_cat-tavolsagmero","8":"product_tag-infiray","9":"product_tag-lezeres","10":"product_tag-tavolsagmero","11":"product_tag-tube","13":"first","14":"outofstock","15":"taxable","16":"shipping-taxable","17":"purchasable","18":"product-type-simple"},"jetpack_sharing_enabled":true,"_links":{"self":[{"href":"https:\/\/bestoptika.eu\/sk\/wp-json\/wp\/v2\/product\/2052","targetHints":{"allow":["GET"]}}],"collection":[{"href":"https:\/\/bestoptika.eu\/sk\/wp-json\/wp\/v2\/product"}],"about":[{"href":"https:\/\/bestoptika.eu\/sk\/wp-json\/wp\/v2\/types\/product"}],"replies":[{"embeddable":true,"href":"https:\/\/bestoptika.eu\/sk\/wp-json\/wp\/v2\/comments?post=2052"}],"wp:featuredmedia":[{"embeddable":true,"href":"https:\/\/bestoptika.eu\/sk\/wp-json\/wp\/v2\/media\/2053"}],"wp:attachment":[{"href":"https:\/\/bestoptika.eu\/sk\/wp-json\/wp\/v2\/media?parent=2052"}],"wp:term":[{"taxonomy":"product_brand","embeddable":true,"href":"https:\/\/bestoptika.eu\/sk\/wp-json\/wp\/v2\/product_brand?post=2052"},{"taxonomy":"product_cat","embeddable":true,"href":"https:\/\/bestoptika.eu\/sk\/wp-json\/wp\/v2\/product_cat?post=2052"},{"taxonomy":"product_tag","embeddable":true,"href":"https:\/\/bestoptika.eu\/sk\/wp-json\/wp\/v2\/product_tag?post=2052"}],"curies":[{"name":"wp","href":"https:\/\/api.w.org\/{rel}","templated":true}]}}