{"id":2070,"date":"2024-07-11T11:46:16","date_gmt":"2024-07-11T09:46:16","guid":{"rendered":"https:\/\/bestoptika.eu\/?post_type=product&#038;p=2070"},"modified":"2025-11-23T22:22:59","modified_gmt":"2025-11-23T21:22:59","slug":"infiray-hybrid-lr1000-lezeres-tavmero","status":"publish","type":"product","link":"https:\/\/bestoptika.eu\/sk\/product\/infiray-hybrid-lr1000-lezeres-tavmero\/","title":{"rendered":"InfiRay HYBRID LR1000 Laserov\u00fd dia\u013ekomer"},"content":{"rendered":"<p><span style=\"font-weight: 400\">\u013dahko sa prip\u00e1ja a prip\u00e1ja k hybridn\u00e9mu po\u010d\u00edta\u010du pomocou konektora USB-C. Pracuje s mimoriadnou presnos\u0165ou.<\/span><\/p>\n<p><span style=\"font-weight: 400\">Kompatibiln\u00e9 zariadenie: Infiray Hybrid HYH50W.<\/span><\/p>\n<p>&nbsp;<\/p>\n<table dir=\"ltr\" style=\"height: 455px\" border=\"1\" width=\"393\" cellspacing=\"0\" cellpadding=\"0\" data-sheets-root=\"1\">\n<colgroup>\n<col width=\"181\" \/>\n<col width=\"145\" \/><\/colgroup>\n<tbody>\n<tr>\n<td data-sheets-value=\"{&quot;1&quot;:2,&quot;2&quot;:&quot;Technikai param\u00e9terek&quot;}\">Technick\u00e9 parametre<\/td>\n<td data-sheets-value=\"{&quot;1&quot;:2,&quot;2&quot;:&quot;\u00c9rt\u00e9kek&quot;}\">Hodnoty<\/td>\n<\/tr>\n<tr>\n<td data-sheets-value=\"{&quot;1&quot;:2,&quot;2&quot;:&quot;Haszn\u00e1lati \u00fatmutat\u00f3&quot;}\">N\u00e1vod na pou\u017eitie<\/td>\n<td data-sheets-value=\"{&quot;1&quot;:2,&quot;2&quot;:&quot;Kattints&quot;}\">Kliknut\u00edm na tla\u010didlo skop\u00edrujete<\/td>\n<\/tr>\n<tr>\n<td data-sheets-value=\"{&quot;1&quot;:2,&quot;2&quot;:&quot;Egy\u00e9b tulajdons\u00e1gok&quot;}\">\u010eal\u0161ie funkcie<\/td>\n<td data-sheets-value=\"{&quot;1&quot;:2,&quot;2&quot;:&quot;M\u00e9r\u00e9si tartom\u00e1ny: 5 - 1000 m, Pontoss\u00e1g: \u00b1\uff081+L*0.25%)m, Hull\u00e1mhossz: 905nm\u00b115nm&quot;}\">\n<div>\n<div>Rozsah merania: 5 - 1000 m, presnos\u0165: \u00b1\uff081+L*0,25%)m, vlnov\u00e1 d\u013a\u017eka: 905nm\u00b115nm<\/div>\n<\/div>\n<\/td>\n<\/tr>\n<tr>\n<td data-sheets-value=\"{&quot;1&quot;:2,&quot;2&quot;:&quot;Energiaell\u00e1t\u00e1s&quot;}\">Dod\u00e1vka energie<\/td>\n<td data-sheets-value=\"{&quot;1&quot;:2,&quot;2&quot;:&quot;USB-C; 3V-5V DC; \u22640.6W&quot;}\">\n<div>\n<div>USB-C; 3V-5V DC; \u22640,6W<\/div>\n<\/div>\n<\/td>\n<\/tr>\n<tr>\n<td data-sheets-value=\"{&quot;1&quot;:2,&quot;2&quot;:&quot;Gy\u00e1rt\u00f3&quot;}\">V\u00fdrobca<\/td>\n<td data-sheets-value=\"{&quot;1&quot;:2,&quot;2&quot;:&quot;InfiRay&quot;}\">InfiRay<\/td>\n<\/tr>\n<tr>\n<td data-sheets-value=\"{&quot;1&quot;:2,&quot;2&quot;:&quot;Gy\u00e1rt\u00f3 \u00e1ltal v\u00e1llalt garancia&quot;}\">Z\u00e1ruka v\u00fdrobcu<\/td>\n<td data-sheets-value=\"{&quot;1&quot;:2,&quot;2&quot;:&quot;3 \u00e9v&quot;}\">3 roky<\/td>\n<\/tr>\n<tr>\n<td data-sheets-value=\"{&quot;1&quot;:2,&quot;2&quot;:&quot;M\u00e9retek&quot;}\">Rozmery<\/td>\n<td data-sheets-value=\"{&quot;1&quot;:2,&quot;2&quot;:&quot;34\u00d730\u00d780mm&quot;}\">34 \u00d7 30 \u00d7 80 mm<\/td>\n<\/tr>\n<tr>\n<td data-sheets-value=\"{&quot;1&quot;:2,&quot;2&quot;:&quot;Sz\u00edn&quot;}\">Farba<\/td>\n<td data-sheets-value=\"{&quot;1&quot;:2,&quot;2&quot;:&quot;fekete&quot;}\">\u010cierna<\/td>\n<\/tr>\n<tr>\n<td data-sheets-value=\"{&quot;1&quot;:2,&quot;2&quot;:&quot;T\u00e1vols\u00e1gm\u00e9r\u0151&quot;}\">Dia\u013ekomer<\/td>\n<td data-sheets-value=\"{&quot;1&quot;:2,&quot;2&quot;:&quot;LRF l\u00e9zeres&quot;}\">Laser LRF<\/td>\n<\/tr>\n<tr>\n<td data-sheets-value=\"{&quot;1&quot;:2,&quot;2&quot;:&quot;T\u00f6meg (g)&quot;}\">Hmotnos\u0165 (g)<\/td>\n<td data-sheets-value=\"{&quot;1&quot;:3,&quot;3&quot;:155}\">155<\/td>\n<\/tr>\n<tr>\n<td data-sheets-value=\"{&quot;1&quot;:2,&quot;2&quot;:&quot;V\u00edz\u00e1ll\u00f3s\u00e1g&quot;}\">Odolnos\u0165 vo\u010di vode<\/td>\n<td data-sheets-value=\"{&quot;1&quot;:2,&quot;2&quot;:&quot;IP67&quot;}\">IP67<\/td>\n<\/tr>\n<\/tbody>\n<\/table>\n<p>&nbsp;<\/p>\n<p>Ofici\u00e1lny popis na str\u00e1nke zna\u010dky v\u00fdrobku n\u00e1jdete tu: <a href=\"https:\/\/www.infirayoutdoor.com\/thermal-imaging-riflescope-hybrid-series-hyh75w\">https:\/\/www.infirayoutdoor.com\/thermal-imaging-riflescope-hybrid-series-hyh75w<\/a><\/p>","protected":false},"excerpt":{"rendered":"<p><span style=\"font-weight: 400\">Laserov\u00fd dia\u013ekomer pre hybridn\u00e9 termov\u00edzne teleskopy je tu. Namontovan\u00edm tohto modulu sa v\u00fdrazne zv\u00fd\u0161i vyu\u017eite\u013enos\u0165 pu\u0161koh\u013eadu. V\u010faka svojmu v\u00fdnimo\u010dn\u00e9mu v\u00fdkonu dok\u00e1\u017ee indikova\u0165 vzdialenos\u0165 k cie\u013eu a\u017e do 1000 metrov.<\/span><\/p>","protected":false},"featured_media":2071,"comment_status":"open","ping_status":"closed","template":"","meta":[],"product_brand":[],"product_cat":[99,96],"product_tag":[120,43,100,97],"class_list":{"0":"post-2070","1":"product","2":"type-product","3":"status-publish","4":"has-post-thumbnail","6":"product_cat-lezeres-tavmero","7":"product_cat-tavolsagmero","8":"product_tag-hybrid","9":"product_tag-infiray","10":"product_tag-lezeres","11":"product_tag-tavolsagmero","13":"first","14":"instock","15":"taxable","16":"shipping-taxable","17":"purchasable","18":"product-type-simple"},"jetpack_sharing_enabled":true,"_links":{"self":[{"href":"https:\/\/bestoptika.eu\/sk\/wp-json\/wp\/v2\/product\/2070","targetHints":{"allow":["GET"]}}],"collection":[{"href":"https:\/\/bestoptika.eu\/sk\/wp-json\/wp\/v2\/product"}],"about":[{"href":"https:\/\/bestoptika.eu\/sk\/wp-json\/wp\/v2\/types\/product"}],"replies":[{"embeddable":true,"href":"https:\/\/bestoptika.eu\/sk\/wp-json\/wp\/v2\/comments?post=2070"}],"wp:featuredmedia":[{"embeddable":true,"href":"https:\/\/bestoptika.eu\/sk\/wp-json\/wp\/v2\/media\/2071"}],"wp:attachment":[{"href":"https:\/\/bestoptika.eu\/sk\/wp-json\/wp\/v2\/media?parent=2070"}],"wp:term":[{"taxonomy":"product_brand","embeddable":true,"href":"https:\/\/bestoptika.eu\/sk\/wp-json\/wp\/v2\/product_brand?post=2070"},{"taxonomy":"product_cat","embeddable":true,"href":"https:\/\/bestoptika.eu\/sk\/wp-json\/wp\/v2\/product_cat?post=2070"},{"taxonomy":"product_tag","embeddable":true,"href":"https:\/\/bestoptika.eu\/sk\/wp-json\/wp\/v2\/product_tag?post=2070"}],"curies":[{"name":"wp","href":"https:\/\/api.w.org\/{rel}","templated":true}]}}