{"id":2155,"date":"2024-07-13T19:05:05","date_gmt":"2024-07-13T17:05:05","guid":{"rendered":"https:\/\/bestoptika.eu\/?post_type=product&#038;p=2155"},"modified":"2025-04-14T19:32:40","modified_gmt":"2025-04-14T17:32:40","slug":"infiray-psii-zzr","status":"publish","type":"product","link":"https:\/\/bestoptika.eu\/sk\/product\/infiray-psii-zzr\/","title":{"rendered":"Infiray PSII ZZR termov\u00edzny monokul\u00e1r"},"content":{"rendered":"<p><span style=\"font-weight: 400\">Termov\u00edzny zameriava\u010d InfiRay PSII - ZZR je ur\u010den\u00fd nielen pre profesion\u00e1lnych lovcov. V\u00fdkonn\u00fd senzor a 75 mm objekt\u00edv umo\u017e\u0148uj\u00fa identifikova\u0165 cie\u013e na ve\u013ek\u00fa vzdialenos\u0165 za v\u0161etk\u00fdch poveternostn\u00fdch podmienok.<\/span><\/p>\n<table dir=\"ltr\" border=\"1\" cellspacing=\"0\" cellpadding=\"0\" data-sheets-root=\"1\">\n<colgroup>\n<col width=\"260\" \/>\n<col width=\"308\" \/><\/colgroup>\n<tbody>\n<tr>\n<td data-sheets-value=\"{&quot;1&quot;:2,&quot;2&quot;:&quot;Technikai param\u00e9tekrek&quot;}\">Ve\u013ekos\u0165<\/td>\n<td data-sheets-value=\"{&quot;1&quot;:2,&quot;2&quot;:&quot;\u00c9rt\u00e9kek&quot;}\">220x120x90 mm<\/td>\n<\/tr>\n<tr>\n<td data-sheets-value=\"{&quot;1&quot;:2,&quot;2&quot;:&quot;Mag&quot;}\">Rozl\u00ed\u0161enie sn\u00edma\u010da<\/td>\n<td data-sheets-value=\"{&quot;1&quot;:2,&quot;2&quot;:&quot;640x512\/12um&quot;}\">640\u00d7512\/12um<\/td>\n<\/tr>\n<tr>\n<td data-sheets-value=\"{&quot;1&quot;:2,&quot;2&quot;:&quot;Objekt\u00edv \u00e1tm\u00e9r\u0151je&quot;}\">Priemer objekt\u00edvu<\/td>\n<td data-sheets-value=\"{&quot;1&quot;:2,&quot;2&quot;:&quot;75mm&quot;}\">75 mm<\/td>\n<\/tr>\n<tr>\n<td data-sheets-value=\"{&quot;1&quot;:2,&quot;2&quot;:&quot;NETD&quot;}\">NETD<\/td>\n<td data-sheets-value=\"{&quot;1&quot;:2,&quot;2&quot;:&quot;\u226435 mK&quot;}\">\u226435 mK<\/td>\n<\/tr>\n<tr>\n<td data-sheets-value=\"{&quot;1&quot;:2,&quot;2&quot;:&quot;Felismer\u00e9si t\u00e1vols\u00e1g \/ ember&quot;}\">Detek\u010dn\u00e1 vzdialenos\u0165\/osoba<\/td>\n<td data-sheets-value=\"{&quot;1&quot;:2,&quot;2&quot;:&quot;1170 m&quot;}\">1170 m<\/td>\n<\/tr>\n<tr>\n<td data-sheets-value=\"{&quot;1&quot;:2,&quot;2&quot;:&quot;Felismer\u00e9si t\u00e1vols\u00e1g \/ j\u00e1rm\u0171&quot;}\">Detek\u010dn\u00e1 vzdialenos\u0165 \/ vozidlo<\/td>\n<td data-sheets-value=\"{&quot;1&quot;:2,&quot;2&quot;:&quot;3190 m&quot;}\">3190 m<\/td>\n<\/tr>\n<tr>\n<td data-sheets-value=\"{&quot;1&quot;:2,&quot;2&quot;:&quot;K\u00e9pfriss\u00edt\u00e9si frekvencia&quot;}\">Obnovovacia frekvencia obrazu<\/td>\n<td data-sheets-value=\"{&quot;1&quot;:2,&quot;2&quot;:&quot;50 Hz&quot;}\">50 Hz<\/td>\n<\/tr>\n<tr>\n<td data-sheets-value=\"{&quot;1&quot;:2,&quot;2&quot;:&quot;L\u00e1t\u00f3mez\u0151&quot;}\">Zorn\u00e9 pole<\/td>\n<td data-sheets-value=\"{&quot;1&quot;:2,&quot;2&quot;:&quot;5,8\u00b0\u00d74,6\u00b0&quot;}\">5,8\u00b0\u00d74,6\u00b0<\/td>\n<\/tr>\n<tr>\n<td data-sheets-value=\"{&quot;1&quot;:2,&quot;2&quot;:&quot;Kil\u00e9p\u0151 pupillat\u00e1vols\u00e1g&quot;}\">Vzdialenos\u0165 vych\u00e1dzaj\u00facich \u017eiakov<\/td>\n<td data-sheets-value=\"{&quot;1&quot;:2,&quot;2&quot;:&quot;6-55 mm&quot;}\">6-55 mm<\/td>\n<\/tr>\n<tr>\n<td data-sheets-value=\"{&quot;1&quot;:2,&quot;2&quot;:&quot;T\u00e1vols\u00e1gm\u00e9r\u0151&quot;}\">Dia\u013ekomer<\/td>\n<td data-sheets-value=\"{&quot;1&quot;:2,&quot;2&quot;:&quot;20 - 3000m\/+-1m&quot;}\">20 - 3000m\/+-1m<\/td>\n<\/tr>\n<tr>\n<td data-sheets-value=\"{&quot;1&quot;:2,&quot;2&quot;:&quot;Dioptria korrekci\u00f3&quot;}\">Dioptrick\u00e1 korekcia<\/td>\n<td data-sheets-value=\"{&quot;1&quot;:2,&quot;2&quot;:&quot;-4-t\u0151l +4 dioptri\u00e1ig&quot;}\">-4 a\u017e +4 dioptrie<\/td>\n<\/tr>\n<tr>\n<td data-sheets-value=\"{&quot;1&quot;:2,&quot;2&quot;:&quot;Optikai nagy\u00edt\u00e1s&quot;}\">Optick\u00e9 zv\u00e4\u010d\u0161enie<\/td>\n<td data-sheets-value=\"{&quot;1&quot;:2,&quot;2&quot;:&quot;4x - 32x&quot;}\">4x - 32x<\/td>\n<\/tr>\n<tr>\n<td data-sheets-value=\"{&quot;1&quot;:2,&quot;2&quot;:&quot;Wifi&quot;}\">Wifi<\/td>\n<td data-sheets-value=\"{&quot;1&quot;:2,&quot;2&quot;:&quot;Nem&quot;}\">Nie<\/td>\n<\/tr>\n<tr>\n<td data-sheets-value=\"{&quot;1&quot;:2,&quot;2&quot;:&quot;Fot\u00f3\/Vide\u00f3&quot;}\">Foto\/video<\/td>\n<td data-sheets-value=\"{&quot;1&quot;:2,&quot;2&quot;:&quot;Nem&quot;}\">Nie<\/td>\n<\/tr>\n<tr>\n<td data-sheets-value=\"{&quot;1&quot;:2,&quot;2&quot;:&quot;K\u00e9szenl\u00e9t&quot;}\">Pohotovostn\u00fd re\u017eim<\/td>\n<td data-sheets-value=\"{&quot;1&quot;:2,&quot;2&quot;:&quot;Nem&quot;}\">Nie<\/td>\n<\/tr>\n<tr>\n<td data-sheets-value=\"{&quot;1&quot;:2,&quot;2&quot;:&quot;Ballisztikai kalkul\u00e1tor&quot;}\">Balistick\u00e1 kalkula\u010dka<\/td>\n<td data-sheets-value=\"{&quot;1&quot;:2,&quot;2&quot;:&quot;Igen&quot;}\">\u00c1no<\/td>\n<\/tr>\n<tr>\n<td data-sheets-value=\"{&quot;1&quot;:2,&quot;2&quot;:&quot;Nagy\u00edt\u00e1s&quot;}\">Zv\u00e4\u010d\u0161i\u0165<\/td>\n<td data-sheets-value=\"{&quot;1&quot;:2,&quot;2&quot;:&quot;digit\u00e1lis 1x \/ 2x \/4x \/8x&quot;}\">digit\u00e1lne 1x \/ 2x \/4x \/8x<\/td>\n<\/tr>\n<tr>\n<td data-sheets-value=\"{&quot;1&quot;:2,&quot;2&quot;:&quot;Akkumul\u00e1tor t\u00edpusa \/ Akkumul\u00e1tor \u00e9lettartama&quot;}\">Typ bat\u00e9rie \/ \u017eivotnos\u0165 bat\u00e9rie<\/td>\n<td data-sheets-value=\"{&quot;1&quot;:2,&quot;2&quot;:&quot;1x 18650 ( 18x65mm ) \/ 4h&quot;}\">1x 18650 ( 18x65mm ) \/ 4h<\/td>\n<\/tr>\n<tr>\n<td data-sheets-value=\"{&quot;1&quot;:2,&quot;2&quot;:&quot;R\u00f6gz\u00edt\u00e9s - tart\u00f3&quot;}\">Hmotnos\u0165<\/td>\n<td data-sheets-value=\"{&quot;1&quot;:2,&quot;2&quot;:&quot;Picatinny s\u00edn&quot;}\">1110 g<\/td>\n<\/tr>\n<\/tbody>\n<\/table>\n<p>&nbsp;<\/p>","protected":false},"excerpt":{"rendered":"<ul>\n<li style=\"font-weight: 400\"><span style=\"font-weight: 400\">Displej OLED s rozl\u00ed\u0161en\u00edm 1024 \u00d7 768<\/span><\/li>\n<li style=\"font-weight: 400\"><span style=\"font-weight: 400\">Uhol z\u00e1beru: 5,8\u00b0 \u00d7 4,6\u00b0<\/span><\/li>\n<li style=\"font-weight: 400\"><span style=\"font-weight: 400\">Optick\u00e9 zv\u00e4\u010d\u0161enie: 4x - 32x<\/span><\/li>\n<li style=\"font-weight: 400\"><span style=\"font-weight: 400\">Detek\u010dn\u00e1 vzdialenos\u0165 do 3190 m<\/span><\/li>\n<\/ul>","protected":false},"featured_media":2156,"comment_status":"open","ping_status":"closed","template":"","meta":[],"product_brand":[],"product_cat":[45],"product_tag":[18,43,138],"class_list":{"0":"post-2155","1":"product","2":"type-product","3":"status-publish","4":"has-post-thumbnail","6":"product_cat-hokamera","7":"product_tag-hokamera","8":"product_tag-infiray","9":"product_tag-ps","11":"first","12":"outofstock","13":"taxable","14":"shipping-taxable","15":"purchasable","16":"product-type-simple"},"jetpack_sharing_enabled":true,"_links":{"self":[{"href":"https:\/\/bestoptika.eu\/sk\/wp-json\/wp\/v2\/product\/2155","targetHints":{"allow":["GET"]}}],"collection":[{"href":"https:\/\/bestoptika.eu\/sk\/wp-json\/wp\/v2\/product"}],"about":[{"href":"https:\/\/bestoptika.eu\/sk\/wp-json\/wp\/v2\/types\/product"}],"replies":[{"embeddable":true,"href":"https:\/\/bestoptika.eu\/sk\/wp-json\/wp\/v2\/comments?post=2155"}],"wp:featuredmedia":[{"embeddable":true,"href":"https:\/\/bestoptika.eu\/sk\/wp-json\/wp\/v2\/media\/2156"}],"wp:attachment":[{"href":"https:\/\/bestoptika.eu\/sk\/wp-json\/wp\/v2\/media?parent=2155"}],"wp:term":[{"taxonomy":"product_brand","embeddable":true,"href":"https:\/\/bestoptika.eu\/sk\/wp-json\/wp\/v2\/product_brand?post=2155"},{"taxonomy":"product_cat","embeddable":true,"href":"https:\/\/bestoptika.eu\/sk\/wp-json\/wp\/v2\/product_cat?post=2155"},{"taxonomy":"product_tag","embeddable":true,"href":"https:\/\/bestoptika.eu\/sk\/wp-json\/wp\/v2\/product_tag?post=2155"}],"curies":[{"name":"wp","href":"https:\/\/api.w.org\/{rel}","templated":true}]}}