{"id":2207,"date":"2024-07-14T17:37:52","date_gmt":"2024-07-14T15:37:52","guid":{"rendered":"https:\/\/bestoptika.eu\/?post_type=product&#038;p=2207"},"modified":"2025-09-16T14:40:45","modified_gmt":"2025-09-16T12:40:45","slug":"pard-ds35-850nm-4x-ejjellato-celtavcso-fenyvetovel","status":"publish","type":"product","link":"https:\/\/bestoptika.eu\/sk\/product\/pard-ds35-850nm-4x-ejjellato-celtavcso-fenyvetovel\/","title":{"rendered":"Pard DS35 850nm 4x pu\u0161koh\u013ead, no\u010dn\u00fd zameriava\u010d"},"content":{"rendered":"<p><span style=\"font-weight: 400\">Vysoko v\u00fdkonn\u00fd sn\u00edma\u010d 2K (2560 x 1440 px) zaru\u010duje n\u00e1dhern\u00fd obraz, ktor\u00fd sa zobrazuje na \u0161peci\u00e1lnom kruhovom displeji LTPS s rozl\u00ed\u0161en\u00edm 800 x 800 pixelov. Vysok\u00fd kontrast, mimoriadne dobr\u00e9 podanie farieb, stredne \u00fazke zorn\u00e9 pole (model 50) zaru\u010duj\u00fa vynikaj\u00faci preh\u013ead o situ\u00e1cii a prirodzen\u00e9 farby vytv\u00e1raj\u00fa takmer dojem denn\u00e9ho pu\u0161koh\u013eadu.<\/span><\/p>\n<p><b>Inovat\u00edvne funkcie sn\u00edmania<\/b><\/p>\n<p><span style=\"font-weight: 400\">Teraz je stre\u013eba jednoduch\u0161ia a pohodlnej\u0161ia ako kedyko\u013evek predt\u00fdm, s \u010distej\u0161\u00edm nulovan\u00edm zameriavacieho \u010falekoh\u013eadu. Pri digit\u00e1lnych pr\u00edstrojoch sa pri stre\u013ebe displej zvy\u010dajne riadi len bodom stre\u013eby, \u010d\u00edm sa eliminuje centrovanie obrazu vidite\u013en\u00e9ho v okul\u00e1ri. V pr\u00edpade s\u00e9rie DS3 je t\u00e1to funkcia profesion\u00e1lnej\u0161ia v\u010faka tomu, \u017ee aj mera\u010d sleduje tento bod, \u010do d\u00e1va pocit centricity za ka\u017ed\u00fdch okolnost\u00ed.<\/span><\/p>\n<p><b>Vysok\u00e1 pozorovacia vzdialenos\u0165<\/b><\/p>\n<p><span style=\"font-weight: 400\">Dlh\u00e1 pozorovacia vzdialenos\u0165 zais\u0165uje presn\u00e9 sledovanie cie\u013ea a\u017e do vzdialenosti 20 a\u017e 300 mm, \u010do je ide\u00e1lne na bezprobl\u00e9mov\u00e9 s\u00fastredenie a bezpe\u010dn\u00fa stre\u013ebu. Pr\u00eddavn\u00e1 gumov\u00e1 rukov\u00e4\u0165 pom\u00e1ha zabezpe\u010di\u0165, aby svetl\u00e1 displeja neru\u0161ili no\u010dn\u00fa tmu a nezakr\u00fdvali pou\u017e\u00edvate\u013ea.<\/span><\/p>\n<p><b>Kryt objekt\u00edvu bez zaostrenia<\/b><\/p>\n<p><span style=\"font-weight: 400\">Kryt objekt\u00edvu \u010falekoh\u013eadu je navrhnut\u00fd tak, aby medzi zmenami sc\u00e9ny nebolo potrebn\u00e9 op\u00e4tovne nastavova\u0165 zaostrenie. Denn\u00fa detekciu mo\u017eno zdokonali\u0165 sklopen\u00edm krytu, ke\u010f sa softv\u00e9r optimalizuje pre menej dopadaj\u00faceho svetla.<\/span><\/p>\n<p><b>Mimoriadne citliv\u00fd sn\u00edma\u010d CMOS<\/b><\/p>\n<p><span style=\"font-weight: 400\">Srdcom fotoapar\u00e1tu DS35 je sn\u00edma\u010d CMOS s citlivos\u0165ou 0,001 luxu, ktor\u00fd poskytuje n\u00e1dhern\u00e9 sn\u00edmky s vysok\u00fdm rozl\u00ed\u0161en\u00edm. Model DS35 je vybaven\u00fd sn\u00edma\u010dom s rozl\u00ed\u0161en\u00edm 2560 x 1440 pixelov, zatia\u013e \u010do model DS33 je vybaven\u00fd sn\u00edma\u010dom s rozl\u00ed\u0161en\u00edm 1920 x 1080 pixelov. Pod\u013ea preferenci\u00ed pou\u017e\u00edvate\u013ea.<\/span><\/p>\n<p><b>Presn\u00e1 balistick\u00e1 kalkula\u010dka<\/b><\/p>\n<p><span style=\"font-weight: 400\">Zabudovan\u00e1 balistick\u00e1 kalkula\u010dka poskytuje vynikaj\u00facu presnos\u0165 - pom\u00e1ha v\u00e1m presnej\u0161ie mieri\u0165.<\/span><\/p>\n<p><b>Ovl\u00e1date\u013en\u00fd infra\u010derven\u00fd reflektor<\/b><\/p>\n<p><span style=\"font-weight: 400\">Po uvo\u013enen\u00ed mo\u017eno vonkaj\u0161\u00ed reflektor nastavi\u0165 v po\u017eadovanom smere. M\u00f4\u017ee sa pou\u017e\u00edva\u0165 do vzdialenosti 500 metrov so sveteln\u00fdm projektorom s vlnovou d\u013a\u017ekou 850 nm a do vzdialenosti 300 metrov so sveteln\u00fdm projektorom s vlnovou d\u013a\u017ekou 940 nm.<\/span><\/p>\n<p><b>Vysk\u00fa\u0161ajte si r\u00f4zne farebn\u00e9 re\u017eimy<\/b><\/p>\n<p><span style=\"font-weight: 400\">R\u00f4znymi farebn\u00fdmi re\u017eimami m\u00f4\u017eete dokonale prisp\u00f4sobi\u0165 farbu displeja a presnej\u0161ie ju rozl\u00ed\u0161i\u0165.<\/span><\/p>\n<p><b>Z\u00e1znam videa aktivovan\u00fd z\u00e1berom<\/b><\/p>\n<p><span style=\"font-weight: 400\">Ke\u010f zariadenie rozpozn\u00e1 z\u00e1ber, cel\u00fd proces sa zaznamen\u00e1 na pam\u00e4\u0165ov\u00fa kartu v 20-sekundov\u00fdch intervaloch. To znamen\u00e1, \u017ee sa ulo\u017e\u00ed 8 sek\u00fand pred z\u00e1berom a 12 sek\u00fand po z\u00e1bere.<\/span><\/p>\n<p><b>Intuit\u00edvny gramof\u00f3n<\/b><\/p>\n<p><span style=\"font-weight: 400\">Rota\u010dn\u00fd kot\u00fa\u010d zariadenia sa pou\u017e\u00edva ve\u013emi r\u00fdchlo a pohodlne. Pou\u017e\u00edvate\u013e m\u00f4\u017ee \u013eahko prep\u00edna\u0165 medzi funkciami alebo spravova\u0165 balistick\u00e9 \u00fadaje. Spolu s logickou \u0161trukt\u00farou menu to zaru\u010duje vynikaj\u00facu pou\u017eite\u013enos\u0165.\u00a0<\/span><\/p>\n<p><b>Estetick\u00fd a \u010dist\u00fd dizajn pou\u017e\u00edvate\u013esk\u00e9ho rozhrania<\/b><\/p>\n<p><span style=\"font-weight: 400\">Pre \u010do najlep\u0161iu pou\u017eite\u013enos\u0165 je \u0161pi\u010dkov\u00e9 premyslen\u00e9 pou\u017e\u00edvate\u013esk\u00e9 rozhranie navrhnut\u00e9 tak, aby si z\u00edskalo z\u00e1kazn\u00edkov na prv\u00fd poh\u013ead jednoduchos\u0165ou ikon, dobr\u00fdm umiestnen\u00edm a informat\u00edvnym rozlo\u017een\u00edm.<\/span><\/p>\n<p><b>Ochrana proti vode IP67<\/b><\/p>\n<p><span style=\"font-weight: 400\">Bu\u010fte pripraven\u00ed na ak\u00e9ko\u013evek poveternostn\u00e9 podmienky! V\u010faka krytiu IP67 je zaru\u010den\u00e1 bezpe\u010dn\u00e1 prev\u00e1dzka aj v nepriazniv\u00fdch poveternostn\u00fdch podmienkach.<\/span><\/p>\n<p><span style=\"font-weight: 400\">\u00a0\u010eal\u0161ie funkcie:<\/span><\/p>\n<ul>\n<li style=\"font-weight: 400\"><span style=\"font-weight: 400\">Tvorba fotografi\u00ed a vide\u00ed: kr\u00e1sne, vysok\u00e9 rozl\u00ed\u0161enie<\/span><\/li>\n<li style=\"font-weight: 400\"><span style=\"font-weight: 400\">Zdie\u013eanie WiFi: na pripojenie mobiln\u00fdch zariaden\u00ed a po\u010d\u00edta\u010dov, zdie\u013eanie obr\u00e1zkov a s\u00faborov<\/span><\/li>\n<li style=\"font-weight: 400\"><span style=\"font-weight: 400\">50 mm predn\u00fd objekt\u00edv: men\u0161\u00ed s vynikaj\u00facim uhlom z\u00e1beru, v\u00e4\u010d\u0161\u00ed s v\u00e4\u010d\u0161\u00edm zv\u00e4\u010d\u0161en\u00edm<\/span><\/li>\n<li style=\"font-weight: 400\"><span style=\"font-weight: 400\">Bat\u00e9ria 18650: vymenite\u013en\u00e1, s v\u00fddr\u017eou a\u017e 8 hod\u00edn<\/span><\/li>\n<li style=\"font-weight: 400\"><span style=\"font-weight: 400\">6 r\u00f4znych mo\u017enost\u00ed zameriavacieho kr\u00ed\u017ea v 4 farb\u00e1ch: plne prisp\u00f4sobite\u013en\u00e9 s 5 profilmi sn\u00edmania<\/span><\/li>\n<li style=\"font-weight: 400\"><span style=\"font-weight: 400\">Aktualiz\u00e1cia firmv\u00e9ru: jednoduch\u0161ie priebe\u017en\u00e9 aktualiz\u00e1cie z pam\u00e4\u0165ovej karty<\/span><\/li>\n<li style=\"font-weight: 400\"><span style=\"font-weight: 400\">Rameno na nastavenie zaostrenia: praktick\u00fd a profesion\u00e1lny dizajn na r\u00fdchle a jasn\u00e9 zobrazenie<\/span><\/li>\n<li style=\"font-weight: 400\"><span style=\"font-weight: 400\">Odolnos\u0165 proti v\u00fdstrelu 6000 J: trvanlivos\u0165, presnos\u0165 aj pri ve\u013ek\u00fdch kalibroch<\/span><\/li>\n<\/ul>\n<p>&nbsp;<\/p>\n<table dir=\"ltr\" style=\"height: 1495px\" border=\"1\" width=\"432\" cellspacing=\"0\" cellpadding=\"0\" data-sheets-root=\"1\">\n<colgroup>\n<col width=\"217\" \/>\n<col width=\"162\" \/><\/colgroup>\n<tbody>\n<tr>\n<td data-sheets-value=\"{&quot;1&quot;:2,&quot;2&quot;:&quot;Technikai param\u00e9terek&quot;}\">Technick\u00e9 parametre<\/td>\n<td data-sheets-value=\"{&quot;1&quot;:2,&quot;2&quot;:&quot;\u00c9rt\u00e9kek&quot;}\">Hodnoty<\/td>\n<\/tr>\n<tr>\n<td data-sheets-value=\"{&quot;1&quot;:2,&quot;2&quot;:&quot;Kijelz\u0151&quot;}\">Zobrazenie<\/td>\n<td data-sheets-value=\"{&quot;1&quot;:2,&quot;2&quot;:&quot;800x800 IPS LCD&quot;}\">800\u00d7800 IPS LCD<\/td>\n<\/tr>\n<tr>\n<td data-sheets-value=\"{&quot;1&quot;:2,&quot;2&quot;:&quot;K\u00f6z\u00e9ptubus \u00e1tm\u00e9r\u0151 (mm)&quot;}\">Priemer strednej r\u00farky (mm)<\/td>\n<td data-sheets-value=\"{&quot;1&quot;:3,&quot;3&quot;:30}\">30<\/td>\n<\/tr>\n<tr>\n<td data-sheets-value=\"{&quot;1&quot;:2,&quot;2&quot;:&quot;Nagy\u00edt\u00e1s tartom\u00e1ny (x)&quot;}\">Rozsah zv\u00e4\u010d\u0161enia (x)<\/td>\n<td data-sheets-value=\"{&quot;1&quot;:2,&quot;2&quot;:&quot;4 \u2013 8&quot;}\">4 - 8<\/td>\n<\/tr>\n<tr>\n<td data-sheets-value=\"{&quot;1&quot;:2,&quot;2&quot;:&quot;V\u00edzszintes l\u00e1t\u00f3sz\u00f6g (\u00b0)&quot;}\">Horizont\u00e1lny uhol z\u00e1beru (\u00b0)<\/td>\n<td data-sheets-value=\"{&quot;1&quot;:2,&quot;2&quot;:&quot;3.6\u00ba&quot;}\">3.6\u00ba<\/td>\n<\/tr>\n<tr>\n<td data-sheets-value=\"{&quot;1&quot;:2,&quot;2&quot;:&quot;Adatt\u00e1rol\u00e1s&quot;}\">Ukladanie \u00fadajov<\/td>\n<td data-sheets-value=\"{&quot;1&quot;:2,&quot;2&quot;:&quot;micro SD k\u00e1rtya 128Gb-ig (nem tartoz\u00e9k)&quot;}\">\n<div>\n<div>karta micro SD do 128 GB (nie je s\u00fa\u010das\u0165ou balenia)<\/div>\n<\/div>\n<\/td>\n<\/tr>\n<tr>\n<td data-sheets-value=\"{&quot;1&quot;:2,&quot;2&quot;:&quot;Alap nagy\u00edt\u00e1s (x)&quot;}\">Z\u00e1kladn\u00e9 zv\u00e4\u010d\u0161enie (x)<\/td>\n<td data-sheets-value=\"{&quot;1&quot;:3,&quot;3&quot;:4}\">4<\/td>\n<\/tr>\n<tr>\n<td data-sheets-value=\"{&quot;1&quot;:2,&quot;2&quot;:&quot;Anyaghaszn\u00e1lat&quot;}\">Pou\u017e\u00edvanie materi\u00e1lov<\/td>\n<td data-sheets-value=\"{&quot;1&quot;:2,&quot;2&quot;:&quot;Alum\u00ednium \u00f6tv\u00f6zet, \u00fcveg&quot;}\">Hlin\u00edkov\u00e1 zliatina, sklo<\/td>\n<\/tr>\n<tr>\n<td data-sheets-value=\"{&quot;1&quot;:2,&quot;2&quot;:&quot;Be\u00e9p\u00edtett infrav\u00f6r\u00f6s f\u00e9nyvet\u0151&quot;}\">Zabudovan\u00fd infra\u010derven\u00fd \u017eiari\u010d<\/td>\n<td data-sheets-value=\"{&quot;1&quot;:2,&quot;2&quot;:&quot;5 W, 850 nm&quot;}\">5 W, 850 nm<\/td>\n<\/tr>\n<tr>\n<td data-sheets-value=\"{&quot;1&quot;:2,&quot;2&quot;:&quot;Betekint\u00e9si t\u00e1vols\u00e1g&quot;}\">Zobrazovacia vzdialenos\u0165<\/td>\n<td data-sheets-value=\"{&quot;1&quot;:2,&quot;2&quot;:&quot;50 mm&quot;}\">50 mm<\/td>\n<\/tr>\n<tr>\n<td data-sheets-value=\"{&quot;1&quot;:2,&quot;2&quot;:&quot;C\u00e9lt\u00e1vcs\u0151 nagy\u00edt\u00e1s tartom\u00e1ny&quot;}\">Rozsah zv\u00e4\u010d\u0161enia cie\u013ea<\/td>\n<td data-sheets-value=\"{&quot;1&quot;:2,&quot;2&quot;:&quot;4-8x&quot;}\">4-8x<\/td>\n<\/tr>\n<tr>\n<td data-sheets-value=\"{&quot;1&quot;:2,&quot;2&quot;:&quot;Csatlakoz\u00f3k&quot;}\">Konektory<\/td>\n<td data-sheets-value=\"{&quot;1&quot;:2,&quot;2&quot;:&quot;USB-C&quot;}\">USB-C<\/td>\n<\/tr>\n<tr>\n<td data-sheets-value=\"{&quot;1&quot;:2,&quot;2&quot;:&quot;Digit\u00e1lis zoom&quot;}\">Digit\u00e1lny zoom<\/td>\n<td data-sheets-value=\"{&quot;1&quot;:2,&quot;2&quot;:&quot;2x&quot;}\">2x<\/td>\n<\/tr>\n<tr>\n<td data-sheets-value=\"{&quot;1&quot;:2,&quot;2&quot;:&quot;EAN k\u00f3d&quot;}\">EAN k\u00f3d<\/td>\n<td data-sheets-value=\"{&quot;1&quot;:3,&quot;3&quot;:6975064271434}\">6975064271434<\/td>\n<\/tr>\n<tr>\n<td data-sheets-value=\"{&quot;1&quot;:2,&quot;2&quot;:&quot;Egy\u00e9b tulajdons\u00e1gok&quot;}\">\u010eal\u0161ie funkcie<\/td>\n<td data-sheets-value=\"{&quot;1&quot;:2,&quot;2&quot;:&quot;Wifi (t\u00e1mogatott alkalmaz\u00e1sok: ppshow, roadcam), Giroszk\u00f3p, \u00d6naktiv\u00e1l\u00f3 felv\u00e9tel, Folytonos felv\u00e9tel, Id\u0151b\u00e9lyegz\u0151, Hangr\u00f6gz\u00edt\u00e9s, Hangjelz\u00e9s, Expoz\u00edci\u00f3 kompenz\u00e1ci\u00f3&quot;}\">\n<div>\n<div>Wifi (podporovan\u00e9 aplik\u00e1cie: ppshow, roadcam), Gyroskop, Hlasov\u00fd z\u00e1znam, Kontinu\u00e1lny z\u00e1znam, \u010casov\u00e1 pe\u010diatka, Hlasov\u00fd z\u00e1znam, Hlasov\u00e9 upozornenie, Kompenz\u00e1cia expoz\u00edcie<\/div>\n<\/div>\n<\/td>\n<\/tr>\n<tr>\n<td data-sheets-value=\"{&quot;1&quot;:2,&quot;2&quot;:&quot;Energiaell\u00e1t\u00e1s&quot;}\">Dod\u00e1vka energie<\/td>\n<td data-sheets-value=\"{&quot;1&quot;:2,&quot;2&quot;:&quot;1x18650 3.7V akku&quot;}\">1\u00d718650 3,7 V bat\u00e9ria<\/td>\n<\/tr>\n<tr>\n<td data-sheets-value=\"{&quot;1&quot;:2,&quot;2&quot;:&quot;\u00c9szlel\u00e9si t\u00e1vols\u00e1g&quot;}\">Detek\u010dn\u00e1 vzdialenos\u0165<\/td>\n<td data-sheets-value=\"{&quot;1&quot;:2,&quot;2&quot;:&quot;Ak\u00e1r 350 m infra hat\u00f3t\u00e1v.&quot;}\">Infra\u010derven\u00fd dosah a\u017e 350 m.<\/td>\n<\/tr>\n<tr>\n<td data-sheets-value=\"{&quot;1&quot;:2,&quot;2&quot;:&quot;Gy\u00e1rt\u00f3&quot;}\">V\u00fdrobca<\/td>\n<td data-sheets-value=\"{&quot;1&quot;:2,&quot;2&quot;:&quot;Pard&quot;}\">Pard<\/td>\n<\/tr>\n<tr>\n<td data-sheets-value=\"{&quot;1&quot;:2,&quot;2&quot;:&quot;Gy\u00e1rt\u00f3 \u00e1ltal v\u00e1llalt garancia&quot;}\">Z\u00e1ruka v\u00fdrobcu<\/td>\n<td data-sheets-value=\"{&quot;1&quot;:2,&quot;2&quot;:&quot;2 \u00e9v&quot;}\">2 roky<\/td>\n<\/tr>\n<tr>\n<td data-sheets-value=\"{&quot;1&quot;:2,&quot;2&quot;:&quot;IR f\u00e9nyvet\u0151&quot;}\">IR maj\u00e1k<\/td>\n<td data-sheets-value=\"{&quot;1&quot;:2,&quot;2&quot;:&quot;850 nm&quot;}\">850 nm<\/td>\n<\/tr>\n<tr>\n<td data-sheets-value=\"{&quot;1&quot;:2,&quot;2&quot;:&quot;K\u00e9pfriss\u00edt\u00e9s&quot;}\">Aktualiz\u00e1cia obr\u00e1zkov<\/td>\n<td data-sheets-value=\"{&quot;1&quot;:2,&quot;2&quot;:&quot;30fps&quot;}\">30 sn\u00edmok za sekundu<\/td>\n<\/tr>\n<tr>\n<td data-sheets-value=\"{&quot;1&quot;:2,&quot;2&quot;:&quot;Kijelz\u0151 sz\u00edn \u00fczemm\u00f3dok&quot;}\">Re\u017eimy farieb displeja<\/td>\n<td data-sheets-value=\"{&quot;1&quot;:2,&quot;2&quot;:&quot;Sz\u00ednes, mono fekete-feh\u00e9r, mono z\u00f6ld, mono s\u00e1rga&quot;}\">\n<div>\n<div>Farebn\u00fd, \u010diernobiely, zelen\u00fd, \u017elt\u00fd<\/div>\n<\/div>\n<\/td>\n<\/tr>\n<tr>\n<td data-sheets-value=\"{&quot;1&quot;:2,&quot;2&quot;:&quot;Kil\u00e9p\u0151 pupilla&quot;}\">Odch\u00e1dzaj\u00faci \u017eiak<\/td>\n<td data-sheets-value=\"{&quot;1&quot;:2,&quot;2&quot;:&quot;10 mm&quot;}\">10 mm<\/td>\n<\/tr>\n<tr>\n<td data-sheets-value=\"{&quot;1&quot;:2,&quot;2&quot;:&quot;L\u00e1t\u00f3sz\u00f6g (\u00b0)&quot;}\">Uhol z\u00e1beru (\u00b0)<\/td>\n<td data-sheets-value=\"{&quot;1&quot;:2,&quot;2&quot;:&quot;4.8\u00ba&quot;}\">4.8\u00ba<\/td>\n<\/tr>\n<tr>\n<td data-sheets-value=\"{&quot;1&quot;:2,&quot;2&quot;:&quot;Legkisebb f\u00f3kuszt\u00e1vols\u00e1g (m)&quot;}\">Minim\u00e1lna ohniskov\u00e1 vzdialenos\u0165 (m)<\/td>\n<td data-sheets-value=\"{&quot;1&quot;:2,&quot;2&quot;:&quot;5 m&quot;}\">5 m<\/td>\n<\/tr>\n<tr>\n<td data-sheets-value=\"{&quot;1&quot;:2,&quot;2&quot;:&quot;L\u00f6v\u00e9s\u00e1ll\u00f3s\u00e1g&quot;}\">Odolnos\u0165 vo\u010di v\u00fdstrelom<\/td>\n<td data-sheets-value=\"{&quot;1&quot;:2,&quot;2&quot;:&quot;6000J&quot;}\">6000J<\/td>\n<\/tr>\n<tr>\n<td data-sheets-value=\"{&quot;1&quot;:2,&quot;2&quot;:&quot;M\u00e9retek&quot;}\">Rozmery<\/td>\n<td data-sheets-value=\"{&quot;1&quot;:2,&quot;2&quot;:&quot;350 x 88 x 95 mm&quot;}\">350 x 88 x 95 mm<\/td>\n<\/tr>\n<tr>\n<td data-sheets-value=\"{&quot;1&quot;:2,&quot;2&quot;:&quot;M\u0171k\u00f6d\u00e9si \/ t\u00e1rol\u00e1si h\u0151m\u00e9rs\u00e9klet&quot;}\">Prev\u00e1dzkov\u00e1 teplota \/ teplota skladovania<\/td>\n<td data-sheets-value=\"{&quot;1&quot;:2,&quot;2&quot;:&quot;-20 - +50\u00b0C \/ -&quot;}\">-20 - +50\u00b0C \/ -<\/td>\n<\/tr>\n<tr>\n<td data-sheets-value=\"{&quot;1&quot;:2,&quot;2&quot;:&quot;Szenzor&quot;}\">Senzor<\/td>\n<td data-sheets-value=\"{&quot;1&quot;:2,&quot;2&quot;:&quot;CMOS 2560x1440; 2,9 \u00b5m pixel m\u00e9ret; 0,001 Lux f\u00e9ny\u00e9rz\u00e9kenys\u00e9ggel&quot;}\">\n<div>\n<div>CMOS 2560 \u00d7 1440; ve\u013ekos\u0165 pixelov 2,9 \u00b5m; citlivos\u0165 na svetlo 0,001 lux<\/div>\n<\/div>\n<\/td>\n<\/tr>\n<tr>\n<td data-sheets-value=\"{&quot;1&quot;:2,&quot;2&quot;:&quot;Sz\u00edn&quot;}\">Farba<\/td>\n<td data-sheets-value=\"{&quot;1&quot;:2,&quot;2&quot;:&quot;fekete&quot;}\">\u010cierna<\/td>\n<\/tr>\n<tr>\n<td data-sheets-value=\"{&quot;1&quot;:2,&quot;2&quot;:&quot;Tartoz\u00e9kok&quot;}\">Pr\u00edslu\u0161enstvo<\/td>\n<td data-sheets-value=\"{&quot;1&quot;:2,&quot;2&quot;:&quot;DS35 k\u00e9sz\u00fcl\u00e9k, 1 db norm\u00e1l cs\u00facsos, k\u00e9sz\u00fcl\u00e9kben t\u00f6lthet\u0151 18650 akkumul\u00e1tor, neopr\u00e9n tok, gy\u0171r\u0171s szerel\u00e9k Weaver s\u00ednhez, USB-C k\u00e1bel, csavarkulcs, haszn\u00e1lati utas\u00edt\u00e1s.&quot;}\">\n<div>\n<div>DS35, 1 norm\u00e1lny hrot, nab\u00edjate\u013en\u00e1 bat\u00e9ria 18650, neopr\u00e9nov\u00e9 puzdro, kr\u00fa\u017ekov\u00e1 mont\u00e1\u017e na li\u0161tu Weaver, k\u00e1bel USB-C, k\u013e\u00fa\u010d, n\u00e1vod na pou\u017eitie.<\/div>\n<\/div>\n<\/td>\n<\/tr>\n<tr>\n<td data-sheets-value=\"{&quot;1&quot;:2,&quot;2&quot;:&quot;T\u00f6meg (g)&quot;}\">Hmotnos\u0165 (g)<\/td>\n<td data-sheets-value=\"{&quot;1&quot;:3,&quot;3&quot;:680}\">680<\/td>\n<\/tr>\n<tr>\n<td data-sheets-value=\"{&quot;1&quot;:2,&quot;2&quot;:&quot;\u00dczemid\u0151&quot;}\">Prev\u00e1dzkov\u00e9 hodiny<\/td>\n<td data-sheets-value=\"{&quot;1&quot;:2,&quot;2&quot;:&quot;ak\u00e1r 8 \u00f3ra&quot;}\">a\u017e 8 hod\u00edn<\/td>\n<\/tr>\n<tr>\n<td data-sheets-value=\"{&quot;1&quot;:2,&quot;2&quot;:&quot;V\u00edz\u00e1ll\u00f3s\u00e1g&quot;}\">Odolnos\u0165 vo\u010di vode<\/td>\n<td data-sheets-value=\"{&quot;1&quot;:2,&quot;2&quot;:&quot;IP67&quot;}\">IP67<\/td>\n<\/tr>\n<\/tbody>\n<\/table>\n<p>&nbsp;<\/p>\n<p>Ofici\u00e1lny popis na str\u00e1nke zna\u010dky v\u00fdrobku n\u00e1jdete tu: <a href=\"https:\/\/pard.com\/europe\/store\/ds35-night-vision-scope\/\">https:\/\/pard.com\/europe\/store\/ds35-night-vision-scope\/<\/a><\/p>","protected":false},"excerpt":{"rendered":"<p><span style=\"font-weight: 400\">Spolo\u010dnos\u0165 Pard teraz pri\u0161la s vlastn\u00fdm konzervat\u00edvne vyzeraj\u00facim zameriavac\u00edm \u010falekoh\u013eadom, o ktor\u00fd bud\u00fa ma\u0165 zodpovedn\u00ed no\u010dn\u00ed lovci ur\u010dite ve\u013ek\u00fd z\u00e1ujem. Na prv\u00fd poh\u013ead je jasn\u00e9, \u017ee kon\u0161trukt\u00e9ri urobili v\u0161etko pre to, aby vyv\u00e1\u017eili klasick\u00fd vzh\u013ead s praktickos\u0165ou. Dobr\u00e9 remeseln\u00e9 spracovanie a robustn\u00e9 puzdro sa sn\u00fabi s hmatovo pr\u00edjemn\u00fdm, ale jemn\u00fdm ovl\u00e1dan\u00edm. V premyslenom syst\u00e9me menu sa d\u00e1 \u013eahko orientova\u0165 a ovl\u00e1dacie voli\u010de pevne dr\u017eia na svojom mieste aj v rukaviciach.<\/span><\/p>","protected":false},"featured_media":2208,"comment_status":"open","ping_status":"closed","template":"","meta":[],"product_brand":[],"product_cat":[30,39],"product_tag":[32,41,40,133],"class_list":{"0":"post-2207","1":"product","2":"type-product","3":"status-publish","4":"has-post-thumbnail","6":"product_cat-celtavcso","7":"product_cat-digitalis-ejjellato","8":"product_tag-celtavcso","9":"product_tag-digitalis-ejjellato","10":"product_tag-ejjellato","11":"product_tag-pard","13":"first","14":"outofstock","15":"sale","16":"taxable","17":"shipping-taxable","18":"purchasable","19":"product-type-simple"},"jetpack_sharing_enabled":true,"_links":{"self":[{"href":"https:\/\/bestoptika.eu\/sk\/wp-json\/wp\/v2\/product\/2207","targetHints":{"allow":["GET"]}}],"collection":[{"href":"https:\/\/bestoptika.eu\/sk\/wp-json\/wp\/v2\/product"}],"about":[{"href":"https:\/\/bestoptika.eu\/sk\/wp-json\/wp\/v2\/types\/product"}],"replies":[{"embeddable":true,"href":"https:\/\/bestoptika.eu\/sk\/wp-json\/wp\/v2\/comments?post=2207"}],"wp:featuredmedia":[{"embeddable":true,"href":"https:\/\/bestoptika.eu\/sk\/wp-json\/wp\/v2\/media\/2208"}],"wp:attachment":[{"href":"https:\/\/bestoptika.eu\/sk\/wp-json\/wp\/v2\/media?parent=2207"}],"wp:term":[{"taxonomy":"product_brand","embeddable":true,"href":"https:\/\/bestoptika.eu\/sk\/wp-json\/wp\/v2\/product_brand?post=2207"},{"taxonomy":"product_cat","embeddable":true,"href":"https:\/\/bestoptika.eu\/sk\/wp-json\/wp\/v2\/product_cat?post=2207"},{"taxonomy":"product_tag","embeddable":true,"href":"https:\/\/bestoptika.eu\/sk\/wp-json\/wp\/v2\/product_tag?post=2207"}],"curies":[{"name":"wp","href":"https:\/\/api.w.org\/{rel}","templated":true}]}}