{"id":2243,"date":"2024-07-16T19:10:12","date_gmt":"2024-07-16T17:10:12","guid":{"rendered":"https:\/\/bestoptika.eu\/?post_type=product&#038;p=2243"},"modified":"2026-04-25T12:18:35","modified_gmt":"2026-04-25T10:18:35","slug":"pard-nv009-digitalis-ejjellato-kereso-940nm-vetovel","status":"publish","type":"product","link":"https:\/\/bestoptika.eu\/sk\/product\/pard-nv009-digitalis-ejjellato-kereso-940nm-vetovel\/","title":{"rendered":"Pard NV009 940nm digit\u00e1lny no\u010dn\u00fd monokul\u00e1r s pr\u00edsvitom"},"content":{"rendered":"<p><span style=\"font-weight: 400\">Denn\u00fd obraz \u010falekoh\u013eadu je jasn\u00fd a \u017eiv\u00fd v\u010faka novo vyvinutej a vylep\u0161enej optike s vysok\u00fdm rozl\u00ed\u0161en\u00edm farebn\u00e9ho obrazu, tak\u017ee aj denn\u00e9 pozorovanie je presved\u010div\u00e9 v\u010faka z\u00e1kladn\u00e9mu zv\u00e4\u010d\u0161eniu. \u0160irok\u00e9 zorn\u00e9 pole poskytuje dobr\u00fd pocit priestoru pri z\u00e1kladnom zv\u00e4\u010d\u0161en\u00ed, zatia\u013e \u010do pri v\u00e4\u010d\u0161\u00edch zv\u00e4\u010d\u0161eniach zv\u00fdraz\u0148uje pre pozorovate\u013ea najd\u00f4le\u017eitej\u0161ie detaily s vynikaj\u00facou farebnou vernos\u0165ou. V\u010faka nastavite\u013enej ohniskovej vzdialenosti je obraz v\u017edy jasn\u00fd a ostr\u00fd. Ve\u013ekos\u0165 zabudovan\u00e9ho displeja je ve\u013ek\u00e1 a komfort pozorovania prevy\u0161uje ve\u013ekos\u0165 ak\u00e9hoko\u013evek doteraz zn\u00e1meho h\u013ead\u00e1\u010dika no\u010dn\u00e9ho videnia.<\/span><\/p>\n<p><span style=\"font-weight: 400\">No\u010dn\u00fd obraz teleskopu je \u010diernobiely, ke\u010f\u017ee ide o digit\u00e1lne zariadenie. Pozorovanie je podporovan\u00e9 nevidite\u013en\u00fdm svetlom, zabudovan\u00fdm infra\u010derven\u00fdm \u017eiari\u010dom s vlnovou d\u013a\u017ekou 940 nm, ktor\u00fd za jasn\u00e9ho po\u010dasia umo\u017e\u0148uje pozorovanie a\u017e do vzdialenosti 200-250 metrov. Infra\u010derven\u00fd \u017eiari\u010d je nastavite\u013en\u00fd v troch \u00farovniach jasu a obraz je zaostrite\u013en\u00fd.<\/span><\/p>\n<p><span style=\"font-weight: 400\">Obraz z objekt\u00edvu s ohniskovou vzdialenos\u0165ou 35 mm sa pomocou sn\u00edma\u010da s rozl\u00ed\u0161en\u00edm 1920*1080 pixelov prev\u00e1dza na vidite\u013en\u00fd obraz, ktor\u00fd sa pou\u017e\u00edvate\u013eovi zobrazuje v h\u013ead\u00e1\u010diku OLED s rozl\u00ed\u0161en\u00edm 1024*766 pixelov, ktor\u00fd je na ve\u013ekos\u0165 tela ve\u013emi ve\u013ek\u00fd.Pri 4,7-n\u00e1sobnom optickom pribl\u00ed\u017een\u00ed je obraz detailn\u00fd bez straty kvality, nad t\u00fato hodnotu zariadenie obraz digit\u00e1lne zv\u00e4\u010d\u0161uje, ale rob\u00ed to pr\u00edjemne. Obraz sa tak nerozpad\u00e1 ani pri digit\u00e1lnom zv\u00e4\u010d\u0161en\u00ed na \u00farovni 7 a\u017e 14-n\u00e1sobn\u00e9ho zv\u00e4\u010d\u0161enia a poskytuje mimoriadne cenn\u00e9 inform\u00e1cie.<\/span><\/p>\n<p><span style=\"font-weight: 400\">Mo\u017enosti zariadenia roz\u0161iruje zabudovan\u00fd z\u00e1znamn\u00edk fotografi\u00ed a videoz\u00e1znamn\u00edk. Na kartu micro SD s kapacitou a\u017e 128 GB (nie je s\u00fa\u010das\u0165ou dod\u00e1vky) mo\u017eno nahr\u00e1va\u0165 vide\u00e1 v rozl\u00ed\u0161en\u00ed 1920*1080 vo form\u00e1te .mp4, ktor\u00e9 mo\u017eno zobrazi\u0165 na obrazovke mobiln\u00e9ho telef\u00f3nu s pripojen\u00edm WiFi alebo na monitore \u010di telev\u00edznej obrazovke so zabudovan\u00fdm pripojen\u00edm HDMI na efektn\u00e9 prehr\u00e1vanie sc\u00e9n zaznamenan\u00fdch r\u00fdchlos\u0165ou 30 sn\u00edmok za sekundu.<\/span><\/p>\n<p><span style=\"font-weight: 400\">Jeho pou\u017eite\u013enos\u0165 v\u00fdrazne zvy\u0161uje praktick\u00fd popruh na pren\u00e1\u0161anie, ktor\u00fd sa d\u00e1 pohodlne prisp\u00f4sobi\u0165 ve\u013ekosti ruky, \u010do zaru\u010duje pohodln\u00e9 pozorovanie aj po\u010das dlh\u0161ej doby.<\/span><\/p>\n<p><span style=\"font-weight: 400\">Svetlo no\u010dn\u00e9ho videnia je nap\u00e1jan\u00e9 vymenite\u013enou kr\u00e1tkou priemyselnou bat\u00e9riou 18650 Li-Ion, ktor\u00e1 na pln\u00e9 nabitie vydr\u017e\u00ed a\u017e 8 hod\u00edn prev\u00e1dzky.<\/span><\/p>\n<p>&nbsp;<\/p>\n<table dir=\"ltr\" style=\"height: 1282px\" border=\"1\" width=\"434\" cellspacing=\"0\" cellpadding=\"0\" data-sheets-root=\"1\">\n<colgroup>\n<col width=\"210\" \/>\n<col width=\"161\" \/><\/colgroup>\n<tbody>\n<tr>\n<td data-sheets-value=\"{&quot;1&quot;:2,&quot;2&quot;:&quot;Technikai param\u00e9terek&quot;}\">Technick\u00e9 parametre<\/td>\n<td data-sheets-value=\"{&quot;1&quot;:2,&quot;2&quot;:&quot;\u00c9rt\u00e9kek&quot;}\">Hodnoty<\/td>\n<\/tr>\n<tr>\n<td data-sheets-value=\"{&quot;1&quot;:2,&quot;2&quot;:&quot;Kijelz\u0151&quot;}\">Zobrazenie<\/td>\n<td data-sheets-value=\"{&quot;1&quot;:2,&quot;2&quot;:&quot;1024*768 OLED&quot;}\">1024*768 OLED<\/td>\n<\/tr>\n<tr>\n<td data-sheets-value=\"{&quot;1&quot;:2,&quot;2&quot;:&quot;Nagy\u00edt\u00e1s tartom\u00e1ny (x)&quot;}\">Rozsah zv\u00e4\u010d\u0161enia (x)<\/td>\n<td data-sheets-value=\"{&quot;1&quot;:2,&quot;2&quot;:&quot;4,7 \u2013 14&quot;}\">4,7 - 14<\/td>\n<\/tr>\n<tr>\n<td data-sheets-value=\"{&quot;1&quot;:2,&quot;2&quot;:&quot;Objekt\u00edv&quot;}\">\u0160o\u0161ovka<\/td>\n<td data-sheets-value=\"{&quot;1&quot;:2,&quot;2&quot;:&quot;35 mm&quot;}\">35 mm<\/td>\n<\/tr>\n<tr>\n<td data-sheets-value=\"{&quot;1&quot;:2,&quot;2&quot;:&quot;Adatt\u00e1rol\u00e1s&quot;}\">Ukladanie \u00fadajov<\/td>\n<td data-sheets-value=\"{&quot;1&quot;:2,&quot;2&quot;:&quot;micro SD k\u00e1rty\u00e1t fogad ak\u00e1r 128 GB-ig&quot;}\">\n<div>\n<div>akceptuje karty micro SD do 128 GB<\/div>\n<\/div>\n<\/td>\n<\/tr>\n<tr>\n<td data-sheets-value=\"{&quot;1&quot;:2,&quot;2&quot;:&quot;Alap nagy\u00edt\u00e1s (x)&quot;}\">Z\u00e1kladn\u00e9 zv\u00e4\u010d\u0161enie (x)<\/td>\n<td data-sheets-value=\"{&quot;1&quot;:3,&quot;3&quot;:4.7}\">4,7<\/td>\n<\/tr>\n<tr>\n<td data-sheets-value=\"{&quot;1&quot;:2,&quot;2&quot;:&quot;Anyaghaszn\u00e1lat&quot;}\">Pou\u017e\u00edvanie materi\u00e1lov<\/td>\n<td data-sheets-value=\"{&quot;1&quot;:2,&quot;2&quot;:&quot;AL6061 kompozit&quot;}\">AL6061 kompozit<\/td>\n<\/tr>\n<tr>\n<td data-sheets-value=\"{&quot;1&quot;:2,&quot;2&quot;:&quot;Be\u00e9p\u00edtett infrav\u00f6r\u00f6s f\u00e9nyvet\u0151&quot;}\">Zabudovan\u00fd infra\u010derven\u00fd \u017eiari\u010d<\/td>\n<td data-sheets-value=\"{&quot;1&quot;:2,&quot;2&quot;:&quot;940 nm 5W f\u00f3kusz\u00e1lhat\u00f3 3 fokozattal&quot;}\">\n<div>\n<div>940 nm 5W zaostrite\u013en\u00fd v 3 krokoch<\/div>\n<\/div>\n<\/td>\n<\/tr>\n<tr>\n<td data-sheets-value=\"{&quot;1&quot;:2,&quot;2&quot;:&quot;Betekint\u00e9si t\u00e1vols\u00e1g&quot;}\">Zobrazovacia vzdialenos\u0165<\/td>\n<td data-sheets-value=\"{&quot;1&quot;:2,&quot;2&quot;:&quot;25 mm&quot;}\">25 mm<\/td>\n<\/tr>\n<tr>\n<td data-sheets-value=\"{&quot;1&quot;:2,&quot;2&quot;:&quot;Digit\u00e1lis zoom&quot;}\">Digit\u00e1lny zoom<\/td>\n<td data-sheets-value=\"{&quot;1&quot;:2,&quot;2&quot;:&quot;1.5x - 3x&quot;}\">1,5x - 3x<\/td>\n<\/tr>\n<tr>\n<td data-sheets-value=\"{&quot;1&quot;:2,&quot;2&quot;:&quot;Dioptria kompenz\u00e1ci\u00f3&quot;}\">Kompenz\u00e1cia dioptri\u00ed<\/td>\n<td data-sheets-value=\"{&quot;1&quot;:2,&quot;2&quot;:&quot;\u00b1 5D&quot;}\">\u00b1 5D<\/td>\n<\/tr>\n<tr>\n<td data-sheets-value=\"{&quot;1&quot;:2,&quot;2&quot;:&quot;EAN k\u00f3d&quot;}\">EAN k\u00f3d<\/td>\n<td data-sheets-value=\"{&quot;1&quot;:3,&quot;3&quot;:6975064271885}\">6975064271885<\/td>\n<\/tr>\n<tr>\n<td data-sheets-value=\"{&quot;1&quot;:2,&quot;2&quot;:&quot;Egy\u00e9b tulajdons\u00e1gok&quot;}\">\u010eal\u0161ie funkcie<\/td>\n<td data-sheets-value=\"{&quot;1&quot;:2,&quot;2&quot;:&quot;K\u00e9p a k\u00e9pben funkci\u00f3; digit\u00e1lis ir\u00e1nyt\u0171; automatikus \u00e9s folytonos felv\u00e9tel; id\u0151b\u00e9lyegz\u0151; hangfelv\u00e9tel; WiFi; USB; HDMI&quot;}\">\n<div>\n<div>Obraz v obraze; digit\u00e1lny kompas; automatick\u00e9 a nepretr\u017eit\u00e9 nahr\u00e1vanie; \u010dasov\u00e1 zna\u010dka; nahr\u00e1vanie zvuku; WiFi; USB; HDMI<\/div>\n<\/div>\n<\/td>\n<\/tr>\n<tr>\n<td data-sheets-value=\"{&quot;1&quot;:2,&quot;2&quot;:&quot;Energiaell\u00e1t\u00e1s&quot;}\">Dod\u00e1vka energie<\/td>\n<td data-sheets-value=\"{&quot;1&quot;:2,&quot;2&quot;:&quot;1x18650 Li-ion akku&quot;}\">1\u00d7 18650 Li-ion bat\u00e9ria<\/td>\n<\/tr>\n<tr>\n<td data-sheets-value=\"{&quot;1&quot;:2,&quot;2&quot;:&quot;F\u00e1jl form\u00e1tumok&quot;}\">Form\u00e1ty s\u00faborov<\/td>\n<td data-sheets-value=\"{&quot;1&quot;:2,&quot;2&quot;:&quot;.JPG 25921944 ; .mp4 19201080&quot;}\">\n<div>\n<div>.JPG 25921944 ; .mp4 19201080<\/div>\n<\/div>\n<\/td>\n<\/tr>\n<tr>\n<td data-sheets-value=\"{&quot;1&quot;:2,&quot;2&quot;:&quot;Gy\u00e1rt\u00f3&quot;}\">V\u00fdrobca<\/td>\n<td data-sheets-value=\"{&quot;1&quot;:2,&quot;2&quot;:&quot;Pard&quot;}\">Pard<\/td>\n<\/tr>\n<tr>\n<td data-sheets-value=\"{&quot;1&quot;:2,&quot;2&quot;:&quot;Gy\u00e1rt\u00f3 \u00e1ltal v\u00e1llalt garancia&quot;}\">Z\u00e1ruka v\u00fdrobcu<\/td>\n<td data-sheets-value=\"{&quot;1&quot;:2,&quot;2&quot;:&quot;2 \u00e9v&quot;}\">2 roky<\/td>\n<\/tr>\n<tr>\n<td data-sheets-value=\"{&quot;1&quot;:2,&quot;2&quot;:&quot;H\u0151kamera fel\u00e9p\u00edt\u00e9s&quot;}\">Architekt\u00fara termokamery<\/td>\n<td data-sheets-value=\"{&quot;1&quot;:2,&quot;2&quot;:&quot;Egyszemes keres\u0151&quot;}\">Vyh\u013ead\u00e1vanie jedn\u00fdm okom<\/td>\n<\/tr>\n<tr>\n<td data-sheets-value=\"{&quot;1&quot;:2,&quot;2&quot;:&quot;Infra hat\u00f3t\u00e1vols\u00e1ga&quot;}\">Infra rozsah<\/td>\n<td data-sheets-value=\"{&quot;1&quot;:2,&quot;2&quot;:&quot;Ak\u00e1r 200-250 m (l\u00e1thatatlan)&quot;}\">\n<div>\n<div>Do 200-250 m (nevidite\u013en\u00e9)<\/div>\n<\/div>\n<\/td>\n<\/tr>\n<tr>\n<td data-sheets-value=\"{&quot;1&quot;:2,&quot;2&quot;:&quot;IR f\u00e9nyvet\u0151&quot;}\">IR maj\u00e1k<\/td>\n<td data-sheets-value=\"{&quot;1&quot;:2,&quot;2&quot;:&quot;940 nm 5W&quot;}\">940 nm 5W<\/td>\n<\/tr>\n<tr>\n<td data-sheets-value=\"{&quot;1&quot;:2,&quot;2&quot;:&quot;K\u00e9pfriss\u00edt\u00e9s&quot;}\">Aktualiz\u00e1cia obr\u00e1zkov<\/td>\n<td data-sheets-value=\"{&quot;1&quot;:2,&quot;2&quot;:&quot;60 \/ 30 Hz&quot;}\">60 \/ 30 Hz<\/td>\n<\/tr>\n<tr>\n<td data-sheets-value=\"{&quot;1&quot;:2,&quot;2&quot;:&quot;Kijelz\u0151 sz\u00edn \u00fczemm\u00f3dok&quot;}\">Re\u017eimy farieb displeja<\/td>\n<td data-sheets-value=\"{&quot;1&quot;:2,&quot;2&quot;:&quot;nappal: sz\u00ednes, \u00e9jjel: fekete-feh\u00e9r&quot;}\">\n<div>\n<div>de\u0148: farebn\u00fd, noc: \u010diernobiely<\/div>\n<\/div>\n<\/td>\n<\/tr>\n<tr>\n<td data-sheets-value=\"{&quot;1&quot;:2,&quot;2&quot;:&quot;Kil\u00e9p\u0151 pupilla&quot;}\">Odch\u00e1dzaj\u00faci \u017eiak<\/td>\n<td data-sheets-value=\"{&quot;1&quot;:2,&quot;2&quot;:&quot;6 mm&quot;}\">6 mm<\/td>\n<\/tr>\n<tr>\n<td data-sheets-value=\"{&quot;1&quot;:2,&quot;2&quot;:&quot;L\u00e1t\u00f3sz\u00f6g (\u00b0)&quot;}\">Uhol z\u00e1beru (\u00b0)<\/td>\n<td data-sheets-value=\"{&quot;1&quot;:2,&quot;2&quot;:&quot;9.1\u00b0 x 5.1\u00b0&quot;}\">9.1\u00b0 x 5.1\u00b0<\/td>\n<\/tr>\n<tr>\n<td data-sheets-value=\"{&quot;1&quot;:2,&quot;2&quot;:&quot;M\u00e9retek&quot;}\">Rozmery<\/td>\n<td data-sheets-value=\"{&quot;1&quot;:2,&quot;2&quot;:&quot;150 x 70 x 38 mm&quot;}\">150 x 70 x 38 mm<\/td>\n<\/tr>\n<tr>\n<td data-sheets-value=\"{&quot;1&quot;:2,&quot;2&quot;:&quot;M\u0171k\u00f6d\u00e9si elv&quot;}\">Princ\u00edp fungovania<\/td>\n<td data-sheets-value=\"{&quot;1&quot;:2,&quot;2&quot;:&quot;Digit\u00e1lis&quot;}\">Digit\u00e1lne<\/td>\n<\/tr>\n<tr>\n<td data-sheets-value=\"{&quot;1&quot;:2,&quot;2&quot;:&quot;M\u0171k\u00f6d\u00e9si \/ t\u00e1rol\u00e1si h\u0151m\u00e9rs\u00e9klet&quot;}\">Prev\u00e1dzkov\u00e1 teplota \/ teplota skladovania<\/td>\n<td data-sheets-value=\"{&quot;1&quot;:2,&quot;2&quot;:&quot;-20 - +50\u00b0C \/ -&quot;}\">-20 - +50\u00b0C \/ -<\/td>\n<\/tr>\n<tr>\n<td data-sheets-value=\"{&quot;1&quot;:2,&quot;2&quot;:&quot;Nagy\u00edt\u00e1s&quot;}\">Zv\u00e4\u010d\u0161enie<\/td>\n<td data-sheets-value=\"{&quot;1&quot;:3,&quot;3&quot;:4.7}\">4,7<\/td>\n<\/tr>\n<tr>\n<td data-sheets-value=\"{&quot;1&quot;:2,&quot;2&quot;:&quot;Szenzor&quot;}\">Senzor<\/td>\n<td data-sheets-value=\"{&quot;1&quot;:2,&quot;2&quot;:&quot;1920*1080 CMOS 2,9 \u03bcm, 0,001 lux f\u00e9ny\u00e9rz\u00e9kenys\u00e9ggel&quot;}\">\n<div>\n<div>1920*1080 CMOS 2,9 \u03bcm s citlivos\u0165ou na svetlo 0,001 lux<\/div>\n<\/div>\n<\/td>\n<\/tr>\n<tr>\n<td data-sheets-value=\"{&quot;1&quot;:2,&quot;2&quot;:&quot;Sz\u00edn&quot;}\">Farba<\/td>\n<td data-sheets-value=\"{&quot;1&quot;:2,&quot;2&quot;:&quot;fekete&quot;}\">\u010cierna<\/td>\n<\/tr>\n<tr>\n<td data-sheets-value=\"{&quot;1&quot;:2,&quot;2&quot;:&quot;Tartoz\u00e9kok&quot;}\">Pr\u00edslu\u0161enstvo<\/td>\n<td data-sheets-value=\"{&quot;1&quot;:2,&quot;2&quot;:&quot;NV009, tok, USB-C k\u00e1bel, akku, nyakp\u00e1nt&quot;}\">\n<div>\n<div>NV009, puzdro, k\u00e1bel USB-C, bat\u00e9ria, popruh na krk<\/div>\n<\/div>\n<\/td>\n<\/tr>\n<tr>\n<td data-sheets-value=\"{&quot;1&quot;:2,&quot;2&quot;:&quot;T\u00edpus&quot;}\">Typ<\/td>\n<td data-sheets-value=\"{&quot;1&quot;:2,&quot;2&quot;:&quot;monokul\u00e1ris&quot;}\">monokul\u00e1rne<\/td>\n<\/tr>\n<tr>\n<td data-sheets-value=\"{&quot;1&quot;:2,&quot;2&quot;:&quot;T\u00f6meg (g)&quot;}\">Hmotnos\u0165 (g)<\/td>\n<td data-sheets-value=\"{&quot;1&quot;:3,&quot;3&quot;:305}\">305<\/td>\n<\/tr>\n<tr>\n<td data-sheets-value=\"{&quot;1&quot;:2,&quot;2&quot;:&quot;\u00dczemid\u0151&quot;}\">V\u00fddr\u017e<\/td>\n<td data-sheets-value=\"{&quot;1&quot;:2,&quot;2&quot;:&quot;ak\u00e1r 8 \u00f3ra&quot;}\">a\u017e 8 hod\u00edn<\/td>\n<\/tr>\n<tr>\n<td data-sheets-value=\"{&quot;1&quot;:2,&quot;2&quot;:&quot;V\u00edz\u00e1ll\u00f3s\u00e1g&quot;}\">Odolnos\u0165 vo\u010di vode<\/td>\n<td data-sheets-value=\"{&quot;1&quot;:2,&quot;2&quot;:&quot;IP67&quot;}\">IP67<\/td>\n<\/tr>\n<\/tbody>\n<\/table>\n<p>&nbsp;<\/p>\n<p>Ofici\u00e1lny popis na str\u00e1nke zna\u010dky v\u00fdrobku n\u00e1jdete tu: <a href=\"https:\/\/pard.com\/store\/nv009-night-vision-monocular\/\">https:\/\/pard.com\/store\/nv009-night-vision-monocular\/<\/a><\/p>","protected":false},"excerpt":{"rendered":"<p><span style=\"font-weight: 400\">Nov\u00fd PARD NV009 dostal pohodln\u00e9 telo zn\u00e1me z radu termov\u00edzi\u00ed zna\u010dky PARD. Ide o mimoriadne kompaktn\u00fd a ergonomick\u00fd monokul\u00e1rny digit\u00e1lny pr\u00edstroj na denn\u00e9 aj no\u010dn\u00e9 pozorovanie, ktor\u00fd v\u010faka 4,7-n\u00e1sobn\u00e9mu optick\u00e9mu a a\u017e 3-n\u00e1sobn\u00e9mu digit\u00e1lnemu zv\u00e4\u010d\u0161eniu (teda spolu a\u017e 4,7\u201314\u00d7) predstavuje dlho o\u010dak\u00e1van\u00fa novinku. \u010clovek by \u010dakal len oby\u010dajn\u00e9 no\u010dn\u00e9 videnie, no obraz, ktor\u00fd pr\u00edstroj pon\u00faka, je p\u00fatavej\u0161\u00ed ne\u017e kedyko\u013evek predt\u00fdm.<\/span><\/p>","protected":false},"featured_media":2244,"comment_status":"open","ping_status":"closed","template":"","meta":[],"product_brand":[],"product_cat":[39],"product_tag":[41,40,133],"class_list":{"0":"post-2243","1":"product","2":"type-product","3":"status-publish","4":"has-post-thumbnail","6":"product_cat-digitalis-ejjellato","7":"product_tag-digitalis-ejjellato","8":"product_tag-ejjellato","9":"product_tag-pard","11":"first","12":"instock","13":"sale","14":"taxable","15":"shipping-taxable","16":"purchasable","17":"product-type-simple"},"jetpack_sharing_enabled":true,"_links":{"self":[{"href":"https:\/\/bestoptika.eu\/sk\/wp-json\/wp\/v2\/product\/2243","targetHints":{"allow":["GET"]}}],"collection":[{"href":"https:\/\/bestoptika.eu\/sk\/wp-json\/wp\/v2\/product"}],"about":[{"href":"https:\/\/bestoptika.eu\/sk\/wp-json\/wp\/v2\/types\/product"}],"replies":[{"embeddable":true,"href":"https:\/\/bestoptika.eu\/sk\/wp-json\/wp\/v2\/comments?post=2243"}],"wp:featuredmedia":[{"embeddable":true,"href":"https:\/\/bestoptika.eu\/sk\/wp-json\/wp\/v2\/media\/2244"}],"wp:attachment":[{"href":"https:\/\/bestoptika.eu\/sk\/wp-json\/wp\/v2\/media?parent=2243"}],"wp:term":[{"taxonomy":"product_brand","embeddable":true,"href":"https:\/\/bestoptika.eu\/sk\/wp-json\/wp\/v2\/product_brand?post=2243"},{"taxonomy":"product_cat","embeddable":true,"href":"https:\/\/bestoptika.eu\/sk\/wp-json\/wp\/v2\/product_cat?post=2243"},{"taxonomy":"product_tag","embeddable":true,"href":"https:\/\/bestoptika.eu\/sk\/wp-json\/wp\/v2\/product_tag?post=2243"}],"curies":[{"name":"wp","href":"https:\/\/api.w.org\/{rel}","templated":true}]}}