{"id":2289,"date":"2024-07-17T11:16:56","date_gmt":"2024-07-17T09:16:56","guid":{"rendered":"https:\/\/bestoptika.eu\/?post_type=product&#038;p=2289"},"modified":"2025-05-29T15:13:37","modified_gmt":"2025-05-29T13:13:37","slug":"pard-nv008sp2-850-70mm-ejjellato-celtavcso","status":"publish","type":"product","link":"https:\/\/bestoptika.eu\/sk\/product\/pard-nv008sp2-850-70mm-ejjellato-celtavcso\/","title":{"rendered":"Pard NV008SP2 850 6x pu\u0161koh\u013ead, no\u010dn\u00fd zameriava\u010d"},"content":{"rendered":"<p><b>Mimoriadne vysoko citliv\u00fd sn\u00edma\u010d CMOS 4K s rozl\u00ed\u0161en\u00edm 2688 \u00d7 1520\u00a0<\/b><\/p>\n<p><span style=\"font-weight: 400\">Okrem kompaktn\u00e9ho a odoln\u00e9ho dizajnu zaujme aj najmodernej\u0161ou technol\u00f3giou, preto\u017ee nov\u00fd patentovan\u00fd sn\u00edma\u010d Pard 4K dok\u00e1\u017ee nahr\u00e1va\u0165 zvukov\u00e9 vide\u00e1 vo FullHD rozl\u00ed\u0161en\u00ed 1920 \u00d7 1080 pixelov na volite\u013en\u00fa pam\u00e4\u0165ov\u00fa kartu s kapacitou a\u017e 128 GB.<\/span><\/p>\n<p><span style=\"font-weight: 400\">V\u010faka nov\u00e9mu sn\u00edma\u010du s ve\u013ekos\u0165ou pixelov 2,9 \u00b5m a elektronicky vylep\u0161en\u00e9mu syst\u00e9mu vylep\u0161enia obrazu \"Pard VLEA\" sa kvalita obrazu v porovnan\u00ed s predch\u00e1dzaj\u00facim modelom NV008S v\u00fdrazne zlep\u0161ila. V neposlednom rade dok\u00e1\u017ee nahr\u00e1va\u0165 aj v re\u017eime aktivovan\u00e9ho z\u00e1beru v z\u00e1vislosti od nastavenia videa.<\/span><\/p>\n<p><b>Dosah svetla a\u017e 350 metrov<\/b><\/p>\n<p><span style=\"font-weight: 400\">Sledovanie svetla modelu NV008SP2 je nastavite\u013en\u00e9 a zaostrite\u013en\u00e9 v 3 stup\u0148och, \u010do v\u00e1m pom\u00f4\u017ee dosiahnu\u0165 \u010do najpresnej\u0161\u00ed v\u00fdstrel na ak\u00fako\u013evek vzdialenos\u0165 a pri akejko\u013evek ve\u013ekosti zveri. Zariadenie je k dispoz\u00edcii s dvoma typmi osvet\u013eova\u010da - vidite\u013en\u00fdm 850 nm a nevidite\u013en\u00fdm 940 nm - z ktor\u00fdch 940 u\u017e nie je pre zver vidite\u013en\u00fd a jeho dosah je zn\u00ed\u017een\u00fd na minimum (250 - 300 metrov) v porovnan\u00ed so vzdialenos\u0165ou uvedenou v odseku.<\/span><\/p>\n<p><b>Prepracovanej\u0161ia a pou\u017e\u00edvate\u013esky pr\u00edvetivej\u0161ia pou\u017eite\u013enos\u0165<\/b><\/p>\n<p><span style=\"font-weight: 400\">Progres\u00edvne zv\u00e4\u010d\u0161enie zais\u0165uje neru\u0161en\u00fd poh\u013ead a prirodzen\u00fd pocit z optiky. Z\u00e1kladn\u00e9 zv\u00e4\u010d\u0161enie pr\u00edstroja je 4,3-n\u00e1sobn\u00e9 pri modeli 50 a 6-n\u00e1sobn\u00e9 pri modeli 70, ktor\u00e9 mo\u017eno digit\u00e1lne zv\u00e4\u010d\u0161i\u0165 a\u017e na dvojn\u00e1sobok (8,6-n\u00e1sobn\u00e9, resp. 12-n\u00e1sobn\u00e9). V\u010faka zabudovanej WiFi sa pr\u00edstroj \u013eahko pripoj\u00ed k mobiln\u00e9mu telef\u00f3nu prostredn\u00edctvom aplik\u00e1cie a premietan\u00fd obraz mo\u017eno sledova\u0165 na mobilnom telef\u00f3ne. Li\u0161ta Picatinny na puzdre umo\u017e\u0148uje pripoji\u0165 extern\u00e9 zariadenia. Nov\u00e1 verzia NV008SP2 m\u00e1 e\u0161te detailnej\u0161\u00ed displej OLED s rozl\u00ed\u0161en\u00edm 1440 \u00d7 1080 pixelov, funkciu Picture in Picture (PIP) a mera\u010d uhla n\u00e1klonu.<\/span><\/p>\n<p><b>Zdokonalen\u00fd obrazov\u00fd algoritmus<\/b><\/p>\n<p><span style=\"font-weight: 400\">Nov\u00fd displej a rozl\u00ed\u0161enie sn\u00edma\u010da zaru\u010duj\u00fa \u00fa\u017easn\u00fa kvalitu a kont\u00fary obrazu. Z\u00e1\u017eitok je skuto\u010dne ve\u013ekolep\u00fd.<\/span><\/p>\n<p><b>Z\u00e1znam videa aktivovan\u00fd z\u00e1berom<\/b><\/p>\n<p><span style=\"font-weight: 400\">Zariadenie podobne ako videoblogger automaticky rozpozn\u00e1 moment v\u00fdstrelu a ulo\u017e\u00ed najd\u00f4le\u017eitej\u0161ie a najinformat\u00edvnej\u0161ie momenty v jeho bezprostrednej bl\u00edzkosti do 20-sekundov\u00fdch vide\u00ed.\u00a0<\/span><\/p>\n<table dir=\"ltr\" border=\"1\" cellspacing=\"0\" cellpadding=\"0\" data-sheets-root=\"1\" data-sheets-baot=\"1\">\n<colgroup>\n<col width=\"203\" \/>\n<col width=\"156\" \/>\n<col width=\"100\" \/><\/colgroup>\n<tbody>\n<tr>\n<td><strong>Technick\u00e9 parametre<\/strong><\/td>\n<td><\/td>\n<td><\/td>\n<\/tr>\n<tr>\n<td>Wi-Fi<\/td>\n<td>\u00c1no<\/td>\n<td><\/td>\n<\/tr>\n<tr>\n<td>Senzor<\/td>\n<td>2688 \u00d7 1520 px<\/td>\n<td><\/td>\n<\/tr>\n<tr>\n<td>Rozl\u00ed\u0161enie displeja<\/td>\n<td>1440 \u00d7 1080 px<\/td>\n<td><\/td>\n<\/tr>\n<tr>\n<td>Lencse<\/td>\n<td>50 mm<\/td>\n<td>70 mm<\/td>\n<\/tr>\n<tr>\n<td>Zorn\u00e9 pole<\/td>\n<td>6,3\u00b0 \u00d7 4,8\u00b0<\/td>\n<td>4,6\u00b0 \u00d7 3,4\u00b0<\/td>\n<\/tr>\n<tr>\n<td>Optick\u00e9 zv\u00e4\u010d\u0161enie<\/td>\n<td>4,3x<\/td>\n<td>6x<\/td>\n<\/tr>\n<tr>\n<td>Digit\u00e1lny zoom<\/td>\n<td>2x<\/td>\n<td>2x<\/td>\n<\/tr>\n<tr>\n<td>Dioptrick\u00e1 korekcia<\/td>\n<td>\u00b1 5<\/td>\n<td><\/td>\n<\/tr>\n<tr>\n<td>Rozl\u00ed\u0161enie videa<\/td>\n<td>2560 \u00d7 1440 px<\/td>\n<td><\/td>\n<\/tr>\n<tr>\n<td>Vn\u00edmanie<\/td>\n<td>350 m<\/td>\n<td><\/td>\n<\/tr>\n<tr>\n<td>N\u00e1hradn\u00e9 svetlo<\/td>\n<td>850 nm<\/td>\n<td><\/td>\n<\/tr>\n<tr>\n<td>Stupe\u0148 imunity<\/td>\n<td>IP67<\/td>\n<td><\/td>\n<\/tr>\n<tr>\n<td>Pam\u00e4\u0165<\/td>\n<td>microSD, 128 GB<\/td>\n<td><\/td>\n<\/tr>\n<tr>\n<td>Prev\u00e1dzkov\u00e1 teplota<\/td>\n<td>-20 \u00b0C a\u017e 50 \u00b0C<\/td>\n<td><\/td>\n<\/tr>\n<tr>\n<td>Bat\u00e9ria<\/td>\n<td>1x Li-ion 18650<\/td>\n<td><\/td>\n<\/tr>\n<tr>\n<td>\u017divotnos\u0165 bat\u00e9rie<\/td>\n<td>8 hod\u00edn<\/td>\n<td><\/td>\n<\/tr>\n<tr>\n<td>Hmotnos\u0165<\/td>\n<td>447 g<\/td>\n<td><\/td>\n<\/tr>\n<\/tbody>\n<\/table>\n<p>Ofici\u00e1lny popis na str\u00e1nke zna\u010dky v\u00fdrobku n\u00e1jdete tu: <a href=\"https:\/\/pard.com\/store\/nv008sp2-night-vision-rifle-scope\/\">https:\/\/pard.com\/store\/nv008sp2-night-vision-rifle-scope\/<\/a><\/p>","protected":false},"excerpt":{"rendered":"<p><span style=\"font-weight: 400\">Spolo\u010dnos\u0165 PARD predstavuje najnov\u0161iu verziu svojho \u00faspe\u0161n\u00e9ho digit\u00e1lneho pu\u0161koh\u013eadu na no\u010dn\u00e9 videnie s ozna\u010den\u00edm NV008SP2, ktor\u00fd poskytuje pou\u017e\u00edvate\u013eovi vynikaj\u00faci vizu\u00e1lny z\u00e1\u017eitok v denn\u00fdch aj no\u010dn\u00fdch podmienkach \u2013 aj pod\u013ea najnov\u0161\u00edch \u0161tandardov. Jeho vylep\u0161en\u00fd ultravysokov\u00fdkonn\u00fd sn\u00edma\u010d poskytuje obrazov\u00e9 inform\u00e1cie v rozl\u00ed\u0161en\u00ed a\u017e 0,001 luxu. V\u00fdsledkom starostliv\u00e9ho dizajnu, zoh\u013ead\u0148uj\u00faceho sp\u00e4tn\u00fa v\u00e4zbu pou\u017e\u00edvate\u013eov, je inteligentn\u00fd digit\u00e1lny denn\u00fd\/no\u010dn\u00fd \u010falekoh\u013ead (denn\u00fd farebn\u00fd, no\u010dn\u00fd \u010diernobiely) s vylep\u0161enou ergon\u00f3miou, v\u010faka ktorej sa \u013eahko dr\u017e\u00ed v ka\u017edej situ\u00e1cii, pri\u010dom jeho kompaktn\u00e1, \u013eahk\u00e1 a kvalitn\u00e1 kon\u0161trukcia jeho majite\u013ea opakovane presved\u010d\u00ed, \u017ee si pre svoje hobby alebo profesiu vybral spr\u00e1vne.<\/span><\/p>","protected":false},"featured_media":2290,"comment_status":"open","ping_status":"closed","template":"","meta":[],"product_brand":[],"product_cat":[30,39],"product_tag":[32,41,40,133],"class_list":{"0":"post-2289","1":"product","2":"type-product","3":"status-publish","4":"has-post-thumbnail","6":"product_cat-celtavcso","7":"product_cat-digitalis-ejjellato","8":"product_tag-celtavcso","9":"product_tag-digitalis-ejjellato","10":"product_tag-ejjellato","11":"product_tag-pard","13":"first","14":"outofstock","15":"sale","16":"taxable","17":"shipping-taxable","18":"purchasable","19":"product-type-simple"},"jetpack_sharing_enabled":true,"_links":{"self":[{"href":"https:\/\/bestoptika.eu\/sk\/wp-json\/wp\/v2\/product\/2289","targetHints":{"allow":["GET"]}}],"collection":[{"href":"https:\/\/bestoptika.eu\/sk\/wp-json\/wp\/v2\/product"}],"about":[{"href":"https:\/\/bestoptika.eu\/sk\/wp-json\/wp\/v2\/types\/product"}],"replies":[{"embeddable":true,"href":"https:\/\/bestoptika.eu\/sk\/wp-json\/wp\/v2\/comments?post=2289"}],"wp:featuredmedia":[{"embeddable":true,"href":"https:\/\/bestoptika.eu\/sk\/wp-json\/wp\/v2\/media\/2290"}],"wp:attachment":[{"href":"https:\/\/bestoptika.eu\/sk\/wp-json\/wp\/v2\/media?parent=2289"}],"wp:term":[{"taxonomy":"product_brand","embeddable":true,"href":"https:\/\/bestoptika.eu\/sk\/wp-json\/wp\/v2\/product_brand?post=2289"},{"taxonomy":"product_cat","embeddable":true,"href":"https:\/\/bestoptika.eu\/sk\/wp-json\/wp\/v2\/product_cat?post=2289"},{"taxonomy":"product_tag","embeddable":true,"href":"https:\/\/bestoptika.eu\/sk\/wp-json\/wp\/v2\/product_tag?post=2289"}],"curies":[{"name":"wp","href":"https:\/\/api.w.org\/{rel}","templated":true}]}}