{"id":2336,"date":"2024-07-18T08:35:16","date_gmt":"2024-07-18T06:35:16","guid":{"rendered":"https:\/\/bestoptika.eu\/?post_type=product&#038;p=2336"},"modified":"2025-12-09T09:39:04","modified_gmt":"2025-12-09T08:39:04","slug":"szerelek-hikmicro-alpex-vetohoz","status":"publish","type":"product","link":"https:\/\/bestoptika.eu\/sk\/product\/szerelek-hikmicro-alpex-vetohoz\/","title":{"rendered":"HIKMICRO mont\u00e1\u017e pre pr\u00edsvit na Alpex"},"content":{"rendered":"<p><strong>HIKMICRO mont\u00e1\u017e pre pr\u00edsvit na Alpex<\/strong><\/p>","protected":false},"excerpt":{"rendered":"<p>Mont\u00e1\u017ena konzola sa pou\u017e\u00edva na mont\u00e1\u017e extern\u00e9ho zdroja svetla na Hikmicro Alpex a in\u00e9 \u010falekoh\u013eady s priemerom 30 mm (napr. PARD DS35).<\/p>","protected":false},"featured_media":2337,"comment_status":"open","ping_status":"closed","template":"","meta":[],"product_brand":[],"product_cat":[152],"product_tag":[31,153],"class_list":{"0":"post-2336","1":"product","2":"type-product","3":"status-publish","4":"has-post-thumbnail","6":"product_cat-szerelek","7":"product_tag-hikmicro","8":"product_tag-szerelek","10":"first","11":"instock","12":"sale","13":"taxable","14":"shipping-taxable","15":"purchasable","16":"product-type-simple"},"jetpack_sharing_enabled":true,"_links":{"self":[{"href":"https:\/\/bestoptika.eu\/sk\/wp-json\/wp\/v2\/product\/2336","targetHints":{"allow":["GET"]}}],"collection":[{"href":"https:\/\/bestoptika.eu\/sk\/wp-json\/wp\/v2\/product"}],"about":[{"href":"https:\/\/bestoptika.eu\/sk\/wp-json\/wp\/v2\/types\/product"}],"replies":[{"embeddable":true,"href":"https:\/\/bestoptika.eu\/sk\/wp-json\/wp\/v2\/comments?post=2336"}],"wp:featuredmedia":[{"embeddable":true,"href":"https:\/\/bestoptika.eu\/sk\/wp-json\/wp\/v2\/media\/2337"}],"wp:attachment":[{"href":"https:\/\/bestoptika.eu\/sk\/wp-json\/wp\/v2\/media?parent=2336"}],"wp:term":[{"taxonomy":"product_brand","embeddable":true,"href":"https:\/\/bestoptika.eu\/sk\/wp-json\/wp\/v2\/product_brand?post=2336"},{"taxonomy":"product_cat","embeddable":true,"href":"https:\/\/bestoptika.eu\/sk\/wp-json\/wp\/v2\/product_cat?post=2336"},{"taxonomy":"product_tag","embeddable":true,"href":"https:\/\/bestoptika.eu\/sk\/wp-json\/wp\/v2\/product_tag?post=2336"}],"curies":[{"name":"wp","href":"https:\/\/api.w.org\/{rel}","templated":true}]}}