{"id":2412,"date":"2024-07-18T15:02:44","date_gmt":"2024-07-18T13:02:44","guid":{"rendered":"https:\/\/bestoptika.eu\/?post_type=product&#038;p=2412"},"modified":"2025-08-11T09:25:08","modified_gmt":"2025-08-11T07:25:08","slug":"pard-td32-940nm-lrf-hokamera-es-ejjellato-celtavcso-fenyvetovel","status":"publish","type":"product","link":"https:\/\/bestoptika.eu\/sk\/product\/pard-td32-940nm-lrf-hokamera-es-ejjellato-celtavcso-fenyvetovel\/","title":{"rendered":"Pard TD32 940nm LRF termov\u00edzny a no\u010dn\u00fd pu\u0161koh\u013ead s pr\u00edsvitom"},"content":{"rendered":"<p><span style=\"font-weight: 400\">V\u010faka infra\u010derven\u00e9mu tepeln\u00e9mu sn\u00edma\u010du s rozl\u00ed\u0161en\u00edm 384 \u00d7 288, 35 mm objekt\u00edvu (poskytuj\u00facemu FOV 7,5 stup\u0148a x 5,6 stup\u0148a), 2,4-n\u00e1sobn\u00e9mu optick\u00e9mu zv\u00e4\u010d\u0161eniu, 2-n\u00e1sobn\u00e9mu digit\u00e1lnemu zv\u00e4\u010d\u0161eniu, ve\u013ekosti pixelov 12 \u00b5m a NETD\u226425mK sa zariadenie m\u00f4\u017ee pochv\u00e1li\u0165 bohat\u00fdm kontrastom a vynikaj\u00facim rozl\u00ed\u0161en\u00edm pri zamieren\u00ed vl\u00e1knov\u00e9ho kr\u00ed\u017ea na cie\u013e pomocou zabudovan\u00e9ho laserov\u00e9ho dia\u013ekomeru na 1200 yardov. Odtia\u013e sa z\u00edskan\u00e9 inform\u00e1cie prenes\u00fa do zabudovan\u00e9ho softv\u00e9ru na v\u00fdpo\u010det balistick\u00fdch hodn\u00f4t.<\/span><\/p>\n<p><span style=\"font-weight: 400\">Integrovan\u00e1 kamera CMOS s no\u010dn\u00fdm viden\u00edm m\u00e1 rozl\u00ed\u0161enie 1920 \u00d7 1080 pixelov. Zariadenie na sn\u00edmanie vidite\u013en\u00e9ho svetla je spojen\u00e9 s objekt\u00edvom s priemerom 50 mm, zv\u00e4\u010d\u0161en\u00edm 4,5-9x, zorn\u00fdm po\u013eom 6,4\u00b0 x 3,6\u00b0 a detekciou do 0,001 luxu. Zariadenie na sledovanie svetla, ktor\u00e9 je k dispoz\u00edcii s vlnovou d\u013a\u017ekou 850 nm (extr\u00e9mne v\u00fdkonn\u00e9, ale pre zver vidite\u013en\u00e9) alebo 940 nm (o nie\u010do menej v\u00fdkonn\u00e9 a pre zver nevidite\u013en\u00e9), m\u00e1 tri \u00farovne osvetlenia a smerov\u00e9 zameranie a\u017e do 350 m (850 nm).<\/span><\/p>\n<p><span style=\"font-weight: 400\">Okrem toho mo\u017eno na displeji IPS LCD s rozl\u00ed\u0161en\u00edm 800 \u00d7 800 pixelov nez\u00e1visle alebo s\u00fa\u010dasne zobrazova\u0165 term\u00e1lne a no\u010dn\u00e9 videnie, pri\u010dom funkcia Picture in Picture (PIP) poskytuje jasn\u00e9 term\u00e1lne zobrazenie a vynikaj\u00face vn\u00edmanie h\u013abky v noci. Mo\u017enosti zobrazenia zah\u0155\u0148aj\u00fa \u0161es\u0165 r\u00f4znych \u0161t\u00fdlov kr\u00ed\u017ea, \u0161tyri r\u00f4zne farby kr\u00ed\u017ea a \u0161es\u0165 r\u00f4znych re\u017eimov zobrazenia term\u00e1lneho zobrazenia.<\/span><\/p>\n<p><b>Medzi \u010fal\u0161ie funkcie modelu TD32 patr\u00ed:<\/b><\/p>\n<ul>\n<li style=\"font-weight: 400\"><span style=\"font-weight: 400\">m\u00e1 slot na vymenite\u013en\u00fa kartu TF (micro SD) (a\u017e do 128 GB), ktor\u00fd pou\u017e\u00edvate\u013eovi umo\u017e\u0148uje sn\u00edma\u0165 HD sn\u00edmky s rozl\u00ed\u0161en\u00edm 2592 \u00d7 1944 pixelov a HD video s rozl\u00ed\u0161en\u00edm 1024 \u00d7 768 pixelov;<\/span><\/li>\n<li style=\"font-weight: 400\"><span style=\"font-weight: 400\">m\u00e1 pripojenie WIFI k PC, tabletu, zariadeniu iOS alebo Android pomocou bezplatnej aplik\u00e1cie PardVision;<\/span><\/li>\n<li style=\"font-weight: 400\"><span style=\"font-weight: 400\">M\u00e1 v\u00fdstupn\u00e9 konektory USB typu C a HDMI;<\/span><\/li>\n<li style=\"font-weight: 400\"><span style=\"font-weight: 400\">Odolnos\u0165 vo\u010di poveternostn\u00fdm vplyvom IP67 (ochrana proti prachu pren\u00e1\u0161an\u00e9mu vzduchom a ponoreniu do vody do 1 m na 30 min\u00fat);<\/span><\/li>\n<li style=\"font-weight: 400\"><span style=\"font-weight: 400\">Odolnos\u0165 proti v\u00fdstrelu 6000 J (pribli\u017ene v\u00fdkon pi\u0161tole .308 Winchester);<\/span><\/li>\n<li style=\"font-weight: 400\"><span style=\"font-weight: 400\">-Prev\u00e1dzkov\u00e1 teplota -20 \u00b0C a\u017e +50 \u00b0C;<\/span><\/li>\n<li style=\"font-weight: 400\"><span style=\"font-weight: 400\">sledova\u0165 najteplej\u0161\u00ed bod na sc\u00e9ne (automaticky sleduje zdroj tepla);<\/span><\/li>\n<li style=\"font-weight: 400\"><span style=\"font-weight: 400\">gyroskop;<\/span><\/li>\n<\/ul>\n<ul>\n<li style=\"font-weight: 400\"><span style=\"font-weight: 400\">nepretr\u017eit\u00e9 nahr\u00e1vanie (re\u017eim slu\u010dky);<\/span><\/li>\n<li style=\"font-weight: 400\"><span style=\"font-weight: 400\">elektronick\u00fd kompas;<\/span><\/li>\n<li style=\"font-weight: 400\"><span style=\"font-weight: 400\">mikrof\u00f3n;<\/span><\/li>\n<li style=\"font-weight: 400\"><span style=\"font-weight: 400\">l\u00edtium-i\u00f3nov\u00e9 21700 vymenite\u013en\u00e9\/dob\u00edjate\u013en\u00e9 bat\u00e9rie.<\/span><\/li>\n<\/ul>\n<p><span style=\"font-weight: 400\">\u00a0Napriek v\u0161etk\u00fdm t\u00fdmto funkci\u00e1m v\u00e1\u017ei zariadenie pribli\u017ene 800 g.<\/span><\/p>\n<p>&nbsp;<\/p>\n<table dir=\"ltr\" style=\"height: 1714px\" border=\"1\" width=\"413\" cellspacing=\"0\" cellpadding=\"0\" data-sheets-root=\"1\">\n<colgroup>\n<col width=\"206\" \/>\n<col width=\"139\" \/><\/colgroup>\n<tbody>\n<tr>\n<td data-sheets-value=\"{&quot;1&quot;:2,&quot;2&quot;:&quot;Technikai param\u00e9terek&quot;}\">Technick\u00e9 parametre<\/td>\n<td data-sheets-value=\"{&quot;1&quot;:2,&quot;2&quot;:&quot;\u00c9rt\u00e9kek&quot;}\">Hodnoty<\/td>\n<\/tr>\n<tr>\n<td data-sheets-value=\"{&quot;1&quot;:2,&quot;2&quot;:&quot;Haszn\u00e1lati \u00fatmutat\u00f3&quot;}\">N\u00e1vod na pou\u017eitie<\/td>\n<td data-sheets-value=\"{&quot;1&quot;:2,&quot;2&quot;:&quot;Kattints&quot;}\">Kliknut\u00edm na tla\u010didlo skop\u00edrujete<\/td>\n<\/tr>\n<tr>\n<td data-sheets-value=\"{&quot;1&quot;:2,&quot;2&quot;:&quot;H\u0151szenzor&quot;}\">Sn\u00edma\u010d tepla<\/td>\n<td data-sheets-value=\"{&quot;1&quot;:2,&quot;2&quot;:&quot;384x288 12\u00b5m&quot;}\">384\u00d7288 12\u00b5m<\/td>\n<\/tr>\n<tr>\n<td data-sheets-value=\"{&quot;1&quot;:2,&quot;2&quot;:&quot;H\u0151szenzor NETD&quot;}\">Sn\u00edma\u010d tepla NETD<\/td>\n<td data-sheets-value=\"{&quot;1&quot;:2,&quot;2&quot;:&quot;25 mK&quot;}\">25 mK<\/td>\n<\/tr>\n<tr>\n<td data-sheets-value=\"{&quot;1&quot;:2,&quot;2&quot;:&quot;Kijelz\u0151&quot;}\">Zobrazenie<\/td>\n<td data-sheets-value=\"{&quot;1&quot;:2,&quot;2&quot;:&quot;800x800 IPS LCD&quot;}\">800\u00d7800 IPS LCD<\/td>\n<\/tr>\n<tr>\n<td data-sheets-value=\"{&quot;1&quot;:2,&quot;2&quot;:&quot;Adatt\u00e1rol\u00e1s&quot;}\">Ukladanie \u00fadajov<\/td>\n<td data-sheets-value=\"{&quot;1&quot;:2,&quot;2&quot;:&quot;micro SD k\u00e1rtya 128Gb-ig (nem tartoz\u00e9k)&quot;}\">\n<div>\n<div>karta micro SD do 128 GB (nie je s\u00fa\u010das\u0165ou balenia)<\/div>\n<\/div>\n<\/td>\n<\/tr>\n<tr>\n<td data-sheets-value=\"{&quot;1&quot;:2,&quot;2&quot;:&quot;Anyaghaszn\u00e1lat&quot;}\">Pou\u017e\u00edvanie materi\u00e1lov<\/td>\n<td data-sheets-value=\"{&quot;1&quot;:2,&quot;2&quot;:&quot;Alum\u00ednium \u00f6tv\u00f6zet&quot;}\">Zliatina hlin\u00edka<\/td>\n<\/tr>\n<tr>\n<td data-sheets-value=\"{&quot;1&quot;:2,&quot;2&quot;:&quot;Be\u00e9p\u00edtett infrav\u00f6r\u00f6s f\u00e9nyvet\u0151&quot;}\">Zabudovan\u00fd infra\u010derven\u00fd \u017eiari\u010d<\/td>\n<td data-sheets-value=\"{&quot;1&quot;:2,&quot;2&quot;:&quot;5 W, 940 nm, 3 f\u00e9nyer\u0151 fokozat&quot;}\">\n<div>\n<div>5 W, 940 nm, 3 \u00farovne jasu<\/div>\n<\/div>\n<\/td>\n<\/tr>\n<tr>\n<td data-sheets-value=\"{&quot;1&quot;:2,&quot;2&quot;:&quot;Betekint\u00e9si t\u00e1vols\u00e1g&quot;}\">Zobrazovacia vzdialenos\u0165<\/td>\n<td data-sheets-value=\"{&quot;1&quot;:2,&quot;2&quot;:&quot;100 mm&quot;}\">100 mm<\/td>\n<\/tr>\n<tr>\n<td data-sheets-value=\"{&quot;1&quot;:2,&quot;2&quot;:&quot;Csatlakoz\u00f3k&quot;}\">Konektory<\/td>\n<td data-sheets-value=\"{&quot;1&quot;:2,&quot;2&quot;:&quot;USB-C&quot;}\">USB-C<\/td>\n<\/tr>\n<tr>\n<td data-sheets-value=\"{&quot;1&quot;:2,&quot;2&quot;:&quot;Digit\u00e1lis zoom&quot;}\">Digit\u00e1lny zoom<\/td>\n<td data-sheets-value=\"{&quot;1&quot;:2,&quot;2&quot;:&quot;2X&quot;}\">2X<\/td>\n<\/tr>\n<tr>\n<td data-sheets-value=\"{&quot;1&quot;:2,&quot;2&quot;:&quot;Dioptria kompenz\u00e1ci\u00f3&quot;}\">Kompenz\u00e1cia dioptri\u00ed<\/td>\n<td data-sheets-value=\"{&quot;1&quot;:2,&quot;2&quot;:&quot;-5-+3&quot;}\">-5-+3<\/td>\n<\/tr>\n<tr>\n<td data-sheets-value=\"{&quot;1&quot;:2,&quot;2&quot;:&quot;EAN k\u00f3d&quot;}\">EAN k\u00f3d<\/td>\n<td data-sheets-value=\"{&quot;1&quot;:3,&quot;3&quot;:6975064272028}\">6975064272028<\/td>\n<\/tr>\n<tr>\n<td data-sheets-value=\"{&quot;1&quot;:2,&quot;2&quot;:&quot;Egy\u00e9b tulajdons\u00e1gok&quot;}\">\u010eal\u0161ie funkcie<\/td>\n<td data-sheets-value=\"{&quot;1&quot;:2,&quot;2&quot;:&quot;LRF - l\u00e9zeres t\u00e1vols\u00e1gm\u00e9r\u0151, Wifi, HDMI, Giroszk\u00f3p, \u00d6naktiv\u00e1l\u00f3 felv\u00e9tel, Folytonos felv\u00e9tel, Hangr\u00f6gz\u00edt\u00e9s, Ballisztikai kalkul\u00e1tor, K\u00e9p a k\u00e9pben funkci\u00f3&quot;}\">\n<div>\n<div>LRF - laserov\u00fd dia\u013ekomer, Wifi, HDMI, gyroskop, nahr\u00e1vanie zvuku, nepretr\u017eit\u00e9 nahr\u00e1vanie, hlasov\u00e9 nahr\u00e1vanie, balistick\u00e1 kalkula\u010dka, obraz v obraze<\/div>\n<\/div>\n<\/td>\n<\/tr>\n<tr>\n<td data-sheets-value=\"{&quot;1&quot;:2,&quot;2&quot;:&quot;\u00c9szlel\u00e9si t\u00e1vols\u00e1g&quot;}\">Detek\u010dn\u00e1 vzdialenos\u0165<\/td>\n<td data-sheets-value=\"{&quot;1&quot;:2,&quot;2&quot;:&quot;Ak\u00e1r 350 m infra hat\u00f3t\u00e1v&quot;}\">\n<div>\n<div>Infra\u010derven\u00fd dosah do 350 m<\/div>\n<\/div>\n<\/td>\n<\/tr>\n<tr>\n<td data-sheets-value=\"{&quot;1&quot;:2,&quot;2&quot;:&quot;H\u0151 Szenzor&quot;}\">Sn\u00edma\u010d tepla<\/td>\n<td data-sheets-value=\"{&quot;1&quot;:2,&quot;2&quot;:&quot;Emberi alak eset\u00e9n: 1400 m, j\u00e1rm\u0171 eset\u00e9n: 2600 m&quot;}\">\n<div>\n<div>Pre \u010dloveka: 1400 m, pre vozidlo: 2600 m<\/div>\n<\/div>\n<\/td>\n<\/tr>\n<tr>\n<td data-sheets-value=\"{&quot;1&quot;:2,&quot;2&quot;:&quot;F\u00e1jl form\u00e1tumok&quot;}\">Form\u00e1ty s\u00faborov<\/td>\n<td data-sheets-value=\"{&quot;1&quot;:2,&quot;2&quot;:&quot;.JPG, .mp4&quot;}\">.JPG, .mp4<\/td>\n<\/tr>\n<tr>\n<td data-sheets-value=\"{&quot;1&quot;:2,&quot;2&quot;:&quot;Felbont\u00e1s&quot;}\">Rozl\u00ed\u0161enie<\/td>\n<td data-sheets-value=\"{&quot;1&quot;:2,&quot;2&quot;:&quot;video: h\u0151kamera: 1024x768 \/ \u00e9jjell\u00e1t\u00f3: 1440x1080&quot;}\">\n<div>\n<div>video: termokamera: 1024\u00d7768 \/ no\u010dn\u00e9 videnie: 1440\u00d71080<\/div>\n<\/div>\n<\/td>\n<\/tr>\n<tr>\n<td data-sheets-value=\"{&quot;1&quot;:2,&quot;2&quot;:&quot;Gy\u00e1rt\u00f3 \u00e1ltal v\u00e1llalt garancia&quot;}\">Z\u00e1ruka v\u00fdrobcu<\/td>\n<td data-sheets-value=\"{&quot;1&quot;:2,&quot;2&quot;:&quot;3 \u00e9v&quot;}\">3 roky<\/td>\n<\/tr>\n<tr>\n<td data-sheets-value=\"{&quot;1&quot;:2,&quot;2&quot;:&quot;IR f\u00e9nyvet\u0151&quot;}\">IR maj\u00e1k<\/td>\n<td data-sheets-value=\"{&quot;1&quot;:2,&quot;2&quot;:&quot;940 nm&quot;}\">940 nm<\/td>\n<\/tr>\n<tr>\n<td data-sheets-value=\"{&quot;1&quot;:2,&quot;2&quot;:&quot;K\u00e9pfelbont\u00e1s&quot;}\">Rozl\u00ed\u0161enie obrazu<\/td>\n<td data-sheets-value=\"{&quot;1&quot;:2,&quot;2&quot;:&quot;2592x1944&quot;}\">2592\u00d71944<\/td>\n<\/tr>\n<tr>\n<td data-sheets-value=\"{&quot;1&quot;:2,&quot;2&quot;:&quot;K\u00e9pfriss\u00edt\u00e9s&quot;}\">Aktualiz\u00e1cia obr\u00e1zkov<\/td>\n<td data-sheets-value=\"{&quot;1&quot;:2,&quot;2&quot;:&quot;30fps&quot;}\">30 sn\u00edmok za sekundu<\/td>\n<\/tr>\n<tr>\n<td data-sheets-value=\"{&quot;1&quot;:2,&quot;2&quot;:&quot;Kijelz\u0151 sz\u00edn \u00fczemm\u00f3dok&quot;}\">Re\u017eimy farieb displeja<\/td>\n<td data-sheets-value=\"{&quot;1&quot;:2,&quot;2&quot;:&quot;feh\u00e9r kiemelt \/ fekete kiemelt \/ \u00e9lkiemel\u00e9s \/ v\u00f6r\u00f6s kiemelt \/ IN HOT \/ \u00e9gbolt k\u00e9k&quot;}\">\n<div>\n<div>biela zv\u00fdraznen\u00e1 \/ \u010dierna zv\u00fdraznen\u00e1 \/ zv\u00fdraznen\u00e1 \/ \u010derven\u00e1 zv\u00fdraznen\u00e1 \/ IN HOT \/ nebesky modr\u00e1<\/div>\n<\/div>\n<\/td>\n<\/tr>\n<tr>\n<td data-sheets-value=\"{&quot;1&quot;:2,&quot;2&quot;:&quot;L\u00e1t\u00f3sz\u00f6g (\u00b0)&quot;}\">Uhol z\u00e1beru (\u00b0)<\/td>\n<td data-sheets-value=\"{&quot;1&quot;:2,&quot;2&quot;:&quot;L\u00e1that\u00f3 f\u00e9ny szenzor: 2.6\u00b0; H\u0151szenzor: 5.7\u00b0&quot;}\">\n<div>\n<div>Sn\u00edma\u010d vidite\u013en\u00e9ho svetla: 2,6\u00b0; sn\u00edma\u010d tepla: 5,7\u00b0<\/div>\n<\/div>\n<\/td>\n<\/tr>\n<tr>\n<td data-sheets-value=\"{&quot;1&quot;:2,&quot;2&quot;:&quot;Legkisebb f\u00f3kuszt\u00e1vols\u00e1g (m)&quot;}\">Minim\u00e1lna ohniskov\u00e1 vzdialenos\u0165 (m)<\/td>\n<td data-sheets-value=\"{&quot;1&quot;:2,&quot;2&quot;:&quot;3 m&quot;}\">3 m<\/td>\n<\/tr>\n<tr>\n<td data-sheets-value=\"{&quot;1&quot;:2,&quot;2&quot;:&quot;L\u00f6v\u00e9s\u00e1ll\u00f3s\u00e1g&quot;}\">Odolnos\u0165 vo\u010di v\u00fdstrelom<\/td>\n<td data-sheets-value=\"{&quot;1&quot;:2,&quot;2&quot;:&quot;6000J&quot;}\">6000J<\/td>\n<\/tr>\n<tr>\n<td data-sheets-value=\"{&quot;1&quot;:2,&quot;2&quot;:&quot;M\u00e9retek&quot;}\">Rozmery<\/td>\n<td data-sheets-value=\"{&quot;1&quot;:2,&quot;2&quot;:&quot;350 x 91 x 95 mm&quot;}\">350 x 91 x 95 mm<\/td>\n<\/tr>\n<tr>\n<td data-sheets-value=\"{&quot;1&quot;:2,&quot;2&quot;:&quot;M\u0171k\u00f6d\u00e9si \/ t\u00e1rol\u00e1si h\u0151m\u00e9rs\u00e9klet&quot;}\">Prev\u00e1dzkov\u00e1 teplota \/ teplota skladovania<\/td>\n<td data-sheets-value=\"{&quot;1&quot;:2,&quot;2&quot;:&quot;-20 - +50\u00b0C&quot;}\">-20 - +50\u00b0C<\/td>\n<\/tr>\n<tr>\n<td data-sheets-value=\"{&quot;1&quot;:2,&quot;2&quot;:&quot;Nagy\u00edt\u00e1s&quot;}\">Zv\u00e4\u010d\u0161i\u0165<\/td>\n<td data-sheets-value=\"{&quot;1&quot;:2,&quot;2&quot;:&quot;L\u00e1that\u00f3 f\u00e9ny szenzor: 6.5X; H\u0151szenzor: 3X&quot;}\">\n<div>\n<div>Sn\u00edma\u010d vidite\u013en\u00e9ho svetla: 6,5-n\u00e1sobok; tepeln\u00fd sn\u00edma\u010d: 3-n\u00e1sobok<\/div>\n<\/div>\n<\/td>\n<\/tr>\n<tr>\n<td data-sheets-value=\"{&quot;1&quot;:2,&quot;2&quot;:&quot;Szenzor&quot;}\">Senzor<\/td>\n<td data-sheets-value=\"{&quot;1&quot;:2,&quot;2&quot;:&quot;CMOS 1920x1080; 2,9 \u00b5m pixel m\u00e9ret; 0,001 Lux f\u00e9ny\u00e9rz\u00e9kenys\u00e9ggel; 384x288 pixel, 12\u03bcm NETD \u226425mK&quot;}\">\n<div>\n<div>CMOS 1920 \u00d7 1080; ve\u013ekos\u0165 pixelov 2,9 \u00b5m; citlivos\u0165 na svetlo 0,001 lux; 384 \u00d7 288 pixelov, 12 \u00b5m NETD \u226425mK<\/div>\n<\/div>\n<\/td>\n<\/tr>\n<tr>\n<td data-sheets-value=\"{&quot;1&quot;:2,&quot;2&quot;:&quot;Sz\u00edn&quot;}\">Farba<\/td>\n<td data-sheets-value=\"{&quot;1&quot;:2,&quot;2&quot;:&quot;fekete&quot;}\">\u010cierna<\/td>\n<\/tr>\n<tr>\n<td data-sheets-value=\"{&quot;1&quot;:2,&quot;2&quot;:&quot;T\u00e1vols\u00e1gm\u00e9r\u00e9si opci\u00f3k&quot;}\">Mo\u017enosti merania vzdialenosti<\/td>\n<td data-sheets-value=\"{&quot;1&quot;:2,&quot;2&quot;:&quot;Ak\u00e1r 1000 m&quot;}\">Do 1000 m<\/td>\n<\/tr>\n<tr>\n<td data-sheets-value=\"{&quot;1&quot;:2,&quot;2&quot;:&quot;T\u00e1vols\u00e1gm\u00e9r\u0151&quot;}\">Dia\u013ekomer<\/td>\n<td data-sheets-value=\"{&quot;1&quot;:2,&quot;2&quot;:&quot;LRF l\u00e9zeres&quot;}\">Laser LRF<\/td>\n<\/tr>\n<tr>\n<td data-sheets-value=\"{&quot;1&quot;:2,&quot;2&quot;:&quot;T\u00f6meg (g)&quot;}\">Hmotnos\u0165 (g)<\/td>\n<td data-sheets-value=\"{&quot;1&quot;:3,&quot;3&quot;:800}\">800<\/td>\n<\/tr>\n<tr>\n<td data-sheets-value=\"{&quot;1&quot;:2,&quot;2&quot;:&quot;\u00dczemid\u0151&quot;}\">Prev\u00e1dzkov\u00e9 hodiny<\/td>\n<td data-sheets-value=\"{&quot;1&quot;:2,&quot;2&quot;:&quot;ak\u00e1r 6 \u00f3ra&quot;}\">a\u017e 6 hod\u00edn<\/td>\n<\/tr>\n<tr>\n<td data-sheets-value=\"{&quot;1&quot;:2,&quot;2&quot;:&quot;V\u00edz\u00e1ll\u00f3s\u00e1g&quot;}\">Odolnos\u0165 vo\u010di vode<\/td>\n<td data-sheets-value=\"{&quot;1&quot;:2,&quot;2&quot;:&quot;IP67&quot;}\">IP67<\/td>\n<\/tr>\n<\/tbody>\n<\/table>\n<p>&nbsp;<\/p>\n<p>Ofici\u00e1lny popis na str\u00e1nke zna\u010dky v\u00fdrobku n\u00e1jdete tu: <a href=\"https:\/\/pard.com\/store\/td32-multispectral-riflescope\/\">https:\/\/pard.com\/store\/td32-multispectral-riflescope\/<\/a><\/p>","protected":false},"excerpt":{"rendered":"<p><span style=\"font-weight: 400\">Pard sa m\u00f4\u017ee pochv\u00e1li\u0165 najnov\u0161\u00edmi technologick\u00fdmi inov\u00e1ciami. Technol\u00f3gia Dual Spectra Imaging kombinuje termov\u00edziu s dlh\u00fdm dosahom, kameru no\u010dn\u00e9ho videnia s vysok\u00fdm rozl\u00ed\u0161en\u00edm, softv\u00e9r na balistick\u00e9 v\u00fdpo\u010dty a laserov\u00e9 ur\u010dovanie vzdialenosti v jednom zariaden\u00ed.<\/span><\/p>","protected":false},"featured_media":2413,"comment_status":"open","ping_status":"closed","template":"","meta":[],"product_brand":[],"product_cat":[30,39,45],"product_tag":[32,41,40,18,133],"class_list":{"0":"post-2412","1":"product","2":"type-product","3":"status-publish","4":"has-post-thumbnail","6":"product_cat-celtavcso","7":"product_cat-digitalis-ejjellato","8":"product_cat-hokamera","9":"product_tag-celtavcso","10":"product_tag-digitalis-ejjellato","11":"product_tag-ejjellato","12":"product_tag-hokamera","13":"product_tag-pard","15":"first","16":"outofstock","17":"sale","18":"taxable","19":"shipping-taxable","20":"purchasable","21":"product-type-simple"},"jetpack_sharing_enabled":true,"_links":{"self":[{"href":"https:\/\/bestoptika.eu\/sk\/wp-json\/wp\/v2\/product\/2412","targetHints":{"allow":["GET"]}}],"collection":[{"href":"https:\/\/bestoptika.eu\/sk\/wp-json\/wp\/v2\/product"}],"about":[{"href":"https:\/\/bestoptika.eu\/sk\/wp-json\/wp\/v2\/types\/product"}],"replies":[{"embeddable":true,"href":"https:\/\/bestoptika.eu\/sk\/wp-json\/wp\/v2\/comments?post=2412"}],"wp:featuredmedia":[{"embeddable":true,"href":"https:\/\/bestoptika.eu\/sk\/wp-json\/wp\/v2\/media\/2413"}],"wp:attachment":[{"href":"https:\/\/bestoptika.eu\/sk\/wp-json\/wp\/v2\/media?parent=2412"}],"wp:term":[{"taxonomy":"product_brand","embeddable":true,"href":"https:\/\/bestoptika.eu\/sk\/wp-json\/wp\/v2\/product_brand?post=2412"},{"taxonomy":"product_cat","embeddable":true,"href":"https:\/\/bestoptika.eu\/sk\/wp-json\/wp\/v2\/product_cat?post=2412"},{"taxonomy":"product_tag","embeddable":true,"href":"https:\/\/bestoptika.eu\/sk\/wp-json\/wp\/v2\/product_tag?post=2412"}],"curies":[{"name":"wp","href":"https:\/\/api.w.org\/{rel}","templated":true}]}}