{"id":2428,"date":"2024-07-18T18:35:59","date_gmt":"2024-07-18T16:35:59","guid":{"rendered":"https:\/\/bestoptika.eu\/?post_type=product&#038;p=2428"},"modified":"2025-08-27T11:47:08","modified_gmt":"2025-08-27T09:47:08","slug":"pard-sa62-45mm-hokamera-celtavcso-lrf-lezeres-tavolsagmerovel","status":"publish","type":"product","link":"https:\/\/bestoptika.eu\/sk\/product\/pard-sa62-45mm-hokamera-celtavcso-lrf-lezeres-tavolsagmerovel\/","title":{"rendered":"Pard SA62 45mm LRF termov\u00edzny pu\u0161koh\u013ead s laserov\u00fdm dia\u013ekomerom"},"content":{"rendered":"<p><span style=\"font-weight: 400\">Zabudovan\u00fd chladn\u00fd sn\u00edma\u010d s rozl\u00ed\u0161en\u00edm 640 \u00d7 480 pixelov premie\u0148a teplo odrazen\u00e9 od objektov na vidite\u013en\u00fd obraz, ktor\u00fd si pou\u017e\u00edvate\u013e m\u00f4\u017ee v z\u00e1vislosti od nastavenia zobrazi\u0165 v h\u013ead\u00e1\u010diku ako \u010diernobiely alebo ako farebn\u00fd obraz bohat\u00fd na inform\u00e1cie. Vo svojej triede je vybaven\u00fd zv\u00fd\u0161enou no\u010dnou citlivos\u0165ou, v\u010faka \u010domu m\u00e1 rozsah sn\u00edmok, ktor\u00fd konkuruje mnoh\u00fdm jeho konkurentom. Zabudovan\u00fd elektronick\u00fd kompas v\u00e1m pom\u00f4\u017ee n\u00e1js\u0165 cestu v ter\u00e9ne, tak\u017ee je ve\u013emi u\u017eito\u010dn\u00fdm doplnkom, \u010di u\u017e ste na love alebo pri z\u00e1chrannej akcii. Mimoriadne \u013eahk\u00e9, kompaktn\u00e9 a robustn\u00e9 puzdro je vyroben\u00e9 z leteck\u00e9ho hlin\u00edka, pre ktor\u00fd v\u00fdrobca poskytuje \u013eahko uvo\u013enite\u013en\u00fa mont\u00e1\u017enu konzolu. K dispoz\u00edcii je aj funkcia softv\u00e9rovej korekcie pixelov.<\/span><\/p>\n<p><span style=\"font-weight: 400\">V noci je \u0165a\u017ek\u00e9 odhadn\u00fa\u0165 vzdialenosti a pom\u00f4\u017ee v\u00e1m funkcia LRF v ponuke. V kombin\u00e1cii s integrovanou balistikou umo\u017e\u0148uje LRF zodpovednej\u0161\u00ed lov.<\/span><\/p>\n<p><span style=\"font-weight: 400\">Ke\u010f zariadenie zist\u00ed sp\u00e4tn\u00fd n\u00e1raz, spust\u00ed sa nahr\u00e1vanie a zaznamen\u00e1 20-sekundov\u00fd videoz\u00e1znam. Videoz\u00e1znamy sa ukladaj\u00fa na kartu micro SD s kapacitou a\u017e 128 GB.<\/span><\/p>\n<p><span style=\"font-weight: 400\">Z\u00e1kladn\u00e9 optick\u00e9 zv\u00e4\u010d\u0161enie 2,8x vo verzii 45x mo\u017eno digit\u00e1lne zv\u00e4\u010d\u0161i\u0165 a\u017e na 16x, zabudovan\u00fd optick\u00fd kr\u00ed\u017e je k dispoz\u00edcii v 6 \u0161t\u00fdloch a 4 farb\u00e1ch a tepeln\u00fd obraz mo\u017eno zobrazi\u0165 v 6 r\u00f4znych nastaveniach farebnej palety.<\/span><\/p>\n<p><span style=\"font-weight: 400\">Na stredne dlh\u00e9 vzdialenosti alebo na lov men\u0161ej zveri v oblasti. Vstavan\u00e1 funkcia PIP (obraz v obraze) je mimoriadne informat\u00edvna, dostato\u010dne ve\u013ek\u00e1 na to, aby sa po zapnut\u00ed pr\u00edstroja zv\u00e4\u010d\u0161il len tento obraz, pri\u010dom si st\u00e1le zachov\u00e1va \u0161irok\u00e9 zorn\u00e9 pole pre jasn\u00fd poh\u013ead. Sn\u00edmanie je jednoduch\u00e9, sta\u010d\u00ed zamieri\u0165 kr\u00ed\u017e termokamery na miesto z\u00e1sahu. Termokamera m\u00f4\u017ee samozrejme zobrazi\u0165 aj najhor\u00facej\u0161\u00ed bod. Obrazovka sa kr\u00e1tkym stla\u010den\u00edm tla\u010didla nap\u00e1jania prepne do re\u017eimu sp\u00e1nku, aby sa \u0161etrila energia bat\u00e9rie.\u00a0<\/span><\/p>\n<p><span style=\"font-weight: 400\">M\u00e1 palebn\u00fa odolnos\u0165 6000 J, \u010do umo\u017e\u0148uje jeho pou\u017eitie s mun\u00edciou v\u00e4\u010d\u0161ieho kalibru.<\/span><\/p>\n<p><span style=\"font-weight: 400\">Zariadenie zaru\u010duje a\u017e 4-5 hod\u00edn nepretr\u017eit\u00e9ho pou\u017e\u00edvania s 1 bat\u00e9riou 18650.<\/span><\/p>\n<p>&nbsp;<\/p>\n<table dir=\"ltr\" style=\"height: 785px\" border=\"1\" width=\"486\" cellspacing=\"0\" cellpadding=\"0\" data-sheets-root=\"1\">\n<colgroup>\n<col width=\"241\" \/>\n<col width=\"160\" \/><\/colgroup>\n<tbody>\n<tr>\n<td data-sheets-value=\"{&quot;1&quot;:2,&quot;2&quot;:&quot;Technikai param\u00e9terek&quot;}\">Technick\u00e9 parametre<\/td>\n<td data-sheets-value=\"{&quot;1&quot;:2,&quot;2&quot;:&quot;\u00c9rt\u00e9kek&quot;}\">Hodnoty<\/td>\n<\/tr>\n<tr>\n<td data-sheets-value=\"{&quot;1&quot;:2,&quot;2&quot;:&quot;H\u0151szenzor&quot;}\">Sn\u00edma\u010d tepla<\/td>\n<td data-sheets-value=\"{&quot;1&quot;:2,&quot;2&quot;:&quot;640x480 12\u03bcm&quot;}\">640\u00d7480 12\u03bcm<\/td>\n<\/tr>\n<tr>\n<td data-sheets-value=\"{&quot;1&quot;:2,&quot;2&quot;:&quot;Kijelz\u0151&quot;}\">Zobrazenie<\/td>\n<td data-sheets-value=\"{&quot;1&quot;:2,&quot;2&quot;:&quot;1024x768 OLED&quot;}\">1024\u00d7768 OLED<\/td>\n<\/tr>\n<tr>\n<td data-sheets-value=\"{&quot;1&quot;:2,&quot;2&quot;:&quot;Nagy\u00edt\u00e1s tartom\u00e1ny (x)&quot;}\">Rozsah zv\u00e4\u010d\u0161enia (x)<\/td>\n<td data-sheets-value=\"{&quot;1&quot;:2,&quot;2&quot;:&quot;2,8 \u2013 44,8&quot;}\">2,8 - 44,8<\/td>\n<\/tr>\n<tr>\n<td data-sheets-value=\"{&quot;1&quot;:2,&quot;2&quot;:&quot;Objekt\u00edv&quot;}\">\u0160o\u0161ovka<\/td>\n<td data-sheets-value=\"{&quot;1&quot;:2,&quot;2&quot;:&quot;45 mm f\u00f3kuszt\u00e1vols\u00e1g&quot;}\">Ohniskov\u00e1 vzdialenos\u0165 45 mm<\/td>\n<\/tr>\n<tr>\n<td data-sheets-value=\"{&quot;1&quot;:2,&quot;2&quot;:&quot;Alap nagy\u00edt\u00e1s (x)&quot;}\">Z\u00e1kladn\u00e9 zv\u00e4\u010d\u0161enie (x)<\/td>\n<td data-sheets-value=\"{&quot;1&quot;:3,&quot;3&quot;:45330}\" data-sheets-numberformat=\"{&quot;1&quot;:5,&quot;2&quot;:&quot;m.d&quot;,&quot;3&quot;:1}\">2.8<\/td>\n<\/tr>\n<tr>\n<td data-sheets-value=\"{&quot;1&quot;:2,&quot;2&quot;:&quot;Anyaghaszn\u00e1lat&quot;}\">Pou\u017e\u00edvanie materi\u00e1lov<\/td>\n<td data-sheets-value=\"{&quot;1&quot;:2,&quot;2&quot;:&quot;Alum\u00ednium \u00f6tv\u00f6zet&quot;}\">Zliatina hlin\u00edka<\/td>\n<\/tr>\n<tr>\n<td data-sheets-value=\"{&quot;1&quot;:2,&quot;2&quot;:&quot;Betekint\u00e9si t\u00e1vols\u00e1g&quot;}\">Zobrazovacia vzdialenos\u0165<\/td>\n<td data-sheets-value=\"{&quot;1&quot;:2,&quot;2&quot;:&quot;30 mm&quot;}\">30 mm<\/td>\n<\/tr>\n<tr>\n<td data-sheets-value=\"{&quot;1&quot;:2,&quot;2&quot;:&quot;C\u00e9lt\u00e1vcs\u0151 nagy\u00edt\u00e1s tartom\u00e1ny&quot;}\">Rozsah zv\u00e4\u010d\u0161enia cie\u013ea<\/td>\n<td data-sheets-value=\"{&quot;1&quot;:2,&quot;2&quot;:&quot;2.8 - 44.8x&quot;}\">2.8 - 44.8x<\/td>\n<\/tr>\n<tr>\n<td data-sheets-value=\"{&quot;1&quot;:2,&quot;2&quot;:&quot;Digit\u00e1lis zoom&quot;}\">Digit\u00e1lny zoom<\/td>\n<td data-sheets-value=\"{&quot;1&quot;:2,&quot;2&quot;:&quot;2-16x&quot;}\">2-16x<\/td>\n<\/tr>\n<tr>\n<td data-sheets-value=\"{&quot;1&quot;:2,&quot;2&quot;:&quot;Dioptria kompenz\u00e1ci\u00f3&quot;}\">Kompenz\u00e1cia dioptri\u00ed<\/td>\n<td data-sheets-value=\"{&quot;1&quot;:2,&quot;2&quot;:&quot;-5 - +5 dpt&quot;}\">-5 - +5 dpt<\/td>\n<\/tr>\n<tr>\n<td data-sheets-value=\"{&quot;1&quot;:2,&quot;2&quot;:&quot;Energiaell\u00e1t\u00e1s&quot;}\">Dod\u00e1vka energie<\/td>\n<td data-sheets-value=\"{&quot;1&quot;:2,&quot;2&quot;:&quot;cser\u00e9lhet\u0151 18650 3.7V ipari akkumul\u00e1tor&quot;}\">\n<div>\n<div>vymenite\u013en\u00e1 priemyseln\u00e1 bat\u00e9ria 18650 3,7 V<\/div>\n<\/div>\n<\/td>\n<\/tr>\n<tr>\n<td data-sheets-value=\"{&quot;1&quot;:2,&quot;2&quot;:&quot;\u00c9szlel\u00e9si t\u00e1vols\u00e1g&quot;}\">Detek\u010dn\u00e1 vzdialenos\u0165<\/td>\n<td data-sheets-value=\"{&quot;1&quot;:2,&quot;2&quot;:&quot;emberalak (1.7 x 0.5 m): 1800 m, aut\u00f3: 3300 m&quot;}\">\n<div>\n<div>manshape: 1800 m, auto: 3300 m<\/div>\n<\/div>\n<\/td>\n<\/tr>\n<tr>\n<td data-sheets-value=\"{&quot;1&quot;:2,&quot;2&quot;:&quot;Gy\u00e1rt\u00f3&quot;}\">V\u00fdrobca<\/td>\n<td data-sheets-value=\"{&quot;1&quot;:2,&quot;2&quot;:&quot;Pard&quot;}\">Pard<\/td>\n<\/tr>\n<tr>\n<td data-sheets-value=\"{&quot;1&quot;:2,&quot;2&quot;:&quot;Gy\u00e1rt\u00f3 \u00e1ltal v\u00e1llalt garancia&quot;}\">Z\u00e1ruka v\u00fdrobcu<\/td>\n<td data-sheets-value=\"{&quot;1&quot;:2,&quot;2&quot;:&quot;3 \u00e9v&quot;}\">3 roky<\/td>\n<\/tr>\n<tr>\n<td data-sheets-value=\"{&quot;1&quot;:2,&quot;2&quot;:&quot;K\u00e9pfriss\u00edt\u00e9s&quot;}\">Aktualiz\u00e1cia obr\u00e1zkov<\/td>\n<td data-sheets-value=\"{&quot;1&quot;:2,&quot;2&quot;:&quot;50 Hz&quot;}\">50 Hz<\/td>\n<\/tr>\n<tr>\n<td data-sheets-value=\"{&quot;1&quot;:2,&quot;2&quot;:&quot;Kijelz\u0151 sz\u00edn \u00fczemm\u00f3dok&quot;}\">Re\u017eimy farieb displeja<\/td>\n<td data-sheets-value=\"{&quot;1&quot;:2,&quot;2&quot;:&quot;hatf\u00e9le&quot;}\">\u0161es\u0165 typov<\/td>\n<\/tr>\n<tr>\n<td data-sheets-value=\"{&quot;1&quot;:2,&quot;2&quot;:&quot;L\u00f6v\u00e9s\u00e1ll\u00f3s\u00e1g&quot;}\">Odolnos\u0165 vo\u010di v\u00fdstrelom<\/td>\n<td data-sheets-value=\"{&quot;1&quot;:2,&quot;2&quot;:&quot;6000 J&quot;}\">6000 J<\/td>\n<\/tr>\n<tr>\n<td data-sheets-value=\"{&quot;1&quot;:2,&quot;2&quot;:&quot;M\u00e9retek&quot;}\">Rozmery<\/td>\n<td data-sheets-value=\"{&quot;1&quot;:2,&quot;2&quot;:&quot;195x79x59 mm&quot;}\">195x79x59 mm<\/td>\n<\/tr>\n<tr>\n<td data-sheets-value=\"{&quot;1&quot;:2,&quot;2&quot;:&quot;Szenzor&quot;}\">Senzor<\/td>\n<td data-sheets-value=\"{&quot;1&quot;:2,&quot;2&quot;:&quot;640x480 pixel, 12 \u00b5m pixelm\u00e9ret&quot;}\">\n<div>\n<div>640 \u00d7 480 pixelov, ve\u013ekos\u0165 pixla 12 \u00b5m<\/div>\n<\/div>\n<\/td>\n<\/tr>\n<tr>\n<td data-sheets-value=\"{&quot;1&quot;:2,&quot;2&quot;:&quot;Sz\u00edn&quot;}\">Farba<\/td>\n<td data-sheets-value=\"{&quot;1&quot;:2,&quot;2&quot;:&quot;fekete&quot;}\">\u010cierna<\/td>\n<\/tr>\n<tr>\n<td data-sheets-value=\"{&quot;1&quot;:2,&quot;2&quot;:&quot;Tartoz\u00e9kok&quot;}\">Pr\u00edslu\u0161enstvo<\/td>\n<td data-sheets-value=\"{&quot;1&quot;:2,&quot;2&quot;:&quot;h\u0151kamera c\u00e9lt\u00e1vcs\u0151, akkumul\u00e1tor, t\u00f6lt\u0151, kordura tok&quot;}\">\n<div>\n<div>termov\u00edzna kamera, bat\u00e9ria, nab\u00edja\u010dka, puzdro z Cordury<\/div>\n<\/div>\n<\/td>\n<\/tr>\n<tr>\n<td data-sheets-value=\"{&quot;1&quot;:2,&quot;2&quot;:&quot;T\u00f6meg (g)&quot;}\">Hmotnos\u0165 (g)<\/td>\n<td data-sheets-value=\"{&quot;1&quot;:3,&quot;3&quot;:455}\">455<\/td>\n<\/tr>\n<tr>\n<td data-sheets-value=\"{&quot;1&quot;:2,&quot;2&quot;:&quot;\u00dczemid\u0151&quot;}\">V\u00fddr\u017e<\/td>\n<td data-sheets-value=\"{&quot;1&quot;:2,&quot;2&quot;:&quot;Ak\u00e1r 5 \u00f3ra&quot;}\">Do 5 hod\u00edn<\/td>\n<\/tr>\n<tr>\n<td data-sheets-value=\"{&quot;1&quot;:2,&quot;2&quot;:&quot;V\u00edz\u00e1ll\u00f3s\u00e1g&quot;}\">Odolnos\u0165 vo\u010di vode<\/td>\n<td data-sheets-value=\"{&quot;1&quot;:2,&quot;2&quot;:&quot;IP67&quot;}\">IP67<\/td>\n<\/tr>\n<\/tbody>\n<\/table>\n<p>&nbsp;<\/p>\n<p>Ofici\u00e1lny popis na str\u00e1nke zna\u010dky v\u00fdrobku n\u00e1jdete tu: <a href=\"https:\/\/pard.com\/europe\/store\/sa32-62lrfthermal-imaging-scope\/\">https:\/\/pard.com\/europe\/store\/sa32-62lrfthermal-imaging-scope\/<\/a><\/p>","protected":false},"excerpt":{"rendered":"<p><span style=\"font-weight: 400\">Spolo\u010dnos\u0165 Pard predstavuje nov\u00fd, vylep\u0161en\u00fd, mal\u00fd a \u013eahk\u00fd termov\u00edzny \u010falekoh\u013ead s laserov\u00fdm dia\u013ekomerom. Toto multifunk\u010dn\u00e9 zariadenie mo\u017eno pou\u017e\u00edva\u0165 ako \u013eahk\u00fa termokameru s dobr\u00fdm uchopen\u00edm v no\u010dn\u00fdch a denn\u00fdch podmienkach a ako termov\u00edzny \u010falekoh\u013ead. V\u010faka \u0161irokej \u0161k\u00e1le aplik\u00e1ci\u00ed ho mo\u017eno \u00faspe\u0161ne pou\u017ei\u0165 na lov, no\u010dn\u00e9 pozorovanie, z\u00e1chrann\u00e9 misie alebo dokonca na sebaobranu. Jeho v\u00fdnimo\u010dnou vlastnos\u0165ou je, \u017ee sa kalibruje nepretr\u017eite bez \u0161umu, \u010do v\u00fdrazne zvy\u0161uje jeho pou\u017eite\u013enos\u0165 aj v najtmav\u0161ej a najtich\u0161ej noci.<\/span><\/p>","protected":false},"featured_media":2418,"comment_status":"open","ping_status":"closed","template":"","meta":[],"product_brand":[],"product_cat":[30,45],"product_tag":[32,18,100,133,97],"class_list":{"0":"post-2428","1":"product","2":"type-product","3":"status-publish","4":"has-post-thumbnail","6":"product_cat-celtavcso","7":"product_cat-hokamera","8":"product_tag-celtavcso","9":"product_tag-hokamera","10":"product_tag-lezeres","11":"product_tag-pard","12":"product_tag-tavolsagmero","14":"first","15":"outofstock","16":"taxable","17":"shipping-taxable","18":"purchasable","19":"product-type-simple"},"jetpack_sharing_enabled":true,"_links":{"self":[{"href":"https:\/\/bestoptika.eu\/sk\/wp-json\/wp\/v2\/product\/2428","targetHints":{"allow":["GET"]}}],"collection":[{"href":"https:\/\/bestoptika.eu\/sk\/wp-json\/wp\/v2\/product"}],"about":[{"href":"https:\/\/bestoptika.eu\/sk\/wp-json\/wp\/v2\/types\/product"}],"replies":[{"embeddable":true,"href":"https:\/\/bestoptika.eu\/sk\/wp-json\/wp\/v2\/comments?post=2428"}],"wp:featuredmedia":[{"embeddable":true,"href":"https:\/\/bestoptika.eu\/sk\/wp-json\/wp\/v2\/media\/2418"}],"wp:attachment":[{"href":"https:\/\/bestoptika.eu\/sk\/wp-json\/wp\/v2\/media?parent=2428"}],"wp:term":[{"taxonomy":"product_brand","embeddable":true,"href":"https:\/\/bestoptika.eu\/sk\/wp-json\/wp\/v2\/product_brand?post=2428"},{"taxonomy":"product_cat","embeddable":true,"href":"https:\/\/bestoptika.eu\/sk\/wp-json\/wp\/v2\/product_cat?post=2428"},{"taxonomy":"product_tag","embeddable":true,"href":"https:\/\/bestoptika.eu\/sk\/wp-json\/wp\/v2\/product_tag?post=2428"}],"curies":[{"name":"wp","href":"https:\/\/api.w.org\/{rel}","templated":true}]}}