{"id":2474,"date":"2024-07-19T10:37:04","date_gmt":"2024-07-19T08:37:04","guid":{"rendered":"https:\/\/bestoptika.eu\/?post_type=product&#038;p=2474"},"modified":"2025-05-29T15:26:39","modified_gmt":"2025-05-29T13:26:39","slug":"pard-ts62-hokamera-celtavcso","status":"publish","type":"product","link":"https:\/\/bestoptika.eu\/sk\/product\/pard-ts62-hokamera-celtavcso\/","title":{"rendered":"Pard TS62 termov\u00edzny pu\u0161koh\u013ead"},"content":{"rendered":"<ul>\n<li style=\"font-weight: 400\"><span style=\"font-weight: 400\">Okr\u00fahly displej<\/span><\/li>\n<li style=\"font-weight: 400\"><span style=\"font-weight: 400\">Ultra\u013eahk\u00e9 duralov\u00e9 telo<\/span><\/li>\n<li style=\"font-weight: 400\"><span style=\"font-weight: 400\">Sn\u00edma\u010d 640 \u00d7 480 px<\/span><\/li>\n<li style=\"font-weight: 400\"><span style=\"font-weight: 400\">Tepeln\u00e1 citlivos\u0165 25 mK<\/span><\/li>\n<li style=\"font-weight: 400\"><span style=\"font-weight: 400\">Detekcia do 1800 metrov<\/span><\/li>\n<\/ul>\n<p><span style=\"font-weight: 400\">Termokamera Pard TS62-45 m\u00e1 sn\u00edma\u010d 640 \u00d7 480 px, ktor\u00fd v kombin\u00e1cii s tepelnou citlivos\u0165ou NETD \u2264 25 mK pon\u00faka neuverite\u013ene jasn\u00fd obraz s jemn\u00fdmi detailmi.<\/span><\/p>\n<p><span style=\"font-weight: 400\">Objekt\u00edv s ohniskovou vzdialenos\u0165ou 45 mm poskytuje detek\u010dn\u00fa vzdialenos\u0165 a\u017e 1800 metrov.<\/span><\/p>\n<p><span style=\"font-weight: 400\">V\u00fdnimo\u010dn\u00fd obraz zabezpe\u010duje okr\u00fahly displej IPS LCD s rozl\u00ed\u0161en\u00edm 800 \u00d7 800 px, ktor\u00fd zaru\u010duje podobn\u00fd z\u00e1\u017eitok a maxim\u00e1lne zorn\u00e9 pole ako tradi\u010dn\u00e9 pu\u0161koh\u013eady. Tento displej poskytuje jasn\u00fd, kontrastn\u00fd obraz a mimoriadne \u0161irok\u00e9 zorn\u00e9 pole pre lep\u0161\u00ed preh\u013ead. V\u010faka r\u00fdchlemu \u010dasu odozvy je sledovanie e\u0161te prirodzenej\u0161ie ako pri poh\u013eade cez tradi\u010dn\u00fa denn\u00fa optiku.<\/span><\/p>\n<p><span style=\"font-weight: 400\">7 re\u017eimov sledovania (White Hot, Black Hot, Red Hot, Fusion 1, Fusion 2, Iron Red 1, Iron Red 2) a tri sc\u00e9ny sledovania (City, Rain, Forest) v\u00e1m spr\u00edjemnia z\u00e1\u017eitok zo sledovania.<\/span><\/p>\n<p><span style=\"font-weight: 400\">Vlo\u017ete kartu microSD s kapacitou a\u017e 128 GB (nie je s\u00fa\u010das\u0165ou balenia) a sn\u00edmajte fotografie a vide\u00e1. Ve\u013emi u\u017eito\u010dnou funkciou pu\u0161koh\u013eadu je automatick\u00e9 nahr\u00e1vanie po z\u00e1bere, ako aj mo\u017enos\u0165 okam\u017eit\u00e9ho zobrazenia alebo vymazania zaznamenan\u00fdch z\u00e1berov. Zariadenie m\u00f4\u017eete pripoji\u0165 k po\u010d\u00edta\u010du prostredn\u00edctvom v\u00fdstupu USB-C.<\/span><\/p>\n<p><span style=\"font-weight: 400\">Pu\u0161koh\u013ead m\u00e1 stupe\u0148 krytia IP67 (ochrana proti ponoreniu do vody na 30 min\u00fat do h\u013abky 1 m) a je nap\u00e1jan\u00fd nab\u00edjate\u013enou bat\u00e9riou 18650, ktor\u00e1 poskytuje 6 hod\u00edn prev\u00e1dzky. V\u010faka \u00fasporn\u00e9mu re\u017eimu sp\u00e1nku vydr\u017e\u00ed bat\u00e9ria dlh\u0161ie a je mo\u017en\u00e9 pripoji\u0165 aj powerbanku.<\/span><\/p>\n<p><span style=\"font-weight: 400\">Pon\u00fakame 3-ro\u010dn\u00fa z\u00e1ruku a v pr\u00edpade potreby aj n\u00e1hradn\u00e9 zariadenie po\u010das trvania slu\u017eby.<\/span><\/p>\n<p>&nbsp;<\/p>\n<table dir=\"ltr\" style=\"height: 538px\" border=\"1\" width=\"419\" cellspacing=\"0\" cellpadding=\"0\" data-sheets-root=\"1\">\n<colgroup>\n<col width=\"198\" \/>\n<col width=\"145\" \/><\/colgroup>\n<tbody>\n<tr>\n<td data-sheets-value=\"{&quot;1&quot;:2,&quot;2&quot;:&quot;Technikai param\u00e9terek&quot;}\">Technick\u00e9 parametre<\/td>\n<td data-sheets-value=\"{&quot;1&quot;:2,&quot;2&quot;:&quot;\u00c9rt\u00e9kek&quot;}\">Hodnoty<\/td>\n<\/tr>\n<tr>\n<td data-sheets-value=\"{&quot;1&quot;:2,&quot;2&quot;:&quot;Szenzor&quot;}\">Senzor<\/td>\n<td data-sheets-value=\"{&quot;1&quot;:2,&quot;2&quot;:&quot;640 \u00d7 480 px&quot;}\">640 \u00d7 480 px<\/td>\n<\/tr>\n<tr>\n<td data-sheets-value=\"{&quot;1&quot;:2,&quot;2&quot;:&quot;H\u0151\u00e9rz\u00e9kenys\u00e9g&quot;}\">Teplotn\u00e1 citlivos\u0165<\/td>\n<td data-sheets-value=\"{&quot;1&quot;:2,&quot;2&quot;:&quot;\u2266 25 mK&quot;}\">\u2266 25 mK<\/td>\n<\/tr>\n<tr>\n<td data-sheets-value=\"{&quot;1&quot;:2,&quot;2&quot;:&quot;Kijelz\u0151 felbont\u00e1sa&quot;}\">Rozl\u00ed\u0161enie displeja<\/td>\n<td data-sheets-value=\"{&quot;1&quot;:2,&quot;2&quot;:&quot;800 \u00d7 800 px&quot;}\">800 \u00d7 800 px<\/td>\n<\/tr>\n<tr>\n<td data-sheets-value=\"{&quot;1&quot;:2,&quot;2&quot;:&quot;Wi-Fi&quot;}\">Wi-Fi<\/td>\n<td data-sheets-value=\"{&quot;1&quot;:2,&quot;2&quot;:&quot;Igen&quot;}\">\u00c1no<\/td>\n<\/tr>\n<tr>\n<td data-sheets-value=\"{&quot;1&quot;:2,&quot;2&quot;:&quot;Objekt\u00edv&quot;}\">\u0160o\u0161ovka<\/td>\n<td data-sheets-value=\"{&quot;1&quot;:2,&quot;2&quot;:&quot;45 mm&quot;}\">45 mm<\/td>\n<\/tr>\n<tr>\n<td data-sheets-value=\"{&quot;1&quot;:2,&quot;2&quot;:&quot;\u00c9szlel\u00e9si t\u00e1vols\u00e1g&quot;}\">Detek\u010dn\u00e1 vzdialenos\u0165<\/td>\n<td data-sheets-value=\"{&quot;1&quot;:2,&quot;2&quot;:&quot;1800 m&quot;}\">1800 m<\/td>\n<\/tr>\n<tr>\n<td data-sheets-value=\"{&quot;1&quot;:2,&quot;2&quot;:&quot;Optikai nagy\u00edt\u00e1s&quot;}\">Optick\u00e9 zv\u00e4\u010d\u0161enie<\/td>\n<td data-sheets-value=\"{&quot;1&quot;:2,&quot;2&quot;:&quot;2,4x&quot;}\">2,4x<\/td>\n<\/tr>\n<tr>\n<td data-sheets-value=\"{&quot;1&quot;:2,&quot;2&quot;:&quot;L\u00e1t\u00f3sz\u00f6g&quot;}\">Zorn\u00fd uhol<\/td>\n<td data-sheets-value=\"{&quot;1&quot;:2,&quot;2&quot;:&quot;7,3\u00b0 \u00d7 7,3\u00b0&quot;}\">7,3\u00b0 \u00d7 7,3\u00b0<\/td>\n<\/tr>\n<tr>\n<td data-sheets-value=\"{&quot;1&quot;:2,&quot;2&quot;:&quot;Digit\u00e1lis zoom&quot;}\">Digit\u00e1lny zoom<\/td>\n<td data-sheets-value=\"{&quot;1&quot;:2,&quot;2&quot;:&quot;8x&quot;}\">8x<\/td>\n<\/tr>\n<tr>\n<td data-sheets-value=\"{&quot;1&quot;:2,&quot;2&quot;:&quot;Dioptria korrekci\u00f3&quot;}\">Dioptrick\u00e1 korekcia<\/td>\n<td data-sheets-value=\"{&quot;1&quot;:2,&quot;2&quot;:&quot;-3D~+5D&quot;}\">-3D~+5D<\/td>\n<\/tr>\n<tr>\n<td data-sheets-value=\"{&quot;1&quot;:2,&quot;2&quot;:&quot;Fot\u00f3 k\u00e9sz\u00edt\u00e9s lehet\u0151s\u00e9g&quot;}\">Zariadenia na fotografovanie<\/td>\n<td data-sheets-value=\"{&quot;1&quot;:2,&quot;2&quot;:&quot;Igen&quot;}\">\u00c1no<\/td>\n<\/tr>\n<tr>\n<td data-sheets-value=\"{&quot;1&quot;:2,&quot;2&quot;:&quot;Vide\u00f3 k\u00e9sz\u00edt\u00e9s lehet\u0151s\u00e9g&quot;}\">Zariadenia na tvorbu vide\u00ed<\/td>\n<td data-sheets-value=\"{&quot;1&quot;:2,&quot;2&quot;:&quot;Igen&quot;}\">\u00c1no<\/td>\n<\/tr>\n<tr>\n<td data-sheets-value=\"{&quot;1&quot;:2,&quot;2&quot;:&quot;V\u00e9detts\u00e9gi szint&quot;}\">\u00darove\u0148 imunity<\/td>\n<td data-sheets-value=\"{&quot;1&quot;:2,&quot;2&quot;:&quot;IP67&quot;}\">IP67<\/td>\n<\/tr>\n<tr>\n<td data-sheets-value=\"{&quot;1&quot;:2,&quot;2&quot;:&quot;Mem\u00f3ria&quot;}\">Pam\u00e4\u0165<\/td>\n<td data-sheets-value=\"{&quot;1&quot;:2,&quot;2&quot;:&quot;microSD, 128 GB&quot;}\">microSD, 128 GB<\/td>\n<\/tr>\n<tr>\n<td data-sheets-value=\"{&quot;1&quot;:2,&quot;2&quot;:&quot;\u00dczemi h\u0151m\u00e9rs\u00e9klet&quot;}\">Prev\u00e1dzkov\u00e1 teplota<\/td>\n<td data-sheets-value=\"{&quot;1&quot;:2,&quot;2&quot;:&quot;-20\u00b0C - 50\u00b0C&quot;}\">-20 \u00b0C - 50 \u00b0C<\/td>\n<\/tr>\n<tr>\n<td data-sheets-value=\"{&quot;1&quot;:2,&quot;2&quot;:&quot;Akkumul\u00e1tor&quot;}\">Bat\u00e9ria<\/td>\n<td data-sheets-value=\"{&quot;1&quot;:2,&quot;2&quot;:&quot;1x \u00fajrat\u00f6lthet\u0151 18650&quot;}\">1x dob\u00edjac\u00ed 18650<\/td>\n<\/tr>\n<tr>\n<td data-sheets-value=\"{&quot;1&quot;:2,&quot;2&quot;:&quot;Akkumul\u00e1tor \u00fczemid\u0151&quot;}\">V\u00fddr\u017e bat\u00e9rie<\/td>\n<td data-sheets-value=\"{&quot;1&quot;:2,&quot;2&quot;:&quot;6 \u00f3ra&quot;}\">6 hod\u00edn<\/td>\n<\/tr>\n<tr>\n<td data-sheets-value=\"{&quot;1&quot;:2,&quot;2&quot;:&quot;T\u00f6meg&quot;}\">Hmotnos\u0165<\/td>\n<td data-sheets-value=\"{&quot;1&quot;:2,&quot;2&quot;:&quot;680 g&quot;}\">680 g<\/td>\n<\/tr>\n<tr>\n<td data-sheets-value=\"{&quot;1&quot;:2,&quot;2&quot;:&quot;M\u00e9retek&quot;}\">Rozmery<\/td>\n<td data-sheets-value=\"{&quot;1&quot;:2,&quot;2&quot;:&quot;350 \u00d7 88 \u00d7 95 mm&quot;}\">350 \u00d7 88 \u00d7 95 mm<\/td>\n<\/tr>\n<\/tbody>\n<\/table>\n<p>&nbsp;<\/p>\n<p>Ofici\u00e1lny popis na str\u00e1nke zna\u010dky v\u00fdrobku n\u00e1jdete tu: <a href=\"https:\/\/pard.com\/global\/store\/ts31-62-lrf-thermal-imaging-scope\/\">https:\/\/pard.com\/global\/store\/ts31-62-lrf-thermal-imaging-scope\/<\/a><\/p>","protected":false},"excerpt":{"rendered":"<p><span style=\"font-weight: 400\">V\u00fdrobca Pard predstavuje nov\u00fd produkt, ktor\u00fd u\u017e mo\u017eno pozn\u00e1te v oblasti no\u010dn\u00e9ho videnia, pu\u0161koh\u013ead DS35. Pard TS62 sa vyzna\u010duje pohodln\u00fdm kruhov\u00fdm displejom a \u013eahk\u00fdm duralov\u00fdm telom. Je to \u0161t\u00fdlov\u00e9 zariadenie s jednoduchou manipul\u00e1ciou, ktor\u00e9 vyhovie va\u0161im potreb\u00e1m.<\/span><\/p>","protected":false},"featured_media":2475,"comment_status":"open","ping_status":"closed","template":"","meta":[],"product_brand":[],"product_cat":[30,45],"product_tag":[32,18,133],"class_list":{"0":"post-2474","1":"product","2":"type-product","3":"status-publish","4":"has-post-thumbnail","6":"product_cat-celtavcso","7":"product_cat-hokamera","8":"product_tag-celtavcso","9":"product_tag-hokamera","10":"product_tag-pard","12":"first","13":"outofstock","14":"sale","15":"taxable","16":"shipping-taxable","17":"purchasable","18":"product-type-simple"},"jetpack_sharing_enabled":true,"_links":{"self":[{"href":"https:\/\/bestoptika.eu\/sk\/wp-json\/wp\/v2\/product\/2474","targetHints":{"allow":["GET"]}}],"collection":[{"href":"https:\/\/bestoptika.eu\/sk\/wp-json\/wp\/v2\/product"}],"about":[{"href":"https:\/\/bestoptika.eu\/sk\/wp-json\/wp\/v2\/types\/product"}],"replies":[{"embeddable":true,"href":"https:\/\/bestoptika.eu\/sk\/wp-json\/wp\/v2\/comments?post=2474"}],"wp:featuredmedia":[{"embeddable":true,"href":"https:\/\/bestoptika.eu\/sk\/wp-json\/wp\/v2\/media\/2475"}],"wp:attachment":[{"href":"https:\/\/bestoptika.eu\/sk\/wp-json\/wp\/v2\/media?parent=2474"}],"wp:term":[{"taxonomy":"product_brand","embeddable":true,"href":"https:\/\/bestoptika.eu\/sk\/wp-json\/wp\/v2\/product_brand?post=2474"},{"taxonomy":"product_cat","embeddable":true,"href":"https:\/\/bestoptika.eu\/sk\/wp-json\/wp\/v2\/product_cat?post=2474"},{"taxonomy":"product_tag","embeddable":true,"href":"https:\/\/bestoptika.eu\/sk\/wp-json\/wp\/v2\/product_tag?post=2474"}],"curies":[{"name":"wp","href":"https:\/\/api.w.org\/{rel}","templated":true}]}}