{"id":2497,"date":"2024-07-19T11:45:09","date_gmt":"2024-07-19T09:45:09","guid":{"rendered":"https:\/\/bestoptika.eu\/?post_type=product&#038;p=2497"},"modified":"2026-04-28T11:17:30","modified_gmt":"2026-04-28T09:17:30","slug":"pard-td62-lrf-940nm-hokamera-es-ejjellato-celtavcso-tavmerovel","status":"publish","type":"product","link":"https:\/\/bestoptika.eu\/sk\/product\/pard-td62-lrf-940nm-hokamera-es-ejjellato-celtavcso-tavmerovel\/","title":{"rendered":"Pard TD62 LRF 940nm termov\u00edzny a no\u010dn\u00fd pu\u0161koh\u013ead s pr\u00edsvitom"},"content":{"rendered":"<ul>\n<li style=\"font-weight: 400\"><span style=\"font-weight: 400\">Okr\u00fahly displej<\/span><\/li>\n<li style=\"font-weight: 400\"><span style=\"font-weight: 400\">R\u00fdchle prep\u00ednanie medzi re\u017eimom termokamery a no\u010dn\u00e9ho videnia<\/span><\/li>\n<li style=\"font-weight: 400\"><span style=\"font-weight: 400\">Sn\u00edma\u010d termokamery s rozl\u00ed\u0161en\u00edm 640 \u00d7 512 px<\/span><\/li>\n<li style=\"font-weight: 400\"><span style=\"font-weight: 400\">Tepeln\u00e1 citlivos\u0165 25 mK<\/span><\/li>\n<li style=\"font-weight: 400\"><span style=\"font-weight: 400\">Optick\u00fd modul 1920 \u00d7 1080 px pre no\u010dn\u00e9 videnie<\/span><\/li>\n<li style=\"font-weight: 400\"><span style=\"font-weight: 400\">Osvetlenie s vlnovou d\u013a\u017ekou 940 nm<\/span><\/li>\n<li style=\"font-weight: 400\"><span style=\"font-weight: 400\">Detekcia do 1800 metrov*<\/span><\/li>\n<li style=\"font-weight: 400\"><span style=\"font-weight: 400\">Laserov\u00fd dia\u013ekomer s balistickou kalkula\u010dkou<\/span><\/li>\n<\/ul>\n<p><span style=\"font-weight: 400\">Inovat\u00edvny termov\u00edzny pu\u0161koh\u013ead Pard TD62-70 je vybaven\u00fd termov\u00edznym sn\u00edma\u010dom s rozl\u00ed\u0161en\u00edm 640 \u00d7 512 px a tepelnou citlivos\u0165ou NETD \u2264 25 mK a optick\u00fdm modulom s rozl\u00ed\u0161en\u00edm 1920 \u00d7 1080 px a osvetlen\u00edm 940 nm, ktor\u00fd zabezpe\u010duje detekciu cie\u013ea v termov\u00edzii alebo v \u017eiv\u00fdch farb\u00e1ch, vo dne aj v noci, a to aj v zl\u00fdch podmienkach.<\/span><\/p>\n<p><span style=\"font-weight: 400\">V\u010faka kombin\u00e1cii termov\u00edzneho a optick\u00e9ho modulu je mo\u017en\u00e9 prep\u00edna\u0165 medzi re\u017eimami \u00fapln\u00e9ho termov\u00edzneho a no\u010dn\u00e9ho videnia alebo zobrazova\u0165 oba re\u017eimy s\u00fa\u010dasne pomocou funkcie Picture in Picture (PIP). V\u010faka tejto funkcii je detekcia a identifik\u00e1cia zveri ove\u013ea jednoduch\u0161ia, preto\u017ee kombin\u00e1cia eliminuje nev\u00fdhody re\u017eimu term\u00e1lneho alebo no\u010dn\u00e9ho videnia, \u010do v\u00e1m umo\u017en\u00ed vyu\u017ei\u0165 zariadenie na maximum.<\/span><\/p>\n<p><span style=\"font-weight: 400\">Laserov\u00fd dia\u013ekomer (LRF) a balistick\u00e1 kalkula\u010dka umo\u017e\u0148uj\u00fa lovcom r\u00fdchlo a presne ur\u010di\u0165 vzdialenos\u0165 k cie\u013eu, \u010d\u00edm sa zni\u017euje riziko chybn\u00e9ho v\u00fdstrelu. Je to u\u017eito\u010dn\u00e9 najm\u00e4 v nezn\u00e1mych oblastiach, kde je ur\u010denie vzdialenosti len pomocou termokamery \u010dasto \u0165a\u017ek\u00e9.<\/span><\/p>\n<p><span style=\"font-weight: 400\">Osvetlenie s vlnovou d\u013a\u017ekou 940 nm je pre zver nevidite\u013en\u00e9 a m\u00e1 tri nastavenia intenzity pre va\u0161e pohodlie.<\/span><\/p>\n<p><span style=\"font-weight: 400\">Objekt\u00edv s ohniskovou vzdialenos\u0165ou 45 mm poskytuje detek\u010dn\u00fa vzdialenos\u0165 a\u017e 1800 metrov s tepeln\u00fdm modulom a 400 metrov s digit\u00e1lnym modulom pri pou\u017eit\u00ed objekt\u00edvu s ohniskovou vzdialenos\u0165ou 70 mm.<\/span><\/p>\n<p><span style=\"font-weight: 400\">V\u00fdnimo\u010dn\u00fd obraz zabezpe\u010duje okr\u00fahly displej IPS LCD s rozl\u00ed\u0161en\u00edm 800 \u00d7 800 px, ktor\u00fd zaru\u010duje podobn\u00fd z\u00e1\u017eitok a maxim\u00e1lne zorn\u00e9 pole ako tradi\u010dn\u00fd pu\u0161koh\u013ead. Tento displej poskytuje jasn\u00fd, kontrastn\u00fd obraz a mimoriadne \u0161irok\u00e9 zorn\u00e9 pole pre lep\u0161\u00ed preh\u013ead. V\u010faka r\u00fdchlemu \u010dasu odozvy je sledovanie e\u0161te prirodzenej\u0161ie ako pri poh\u013eade cez be\u017en\u00fa denn\u00fa optiku.<\/span><\/p>\n<p><span style=\"font-weight: 400\">Termov\u00edzia pon\u00faka \u0161es\u0165 re\u017eimov (Biela hor\u00faca, \u010cierna hor\u00faca, Hrana, \u010cerven\u00e1 hor\u00faca, \u017delezn\u00e1 \u010derven\u00e1 hor\u00faca, Obloha) a tri pozorovacie sc\u00e9ny (Mesto, D\u00e1\u017e\u010f, Les). Pri digit\u00e1lnom sn\u00edman\u00ed si m\u00f4\u017eete vybra\u0165 medzi farebn\u00fdm denn\u00fdm a \u010diernobielym no\u010dn\u00fdm re\u017eimom.<\/span><\/p>\n<p><span style=\"font-weight: 400\">Vlo\u017ete kartu microSD s kapacitou a\u017e 128 GB (nie je s\u00fa\u010das\u0165ou balenia) a sn\u00edmajte fotografie a vide\u00e1. Ve\u013emi u\u017eito\u010dnou funkciou pu\u0161koh\u013eadu je automatick\u00e9 nahr\u00e1vanie po z\u00e1bere, ako aj mo\u017enos\u0165 okam\u017eit\u00e9ho zobrazenia alebo vymazania zaznamenan\u00fdch z\u00e1berov. Zariadenie m\u00f4\u017eete pripoji\u0165 k po\u010d\u00edta\u010du prostredn\u00edctvom v\u00fdstupu USB-C.<\/span><\/p>\n<p><span style=\"font-weight: 400\">Pu\u0161koh\u013ead m\u00e1 stupe\u0148 krytia IP67 (ochrana proti ponoreniu do vody na 30 min\u00fat do h\u013abky 1 m) a je nap\u00e1jan\u00fd nab\u00edjate\u013enou bat\u00e9riou 21700, ktor\u00e1 poskytuje 6 hod\u00edn prev\u00e1dzky. V\u010faka \u00fasporn\u00e9mu re\u017eimu sp\u00e1nku vydr\u017e\u00ed bat\u00e9ria dlh\u0161ie a je mo\u017en\u00e9 pripoji\u0165 aj powerbanku.<\/span><\/p>\n<p><span style=\"font-weight: 400\">Pon\u00fakame 3-ro\u010dn\u00fa z\u00e1ruku a v pr\u00edpade potreby aj n\u00e1hradn\u00e9 zariadenie po\u010das trvania slu\u017eby.<br \/>\n<\/span><\/p>\n<table dir=\"ltr\" border=\"1\" cellspacing=\"0\" cellpadding=\"0\" data-sheets-root=\"1\" data-sheets-baot=\"1\">\n<colgroup>\n<col width=\"192\" \/>\n<col width=\"148\" \/>\n<col width=\"120\" \/><\/colgroup>\n<tbody>\n<tr>\n<td><strong>Technick\u00e9 parametre<\/strong><\/td>\n<td><\/td>\n<td><\/td>\n<\/tr>\n<tr>\n<td>Senzor<\/td>\n<td>Modul termov\u00edzie<\/td>\n<td>Digit\u00e1lny modul<\/td>\n<\/tr>\n<tr>\n<td>Rozl\u00ed\u0161enie<\/td>\n<td>640 \u00d7 512 px<\/td>\n<td>1920 \u00d7 1080 px<\/td>\n<\/tr>\n<tr>\n<td>Teplotn\u00e1 citlivos\u0165<\/td>\n<td>\u2266 25 mK<\/td>\n<td>-<\/td>\n<\/tr>\n<tr>\n<td>N\u00e1hradn\u00e9 svetlo<\/td>\n<td>-<\/td>\n<td>940 nm<\/td>\n<\/tr>\n<tr>\n<td>Lencse<\/td>\n<td>45 mm<\/td>\n<td>70 mm<\/td>\n<\/tr>\n<tr>\n<td>Vn\u00edmanie<\/td>\n<td>1800 m<\/td>\n<td>400 m<\/td>\n<\/tr>\n<tr>\n<td>Optick\u00e9 zv\u00e4\u010d\u0161enie<\/td>\n<td>2x<\/td>\n<td>6,5x<\/td>\n<\/tr>\n<tr>\n<td>Zorn\u00e9 pole<\/td>\n<td>5,6\u00b0 \u00d7 5,6\u00b0<\/td>\n<td>2,6\u00b0 \u00d7 2,6\u00b0<\/td>\n<\/tr>\n<tr>\n<td>Rozl\u00ed\u0161enie displeja<\/td>\n<td>800 \u00d7 800 px<\/td>\n<td><\/td>\n<\/tr>\n<tr>\n<td>Wi-Fi<\/td>\n<td>\u00c1no<\/td>\n<td><\/td>\n<\/tr>\n<tr>\n<td>Digit\u00e1lny zoom<\/td>\n<td>2x<\/td>\n<td><\/td>\n<\/tr>\n<tr>\n<td>Dioptrick\u00e1 korekcia<\/td>\n<td>-5D~+3D<\/td>\n<td><\/td>\n<\/tr>\n<tr>\n<td>Mo\u017enos\u0165 fotografovania<\/td>\n<td>\u00c1no<\/td>\n<td><\/td>\n<\/tr>\n<tr>\n<td>Zariadenia na tvorbu vide\u00ed<\/td>\n<td>\u00c1no<\/td>\n<td><\/td>\n<\/tr>\n<tr>\n<td>Stupe\u0148 ochrany<\/td>\n<td>IP67<\/td>\n<td><\/td>\n<\/tr>\n<tr>\n<td>Pam\u00e4\u0165<\/td>\n<td>microSD, 128 GB<\/td>\n<td><\/td>\n<\/tr>\n<tr>\n<td>Prev\u00e1dzkov\u00e1 teplota<\/td>\n<td>-20 \u00b0C a\u017e 50 \u00b0C<\/td>\n<td><\/td>\n<\/tr>\n<tr>\n<td>Bat\u00e9ria<\/td>\n<td>1x Li-ion 21700<\/td>\n<td><\/td>\n<\/tr>\n<tr>\n<td>\u017divotnos\u0165 bat\u00e9rie<\/td>\n<td>6 hod\u00edn<\/td>\n<td><\/td>\n<\/tr>\n<tr>\n<td>Hmotnos\u0165<\/td>\n<td>800 g<\/td>\n<td><\/td>\n<\/tr>\n<tr>\n<td>Rozmery<\/td>\n<td>350 \u00d7 91 \u00d7 95 mm<\/td>\n<td><\/td>\n<\/tr>\n<\/tbody>\n<\/table>\n<p>Ofici\u00e1lny popis na str\u00e1nke zna\u010dky v\u00fdrobku n\u00e1jdete tu: <a href=\"https:\/\/pard.com\/europe\/td32-series-multi-spectral-scope\/\">https:\/\/pard.com\/europe\/td32-series-multi-spectral-scope\/<\/a><\/p>","protected":false},"excerpt":{"rendered":"<p><span style=\"font-weight: 400\">Pu\u0161koh\u013ead, ktor\u00fd kombinuje termov\u00edziu, no\u010dn\u00e9 videnie, osvetlenie a laserov\u00fd dia\u013ekomer s balistickou kalkula\u010dkou - to je Pard TD62-70 LRF 940nm! V\u00fdrobca Pard predstavuje svoj prv\u00fd f\u00fazny pr\u00edstroj vybaven\u00fd najnov\u0161\u00edmi technol\u00f3giami, ktor\u00fd umo\u017e\u0148uje r\u00fdchlo prep\u00edna\u0165 medzi termov\u00edznym a optick\u00fdm re\u017eimom alebo dokonca zobrazova\u0165 oba re\u017eimy s\u00fa\u010dasne na jednej obrazovke.<\/span><\/p>","protected":false},"featured_media":2498,"comment_status":"open","ping_status":"closed","template":"","meta":[],"product_brand":[],"product_cat":[30,39,45],"product_tag":[32,41,40,18,100,133,97],"class_list":{"0":"post-2497","1":"product","2":"type-product","3":"status-publish","4":"has-post-thumbnail","6":"product_cat-celtavcso","7":"product_cat-digitalis-ejjellato","8":"product_cat-hokamera","9":"product_tag-celtavcso","10":"product_tag-digitalis-ejjellato","11":"product_tag-ejjellato","12":"product_tag-hokamera","13":"product_tag-lezeres","14":"product_tag-pard","15":"product_tag-tavolsagmero","17":"first","18":"onbackorder","19":"sale","20":"taxable","21":"shipping-taxable","22":"purchasable","23":"product-type-simple"},"jetpack_sharing_enabled":true,"_links":{"self":[{"href":"https:\/\/bestoptika.eu\/sk\/wp-json\/wp\/v2\/product\/2497","targetHints":{"allow":["GET"]}}],"collection":[{"href":"https:\/\/bestoptika.eu\/sk\/wp-json\/wp\/v2\/product"}],"about":[{"href":"https:\/\/bestoptika.eu\/sk\/wp-json\/wp\/v2\/types\/product"}],"replies":[{"embeddable":true,"href":"https:\/\/bestoptika.eu\/sk\/wp-json\/wp\/v2\/comments?post=2497"}],"wp:featuredmedia":[{"embeddable":true,"href":"https:\/\/bestoptika.eu\/sk\/wp-json\/wp\/v2\/media\/2498"}],"wp:attachment":[{"href":"https:\/\/bestoptika.eu\/sk\/wp-json\/wp\/v2\/media?parent=2497"}],"wp:term":[{"taxonomy":"product_brand","embeddable":true,"href":"https:\/\/bestoptika.eu\/sk\/wp-json\/wp\/v2\/product_brand?post=2497"},{"taxonomy":"product_cat","embeddable":true,"href":"https:\/\/bestoptika.eu\/sk\/wp-json\/wp\/v2\/product_cat?post=2497"},{"taxonomy":"product_tag","embeddable":true,"href":"https:\/\/bestoptika.eu\/sk\/wp-json\/wp\/v2\/product_tag?post=2497"}],"curies":[{"name":"wp","href":"https:\/\/api.w.org\/{rel}","templated":true}]}}