{"id":2706,"date":"2024-09-05T05:55:25","date_gmt":"2024-09-05T03:55:25","guid":{"rendered":"https:\/\/bestoptika.eu\/?post_type=product&#038;p=2706"},"modified":"2025-08-18T19:56:02","modified_gmt":"2025-08-18T17:56:02","slug":"pard-night-stalker-4k-lrf-ejjellato-celtavcso-850nm-4x","status":"publish","type":"product","link":"https:\/\/bestoptika.eu\/sk\/product\/pard-night-stalker-4k-lrf-ejjellato-celtavcso-850nm-4x\/","title":{"rendered":"Pard Night Stalker 4K LRF 850nm 4x pu\u0161koh\u013ead, no\u010dn\u00fd zameriava\u010d s laserov\u00fdm dia\u013ekomerom"},"content":{"rendered":"<p><b>Vychutnajte si kri\u0161t\u00e1\u013eov\u00fa \u010distotu sn\u00edma\u010da 4K vo dne aj v noci!<\/b><\/p>\n<p><span style=\"font-weight: 400\">Nov\u00fd senzor no\u010dn\u00e9ho videnia Pard s rozl\u00ed\u0161en\u00edm 4K (3840 \u00d7 2160 pixelov) a citlivos\u0165ou 0,001 luxu je u\u017e pripraven\u00fd. U\u017e \u017eiadne prek\u00e1\u017eky na ceste k skuto\u010dne brilantn\u00e9mu digit\u00e1lnemu obrazu. Aj ke\u010f nie je \u013eahk\u00e9 dosiahnu\u0165 v no\u010dnom viden\u00ed pri tomto rozl\u00ed\u0161en\u00ed spr\u00e1vny v\u00fdsledok, technol\u00f3gia a v\u00fdkon spracovania obrazu Pard nenech\u00e1va \u017eiadne pochybnosti. V\u00fdnimo\u010dne jednoduch\u00e9 zameranie cie\u013ea s extr\u00e9mne detailn\u00fdm a z\u00e1rove\u0148 prirodzenej\u0161\u00edm vzh\u013eadom ako kedyko\u013evek predt\u00fdm, dokonal\u00e9 kont\u00fary vo dne aj v noci - technologick\u00e9 inov\u00e1cie v modeli Night Stalker 4K op\u00e4\u0165 pos\u00favaj\u00fa z\u00e1\u017eitok z lovu na nov\u00fa \u00farove\u0148. S\u00e9ria DS zaznamenala u pou\u017e\u00edvate\u013eov mimoriadny \u00faspech a toto nov\u00e9 vydanie je skuto\u010dnou n\u00e1dejou na vstup na vyspel\u00fd trh so 4K.<\/span><\/p>\n<p><b>Plynul\u00e1 prev\u00e1dzka, optim\u00e1lna a bezpe\u010dn\u00e1 pozorovacia vzdialenos\u0165 100 mm<\/b><\/p>\n<p><span style=\"font-weight: 400\">Pri poh\u013eade na model Night Stalker je na prv\u00fd poh\u013ead jasn\u00e9, \u017ee dizajn\u00e9ri op\u00e4\u0165 urobili v\u0161etko pre to, aby vyv\u00e1\u017eili klasick\u00fd vzh\u013ead s praktickos\u0165ou. Dobr\u00e9 remeseln\u00e9 spracovanie a robustn\u00e9 puzdro sa sn\u00fabi s hmatovo pr\u00edjemn\u00fdm, ale jemn\u00fdm ovl\u00e1dan\u00edm. Premyslen\u00fd syst\u00e9m menu sa \u013eahko ovl\u00e1da a ovl\u00e1dac\u00ed voli\u010d je pevne v ruke.<\/span><\/p>\n<p><span style=\"font-weight: 400\">Premyslen\u00fd dizajn umo\u017e\u0148uje skuto\u010dne bezpe\u010dn\u00fa vzdialenos\u0165 od \u010falekoh\u013eadu. Zorn\u00fd uhol 100 mm je najprirodzenej\u0161\u00ed, ide\u00e1lny na bezprobl\u00e9mov\u00e9 s\u00fastredenie a bezpe\u010dn\u00fd po\u010das stre\u013eby, tak\u017ee s touto \u010das\u0165ou m\u00f4\u017eete za\u017ei\u0165 klasick\u00fd z\u00e1\u017eitok z optick\u00e9ho pu\u0161koh\u013eadu vo svete digit\u00e1lnych pu\u0161koh\u013eadov. Pr\u00eddavn\u00e1 gumov\u00e1 rukov\u00e4\u0165 pom\u00e1ha zabezpe\u010di\u0165, aby svetl\u00e1 displeja neru\u0161ili no\u010dn\u00fa tmu a nezakr\u00fdvali pou\u017e\u00edvate\u013ea.<\/span><\/p>\n<p><b>\u0160tandardne s dia\u013ekomerom LRF a balistickou kalkula\u010dkou<\/b><\/p>\n<p><span style=\"font-weight: 400\">Do tohto mal\u00e9ho hlin\u00edkov\u00e9ho puzdra bol \u00faspe\u0161ne integrovan\u00fd kompaktn\u00fd, nastavite\u013en\u00fd sveteln\u00fd projektor a dia\u013ekomer. Premyslenej\u0161ie a kompaktnej\u0161ie to u\u017e jednoducho nem\u00f4\u017ee by\u0165! Modul laserov\u00e9ho dia\u013ekomera poskytuje presn\u00e9 ur\u010denie vzdialenosti a\u017e do 1200 yardov (alebo 1000 metrov), zatia\u013e \u010do integrovan\u00fd balistick\u00fd kalkul\u00e1tor umo\u017e\u0148uje zobrazenie poz\u00edcie upraven\u00e9ho kr\u00ed\u017ea jednoduch\u0161ie a r\u00fdchlej\u0161ie ako kedyko\u013evek predt\u00fdm. Na trhu dnes neexistuje efekt\u00edvnej\u0161ie a presnej\u0161ie rie\u0161enie.<\/span><\/p>\n<p><span style=\"font-weight: 400\">V\u010faka \u0161pi\u010dkov\u00e9mu premyslen\u00e9mu pou\u017e\u00edvate\u013esk\u00e9mu rozhraniu pre najlep\u0161iu pou\u017eite\u013enos\u0165 si jednoduchos\u0165 ikon, dobr\u00e9 umiestnenie a informat\u00edvny dizajn na\u010falej z\u00edskavaj\u00fa priaze\u0148 pou\u017e\u00edvate\u013eov.<\/span><\/p>\n<p><b>Prvky objekt\u00edvu ED, jasn\u00fd obraz, odolnos\u0165<\/b><\/p>\n<p><span style=\"font-weight: 400\">Prvky objekt\u00edvu ED vynikaj\u00fa v zhroma\u017e\u010fovan\u00ed svetla, zni\u017euj\u00fa farebn\u00e9 skreslenie (minim\u00e1lna chromatick\u00e1 aber\u00e1cia) a poskytuj\u00fa jasn\u00fd obraz pri extr\u00e9mne slabom osvetlen\u00ed. Okrem toho je ich povrch odoln\u00fd a trv\u00e1cny, \u010do zaru\u010duje skvel\u00e9 z\u00e1\u017eitky na dlh\u00e9 roky.<\/span><\/p>\n<p><b>Integrovan\u00fd a nastavite\u013en\u00fd \u017eiari\u010d svetla<\/b><\/p>\n<p><span style=\"font-weight: 400\">Zabudovan\u00fd sveteln\u00fd \u017eiari\u010d je plne nastavite\u013en\u00fd a mo\u017eno ho prep\u00edna\u0165 v troch stup\u0148och. Mo\u017eno ho umiestni\u0165 tak, aby v\u017edy svietil na spr\u00e1vnom mieste, pri\u010dom jednoduch\u00e1 mo\u017enos\u0165 zaostrenia v\u00e1m umo\u017en\u00ed dokonale osvetli\u0165 objekt v ka\u017edej mo\u017enej situ\u00e1cii pri love.<\/span><\/p>\n<p><b>Prirodzene vyzeraj\u00faci kruhov\u00fd displej<\/b><\/p>\n<p><span style=\"font-weight: 400\">Kruhov\u00fd displej sa prisp\u00f4sobuje po\u017eiadavk\u00e1m \u013eudsk\u00e9ho oka. Je dokonale vycentrovan\u00fd, s prirodzen\u00fdm zmyslom pre poh\u013ead a kr\u00ed\u017e sa zobrazuje cez cel\u00fa obrazovku. Displej IPS s rozl\u00ed\u0161en\u00edm 800 \u00d7 800 pixelov poskytuje \u00fa\u017easne dynamick\u00fd vizu\u00e1lny z\u00e1\u017eitok. Okrem rozl\u00ed\u0161enia 4K pon\u00faka takmer z\u00e1\u017eitok z pou\u017e\u00edvania optick\u00fdch pu\u0161koh\u013eadov po\u010das d\u0148a, \u010do je v jeho triede rozhodne ve\u013ek\u00e9 slovo.<\/span><\/p>\n<p><b>R\u00fdchly z\u00e1ber<\/b><\/p>\n<p><span style=\"font-weight: 400\">S pu\u0161koh\u013eadom Night Stalker 4K sa strie\u013ea \u013eah\u0161ie a pohodlnej\u0161ie ako kedyko\u013evek predt\u00fdm, s \u010distej\u0161\u00edm nulovan\u00edm. Sta\u010d\u00ed namieri\u0165 a strie\u013ea\u0165. Presu\u0148te kurzor na prv\u00fd bod z\u00e1sahu, ulo\u017ete a za\u017eite vzru\u0161enie, ke\u010f druh\u00fd v\u00fdstrel traf\u00ed spr\u00e1vne miesto! Pokrokov\u00fd postup stre\u013eby Pard spolu s 5 r\u00f4znymi mo\u017enos\u0165ami stre\u013eby je nielen praktick\u00fdm a r\u00fdchlym rie\u0161en\u00edm, ale mo\u017eno aj najefekt\u00edvnej\u0161\u00edm loveck\u00fdm z\u00e1\u017eitkom so v\u0161etk\u00fdmi jeho komponentmi a v\u00fdhodami.<\/span><\/p>\n<p><b>Interakt\u00edvny ovl\u00e1dac\u00ed voli\u010d<\/b><\/p>\n<p><span style=\"font-weight: 400\">Dizajn voli\u010da na hornej strane tubusu, plynulos\u0165 ovl\u00e1dania, jednoduchos\u0165 prech\u00e1dzania medzi ponukami, presn\u00e9 nastavenie \u00farovn\u00ed zv\u00e4\u010d\u0161enia s\u00fa navrhnut\u00e9 tak, aby zlep\u0161ovali pohodlie v noci.<\/span><\/p>\n<p><b>\u013dahk\u00e9 a odoln\u00e9 hlin\u00edkov\u00e9 puzdro<\/b><\/p>\n<p><span style=\"font-weight: 400\">Odoln\u00e9 a vysokopevnostn\u00e9 hlin\u00edkov\u00e9 puzdro poskytuje v\u00fdnimo\u010dn\u00fa odolnos\u0165 proti po\u0161kriabaniu a trv\u00e1cnos\u0165 v najn\u00e1ro\u010dnej\u0161\u00edch podmienkach pou\u017e\u00edvania a po\u010dasia.<\/span><\/p>\n<p><b>Z\u00e1znam videa aktivovan\u00fd z\u00e1berom<\/b><\/p>\n<p><span style=\"font-weight: 400\">Aktiv\u00e1ciou tejto funkcie sa spust\u00ed 20-sekundov\u00fd videoz\u00e1znam z\u00e1beru, ktor\u00fd vhodne rozdel\u00ed sekundy pred a po z\u00e1bere. Video sa ulo\u017e\u00ed na kartu micro SD.<\/span><\/p>\n<p><b>WiFi<\/b><\/p>\n<p><span style=\"font-weight: 400\">V\u010faka zabudovan\u00e9mu pripojeniu WiFi si m\u00f4\u017eete rozsah zobrazi\u0165 aj na displeji mobiln\u00e9ho telef\u00f3nu.<\/span><\/p>\n<p><b>IP67<\/b><\/p>\n<p><span style=\"font-weight: 400\">V\u010faka krytiu IP67 je ka\u017ed\u00e1 \u010das\u0165 puzdra pripraven\u00e1 na extr\u00e9mne poveternostn\u00e9 podmienky, ktor\u00e9 sa m\u00f4\u017eu vyskytn\u00fa\u0165 len po\u010das lovu.<\/span><\/p>\n<p><b>6000J Odolnos\u0165 proti n\u00e1razom<\/b><\/p>\n<p><span style=\"font-weight: 400\">Stabilita stre\u013eby modelu Night Stalker 4K 6000J zaru\u010duje v\u00fdnimo\u010dn\u00fa stabilitu a pohodlie.<\/span><\/p>\n<p><span style=\"font-weight: 400\">Jeho skvel\u00fd predchodca DS35 si z\u00edskal desiatky lovcov, jeho imid\u017e a pou\u017eite\u013enos\u0165 sa \u0161\u00edrili \u00fastnym podan\u00edm. Model Night Stalker 4K je jeho d\u00f4stojn\u00fdm n\u00e1stupcom. Stoj\u00ed za to sa na\u0148 pozrie\u0165.<\/span><\/p>\n<p><span style=\"font-weight: 400\">\u010eal\u0161ie funkcie:<\/span><\/p>\n<ul>\n<li style=\"font-weight: 400\"><span style=\"font-weight: 400\">Tvorba fotografi\u00ed a vide\u00ed: kr\u00e1sne, vysok\u00e9 rozl\u00ed\u0161enie<\/span><\/li>\n<li style=\"font-weight: 400\"><span style=\"font-weight: 400\">Zdie\u013eanie WiFi: na pripojenie mobiln\u00fdch zariaden\u00ed a po\u010d\u00edta\u010dov, zdie\u013eanie obr\u00e1zkov a s\u00faborov<\/span><\/li>\n<li style=\"font-weight: 400\"><span style=\"font-weight: 400\">50\/70 mm predn\u00fd objekt\u00edv: men\u0161\u00ed s vynikaj\u00facim uhlom z\u00e1beru, v\u00e4\u010d\u0161\u00ed s v\u00e4\u010d\u0161\u00edm zv\u00e4\u010d\u0161en\u00edm<\/span><\/li>\n<li style=\"font-weight: 400\"><span style=\"font-weight: 400\">850 \/ 940 nm sveteln\u00fd \u017eiari\u010d: 850 pre nekompromisn\u00fa vzdialenos\u0165, 940 pre nevidite\u013enos\u0165 lovca<\/span><\/li>\n<li style=\"font-weight: 400\"><span style=\"font-weight: 400\">Bat\u00e9ria 18650: vymenite\u013en\u00e1, s v\u00fddr\u017eou a\u017e 6 hod\u00edn<\/span><\/li>\n<li style=\"font-weight: 400\"><span style=\"font-weight: 400\">6 r\u00f4znych mo\u017enost\u00ed zameriavacieho kr\u00ed\u017ea v 4 farb\u00e1ch: plne prisp\u00f4sobite\u013en\u00e9 s 5 profilmi sn\u00edmania<\/span><\/li>\n<li style=\"font-weight: 400\"><span style=\"font-weight: 400\">Aktualiz\u00e1cia firmv\u00e9ru: jednoduch\u0161ie priebe\u017en\u00e9 aktualiz\u00e1cie z pam\u00e4\u0165ovej karty<\/span><\/li>\n<li style=\"font-weight: 400\"><span style=\"font-weight: 400\">Rameno na nastavenie zaostrenia: praktick\u00fd a profesion\u00e1lny dizajn na r\u00fdchle a jasn\u00e9 zobrazenie<\/span><\/li>\n<li style=\"font-weight: 400\"><span style=\"font-weight: 400\">Odolnos\u0165 proti v\u00fdstrelu 6000 J: trvanlivos\u0165, presnos\u0165 aj pri ve\u013ek\u00fdch kalibroch<\/span><\/li>\n<\/ul>\n<table dir=\"ltr\" border=\"1\" cellspacing=\"0\" cellpadding=\"0\" data-sheets-root=\"1\" data-sheets-baot=\"1\">\n<colgroup>\n<col width=\"242\" \/>\n<col width=\"123\" \/>\n<col width=\"123\" \/><\/colgroup>\n<tbody>\n<tr>\n<td>Technick\u00e9 parametre<\/td>\n<td>50 mm<\/td>\n<td>70 mm<\/td>\n<\/tr>\n<tr>\n<td>Horizont\u00e1lne zorn\u00e9 pole<\/td>\n<td>4.8\u00b0<\/td>\n<td>3.4\u00b0<\/td>\n<\/tr>\n<tr>\n<td>Vertik\u00e1lne zorn\u00e9 pole<\/td>\n<td>4.8\u00b0<\/td>\n<td>3.4\u00b0<\/td>\n<\/tr>\n<tr>\n<td>Diagon\u00e1lne zorn\u00e9 pole<\/td>\n<td>6.8\u00b0<\/td>\n<td>4.8\u00b0<\/td>\n<\/tr>\n<tr>\n<td>Rozl\u00ed\u0161enie sn\u00edma\u010da<\/td>\n<td colspan=\"2\" rowspan=\"1\">Pard 4K, 3840x2160px<\/td>\n<\/tr>\n<tr>\n<td>Ve\u013ekos\u0165 pixelov<\/td>\n<td colspan=\"2\" rowspan=\"1\">2,0 \u03bcm<\/td>\n<\/tr>\n<tr>\n<td>Citlivos\u0165<\/td>\n<td colspan=\"2\" rowspan=\"1\">0,001 lux<\/td>\n<\/tr>\n<tr>\n<td>Algoritmus spracovania obrazu<\/td>\n<td colspan=\"2\" rowspan=\"1\">Pard IREA<\/td>\n<\/tr>\n<tr>\n<td>Re\u017eim<\/td>\n<td colspan=\"2\" rowspan=\"1\">Farba\/\u010dierna a biela\/zelen\u00e1\/\u017elt\u00e1<\/td>\n<\/tr>\n<tr>\n<td>Zobrazenie<\/td>\n<td colspan=\"2\" rowspan=\"1\">Okr\u00fahly displej IPS LCD 800 \u00d7 800 px<\/td>\n<\/tr>\n<tr>\n<td>Dioptrick\u00e1 korekcia<\/td>\n<td colspan=\"2\" rowspan=\"1\">-5D\uff5e+5D<\/td>\n<\/tr>\n<tr>\n<td>Laserov\u00fd dia\u013ekomer<\/td>\n<td colspan=\"2\" rowspan=\"1\">\u00c1no, 1000 m<\/td>\n<\/tr>\n<tr>\n<td>Balistick\u00e1 kalkula\u010dka<\/td>\n<td colspan=\"2\" rowspan=\"1\">\u00c1no<\/td>\n<\/tr>\n<tr>\n<td>PIP<\/td>\n<td colspan=\"2\" rowspan=\"1\">\u00c1no<\/td>\n<\/tr>\n<tr>\n<td>Wi-Fi<\/td>\n<td colspan=\"2\" rowspan=\"1\">\u00c1no<\/td>\n<\/tr>\n<tr>\n<td>Karta Micro-SD<\/td>\n<td colspan=\"2\" rowspan=\"1\">128 GB (max.)<\/td>\n<\/tr>\n<tr>\n<td>Giroscope<\/td>\n<td colspan=\"2\" rowspan=\"1\">\u00c1no<\/td>\n<\/tr>\n<tr>\n<td>Automatick\u00e9 nahr\u00e1vanie videa<\/td>\n<td colspan=\"2\" rowspan=\"1\">\u00c1no<\/td>\n<\/tr>\n<tr>\n<td>Sn\u00edmanie fotografi\u00ed a vide\u00ed<\/td>\n<td colspan=\"2\" rowspan=\"1\">\u00c1no<\/td>\n<\/tr>\n<tr>\n<td>Kompas<\/td>\n<td colspan=\"2\" rowspan=\"1\">Elektronick\u00e1 str\u00e1nka<\/td>\n<\/tr>\n<tr>\n<td>Mikrof\u00f3n<\/td>\n<td colspan=\"2\" rowspan=\"1\">\u00c1no<\/td>\n<\/tr>\n<tr>\n<td>Typ USB<\/td>\n<td colspan=\"2\" rowspan=\"1\">Typ C<\/td>\n<\/tr>\n<tr>\n<td>V\u00fdstup HDMI<\/td>\n<td colspan=\"2\" rowspan=\"1\">\u00c1no<\/td>\n<\/tr>\n<tr>\n<td>IR osvetlenie<\/td>\n<td colspan=\"2\" rowspan=\"1\">940 nm, 5 W<\/td>\n<\/tr>\n<tr>\n<td>Vzdialenos\u0165 IR osvetlenia<\/td>\n<td colspan=\"2\" rowspan=\"1\">do 350 m<\/td>\n<\/tr>\n<tr>\n<td>Typ bat\u00e9rie<\/td>\n<td colspan=\"2\" rowspan=\"1\">L\u00edtium-i\u00f3nov\u00e9 18650<\/td>\n<\/tr>\n<tr>\n<td>\u017divotnos\u0165 bat\u00e9rie<\/td>\n<td colspan=\"2\" rowspan=\"1\">8 hod\u00edn<\/td>\n<\/tr>\n<tr>\n<td>Odolnos\u0165 vo\u010di vode<\/td>\n<td colspan=\"2\" rowspan=\"1\">IP67<\/td>\n<\/tr>\n<tr>\n<td>Prev\u00e1dzkov\u00e1 teplota<\/td>\n<td colspan=\"2\" rowspan=\"1\">-20\u2103\uff5e50\u2103<\/td>\n<\/tr>\n<tr>\n<td>Rozmery<\/td>\n<td colspan=\"2\" rowspan=\"1\">396 mm * 125 mm * 110 mm<\/td>\n<\/tr>\n<tr>\n<td>Hmotnos\u0165<\/td>\n<td colspan=\"2\" rowspan=\"1\">680 g<\/td>\n<\/tr>\n<\/tbody>\n<\/table>\n<p>Ofici\u00e1lny popis na str\u00e1nke zna\u010dky v\u00fdrobku n\u00e1jdete tu: <a href=\"https:\/\/pard.com\/europe\/night-stalker-4k\/\">https:\/\/pard.com\/europe\/night-stalker-4k\/<\/a><\/p>","protected":false},"excerpt":{"rendered":"<p><span style=\"font-weight: 400\">PARD Night Stalker 4K s premenliv\u00fdm zv\u00e4\u010d\u0161en\u00edm, laserov\u00fdm dia\u013ekomerom s dosahom 1000 m a balistickou kalkula\u010dkou. Syst\u00e9m de\u0148\/noc - cez de\u0148 farebn\u00fd, v noci \u010diernobiely. No\u010dn\u00e1 pozorovacia vzdialenos\u0165 a\u017e 350 m. Optick\u00e9 zv\u00e4\u010d\u0161enie 4x, 5,6x alebo 8x. Digit\u00e1lne zv\u00e4\u010d\u0161enie 2x. Kruhov\u00fd displej IPS 800 \u00d7 800 px. Sveteln\u00fd zdroj s vlnovou d\u013a\u017ekou 940 nm s 3 \u00farov\u0148ami intenzity. Funkcia Picture in Picture (PIP). Rozl\u00ed\u0161enie 3840 \u00d7 2160 4K. Pam\u00e4\u0165 a\u017e pre 5 zbran\u00ed. 6 nov\u00fdch loveck\u00fdch mieridiel. Re\u017eim \u00faspory energie (re\u017eim sp\u00e1nku). Nap\u00e1janie bat\u00e9riou 18650 (s\u00fa\u010das\u0165 dod\u00e1vky). V\u00fddr\u017e bat\u00e9rie a\u017e 8 hod\u00edn. WIFI - APP PardVision2. mechanick\u00e1 odolnos\u0165 do 6000 J (do 8\u00d768, 30-06, .308W). IP67.<\/span><\/p>","protected":false},"featured_media":2557,"comment_status":"open","ping_status":"closed","template":"","meta":[],"product_brand":[],"product_cat":[30,39],"product_tag":[32,40,133],"class_list":{"0":"post-2706","1":"product","2":"type-product","3":"status-publish","4":"has-post-thumbnail","6":"product_cat-celtavcso","7":"product_cat-digitalis-ejjellato","8":"product_tag-celtavcso","9":"product_tag-ejjellato","10":"product_tag-pard","12":"first","13":"outofstock","14":"sale","15":"taxable","16":"shipping-taxable","17":"purchasable","18":"product-type-simple"},"jetpack_sharing_enabled":true,"_links":{"self":[{"href":"https:\/\/bestoptika.eu\/sk\/wp-json\/wp\/v2\/product\/2706","targetHints":{"allow":["GET"]}}],"collection":[{"href":"https:\/\/bestoptika.eu\/sk\/wp-json\/wp\/v2\/product"}],"about":[{"href":"https:\/\/bestoptika.eu\/sk\/wp-json\/wp\/v2\/types\/product"}],"replies":[{"embeddable":true,"href":"https:\/\/bestoptika.eu\/sk\/wp-json\/wp\/v2\/comments?post=2706"}],"wp:featuredmedia":[{"embeddable":true,"href":"https:\/\/bestoptika.eu\/sk\/wp-json\/wp\/v2\/media\/2557"}],"wp:attachment":[{"href":"https:\/\/bestoptika.eu\/sk\/wp-json\/wp\/v2\/media?parent=2706"}],"wp:term":[{"taxonomy":"product_brand","embeddable":true,"href":"https:\/\/bestoptika.eu\/sk\/wp-json\/wp\/v2\/product_brand?post=2706"},{"taxonomy":"product_cat","embeddable":true,"href":"https:\/\/bestoptika.eu\/sk\/wp-json\/wp\/v2\/product_cat?post=2706"},{"taxonomy":"product_tag","embeddable":true,"href":"https:\/\/bestoptika.eu\/sk\/wp-json\/wp\/v2\/product_tag?post=2706"}],"curies":[{"name":"wp","href":"https:\/\/api.w.org\/{rel}","templated":true}]}}