{"id":2737,"date":"2024-09-11T06:15:59","date_gmt":"2024-09-11T04:15:59","guid":{"rendered":"https:\/\/bestoptika.eu\/?post_type=product&#038;p=2737"},"modified":"2025-07-01T18:48:12","modified_gmt":"2025-07-01T16:48:12","slug":"pard-ft32-hokamera-elotet-63-mm","status":"publish","type":"product","link":"https:\/\/bestoptika.eu\/sk\/product\/pard-ft32-hokamera-elotet-63-mm\/","title":{"rendered":"PARD FT32 63 mm preds\u00e1dka"},"content":{"rendered":"<p><span style=\"font-weight: 400\">V\u010faka objekt\u00edvu je dosah \u010falekoh\u013eadu a\u017e 2600 metrov. Vysokokvalitn\u00fd displej OLED s rozl\u00ed\u0161en\u00edm 1440 x 1080 px poskytuje jasn\u00fd a kontrastn\u00fd obraz, ktor\u00fd je pr\u00edjemn\u00fd pre o\u010di. Preds\u00e1dka pon\u00faka 6 r\u00f4znych re\u017eimov zobrazenia (biely hor\u00faci, \u010dierny hor\u00faci, okraj, \u010derven\u00fd hor\u00faci, \u017eelezn\u00fd \u010derven\u00fd hor\u00faci, obloha) a tri pozorovacie sc\u00e9ny (mesto, d\u00e1\u017e\u010f, les).<\/span><\/p>\n<p><span style=\"font-weight: 400\">Vlo\u017ete kartu microSD s kapacitou a\u017e 128 GB (nie je s\u00fa\u010das\u0165ou balenia) a sn\u00edmajte fotografie a vide\u00e1. Ve\u013emi u\u017eito\u010dnou funkciou pu\u0161koh\u013eadu je automatick\u00e9 nahr\u00e1vanie po z\u00e1bere, ako aj mo\u017enos\u0165 okam\u017eit\u00e9ho zobrazenia alebo vymazania zaznamenan\u00fdch z\u00e1berov. Zariadenie m\u00f4\u017eete pripoji\u0165 k po\u010d\u00edta\u010du prostredn\u00edctvom v\u00fdstupu USB-C. Samozrejme, k mobiln\u00e9mu telef\u00f3nu sa d\u00e1 pripoji\u0165 aj prostredn\u00edctvom Wi-Fi.<\/span><\/p>\n<p><span style=\"font-weight: 400\">Predradn\u00edk m\u00e1 stupe\u0148 krytia IP67 (ochrana proti ponoreniu do vody na 30 min\u00fat do h\u013abky 1 m). Nap\u00e1janie zabezpe\u010duje nab\u00edjate\u013en\u00e1 bat\u00e9ria 18650, ktor\u00e1 poskytuje 5 hod\u00edn prev\u00e1dzky. V\u010faka \u00fasporn\u00e9mu re\u017eimu sp\u00e1nku bat\u00e9ria vydr\u017e\u00ed dlh\u0161ie a je mo\u017en\u00e9 pripoji\u0165 aj powerbank.<\/span><\/p>\n<p>&nbsp;<\/p>\n<table dir=\"ltr\" style=\"height: 487px\" border=\"1\" width=\"387\" cellspacing=\"0\" cellpadding=\"0\" data-sheets-root=\"1\">\n<colgroup>\n<col width=\"181\" \/>\n<col width=\"161\" \/><\/colgroup>\n<tbody>\n<tr>\n<td data-sheets-value=\"{&quot;1&quot;:2,&quot;2&quot;:&quot;Technikai param\u00e9terek&quot;}\">Technick\u00e9 parametre<\/td>\n<td data-sheets-value=\"{&quot;1&quot;:2,&quot;2&quot;:&quot;\u00c9rt\u00e9kek&quot;}\">Hodnoty<\/td>\n<\/tr>\n<tr>\n<td data-sheets-value=\"{&quot;1&quot;:2,&quot;2&quot;:&quot;Felbont\u00e1s&quot;}\">Rozl\u00ed\u0161enie<\/td>\n<td data-sheets-value=\"{&quot;1&quot;:2,&quot;2&quot;:&quot;384 \u00d7 288 px&quot;}\">384 \u00d7 288 px<\/td>\n<\/tr>\n<tr>\n<td data-sheets-value=\"{&quot;1&quot;:2,&quot;2&quot;:&quot;H\u0151\u00e9rz\u00e9kenys\u00e9g&quot;}\">Teplotn\u00e1 citlivos\u0165<\/td>\n<td data-sheets-value=\"{&quot;1&quot;:2,&quot;2&quot;:&quot;\u2266 25 mK&quot;}\">\u2266 25 mK<\/td>\n<\/tr>\n<tr>\n<td data-sheets-value=\"{&quot;1&quot;:2,&quot;2&quot;:&quot;Objekt\u00edv&quot;}\">\u0160o\u0161ovka<\/td>\n<td data-sheets-value=\"{&quot;1&quot;:2,&quot;2&quot;:&quot;35 mm&quot;}\">35 mm<\/td>\n<\/tr>\n<tr>\n<td data-sheets-value=\"{&quot;1&quot;:2,&quot;2&quot;:&quot;\u00c9szlel\u00e9si t\u00e1vols\u00e1g&quot;}\">Detek\u010dn\u00e1 vzdialenos\u0165<\/td>\n<td data-sheets-value=\"{&quot;1&quot;:2,&quot;2&quot;:&quot;2600 m&quot;}\">2600 m<\/td>\n<\/tr>\n<tr>\n<td data-sheets-value=\"{&quot;1&quot;:2,&quot;2&quot;:&quot;Optikai nagy\u00edt\u00e1s&quot;}\">Optick\u00e9 zv\u00e4\u010d\u0161enie<\/td>\n<td data-sheets-value=\"{&quot;1&quot;:2,&quot;2&quot;:&quot;1x&quot;}\">1x<\/td>\n<\/tr>\n<tr>\n<td data-sheets-value=\"{&quot;1&quot;:2,&quot;2&quot;:&quot;L\u00e1t\u00f3mez\u0151&quot;}\">Zorn\u00e9 pole<\/td>\n<td data-sheets-value=\"{&quot;1&quot;:2,&quot;2&quot;:&quot;7,5\u00b0 \u00d7 5,6\u00b0&quot;}\">7,5\u00b0 \u00d7 5,6\u00b0<\/td>\n<\/tr>\n<tr>\n<td data-sheets-value=\"{&quot;1&quot;:2,&quot;2&quot;:&quot;Kijelz\u0151 felbont\u00e1s&quot;}\">Rozl\u00ed\u0161enie displeja<\/td>\n<td data-sheets-value=\"{&quot;1&quot;:2,&quot;2&quot;:&quot;1440 x 1080 px&quot;}\">1440 x 1080 px<\/td>\n<\/tr>\n<tr>\n<td data-sheets-value=\"{&quot;1&quot;:2,&quot;2&quot;:&quot;Wi-Fi&quot;}\">Wi-Fi<\/td>\n<td data-sheets-value=\"{&quot;1&quot;:2,&quot;2&quot;:&quot;Igen&quot;}\">\u00c1no<\/td>\n<\/tr>\n<tr>\n<td data-sheets-value=\"{&quot;1&quot;:2,&quot;2&quot;:&quot;Digit\u00e1lis zoom&quot;}\">Digit\u00e1lny zoom<\/td>\n<td data-sheets-value=\"{&quot;1&quot;:2,&quot;2&quot;:&quot;Nem&quot;}\">Nie<\/td>\n<\/tr>\n<tr>\n<td data-sheets-value=\"{&quot;1&quot;:2,&quot;2&quot;:&quot;Fot\u00f3k\u00e9sz\u00edt\u00e9si lehet\u0151s\u00e9g&quot;}\">Fotografick\u00e9 zariadenia<\/td>\n<td data-sheets-value=\"{&quot;1&quot;:2,&quot;2&quot;:&quot;Igen&quot;}\">\u00c1no<\/td>\n<\/tr>\n<tr>\n<td data-sheets-value=\"{&quot;1&quot;:2,&quot;2&quot;:&quot;Vide\u00f3k\u00e9sz\u00edt\u00e9si lehet\u0151s\u00e9g&quot;}\">Zariadenie na nahr\u00e1vanie videa<\/td>\n<td data-sheets-value=\"{&quot;1&quot;:2,&quot;2&quot;:&quot;Igen&quot;}\">\u00c1no<\/td>\n<\/tr>\n<tr>\n<td data-sheets-value=\"{&quot;1&quot;:2,&quot;2&quot;:&quot;V\u00e9detts\u00e9gi fokozat&quot;}\">Stupe\u0148 imunity<\/td>\n<td data-sheets-value=\"{&quot;1&quot;:2,&quot;2&quot;:&quot;IP67&quot;}\">IP67<\/td>\n<\/tr>\n<tr>\n<td data-sheets-value=\"{&quot;1&quot;:2,&quot;2&quot;:&quot;Mem\u00f3ria&quot;}\">Pam\u00e4\u0165<\/td>\n<td data-sheets-value=\"{&quot;1&quot;:2,&quot;2&quot;:&quot;MicroSD, 128 GB&quot;}\">MicroSD, 128 GB<\/td>\n<\/tr>\n<tr>\n<td data-sheets-value=\"{&quot;1&quot;:2,&quot;2&quot;:&quot;\u00dczemi h\u0151m\u00e9rs\u00e9klet&quot;}\">Prev\u00e1dzkov\u00e1 teplota<\/td>\n<td data-sheets-value=\"{&quot;1&quot;:2,&quot;2&quot;:&quot;-20\u00b0C - 50\u00b0C&quot;}\">-20 \u00b0C - 50 \u00b0C<\/td>\n<\/tr>\n<tr>\n<td data-sheets-value=\"{&quot;1&quot;:2,&quot;2&quot;:&quot;Akkumul\u00e1tor&quot;}\">Bat\u00e9ria<\/td>\n<td data-sheets-value=\"{&quot;1&quot;:2,&quot;2&quot;:&quot;1x Li-ion 18650&quot;}\">1x Li-ion 18650<\/td>\n<\/tr>\n<tr>\n<td data-sheets-value=\"{&quot;1&quot;:2,&quot;2&quot;:&quot;Akkumul\u00e1tor \u00e9lettartama&quot;}\">\u017divotnos\u0165 bat\u00e9rie<\/td>\n<td data-sheets-value=\"{&quot;1&quot;:2,&quot;2&quot;:&quot;5 \u00f3ra&quot;}\">5 hod\u00edn<\/td>\n<\/tr>\n<tr>\n<td data-sheets-value=\"{&quot;1&quot;:2,&quot;2&quot;:&quot;T\u00f6meg&quot;}\">Hmotnos\u0165<\/td>\n<td data-sheets-value=\"{&quot;1&quot;:2,&quot;2&quot;:&quot;370 g&quot;}\">370 g<\/td>\n<\/tr>\n<tr>\n<td data-sheets-value=\"{&quot;1&quot;:2,&quot;2&quot;:&quot;M\u00e9retek&quot;}\">Rozmery<\/td>\n<td data-sheets-value=\"{&quot;1&quot;:2,&quot;2&quot;:&quot;154 x 79 x 82 mm&quot;}\">154 x 79 x 82 mm<\/td>\n<\/tr>\n<\/tbody>\n<\/table>\n<p>&nbsp;<\/p>","protected":false},"excerpt":{"rendered":"<p><span style=\"font-weight: 400\">Spolo\u010dnos\u0165 Pard predstavuje prv\u00fd z\u00e1\u0165a\u017eov\u00fd termokamerov\u00fd pr\u00edstroj 3 v 1, ktor\u00fd nesmie ch\u00fdba\u0165 - Pard FT32! Ako je pre spolo\u010dnos\u0165 Pard zvykom, ide o ve\u013emi kompaktn\u00e9 zariadenie s r\u00fdchlou a jednoduchou obsluhou pomocou najnov\u0161\u00edch technol\u00f3gi\u00ed. Hlavnou v\u00fdhodou nov\u00e9ho modelu je, \u017ee ho mo\u017eno pou\u017e\u00edva\u0165 ako pr\u00edstroj 3 v 1: ako predradn\u00edk, monokul\u00e1r alebo \u010falekoh\u013ead. Na premenu zo z\u00e1\u0165a\u017eov\u00e9ho na monokul\u00e1r sta\u010d\u00ed o\u010dnica, ktor\u00e1 je s\u00fa\u010das\u0165ou balenia. Ak ho v\u0161ak chcete pou\u017e\u00edva\u0165 ako \u010falekoh\u013ead, mus\u00edte si zak\u00fapi\u0165 samostatn\u00fa mont\u00e1\u017e.<\/span><\/p>","protected":false},"featured_media":2395,"comment_status":"open","ping_status":"closed","template":"","meta":[],"product_brand":[],"product_cat":[36],"product_tag":[37,133],"class_list":{"0":"post-2737","1":"product","2":"type-product","3":"status-publish","4":"has-post-thumbnail","6":"product_cat-hokamera-elotet","7":"product_tag-hokamera-elotet","8":"product_tag-pard","10":"first","11":"outofstock","12":"sale","13":"taxable","14":"shipping-taxable","15":"purchasable","16":"product-type-simple"},"jetpack_sharing_enabled":true,"_links":{"self":[{"href":"https:\/\/bestoptika.eu\/sk\/wp-json\/wp\/v2\/product\/2737","targetHints":{"allow":["GET"]}}],"collection":[{"href":"https:\/\/bestoptika.eu\/sk\/wp-json\/wp\/v2\/product"}],"about":[{"href":"https:\/\/bestoptika.eu\/sk\/wp-json\/wp\/v2\/types\/product"}],"replies":[{"embeddable":true,"href":"https:\/\/bestoptika.eu\/sk\/wp-json\/wp\/v2\/comments?post=2737"}],"wp:featuredmedia":[{"embeddable":true,"href":"https:\/\/bestoptika.eu\/sk\/wp-json\/wp\/v2\/media\/2395"}],"wp:attachment":[{"href":"https:\/\/bestoptika.eu\/sk\/wp-json\/wp\/v2\/media?parent=2737"}],"wp:term":[{"taxonomy":"product_brand","embeddable":true,"href":"https:\/\/bestoptika.eu\/sk\/wp-json\/wp\/v2\/product_brand?post=2737"},{"taxonomy":"product_cat","embeddable":true,"href":"https:\/\/bestoptika.eu\/sk\/wp-json\/wp\/v2\/product_cat?post=2737"},{"taxonomy":"product_tag","embeddable":true,"href":"https:\/\/bestoptika.eu\/sk\/wp-json\/wp\/v2\/product_tag?post=2737"}],"curies":[{"name":"wp","href":"https:\/\/api.w.org\/{rel}","templated":true}]}}