{"id":2818,"date":"2024-09-14T06:10:38","date_gmt":"2024-09-14T04:10:38","guid":{"rendered":"https:\/\/bestoptika.eu\/?post_type=product&#038;p=2818"},"modified":"2025-08-13T15:46:03","modified_gmt":"2025-08-13T13:46:03","slug":"pard-nv007sp-940-lrf-ejjellato-celtavcso-utantet-45-mm","status":"publish","type":"product","link":"https:\/\/bestoptika.eu\/sk\/product\/pard-nv007sp-940-lrf-ejjellato-celtavcso-utantet-45-mm\/","title":{"rendered":"Pard NV007SP 940 LRF 45 mm digit\u00e1lne no\u010dn\u00e9 videnie, zas\u00e1dka s laserov\u00fdm dia\u013ekomerom"},"content":{"rendered":"<p><span style=\"font-weight: 400\">N\u00e1stroj je dod\u00e1van\u00fd s rovnak\u00fdmi dobre premyslen\u00fdmi zlo\u017ekami:<\/span><\/p>\n<p><span style=\"font-weight: 400\">Prilo\u017een\u00fd 45 mm up\u00ednac\u00ed strme\u0148 s prilo\u017een\u00fdmi poistn\u00fdmi kr\u00fa\u017ekami mo\u017eno pou\u017ei\u0165 s teleskopick\u00fdmi zameriava\u010dmi s priemerom 42,6 a\u017e 45 mm. Pre in\u00e9 priemery ako tieto vyh\u013eadajte na\u0161e \u010fal\u0161ie ponuky!<\/span><\/p>\n<p><span style=\"font-weight: 400\">Po ve\u013emi \u00faspe\u0161nom p\u00f4soben\u00ed radu Pard NV007 na trhu teraz prich\u00e1dza jeho zatia\u013e najpremyslenej\u0161\u00ed n\u00e1stupca NV007SP. Praktickej\u0161ie a robustnej\u0161ie puzdro je st\u00e1le k dispoz\u00edcii s dvoma sveteln\u00fdmi \u017eiari\u010dmi. Verzia 940 nanometrov m\u00e1 mierne vidite\u013en\u00fd sveteln\u00fd \u017eiari\u010d s dlh\u0161ou detek\u010dnou vzdialenos\u0165ou. Na okul\u00e1r pu\u0161koh\u013eadu je st\u00e1le mo\u017en\u00e9 namontova\u0165 digit\u00e1lny n\u00e1stavec no\u010dn\u00e9ho videnia. Dod\u00e1van\u00fa obj\u00edmku s vn\u00fatorn\u00fdm priemerom 45 mm mo\u017eno \u013eahko pripevni\u0165 na takmer ak\u00fdko\u013evek* \u010falekoh\u013ead s premenliv\u00fdm ohniskom, ktor\u00fd nem\u00e1 k\u00f3nick\u00fa kon\u0161trukciu. Kontaktujte n\u00e1s a op\u00fdtajte sa na mo\u017enosti pou\u017eitia pevn\u00e9ho zameriavacieho pr\u00edstroja!<\/span><\/p>\n<p><span style=\"font-weight: 400\">* Verzia NV007SP LRF je skr\u00e1ten\u00e9 ozna\u010denie puzdra. To sa dosiahlo umiestnen\u00edm bat\u00e9rie do \u013eavej \u010dasti zariadenia, tak\u017ee pozorovacia vzdialenos\u0165 je v\u00fdrazne lep\u0161ia ako vo verzii V. Nevznikaj\u00fa \u017eiadne probl\u00e9my s pu\u0161koh\u013eadmi namontovan\u00fdmi vzadu.<\/span><\/p>\n<p><span style=\"font-weight: 400\">Okrem jednoduch\u00e9ho pou\u017e\u00edvania je najv\u00e4\u010d\u0161\u00edm prekvapen\u00edm kvalita obrazu. Jeho denn\u00e9 farby a ostros\u0165, ako aj no\u010dn\u00fd v\u00fdkon s\u00fa ve\u013emi p\u00f4sobiv\u00e9. Najnov\u0161\u00ed sn\u00edma\u010d s rozl\u00ed\u0161en\u00edm 2560 \u00d7 1440 pixelov (v\u00fdrazne vy\u0161\u0161\u00edm ako Full HD) je ve\u013ek\u00fdm zlep\u0161en\u00edm. Objekt\u00edv s priemerom 16 mm m\u00e1 z\u00e1kladn\u00e9 zv\u00e4\u010d\u0161enie pribli\u017ene 2\u00d7. To d\u00e1va predvolen\u00e9 zv\u00e4\u010d\u0161enie 6x, napr\u00edklad na \u010falekoh\u013eade so zv\u00e4\u010d\u0161en\u00edm 3x. Pr\u00edstroj dok\u00e1\u017ee digit\u00e1lne zv\u00fd\u0161i\u0165 toto optick\u00e9 zv\u00e4\u010d\u0161enie a\u017e na 3,5-n\u00e1sobok (t. j. 7-n\u00e1sobn\u00e9 zv\u00e4\u010d\u0161enie) vo vynikaj\u00facej kvalite bez ve\u013ekolepej straty kvality obrazu. Nastavenie dioptri\u00ed a manu\u00e1lne zaostrovanie v\u00e1m pom\u00f4\u017eu dokonale zaostri\u0165 viden\u00fd obraz. Nastavenie expoz\u00edcie a jasu je k dispoz\u00edcii aj v podmienkach zhor\u0161enej vidite\u013enosti.<\/span><\/p>\n<p><span style=\"font-weight: 400\">Slot na kartu micro SD pojme a\u017e 128 GB m\u00e9di\u00ed, \u010do u\u013eah\u010duje sn\u00edmanie fotografi\u00ed s rozl\u00ed\u0161en\u00edm 2592 \u00d7 1944 pixelov (5 MP) a vide\u00ed vo form\u00e1te Full HD (1920 \u00d7 1080 pixelov) s frekvenciou 30 sn\u00edmok\/s vo form\u00e1te .avi pomocou zabudovan\u00e9ho sn\u00edma\u010da. V z\u00e1vislosti od nastavenia dok\u00e1\u017ee zaznamen\u00e1va\u0165 aj zvuk a mo\u017eno ho nastavi\u0165 tak, aby sa pri v\u00fdstrele aktivoval z\u00e1znam videa. V tomto pr\u00edpade hovoria \u010d\u00edsla za v\u0161etko. Kvalita obrazu, ktor\u00fd vid\u00edte, hovor\u00ed naozaj ve\u013ea. Intern\u00fd ve\u013ek\u00fd displej OLED so zv\u00fd\u0161en\u00fdm rozl\u00ed\u0161en\u00edm 1024 \u00d7 768 pixelov pri z\u00e1kladnom zv\u00e4\u010d\u0161en\u00ed v re\u017eime denn\u00e9ho svetla takmer konkuruje optick\u00fdm objekt\u00edvom. Pou\u017e\u00edvate\u013e si m\u00f4\u017ee vybra\u0165 medzi farebn\u00fdm a \u010diernobielym nastaven\u00edm.\u00a0<\/span><\/p>\n<p><span style=\"font-weight: 400\">Zariadenie v\u00e1\u017ei len 250 g, tak\u017ee neovplyv\u0148uje rozlo\u017eenie hmotnosti lunety, ale v\u00fdrazne zvy\u0161uje jej znalosti a pou\u017eite\u013enos\u0165. V\u010faka 940 nm sveteln\u00e9mu \u017eiari\u010du je nemyslite\u013en\u00e1 detek\u010dn\u00e1 vzdialenos\u0165 a\u017e 200 m v dokonalej tme pri maxim\u00e1lnom v\u00fdkone. Vstavan\u00fd infra\u010derven\u00fd v\u00fdkon je nastavite\u013en\u00fd v troch stup\u0148och.<\/span><\/p>\n<p><span style=\"font-weight: 400\">Pou\u017e\u00edvate\u013esky pr\u00edvetiv\u00e9 rozhranie v\u00e1m poskytuje pr\u00edstup k najd\u00f4le\u017eitej\u0161\u00edm funkci\u00e1m jedin\u00fdm stla\u010den\u00edm tla\u010didla, tak\u017ee v\u00e1s v noci nebude bolie\u0165 hlava. \u0160ikovnou funkciou je, \u017ee namiesto pohotovostn\u00e9ho re\u017eimu sa kr\u00e1tkym stla\u010den\u00edm tla\u010didla zapnutia\/vypnutia zn\u00ed\u017ei jas displeja na pribli\u017ene 10%, \u010d\u00edm sa \u0161etr\u00ed dod\u00e1van\u00e1 bat\u00e9ria 18650, ale zabezpe\u010d\u00ed sa okam\u017eit\u00e1 z\u00e1kladn\u00e1 orient\u00e1cia pri zdvihnut\u00ed doplnku k oku. Dokonca ho mo\u017eno nab\u00edja\u0165 z powerbanky prostredn\u00edctvom extern\u00e9ho konektora. Ponuku funkci\u00ed dop\u013a\u0148a konektor micro HDMI pod gumov\u00fdm krytom. V\u00fdrobcovi sa prepracovan\u00edm puzdra podarilo zlep\u0161i\u0165 aj odolnos\u0165 vo\u010di vode, pri\u010dom puzdro m\u00e1 aj li\u0161tu na uchytenie \u010fal\u0161ieho pr\u00edslu\u0161enstva.\u00a0<\/span><\/p>\n<p><span style=\"font-weight: 400\">Svetlo no\u010dn\u00e9ho videnia je nap\u00e1jan\u00e9 bat\u00e9riou 18650, ktor\u00e1 na pln\u00e9 nabitie vydr\u017e\u00ed a\u017e 8 hod\u00edn.<\/span><\/p>\n<table dir=\"ltr\" border=\"1\" cellspacing=\"0\" cellpadding=\"0\" data-sheets-root=\"1\" data-sheets-baot=\"1\">\n<colgroup>\n<col width=\"216\" \/>\n<col width=\"161\" \/><\/colgroup>\n<tbody>\n<tr>\n<td><strong>Technick\u00e9 parametre<\/strong><\/td>\n<td><\/td>\n<\/tr>\n<tr>\n<td>Senzor<\/td>\n<td>QHD 2560 \u00d7 1440 px<\/td>\n<\/tr>\n<tr>\n<td>N\u00e1hradn\u00e9 laserov\u00e9 svetlo<\/td>\n<td>940 nm<\/td>\n<\/tr>\n<tr>\n<td>Laserov\u00fd dia\u013ekomer<\/td>\n<td>\u00c1no, 1 097 m<\/td>\n<\/tr>\n<tr>\n<td>Vn\u00edmanie<\/td>\n<td>do 350 m<\/td>\n<\/tr>\n<tr>\n<td>Optick\u00e9 zv\u00e4\u010d\u0161enie<\/td>\n<td>2x<\/td>\n<\/tr>\n<tr>\n<td>Zorn\u00e9 pole<\/td>\n<td>Horizont\u00e1lne: 22\u00b0<\/td>\n<\/tr>\n<tr>\n<td><\/td>\n<td>Vertik\u00e1lne: 12\u00b0<\/td>\n<\/tr>\n<tr>\n<td><\/td>\n<td>Uhloprie\u010dka: 25\u00b0<\/td>\n<\/tr>\n<tr>\n<td>Citlivos\u0165<\/td>\n<td>0,001 lux<\/td>\n<\/tr>\n<tr>\n<td>Obnovovacia frekvencia<\/td>\n<td>30 Hz<\/td>\n<\/tr>\n<tr>\n<td>Digit\u00e1lny zoom<\/td>\n<td>1-3,5x<\/td>\n<\/tr>\n<tr>\n<td>Dioptrick\u00e1 korekcia<\/td>\n<td>-5D\uff5e+5D<\/td>\n<\/tr>\n<tr>\n<td>Obchodn\u00fd re\u017eim<\/td>\n<td>Farba\/\u010dierna a biela<\/td>\n<\/tr>\n<tr>\n<td>Zobrazenie<\/td>\n<td>OLED 0,39\u2033 1024 \u00d7 768<\/td>\n<\/tr>\n<tr>\n<td>Priemer o\u010dnice<\/td>\n<td>25 mm<\/td>\n<\/tr>\n<tr>\n<td>V\u00fdstupn\u00e1 \u0161o\u0161ovka<\/td>\n<td>22,5 mm<\/td>\n<\/tr>\n<tr>\n<td>Wi-Fi<\/td>\n<td>\u00c1no<\/td>\n<\/tr>\n<tr>\n<td>Karta Micro-SD<\/td>\n<td>\u00c1no, max. 128 GB<\/td>\n<\/tr>\n<tr>\n<td>Nastavite\u013en\u00e9 n\u00e1hradn\u00e9 svetlo<\/td>\n<td>\u00c1no<\/td>\n<\/tr>\n<tr>\n<td>Foto a video<\/td>\n<td>\u00c1no<\/td>\n<\/tr>\n<tr>\n<td>Typ USB<\/td>\n<td>Typ C<\/td>\n<\/tr>\n<tr>\n<td>V\u00fdstup HDMI<\/td>\n<td>\u00c1no<\/td>\n<\/tr>\n<tr>\n<td>Typ bat\u00e9rie<\/td>\n<td>L\u00edtium-i\u00f3nov\u00e9 18650*1<\/td>\n<\/tr>\n<tr>\n<td>\u017divotnos\u0165 bat\u00e9rie<\/td>\n<td>8 hod\u00edn<\/td>\n<\/tr>\n<tr>\n<td>Stupe\u0148 krytia<\/td>\n<td>IP67<\/td>\n<\/tr>\n<tr>\n<td>Prev\u00e1dzkov\u00e1 teplota<\/td>\n<td>-20\u00b0C\uff5e40\u00b0C<\/td>\n<\/tr>\n<tr>\n<td>Rozmery<\/td>\n<td>\n<div>\n<div>105 mm \u00d7 120 mm \u00d7 71 mm<\/div>\n<\/div>\n<\/td>\n<\/tr>\n<tr>\n<td>Hmotnos\u0165<\/td>\n<td>355 g<\/td>\n<\/tr>\n<\/tbody>\n<\/table>\n<p>Ofici\u00e1lny popis na str\u00e1nke zna\u010dky v\u00fdrobku n\u00e1jdete tu: <a href=\"https:\/\/pard.com\/nv007sp\/\">https:\/\/pard.com\/nv007sp\/<\/a><\/p>","protected":false},"excerpt":{"rendered":"<p><span style=\"font-weight: 400\">S\u00e9ria NV007 je doteraz pou\u017e\u00edvate\u013esky najjednoduch\u0161ia a najkomplexnej\u0161ia verzia. Nov\u00e1 verzia SP LRF pon\u00faka najkrat\u0161iu mo\u017en\u00fa kon\u0161trukciu, neru\u0161en\u00fa mont\u00e1\u017e na pu\u0161ky so zadnou mont\u00e1\u017eou a mo\u017enos\u0165 presn\u00e9ho ur\u010dovania vzdialenosti.<\/span><\/p>","protected":false},"featured_media":2148,"comment_status":"open","ping_status":"closed","template":"","meta":[],"product_brand":[],"product_cat":[30,39],"product_tag":[32,41,40,133],"class_list":{"0":"post-2818","1":"product","2":"type-product","3":"status-publish","4":"has-post-thumbnail","6":"product_cat-celtavcso","7":"product_cat-digitalis-ejjellato","8":"product_tag-celtavcso","9":"product_tag-digitalis-ejjellato","10":"product_tag-ejjellato","11":"product_tag-pard","13":"first","14":"outofstock","15":"taxable","16":"shipping-taxable","17":"purchasable","18":"product-type-simple"},"jetpack_sharing_enabled":true,"_links":{"self":[{"href":"https:\/\/bestoptika.eu\/sk\/wp-json\/wp\/v2\/product\/2818","targetHints":{"allow":["GET"]}}],"collection":[{"href":"https:\/\/bestoptika.eu\/sk\/wp-json\/wp\/v2\/product"}],"about":[{"href":"https:\/\/bestoptika.eu\/sk\/wp-json\/wp\/v2\/types\/product"}],"replies":[{"embeddable":true,"href":"https:\/\/bestoptika.eu\/sk\/wp-json\/wp\/v2\/comments?post=2818"}],"wp:featuredmedia":[{"embeddable":true,"href":"https:\/\/bestoptika.eu\/sk\/wp-json\/wp\/v2\/media\/2148"}],"wp:attachment":[{"href":"https:\/\/bestoptika.eu\/sk\/wp-json\/wp\/v2\/media?parent=2818"}],"wp:term":[{"taxonomy":"product_brand","embeddable":true,"href":"https:\/\/bestoptika.eu\/sk\/wp-json\/wp\/v2\/product_brand?post=2818"},{"taxonomy":"product_cat","embeddable":true,"href":"https:\/\/bestoptika.eu\/sk\/wp-json\/wp\/v2\/product_cat?post=2818"},{"taxonomy":"product_tag","embeddable":true,"href":"https:\/\/bestoptika.eu\/sk\/wp-json\/wp\/v2\/product_tag?post=2818"}],"curies":[{"name":"wp","href":"https:\/\/api.w.org\/{rel}","templated":true}]}}