{"id":2928,"date":"2024-10-13T06:55:07","date_gmt":"2024-10-13T04:55:07","guid":{"rendered":"https:\/\/bestoptika.eu\/?post_type=product&#038;p=2928"},"modified":"2026-02-14T17:02:02","modified_gmt":"2026-02-14T16:02:02","slug":"hikmicro-stellar-sq35l-3-0","status":"publish","type":"product","link":"https:\/\/bestoptika.eu\/sk\/product\/hikmicro-stellar-sq35l-3-0\/","title":{"rendered":"Hikmicro STELLAR SQ35L 3.0 termov\u00edzny pu\u0161koh\u013ead s laserov\u00fdm dia\u013ekomerom"},"content":{"rendered":"<p><strong>Hikmicro Stellar SQ35L 3.0 termov\u00edzny pu\u0161koh\u013ead s laserov\u00fdm dia\u013ekomerom<\/strong><\/p>\n<p>Za\u017eite loveck\u00fa revol\u00faciu s termov\u00edznym pu\u0161koh\u013eadom Stellar 3.0, ktor\u00fd odhal\u00ed ka\u017ed\u00fd detail aj v tej najtemnej\u0161ej noci!<\/p>\n<p>Sn\u00edma\u010d termokamery 640 \u00d7 512 px<br \/>\nTepeln\u00e1 citlivos\u0165 15 mK<br \/>\nDetek\u010dn\u00e1 vzdialenos\u0165 do 1800 metrov<br \/>\nLaserov\u00fd dia\u013ekomer<br \/>\nChytr\u00e1 korekcia bez z\u00e1mku<br \/>\nMagnetick\u00fd ochrann\u00fd kryt objekt\u00edvu<\/p>\n<p>Model SQ35L 3.0 sa m\u00f4\u017ee pochv\u00e1li\u0165 jadrom termokamery s rozl\u00ed\u0161en\u00edm 640 \u00d7 512 px a tepelnou citlivos\u0165ou \u2264 15 mK, ktor\u00e1 poskytuje dokonale detailn\u00fd obraz, na ktorom s\u00fa dokonca vidie\u0165 aj vlasy a parohy.<\/p>\n<p>V\u010faka objekt\u00edvu s ohniskovou vzdialenos\u0165ou 35 mm a optick\u00e9mu zv\u00e4\u010d\u0161eniu 2,5x m\u00e1 \u010falekoh\u013ead detek\u010dn\u00fd dosah a\u017e 1800 metrov. S integrovan\u00fdm modulom LRF m\u00f4\u017eete mera\u0165 a\u017e do vzdialenosti 1000 metrov. Vysokokvalitn\u00fd zakriven\u00fd displej OLED m\u00e1 rozl\u00ed\u0161enie 2560 x 2560 px, poskytuje jasn\u00fd obraz s bohat\u00fdm kontrastom a z\u00e1rove\u0148 je nen\u00e1ro\u010dn\u00fd na o\u010di.<\/p>\n<p>S\u00e9ria Stellar 3.0 je vybaven\u00e1 inteligentn\u00fdm korek\u010dn\u00fdm syst\u00e9mom bez z\u00e1mku (HSIS), ktor\u00fd vyu\u017e\u00edva umel\u00fa inteligenciu (AI) na prisp\u00f4sobenie sa pou\u017e\u00edvaniu. Je tie\u017e vybaven\u00fd technol\u00f3giou Image Pro 2.0, ktor\u00e1 v\u00fdrazne zlep\u0161uje spracovanie a zobrazovanie obrazu.<\/p>\n<p>So vstavanou pam\u00e4\u0165ou s kapacitou a\u017e 64 GB m\u00f4\u017eete tie\u017e fotografova\u0165 a nahr\u00e1va\u0165 vide\u00e1 so zvukom. U\u017eito\u010dnou funkciou \u010falekoh\u013eadu je automatick\u00e9 nahr\u00e1vanie po skon\u010den\u00ed sn\u00edmania a mo\u017enos\u0165 okam\u017eit\u00e9ho zobrazenia alebo vymazania zaznamenan\u00fdch z\u00e1berov. Zariadenie m\u00f4\u017eete pripoji\u0165 k po\u010d\u00edta\u010du prostredn\u00edctvom USB-C alebo ho prepoji\u0165 s aplik\u00e1ciou HIKMICRO Sight.<\/p>\n<p>\u010ealekoh\u013ead m\u00e1 stupe\u0148 krytia IP67 a odoln\u00e9 hlin\u00edkov\u00e9 puzdro, v\u010faka \u010domu je Stellar 3.0 vhodn\u00fd do n\u00e1ro\u010dn\u00fdch podmienok, napr\u00edklad do da\u017e\u010fa a snehu. Nikdy nezme\u0161k\u00e1te \u017eiaden okamih v\u010faka kombin\u00e1cii dvoch vstavan\u00fdch a jednej vymenite\u013enej bat\u00e9rie, ktor\u00e9 poskytuj\u00fa celkovo a\u017e 9 hod\u00edn pozorovania! Bat\u00e9riu mo\u017eno \u0161etri\u0165 pomocou re\u017eimu sp\u00e1nku a v pr\u00edpade potreby mo\u017eno pripoji\u0165 powerbanku.<\/p>\n<p>Na zariadenie sa vz\u0165ahuje 3-ro\u010dn\u00e1 z\u00e1ruka a v pr\u00edpade servisu v\u00e1m zaru\u010dujeme n\u00e1hradn\u00e9 zariadenie.<\/p>\n<table dir=\"ltr\" border=\"1\" cellspacing=\"0\" cellpadding=\"0\" data-sheets-root=\"1\" data-sheets-baot=\"1\">\n<colgroup>\n<col width=\"226\" \/>\n<col width=\"275\" \/><\/colgroup>\n<tbody>\n<tr>\n<td>Wi-Fi<\/td>\n<td>\u00c1no<\/td>\n<\/tr>\n<tr>\n<td>Senzor<\/td>\n<td>640 \u00d7 512 px<\/td>\n<\/tr>\n<tr>\n<td>Teplotn\u00e1 citlivos\u0165<\/td>\n<td>&lt; 15 mK<\/td>\n<\/tr>\n<tr>\n<td>Rozl\u00ed\u0161enie displeja<\/td>\n<td>2560 \u00d7 2560 px<\/td>\n<\/tr>\n<tr>\n<td>Lencse<\/td>\n<td>35 mm<\/td>\n<\/tr>\n<tr>\n<td>Vn\u00edmanie<\/td>\n<td>1800 m<\/td>\n<\/tr>\n<tr>\n<td>Optick\u00e9 zv\u00e4\u010d\u0161enie<\/td>\n<td>2,5x<\/td>\n<\/tr>\n<tr>\n<td>Digit\u00e1lny zoom<\/td>\n<td>9,8x<\/td>\n<\/tr>\n<tr>\n<td>Laserov\u00fd dia\u013ekomer<\/td>\n<td>\u00c1no, dosah 1000 m<\/td>\n<\/tr>\n<tr>\n<td>Balistick\u00e1 kalkula\u010dka<\/td>\n<td>\u00c1no<\/td>\n<\/tr>\n<tr>\n<td>Zorn\u00e9 pole<\/td>\n<td>12,5\u00b0 \u00d7 10,0\u00b0<\/td>\n<\/tr>\n<tr>\n<td>Dioptrick\u00e1 korekcia<\/td>\n<td>-5D \u223c +3D<\/td>\n<\/tr>\n<tr>\n<td>Mo\u017enos\u0165 fotografovania<\/td>\n<td>\u00c1no<\/td>\n<\/tr>\n<tr>\n<td>Zariadenia na tvorbu vide\u00ed<\/td>\n<td>\u00c1no<\/td>\n<\/tr>\n<tr>\n<td>Zvukov\u00fd z\u00e1znam<\/td>\n<td>\u00c1no<\/td>\n<\/tr>\n<tr>\n<td>Stupe\u0148 imunity<\/td>\n<td>IP67<\/td>\n<\/tr>\n<tr>\n<td>Pam\u00e4\u0165<\/td>\n<td>Vstavan\u00fd, 64 GB<\/td>\n<\/tr>\n<tr>\n<td>Prev\u00e1dzkov\u00e1 teplota<\/td>\n<td>-30\u00b0C a\u017e 55\u00b0C<\/td>\n<\/tr>\n<tr>\n<td>Bat\u00e9ria<\/td>\n<td>2x vstavan\u00fd, 1x vymenite\u013en\u00fd 18650<\/td>\n<\/tr>\n<tr>\n<td>V\u00fddr\u017e bat\u00e9rie<\/td>\n<td>9 hod\u00edn<\/td>\n<\/tr>\n<tr>\n<td>Hmotnos\u0165<\/td>\n<td>830 g<\/td>\n<\/tr>\n<tr>\n<td>Ve\u013ekos\u0165<\/td>\n<td>410 \u00d7 86 \u00d7 85 mm<\/td>\n<\/tr>\n<\/tbody>\n<\/table>\n<p>Obsah balenia:<\/p>\n<ul>\n<li>Termov\u00edzny pu\u0161koh\u013ead HIKMICRO STELLAR SQ35L 3.0<\/li>\n<li>2x dob\u00edjacia bat\u00e9ria 18650<\/li>\n<li>1x nab\u00edja\u010dka bat\u00e9ri\u00ed<\/li>\n<li>1x k\u00e1bel USB-C<\/li>\n<li>Puzdro na teleskopick\u00fd zameriava\u010d<\/li>\n<li>Vrecko na nosi\u010d<\/li>\n<li>Utierky<\/li>\n<\/ul>","protected":false},"excerpt":{"rendered":"<p>Termokamera s laserov\u00fdm dia\u013ekomerom. Sn\u00edma\u010d termokamery: 640 \u00d7 512 px, 12 \u03bcm. Citlivos\u0165 sn\u00edma\u010da termokamery: \u2264 15 mK. Objekt\u00edv: 35 mm. Detek\u010dn\u00e1 vzdialenos\u0165: 1800 m. Optick\u00e9 zv\u00e4\u010d\u0161enie: 2,5\u00d7. Digit\u00e1lne zv\u00e4\u010d\u0161enie: 9,8x. Displej: 2560 \u00d7 2560 px. Funkcia Image Pro 2.0. Inteligentn\u00e1 korekcia bez uz\u00e1vierky. Balistick\u00e1 kalkula\u010dka. Re\u017eim \u00faspory energie (sp\u00e1nok). V\u00fddr\u017e bat\u00e9rie: 9 hod\u00edn. Nap\u00e1janie: 2x vstavan\u00e1 a 1x vymenite\u013en\u00e1 bat\u00e9ria 18650.<\/p>","protected":false},"featured_media":2920,"comment_status":"open","ping_status":"closed","template":"","meta":[],"product_brand":[],"product_cat":[30,45],"product_tag":[32,31,18],"class_list":{"0":"post-2928","1":"product","2":"type-product","3":"status-publish","4":"has-post-thumbnail","6":"product_cat-celtavcso","7":"product_cat-hokamera","8":"product_tag-celtavcso","9":"product_tag-hikmicro","10":"product_tag-hokamera","12":"first","13":"instock","14":"sale","15":"taxable","16":"shipping-taxable","17":"purchasable","18":"product-type-simple"},"jetpack_sharing_enabled":true,"_links":{"self":[{"href":"https:\/\/bestoptika.eu\/sk\/wp-json\/wp\/v2\/product\/2928","targetHints":{"allow":["GET"]}}],"collection":[{"href":"https:\/\/bestoptika.eu\/sk\/wp-json\/wp\/v2\/product"}],"about":[{"href":"https:\/\/bestoptika.eu\/sk\/wp-json\/wp\/v2\/types\/product"}],"replies":[{"embeddable":true,"href":"https:\/\/bestoptika.eu\/sk\/wp-json\/wp\/v2\/comments?post=2928"}],"wp:featuredmedia":[{"embeddable":true,"href":"https:\/\/bestoptika.eu\/sk\/wp-json\/wp\/v2\/media\/2920"}],"wp:attachment":[{"href":"https:\/\/bestoptika.eu\/sk\/wp-json\/wp\/v2\/media?parent=2928"}],"wp:term":[{"taxonomy":"product_brand","embeddable":true,"href":"https:\/\/bestoptika.eu\/sk\/wp-json\/wp\/v2\/product_brand?post=2928"},{"taxonomy":"product_cat","embeddable":true,"href":"https:\/\/bestoptika.eu\/sk\/wp-json\/wp\/v2\/product_cat?post=2928"},{"taxonomy":"product_tag","embeddable":true,"href":"https:\/\/bestoptika.eu\/sk\/wp-json\/wp\/v2\/product_tag?post=2928"}],"curies":[{"name":"wp","href":"https:\/\/api.w.org\/{rel}","templated":true}]}}