{"id":2953,"date":"2024-10-27T13:45:28","date_gmt":"2024-10-27T12:45:28","guid":{"rendered":"https:\/\/bestoptika.eu\/?post_type=product&#038;p=2953"},"modified":"2026-05-07T10:46:12","modified_gmt":"2026-05-07T08:46:12","slug":"hikmicro-habrok-pro-hq50l","status":"publish","type":"product","link":"https:\/\/bestoptika.eu\/sk\/product\/hikmicro-habrok-pro-hq50l\/","title":{"rendered":"Hikmicro HABROK PRO HQ50L Multispektr\u00e1lny binokul\u00e1r s laserov\u00fdm dia\u013ekomerom"},"content":{"rendered":"<section id=\"artdet__long-description\" class=\"long-description main-block\">\n<div class=\"container container-max-xl\">\n<div class=\"long-description__content text-justify\">\n<p><strong>HIKMICRO HABROK PRO HQ50L Multispektr\u00e1lny binokul\u00e1r s laserov\u00fdm dia\u013ekomerom<\/strong><\/p>\n<p><strong>Rozl\u00ed\u0161enie sn\u00edmacieho prvku je 640 \u00d7 512 pixelov, \u010do v kombin\u00e1cii s mimoriadne vysokou tepelnou citlivos\u0165ou (NETD &lt; 15 mK) zaru\u010duje ve\u013emi p\u00f4sobiv\u00fd tepeln\u00fd obraz s jasnou a presnou identifik\u00e1ciou detailov a pozadia za r\u00f4znych poveternostn\u00fdch podmienok a osvetlenia.<br \/>\nTermokamera m\u00e1 50 mm predn\u00fd objekt\u00edv so 4,3-n\u00e1sobn\u00fdm optick\u00fdm pribl\u00ed\u017een\u00edm.<br \/>\n<\/strong><br \/>\nExistuje nieko\u013eko funkci\u00ed, ktor\u00e9 robia pou\u017e\u00edvanie Habroku skvel\u00fdm z\u00e1\u017eitkom: -\u00a0<strong>0,49-palcov\u00fd zaoblen\u00fd displej OLED s rozl\u00ed\u0161en\u00edm 1920 x 1080 pixelov (FullHD),<\/strong><br \/>\ndigit\u00e1lny kompas, re\u017eim obraz v obraze, Zoom Pro, technol\u00f3gia WDR - optimalizuje dynamiku obrazu optimaliz\u00e1ciou jasu, automatick\u00e9 vypnutie obrazovky pre \u00fasporu energie, ukladanie obrazu a videa prostredn\u00edctvom aplik\u00e1cie Hikmicro Sight, \u017eiv\u00fd obraz, dia\u013ekov\u00e9 ovl\u00e1danie, \u010desk\u00e9 menu.<\/p>\n<p>Jedn\u00fdm z hlavn\u00fdch cie\u013eov spolo\u010dnosti HIKMICRO je zabezpe\u010di\u0165, aby term\u00e1lne sn\u00edmky vytvoren\u00e9 jej zariadeniami boli \u010do najdokonalej\u0161ie.  Proces vylep\u0161enia obrazu Image Pro 2.0 v s\u00e9rii Habrok Pro pom\u00e1ha vytvori\u0165 \u010do najdokonalej\u0161\u00ed obraz: zvy\u0161uje dynamiku obrazu a z\u00e1rove\u0148 zni\u017euje \u0161um.<\/p>\n<p><img loading=\"lazy\" decoding=\"async\" src=\"https:\/\/www.spektiv.hu\/custom\/modernalarm01\/image\/cache\/w0h0q80np1\/product\/H%C5%91kamera%20%C3%A9jjell%C3%A1t%C3%B3\/HIKMICRO\/HabrokPro\/Imagepro_zoompro.jpg\" width=\"582\" height=\"440\" \/><\/p>\n<p>Pokia\u013e ide o funkciu no\u010dn\u00e9ho videnia zariadenia, m\u00f4\u017eeme zd\u00f4razni\u0165 nasledovn\u00e9:<\/p>\n<p><strong>Sn\u00edma\u010d CMOS s rozl\u00ed\u0161en\u00edm 3840 x 2160 (kvalita 4K)\u00a0<\/strong>a objekt\u00edvom 60 mm F2,2 poskytuje vysokokvalitn\u00e9 sn\u00edmky aj za siln\u00e9ho s\u00famraku. V\u010faka zabudovan\u00e9mu infra\u010derven\u00e9mu \u017eiari\u010du s vlnovou d\u013a\u017ekou 850 nm, ktor\u00fd m\u00e1 nastavite\u013en\u00fd uhol osvetlenia a jas, m\u00f4\u017eete v noci pozorova\u0165 na vzdialenos\u0165 pribli\u017ene 400 m. Technol\u00f3gia Smart IR je zodpovedn\u00e1 za expoz\u00edciu a kvalitu obrazu vytvoren\u00e9ho infra\u010derven\u00fdm sn\u00edma\u010dom.<\/p>\n<p><strong>Digit\u00e1lna kamera s no\u010dn\u00fdm viden\u00edm ve\u013ekos\u0165 predn\u00e9ho objekt\u00edvu 60 mm<\/strong>so z\u00e1kladn\u00fdm zv\u00e4\u010d\u0161en\u00edm 5,5x, ktor\u00e9 mo\u017eno digit\u00e1lne zv\u00e4\u010d\u0161i\u0165 a\u017e na 22x.<\/p>\n<p>S\u00e9ria HABROK Pro bola navrhnut\u00e1 tak, aby pon\u00fakla vynikaj\u00faci zobrazovac\u00ed v\u00fdkon, ale aj prisp\u00f4sobenie pou\u017e\u00edvania optiky potreb\u00e1m pou\u017e\u00edvate\u013ea: oba objekt\u00edvy maj\u00fa nastavite\u013en\u00e9 zaostrenie a vzdialenos\u0165 medzi zorn\u00edkmi mo\u017eno nastavi\u0165 (60 mm - 74 mm).<\/p>\n<p>Z h\u013eadiska vzh\u013eadu m\u00e1 s\u00e9ria HABROK PRO podobu klasick\u00e9ho dvojok\u00e9ho denn\u00e9ho \u010falekoh\u013eadu s ergonomick\u00fdm dizajnom a rozlo\u017een\u00edm tla\u010didiel,\u00a0<strong>Hmotnos\u0165 &lt;900 g<\/strong>V\u00fdsledkom je mimoriadne kompaktn\u00e9 zariadenie, ktor\u00e9 sa \u013eahko dr\u017e\u00ed v ruke.<\/p>\n<p>Zariadenie je izolovan\u00e9 proti prachu a vode\u00a0<strong>IP67<\/strong>-ochranu, tak\u017ee sa pod\u013ea v\u00fdrobcu m\u00f4\u017ee pou\u017e\u00edva\u0165 aj vo ve\u013emi nepriazniv\u00fdch poveternostn\u00fdch podmienkach s teplotami od -30 do +55 \u00b0C.<\/p>\n<p>HABROK Pro sa dod\u00e1va so \u0161peci\u00e1lnymi vymenite\u013en\u00fdmi dob\u00edjate\u013en\u00fdmi l\u00edtiov\u00fdmi bat\u00e9riami, ktor\u00e9 zabezpe\u010duj\u00fa a\u017e 10,5 hodiny nepretr\u017eitej prev\u00e1dzky.<\/p>\n<p>Pr\u00edslu\u0161enstvo zah\u0155\u0148a puzdro s popruhom, ktor\u00e9 je vyroben\u00e9 z ve\u013emi dobre navrhnut\u00e9ho m\u00e4kk\u00e9ho (tich\u00e9ho) materi\u00e1lu, s uz\u00e1verom odoln\u00fdm proti zacvaknutiu a popruhmi Molle na profesion\u00e1lne pou\u017eitie.<\/p>\n<\/div>\n<\/div>\n<\/section>\n<div id=\"artdet__datas\" class=\"data main-block\">\n<div class=\"container container-max-xl\">\n<div class=\"data__title main-title\">\u00dadaje<\/div>\n<\/div>\n<\/div>\n<table dir=\"ltr\" border=\"1\" cellspacing=\"0\" cellpadding=\"0\" data-sheets-root=\"1\" data-sheets-baot=\"1\">\n<colgroup>\n<col width=\"228\" \/>\n<col width=\"376\" \/><\/colgroup>\n<tbody>\n<tr>\n<td>V\u00fdrobca<\/td>\n<td>Hikmicro<\/td>\n<\/tr>\n<tr>\n<td>Detek\u010dn\u00e1 vzdialenos\u0165<\/td>\n<td>2 600 m<\/td>\n<\/tr>\n<tr>\n<td>Syst\u00e9m objekt\u00edvov<\/td>\n<td>Ohniskov\u00e1 vzdialenos\u0165 50 mm, F1,0, manu\u00e1lne zaostrovanie<\/td>\n<\/tr>\n<tr>\n<td>Digit\u00e1lny zoom<\/td>\n<td>2x \/ 4x \/ 8x<\/td>\n<\/tr>\n<tr>\n<td>Maxim\u00e1lne zv\u00e4\u010d\u0161enie (optick\u00e9 + digit\u00e1lne)<\/td>\n<td>20x<\/td>\n<\/tr>\n<tr>\n<td>Senzor<\/td>\n<td>640 \u00d7 512 pixelov, ve\u013ekos\u0165 pixla 12 \u00b5m<\/td>\n<\/tr>\n<tr>\n<td>\u0160peci\u00e1lna funkcia<\/td>\n<td>\n<div>\n<div>du\u00e1lny displej, laserov\u00fd dia\u013ekomer, pr\u00eddavn\u00e1 denn\u00e1 kamera (bispektr\u00e1lna)<\/div>\n<\/div>\n<\/td>\n<\/tr>\n<tr>\n<td>Zobrazenie<\/td>\n<td>1920 x 1080 OLED<\/td>\n<\/tr>\n<tr>\n<td>Ukladanie \u00fadajov<\/td>\n<td>64 GB vstavanej pam\u00e4te<\/td>\n<\/tr>\n<tr>\n<td>Dod\u00e1vka energie<\/td>\n<td>vymenite\u013en\u00fd, dob\u00edjate\u013en\u00fd l\u00edtium-i\u00f3nov\u00fd akumul\u00e1tor<\/td>\n<\/tr>\n<tr>\n<td>Odch\u00e1dzaj\u00faci \u017eiak<\/td>\n<td>8 mm<\/td>\n<\/tr>\n<tr>\n<td>Priemer prednej \u0161o\u0161ovky<\/td>\n<td>50 mm<\/td>\n<\/tr>\n<tr>\n<td>Kompenz\u00e1cia dioptri\u00ed<\/td>\n<td>-5 - +3 dpt<\/td>\n<\/tr>\n<tr>\n<td>N\u00e1hradn\u00fd zdroj energie<\/td>\n<td>5V\/9V DC, 3 A<\/td>\n<\/tr>\n<tr>\n<td>Stavebn\u00edctvo<\/td>\n<td>Vyh\u013ead\u00e1vanie pomocou dvoch o\u010d\u00ed<\/td>\n<\/tr>\n<tr>\n<td>Aktualiz\u00e1cia obr\u00e1zkov<\/td>\n<td>50 Hz<\/td>\n<\/tr>\n<tr>\n<td>Re\u017eimy farieb displeja<\/td>\n<td>4 typy: \u010dierna hor\u00faca, biela hor\u00faca, \u010derven\u00e1 hor\u00faca, f\u00fazia<\/td>\n<\/tr>\n<tr>\n<td>Zorn\u00fd uhol<\/td>\n<td>8.8\u00b0 x 5.3\u00b0<\/td>\n<\/tr>\n<tr>\n<td>Spektr\u00e1lny rozsah merania<\/td>\n<td>8 - 14 \u00b5m<\/td>\n<\/tr>\n<tr>\n<td>Odolnos\u0165 proti n\u00e1razu<\/td>\n<td>do 1 m p\u00e1du z v\u00fd\u0161ky<\/td>\n<\/tr>\n<tr>\n<td>V\u00fddr\u017e<\/td>\n<td>a\u017e 10,5 hodiny<\/td>\n<\/tr>\n<tr>\n<td>Odolnos\u0165 vo\u010di vode<\/td>\n<td>IP67<\/td>\n<\/tr>\n<tr>\n<td>Prev\u00e1dzkov\u00e1 teplota \/ teplota skladovania<\/td>\n<td>-30 - +55\u00b0C<\/td>\n<\/tr>\n<tr>\n<td>Rozmery<\/td>\n<td>142,9 \u00d7 79,7 \u00d7 230,5 mm<\/td>\n<\/tr>\n<tr>\n<td>Pr\u00edslu\u0161enstvo<\/td>\n<td>\n<div>\n<div>Nab\u00edja\u010dka bat\u00e9ri\u00ed, Nap\u00e1jac\u00ed k\u00e1bel, \u010cistiaca handri\u010dka, Remienok na krk, Manu\u00e1l, 2 bat\u00e9rie, Adapt\u00e9r na stat\u00edv, Puzdro na pren\u00e1\u0161anie s popruhom<\/div>\n<\/div>\n<\/td>\n<\/tr>\n<tr>\n<td>Farba<\/td>\n<td>\u010cierna<\/td>\n<\/tr>\n<tr>\n<td>Hmotnos\u0165 spotrebi\u010da<\/td>\n<td>975 g vr\u00e1tane bat\u00e9rie<\/td>\n<\/tr>\n<tr>\n<td>Z\u00e1ruka v\u00fdrobcu<\/td>\n<td>\n<div>\n<div>3 roky z\u00e1ruka v\u00fdrobcu, bat\u00e9ria sn\u00edma\u010da 10 rokov z\u00e1ruka v\u00fdrobcu<\/div>\n<\/div>\n<\/td>\n<\/tr>\n<tr>\n<td>Minim\u00e1lna vzdialenos\u0165 merania<\/td>\n<td>10 m<\/td>\n<\/tr>\n<tr>\n<td>Parametre lasera<\/td>\n<td>Trieda 1<\/td>\n<\/tr>\n<tr>\n<td>Rozl\u00ed\u0161enie sn\u00edma\u010da<\/td>\n<td>3840 x 2160 pixelov<\/td>\n<\/tr>\n<tr>\n<td>Z\u00e1kladn\u00e9 zv\u00e4\u010d\u0161enie (optick\u00e9)<\/td>\n<td>5,5 X<\/td>\n<\/tr>\n<tr>\n<td>Maxim\u00e1lne zv\u00e4\u010d\u0161enie (optick\u00e9 + digit\u00e1lne)<\/td>\n<td>22<\/td>\n<\/tr>\n<tr>\n<td>Digit\u00e1lny zoom<\/td>\n<td>1x - 4x<\/td>\n<\/tr>\n<tr>\n<td>Fotosenzitivita<\/td>\n<td>nie je zn\u00e1me<\/td>\n<\/tr>\n<tr>\n<td>Horizont\u00e1lny uhol z\u00e1beru<\/td>\n<td>7,3 \u00b0<\/td>\n<\/tr>\n<tr>\n<td>Detekcia pixelov na 100 m<\/td>\n<td>\u0160tvorcov\u00e1 d\u013a\u017eka strany 34 mm<\/td>\n<\/tr>\n<tr>\n<td>Syst\u00e9m objekt\u00edvov<\/td>\n<td>60 mm, F2,2<\/td>\n<\/tr>\n<tr>\n<td>Detek\u010dn\u00e1 vzdialenos\u0165<\/td>\n<td>350 m<\/td>\n<\/tr>\n<tr>\n<td>Vlnov\u00e1 d\u013a\u017eka<\/td>\n<td>850 nm<\/td>\n<\/tr>\n<tr>\n<td>Pr\u00edsvit<\/td>\n<td>Nach\u00e1dza sa na adrese<\/td>\n<\/tr>\n<tr>\n<td>Webov\u00e1 lokalita<\/td>\n<td><a class=\"in-cell-link\" href=\"https:\/\/www.hikmicrotech.com\/en\/outdoor-products\/h\" target=\"_blank\" rel=\"noopener\">https<\/a><a class=\"in-cell-link\" href=\"https:\/\/www.hikmicrotech.com\/en\/outdoor-products\/h\" target=\"_blank\" rel=\"noopener\">:\/\/www<\/a><a class=\"in-cell-link\" href=\"https:\/\/www.hikmicrotech.com\/en\/outdoor-products\/h\" target=\"_blank\" rel=\"noopener\">.hikmicrotech<\/a><a class=\"in-cell-link\" href=\"https:\/\/www.hikmicrotech.com\/en\/outdoor-products\/h\" target=\"_blank\" rel=\"noopener\">.com<\/a><a class=\"in-cell-link\" href=\"https:\/\/www.hikmicrotech.com\/en\/outdoor-products\/h\" target=\"_blank\" rel=\"noopener\">\/en<\/a><a class=\"in-cell-link\" href=\"https:\/\/www.hikmicrotech.com\/en\/outdoor-products\/h\" target=\"_blank\" rel=\"noopener\">\/vonku<\/a><a class=\"in-cell-link\" href=\"https:\/\/www.hikmicrotech.com\/en\/outdoor-products\/h\" target=\"_blank\" rel=\"noopener\">-produkty<\/a><a class=\"in-cell-link\" href=\"https:\/\/www.hikmicrotech.com\/en\/outdoor-products\/h\" target=\"_blank\" rel=\"noopener\">\/h<\/a>...<\/td>\n<\/tr>\n<tr>\n<td>Hmotnos\u0165<\/td>\n<td>2 kg\/db<\/td>\n<\/tr>\n<\/tbody>\n<\/table>","protected":false},"excerpt":{"rendered":"<p>Dvojok\u00fd multispektr\u00e1lny digit\u00e1lny no\u010dn\u00fd a termov\u00edzny h\u013ead\u00e1\u010dik Hikmicro Habrok Pro HQ50L pon\u00faka univerz\u00e1lne rie\u0161enie pre lovcov v otvorenom priestore aj v interi\u00e9ri. S\u00e9ria Pro je ur\u010den\u00e1 predov\u0161etk\u00fdm pre profesion\u00e1lnych po\u013eovn\u00edkov, ale pre\u010do by jej v\u00fdhody nemohol vyu\u017e\u00edva\u0165 ktoko\u013evek?  Toto ultrakompaktn\u00e9 zariadenie je vybaven\u00e9 inov\u00e1ciami, ako je denn\u00e1 a no\u010dn\u00e1 digit\u00e1lna kamera,.\u00a0<strong>zabudovan\u00fd laserov\u00fd dia\u013ekomer<\/strong>\u00a0(presnos\u0165 1 m do vzdialenosti 1000 m), GPS alebo\u00a0<strong>infra\u010derven\u00e9 \u017eiarenie (vlnov\u00e1 d\u013a\u017eka 850 nm)<\/strong>. Pre svojho majite\u013ea bude u\u017eito\u010dn\u00fdm pomocn\u00edkom kedyko\u013evek po\u010das d\u0148a.<\/p>\n<p>-\u00a0<strong>50 mm<\/strong>-Ohniskov\u00e1 vzdialenos\u0165 F1,0 (termokamera)<br \/>\n-\u00a0<strong>60 mm<\/strong>-Optika F2.2 (digit\u00e1lne no\u010dn\u00e9 videnie)<br \/>\n-<strong>\u00a0Sn\u00edma\u010d s rozl\u00ed\u0161en\u00edm 640 \u00d7 512 pixelov<\/strong>, ve\u013ekos\u0165 pixelov 12 \u00b5m (termokamera)<br \/>\n-\u00a0<strong>Rozl\u00ed\u0161enie 3840 \u00d7 2160, mimoriadne citliv\u00fd (0,001 lux) sn\u00edma\u010d CMOS<\/strong>\u00a0(digit\u00e1lne no\u010dn\u00e9 videnie)<br \/>\n-\u00a0<strong>&lt; 15 mK<\/strong>\u00a0tepeln\u00e1 citlivos\u0165<br \/>\n- Uhol z\u00e1beru 8,8\u00b0 (termokamera)<br \/>\n- 7,3\u00b0 zorn\u00fd uhol (digit\u00e1lne no\u010dn\u00e9 videnie)<br \/>\n- zabudovan\u00fd laserov\u00fd dia\u013ekomer (dosah: 1000 m)<br \/>\n- Vlnov\u00e1 d\u013a\u017eka 850 nm zabudovan\u00fd infra\u010derven\u00fd \u017eiari\u010d (vidite\u013en\u00e9 svetlo)<br \/>\n-\u00a0<strong>2600 m<\/strong>\u00a0detek\u010dn\u00e1 vzdialenos\u0165 (termokamera)<br \/>\n- vymenite\u013en\u00fd, dob\u00edjate\u013en\u00fd l\u00edtium-i\u00f3nov\u00fd akumul\u00e1tor<\/p>","protected":false},"featured_media":2954,"comment_status":"open","ping_status":"closed","template":"","meta":[],"product_brand":[],"product_cat":[39,17],"product_tag":[41,31,18],"class_list":{"0":"post-2953","1":"product","2":"type-product","3":"status-publish","4":"has-post-thumbnail","6":"product_cat-digitalis-ejjellato","7":"product_cat-hokamera-kereso","8":"product_tag-digitalis-ejjellato","9":"product_tag-hikmicro","10":"product_tag-hokamera","12":"first","13":"instock","14":"sale","15":"taxable","16":"shipping-taxable","17":"purchasable","18":"product-type-simple"},"jetpack_sharing_enabled":true,"_links":{"self":[{"href":"https:\/\/bestoptika.eu\/sk\/wp-json\/wp\/v2\/product\/2953","targetHints":{"allow":["GET"]}}],"collection":[{"href":"https:\/\/bestoptika.eu\/sk\/wp-json\/wp\/v2\/product"}],"about":[{"href":"https:\/\/bestoptika.eu\/sk\/wp-json\/wp\/v2\/types\/product"}],"replies":[{"embeddable":true,"href":"https:\/\/bestoptika.eu\/sk\/wp-json\/wp\/v2\/comments?post=2953"}],"wp:featuredmedia":[{"embeddable":true,"href":"https:\/\/bestoptika.eu\/sk\/wp-json\/wp\/v2\/media\/2954"}],"wp:attachment":[{"href":"https:\/\/bestoptika.eu\/sk\/wp-json\/wp\/v2\/media?parent=2953"}],"wp:term":[{"taxonomy":"product_brand","embeddable":true,"href":"https:\/\/bestoptika.eu\/sk\/wp-json\/wp\/v2\/product_brand?post=2953"},{"taxonomy":"product_cat","embeddable":true,"href":"https:\/\/bestoptika.eu\/sk\/wp-json\/wp\/v2\/product_cat?post=2953"},{"taxonomy":"product_tag","embeddable":true,"href":"https:\/\/bestoptika.eu\/sk\/wp-json\/wp\/v2\/product_tag?post=2953"}],"curies":[{"name":"wp","href":"https:\/\/api.w.org\/{rel}","templated":true}]}}