{"id":2983,"date":"2024-10-30T10:55:33","date_gmt":"2024-10-30T09:55:33","guid":{"rendered":"https:\/\/bestoptika.eu\/?post_type=product&#038;p=2983"},"modified":"2025-12-01T19:16:48","modified_gmt":"2025-12-01T18:16:48","slug":"nocpix-lumi-l35","status":"publish","type":"product","link":"https:\/\/bestoptika.eu\/sk\/product\/nocpix-lumi-l35\/","title":{"rendered":"Nocpix LUMI L35 termov\u00edzny monokul\u00e1r"},"content":{"rendered":"<p><strong>Reality+ AI:<\/strong> Algoritmus umelej inteligencie<br \/>\nNovo vyvinut\u00fd algoritmus spracovania obrazu Reality+ AI \u00fa\u010dinne eliminuje \u0161um sp\u00f4soben\u00fd okolitou teplotou, zlep\u0161uje kontrast a ostros\u0165 detailov. Technol\u00f3gia umelej inteligencie, ktor\u00e1 prispieva k ostr\u00fdm a kvalitn\u00fdm sn\u00edmkam.<\/p>\n<p><strong>Prij\u00edmanie viac svetla<\/strong><br \/>\nObjekt\u00edv F0,9 20% zvy\u0161uje pr\u00edjem svetla o 20%, \u010d\u00edm v\u00fdrazne zlep\u0161uje jas a kvalitu obrazu. V porovnan\u00ed s be\u017en\u00fdmi objekt\u00edvmi so svetelnos\u0165ou F1,0 je toto zlep\u0161enie k\u013e\u00fa\u010dov\u00fdm krokom k zlep\u0161eniu ostrosti pri pozorovan\u00ed vo\u013ene \u017eij\u00facich zvierat.<\/p>\n<p><strong>Vymenite\u013en\u00e1 bat\u00e9ria 18650<\/strong><br \/>\nModel Lumi je nap\u00e1jan\u00fd vymenite\u013enou bat\u00e9riou 18650 a m\u00e1 kon\u0161trukciu s opa\u010dnou polaritou, ktor\u00e1 umo\u017e\u0148uje vlo\u017ei\u0165 bat\u00e9riu v akejko\u013evek orient\u00e1cii. T\u00e1to funkcia u\u013eah\u010duje v\u00fdmenu bat\u00e9rie v noci.<\/p>\n<p><strong>Zabra\u0148uje \u00fanave o\u010d\u00ed<\/strong><br \/>\nLUMI m\u00e1 cel\u00fd rad farebn\u00fdch paliet, pri\u010dom karm\u00ednov\u00e1 a smaragdovo zelen\u00e1 paleta je \u0161peci\u00e1lne navrhnut\u00e1 tak, aby zabra\u0148ovala \u00fanave o\u010d\u00ed a umo\u017e\u0148ovala pohodln\u00e9 a dlhotrvaj\u00face pozorovanie.<\/p>\n<p><strong>Tich\u00e1 prev\u00e1dzka. Nepretr\u017eit\u00fd doh\u013ead.<\/strong><br \/>\nPogumovan\u00e9 telo a tla\u010didl\u00e1 umo\u017e\u0148uj\u00fa prev\u00e1dzku bez hluku.<\/p>\n<p><strong>Mal\u00fd, ale nekompromisn\u00fd.<\/strong><br \/>\nAko univerz\u00e1lny produkt sa LUMI m\u00f4\u017ee pochv\u00e1li\u0165 digit\u00e1lnou stabiliz\u00e1ciou obrazu, odolnos\u0165ou vo\u010di vode pod\u013ea normy IP67, \u013eahkou kon\u0161trukciou, ako aj funkciami na fotografovanie, nahr\u00e1vanie videa a 32 GB \u00falo\u017eiskom. M\u00e1 opr\u00e1vnen\u00fa poves\u0165 \"mal\u00e9ho, ale nekompromisn\u00e9ho\".<\/p>\n<p><strong>Aplik\u00e1cia NOCPIX<\/strong><br \/>\nAplik\u00e1cia NOCPIX je profesion\u00e1lna, ale jednoduch\u00e1!<\/p>\n<p>Po\u013eovn\u00edkom pon\u00faka \u00faplne nov\u00e9 mo\u017enosti. Po pripojen\u00ed zariadenia k telef\u00f3nu cez Wi-Fi m\u00f4\u017eete aktualizova\u0165 nov\u00fd firmv\u00e9r, s\u0165ahova\u0165 a prezera\u0165 fotografie alebo vide\u00e1. Svoje z\u00e1\u017eitky si m\u00f4\u017eete vychutna\u0165 aj bezprostredne po skon\u010den\u00ed lovu, a to aj v hust\u00fdch lesoch, kde nie je sign\u00e1l. V\u00fdvoj aplik\u00e1cie pokra\u010duje a na obzore s\u00fa u\u017e nov\u00e9 vzru\u0161uj\u00face funkcie.<\/p>","protected":false},"excerpt":{"rendered":"<p>Nov\u00fd rad termov\u00edznych monokul\u00e1rov vynik\u00e1 kompaktn\u00fdm dizajnom, ktor\u00fd neskr\u00fdva jeho v\u00fdkonn\u00e9 schopnosti. Novo vyvinut\u00e1 technol\u00f3gia Reality+ AI s pokro\u010dil\u00fdmi algoritmami a digit\u00e1lnou stabiliz\u00e1ciou obrazu poskytuje v\u00fdnimo\u010dn\u00fa kvalitu obrazu, ktor\u00e1 je vo svojej triede v\u00fdnimo\u010dn\u00e1. S pr\u00edstrojom LUMI z\u00edskate nielen v\u00fdkonn\u00e9, ale aj ve\u013emi praktick\u00e9 zariadenie, ktor\u00e9 sa \u013eahko pren\u00e1\u0161a. V\u010faka men\u0161\u00edm rozmerom, ne\u017e m\u00e1 priemern\u00fd mobiln\u00fd telef\u00f3n, je ide\u00e1lnym spolo\u010dn\u00edkom na v\u0161etky pr\u00edle\u017eitosti.<\/p>","protected":false},"featured_media":2984,"comment_status":"open","ping_status":"closed","template":"","meta":[],"product_brand":[],"product_cat":[45,17],"product_tag":[18,183],"class_list":{"0":"post-2983","1":"product","2":"type-product","3":"status-publish","4":"has-post-thumbnail","6":"product_cat-hokamera","7":"product_cat-hokamera-kereso","8":"product_tag-hokamera","9":"product_tag-nocpix","11":"first","12":"instock","13":"taxable","14":"shipping-taxable","15":"purchasable","16":"product-type-simple"},"jetpack_sharing_enabled":true,"_links":{"self":[{"href":"https:\/\/bestoptika.eu\/sk\/wp-json\/wp\/v2\/product\/2983","targetHints":{"allow":["GET"]}}],"collection":[{"href":"https:\/\/bestoptika.eu\/sk\/wp-json\/wp\/v2\/product"}],"about":[{"href":"https:\/\/bestoptika.eu\/sk\/wp-json\/wp\/v2\/types\/product"}],"replies":[{"embeddable":true,"href":"https:\/\/bestoptika.eu\/sk\/wp-json\/wp\/v2\/comments?post=2983"}],"wp:featuredmedia":[{"embeddable":true,"href":"https:\/\/bestoptika.eu\/sk\/wp-json\/wp\/v2\/media\/2984"}],"wp:attachment":[{"href":"https:\/\/bestoptika.eu\/sk\/wp-json\/wp\/v2\/media?parent=2983"}],"wp:term":[{"taxonomy":"product_brand","embeddable":true,"href":"https:\/\/bestoptika.eu\/sk\/wp-json\/wp\/v2\/product_brand?post=2983"},{"taxonomy":"product_cat","embeddable":true,"href":"https:\/\/bestoptika.eu\/sk\/wp-json\/wp\/v2\/product_cat?post=2983"},{"taxonomy":"product_tag","embeddable":true,"href":"https:\/\/bestoptika.eu\/sk\/wp-json\/wp\/v2\/product_tag?post=2983"}],"curies":[{"name":"wp","href":"https:\/\/api.w.org\/{rel}","templated":true}]}}