{"id":3073,"date":"2024-11-07T15:19:02","date_gmt":"2024-11-07T14:19:02","guid":{"rendered":"https:\/\/bestoptika.eu\/?post_type=product&#038;p=3073"},"modified":"2026-02-14T16:36:37","modified_gmt":"2026-02-14T15:36:37","slug":"hikmicro-thunder-tq50c-3-0-hokamera-elotet","status":"publish","type":"product","link":"https:\/\/bestoptika.eu\/sk\/product\/hikmicro-thunder-tq50c-3-0-hokamera-elotet\/","title":{"rendered":"Hikmicro THUNDER TQ50C 3.0 termov\u00edzna preds\u00e1dka"},"content":{"rendered":"<p><strong>Hikmicro THUNDER TQ50C 3.0 termov\u00edzna preds\u00e1dka<\/strong><\/p>\n<p><b>Vy\u0161\u0161ia tepeln\u00e1 citlivos\u0165 (NETD&lt;15mK) vedie k \u00fachvatne \u010dist\u00e9mu obrazu<\/b><\/p>\n<p><span style=\"font-weight: 400\">Termokamera HIKMICRO THUNDER 3.0 s klipom je vybaven\u00e1 vysokocitliv\u00fdm term\u00e1lnym detektorom (NETD&lt;15mK), ktor\u00fd poskytuje dychber\u00facu \u010distotu obrazu zaznamen\u00e1van\u00edm teplotn\u00e9ho rozdielu za min\u00fatu. Zv\u00fd\u0161en\u00e1 citlivos\u0165 umo\u017e\u0148uje presnej\u0161iu identifik\u00e1ciu cie\u013eov a detailov prostredia bez oh\u013eadu na n\u00e1ro\u010dn\u00e9 poveternostn\u00e9 podmienky alebo zl\u00fa vidite\u013enos\u0165.<\/span><\/p>\n<p><b>Bezkonkuren\u010dn\u00fd vizu\u00e1lny z\u00e1\u017eitok na 0,49\" displeji OLED<\/b><\/p>\n<p><span style=\"font-weight: 400\">Za\u017eite v\u00fdnimo\u010dn\u00fa \u010distotu obrazu v\u010faka 0,49\" displeju OLED modelu HIKMICRO THUNDER 3.0, ktor\u00fd pon\u00faka kri\u0161t\u00e1\u013eovo \u010dist\u00fd obraz s rozl\u00ed\u0161en\u00edm 1920 x 1080. \u017div\u00e9 farby a ve\u013ek\u00fd displej klipovej termokamery zabezpe\u010duj\u00fa presn\u00e9 zobrazenie ka\u017ed\u00e9ho detailu a poskytuj\u00fa realistickej\u0161\u00ed z\u00e1\u017eitok zo sledovania.<\/span><\/p>\n<p><b>Zrkadlov\u00fd vizu\u00e1lny z\u00e1\u017eitok s najnov\u0161\u00edm bezz\u00e1vierkov\u00fdm obrazov\u00fdm syst\u00e9mom (HSIS) spolo\u010dnosti HIKMICRO<\/b><\/p>\n<p><span style=\"font-weight: 400\">Najnov\u0161ia technol\u00f3gia HSIS (Shutter Speed Independent Imaging) spolo\u010dnosti HIKMICRO poskytuje nepreru\u0161ovan\u00fd vizu\u00e1lny z\u00e1\u017eitok t\u00fdm, \u017ee eliminuje potrebu manu\u00e1lnej kalibr\u00e1cie. Tento zdokonalen\u00fd syst\u00e9m zabezpe\u010duje plynul\u00fd a bezprobl\u00e9mov\u00fd obraz na klipovej termov\u00edznej kamere THUNDER 3.0 bez toho, aby sa zn\u00ed\u017eila kvalita, \u010do umo\u017e\u0148uje pou\u017e\u00edvate\u013eom s\u00fastredi\u0165 sa na kritick\u00e9 momenty.<\/span><\/p>\n<p><b>Image Pro 2.0 poskytuje detailn\u00e9 a vrstven\u00e9 obr\u00e1zky<\/b><\/p>\n<p><span style=\"font-weight: 400\">HIKMICRO THUNDER 3.0 je vybaven\u00fd pokro\u010dil\u00fdm vlastn\u00fdm algoritmom spracovania obrazu Image Pro 2.0. Optimalizuje detaily obrazu a poskytuje vrstven\u00e9 pozadie. Lovci m\u00f4\u017eu jasne identifikova\u0165 detaily, ako je pohlavie cie\u013ea a srs\u0165 zviera\u0165a, \u010do im m\u00f4\u017ee pom\u00f4c\u0165 pri prij\u00edman\u00ed informovanej\u0161\u00edch rozhodnut\u00ed.<\/span><\/p>\n<p><b>Jasn\u00e1 kvalita obrazu s kompatibilitou s denn\u00fdm binokul\u00e1rnym \u010falekoh\u013eadom a\u017e do 15x<\/b><\/p>\n<p><span style=\"font-weight: 400\">Pripevnen\u00e1 termokamera HIKMICRO THUNDER 3.0 vytv\u00e1ra jasn\u00e9 a detailn\u00e9 sn\u00edmky aj pri pou\u017eit\u00ed s denn\u00fdm \u010falekoh\u013eadom s ve\u013ek\u00fdm zv\u00e4\u010d\u0161en\u00edm (a\u017e 15x). Kompatibilita zaru\u010duje, \u017ee pou\u017e\u00edvatelia m\u00f4\u017eu z\u00edska\u0165 presn\u00e9 a jasn\u00e9 sn\u00edmky z ve\u013ek\u00fdch vzdialenost\u00ed, \u010do zvy\u0161uje celkov\u00fd z\u00e1\u017eitok z lovu.<\/span><\/p>\n<p><b>Inovat\u00edvny modul laserov\u00e9ho dia\u013ekomeru pre kompaktnej\u0161\u00ed a estetickej\u0161\u00ed vzh\u013ead<\/b><\/p>\n<p><span style=\"font-weight: 400\">Termokamera THUNDER 3.0 s klipom je vybaven\u00e1 inovat\u00edvnym objekt\u00edvom s jedn\u00fdm r\u00e1m\u010dekom a laserov\u00fdm dia\u013ekomerom integrovan\u00fdm za objekt\u00edvom, \u010do zjednodu\u0161uje vzh\u013ead zariadenia. Kompaktn\u00fd dizajn nielen\u017ee zmen\u0161uje rozmery, ale zlep\u0161uje aj pou\u017eite\u013enos\u0165 t\u00fdm, \u017ee d\u00e1va zariadeniu kompaktnej\u0161\u00ed a estetickej\u0161\u00ed vzh\u013ead.<\/span><\/p>\n<p><b>Miestny album na pohodln\u00e9 prezeranie<\/b><\/p>\n<p><span style=\"font-weight: 400\">Funkcia miestneho albumu umo\u017e\u0148uje pohodlne prezera\u0165 a spravova\u0165 fotografie a vide\u00e1 priamo v zariaden\u00ed. Intuit\u00edvne funkcie zjednodu\u0161uj\u00fa prezeranie zaznamenan\u00fdch z\u00e1berov a u\u013eah\u010duj\u00fa v\u00fdber najlep\u0161\u00edch momentov na anal\u00fdzu.<\/span><\/p>\n<p><b>Virtu\u00e1lny videok\u0159\u00ed\u017e poskytuje autentick\u00fa spomienku na stre\u013ebu<\/b><\/p>\n<p><span style=\"font-weight: 400\">Prip\u00ednate\u013en\u00e1 termokamera HIKMICRO THUNDER 3.0 poskytuje virtu\u00e1lny kr\u00ed\u017e na sn\u00edmanie videa, \u010do umo\u017e\u0148uje autentickej\u0161ie zachyti\u0165 moment z\u00e1beru. T\u00e1to funkcia je obzvl\u00e1\u0161\u0165 u\u017eito\u010dn\u00e1 pre lovcov, ktor\u00ed chc\u00fa zachyti\u0165 svoje z\u00e1\u017eitky, ale z\u00e1rove\u0148 chc\u00fa dodr\u017eiava\u0165 miestne predpisy, ktor\u00e9 obmedzuj\u00fa vidite\u013en\u00fd kr\u00ed\u017e na zaznamenan\u00fdch z\u00e1beroch.<\/span><\/p>\n<p><b>Dlh\u00fd \u010das prev\u00e1dzky a vymenite\u013en\u00e9 a dob\u00edjate\u013en\u00e9 bat\u00e9rie<\/b><\/p>\n<p><span style=\"font-weight: 400\">THUNDER 3.0 funguje nepretr\u017eite a\u017e 6 hod\u00edn na jedno nabitie. A v\u010faka vymenite\u013en\u00fdm a dob\u00edjate\u013en\u00fdm bat\u00e9ri\u00e1m zaru\u010duje, \u017ee po\u013eovn\u00edci s\u00fa v\u017edy nabit\u00ed a pripraven\u00ed vyrazi\u0165 aj na dlh\u00e9 po\u013eova\u010dky.<\/span><\/p>\n<p><b>Neuverite\u013ene presn\u00e1 r\u00fdchlos\u0165 kliknutia 1,3 cm @ 100 m na zv\u00fd\u0161enie presnosti nulovania<\/b><\/p>\n<p><span style=\"font-weight: 400\">Termokamera HIKMICRO THUNDER 3.0 s klipom pon\u00faka neuverite\u013ene presn\u00fa r\u00fdchlos\u0165 kliknutia, ktor\u00e1 umo\u017e\u0148uje presn\u00e9 nastavenie na 1,3 cm pri 100 m. T\u00e1to \u00farove\u0148 presnosti v\u00fdrazne zlep\u0161uje presnos\u0165 nulovania, \u010d\u00edm zabezpe\u010duje, \u017ee ka\u017ed\u00fd v\u00fdstrel je \u010do najpresnej\u0161\u00ed pre \u00faspe\u0161nej\u0161\u00ed z\u00e1\u017eitok z lovu.<\/span><\/p>\n<p><b>Vysok\u00e1 \u00farove\u0148 konzistencie presnosti s minim\u00e1lnou balistickou odch\u00fdlkou<\/b><\/p>\n<p><span style=\"font-weight: 400\">Prec\u00edzne skon\u0161truovan\u00e1 kon\u0161trukcia HIKMICRO THUNDER 3.0 minimalizuje probl\u00e9my so skreslen\u00edm zorn\u00e9ho uhla, najm\u00e4 v pr\u00edpade termokamier s klipom, \u010do umo\u017e\u0148uje istej\u0161ie a presnej\u0161ie sn\u00edmanie v pr\u00edrode.<\/span><\/p>\n<p><b>Vysok\u00e1 odolnos\u0165 proti n\u00e1razu<\/b><\/p>\n<p><span style=\"font-weight: 400\">Termokamera THUNDER 3.0 s klipom je vysoko odoln\u00e1 vo\u010di n\u00e1razom, vydr\u017e\u00ed a\u017e 1000 g\/0,4 ms sp\u00e4tn\u00e9ho r\u00e1zu. T\u00e1to robustn\u00e1 odolnos\u0165 zaru\u010duje, \u017ee zariadenie bude spo\u013eahlivo a presne fungova\u0165 aj v n\u00e1ro\u010dn\u00fdch podmienkach.<\/span><\/p>\n<p><b>R\u00fdchly reset dostupn\u00fd v zariaden\u00ed a v aplik\u00e1cii<\/b><\/p>\n<p><span style=\"font-weight: 400\">HIKMICRO THUNDER 3.0 poskytuje mo\u017enos\u0165 r\u00fdchleho resetu na zariaden\u00ed aj v aplik\u00e1cii SIGHT. V\u010faka tomu m\u00f4\u017eu po\u013eovn\u00edci r\u00fdchlo upravi\u0165 nastavenia tak, aby vyhovovali r\u00f4znym situ\u00e1ci\u00e1m a po\u017eiadavk\u00e1m pri fotografovan\u00ed.<\/span><\/p>\n<table dir=\"ltr\" border=\"1\" cellspacing=\"0\" cellpadding=\"0\" data-sheets-root=\"1\" data-sheets-baot=\"1\">\n<colgroup>\n<col width=\"100\" \/>\n<col width=\"100\" \/><\/colgroup>\n<tbody>\n<tr>\n<td>Rozl\u00ed\u0161enie sn\u00edma\u010da<\/td>\n<td>640 \u00d7 512 pixelov<\/td>\n<\/tr>\n<tr>\n<td>Detek\u010dn\u00e1 vzdialenos\u0165<\/td>\n<td>1800-2600 m<\/td>\n<\/tr>\n<tr>\n<td>Typ displeja<\/td>\n<td>OLED<\/td>\n<\/tr>\n<tr>\n<td>Optick\u00e9 zv\u00e4\u010d\u0161enie<\/td>\n<td>pod 1,5<\/td>\n<\/tr>\n<tr>\n<td>NETD<\/td>\n<td>15 mK<\/td>\n<\/tr>\n<tr>\n<td>WiFi<\/td>\n<td>je .<\/td>\n<\/tr>\n<tr>\n<td>Nahr\u00e1vanie fotografi\u00ed a vide\u00ed<\/td>\n<td>je .<\/td>\n<\/tr>\n<tr>\n<td>Zabudovan\u00e1 pam\u00e4\u0165<\/td>\n<td>64 GB<\/td>\n<\/tr>\n<tr>\n<td>\u010c\u00edslo \u010dl\u00e1nku<\/td>\n<td>\n<div>\n<div>HM-TR76-50S2G\/W-TQ50C 3.0<\/div>\n<\/div>\n<\/td>\n<\/tr>\n<tr>\n<td>Typ sn\u00edma\u010da<\/td>\n<td>\n<div>\n<div>Nechladen\u00fd mikrobolometer VOX<\/div>\n<\/div>\n<\/td>\n<\/tr>\n<tr>\n<td>Rozl\u00ed\u0161enie sn\u00edma\u010da<\/td>\n<td>640\u00d7512<\/td>\n<\/tr>\n<tr>\n<td>Vzdialenos\u0165 pixelov<\/td>\n<td>12 mikr\u00f3nov<\/td>\n<\/tr>\n<tr>\n<td>Rozsah detekcie vlnovej d\u013a\u017eky<\/td>\n<td>8\u00b5m-14\u00b5m<\/td>\n<\/tr>\n<tr>\n<td>NETD<\/td>\n<td>\n<div>\n<div>&lt;15mk ( @25\u00b0C, F=1.0)<\/div>\n<\/div>\n<\/td>\n<\/tr>\n<tr>\n<td>Aktualiz\u00e1cia obr\u00e1zkov<\/td>\n<td>50 Hz<\/td>\n<\/tr>\n<tr>\n<td>\u0160o\u0161ovka<\/td>\n<td>\n<div>\n<div>50 mm , F1,0 Manu\u00e1lne zaostrovanie<\/div>\n<\/div>\n<\/td>\n<\/tr>\n<tr>\n<td>Zorn\u00fd uhol (HxV)<\/td>\n<td>8,8\u00b0x 7\u00b0<\/td>\n<\/tr>\n<tr>\n<td>\n<div>\n<div>Horizont\u00e1lne zorn\u00e9 pole<\/div>\n<\/div>\n<\/td>\n<td>15,4 m (vo vzdialenosti 100 m)<\/td>\n<\/tr>\n<tr>\n<td>Optick\u00e9 zv\u00e4\u010d\u0161enie<\/td>\n<td>1x<\/td>\n<\/tr>\n<tr>\n<td>Digit\u00e1lny zoom<\/td>\n<td>1x<\/td>\n<\/tr>\n<tr>\n<td>\u00dapln\u00fd rozsah zv\u00e4\u010d\u0161enia<\/td>\n<td>1x<\/td>\n<\/tr>\n<tr>\n<td>Detek\u010dn\u00e1 vzdialenos\u0165 (\u013eudsk\u00e1 postava 0,5mx1,7m)<\/td>\n<td>2600m<\/td>\n<\/tr>\n<tr>\n<td>Typ displeja<\/td>\n<td>\n<div>\n<div>Farebn\u00fd displej OLED s uhloprie\u010dkou 0,49 palca<\/div>\n<\/div>\n<\/td>\n<\/tr>\n<tr>\n<td>Rozl\u00ed\u0161enie displeja<\/td>\n<td>\n<div>\n<div>1920 \u00d7 1080 pixelov<\/div>\n<\/div>\n<\/td>\n<\/tr>\n<tr>\n<td>Farebn\u00e9 re\u017eimy Stenderd<\/td>\n<td>\n<div>\n<div>biele zv\u00fdraznenie, \u010dierne zv\u00fdraznenie, \u010derven\u00e9 zv\u00fdraznenie , f\u00fazia, jednofarebn\u00e1 \u010derven\u00e1, jednofarebn\u00e1 zelen\u00e1<\/div>\n<\/div>\n<\/td>\n<\/tr>\n<tr>\n<td>WiFi<\/td>\n<td>je .<\/td>\n<\/tr>\n<tr>\n<td>Sn\u00edmky a videoz\u00e1znamy<\/td>\n<td>je .<\/td>\n<\/tr>\n<tr>\n<td>Ukladanie \u00fadajov<\/td>\n<td>\n<div>\n<div>Vstavan\u00e1 pam\u00e4\u0165 64 GB<\/div>\n<\/div>\n<\/td>\n<\/tr>\n<tr>\n<td>Konektor USB2.0<\/td>\n<td>dod\u00e1vka, typ C<\/td>\n<\/tr>\n<tr>\n<td>Dod\u00e1vka elektrickej energie<\/td>\n<td>\n<div>\n<div>\u0161peci\u00e1lny Hikmicro Lithium<\/div>\n<\/div>\n<\/td>\n<\/tr>\n<tr>\n<td>Prev\u00e1dzkov\u00e1 teplota<\/td>\n<td>-30\u00b0 a\u017e 55\u00b0 C<\/td>\n<\/tr>\n<tr>\n<td>Teplota skladovania<\/td>\n<td>-40\u00b0 a\u017e 60\u00b0 C<\/td>\n<\/tr>\n<tr>\n<td>Prev\u00e1dzkov\u00fd \u010das so zapnutou sie\u0165ou WiFi<\/td>\n<td>4,5 hodiny<\/td>\n<\/tr>\n<tr>\n<td>Prev\u00e1dzkov\u00fd \u010das s vypnutou WiFi<\/td>\n<td>5 hod\u00edn<\/td>\n<\/tr>\n<tr>\n<td>Odolnos\u0165 proti n\u00e1razu<\/td>\n<td>\n<div>\n<div>do v\u00fd\u0161ky p\u00e1du 2 m<\/div>\n<\/div>\n<\/td>\n<\/tr>\n<tr>\n<td>Odolnos\u0165 vo\u010di vode<\/td>\n<td>IP67<\/td>\n<\/tr>\n<tr>\n<td>Rozmery, mm<\/td>\n<td>\n<div>\n<div>149,4 mm \u00d7 76 mm \u00d7 74,6 mm<\/div>\n<\/div>\n<\/td>\n<\/tr>\n<tr>\n<td>Hmotnos\u0165<\/td>\n<td>500 gramov<\/td>\n<\/tr>\n<\/tbody>\n<\/table>\n<p>Ofici\u00e1lna str\u00e1nka zna\u010dky: <a href=\"https:\/\/www.hikmicrotech.com\/hu\/outdoor-products\/thunder-3-0-thermal-clip-on\/\">https:\/\/www.hikmicrotech.com\/hu\/outdoor-products\/thunder-3-0-thermal-clip-on\/<\/a><\/p>","protected":false},"excerpt":{"rendered":"<p><span style=\"font-weight: 400\">A <\/span><b>Hikmicro Thunder<\/b> <b>Verzia 3.0 <\/b><span style=\"font-weight: 400\">predradn\u00edky termokamier s patentovan\u00fdm 12 mikr\u00f3nov\u00fdm vysok\u00fdm rozl\u00ed\u0161en\u00edm spolo\u010dnosti Hikvision <\/span><b>640\u00d7512<\/b><span style=\"font-weight: 400\"> pixelov, <\/span><b>mimoriadne vysok\u00e1 citlivos\u0165<\/b><span style=\"font-weight: 400\"> (<\/span><b>NETD&lt;15mk<\/b><span style=\"font-weight: 400\">) zaru\u010duje jasn\u00fd a ostr\u00fd obraz aj v \u00faplnej tme a n\u00e1ro\u010dn\u00fdch podmienkach.\u00a0<\/span><\/p>\n<p><span style=\"font-weight: 400\">Ve\u013ek\u00e1 ve\u013ekos\u0165 <\/span><b>Full HD<\/b><span style=\"font-weight: 400\"> Rozl\u00ed\u0161enie 1920 \u00d7 1080 px <\/span><b>0,49\u2033<\/b><span style=\"font-weight: 400\">-os <\/span><b>OLED<\/b><span style=\"font-weight: 400\"> poskytuje ostr\u00fd a kontrastn\u00fd obraz. V\u010faka ve\u013ek\u00e9mu displeju a flexibiln\u00e9mu nastaveniu ve\u013ekosti menu ho mo\u017eno pou\u017e\u00edva\u0165 aj na \u010falekoh\u013eadoch s v\u00e4\u010d\u0161\u00edm zv\u00e4\u010d\u0161en\u00edm.\u00a0<\/span><\/p>\n<p><span style=\"font-weight: 400\">Zariadenie z\u00edskalo v porovnan\u00ed s predch\u00e1dzaj\u00facou verziou 2.0 mno\u017estvo inov\u00e1ci\u00ed a vylep\u0161en\u00ed, a to z h\u013eadiska hardv\u00e9ru aj softv\u00e9ru. V\u010faka kovov\u00e9mu puzdru a starostlivej kon\u0161trukcii je pr\u00edstroj odoln\u00fd vo\u010di v\u00fdstrelu a\u017e do za\u0165a\u017eenia 1000 g\/0,4 ms. <\/span><\/p>","protected":false},"featured_media":3074,"comment_status":"open","ping_status":"closed","template":"","meta":[],"product_brand":[],"product_cat":[36],"product_tag":[31,37],"class_list":{"0":"post-3073","1":"product","2":"type-product","3":"status-publish","4":"has-post-thumbnail","6":"product_cat-hokamera-elotet","7":"product_tag-hikmicro","8":"product_tag-hokamera-elotet","10":"first","11":"instock","12":"sale","13":"taxable","14":"shipping-taxable","15":"purchasable","16":"product-type-simple"},"jetpack_sharing_enabled":true,"_links":{"self":[{"href":"https:\/\/bestoptika.eu\/sk\/wp-json\/wp\/v2\/product\/3073","targetHints":{"allow":["GET"]}}],"collection":[{"href":"https:\/\/bestoptika.eu\/sk\/wp-json\/wp\/v2\/product"}],"about":[{"href":"https:\/\/bestoptika.eu\/sk\/wp-json\/wp\/v2\/types\/product"}],"replies":[{"embeddable":true,"href":"https:\/\/bestoptika.eu\/sk\/wp-json\/wp\/v2\/comments?post=3073"}],"wp:featuredmedia":[{"embeddable":true,"href":"https:\/\/bestoptika.eu\/sk\/wp-json\/wp\/v2\/media\/3074"}],"wp:attachment":[{"href":"https:\/\/bestoptika.eu\/sk\/wp-json\/wp\/v2\/media?parent=3073"}],"wp:term":[{"taxonomy":"product_brand","embeddable":true,"href":"https:\/\/bestoptika.eu\/sk\/wp-json\/wp\/v2\/product_brand?post=3073"},{"taxonomy":"product_cat","embeddable":true,"href":"https:\/\/bestoptika.eu\/sk\/wp-json\/wp\/v2\/product_cat?post=3073"},{"taxonomy":"product_tag","embeddable":true,"href":"https:\/\/bestoptika.eu\/sk\/wp-json\/wp\/v2\/product_tag?post=3073"}],"curies":[{"name":"wp","href":"https:\/\/api.w.org\/{rel}","templated":true}]}}