{"id":3092,"date":"2024-11-08T13:43:28","date_gmt":"2024-11-08T12:43:28","guid":{"rendered":"https:\/\/bestoptika.eu\/?post_type=product&#038;p=3092"},"modified":"2026-01-08T18:22:02","modified_gmt":"2026-01-08T17:22:02","slug":"infiray-rico-rl42-lrf-hokamera-celtavcso","status":"publish","type":"product","link":"https:\/\/bestoptika.eu\/sk\/product\/infiray-rico-rl42-lrf-hokamera-celtavcso\/","title":{"rendered":"InfiRay RICO RL42 LRF Termov\u00edzny pu\u0161koh\u013ead"},"content":{"rendered":"<p><strong>Termokamera RICO RL42 LRF s pu\u0161koh\u013eadom<\/strong><\/p>\n<p>Model RICO RL42 LRF je mimoriadne ob\u013e\u00faben\u00fd u po\u013eovn\u00edkov, ktor\u00ed h\u013eadaj\u00fa maxim\u00e1lnu kvalitu obrazu a odolnos\u0165. Spolo\u010dnos\u0165 InfiRay reagovala na potreby po\u013eovn\u00edkov vytvoren\u00edm v\u00fdrobku, ktor\u00fd dokonale sp\u013a\u0148a ich o\u010dak\u00e1vania. Nov\u00fd sn\u00edma\u010d VOx, rozl\u00ed\u0161enie 384 \u00d7 288 pixelov, presnos\u0165 12 \u00b5m, displej OLED s rozl\u00ed\u0161en\u00edm 1024 \u00d7 768 pixelov a 42 mm objekt\u00edv prispievaj\u00fa k detailn\u00e9mu a ostr\u00e9mu obrazu. Intuit\u00edvne ovl\u00e1danie, dve bat\u00e9rie v balen\u00ed, extern\u00fd dia\u013ekomer, nahr\u00e1vanie videa, mobiln\u00e9 pripojenie cez Wi-Fi, re\u017eim UltraClear a nov\u00fd algoritmus sn\u00edma\u010da vyvinut\u00fd odborn\u00edkmi - to v\u0161etko rob\u00ed z modelu RICO mimoriadne u\u017eito\u010dn\u00e9ho a praktick\u00e9ho pomocn\u00edka v ka\u017edej loveckej situ\u00e1cii.<\/p>\n<table dir=\"ltr\" border=\"1\" cellspacing=\"0\" cellpadding=\"0\" data-sheets-root=\"1\" data-sheets-baot=\"1\">\n<colgroup>\n<col width=\"100\" \/>\n<col width=\"100\" \/><\/colgroup>\n<tbody>\n<tr>\n<td>Rozl\u00ed\u0161enie sn\u00edma\u010da<\/td>\n<td>384x288px<\/td>\n<\/tr>\n<tr>\n<td>Ve\u013ekos\u0165 pixelov<\/td>\n<td>12\u00b5m<\/td>\n<\/tr>\n<tr>\n<td>Citlivos\u0165 na teplo (NETD)<\/td>\n<td>&lt;40mK<\/td>\n<\/tr>\n<tr>\n<td>Obnovovacia frekvencia<\/td>\n<td>50 Hz<\/td>\n<\/tr>\n<tr>\n<td>Ve\u013ekos\u0165 objekt\u00edvu<\/td>\n<td>42 mm<\/td>\n<\/tr>\n<tr>\n<td>Zv\u00e4\u010d\u0161i\u0165<\/td>\n<td>4-16x<\/td>\n<\/tr>\n<tr>\n<td>Zorn\u00e9 pole<\/td>\n<td>6,3\u00b0 x 4,7\u00b0<\/td>\n<\/tr>\n<tr>\n<td>Eyelines<\/td>\n<td>55 mm<\/td>\n<\/tr>\n<tr>\n<td>Priemer oka<\/td>\n<td>6 mm<\/td>\n<\/tr>\n<tr>\n<td>Detek\u010dn\u00e1 vzdialenos\u0165<\/td>\n<td>2200m<\/td>\n<\/tr>\n<tr>\n<td>Typ displeja<\/td>\n<td>OLED<\/td>\n<\/tr>\n<tr>\n<td>Rozl\u00ed\u0161enie displeja<\/td>\n<td>1024x768px<\/td>\n<\/tr>\n<tr>\n<td>Typ bat\u00e9rie<\/td>\n<td>3,7 V 4400 mAh<\/td>\n<\/tr>\n<tr>\n<td>Prev\u00e1dzkov\u00fd \u010das bat\u00e9rie<\/td>\n<td>2\u00d76 hod\u00edn<\/td>\n<\/tr>\n<tr>\n<td>Wi-Fi<\/td>\n<td>\u00c1no<\/td>\n<\/tr>\n<tr>\n<td>Nahr\u00e1vanie fotografi\u00ed\/vide\u00ed<\/td>\n<td>\u00c1no<\/td>\n<\/tr>\n<tr>\n<td>Zvukov\u00fd z\u00e1znam<\/td>\n<td>Nie<\/td>\n<\/tr>\n<tr>\n<td>Laserov\u00fd dia\u013ekomer<\/td>\n<td>\u00c1no, do 1000 m<\/td>\n<\/tr>\n<tr>\n<td>Typ konektora<\/td>\n<td>USB-C<\/td>\n<\/tr>\n<tr>\n<td>Hmotnos\u0165<\/td>\n<td>830g<\/td>\n<\/tr>\n<tr>\n<td>Rozmery<\/td>\n<td>251x65x58mm<\/td>\n<\/tr>\n<\/tbody>\n<\/table>\n<p>Ofici\u00e1lna str\u00e1nka zna\u010dky: <a href=\"https:\/\/www.infirayoutdoor.com\/thermal-imaging-riflescope-rico-series\">https:\/\/www.infirayoutdoor.com\/thermal-imaging-riflescope-rico-series<\/a><\/p>","protected":false},"excerpt":{"rendered":"<p>Mimoriadne ob\u013e\u00faben\u00fd termov\u00edzny kamerov\u00fd \u010falekoh\u013ead RICO RL42 LRF je vybaven\u00fd sn\u00edma\u010dom VOx spolo\u010dnosti InfiRay s rozl\u00ed\u0161en\u00edm 384 \u00d7 288 pixelov a 12 \u00b5m. Okrem mnoh\u00fdch \u010fal\u0161\u00edch u\u017eito\u010dn\u00fdch funkci\u00ed je vybaven\u00fd displejom OLED s rozl\u00ed\u0161en\u00edm 1024 \u00d7 768 pixelov, objekt\u00edvom s priemerom 42 mm, Wi-Fi, extern\u00fdm dia\u013ekomerom, 4-n\u00e1sobn\u00fdm optick\u00fdm pribl\u00ed\u017een\u00edm, a\u017e 16-n\u00e1sobn\u00fdm digit\u00e1lnym zv\u00e4\u010d\u0161en\u00edm a v\u00fddr\u017eou bat\u00e9rie a\u017e 6 hod\u00edn.<\/p>","protected":false},"featured_media":3094,"comment_status":"open","ping_status":"closed","template":"","meta":[],"product_brand":[],"product_cat":[30,45],"product_tag":[32,18,43,118],"class_list":{"0":"post-3092","1":"product","2":"type-product","3":"status-publish","4":"has-post-thumbnail","6":"product_cat-celtavcso","7":"product_cat-hokamera","8":"product_tag-celtavcso","9":"product_tag-hokamera","10":"product_tag-infiray","11":"product_tag-rico","13":"first","14":"outofstock","15":"taxable","16":"shipping-taxable","17":"purchasable","18":"product-type-simple"},"jetpack_sharing_enabled":true,"_links":{"self":[{"href":"https:\/\/bestoptika.eu\/sk\/wp-json\/wp\/v2\/product\/3092","targetHints":{"allow":["GET"]}}],"collection":[{"href":"https:\/\/bestoptika.eu\/sk\/wp-json\/wp\/v2\/product"}],"about":[{"href":"https:\/\/bestoptika.eu\/sk\/wp-json\/wp\/v2\/types\/product"}],"replies":[{"embeddable":true,"href":"https:\/\/bestoptika.eu\/sk\/wp-json\/wp\/v2\/comments?post=3092"}],"wp:featuredmedia":[{"embeddable":true,"href":"https:\/\/bestoptika.eu\/sk\/wp-json\/wp\/v2\/media\/3094"}],"wp:attachment":[{"href":"https:\/\/bestoptika.eu\/sk\/wp-json\/wp\/v2\/media?parent=3092"}],"wp:term":[{"taxonomy":"product_brand","embeddable":true,"href":"https:\/\/bestoptika.eu\/sk\/wp-json\/wp\/v2\/product_brand?post=3092"},{"taxonomy":"product_cat","embeddable":true,"href":"https:\/\/bestoptika.eu\/sk\/wp-json\/wp\/v2\/product_cat?post=3092"},{"taxonomy":"product_tag","embeddable":true,"href":"https:\/\/bestoptika.eu\/sk\/wp-json\/wp\/v2\/product_tag?post=3092"}],"curies":[{"name":"wp","href":"https:\/\/api.w.org\/{rel}","templated":true}]}}