{"id":3138,"date":"2024-11-08T18:54:52","date_gmt":"2024-11-08T17:54:52","guid":{"rendered":"https:\/\/bestoptika.eu\/?post_type=product&#038;p=3138"},"modified":"2025-07-02T16:57:15","modified_gmt":"2025-07-02T14:57:15","slug":"thermtec-wild-650-lrf-hokamera-kereso","status":"publish","type":"product","link":"https:\/\/bestoptika.eu\/sk\/product\/thermtec-wild-650-lrf-hokamera-kereso\/","title":{"rendered":"ThermTec WILD 650 LRF termov\u00edzny monokul\u00e1r s laserov\u00fdm dia\u013ekomerom"},"content":{"rendered":"<p><b>ThermTec WILD 650 LRF termov\u00edzny monokul\u00e1r s laserov\u00fdm dia\u013ekomerom<\/b><\/p>\n<p><b>Siln\u00fd obraz<\/b><\/p>\n<p><span style=\"font-weight: 400\">Tento vysoko citliv\u00fd tepeln\u00fd sn\u00edma\u010d je vyroben\u00fd pod\u013ea najvy\u0161\u0161\u00edch \u0161tandardov a m\u00e1 NETD\u226418mK. To je etal\u00f3n pre s\u00fa\u010dasn\u00fa \u0161pi\u010dku, ktor\u00fd v kombin\u00e1cii s optikou s v\u00e4\u010d\u0161ou apert\u00farou, ktor\u00e1 prep\u00fa\u0161\u0165a viac \u017eiarenia, zaru\u010duje ohromuj\u00facu kvalitu tepeln\u00e9ho obrazu a dokonal\u00e9 rozpoznanie detailov aj v t\u00fdch najn\u00e1ro\u010dnej\u0161\u00edch poveternostn\u00fdch podmienkach. Obraz verzie 640 m\u00e1 skuto\u010dn\u00e9 \u010daro.<\/span><\/p>\n<p><b>V\u0161etko v jednej ruke<\/b><\/p>\n<p><span style=\"font-weight: 400\">Ergonomick\u00fd dizajn podlo\u017eky na nastavenie zaostrenia a ovl\u00e1danie joystickom je v\u00ed\u0165azn\u00fdm receptom na dokonal\u00e9 ovl\u00e1danie jednou rukou. Pon\u00faka pohodln\u00e9 pou\u017e\u00edvanie pre \u013eav\u00e1kov aj prav\u00e1kov a skuto\u010dne dosahuje ostr\u00e9 a presn\u00e9 sn\u00edmky na ak\u00fako\u013evek vzdialenos\u0165 s minim\u00e1lnym \u00fasil\u00edm.<\/span><\/p>\n<p><b>Modernizovan\u00fd dia\u013ekomer LRF<\/b><\/p>\n<p><span style=\"font-weight: 400\">Kompaktn\u00fd laserov\u00fd dia\u013ekomer vyu\u017e\u00edva skuto\u010dne pokro\u010dil\u00fa technol\u00f3giu LRF s podporou umelej inteligencie. Vysoko presn\u00fd dia\u013ekomer dok\u00e1\u017ee mera\u0165 vzdialenos\u0165 viacer\u00fdch cie\u013eov s\u00fa\u010dasne v najr\u00f4znej\u0161\u00edch sc\u00e9nach a z\u00e1rove\u0148 umo\u017e\u0148uje identifik\u00e1ciu r\u00f4znych typov cie\u013eov.<\/span><\/p>\n<p><b>Samostudijn\u00e1 korekcia obrazu<\/b><\/p>\n<p><span style=\"font-weight: 400\">Technol\u00f3gia umelej inteligencie v s\u00e9rii Wild poskytuje zariadeniu schopnos\u0165 samou\u010denia a adapt\u00e1cie. Nepretr\u017eit\u00e9 a h\u013abkov\u00e9 u\u010denie sa vylep\u0161en\u00ed obrazu v r\u00f4znych sc\u00e9nach dok\u00e1\u017ee \u010falej optimalizova\u0165 algoritmus vylep\u0161enia obrazu a pred\u013a\u017ei\u0165 pocit stabiln\u00e9ho obrazu v r\u00f4znych sc\u00e9nach, \u010do vedie k vysoko relaxa\u010dn\u00e9mu z\u00e1\u017eitku zo sledovania.<\/span><\/p>\n<p><b>Zosilnen\u00e9, odoln\u00e9 puzdro<\/b><\/p>\n<p><span style=\"font-weight: 400\">S\u00e9ria Wild je vyroben\u00e1 z hor\u010d\u00edkovej zliatiny, ktor\u00e1 poskytuje vysok\u00fa pevnos\u0165 kon\u0161trukcie a n\u00edzku hmotnos\u0165. Kombinovan\u00fd pogumovan\u00fd povlak zabra\u0148uje po\u0161kriabaniu a zlep\u0161uje stabilitu, \u010d\u00edm poskytuje \u0161t\u00fdlov\u00fd vzh\u013ead, ktor\u00fd je vhodn\u00fd aj na dlhodob\u00e9 pou\u017e\u00edvanie.<\/span><\/p>\n<p><b>Vysoko v\u00fdkonn\u00fd digit\u00e1lny zoom<\/b><\/p>\n<p><span style=\"font-weight: 400\">1 - 4-n\u00e1sobn\u00e9 kontinu\u00e1lne HD pribl\u00ed\u017eenie poskytuje vynikaj\u00facu ostros\u0165 a najvy\u0161\u0161ie dostupn\u00e9 rozl\u00ed\u0161enie detailov od minim\u00e1lneho po maxim\u00e1lne zv\u00e4\u010d\u0161enie s najmen\u0161\u00edm mo\u017en\u00fdm zn\u00ed\u017een\u00edm kvality obrazu.<\/span><\/p>\n<p><b>Vymenite\u013en\u00e1 bat\u00e9ria<\/b><\/p>\n<p><span style=\"font-weight: 400\">Ve\u013ekokapacitn\u00e1 bat\u00e9ria umo\u017e\u0148uje a\u017e 10 hod\u00edn nepretr\u017eit\u00e9ho pou\u017e\u00edvania na jedno nabitie. Mo\u017eno ju dobi\u0165 v zariaden\u00ed alebo vybra\u0165 a vymeni\u0165 za nov\u00fa v priebehu nieko\u013ek\u00fdch sek\u00fand, \u010do umo\u017e\u0148uje op\u00e4tovn\u00e9 pou\u017e\u00edvanie zariadenia bez kompromisov, tak\u017ee pou\u017e\u00edvatelia sa m\u00f4\u017eu s\u00fastredi\u0165 na lov bez preru\u0161enia.<\/span><\/p>\n<table dir=\"ltr\" border=\"1\" cellspacing=\"0\" cellpadding=\"0\" data-sheets-root=\"1\" data-sheets-baot=\"1\">\n<colgroup>\n<col width=\"100\" \/>\n<col width=\"100\" \/><\/colgroup>\n<tbody>\n<tr>\n<td>Wi-Fi<\/td>\n<td>\u00c1no<\/td>\n<\/tr>\n<tr>\n<td>Senzor<\/td>\n<td>640 \u00d7 512 px<\/td>\n<\/tr>\n<tr>\n<td>Teplotn\u00e1 citlivos\u0165<\/td>\n<td>&lt; 18 mK<\/td>\n<\/tr>\n<tr>\n<td>Rozl\u00ed\u0161enie displeja<\/td>\n<td>1024 \u00d7 768 px<\/td>\n<\/tr>\n<tr>\n<td>Lencse<\/td>\n<td>50 mm<\/td>\n<\/tr>\n<tr>\n<td>Detek\u010dn\u00e1 vzdialenos\u0165<\/td>\n<td>2600 m<\/td>\n<\/tr>\n<tr>\n<td>Optick\u00e9 zv\u00e4\u010d\u0161enie<\/td>\n<td>2,8x<\/td>\n<\/tr>\n<tr>\n<td>Zorn\u00e9 pole<\/td>\n<td>8,8\u00b0 \u00d7 7,0\u00b0<\/td>\n<\/tr>\n<tr>\n<td>Digit\u00e1lny zoom<\/td>\n<td>1-4x<\/td>\n<\/tr>\n<tr>\n<td>Laserov\u00fd dia\u013ekomer<\/td>\n<td>\n<div>\n<div>\u00c1no, s dosahom 1000 m<\/div>\n<\/div>\n<\/td>\n<\/tr>\n<tr>\n<td>Mo\u017enos\u0165 fotografovania<\/td>\n<td>\u00c1no<\/td>\n<\/tr>\n<tr>\n<td>Mo\u017enos\u0165 vytvori\u0165 video<\/td>\n<td>\u00c1no<\/td>\n<\/tr>\n<tr>\n<td>\u00darove\u0148 imunity<\/td>\n<td>IP67<\/td>\n<\/tr>\n<tr>\n<td>Pam\u00e4\u0165<\/td>\n<td>\n<div>\n<div>Vstavan\u00fd, 64 GB<\/div>\n<\/div>\n<\/td>\n<\/tr>\n<tr>\n<td>Prev\u00e1dzkov\u00e1 teplota<\/td>\n<td>\n<div>\n<div>-20 \u00b0C a\u017e 55 \u00b0C<\/div>\n<\/div>\n<\/td>\n<\/tr>\n<tr>\n<td>Bat\u00e9ria<\/td>\n<td>1x typ 18650<\/td>\n<\/tr>\n<tr>\n<td>Prev\u00e1dzkov\u00fd \u010das bat\u00e9rie<\/td>\n<td>8 hod\u00edn<\/td>\n<\/tr>\n<tr>\n<td>Hmotnos\u0165<\/td>\n<td>580 g<\/td>\n<\/tr>\n<tr>\n<td>Rozmery<\/td>\n<td>\n<div>\n<div>190 \u00d7 76 \u00d7 85 mm<\/div>\n<\/div>\n<\/td>\n<\/tr>\n<\/tbody>\n<\/table>\n<p>Obsah balenia:<\/p>\n<ul>\n<li>ThermTec Wild 650 LRF<\/li>\n<li>1x nab\u00edja\u010dka bat\u00e9ri\u00ed<\/li>\n<li>2x bat\u00e9ria typu 18650<\/li>\n<li>1x popruh na z\u00e1p\u00e4stie<\/li>\n<li>1x popruh na krk<\/li>\n<li>1x k\u00e1bel USB<\/li>\n<li>\u010cistiaca handri\u010dka na optiku<\/li>\n<li>Pou\u017e\u00edvate\u013esk\u00e1 pr\u00edru\u010dka v \u010de\u0161tine a sloven\u010dine<\/li>\n<\/ul>\n<p>Ofici\u00e1lna str\u00e1nka zna\u010dky:<a href=\"https:\/\/www.thermeyetec.com\/wild-series\/\"> https:\/\/www.thermeyetec.com\/wild-series\/<\/a><\/p>","protected":false},"excerpt":{"rendered":"<p>Monokul\u00e1r WILD 650L je vybaven\u00fd teplotn\u00fdm senzorom NETD \u2264 18 mK a rozl\u00ed\u0161en\u00edm 640 \u00d7 512 px. \u010c\u00edm ni\u017e\u0161ia je hodnota NETD, t\u00fdm lep\u0161ie dok\u00e1\u017ee sn\u00edma\u010d zachyti\u0165 aj tie najmen\u0161ie teplotn\u00e9 rozdiely, \u010d\u00edm poskytuje detailn\u00fd obraz pozorovan\u00fdch objektov. Ku kvalite obrazu, ktor\u00fd je pr\u00edjemn\u00fd pre o\u010di, prispieva aj displej AMOLED s rozl\u00ed\u0161en\u00edm 1024 \u00d7 768 px.<\/p>","protected":false},"featured_media":3139,"comment_status":"open","ping_status":"closed","template":"","meta":[],"product_brand":[],"product_cat":[17],"product_tag":[189,186,188],"class_list":{"0":"post-3138","1":"product","2":"type-product","3":"status-publish","4":"has-post-thumbnail","6":"product_cat-hokamera-kereso","7":"product_tag-hokamera-kereso","8":"product_tag-thermtec","9":"product_tag-wild","11":"first","12":"outofstock","13":"taxable","14":"shipping-taxable","15":"purchasable","16":"product-type-simple"},"jetpack_sharing_enabled":true,"_links":{"self":[{"href":"https:\/\/bestoptika.eu\/sk\/wp-json\/wp\/v2\/product\/3138","targetHints":{"allow":["GET"]}}],"collection":[{"href":"https:\/\/bestoptika.eu\/sk\/wp-json\/wp\/v2\/product"}],"about":[{"href":"https:\/\/bestoptika.eu\/sk\/wp-json\/wp\/v2\/types\/product"}],"replies":[{"embeddable":true,"href":"https:\/\/bestoptika.eu\/sk\/wp-json\/wp\/v2\/comments?post=3138"}],"wp:featuredmedia":[{"embeddable":true,"href":"https:\/\/bestoptika.eu\/sk\/wp-json\/wp\/v2\/media\/3139"}],"wp:attachment":[{"href":"https:\/\/bestoptika.eu\/sk\/wp-json\/wp\/v2\/media?parent=3138"}],"wp:term":[{"taxonomy":"product_brand","embeddable":true,"href":"https:\/\/bestoptika.eu\/sk\/wp-json\/wp\/v2\/product_brand?post=3138"},{"taxonomy":"product_cat","embeddable":true,"href":"https:\/\/bestoptika.eu\/sk\/wp-json\/wp\/v2\/product_cat?post=3138"},{"taxonomy":"product_tag","embeddable":true,"href":"https:\/\/bestoptika.eu\/sk\/wp-json\/wp\/v2\/product_tag?post=3138"}],"curies":[{"name":"wp","href":"https:\/\/api.w.org\/{rel}","templated":true}]}}