{"id":3193,"date":"2024-11-10T16:39:48","date_gmt":"2024-11-10T15:39:48","guid":{"rendered":"https:\/\/bestoptika.eu\/?post_type=product&#038;p=3193"},"modified":"2026-03-28T16:54:20","modified_gmt":"2026-03-28T15:54:20","slug":"hikmicro-stellar-sx60l-3-0-hokamera-celtavcso","status":"publish","type":"product","link":"https:\/\/bestoptika.eu\/sk\/product\/hikmicro-stellar-sx60l-3-0-hokamera-celtavcso\/","title":{"rendered":"Hikmicro STELLAR SX60L 3.0 termov\u00edzny pu\u0161koh\u013ead s laserov\u00fdm dia\u013ekomerom"},"content":{"rendered":"<p><strong>Termov\u00edzny pu\u0161koh\u013ead Hikmicro STELLAR SX60L 3.0<\/strong><\/p>\n<p><b>Detektor tepla najvy\u0161\u0161ej kvality, lep\u0161ia vidite\u013enos\u0165<\/b><\/p>\n<p><span style=\"font-weight: 400\">S\u00e9ria HIKMICRO STELLAR 3.0 obsahuje term\u00e1lne detektory 384, 640 a 1280 s pokro\u010dil\u00fdmi vlastnos\u0165ami term\u00e1lneho zobrazovania.<\/span><\/p>\n<p><b>Neuverite\u013ene citliv\u00e9 15 mK term\u00e1lne zobrazovanie, ktor\u00e9 zachyt\u00ed aj tie najjemnej\u0161ie detaily<\/b><\/p>\n<p><span style=\"font-weight: 400\">Prvou prelomovou technol\u00f3giou HIKMICRO STELLAR 3.0 je NETD menej ako 15 mK, ktor\u00e1 posunula detekciu teplotn\u00fdch rozdielov zariadenia na nov\u00fa \u00farove\u0148. \u010c\u00edm je zariadenie citlivej\u0161ie, t\u00fdm lep\u0161ie vn\u00edma svoje okolie a t\u00fdm jasnej\u0161ie a detailnej\u0161ie sn\u00edmky vytv\u00e1ra. V\u010faka tomu termov\u00edzna technol\u00f3gia pom\u00e1ha po\u013eovn\u00edkom robi\u0165 pri love lep\u0161ie rozhodnutia ako kedyko\u013evek predt\u00fdm.<\/span><\/p>\n<p><b>1,03\" displej OLED pre lov v kvalite kina<\/b><\/p>\n<p><span style=\"font-weight: 400\">Termov\u00edzny \u010falekoh\u013ead HIKMICRO STELLAR 3.0 je vybaven\u00fd v\u00e4\u010d\u0161\u00edm 1,03\" displejom OLED s rozl\u00ed\u0161en\u00edm 2560 x 2560, ktor\u00fd zlep\u0161uje v\u00e1\u0161 lov, pom\u00e1ha vidie\u0165 viac detailov a zabra\u0148uje \u00fanave o\u010d\u00ed po dlhom pou\u017e\u00edvan\u00ed. Okrem toho m\u00f4\u017ee by\u0165 lov s ve\u013ek\u00fdm displejom e\u0161te presnej\u0161\u00ed, preto\u017ee lovec vid\u00ed miesta z\u00e1sahu jasnej\u0161ie. V\u0161etko z\u00e1le\u017e\u00ed len na v\u00e1s! Vyberte si zo zaoblen\u00fdch alebo \u0161tvorcov\u00fdch re\u017eimov zobrazenia, ktor\u00e9 vyhovuj\u00fa v\u00e1\u0161mu \u0161t\u00fdlu lovu a potreb\u00e1m.<\/span><\/p>\n<p><b>Bezprobl\u00e9mov\u00e9 monitorovanie s priekopn\u00edckou technol\u00f3giou bez \u010dasov\u00e9ho posunu (HSIS)<\/b><\/p>\n<p><span style=\"font-weight: 400\">Syst\u00e9m HSIS (bezz\u00e1vierkov\u00fd zobrazovac\u00ed syst\u00e9m spolo\u010dnosti HIKMICRO) nesp\u00f4sobuje zhor\u0161enie kvality obrazu: je zalo\u017een\u00fd na nepretr\u017eitom sk\u00faman\u00ed r\u00f4znych siv\u00fdch pozad\u00ed a predstavuje dynamick\u00fd proces u\u010denia. V\u010faka tomu sa nemus\u00ed z \u010dasu na \u010das presta\u0165 kalibrova\u0165, \u010do zaru\u010duje, \u017ee nikdy nezme\u0161k\u00e1te kritick\u00fd moment v ter\u00e9ne. Vychutnajte si nepretr\u017eit\u00fd z\u00e1\u017eitok z pozorovania s inovat\u00edvnou technol\u00f3giou HSIS HIKMICRO STELLAR 3.0.<\/span><\/p>\n<p><b>Inovat\u00edvny algoritmus Image Pro 2.0, ktor\u00fd vytv\u00e1ra obr\u00e1zky bohat\u00e9 na detaily<\/b><\/p>\n<p><span style=\"font-weight: 400\">Pri love je pozorovanie prostredia koristi rovnako d\u00f4le\u017eit\u00e9 ako pozorovanie samotnej koristi. Algoritmus HIKMICRO STELLAR 3.0 Image Pro 2.0 s prelomov\u00fdm algoritmom anal\u00fdzy obrazu poskytuje najdetailnej\u0161ie sn\u00edmky s najmen\u0161\u00edm mo\u017en\u00fdm \u0161umom. Umo\u017e\u0148uje nielen ur\u010di\u0165 detaily koristi, ale dok\u00e1\u017ee pozorova\u0165 aj prostredie v pozad\u00ed.<\/span><\/p>\n<p><b>Nov\u00e1 defin\u00edcia presnosti a z\u00e1\u017eitku zo stre\u013eby<\/b><\/p>\n<p><span style=\"font-weight: 400\">Termov\u00edzny \u010falekoh\u013ead HIKMICRO STELLAR 3.0 poskytuje ve\u013emi presn\u00e9 nastavenie nuly 1,3 cm @ 100 m. To u\u013eah\u010duje dokonal\u00e9 nastavenie termov\u00edzneho \u010falekoh\u013eadu, \u010do v\u00e1m pom\u00f4\u017ee presnej\u0161ie strie\u013ea\u0165 a zlep\u0161i\u0165 va\u0161u \u00faspe\u0161nos\u0165 pri love.<\/span><\/p>\n<p><b>1000-metrov\u00fd laserov\u00fd dia\u013ekomer na presn\u00e9 meranie vzdialenosti<\/b><\/p>\n<p><span style=\"font-weight: 400\">Presn\u00e9 zistenie vzdialenosti pom\u00e1ha zabezpe\u010di\u0165 etick\u00fd z\u00e1sah.<\/span><\/p>\n<p><b>Presn\u00fd dlhodob\u00fd lov s optimalizovan\u00fdm balistick\u00fdm v\u00fdpo\u010dtom<\/b><\/p>\n<p><span style=\"font-weight: 400\">Optimalizovan\u00e9 balistick\u00e9 v\u00fdpo\u010dty pu\u0161ky HIKMICRO STELLAR 3.0 zaru\u010duj\u00fa presn\u00e9 strely na ak\u00fako\u013evek vzdialenos\u0165. Nov\u00e9 balistick\u00e9 v\u00fdpo\u010dty vykon\u00e1vaj\u00fa automatick\u00fa anal\u00fdzu kompenz\u00e1cie n\u00e1klonu a n\u00e1stroj podporuje aj prisp\u00f4sobenie navrhovanej farby a \u0161t\u00fdlu miesta z\u00e1sahu, ako aj volite\u013en\u00e9ho typu projektilu, \u010do umo\u017e\u0148uje presnej\u0161ie pos\u00fadenie pri love na ve\u013ek\u00fa vzdialenos\u0165.<\/span><\/p>\n<p><b>R\u00fdchly reset na zariaden\u00ed alebo prostredn\u00edctvom aplik\u00e1cie<\/b><\/p>\n<p><span style=\"font-weight: 400\">Okrem dia\u013ekov\u00e9ho ovl\u00e1dania, prehliadania a s\u0165ahovania, zdie\u013eania neuverite\u013en\u00fdch momentov a aktualiz\u00e1cie softv\u00e9ru ovl\u00e1da\u010da v\u00e1m HIKMICRO SIGHT pom\u00e1ha aj r\u00fdchlo resetova\u0165 STELLAR 3.0. Prostredn\u00edctvom aplik\u00e1cie Sight jednoducho nastavte odch\u00fdlku bodu z\u00e1sahu od o\u010dak\u00e1van\u00e9ho cie\u013eov\u00e9ho bodu a synchronizujte svoje zameriava\u010de.<\/span><\/p>\n<p><b>Vysok\u00e1 odolnos\u0165 proti n\u00e1razu<\/b><\/p>\n<p><span style=\"font-weight: 400\">Puzdro z hlin\u00edkovej zliatiny a robustn\u00e9 komponenty umo\u017e\u0148uj\u00fa termov\u00edznemu \u010falekoh\u013eadu HIKMICRO STELLAR 3.0 vysok\u00fa odolnos\u0165 vo\u010di n\u00e1razom a\u017e do 1000 g\/0,4 ms.<\/span><\/p>\n<p><b>Vylep\u0161en\u00fd, tradi\u010dn\u00fd exteri\u00e9r<\/b><\/p>\n<p><span style=\"font-weight: 400\">Klasick\u00fd dizajn termov\u00edzneho \u010falekoh\u013eadu HIKMICRO STELLAR 3.0 sa zmest\u00ed do \u0161tandardn\u00fdch 30 mm mont\u00e1\u017enych kr\u00fa\u017ekov a sp\u013a\u0148a potreby profesion\u00e1lnych lovcov, ktor\u00ed si cenia trad\u00edciu. Okrem toho je vybaven\u00fd m\u00e4k\u0161\u00edm h\u013ead\u00e1\u010dikom, magnetick\u00fdm krytom objekt\u00edvu a v\u00fdrazn\u00fdm prstencom na nastavenie zaostrenia, ktor\u00fd mo\u017eno intuit\u00edvne pou\u017e\u00edva\u0165 aj v rukaviciach.<\/span><\/p>\n<p><b>Mimoriadne dlh\u00fd prev\u00e1dzkov\u00fd \u010das, nezme\u0161k\u00e1te ani jeden vzru\u0161uj\u00faci okamih<\/b><\/p>\n<p><span style=\"font-weight: 400\">V\u010faka dvom vstavan\u00fdm dob\u00edjac\u00edm bat\u00e9ri\u00e1m a vymenite\u013enej bat\u00e9rii 18650 umo\u017e\u0148uje HIKMICRO STELLAR 3.0 dlh\u00fdch 9 hod\u00edn pou\u017e\u00edvania. S t\u00fdmto pokro\u010dil\u00fdm syst\u00e9mom nap\u00e1jania sa po\u013eovn\u00edci m\u00f4\u017eu bavi\u0165 bez ob\u00e1v z vybitia bat\u00e9ri\u00ed.<\/span><\/p>\n<p><b>V miestnom albume si m\u00f4\u017eete okam\u017eite pozrie\u0165 vzru\u0161uj\u00face momenty<\/b><\/p>\n<p><span style=\"font-weight: 400\">Funkcia aktiv\u00e1cie sp\u00e4tn\u00e9ho r\u00e1zu dok\u00e1\u017ee zaznamena\u0165 video pred a po v\u00fdstrele, aby v\u00e1m pomohla rozhodn\u00fa\u0165, \u010di ste zasiahli zver. Videoz\u00e1znamy sa ukladaj\u00fa do lok\u00e1lneho albumu termov\u00edzneho \u010falekoh\u013eadu HIKMICRO STELLAR 3.0, kde si ich m\u00f4\u017eete r\u00fdchlo a okam\u017eite prezrie\u0165.<\/span><\/p>\n<table dir=\"ltr\" border=\"1\" cellspacing=\"0\" cellpadding=\"0\" data-sheets-root=\"1\" data-sheets-baot=\"1\">\n<colgroup>\n<col width=\"100\" \/>\n<col width=\"100\" \/><\/colgroup>\n<tbody>\n<tr>\n<td>Wi-Fi<\/td>\n<td>\u00c1no<\/td>\n<\/tr>\n<tr>\n<td>Senzor<\/td>\n<td>1280 \u00d7 1080 px<\/td>\n<\/tr>\n<tr>\n<td>Teplotn\u00e1 citlivos\u0165<\/td>\n<td>&lt; 18 mK<\/td>\n<\/tr>\n<tr>\n<td>Rozl\u00ed\u0161enie displeja<\/td>\n<td>2560 \u00d7 2560 px<\/td>\n<\/tr>\n<tr>\n<td>Lencse<\/td>\n<td>60 mm<\/td>\n<\/tr>\n<tr>\n<td>Detek\u010dn\u00e1 vzdialenos\u0165<\/td>\n<td>3100 m<\/td>\n<\/tr>\n<tr>\n<td>Optick\u00e9 zv\u00e4\u010d\u0161enie<\/td>\n<td>2,5x<\/td>\n<\/tr>\n<tr>\n<td>Digit\u00e1lny zoom<\/td>\n<td>11,4x<\/td>\n<\/tr>\n<tr>\n<td>Laserov\u00fd dia\u013ekomer<\/td>\n<td>\n<div>\n<div>\u00c1no, dosah 1000 m<\/div>\n<\/div>\n<\/td>\n<\/tr>\n<tr>\n<td>Balistick\u00e1 kalkula\u010dka<\/td>\n<td>\u00c1no<\/td>\n<\/tr>\n<tr>\n<td>Zorn\u00e9 pole<\/td>\n<td>14,6\u00b0 \u00d7 11,7\u00b0<\/td>\n<\/tr>\n<tr>\n<td>Dioptrick\u00e1 korekcia<\/td>\n<td>-5D +3D<\/td>\n<\/tr>\n<tr>\n<td>Odfo\u0165te sa<\/td>\n<td>\u00c1no<\/td>\n<\/tr>\n<tr>\n<td>Tvorba videa<\/td>\n<td>\u00c1no<\/td>\n<\/tr>\n<tr>\n<td>Zvukov\u00fd z\u00e1znam<\/td>\n<td>\u00c1no<\/td>\n<\/tr>\n<tr>\n<td>Stupe\u0148 imunity<\/td>\n<td>IP67<\/td>\n<\/tr>\n<tr>\n<td>Pam\u00e4\u0165<\/td>\n<td>\n<div>\n<div>Vstavan\u00fd, 64 GB<\/div>\n<\/div>\n<\/td>\n<\/tr>\n<tr>\n<td>Prev\u00e1dzkov\u00e1 teplota<\/td>\n<td>\n<div>\n<div>-30\u00b0C a\u017e 55\u00b0C<\/div>\n<\/div>\n<\/td>\n<\/tr>\n<tr>\n<td>Bat\u00e9rie<\/td>\n<td>\n<div>\n<div>2x vstavan\u00fd, 1x vymenite\u013en\u00fd 18650<\/div>\n<\/div>\n<\/td>\n<\/tr>\n<tr>\n<td>V\u00fddr\u017e bat\u00e9rie<\/td>\n<td>10 hod\u00edn<\/td>\n<\/tr>\n<tr>\n<td>Hmotnos\u0165<\/td>\n<td>1000 g<\/td>\n<\/tr>\n<tr>\n<td>Rozmery<\/td>\n<td>\n<div>\n<div>453 \u00d7 94 \u00d7 79 mm<\/div>\n<\/div>\n<\/td>\n<\/tr>\n<\/tbody>\n<\/table>\n<p><strong>Obsah balenia:<\/strong><\/p>\n<ul>\n<li>Termov\u00edzny pu\u0161koh\u013ead HIKMICRO STELLAR SX60L 3.0<\/li>\n<li>2x dob\u00edjacia bat\u00e9ria 18650<\/li>\n<li>1x nab\u00edja\u010dka bat\u00e9ri\u00ed<\/li>\n<li>1x k\u00e1bel USB-C<\/li>\n<li>1x skrutkovacie oko<\/li>\n<li>Puzdro na teleskopick\u00fd zameriava\u010d<\/li>\n<li>Vrecko na nosi\u010d<\/li>\n<li>Handri\u010dka na optiku<\/li>\n<li>N\u00e1vod na pou\u017eitie<\/li>\n<\/ul>\n<p><b>P\u00f4vodn\u00e1 str\u00e1nka zna\u010dky:<\/b><a href=\"https:\/\/www.hikmicrotech.com\/hu\/outdoor-products\/stellar-3-0-thermal-scope\/\"> <b>https:\/\/www.hikmicrotech.com\/hu\/outdoor-products\/stellar-3-0-thermal-scope\/<\/b><\/a><\/p>\n<p>&nbsp;<\/p>","protected":false},"excerpt":{"rendered":"<p><b>Za\u017eite loveck\u00fa revol\u00faciu s termov\u00edznym pu\u0161koh\u013eadom Stellar 3.0, ktor\u00fd odhal\u00ed ka\u017ed\u00fd detail aj v tej najtemnej\u0161ej noci!<\/b><\/p>\n<ul>\n<li style=\"font-weight: 400\"><span style=\"font-weight: 400\">Sn\u00edma\u010d termokamery: 1280 \u00d7 1024 px<\/span><\/li>\n<li style=\"font-weight: 400\"><span style=\"font-weight: 400\">Tepeln\u00e1 citlivos\u0165: 158 mK<\/span><\/li>\n<li style=\"font-weight: 400\"><span style=\"font-weight: 400\">Detek\u010dn\u00e1 vzdialenos\u0165: do 3100 metrov<\/span><\/li>\n<li style=\"font-weight: 400\"><span style=\"font-weight: 400\">Laserov\u00fd dia\u013ekomer zabudovan\u00fd v objekt\u00edve<\/span><\/li>\n<li style=\"font-weight: 400\"><span style=\"font-weight: 400\">Magnetick\u00fd kryt objekt\u00edvu<\/span><\/li>\n<\/ul>\n<p><span style=\"font-weight: 400\">Model SX60L 3.0 poskytuje dokonale detailn\u00fd obraz, tak\u017ee je zrete\u013ene vidie\u0165 vlasy a parohy.<\/span><\/p>","protected":false},"featured_media":3194,"comment_status":"open","ping_status":"closed","template":"","meta":[],"product_brand":[],"product_cat":[30,45],"product_tag":[32,31,18,192],"class_list":{"0":"post-3193","1":"product","2":"type-product","3":"status-publish","4":"has-post-thumbnail","6":"product_cat-celtavcso","7":"product_cat-hokamera","8":"product_tag-celtavcso","9":"product_tag-hikmicro","10":"product_tag-hokamera","11":"product_tag-stellar","13":"first","14":"instock","15":"sale","16":"taxable","17":"shipping-taxable","18":"purchasable","19":"product-type-simple"},"jetpack_sharing_enabled":true,"_links":{"self":[{"href":"https:\/\/bestoptika.eu\/sk\/wp-json\/wp\/v2\/product\/3193","targetHints":{"allow":["GET"]}}],"collection":[{"href":"https:\/\/bestoptika.eu\/sk\/wp-json\/wp\/v2\/product"}],"about":[{"href":"https:\/\/bestoptika.eu\/sk\/wp-json\/wp\/v2\/types\/product"}],"replies":[{"embeddable":true,"href":"https:\/\/bestoptika.eu\/sk\/wp-json\/wp\/v2\/comments?post=3193"}],"wp:featuredmedia":[{"embeddable":true,"href":"https:\/\/bestoptika.eu\/sk\/wp-json\/wp\/v2\/media\/3194"}],"wp:attachment":[{"href":"https:\/\/bestoptika.eu\/sk\/wp-json\/wp\/v2\/media?parent=3193"}],"wp:term":[{"taxonomy":"product_brand","embeddable":true,"href":"https:\/\/bestoptika.eu\/sk\/wp-json\/wp\/v2\/product_brand?post=3193"},{"taxonomy":"product_cat","embeddable":true,"href":"https:\/\/bestoptika.eu\/sk\/wp-json\/wp\/v2\/product_cat?post=3193"},{"taxonomy":"product_tag","embeddable":true,"href":"https:\/\/bestoptika.eu\/sk\/wp-json\/wp\/v2\/product_tag?post=3193"}],"curies":[{"name":"wp","href":"https:\/\/api.w.org\/{rel}","templated":true}]}}