{"id":3304,"date":"2024-11-27T09:40:24","date_gmt":"2024-11-27T08:40:24","guid":{"rendered":"https:\/\/bestoptika.eu\/?post_type=product&#038;p=3304"},"modified":"2026-01-30T15:20:23","modified_gmt":"2026-01-30T14:20:23","slug":"thermtec-ares-360-lrf-2-0-hokamera-celtacso","status":"publish","type":"product","link":"https:\/\/bestoptika.eu\/sk\/product\/thermtec-ares-360-lrf-2-0-hokamera-celtacso\/","title":{"rendered":"ThermTec ARES 360 LRF 2.0 termov\u00edzny pu\u0161koh\u013ead"},"content":{"rendered":"<p><strong>ThermTec ARES 360 LRF 2.0 termov\u00edzny pu\u0161koh\u013ead<\/strong><\/p>\n<p><b>Modul laserov\u00e9ho dia\u013ekomeru<\/b><\/p>\n<p><span style=\"font-weight: 400\">Model Ares 360 LRF 2.0 je vybaven\u00fd modulom LRF s dosahom 1000 metrov a presnos\u0165ou \u00b11 meter na 100 metrov. Ve\u013ekos\u0165 modulu sa v porovnan\u00ed s predch\u00e1dzaj\u00facimi modelmi v\u00fdrazne zmen\u0161ila, tak\u017ee sa bez probl\u00e9mov zmest\u00ed do r\u00e1mu a je sotva vidite\u013en\u00fd.<\/span><\/p>\n<p><b>Vynikaj\u00faca kvalita obrazu<\/b><\/p>\n<p><span style=\"font-weight: 400\">V\u010faka 60 mm objekt\u00edvu, rozl\u00ed\u0161eniu 384 \u00d7 288 a tepelnej citlivosti 18 mK zachyt\u00e1va kamera Ares 360 2.0 detaily s dokonalou \u010distotou a detek\u010dn\u00fdm dosahom 1800 m, tak\u017ee je ide\u00e1lna na lov v otvorenom priestore.\u00a0<\/span><\/p>\n<p><span style=\"font-weight: 400\">Model Ares 360 2.0 bol uveden\u00fd na trh s dvojpolohovou optikou. S ohniskovou vzdialenos\u0165ou 20 mm v \u0161tandardnej polohe je k dispoz\u00edcii \u0161irok\u00fd zorn\u00fd uhol 13,1\u00b0 na detekciu zveri, zatia\u013e \u010do 60 mm optika poskytuje extr\u00e9mne ve\u013ek\u00e9 zv\u00e4\u010d\u0161enie na ist\u00fa identifik\u00e1ciu. Nastavenie uhla je pohodln\u00e9 a bezprobl\u00e9mov\u00e9 pomocou voli\u010da optick\u00e9ho zv\u00e4\u010d\u0161enia.<\/span><\/p>\n<p><span style=\"font-weight: 400\">V\u010faka zdokonalenej umelej inteligencii a schopnosti samou\u010denia poskytuje Ares stabiln\u00fa kvalitu obrazu bez oh\u013eadu na zmeny prostredia. S ka\u017ed\u00fdm pou\u017eit\u00edm sa \"u\u010d\u00ed\", zhroma\u017e\u010fuje a uklad\u00e1 \u010doraz viac inform\u00e1ci\u00ed o prostred\u00ed a vytv\u00e1ra \u010doraz presnej\u0161ie sn\u00edmky bez \u0161umu.<\/span><\/p>\n<p><b>\u010eal\u0161\u00ed prispievatelia k pou\u017e\u00edvate\u013esk\u00e9mu z\u00e1\u017eitku<\/b><\/p>\n<p><span style=\"font-weight: 400\">Jednou z k\u013e\u00fa\u010dov\u00fdch v\u00fdhod radu Ares je kombin\u00e1cia vstavan\u00fdch a vymenite\u013en\u00fdch bat\u00e9ri\u00ed, ktor\u00e9 poskytuj\u00fa a\u017e 18 hod\u00edn nepretr\u017eitej prev\u00e1dzky.  \u017divotnos\u0165 bat\u00e9ri\u00ed mo\u017eno riadi\u0165 aj nastaven\u00edm \u010dasu automatick\u00e9ho vypnutia, tak\u017ee v\u00e1s neprekvap\u00ed, ke\u010f zariadenie zostane zapnut\u00e9.\u00a0<\/span><\/p>\n<p><span style=\"font-weight: 400\">Termokamery Ares s\u00fa pripraven\u00e9 na pou\u017eitie u\u017e za 3 sekundy, tak\u017ee je takmer nemo\u017en\u00e9 zme\u0161ka\u0165 d\u00f4le\u017eit\u00e9 okamihy.\u00a0<\/span><\/p>\n<p><span style=\"font-weight: 400\">V\u010faka \u0161t\u00edhlemu dizajnu pripom\u00ednaj\u00facemu r\u00farku je nielen elegantn\u00fd a ergonomick\u00fd, ale aj v\u00fdrazne od\u013eah\u010den\u00fd.\u00a0<\/span><\/p>\n<p><span style=\"font-weight: 400\">V\u00fdrobca venoval ve\u013ek\u00fa pozornos\u0165 dizajnu krytu objekt\u00edvu. Jeho nastavite\u013en\u00e1 poloha, tich\u00fd pohyb a dokonal\u00e9 prisp\u00f4sobenie telu zaru\u010duj\u00fa, \u017ee po\u010das pou\u017e\u00edvania nikdy nebude prek\u00e1\u017ea\u0165.\u00a0\u00a0<\/span><\/p>\n<p><span style=\"font-weight: 400\">S aplik\u00e1ciou ThermTec Outdoor m\u00f4\u017eete maximalizova\u0165 presnos\u0165. Vstavan\u00e9 balistick\u00e9 odpor\u00fa\u010dania pre ciele v\u00e1m pom\u00f4\u017eu robi\u0165 tie najlep\u0161ie mo\u017en\u00e9 rozhodnutia pri love.<\/span><\/p>\n<table dir=\"ltr\" border=\"1\" cellspacing=\"0\" cellpadding=\"0\" data-sheets-root=\"1\" data-sheets-baot=\"1\">\n<colgroup>\n<col width=\"100\" \/>\n<col width=\"100\" \/><\/colgroup>\n<tbody>\n<tr>\n<td>Wi-Fi<\/td>\n<td>\u00c1no<\/td>\n<\/tr>\n<tr>\n<td>Senzor (sn\u00edma\u010d)<\/td>\n<td>384 \u00d7 288 px<\/td>\n<\/tr>\n<tr>\n<td>Teplotn\u00e1 citlivos\u0165<\/td>\n<td>\u2264 20 mK<\/td>\n<\/tr>\n<tr>\n<td>Rozl\u00ed\u0161enie displeja<\/td>\n<td>1024 \u00d7 768 px<\/td>\n<\/tr>\n<tr>\n<td>Lencse<\/td>\n<td>20 mm \/ 60 mm<\/td>\n<\/tr>\n<tr>\n<td>Detek\u010dn\u00e1 vzdialenos\u0165<\/td>\n<td>\n<div>\n<div>1000 m \/ 3000 m<\/div>\n<\/div>\n<\/td>\n<\/tr>\n<tr>\n<td>Optick\u00e9 zv\u00e4\u010d\u0161enie<\/td>\n<td>1,8x \/ 5,5x<\/td>\n<\/tr>\n<tr>\n<td>Zorn\u00e9 pole<\/td>\n<td>\n<div>\n<div>13,1\u00b0 \u00d7 9,8\u00b0 \/ 4,4\u00b0 \u00d7 3,3\u00b0<\/div>\n<\/div>\n<\/td>\n<\/tr>\n<tr>\n<td>Optick\u00fd zoom<\/td>\n<td>3x<\/td>\n<\/tr>\n<tr>\n<td>Digit\u00e1lny zoom<\/td>\n<td>1-4x<\/td>\n<\/tr>\n<tr>\n<td>Dioptrick\u00e1 korekcia<\/td>\n<td>\u00b15D<\/td>\n<\/tr>\n<tr>\n<td>Laserov\u00fd dia\u013ekomer<\/td>\n<td>\n<div>\n<div>\u00c1no, dosah: 1000 m<\/div>\n<\/div>\n<\/td>\n<\/tr>\n<tr>\n<td>Balistick\u00e1 kalkula\u010dka<\/td>\n<td>\u00c1no<\/td>\n<\/tr>\n<tr>\n<td>Fotografick\u00e9 zariadenia<\/td>\n<td>\u00c1no<\/td>\n<\/tr>\n<tr>\n<td>Zariadenie na nahr\u00e1vanie videa<\/td>\n<td>\u00c1no<\/td>\n<\/tr>\n<tr>\n<td>Mo\u017enos\u0165 nahr\u00e1vania hlasu<\/td>\n<td>\u00c1no<\/td>\n<\/tr>\n<tr>\n<td>Stupe\u0148 krytia<\/td>\n<td>IP67<\/td>\n<\/tr>\n<tr>\n<td>Ukladanie<\/td>\n<td>\n<div>\n<div>Vstavan\u00fd, 64 GB<\/div>\n<\/div>\n<\/td>\n<\/tr>\n<tr>\n<td>Prev\u00e1dzkov\u00e1 teplota<\/td>\n<td>\n<div>\n<div>-20 \u00b0C a\u017e 55 \u00b0C<\/div>\n<\/div>\n<\/td>\n<\/tr>\n<tr>\n<td>Bat\u00e9ria<\/td>\n<td>\n<div>\n<div>1x vstavan\u00fd, 1x vymenite\u013en\u00fd 18650\/18500<\/div>\n<\/div>\n<\/td>\n<\/tr>\n<tr>\n<td>V\u00fddr\u017e bat\u00e9rie<\/td>\n<td>18 hod\u00edn<\/td>\n<\/tr>\n<tr>\n<td>Hmotnos\u0165<\/td>\n<td>1117 g<\/td>\n<\/tr>\n<tr>\n<td>Rozmery<\/td>\n<td>\n<div>\n<div>436 \u00d7 104 \u00d7 93 mm<\/div>\n<\/div>\n<\/td>\n<\/tr>\n<\/tbody>\n<\/table>\n<p><strong>Obsah balenia:<\/strong><\/p>\n<ul>\n<li>ThermTec Ares 360 LRF 2.0 termov\u00edzny pu\u0161koh\u013ead<\/li>\n<li>1x nab\u00edja\u010dka bat\u00e9ri\u00ed<\/li>\n<li>2x bat\u00e9ria 18650<\/li>\n<li>1x kryt bat\u00e9rie 18650<\/li>\n<li>1x kryt bat\u00e9rie 18500<\/li>\n<li>1x d\u00e1tov\u00fd k\u00e1bel USB<\/li>\n<li>1x magnetick\u00e1 o\u010dnica<\/li>\n<li>\u010cistiaca handri\u010dka na optiku<\/li>\n<li>N\u00e1vod na pou\u017eitie<\/li>\n<\/ul>\n<p>Ofici\u00e1lna str\u00e1nka zna\u010dky: <a href=\"https:\/\/www.thermeyetec.com\/ares-2-0-series\/\">https:\/\/www.thermeyetec.com\/ares-2-0-series\/<\/a><\/p>","protected":false},"excerpt":{"rendered":"<ul>\n<li>Z adresy <strong>Ares360 LRF 2.0<\/strong> s integrovan\u00fdm laserov\u00fdm dia\u013ekomerom na 1000 metrov a balistickou kalkula\u010dkou zvy\u0161uje presnos\u0165 mierenia.<\/li>\n<li>Sn\u00edma\u010d s rozl\u00ed\u0161en\u00edm 384 \u00d7 288 a citlivos\u0165ou \u226420 mK NETD poskytuje detailn\u00e9 sn\u00edmky v r\u00f4znych prostrediach.<\/li>\n<li>Objekt\u00edv s dvojit\u00fdm uhlom z\u00e1beru (20 mm\/60 mm) pon\u00faka 3x optick\u00fd a 4x digit\u00e1lny zoom, tak\u017ee je ide\u00e1lny na r\u00f4zne vzdialenosti.<\/li>\n<li>A\u017e 18-hodinov\u00e1 v\u00fddr\u017e bat\u00e9rie umo\u017e\u0148uje dlh\u00e9 loveck\u00e9 sez\u00f3ny, tak\u017ee <strong>Ares360 LRF 2.0<\/strong> je vynikaj\u00facou vo\u013ebou pre t\u00fdch, ktor\u00ed h\u013eadaj\u00fa pokro\u010dil\u00e9 funkcie za prijate\u013en\u00fa cenu.<\/li>\n<\/ul>","protected":false},"featured_media":3305,"comment_status":"open","ping_status":"closed","template":"","meta":[],"product_brand":[],"product_cat":[30,45],"product_tag":[190,32,18,186],"class_list":{"0":"post-3304","1":"product","2":"type-product","3":"status-publish","4":"has-post-thumbnail","6":"product_cat-celtavcso","7":"product_cat-hokamera","8":"product_tag-ares","9":"product_tag-celtavcso","10":"product_tag-hokamera","11":"product_tag-thermtec","13":"first","14":"instock","15":"sale","16":"taxable","17":"shipping-taxable","18":"purchasable","19":"product-type-simple"},"jetpack_sharing_enabled":true,"_links":{"self":[{"href":"https:\/\/bestoptika.eu\/sk\/wp-json\/wp\/v2\/product\/3304","targetHints":{"allow":["GET"]}}],"collection":[{"href":"https:\/\/bestoptika.eu\/sk\/wp-json\/wp\/v2\/product"}],"about":[{"href":"https:\/\/bestoptika.eu\/sk\/wp-json\/wp\/v2\/types\/product"}],"replies":[{"embeddable":true,"href":"https:\/\/bestoptika.eu\/sk\/wp-json\/wp\/v2\/comments?post=3304"}],"wp:featuredmedia":[{"embeddable":true,"href":"https:\/\/bestoptika.eu\/sk\/wp-json\/wp\/v2\/media\/3305"}],"wp:attachment":[{"href":"https:\/\/bestoptika.eu\/sk\/wp-json\/wp\/v2\/media?parent=3304"}],"wp:term":[{"taxonomy":"product_brand","embeddable":true,"href":"https:\/\/bestoptika.eu\/sk\/wp-json\/wp\/v2\/product_brand?post=3304"},{"taxonomy":"product_cat","embeddable":true,"href":"https:\/\/bestoptika.eu\/sk\/wp-json\/wp\/v2\/product_cat?post=3304"},{"taxonomy":"product_tag","embeddable":true,"href":"https:\/\/bestoptika.eu\/sk\/wp-json\/wp\/v2\/product_tag?post=3304"}],"curies":[{"name":"wp","href":"https:\/\/api.w.org\/{rel}","templated":true}]}}