{"id":3320,"date":"2024-11-27T14:25:15","date_gmt":"2024-11-27T13:25:15","guid":{"rendered":"https:\/\/bestoptika.eu\/?post_type=product&#038;p=3320"},"modified":"2025-07-27T10:30:28","modified_gmt":"2025-07-27T08:30:28","slug":"thermtec-cyclops-cp640d-hokamera","status":"publish","type":"product","link":"https:\/\/bestoptika.eu\/sk\/product\/thermtec-cyclops-cp640d-hokamera\/","title":{"rendered":"ThermTec CYCLOPS 640D termov\u00edzny monokul\u00e1r"},"content":{"rendered":"<p><strong> ThermTec CYCLOPS CP640D h\u0151kamera<\/strong><\/p>\n<p><span style=\"font-weight: 400\">A ThermTec Cyclops sorozat\u00e1nak tagjai k\u00e9tf\u00e9le szenzor felbont\u00e1s &#8211; 384&#215;288 \u00e9s 640&#215;512 &#8211; \u00e9s n\u00e9gyf\u00e9le f\u00f3kuszt\u00e1vols\u00e1g alapj\u00e1n k\u00fcl\u00f6n\u00fclnek el.\u00a0<\/span><\/p>\n<p><span style=\"font-weight: 400\">A ThermTec Cyclops sz\u00e9ri\u00e1j\u00e1val a vad\u00e1szok lehet\u0151 legsz\u00e9lesebb k\u00f6r\u00e9hez k\u00edv\u00e1n eljutni. Az egykezes, r\u00e1ad\u00e1sul igen kompakt m\u00e9retekkel rendelkez\u0151 monokul\u00e1rok optikai tulajdons\u00e1gaikt\u00f3l f\u00fcgg\u0151en a r\u00f6vid sz\u00f3r\u00f3n t\u00f6rt\u00e9n\u0151 vad\u00e1szatt\u00f3l kezdve az eg\u00e9szen nagy t\u00e1vols\u00e1gokon t\u00f6rt\u00e9n\u0151 vad\u00e1szatig c\u00e9lozz\u00e1k meg a felhaszn\u00e1l\u00f3kat.<\/span><\/p>\n<p><span style=\"font-weight: 400\">A szenzor \u00e1ltal alkotott k\u00e9p egy kiv\u00e1l\u00f3nak mondhat\u00f3 1024&#215;768-as felbont\u00e1s\u00fa OLED kijelz\u0151n jelenik meg.<\/span><\/p>\n<table dir=\"ltr\" border=\"1\" cellspacing=\"0\" cellpadding=\"0\" data-sheets-root=\"1\" data-sheets-baot=\"1\">\n<colgroup>\n<col width=\"100\" \/>\n<col width=\"100\" \/><\/colgroup>\n<tbody>\n<tr>\n<td>\u00c9rz\u00e9kel\u0151 (szenzor)<\/td>\n<td>640 \u00d7 512 px<\/td>\n<\/tr>\n<tr>\n<td>H\u0151\u00e9rz\u00e9kenys\u00e9g<\/td>\n<td>\u2264 25 mK<\/td>\n<\/tr>\n<tr>\n<td>Kijelz\u0151 felbont\u00e1sa<\/td>\n<td>1024 \u00d7 768 px<\/td>\n<\/tr>\n<tr>\n<td>Wi-Fi<\/td>\n<td>Igen<\/td>\n<\/tr>\n<tr>\n<td>Lencse<\/td>\n<td>40 mm<\/td>\n<\/tr>\n<tr>\n<td>\u00c9szlel\u00e9si t\u00e1vols\u00e1g<\/td>\n<td>2000 m<\/td>\n<\/tr>\n<tr>\n<td>Optikai nagy\u00edt\u00e1s<\/td>\n<td>1,1x \/ 2,2x<\/td>\n<\/tr>\n<tr>\n<td>Optikai zoom<\/td>\n<td>2x<\/td>\n<\/tr>\n<tr>\n<td>L\u00e1t\u00f3mez\u0151<\/td>\n<td>\n<div>\n<div>21,7\u00b0 \u00d7 17,5\u00b0 \/ 11,0\u00b0 \u00d7 8,8\u00b0<\/div>\n<\/div>\n<\/td>\n<\/tr>\n<tr>\n<td>Digit\u00e1lis zoom<\/td>\n<td>6x<\/td>\n<\/tr>\n<tr>\n<td>Dioptria korrekci\u00f3<\/td>\n<td>\u00b15<\/td>\n<\/tr>\n<tr>\n<td>F\u00e9nyk\u00e9pk\u00e9sz\u00edt\u00e9si lehet\u0151s\u00e9g<\/td>\n<td>Igen<\/td>\n<\/tr>\n<tr>\n<td>Vide\u00f3k\u00e9sz\u00edt\u00e9si lehet\u0151s\u00e9g<\/td>\n<td>Igen<\/td>\n<\/tr>\n<tr>\n<td>V\u00e9detts\u00e9g<\/td>\n<td>IP67<\/td>\n<\/tr>\n<tr>\n<td>T\u00e1rhely<\/td>\n<td>32 GB<\/td>\n<\/tr>\n<tr>\n<td>\u00dczemi h\u0151m\u00e9rs\u00e9klet<\/td>\n<td>\n<div>\n<div>\u221220 \u00b0C \u00e9s 50 \u00b0C k\u00f6z\u00f6tt<\/div>\n<\/div>\n<\/td>\n<\/tr>\n<tr>\n<td>Akkumul\u00e1tor<\/td>\n<td>Be\u00e9p\u00edtett<\/td>\n<\/tr>\n<tr>\n<td>Akkumul\u00e1tor \u00fczemid\u0151<\/td>\n<td>12 \u00f3ra<\/td>\n<\/tr>\n<tr>\n<td>S\u00faly<\/td>\n<td>550 g<\/td>\n<\/tr>\n<tr>\n<td>M\u00e9retek<\/td>\n<td>\n<div>\n<div>200 \u00d7 66 \u00d7 62 mm<\/div>\n<\/div>\n<\/td>\n<\/tr>\n<\/tbody>\n<\/table>\n<div class=\"flex-shrink-0 flex flex-col relative items-end\">\n<div>\n<div class=\"pt-0\">\n<div class=\"gizmo-bot-avatar flex h-8 w-8 items-center justify-center overflow-hidden rounded-full\">\n<div class=\"relative p-1 rounded-sm flex items-center justify-center bg-token-main-surface-primary text-token-text-primary h-8 w-8\"><\/div>\n<\/div>\n<\/div>\n<\/div>\n<\/div>\n<div class=\"group\/conversation-turn relative flex w-full min-w-0 flex-col agent-turn\">\n<div class=\"flex-col gap-1 md:gap-3\">\n<div class=\"flex max-w-full flex-col flex-grow\">\n<div class=\"min-h-8 text-message flex w-full flex-col items-end gap-2 whitespace-normal break-words [.text-message+&amp;]:mt-5\" dir=\"auto\" data-message-author-role=\"assistant\" data-message-id=\"1be4b35d-4cfa-4f21-98f0-f146b9e06748\" data-message-model-slug=\"gpt-4o\">\n<div class=\"flex w-full flex-col gap-1 empty:hidden first:pt-[3px]\">\n<div class=\"markdown prose w-full break-words dark:prose-invert light\">\n<p><strong>A csomag tartalma:<\/strong><\/p>\n<ul>\n<li>ThermTec Cyclops CP640D h\u0151kamer\u00e1s monokul\u00e1r<\/li>\n<li>1\u00d7 v\u00e9d\u0151 textil tok<\/li>\n<li>1\u00d7 csukl\u00f3p\u00e1nt<\/li>\n<li>1\u00d7 vide\u00f3k\u00e1bel<\/li>\n<li>1\u00d7 USB adatk\u00e1bel<\/li>\n<li>Haszn\u00e1lati \u00fatmutat\u00f3 cseh \u00e9s szlov\u00e1k nyelven<\/li>\n<\/ul>\n<p>A m\u00e1rka hivatalos oldala: <a href=\"https:\/\/www.thermeyetec.com\/cyclops-dseries\/\">https:\/\/www.thermeyetec.com\/cyclops-dseries\/<\/a><\/p>\n<\/div>\n<\/div>\n<\/div>\n<\/div>\n<\/div>\n<\/div>\n","protected":false},"excerpt":{"rendered":"<ul>\n<li><strong>Senzor (sn\u00edma\u010d):<\/strong> 640 \u00d7 512 px, 12 \u00b5m<\/li>\n<li><strong>\u0160o\u0161ovica:<\/strong> 40 mm<\/li>\n<li><strong>Citlivos\u0165 termokamery:<\/strong> \u2264 25 mK<\/li>\n<li><strong>Proporcion\u00e1lny vyh\u013ead\u00e1va\u010d s umelou inteligenciou<\/strong><\/li>\n<li><strong>Detek\u010dn\u00e1 vzdialenos\u0165:<\/strong> 2000 m<\/li>\n<li><strong>Zobrazenie:<\/strong> OLED, 1024 \u00d7 768 px<\/li>\n<li><strong>Re\u017eim \u00faspory energie (re\u017eim sp\u00e1nku)<\/strong><\/li>\n<li><strong>Prev\u00e1dzkov\u00fd \u010das zabudovanej bat\u00e9rie:<\/strong> 12 hod\u00edn<\/li>\n<\/ul>","protected":false},"featured_media":3321,"comment_status":"open","ping_status":"closed","template":"","meta":[],"product_brand":[],"product_cat":[45],"product_tag":[194,18,186],"class_list":{"0":"post-3320","1":"product","2":"type-product","3":"status-publish","4":"has-post-thumbnail","6":"product_cat-hokamera","7":"product_tag-cyclops","8":"product_tag-hokamera","9":"product_tag-thermtec","11":"first","12":"outofstock","13":"sale","14":"taxable","15":"shipping-taxable","16":"purchasable","17":"product-type-simple"},"jetpack_sharing_enabled":true,"_links":{"self":[{"href":"https:\/\/bestoptika.eu\/sk\/wp-json\/wp\/v2\/product\/3320","targetHints":{"allow":["GET"]}}],"collection":[{"href":"https:\/\/bestoptika.eu\/sk\/wp-json\/wp\/v2\/product"}],"about":[{"href":"https:\/\/bestoptika.eu\/sk\/wp-json\/wp\/v2\/types\/product"}],"replies":[{"embeddable":true,"href":"https:\/\/bestoptika.eu\/sk\/wp-json\/wp\/v2\/comments?post=3320"}],"wp:featuredmedia":[{"embeddable":true,"href":"https:\/\/bestoptika.eu\/sk\/wp-json\/wp\/v2\/media\/3321"}],"wp:attachment":[{"href":"https:\/\/bestoptika.eu\/sk\/wp-json\/wp\/v2\/media?parent=3320"}],"wp:term":[{"taxonomy":"product_brand","embeddable":true,"href":"https:\/\/bestoptika.eu\/sk\/wp-json\/wp\/v2\/product_brand?post=3320"},{"taxonomy":"product_cat","embeddable":true,"href":"https:\/\/bestoptika.eu\/sk\/wp-json\/wp\/v2\/product_cat?post=3320"},{"taxonomy":"product_tag","embeddable":true,"href":"https:\/\/bestoptika.eu\/sk\/wp-json\/wp\/v2\/product_tag?post=3320"}],"curies":[{"name":"wp","href":"https:\/\/api.w.org\/{rel}","templated":true}]}}