{"id":3413,"date":"2024-11-28T09:24:49","date_gmt":"2024-11-28T08:24:49","guid":{"rendered":"https:\/\/bestoptika.eu\/?post_type=product&#038;p=3413"},"modified":"2026-01-30T15:22:22","modified_gmt":"2026-01-30T14:22:22","slug":"thermtec-vidar-660-lrf-hokamera-celtavcso","status":"publish","type":"product","link":"https:\/\/bestoptika.eu\/sk\/product\/thermtec-vidar-660-lrf-hokamera-celtavcso\/","title":{"rendered":"ThermTec VIDAR 660 LRF termov\u00edzny pu\u0161koh\u013ead"},"content":{"rendered":"<p><strong>ThermTec VIDAR 660 LRF termov\u00edzny pu\u0161koh\u013ead<\/strong><\/p>\n<p><b>Dve zorn\u00e9 polia<\/b><\/p>\n<p><span style=\"font-weight: 400\">Kompaktn\u00fd dizajn je vybaven\u00fd revolu\u010dnou du\u00e1lnou optikou. \u0160irokouhl\u00e1 ohniskov\u00e1 vzdialenos\u0165 20 mm, akt\u00edvna v z\u00e1kladnej polohe, je skvel\u00e1 na detekciu a dobr\u00fd preh\u013ead o oblasti, zatia\u013e \u010do jedin\u00fd pohyb ohniskovej vzdialenosti na 60 mm odhal\u00ed fantastick\u00e9 detaily na identifik\u00e1ciu.<\/span><\/p>\n<p><b>Vysokocitliv\u00fd sn\u00edma\u010d tepla<\/b><\/p>\n<p><span style=\"font-weight: 400\">Senzor NETD \u226425mK a 12\u00b5m zachyt\u00e1va a zobrazuje aj tie najmen\u0161ie detaily, aj ke\u010f s\u00fa teploty cie\u013ea a pozadia takmer identick\u00e9. Pou\u017e\u00edvate\u013e tak z\u00edskava pocit v\u00fdnimo\u010dn\u00fdch detailov.<\/span><\/p>\n<p><b>Inovat\u00edvna kalibra\u010dn\u00e1 technol\u00f3gia<\/b><\/p>\n<p><span style=\"font-weight: 400\">Nen\u00e1padn\u00e1 kalibr\u00e1cia na pozad\u00ed znamen\u00e1, \u017ee obrazovka nikdy nezamrzne a \u017ee v\u00e1s na \u0148u neupozorn\u00ed hlu\u010dn\u00e1 uz\u00e1vierka. Termov\u00edzny \u010falekoh\u013ead s kr\u00e1snym, stabiln\u00fdm a spo\u013eahliv\u00fdm obrazom.<\/span><\/p>\n<p><b>Laserov\u00fd dia\u013ekomer s balistickou kalkula\u010dkou<\/b><\/p>\n<p><span style=\"font-weight: 400\">Laserov\u00fd dia\u013ekomer s balistickou kalkula\u010dkou umo\u017e\u0148uje presn\u00e9 zameranie a zameranie cie\u013eov na ve\u013ek\u00fa vzdialenos\u0165. To v\u0161etko v \u010do najkompaktnej\u0161om preveden\u00ed.<\/span><\/p>\n<p><b>Automatick\u00fd reset<\/b><\/p>\n<p><span style=\"font-weight: 400\">Funkcia automatick\u00e9ho nulovania u\u013eah\u010duje nastavenie mieridiel a stre\u013ebu.<\/span><\/p>\n<p><b>Video aktivovan\u00e9 z\u00e1bermi (RAV)<\/b><\/p>\n<p><span style=\"font-weight: 400\">T\u00e1to funkcia umo\u017e\u0148uje \u010falekoh\u013eadu nahr\u00e1va\u0165 video pred v\u00fdstrelom, po\u010das neho a po \u0148om a zachyti\u0165 tak najzauj\u00edmavej\u0161ie momenty lovu.<\/span><\/p>\n<p><b>Dlh\u00e1 detek\u010dn\u00e1 vzdialenos\u0165<\/b><\/p>\n<p><span style=\"font-weight: 400\">Kombin\u00e1cia mimoriadne ve\u013ek\u00e9ho 60 mm objekt\u00edvu a pokro\u010dil\u00e9ho obrazov\u00e9ho algoritmu poskytuje zariadeniu v\u00fdnimo\u010dn\u00fd dosah detekcie a\u017e do 3 000 metrov, a to aj v \u00faplnej tme, tak\u017ee pou\u017e\u00edvate\u013e m\u00e1 pod kontrolou naozaj v\u0161etko.<\/span><\/p>\n<table dir=\"ltr\" border=\"1\" cellspacing=\"0\" cellpadding=\"0\" data-sheets-root=\"1\" data-sheets-baot=\"1\">\n<colgroup>\n<col width=\"100\" \/>\n<col width=\"100\" \/><\/colgroup>\n<tbody>\n<tr>\n<td>Sn\u00edma\u010d tepla NETD<\/td>\n<td>25 mK<\/td>\n<\/tr>\n<tr>\n<td>Zobrazenie<\/td>\n<td>\n<div>\n<div>1024 x 768 pixelov, 0,39 palca AMOLED<\/div>\n<\/div>\n<\/td>\n<\/tr>\n<tr>\n<td>Rozsah zv\u00e4\u010d\u0161enia (x)<\/td>\n<td>1,1 - 5,5<\/td>\n<\/tr>\n<tr>\n<td>\u0160o\u0161ovka<\/td>\n<td>20\/60 mm, F1,0<\/td>\n<\/tr>\n<tr>\n<td>Horizont\u00e1lny uhol z\u00e1beru (\u00b0)<\/td>\n<td>21.7\u00b0<\/td>\n<\/tr>\n<tr>\n<td>Ukladanie \u00fadajov<\/td>\n<td>\n<div>\n<div>64 GB internej pam\u00e4te<\/div>\n<\/div>\n<\/td>\n<\/tr>\n<tr>\n<td>Z\u00e1kladn\u00e9 zv\u00e4\u010d\u0161enie (x)<\/td>\n<td>1.1x<\/td>\n<\/tr>\n<tr>\n<td>Zobrazovacia vzdialenos\u0165<\/td>\n<td>45 mm<\/td>\n<\/tr>\n<tr>\n<td>Konektory<\/td>\n<td>USB-C<\/td>\n<\/tr>\n<tr>\n<td>Digit\u00e1lny zoom<\/td>\n<td>\n<div>\n<div>1x - 5x plynul\u00e9 nastavenie<\/div>\n<\/div>\n<\/td>\n<\/tr>\n<tr>\n<td>Kompenz\u00e1cia dioptri\u00ed<\/td>\n<td>-5 - +5<\/td>\n<\/tr>\n<tr>\n<td>Dod\u00e1vka energie<\/td>\n<td>\n<div>\n<div>2 ks vymenite\u013en\u00fdch bat\u00e9ri\u00ed 16850<\/div>\n<\/div>\n<\/td>\n<\/tr>\n<tr>\n<td>Detek\u010dn\u00e1 vzdialenos\u0165<\/td>\n<td>Do 3000 m<\/td>\n<\/tr>\n<tr>\n<td>Aktualiz\u00e1cia obr\u00e1zkov<\/td>\n<td>50 Hz<\/td>\n<\/tr>\n<tr>\n<td>Re\u017eimy farieb displeja<\/td>\n<td>6 typov<\/td>\n<\/tr>\n<tr>\n<td>Odch\u00e1dzaj\u00faci \u017eiak<\/td>\n<td>6 mm<\/td>\n<\/tr>\n<tr>\n<td>Uhol z\u00e1beru (\u00b0)<\/td>\n<td>21.7\u00b0 x 17.4\u00b0<\/td>\n<\/tr>\n<tr>\n<td>Odolnos\u0165 vo\u010di v\u00fdstrelom<\/td>\n<td>6000J<\/td>\n<\/tr>\n<tr>\n<td>Rozmery<\/td>\n<td>220 x 100 x 87<\/td>\n<\/tr>\n<tr>\n<td>Prev\u00e1dzkov\u00e1 teplota \/ teplota skladovania<\/td>\n<td>-20\u00b0- +50\u00b0C \/ -<\/td>\n<\/tr>\n<tr>\n<td>Spektr\u00e1lny rozsah merania<\/td>\n<td>8 - 14 \u00b5m<\/td>\n<\/tr>\n<tr>\n<td>Kr\u00ed\u017e<\/td>\n<td>7 typov<\/td>\n<\/tr>\n<tr>\n<td>Senzor<\/td>\n<td>\n<div>\n<div>640 x 512 pixelov Ve\u013ekos\u0165 pixelu 12 \u00b5m NETD \u226425mk<\/div>\n<\/div>\n<\/td>\n<\/tr>\n<tr>\n<td>Farba<\/td>\n<td>\u010cierna<\/td>\n<\/tr>\n<tr>\n<td>Mo\u017enosti merania vzdialenosti<\/td>\n<td>Do 1200 m<\/td>\n<\/tr>\n<tr>\n<td>Dia\u013ekomer<\/td>\n<td>Laser LRF<\/td>\n<\/tr>\n<tr>\n<td>Hmotnos\u0165<\/td>\n<td>880<\/td>\n<\/tr>\n<tr>\n<td>V\u00fddr\u017e<\/td>\n<td>A\u017e 14 hod\u00edn<\/td>\n<\/tr>\n<\/tbody>\n<\/table>\n<p><b>Obsah balenia:<\/b><\/p>\n<ul>\n<li style=\"font-weight: 400\"><span style=\"font-weight: 400\">ThermTec Vidar 660 LRF<\/span><\/li>\n<li style=\"font-weight: 400\"><span style=\"font-weight: 400\">1\u00d7 o\u010dn\u00e1 \u0161o\u0161ovka<\/span><\/li>\n<li style=\"font-weight: 400\"><span style=\"font-weight: 400\">4\u00d7 bat\u00e9ria 18650<\/span><\/li>\n<li style=\"font-weight: 400\"><span style=\"font-weight: 400\">1\u00d7 magnetick\u00fd nab\u00edjac\u00ed k\u00e1bel<\/span><\/li>\n<li style=\"font-weight: 400\"><span style=\"font-weight: 400\">1\u00d7 Picatinny rail<\/span><\/li>\n<li style=\"font-weight: 400\"><span style=\"font-weight: 400\">N\u00e1vod na pou\u017eitie<\/span><\/li>\n<\/ul>\n<p>Ofici\u00e1lna str\u00e1nka zna\u010dky: <a href=\"https:\/\/www.thermeyetec.com\/vidarseries\/\">https:\/\/www.thermeyetec.com\/vidarseries\/<\/a><\/p>","protected":false},"excerpt":{"rendered":"<ul>\n<li><b>Senzor<\/b><span style=\"font-weight: 400\">: 640 \u00d7 512 px, 12 \u00b5m.<\/span><\/li>\n<li><b>\u0160o\u0161ovka<\/b><span style=\"font-weight: 400\">: 60 mm.<\/span><\/li>\n<li><b>Sn\u00edma\u010d tepla<\/b><span style=\"font-weight: 400\">\u2264 25 mK<\/span><\/li>\n<li><b>Laserov\u00fd dia\u013ekomer<\/b><\/li>\n<li><b>Detek\u010dn\u00e1 vzdialenos\u0165<\/b><span style=\"font-weight: 400\">: 3 000 m<\/span><\/li>\n<li><b>Obrazovka<\/b><span style=\"font-weight: 400\">: OLED 1024 \u00d7 768 px<\/span><\/li>\n<li><b>Re\u017eim \u00faspory energie<\/b><span style=\"font-weight: 400\"> (re\u017eim sp\u00e1nku)<\/span><\/li>\n<li><b>V\u00fddr\u017e bat\u00e9rie<\/b><span style=\"font-weight: 400\">: 10 hod\u00edn<\/span><\/li>\n<\/ul>","protected":false},"featured_media":3414,"comment_status":"open","ping_status":"closed","template":"","meta":[],"product_brand":[],"product_cat":[30,45],"product_tag":[32,18,186,196],"class_list":{"0":"post-3413","1":"product","2":"type-product","3":"status-publish","4":"has-post-thumbnail","6":"product_cat-celtavcso","7":"product_cat-hokamera","8":"product_tag-celtavcso","9":"product_tag-hokamera","10":"product_tag-thermtec","11":"product_tag-vidar","13":"first","14":"instock","15":"sale","16":"taxable","17":"shipping-taxable","18":"purchasable","19":"product-type-simple"},"jetpack_sharing_enabled":true,"_links":{"self":[{"href":"https:\/\/bestoptika.eu\/sk\/wp-json\/wp\/v2\/product\/3413","targetHints":{"allow":["GET"]}}],"collection":[{"href":"https:\/\/bestoptika.eu\/sk\/wp-json\/wp\/v2\/product"}],"about":[{"href":"https:\/\/bestoptika.eu\/sk\/wp-json\/wp\/v2\/types\/product"}],"replies":[{"embeddable":true,"href":"https:\/\/bestoptika.eu\/sk\/wp-json\/wp\/v2\/comments?post=3413"}],"wp:featuredmedia":[{"embeddable":true,"href":"https:\/\/bestoptika.eu\/sk\/wp-json\/wp\/v2\/media\/3414"}],"wp:attachment":[{"href":"https:\/\/bestoptika.eu\/sk\/wp-json\/wp\/v2\/media?parent=3413"}],"wp:term":[{"taxonomy":"product_brand","embeddable":true,"href":"https:\/\/bestoptika.eu\/sk\/wp-json\/wp\/v2\/product_brand?post=3413"},{"taxonomy":"product_cat","embeddable":true,"href":"https:\/\/bestoptika.eu\/sk\/wp-json\/wp\/v2\/product_cat?post=3413"},{"taxonomy":"product_tag","embeddable":true,"href":"https:\/\/bestoptika.eu\/sk\/wp-json\/wp\/v2\/product_tag?post=3413"}],"curies":[{"name":"wp","href":"https:\/\/api.w.org\/{rel}","templated":true}]}}