{"id":3455,"date":"2024-11-28T19:37:49","date_gmt":"2024-11-28T18:37:49","guid":{"rendered":"https:\/\/bestoptika.eu\/?post_type=product&#038;p=3455"},"modified":"2026-01-30T15:21:48","modified_gmt":"2026-01-30T14:21:48","slug":"thermtec-vidar-360-hokamera-celtavcso","status":"publish","type":"product","link":"https:\/\/bestoptika.eu\/sk\/product\/thermtec-vidar-360-hokamera-celtavcso\/","title":{"rendered":"ThermTec VIDAR 360 Termov\u00edzny pu\u0161koh\u013ead"},"content":{"rendered":"<p><strong>ThermTec VIDAR 360 Termov\u00edzny pu\u0161koh\u013ead<\/strong><\/p>\n<p>Termokamera Vidar 360 je vybaven\u00e1 12 \u03bcm citliv\u00fdm sn\u00edma\u010dom s rozl\u00ed\u0161en\u00edm 384 \u00d7 288 px a objekt\u00edvom s ohniskovou vzdialenos\u0165ou 60 mm. Displej OLED s rozl\u00ed\u0161en\u00edm 1024 \u00d7 768 px poskytuje vynikaj\u00facu kvalitu obrazu za zl\u00fdch poveternostn\u00fdch podmienok a v \u00faplnej tme.<\/p>\n<table dir=\"ltr\" border=\"1\" cellspacing=\"0\" cellpadding=\"0\" data-sheets-root=\"1\" data-sheets-baot=\"1\">\n<colgroup>\n<col width=\"100\" \/>\n<col width=\"100\" \/><\/colgroup>\n<tbody>\n<tr>\n<td>Senzor<\/td>\n<td>384 \u00d7 288 px<\/td>\n<\/tr>\n<tr>\n<td>Teplotn\u00e1 citlivos\u0165<\/td>\n<td>\u2264 25 mK<\/td>\n<\/tr>\n<tr>\n<td>Rozl\u00ed\u0161enie displeja<\/td>\n<td>1024 \u00d7 768 px<\/td>\n<\/tr>\n<tr>\n<td>Wi-Fi<\/td>\n<td>\u00c1no<\/td>\n<\/tr>\n<tr>\n<td>\u0160o\u0161ovka<\/td>\n<td>60 mm<\/td>\n<\/tr>\n<tr>\n<td>Detek\u010dn\u00e1 vzdialenos\u0165<\/td>\n<td>3 000 m<\/td>\n<\/tr>\n<tr>\n<td>Optick\u00e9 zv\u00e4\u010d\u0161enie<\/td>\n<td>1,8x \/ 5,5x<\/td>\n<\/tr>\n<tr>\n<td>Optick\u00fd zoom<\/td>\n<td>3\u00d7<\/td>\n<\/tr>\n<tr>\n<td>Zorn\u00e9 pole<\/td>\n<td>\n<div>\n<div>13,1\u00b0 \u00d7 9,8\u00b0 \/ 4,4\u00b0 \u00d7 3,3\u00b0<\/div>\n<\/div>\n<\/td>\n<\/tr>\n<tr>\n<td>Digit\u00e1lny zoom<\/td>\n<td>5\u00d7<\/td>\n<\/tr>\n<tr>\n<td>Dioptrick\u00e1 korekcia<\/td>\n<td>\u00b15<\/td>\n<\/tr>\n<tr>\n<td>Mo\u017enos\u0165 fotografovania<\/td>\n<td>\u00c1no<\/td>\n<\/tr>\n<tr>\n<td>Mo\u017enos\u0165 vytvori\u0165 video<\/td>\n<td>\u00c1no<\/td>\n<\/tr>\n<tr>\n<td>\u00darove\u0148 imunity<\/td>\n<td>IP67<\/td>\n<\/tr>\n<tr>\n<td>Pam\u00e4\u0165<\/td>\n<td>64 GB<\/td>\n<\/tr>\n<tr>\n<td>Prev\u00e1dzkov\u00e1 teplota<\/td>\n<td>-20 \u00b0C - 50 \u00b0C<\/td>\n<\/tr>\n<tr>\n<td>Prvky<\/td>\n<td>2\u00d7 18650<\/td>\n<\/tr>\n<tr>\n<td>Prev\u00e1dzkov\u00fd \u010das bat\u00e9rie<\/td>\n<td>10 hod\u00edn<\/td>\n<\/tr>\n<tr>\n<td>Hmotnos\u0165<\/td>\n<td>880 g<\/td>\n<\/tr>\n<tr>\n<td>Rozmery<\/td>\n<td>\n<div>\n<div>220 \u00d7 84 \u00d7 87 mm<\/div>\n<\/div>\n<\/td>\n<\/tr>\n<\/tbody>\n<\/table>\n<p>Obsah balenia:<\/p>\n<ul>\n<li><strong>ThermTec Vidar 360<\/strong><\/li>\n<li>1\u00d7 poh\u00e1r na o\u010di<\/li>\n<li>4\u00d7 bat\u00e9ria typu 18650<\/li>\n<li>1\u00d7 magnetick\u00fd nab\u00edjac\u00ed k\u00e1bel<\/li>\n<li>1\u00d7 mont\u00e1\u017e Picatinny<\/li>\n<li>N\u00e1vod na pou\u017eitie<\/li>\n<\/ul>\n<p>Ofici\u00e1lna str\u00e1nka zna\u010dky: <a href=\"https:\/\/www.thermeyetec.com\/vidarseries\/\">https:\/\/www.thermeyetec.com\/vidarseries\/\u00a0<\/a><\/p>","protected":false},"excerpt":{"rendered":"<ul>\n<li><strong>Senzor:<\/strong> 384 \u00d7 288 px, 12 \u03bcm<\/li>\n<li><strong>Cie\u013e:<\/strong> 60 mm<\/li>\n<li><strong>Citlivos\u0165 na teplo:<\/strong> \u2264 25 mK<\/li>\n<li><strong>Proporcion\u00e1lny vyh\u013ead\u00e1va\u010d s umelou inteligenciou<\/strong><\/li>\n<li><strong>Detek\u010dn\u00e1 vzdialenos\u0165:<\/strong> 3 000 m<\/li>\n<li><strong>Optick\u00fd zoom:<\/strong> 3x<\/li>\n<li><strong>Kontinu\u00e1lny digit\u00e1lny zoom:<\/strong> a\u017e 5x<\/li>\n<li><strong>Zobrazenie:<\/strong> OLED 1024 \u00d7 768 px<\/li>\n<li><strong>Re\u017eim \u00faspory energie (re\u017eim sp\u00e1nku)<\/strong><\/li>\n<li><strong>V\u00fddr\u017e bat\u00e9rie:<\/strong> 10 hod\u00edn<\/li>\n<\/ul>","protected":false},"featured_media":3456,"comment_status":"open","ping_status":"closed","template":"","meta":[],"product_brand":[],"product_cat":[30,45],"product_tag":[32,18,186,196],"class_list":{"0":"post-3455","1":"product","2":"type-product","3":"status-publish","4":"has-post-thumbnail","6":"product_cat-celtavcso","7":"product_cat-hokamera","8":"product_tag-celtavcso","9":"product_tag-hokamera","10":"product_tag-thermtec","11":"product_tag-vidar","13":"first","14":"instock","15":"sale","16":"taxable","17":"shipping-taxable","18":"purchasable","19":"product-type-simple"},"jetpack_sharing_enabled":true,"_links":{"self":[{"href":"https:\/\/bestoptika.eu\/sk\/wp-json\/wp\/v2\/product\/3455","targetHints":{"allow":["GET"]}}],"collection":[{"href":"https:\/\/bestoptika.eu\/sk\/wp-json\/wp\/v2\/product"}],"about":[{"href":"https:\/\/bestoptika.eu\/sk\/wp-json\/wp\/v2\/types\/product"}],"replies":[{"embeddable":true,"href":"https:\/\/bestoptika.eu\/sk\/wp-json\/wp\/v2\/comments?post=3455"}],"wp:featuredmedia":[{"embeddable":true,"href":"https:\/\/bestoptika.eu\/sk\/wp-json\/wp\/v2\/media\/3456"}],"wp:attachment":[{"href":"https:\/\/bestoptika.eu\/sk\/wp-json\/wp\/v2\/media?parent=3455"}],"wp:term":[{"taxonomy":"product_brand","embeddable":true,"href":"https:\/\/bestoptika.eu\/sk\/wp-json\/wp\/v2\/product_brand?post=3455"},{"taxonomy":"product_cat","embeddable":true,"href":"https:\/\/bestoptika.eu\/sk\/wp-json\/wp\/v2\/product_cat?post=3455"},{"taxonomy":"product_tag","embeddable":true,"href":"https:\/\/bestoptika.eu\/sk\/wp-json\/wp\/v2\/product_tag?post=3455"}],"curies":[{"name":"wp","href":"https:\/\/api.w.org\/{rel}","templated":true}]}}