{"id":3466,"date":"2024-11-28T19:51:15","date_gmt":"2024-11-28T18:51:15","guid":{"rendered":"https:\/\/bestoptika.eu\/?post_type=product&#038;p=3466"},"modified":"2026-01-30T15:23:44","modified_gmt":"2026-01-30T14:23:44","slug":"thermtec-vidar-650-2-0-hokamera-celtavcso","status":"publish","type":"product","link":"https:\/\/bestoptika.eu\/sk\/product\/thermtec-vidar-650-2-0-hokamera-celtavcso\/","title":{"rendered":"ThermTec VIDAR 650 2.0 termov\u00edzny pu\u0161koh\u013ead"},"content":{"rendered":"<p><strong>ThermTec VIDAR 650 2.0 termov\u00edzny pu\u0161koh\u013ead<\/strong><\/p>\n<p><b>Radik\u00e1lne zv\u00fd\u0161en\u00fd \u010das prev\u00e1dzkyschopnosti<\/b><\/p>\n<p><span style=\"font-weight: 400\">Ponorte sa do r\u00ed\u0161e koncentr\u00e1cie a vytrval\u00e9ho pozorovania s Vidar 2.0! Kombin\u00e1cia vstavan\u00fdch a vymenite\u013en\u00fdch bat\u00e9ri\u00ed dok\u00e1\u017ee zabezpe\u010di\u0165 a\u017e \u00fa\u017easn\u00fdch 18 hod\u00edn nepretr\u017eitej prev\u00e1dzky, tak\u017ee v\u00e1m neunikne ani okamih. Op\u00e4\u0165 ve\u013emi v\u00e1\u017ene zlep\u0161enie oproti tomu najlep\u0161iemu z posledn\u00fdch rokov.<\/span><\/p>\n<p><b>\u0160tart blesku<\/b><\/p>\n<p><span style=\"font-weight: 400\">Ke\u010f sa cie\u013e objav\u00ed na obzore, jednoducho zapnite Vidar 2.0. Netrv\u00e1 to dlh\u0161ie ako 3 sekundy, \u010do umo\u017e\u0148uje r\u00fdchlu reakciu a presn\u00e9 mierenie. Nastavte po\u017eadovan\u00fd \u010das automatick\u00e9ho vypnutia a vyu\u017e\u00edvajte v\u00fdhody energeticky \u00faspornej prev\u00e1dzky, ktor\u00e1 z\u00e1rove\u0148 predl\u017euje \u017eivotnos\u0165 bat\u00e9rie.<\/span><\/p>\n<p><b>Pohodln\u00e9 a r\u00fdchle zaostrovanie<\/b><b><br \/>\n<\/b><span style=\"font-weight: 400\">Horn\u00fd oto\u010dn\u00fd zaostrovac\u00ed disk v tomto r\u00e1m\u010deku nahr\u00e1dza zaostrovac\u00ed kr\u00fa\u017eok okolo predn\u00e9ho objekt\u00edvu. Tento ergonomicky prepracovan\u00fd ovl\u00e1dac\u00ed prvok zlep\u0161uje pou\u017eite\u013enos\u0165 t\u00fdm, \u017ee umo\u017e\u0148uje flexibiln\u00e9 nastavenie zaostrenia a z\u00e1rove\u0148 poskytuje stabilitu pri zameriavan\u00ed.<\/span><\/p>\n<p><b>Dob\u00fdvanie vzdialenej\u0161\u00edch destin\u00e1ci\u00ed<\/b><\/p>\n<p><span style=\"font-weight: 400\">Pri sledovan\u00ed cie\u013ea je ve\u013emi d\u00f4le\u017eit\u00e1 maxim\u00e1lna presnos\u0165. S na\u0161ou najnov\u0161ou aplik\u00e1ciou ThermTec Outdoor m\u00f4\u017eete upravi\u0165 nastavenia zameriavacieho \u010falekoh\u013eadu a vyu\u017ei\u0165 zabudovan\u00e9 balistick\u00e9 odpor\u00fa\u010dania pre ciele, aby ste predi\u0161li plytvaniu mun\u00edciou a zv\u00fd\u0161ili presnos\u0165 v\u00fdstrelov na ve\u013ek\u00fa vzdialenos\u0165.<\/span><\/p>\n<table dir=\"ltr\" border=\"1\" cellspacing=\"0\" cellpadding=\"0\" data-sheets-root=\"1\" data-sheets-baot=\"1\">\n<colgroup>\n<col width=\"100\" \/>\n<col width=\"100\" \/><\/colgroup>\n<tbody>\n<tr>\n<td>Wi-Fi<\/td>\n<td>\u00c1no<\/td>\n<\/tr>\n<tr>\n<td>Senzor<\/td>\n<td>640 \u00d7 512 px<\/td>\n<\/tr>\n<tr>\n<td>Teplotn\u00e1 citlivos\u0165<\/td>\n<td>\u2264 18 mK<\/td>\n<\/tr>\n<tr>\n<td>\u0160o\u0161ovka<\/td>\n<td>50 mm<\/td>\n<\/tr>\n<tr>\n<td>Detek\u010dn\u00e1 vzdialenos\u0165<\/td>\n<td>2600 m<\/td>\n<\/tr>\n<tr>\n<td>Optick\u00e9 zv\u00e4\u010d\u0161enie<\/td>\n<td>2,8x<\/td>\n<\/tr>\n<tr>\n<td>Zorn\u00e9 pole<\/td>\n<td>8,8\u00b0 \u00d7 7,0\u00b0<\/td>\n<\/tr>\n<tr>\n<td>Digit\u00e1lny zoom<\/td>\n<td>1-4x<\/td>\n<\/tr>\n<tr>\n<td>Dioptrick\u00e1 korekcia<\/td>\n<td>\u00b15D<\/td>\n<\/tr>\n<tr>\n<td>Fotografovanie<\/td>\n<td>\u00c1no<\/td>\n<\/tr>\n<tr>\n<td>Tvorba videa<\/td>\n<td>\u00c1no<\/td>\n<\/tr>\n<tr>\n<td>Nahr\u00e1vanie zvuku<\/td>\n<td>\u00c1no<\/td>\n<\/tr>\n<tr>\n<td>Stupe\u0148 krytia<\/td>\n<td>IP67<\/td>\n<\/tr>\n<tr>\n<td>Intern\u00e1 pam\u00e4\u0165<\/td>\n<td>64 GB<\/td>\n<\/tr>\n<tr>\n<td>Prev\u00e1dzkov\u00e1 teplota<\/td>\n<td>\n<div>\n<div>-20 \u00b0C a\u017e 55 \u00b0C<\/div>\n<\/div>\n<\/td>\n<\/tr>\n<tr>\n<td>Bat\u00e9rie<\/td>\n<td>\n<div>\n<div>2 vymenite\u013en\u00e9 18650<\/div>\n<\/div>\n<\/td>\n<\/tr>\n<tr>\n<td>V\u00fddr\u017e bat\u00e9rie<\/td>\n<td>16 hod\u00edn<\/td>\n<\/tr>\n<tr>\n<td>Hmotnos\u0165<\/td>\n<td>625 g<\/td>\n<\/tr>\n<tr>\n<td>Ve\u013ekos\u0165<\/td>\n<td>\n<div>\n<div>201 \u00d7 96 \u00d7 72 mm<\/div>\n<\/div>\n<\/td>\n<\/tr>\n<\/tbody>\n<\/table>\n<p><strong>Obsah balenia:<\/strong><\/p>\n<ul>\n<li><strong>ThermTec VIDAR 650 2.0<\/strong><\/li>\n<li>1x nab\u00edja\u010dka bat\u00e9ri\u00ed<\/li>\n<li>2x bat\u00e9ria 18650<\/li>\n<li>1x kryt bat\u00e9rie 18650<\/li>\n<li>1x kryt bat\u00e9rie 18500<\/li>\n<li>1x d\u00e1tov\u00fd k\u00e1bel USB<\/li>\n<li>1x magnetick\u00e1 o\u010dnica<\/li>\n<li>Handri\u010dka na optiku<\/li>\n<li>N\u00e1vod na pou\u017eitie<\/li>\n<\/ul>\n<p>Ofici\u00e1lna str\u00e1nka zna\u010dky: <a href=\"https:\/\/www.thermeyetec.com\/vidar-2-0-series\/\">https:\/\/www.thermeyetec.com\/vidar-2-0-series\/<\/a><\/p>","protected":false},"excerpt":{"rendered":"<ul>\n<li><b>Senzor:<\/b><span style=\"font-weight: 400\"> 640 \u00d7 512 px, 12 \u03bcm<\/span><\/li>\n<li><b>Sn\u00edma\u010d tepla:<\/b><span style=\"font-weight: 400\"> \u2264 18 mK<\/span><\/li>\n<li><b>\u0160o\u0161ovica:<\/b><span style=\"font-weight: 400\"> 50 mm<\/span><\/li>\n<li><b>Detek\u010dn\u00e1 vzdialenos\u0165:<\/b><span style=\"font-weight: 400\"> 2600 m<\/span><\/li>\n<li><b>Optick\u00e9 zv\u00e4\u010d\u0161enie:<\/b><span style=\"font-weight: 400\"> 2,8x<\/span><\/li>\n<li><b>Digit\u00e1lny zoom:<\/b><span style=\"font-weight: 400\"> 4x<\/span><\/li>\n<li><b>Obrazovka:<\/b><span style=\"font-weight: 400\"> AMOLED 1024 \u00d7 768 px<\/span><\/li>\n<li><b>Proporcion\u00e1lny vyh\u013ead\u00e1va\u010d s umelou inteligenciou<\/b><\/li>\n<li><b>Re\u017eim \u00faspory energie (re\u017eim sp\u00e1nku)<\/b><\/li>\n<li><b>V\u00fddr\u017e bat\u00e9rie:<\/b><span style=\"font-weight: 400\"> 16 hod\u00edn<\/span><\/li>\n<\/ul>","protected":false},"featured_media":3467,"comment_status":"open","ping_status":"closed","template":"","meta":[],"product_brand":[],"product_cat":[30,45],"product_tag":[32,18,186,196],"class_list":{"0":"post-3466","1":"product","2":"type-product","3":"status-publish","4":"has-post-thumbnail","6":"product_cat-celtavcso","7":"product_cat-hokamera","8":"product_tag-celtavcso","9":"product_tag-hokamera","10":"product_tag-thermtec","11":"product_tag-vidar","13":"first","14":"instock","15":"sale","16":"taxable","17":"shipping-taxable","18":"purchasable","19":"product-type-simple"},"jetpack_sharing_enabled":true,"_links":{"self":[{"href":"https:\/\/bestoptika.eu\/sk\/wp-json\/wp\/v2\/product\/3466","targetHints":{"allow":["GET"]}}],"collection":[{"href":"https:\/\/bestoptika.eu\/sk\/wp-json\/wp\/v2\/product"}],"about":[{"href":"https:\/\/bestoptika.eu\/sk\/wp-json\/wp\/v2\/types\/product"}],"replies":[{"embeddable":true,"href":"https:\/\/bestoptika.eu\/sk\/wp-json\/wp\/v2\/comments?post=3466"}],"wp:featuredmedia":[{"embeddable":true,"href":"https:\/\/bestoptika.eu\/sk\/wp-json\/wp\/v2\/media\/3467"}],"wp:attachment":[{"href":"https:\/\/bestoptika.eu\/sk\/wp-json\/wp\/v2\/media?parent=3466"}],"wp:term":[{"taxonomy":"product_brand","embeddable":true,"href":"https:\/\/bestoptika.eu\/sk\/wp-json\/wp\/v2\/product_brand?post=3466"},{"taxonomy":"product_cat","embeddable":true,"href":"https:\/\/bestoptika.eu\/sk\/wp-json\/wp\/v2\/product_cat?post=3466"},{"taxonomy":"product_tag","embeddable":true,"href":"https:\/\/bestoptika.eu\/sk\/wp-json\/wp\/v2\/product_tag?post=3466"}],"curies":[{"name":"wp","href":"https:\/\/api.w.org\/{rel}","templated":true}]}}