{"id":3483,"date":"2024-11-29T08:56:25","date_gmt":"2024-11-29T07:56:25","guid":{"rendered":"https:\/\/bestoptika.eu\/?post_type=product&#038;p=3483"},"modified":"2026-01-30T15:24:19","modified_gmt":"2026-01-30T14:24:19","slug":"thermtec-vidar-660-2-0-hokamera-celtavcso","status":"publish","type":"product","link":"https:\/\/bestoptika.eu\/sk\/product\/thermtec-vidar-660-2-0-hokamera-celtavcso\/","title":{"rendered":"ThermTec VIDAR 660 2.0 termov\u00edzny pu\u0161koh\u013ead"},"content":{"rendered":"<p><strong>ThermTec VIDAR 660 2.0 termov\u00edzny pu\u0161koh\u013ead<\/strong><\/p>\n<p><b>Radik\u00e1lne zv\u00fd\u0161en\u00fd \u010das prev\u00e1dzkyschopnosti<\/b><\/p>\n<p><span style=\"font-weight: 400\">Ponorte sa do r\u00ed\u0161e koncentr\u00e1cie a vytrval\u00e9ho pozorovania s Vidar 2.0! Kombin\u00e1cia vstavan\u00fdch a vymenite\u013en\u00fdch bat\u00e9ri\u00ed dok\u00e1\u017ee zabezpe\u010di\u0165 a\u017e \u00fa\u017easn\u00fdch 16 hod\u00edn nepretr\u017eitej prev\u00e1dzky, tak\u017ee v\u00e1m neunikne ani jeden okamih. Op\u00e4\u0165 ve\u013emi v\u00e1\u017ene zlep\u0161enie oproti tomu najlep\u0161iemu z posledn\u00fdch rokov.<\/span><\/p>\n<p><b>\u0160tart blesku<\/b><\/p>\n<p><span style=\"font-weight: 400\">Ke\u010f sa cie\u013e objav\u00ed na obzore, jednoducho zapnite Vidar 2.0. Netrv\u00e1 to dlh\u0161ie ako 3 sekundy, \u010do umo\u017e\u0148uje r\u00fdchlu reakciu a presn\u00e9 mierenie. Nastavte po\u017eadovan\u00fd \u010das automatick\u00e9ho vypnutia a vyu\u017e\u00edvajte v\u00fdhody energeticky \u00faspornej prev\u00e1dzky, ktor\u00e1 z\u00e1rove\u0148 predl\u017euje \u017eivotnos\u0165 bat\u00e9rie.<\/span><\/p>\n<p><b>Pohodln\u00e9 a r\u00fdchle zaostrovanie<\/b><\/p>\n<p><b><\/b><span style=\"font-weight: 400\">Horn\u00fd oto\u010dn\u00fd zaostrovac\u00ed disk v tomto r\u00e1m\u010deku nahr\u00e1dza zaostrovac\u00ed kr\u00fa\u017eok okolo predn\u00e9ho objekt\u00edvu. Tento ergonomicky prepracovan\u00fd ovl\u00e1dac\u00ed prvok zlep\u0161uje pou\u017eite\u013enos\u0165 t\u00fdm, \u017ee umo\u017e\u0148uje flexibiln\u00e9 nastavenie zaostrenia a z\u00e1rove\u0148 poskytuje stabilitu pri zameriavan\u00ed.<\/span><\/p>\n<p><b>Dob\u00fdvanie vzdialenej\u0161\u00edch destin\u00e1ci\u00ed<\/b><\/p>\n<p><span style=\"font-weight: 400\">Pri sledovan\u00ed cie\u013ea je ve\u013emi d\u00f4le\u017eit\u00e1 maxim\u00e1lna presnos\u0165. S na\u0161ou najnov\u0161ou aplik\u00e1ciou ThermTec Outdoor m\u00f4\u017eete upravi\u0165 nastavenia zameriavacieho \u010falekoh\u013eadu a vyu\u017ei\u0165 zabudovan\u00e9 balistick\u00e9 odpor\u00fa\u010dania pre ciele, aby ste predi\u0161li plytvaniu mun\u00edciou a zv\u00fd\u0161ili presnos\u0165 v\u00fdstrelov na ve\u013ek\u00fa vzdialenos\u0165.<\/span><\/p>\n<p><b>Bezprobl\u00e9mov\u00e9 optick\u00e9 zv\u00e4\u010d\u0161enie pre modely 60<\/b><\/p>\n<p><span style=\"font-weight: 400\">S\u00e9ria 35 m\u00e1 jednopolohov\u00fd objekt\u00edv, tak\u017ee v\u017edy pracujete so zorn\u00fdm po\u013eom s ohniskovou vzdialenos\u0165ou 35 mm a zabudovan\u00fdm digit\u00e1lnym zv\u00e4\u010d\u0161en\u00edm. S\u00e9ria 60 m\u00e1 v\u0161ak dvojpolohov\u00fd objekt\u00edv. \u0160tandardne sa dod\u00e1va so \u0161irokouhlou polohou s malou ohniskovou vzdialenos\u0165ou a polohou 60 s ve\u013ek\u00fdm zv\u00e4\u010d\u0161en\u00edm, tak\u017ee m\u00e1 aj \u010disto optick\u00e9 zv\u00e4\u010d\u0161enie. T\u00e1to kon\u0161trukcia z neho rob\u00ed skuto\u010dne v\u0161estrann\u00e9ho spolo\u010dn\u00edka na ka\u017edodenn\u00e9 pou\u017eitie. Za\u017eite plynul\u00e9 a bezprobl\u00e9mov\u00e9 nastavenie uhla z\u00e1beru pomocou vylep\u0161en\u00e9ho voli\u010da optick\u00e9ho zv\u00e4\u010d\u0161enia. Prepracovan\u00e9 a vyv\u00fd\u0161en\u00e9 rameno zabudovan\u00e9 do tela nov\u00e9ho pr\u00edrastku zvy\u0161uje komfort pri zv\u00e4\u010d\u0161ovan\u00ed a umo\u017e\u0148uje pou\u017e\u00edvanie \u010falekoh\u013eadu jednou rukou bez toho, aby bola ohrozen\u00e1 stabilita pr\u00edstroja. Pou\u017eitie optick\u00e9ho zv\u00e4\u010d\u0161enia na digit\u00e1lnych pr\u00edstrojoch zaru\u010duje nov\u00e9 hybridn\u00e9 a profesion\u00e1lnej\u0161ie pou\u017eitie a vynikaj\u00faci optick\u00fd z\u00e1\u017eitok.<\/span><\/p>\n<p><b>Tich\u00fd kryt objekt\u00edvu<\/b><\/p>\n<p><span style=\"font-weight: 400\">Vylep\u0161en\u00e9 spracovanie krytu objekt\u00edvu, presnos\u0165 manipul\u00e1cie na najvy\u0161\u0161ej \u00farovni! Nov\u00fd tich\u00fd kryt s nastavite\u013enou polohou dokonale prilieha k r\u00e1mu, ke\u010f je \u00faplne otvoren\u00fd - eliminuje probl\u00e9my s odskakovan\u00edm, hlukom, rozbit\u00edm a prek\u00e1\u017ekou vo v\u00fdh\u013eade.<\/span><\/p>\n<table dir=\"ltr\" border=\"1\" cellspacing=\"0\" cellpadding=\"0\" data-sheets-root=\"1\" data-sheets-baot=\"1\">\n<colgroup>\n<col width=\"100\" \/>\n<col width=\"100\" \/><\/colgroup>\n<tbody>\n<tr>\n<td>Wi-Fi<\/td>\n<td>\u00c1no<\/td>\n<\/tr>\n<tr>\n<td>Senzor<\/td>\n<td>640 \u00d7 512 px<\/td>\n<\/tr>\n<tr>\n<td>Teplotn\u00e1 citlivos\u0165<\/td>\n<td>\u2264 20 mK<\/td>\n<\/tr>\n<tr>\n<td>Rozl\u00ed\u0161enie displeja<\/td>\n<td>1024 \u00d7 768 px<\/td>\n<\/tr>\n<tr>\n<td>\u0160o\u0161ovka<\/td>\n<td>20 mm \/ 60 mm<\/td>\n<\/tr>\n<tr>\n<td>Detek\u010dn\u00e1 vzdialenos\u0165<\/td>\n<td>\n<div>\n<div>1000 m \/ 3000 m<\/div>\n<\/div>\n<\/td>\n<\/tr>\n<tr>\n<td>Optick\u00e9 zv\u00e4\u010d\u0161enie<\/td>\n<td>1,1x \/ 3,2x<\/td>\n<\/tr>\n<tr>\n<td>Zorn\u00e9 pole<\/td>\n<td>\n<div>\n<div>21,7\u00b0 \u00d7 17,4\u00b0 \/ 7,3\u00b0 \u00d7 5,9\u00b0<\/div>\n<\/div>\n<\/td>\n<\/tr>\n<tr>\n<td>Optick\u00fd zoom<\/td>\n<td>2,9x<\/td>\n<\/tr>\n<tr>\n<td>Digit\u00e1lny zoom<\/td>\n<td>1-4x<\/td>\n<\/tr>\n<tr>\n<td>Dioptrick\u00e1 korekcia<\/td>\n<td>\u00b15D<\/td>\n<\/tr>\n<tr>\n<td>Odfo\u0165te sa<\/td>\n<td>\u00c1no<\/td>\n<\/tr>\n<tr>\n<td>Tvorba videa<\/td>\n<td>\u00c1no<\/td>\n<\/tr>\n<tr>\n<td>Nahr\u00e1vanie zvuku<\/td>\n<td>\u00c1no<\/td>\n<\/tr>\n<tr>\n<td>\u00darove\u0148 imunity<\/td>\n<td>IP67<\/td>\n<\/tr>\n<tr>\n<td>\u00dalo\u017eisko<\/td>\n<td>\n<div>\n<div>Vstavan\u00fd, 64 GB<\/div>\n<\/div>\n<\/td>\n<\/tr>\n<tr>\n<td>Prev\u00e1dzkov\u00e1 teplota<\/td>\n<td>\n<div>\n<div>-20 \u00b0C a\u017e 55 \u00b0C<\/div>\n<\/div>\n<\/td>\n<\/tr>\n<tr>\n<td>Bat\u00e9rie<\/td>\n<td>\n<div>\n<div>2\u00d7 vymenite\u013en\u00fd 18650<\/div>\n<\/div>\n<\/td>\n<\/tr>\n<tr>\n<td>V\u00fddr\u017e bat\u00e9rie<\/td>\n<td>16 hod\u00edn<\/td>\n<\/tr>\n<tr>\n<td>Hmotnos\u0165<\/td>\n<td>825 g<\/td>\n<\/tr>\n<tr>\n<td>Rozmery<\/td>\n<td>\n<div>\n<div>233 \u00d7 100 \u00d7 75 mm<\/div>\n<\/div>\n<\/td>\n<\/tr>\n<\/tbody>\n<\/table>\n<p><strong>Obsah balenia:<\/strong><\/p>\n<ul>\n<li>ThermTec Vidar 660 2.0<\/li>\n<li>1\u00d7 nab\u00edja\u010dka bat\u00e9ri\u00ed<\/li>\n<li>2\u00d7 bat\u00e9ria 18650<\/li>\n<li>1\u00d7 bat\u00e9rie 18650<\/li>\n<li>1\u00d7 18500 bat\u00e9ri\u00ed<\/li>\n<li>1\u00d7 d\u00e1tov\u00fd k\u00e1bel USB<\/li>\n<li>1\u00d7 magnetick\u00e1 o\u010dnica<\/li>\n<li>\u010cistiaca handri\u010dka na optiku<\/li>\n<li>N\u00e1vod na pou\u017eitie<\/li>\n<\/ul>\n<p>Ofici\u00e1lna str\u00e1nka zna\u010dky: <a href=\"https:\/\/www.thermeyetec.com\/vidar-2-0-series\/\">https:\/\/www.thermeyetec.com\/vidar-2-0-series\/<\/a><\/p>","protected":false},"excerpt":{"rendered":"<ul>\n<li style=\"font-weight: 400\"><span style=\"font-weight: 400\">Vidar 660 2.0 je navrhnut\u00fd tak, aby sp\u013a\u0148al va\u0161e v\u0161estrann\u00e9 loveck\u00e9 potreby.<\/span><\/li>\n<li style=\"font-weight: 400\"><span style=\"font-weight: 400\">Kombin\u00e1cia rozl\u00ed\u0161enia 640 \u00d7 512 a sn\u00edma\u010da NETD \u226420mK a objekt\u00edvu s dvojit\u00fdm uhlom z\u00e1beru (20 mm\/60 mm) poskytuje 3-n\u00e1sobn\u00e9 optick\u00e9 a 4-n\u00e1sobn\u00e9 digit\u00e1lne pribl\u00ed\u017eenie, ktor\u00e9 umo\u017e\u0148uje efekt\u00edvnu detekciu cie\u013eov a podrobn\u00e9 pozorovanie v r\u00f4znych prostrediach.\u00a0<\/span><\/li>\n<li style=\"font-weight: 400\"><span style=\"font-weight: 400\">Je vybaven\u00fd kalibr\u00e1ciou s umelou inteligenciou, 16-hodinovou v\u00fddr\u017eou bat\u00e9rie a r\u00fdchlym 3-sekundov\u00fdm spusten\u00edm, ktor\u00e9 posunie v\u00e1\u0161 lov na vy\u0161\u0161iu \u00farove\u0148.\u00a0<\/span><\/li>\n<li style=\"font-weight: 400\"><span style=\"font-weight: 400\">Pre profesion\u00e1lnych alebo \u010dast\u00fdch lovcov je Vidar 660 2.0 ide\u00e1lnou vo\u013ebou.<\/span><\/li>\n<\/ul>","protected":false},"featured_media":3484,"comment_status":"open","ping_status":"closed","template":"","meta":[],"product_brand":[],"product_cat":[30,45],"product_tag":[32,18,186,196],"class_list":{"0":"post-3483","1":"product","2":"type-product","3":"status-publish","4":"has-post-thumbnail","6":"product_cat-celtavcso","7":"product_cat-hokamera","8":"product_tag-celtavcso","9":"product_tag-hokamera","10":"product_tag-thermtec","11":"product_tag-vidar","13":"first","14":"instock","15":"sale","16":"taxable","17":"shipping-taxable","18":"purchasable","19":"product-type-simple"},"jetpack_sharing_enabled":true,"_links":{"self":[{"href":"https:\/\/bestoptika.eu\/sk\/wp-json\/wp\/v2\/product\/3483","targetHints":{"allow":["GET"]}}],"collection":[{"href":"https:\/\/bestoptika.eu\/sk\/wp-json\/wp\/v2\/product"}],"about":[{"href":"https:\/\/bestoptika.eu\/sk\/wp-json\/wp\/v2\/types\/product"}],"replies":[{"embeddable":true,"href":"https:\/\/bestoptika.eu\/sk\/wp-json\/wp\/v2\/comments?post=3483"}],"wp:featuredmedia":[{"embeddable":true,"href":"https:\/\/bestoptika.eu\/sk\/wp-json\/wp\/v2\/media\/3484"}],"wp:attachment":[{"href":"https:\/\/bestoptika.eu\/sk\/wp-json\/wp\/v2\/media?parent=3483"}],"wp:term":[{"taxonomy":"product_brand","embeddable":true,"href":"https:\/\/bestoptika.eu\/sk\/wp-json\/wp\/v2\/product_brand?post=3483"},{"taxonomy":"product_cat","embeddable":true,"href":"https:\/\/bestoptika.eu\/sk\/wp-json\/wp\/v2\/product_cat?post=3483"},{"taxonomy":"product_tag","embeddable":true,"href":"https:\/\/bestoptika.eu\/sk\/wp-json\/wp\/v2\/product_tag?post=3483"}],"curies":[{"name":"wp","href":"https:\/\/api.w.org\/{rel}","templated":true}]}}